{"id":6101,"date":"2024-05-27T14:21:24","date_gmt":"2024-05-27T12:21:24","guid":{"rendered":"https:\/\/kemperkontakt.de\/produkt\/polias-tensoras-e-deflectoras-com-assento-de-rolamento-de-esferas\/"},"modified":"2025-03-17T12:27:12","modified_gmt":"2025-03-17T11:27:12","slug":"polias-tensoras-e-deflectoras-com-assento-de-rolamento-de-esferas","status":"publish","type":"product","link":"https:\/\/kemperkontakt.de\/pt-pt\/produkt\/polias-tensoras-e-deflectoras-com-assento-de-rolamento-de-esferas\/","title":{"rendered":"Polias tensoras e deflectoras com assento de rolamento de esferas"},"content":{"rendered":"","protected":false},"excerpt":{"rendered":"<p>ELAX\u00ae GO \/ ELAX\u00ae GOR \/ ELAX\u00ae GOL<\/p>\n<p class=\"bodytext\">Cil\u00edndricos ou ligeiramente coroados, lisos ou estriados, com n\u00facleo met\u00e1lico nivelado em ambos os lados e assento de rolamento de esferas.<\/p>\n<p class=\"bodytext\">Revestimento de borracha resistente ao \u00f3leo<\/p>\n<p>&nbsp;<\/p>\n<p><strong>Para utilizar com que m\u00e1quina:<\/strong><\/p>\n<p><strong><a href=\"\/pt-pt\/lixadeiras-de-cinta-manuais\/\"><img decoding=\"async\" class=\"alignnone wp-image-1656\" src=\"http:\/\/kemperkontakt.com\/wp-content\/uploads\/2024\/09\/Handbandschleifmaschine-blau-150x150.png\" alt=\"\" width=\"100\" height=\"100\" srcset=\"https:\/\/kemperkontakt.de\/wp-content\/uploads\/2024\/09\/Handbandschleifmaschine-blau-66x66.png 66w, https:\/\/kemperkontakt.de\/wp-content\/uploads\/2024\/09\/Handbandschleifmaschine-blau-150x150.png 150w, https:\/\/kemperkontakt.de\/wp-content\/uploads\/2024\/09\/Handbandschleifmaschine-blau-200x200.png 200w, https:\/\/kemperkontakt.de\/wp-content\/uploads\/2024\/09\/Handbandschleifmaschine-blau-300x300.png 300w, https:\/\/kemperkontakt.de\/wp-content\/uploads\/2024\/09\/Handbandschleifmaschine-blau-400x400.png 400w, https:\/\/kemperkontakt.de\/wp-content\/uploads\/2024\/09\/Handbandschleifmaschine-blau-500x500.png 500w, https:\/\/kemperkontakt.de\/wp-content\/uploads\/2024\/09\/Handbandschleifmaschine-blau-600x600.png 600w, https:\/\/kemperkontakt.de\/wp-content\/uploads\/2024\/09\/Handbandschleifmaschine-blau-768x768.png 768w, https:\/\/kemperkontakt.de\/wp-content\/uploads\/2024\/09\/Handbandschleifmaschine-blau-800x800.png 800w, https:\/\/kemperkontakt.de\/wp-content\/uploads\/2024\/09\/Handbandschleifmaschine-blau.png 1000w\" sizes=\"(max-width: 100px) 100vw, 100px\" \/><\/a><a href=\"\/pt-pt\/lixadeiras-de-cinta\/\"><img decoding=\"async\" class=\"alignnone wp-image-1652\" src=\"http:\/\/kemperkontakt.com\/wp-content\/uploads\/2024\/09\/Bandschleifmaschine-2-blau-150x150.png\" alt=\"\" width=\"100\" height=\"100\" srcset=\"https:\/\/kemperkontakt.de\/wp-content\/uploads\/2024\/09\/Bandschleifmaschine-2-blau-66x66.png 66w, https:\/\/kemperkontakt.de\/wp-content\/uploads\/2024\/09\/Bandschleifmaschine-2-blau-150x150.png 150w, https:\/\/kemperkontakt.de\/wp-content\/uploads\/2024\/09\/Bandschleifmaschine-2-blau-200x200.png 200w, https:\/\/kemperkontakt.de\/wp-content\/uploads\/2024\/09\/Bandschleifmaschine-2-blau-300x300.png 300w, https:\/\/kemperkontakt.de\/wp-content\/uploads\/2024\/09\/Bandschleifmaschine-2-blau-400x400.png 400w, https:\/\/kemperkontakt.de\/wp-content\/uploads\/2024\/09\/Bandschleifmaschine-2-blau-500x500.png 500w, https:\/\/kemperkontakt.de\/wp-content\/uploads\/2024\/09\/Bandschleifmaschine-2-blau-600x600.png 600w, https:\/\/kemperkontakt.de\/wp-content\/uploads\/2024\/09\/Bandschleifmaschine-2-blau-768x768.png 768w, https:\/\/kemperkontakt.de\/wp-content\/uploads\/2024\/09\/Bandschleifmaschine-2-blau-800x800.png 800w, https:\/\/kemperkontakt.de\/wp-content\/uploads\/2024\/09\/Bandschleifmaschine-2-blau.png 1000w\" sizes=\"(max-width: 100px) 100vw, 100px\" \/><\/a><br \/>\n<\/strong><\/p>\n<p>&nbsp;<\/p>\n<p><strong>Ficha de dados do produto:<br \/>\n<\/strong>[download id=\"4407\" template=\"Tensioning and deflection pulleys with ball bearing seat\"]<\/p>\n","protected":false},"featured_media":6082,"template":"","meta":[],"product_brand":[],"product_cat":[855],"product_tag":[844,846,832,843,845],"class_list":{"0":"post-6101","1":"product","2":"type-product","3":"status-publish","4":"has-post-thumbnail","6":"product_cat-polias-tensoras-e-deflectoras-com-assento-de-rolamento-de-esferas","7":"product_tag-lixadeira-de-cinta-estacionaria-pequena","8":"product_tag-lixadeiras-de-cinta-manuais","9":"product_tag-polia-de-desvio","10":"product_tag-polia-tensora","11":"product_tag-rolo-de-contacto","13":"first","14":"instock","15":"shipping-taxable","16":"product-type-simple"},"yoast_head":"<!-- This site is optimized with the Yoast SEO plugin v27.3 - https:\/\/yoast.com\/product\/yoast-seo-wordpress\/ -->\n<title>Polias tensoras e deflectoras com assento de rolamento de esferas - Kemper-Kontakt<\/title>\n<meta name=\"robots\" content=\"index, follow, max-snippet:-1, max-image-preview:large, max-video-preview:-1\" \/>\n<link rel=\"canonical\" href=\"https:\/\/kemperkontakt.de\/pt-pt\/produkt\/polias-tensoras-e-deflectoras-com-assento-de-rolamento-de-esferas\/\" \/>\n<meta property=\"og:locale\" content=\"pt_PT\" \/>\n<meta property=\"og:type\" content=\"article\" \/>\n<meta property=\"og:title\" content=\"Polias tensoras e deflectoras com assento de rolamento de esferas - Kemper-Kontakt\" \/>\n<meta property=\"og:description\" content=\"ELAX\u00ae GO \/ ELAX\u00ae GOR \/ ELAX\u00ae GOL Cil\u00edndricos ou ligeiramente coroados, lisos ou estriados, com n\u00facleo met\u00e1lico nivelado em ambos os lados e assento de rolamento de esferas. Revestimento de borracha resistente ao \u00f3leo &nbsp;  Para utilizar com que m\u00e1quina:     &nbsp;  Ficha de dados do produto:\" \/>\n<meta property=\"og:url\" content=\"https:\/\/kemperkontakt.de\/pt-pt\/produkt\/polias-tensoras-e-deflectoras-com-assento-de-rolamento-de-esferas\/\" \/>\n<meta property=\"og:site_name\" content=\"Kemper-Kontakt\" \/>\n<meta property=\"article:modified_time\" content=\"2025-03-17T11:27:12+00:00\" \/>\n<meta property=\"og:image\" content=\"https:\/\/kemperkontakt.de\/wp-content\/uploads\/2024\/05\/Kontaktrollen_1000x1000.jpg\" \/>\n\t<meta property=\"og:image:width\" content=\"1000\" \/>\n\t<meta property=\"og:image:height\" content=\"1000\" \/>\n\t<meta property=\"og:image:type\" content=\"image\/jpeg\" \/>\n<meta name=\"twitter:card\" content=\"summary_large_image\" \/>\n<meta name=\"twitter:label1\" content=\"Tempo estimado de leitura\" \/>\n\t<meta name=\"twitter:data1\" content=\"1 minuto\" \/>\n<script type=\"application\/ld+json\" class=\"yoast-schema-graph\">{\"@context\":\"https:\\\/\\\/schema.org\",\"@graph\":[{\"@type\":\"WebPage\",\"@id\":\"https:\\\/\\\/kemperkontakt.de\\\/pt-pt\\\/produkt\\\/polias-tensoras-e-deflectoras-com-assento-de-rolamento-de-esferas\\\/\",\"url\":\"https:\\\/\\\/kemperkontakt.de\\\/pt-pt\\\/produkt\\\/polias-tensoras-e-deflectoras-com-assento-de-rolamento-de-esferas\\\/\",\"name\":\"Polias tensoras e deflectoras com assento de rolamento de esferas - Kemper-Kontakt\",\"isPartOf\":{\"@id\":\"https:\\\/\\\/kemperkontakt.de\\\/pt-pt\\\/#website\"},\"primaryImageOfPage\":{\"@id\":\"https:\\\/\\\/kemperkontakt.de\\\/pt-pt\\\/produkt\\\/polias-tensoras-e-deflectoras-com-assento-de-rolamento-de-esferas\\\/#primaryimage\"},\"image\":{\"@id\":\"https:\\\/\\\/kemperkontakt.de\\\/pt-pt\\\/produkt\\\/polias-tensoras-e-deflectoras-com-assento-de-rolamento-de-esferas\\\/#primaryimage\"},\"thumbnailUrl\":\"https:\\\/\\\/kemperkontakt.de\\\/wp-content\\\/uploads\\\/2024\\\/05\\\/Kontaktrollen_1000x1000.jpg\",\"datePublished\":\"2024-05-27T12:21:24+00:00\",\"dateModified\":\"2025-03-17T11:27:12+00:00\",\"breadcrumb\":{\"@id\":\"https:\\\/\\\/kemperkontakt.de\\\/pt-pt\\\/produkt\\\/polias-tensoras-e-deflectoras-com-assento-de-rolamento-de-esferas\\\/#breadcrumb\"},\"inLanguage\":\"pt-PT\",\"potentialAction\":[{\"@type\":\"ReadAction\",\"target\":[\"https:\\\/\\\/kemperkontakt.de\\\/pt-pt\\\/produkt\\\/polias-tensoras-e-deflectoras-com-assento-de-rolamento-de-esferas\\\/\"]}]},{\"@type\":\"ImageObject\",\"inLanguage\":\"pt-PT\",\"@id\":\"https:\\\/\\\/kemperkontakt.de\\\/pt-pt\\\/produkt\\\/polias-tensoras-e-deflectoras-com-assento-de-rolamento-de-esferas\\\/#primaryimage\",\"url\":\"https:\\\/\\\/kemperkontakt.de\\\/wp-content\\\/uploads\\\/2024\\\/05\\\/Kontaktrollen_1000x1000.jpg\",\"contentUrl\":\"https:\\\/\\\/kemperkontakt.de\\\/wp-content\\\/uploads\\\/2024\\\/05\\\/Kontaktrollen_1000x1000.jpg\",\"width\":1000,\"height\":1000},{\"@type\":\"BreadcrumbList\",\"@id\":\"https:\\\/\\\/kemperkontakt.de\\\/pt-pt\\\/produkt\\\/polias-tensoras-e-deflectoras-com-assento-de-rolamento-de-esferas\\\/#breadcrumb\",\"itemListElement\":[{\"@type\":\"ListItem\",\"position\":1,\"name\":\"Startseite\",\"item\":\"https:\\\/\\\/kemperkontakt.de\\\/pt-pt\\\/\"},{\"@type\":\"ListItem\",\"position\":2,\"name\":\"Categorias\",\"item\":\"https:\\\/\\\/kemperkontakt.de\\\/categorias\\\/\"},{\"@type\":\"ListItem\",\"position\":3,\"name\":\"Polias tensoras e deflectoras com assento de rolamento de esferas\"}]},{\"@type\":\"WebSite\",\"@id\":\"https:\\\/\\\/kemperkontakt.de\\\/pt-pt\\\/#website\",\"url\":\"https:\\\/\\\/kemperkontakt.de\\\/pt-pt\\\/\",\"name\":\"Kemper-Kontakt\",\"description\":\"\",\"potentialAction\":[{\"@type\":\"SearchAction\",\"target\":{\"@type\":\"EntryPoint\",\"urlTemplate\":\"https:\\\/\\\/kemperkontakt.de\\\/pt-pt\\\/?s={search_term_string}\"},\"query-input\":{\"@type\":\"PropertyValueSpecification\",\"valueRequired\":true,\"valueName\":\"search_term_string\"}}],\"inLanguage\":\"pt-PT\"}]}<\/script>\n<!-- \/ Yoast SEO plugin. -->","yoast_head_json":{"title":"Polias tensoras e deflectoras com assento de rolamento de esferas - Kemper-Kontakt","robots":{"index":"index","follow":"follow","max-snippet":"max-snippet:-1","max-image-preview":"max-image-preview:large","max-video-preview":"max-video-preview:-1"},"canonical":"https:\/\/kemperkontakt.de\/pt-pt\/produkt\/polias-tensoras-e-deflectoras-com-assento-de-rolamento-de-esferas\/","og_locale":"pt_PT","og_type":"article","og_title":"Polias tensoras e deflectoras com assento de rolamento de esferas - Kemper-Kontakt","og_description":"ELAX\u00ae GO \/ ELAX\u00ae GOR \/ ELAX\u00ae GOL Cil\u00edndricos ou ligeiramente coroados, lisos ou estriados, com n\u00facleo met\u00e1lico nivelado em ambos os lados e assento de rolamento de esferas. Revestimento de borracha resistente ao \u00f3leo &nbsp;  Para utilizar com que m\u00e1quina:     &nbsp;  Ficha de dados do produto:","og_url":"https:\/\/kemperkontakt.de\/pt-pt\/produkt\/polias-tensoras-e-deflectoras-com-assento-de-rolamento-de-esferas\/","og_site_name":"Kemper-Kontakt","article_modified_time":"2025-03-17T11:27:12+00:00","og_image":[{"width":1000,"height":1000,"url":"https:\/\/kemperkontakt.de\/wp-content\/uploads\/2024\/05\/Kontaktrollen_1000x1000.jpg","type":"image\/jpeg"}],"twitter_card":"summary_large_image","twitter_misc":{"Tempo estimado de leitura":"1 minuto"},"schema":{"@context":"https:\/\/schema.org","@graph":[{"@type":"WebPage","@id":"https:\/\/kemperkontakt.de\/pt-pt\/produkt\/polias-tensoras-e-deflectoras-com-assento-de-rolamento-de-esferas\/","url":"https:\/\/kemperkontakt.de\/pt-pt\/produkt\/polias-tensoras-e-deflectoras-com-assento-de-rolamento-de-esferas\/","name":"Polias tensoras e deflectoras com assento de rolamento de esferas - Kemper-Kontakt","isPartOf":{"@id":"https:\/\/kemperkontakt.de\/pt-pt\/#website"},"primaryImageOfPage":{"@id":"https:\/\/kemperkontakt.de\/pt-pt\/produkt\/polias-tensoras-e-deflectoras-com-assento-de-rolamento-de-esferas\/#primaryimage"},"image":{"@id":"https:\/\/kemperkontakt.de\/pt-pt\/produkt\/polias-tensoras-e-deflectoras-com-assento-de-rolamento-de-esferas\/#primaryimage"},"thumbnailUrl":"https:\/\/kemperkontakt.de\/wp-content\/uploads\/2024\/05\/Kontaktrollen_1000x1000.jpg","datePublished":"2024-05-27T12:21:24+00:00","dateModified":"2025-03-17T11:27:12+00:00","breadcrumb":{"@id":"https:\/\/kemperkontakt.de\/pt-pt\/produkt\/polias-tensoras-e-deflectoras-com-assento-de-rolamento-de-esferas\/#breadcrumb"},"inLanguage":"pt-PT","potentialAction":[{"@type":"ReadAction","target":["https:\/\/kemperkontakt.de\/pt-pt\/produkt\/polias-tensoras-e-deflectoras-com-assento-de-rolamento-de-esferas\/"]}]},{"@type":"ImageObject","inLanguage":"pt-PT","@id":"https:\/\/kemperkontakt.de\/pt-pt\/produkt\/polias-tensoras-e-deflectoras-com-assento-de-rolamento-de-esferas\/#primaryimage","url":"https:\/\/kemperkontakt.de\/wp-content\/uploads\/2024\/05\/Kontaktrollen_1000x1000.jpg","contentUrl":"https:\/\/kemperkontakt.de\/wp-content\/uploads\/2024\/05\/Kontaktrollen_1000x1000.jpg","width":1000,"height":1000},{"@type":"BreadcrumbList","@id":"https:\/\/kemperkontakt.de\/pt-pt\/produkt\/polias-tensoras-e-deflectoras-com-assento-de-rolamento-de-esferas\/#breadcrumb","itemListElement":[{"@type":"ListItem","position":1,"name":"Startseite","item":"https:\/\/kemperkontakt.de\/pt-pt\/"},{"@type":"ListItem","position":2,"name":"Categorias","item":"https:\/\/kemperkontakt.de\/categorias\/"},{"@type":"ListItem","position":3,"name":"Polias tensoras e deflectoras com assento de rolamento de esferas"}]},{"@type":"WebSite","@id":"https:\/\/kemperkontakt.de\/pt-pt\/#website","url":"https:\/\/kemperkontakt.de\/pt-pt\/","name":"Kemper-Kontakt","description":"","potentialAction":[{"@type":"SearchAction","target":{"@type":"EntryPoint","urlTemplate":"https:\/\/kemperkontakt.de\/pt-pt\/?s={search_term_string}"},"query-input":{"@type":"PropertyValueSpecification","valueRequired":true,"valueName":"search_term_string"}}],"inLanguage":"pt-PT"}]}},"_links":{"self":[{"href":"https:\/\/kemperkontakt.de\/pt-pt\/wp-json\/wp\/v2\/product\/6101","targetHints":{"allow":["GET"]}}],"collection":[{"href":"https:\/\/kemperkontakt.de\/pt-pt\/wp-json\/wp\/v2\/product"}],"about":[{"href":"https:\/\/kemperkontakt.de\/pt-pt\/wp-json\/wp\/v2\/types\/product"}],"wp:featuredmedia":[{"embeddable":true,"href":"https:\/\/kemperkontakt.de\/pt-pt\/wp-json\/wp\/v2\/media\/6082"}],"wp:attachment":[{"href":"https:\/\/kemperkontakt.de\/pt-pt\/wp-json\/wp\/v2\/media?parent=6101"}],"wp:term":[{"taxonomy":"product_brand","embeddable":true,"href":"https:\/\/kemperkontakt.de\/pt-pt\/wp-json\/wp\/v2\/product_brand?post=6101"},{"taxonomy":"product_cat","embeddable":true,"href":"https:\/\/kemperkontakt.de\/pt-pt\/wp-json\/wp\/v2\/product_cat?post=6101"},{"taxonomy":"product_tag","embeddable":true,"href":"https:\/\/kemperkontakt.de\/pt-pt\/wp-json\/wp\/v2\/product_tag?post=6101"}],"curies":[{"name":"wp","href":"https:\/\/api.w.org\/{rel}","templated":true}]}}