{"id":6039,"date":"2024-05-31T14:53:30","date_gmt":"2024-05-31T12:53:30","guid":{"rendered":"https:\/\/kemperkontakt.de\/produkt\/disco-de-contacto-de-borracha-ranhuras-finas\/"},"modified":"2025-03-17T12:23:45","modified_gmt":"2025-03-17T11:23:45","slug":"disco-de-contacto-de-borracha-ranhuras-finas","status":"publish","type":"product","link":"https:\/\/kemperkontakt.de\/pt-pt\/produkt\/disco-de-contacto-de-borracha-ranhuras-finas\/","title":{"rendered":"Disco de contacto de borracha, ranhuras finas"},"content":{"rendered":"","protected":false},"excerpt":{"rendered":"<p><strong>ELAX\u00ae GOL<\/strong><\/p>\n<p>Almofada de rolamento com ranhuras, largura da banda e das ranhuras de 6 mm, para trabalhos de lixagem mais finos com remo\u00e7\u00e3o significativa de material.<\/p>\n<p>&nbsp;<\/p>\n<p><strong>Para utilizar com que m\u00e1quina:<\/strong><\/p>\n<p><strong><a href=\"\/pt-pt\/retificacao-com-robos\/\"><img decoding=\"async\" class=\"alignnone wp-image-1658\" src=\"http:\/\/kemperkontakt.com\/wp-content\/uploads\/2024\/09\/Roboterschleifen-blau-150x150.png\" alt=\"\" width=\"100\" height=\"100\" srcset=\"https:\/\/kemperkontakt.de\/wp-content\/uploads\/2024\/09\/Roboterschleifen-blau-66x66.png 66w, https:\/\/kemperkontakt.de\/wp-content\/uploads\/2024\/09\/Roboterschleifen-blau-150x150.png 150w, https:\/\/kemperkontakt.de\/wp-content\/uploads\/2024\/09\/Roboterschleifen-blau-200x200.png 200w, https:\/\/kemperkontakt.de\/wp-content\/uploads\/2024\/09\/Roboterschleifen-blau-300x300.png 300w, https:\/\/kemperkontakt.de\/wp-content\/uploads\/2024\/09\/Roboterschleifen-blau-400x400.png 400w, https:\/\/kemperkontakt.de\/wp-content\/uploads\/2024\/09\/Roboterschleifen-blau-500x500.png 500w, https:\/\/kemperkontakt.de\/wp-content\/uploads\/2024\/09\/Roboterschleifen-blau-600x600.png 600w, https:\/\/kemperkontakt.de\/wp-content\/uploads\/2024\/09\/Roboterschleifen-blau-768x768.png 768w, https:\/\/kemperkontakt.de\/wp-content\/uploads\/2024\/09\/Roboterschleifen-blau-800x800.png 800w, https:\/\/kemperkontakt.de\/wp-content\/uploads\/2024\/09\/Roboterschleifen-blau.png 1000w\" sizes=\"(max-width: 100px) 100vw, 100px\" \/><\/a><a href=\"\/pt-pt\/lixadeiras-de-cinta\/\"><img decoding=\"async\" class=\"alignnone wp-image-1652\" src=\"http:\/\/kemperkontakt.com\/wp-content\/uploads\/2024\/09\/Bandschleifmaschine-2-blau-150x150.png\" alt=\"\" width=\"100\" height=\"100\" srcset=\"https:\/\/kemperkontakt.de\/wp-content\/uploads\/2024\/09\/Bandschleifmaschine-2-blau-66x66.png 66w, https:\/\/kemperkontakt.de\/wp-content\/uploads\/2024\/09\/Bandschleifmaschine-2-blau-150x150.png 150w, https:\/\/kemperkontakt.de\/wp-content\/uploads\/2024\/09\/Bandschleifmaschine-2-blau-200x200.png 200w, https:\/\/kemperkontakt.de\/wp-content\/uploads\/2024\/09\/Bandschleifmaschine-2-blau-300x300.png 300w, https:\/\/kemperkontakt.de\/wp-content\/uploads\/2024\/09\/Bandschleifmaschine-2-blau-400x400.png 400w, https:\/\/kemperkontakt.de\/wp-content\/uploads\/2024\/09\/Bandschleifmaschine-2-blau-500x500.png 500w, https:\/\/kemperkontakt.de\/wp-content\/uploads\/2024\/09\/Bandschleifmaschine-2-blau-600x600.png 600w, https:\/\/kemperkontakt.de\/wp-content\/uploads\/2024\/09\/Bandschleifmaschine-2-blau-768x768.png 768w, https:\/\/kemperkontakt.de\/wp-content\/uploads\/2024\/09\/Bandschleifmaschine-2-blau-800x800.png 800w, https:\/\/kemperkontakt.de\/wp-content\/uploads\/2024\/09\/Bandschleifmaschine-2-blau.png 1000w\" sizes=\"(max-width: 100px) 100vw, 100px\" \/><\/a><a href=\"\/pt-pt\/maquinas-fixas\/\"><img decoding=\"async\" class=\"alignnone wp-image-1653\" src=\"http:\/\/kemperkontakt.com\/wp-content\/uploads\/2024\/09\/Bandschleifmaschine-blau-150x150.png\" alt=\"\" width=\"100\" height=\"100\" srcset=\"https:\/\/kemperkontakt.de\/wp-content\/uploads\/2024\/09\/Bandschleifmaschine-blau-66x66.png 66w, https:\/\/kemperkontakt.de\/wp-content\/uploads\/2024\/09\/Bandschleifmaschine-blau-150x150.png 150w, https:\/\/kemperkontakt.de\/wp-content\/uploads\/2024\/09\/Bandschleifmaschine-blau-200x200.png 200w, https:\/\/kemperkontakt.de\/wp-content\/uploads\/2024\/09\/Bandschleifmaschine-blau-300x300.png 300w, https:\/\/kemperkontakt.de\/wp-content\/uploads\/2024\/09\/Bandschleifmaschine-blau-400x400.png 400w, https:\/\/kemperkontakt.de\/wp-content\/uploads\/2024\/09\/Bandschleifmaschine-blau-500x500.png 500w, https:\/\/kemperkontakt.de\/wp-content\/uploads\/2024\/09\/Bandschleifmaschine-blau-600x600.png 600w, https:\/\/kemperkontakt.de\/wp-content\/uploads\/2024\/09\/Bandschleifmaschine-blau-768x768.png 768w, https:\/\/kemperkontakt.de\/wp-content\/uploads\/2024\/09\/Bandschleifmaschine-blau-800x800.png 800w, https:\/\/kemperkontakt.de\/wp-content\/uploads\/2024\/09\/Bandschleifmaschine-blau.png 1000w\" sizes=\"(max-width: 100px) 100vw, 100px\" \/><\/a><\/strong><\/p>\n<p>&nbsp;<\/p>\n<p><strong>Ficha de dados do produto:<br \/>\n<\/strong>[download id=\"4312\" template=\"Rubber contact wheel, fine grooves\"]<\/p>\n<p>Aqui encontras informa\u00e7\u00f5es gerais <span style=\"color: #27348b;\"><a style=\"color: #27348b;\" href=\"\/wp-content\/uploads\/2024\/07\/Informationen-zu-Kontaktscheiben-1.pdf\" target=\"_blank\" rel=\"noopener\">informa\u00e7\u00f5es gerais sobre discos de contacto<\/a><span style=\"color: #000000;\"> e <a style=\"color: #27348b;\" href=\"\/wp-content\/uploads\/2024\/07\/Kontaktscheiben-Lagerhinweis-DE-05.05.21.pdf\" target=\"_blank\" rel=\"noopener\">informa\u00e7\u00f5es sobre os rolamentos dos discos de contacto<\/a>.<\/span><\/span><\/p>\n","protected":false},"featured_media":6032,"template":"","meta":[],"product_brand":[],"product_cat":[825],"product_tag":[777,814,762,780,755],"class_list":{"0":"post-6039","1":"product","2":"type-product","3":"status-publish","4":"has-post-thumbnail","6":"product_cat-discos-de-contacto-com-almofada-de-corrida-em-borracha-resistente-a-oleos-e-emulsoes","7":"product_tag-afinacao-fina","8":"product_tag-cinturoes-de-grao-fino","9":"product_tag-lixadeiras-de-cinta","10":"product_tag-lixadeiras-de-cinta-grandes","11":"product_tag-retificacao-com-robos","13":"first","14":"instock","15":"shipping-taxable","16":"product-type-simple"},"yoast_head":"<!-- This site is optimized with the Yoast SEO plugin v27.3 - https:\/\/yoast.com\/product\/yoast-seo-wordpress\/ -->\n<title>Disco de contacto de borracha, ranhuras finas - Kemper-Kontakt<\/title>\n<meta name=\"robots\" content=\"index, follow, max-snippet:-1, max-image-preview:large, max-video-preview:-1\" \/>\n<link rel=\"canonical\" href=\"https:\/\/kemperkontakt.de\/pt-pt\/produkt\/disco-de-contacto-de-borracha-ranhuras-finas\/\" \/>\n<meta property=\"og:locale\" content=\"pt_PT\" \/>\n<meta property=\"og:type\" content=\"article\" \/>\n<meta property=\"og:title\" content=\"Disco de contacto de borracha, ranhuras finas - Kemper-Kontakt\" \/>\n<meta property=\"og:description\" content=\"ELAX\u00ae GOL  Almofada de rolamento com ranhuras, largura da banda e das ranhuras de 6 mm, para trabalhos de lixagem mais finos com remo\u00e7\u00e3o significativa de material.  &nbsp;  Para utilizar com que m\u00e1quina:    &nbsp;  Ficha de dados do produto:   Aqui encontras informa\u00e7\u00f5es gerais informa\u00e7\u00f5es gerais sobre discos de contacto e informa\u00e7\u00f5es sobre os rolamentos dos discos de contacto.\" \/>\n<meta property=\"og:url\" content=\"https:\/\/kemperkontakt.de\/pt-pt\/produkt\/disco-de-contacto-de-borracha-ranhuras-finas\/\" \/>\n<meta property=\"og:site_name\" content=\"Kemper-Kontakt\" \/>\n<meta property=\"article:modified_time\" content=\"2025-03-17T11:23:45+00:00\" \/>\n<meta property=\"og:image\" content=\"https:\/\/kemperkontakt.de\/wp-content\/uploads\/2024\/05\/Elax_GoL_1000x1000.jpg\" \/>\n\t<meta property=\"og:image:width\" content=\"1000\" \/>\n\t<meta property=\"og:image:height\" content=\"1000\" \/>\n\t<meta property=\"og:image:type\" content=\"image\/jpeg\" \/>\n<meta name=\"twitter:card\" content=\"summary_large_image\" \/>\n<meta name=\"twitter:label1\" content=\"Tempo estimado de leitura\" \/>\n\t<meta name=\"twitter:data1\" content=\"1 minuto\" \/>\n<script type=\"application\/ld+json\" class=\"yoast-schema-graph\">{\"@context\":\"https:\\\/\\\/schema.org\",\"@graph\":[{\"@type\":\"WebPage\",\"@id\":\"https:\\\/\\\/kemperkontakt.de\\\/pt-pt\\\/produkt\\\/disco-de-contacto-de-borracha-ranhuras-finas\\\/\",\"url\":\"https:\\\/\\\/kemperkontakt.de\\\/pt-pt\\\/produkt\\\/disco-de-contacto-de-borracha-ranhuras-finas\\\/\",\"name\":\"Disco de contacto de borracha, ranhuras finas - Kemper-Kontakt\",\"isPartOf\":{\"@id\":\"https:\\\/\\\/kemperkontakt.de\\\/pt-pt\\\/#website\"},\"primaryImageOfPage\":{\"@id\":\"https:\\\/\\\/kemperkontakt.de\\\/pt-pt\\\/produkt\\\/disco-de-contacto-de-borracha-ranhuras-finas\\\/#primaryimage\"},\"image\":{\"@id\":\"https:\\\/\\\/kemperkontakt.de\\\/pt-pt\\\/produkt\\\/disco-de-contacto-de-borracha-ranhuras-finas\\\/#primaryimage\"},\"thumbnailUrl\":\"https:\\\/\\\/kemperkontakt.de\\\/wp-content\\\/uploads\\\/2024\\\/05\\\/Elax_GoL_1000x1000.jpg\",\"datePublished\":\"2024-05-31T12:53:30+00:00\",\"dateModified\":\"2025-03-17T11:23:45+00:00\",\"breadcrumb\":{\"@id\":\"https:\\\/\\\/kemperkontakt.de\\\/pt-pt\\\/produkt\\\/disco-de-contacto-de-borracha-ranhuras-finas\\\/#breadcrumb\"},\"inLanguage\":\"pt-PT\",\"potentialAction\":[{\"@type\":\"ReadAction\",\"target\":[\"https:\\\/\\\/kemperkontakt.de\\\/pt-pt\\\/produkt\\\/disco-de-contacto-de-borracha-ranhuras-finas\\\/\"]}]},{\"@type\":\"ImageObject\",\"inLanguage\":\"pt-PT\",\"@id\":\"https:\\\/\\\/kemperkontakt.de\\\/pt-pt\\\/produkt\\\/disco-de-contacto-de-borracha-ranhuras-finas\\\/#primaryimage\",\"url\":\"https:\\\/\\\/kemperkontakt.de\\\/wp-content\\\/uploads\\\/2024\\\/05\\\/Elax_GoL_1000x1000.jpg\",\"contentUrl\":\"https:\\\/\\\/kemperkontakt.de\\\/wp-content\\\/uploads\\\/2024\\\/05\\\/Elax_GoL_1000x1000.jpg\",\"width\":1000,\"height\":1000},{\"@type\":\"BreadcrumbList\",\"@id\":\"https:\\\/\\\/kemperkontakt.de\\\/pt-pt\\\/produkt\\\/disco-de-contacto-de-borracha-ranhuras-finas\\\/#breadcrumb\",\"itemListElement\":[{\"@type\":\"ListItem\",\"position\":1,\"name\":\"Startseite\",\"item\":\"https:\\\/\\\/kemperkontakt.de\\\/pt-pt\\\/\"},{\"@type\":\"ListItem\",\"position\":2,\"name\":\"Categorias\",\"item\":\"https:\\\/\\\/kemperkontakt.de\\\/categorias\\\/\"},{\"@type\":\"ListItem\",\"position\":3,\"name\":\"Disco de contacto de borracha, ranhuras finas\"}]},{\"@type\":\"WebSite\",\"@id\":\"https:\\\/\\\/kemperkontakt.de\\\/pt-pt\\\/#website\",\"url\":\"https:\\\/\\\/kemperkontakt.de\\\/pt-pt\\\/\",\"name\":\"Kemper-Kontakt\",\"description\":\"\",\"potentialAction\":[{\"@type\":\"SearchAction\",\"target\":{\"@type\":\"EntryPoint\",\"urlTemplate\":\"https:\\\/\\\/kemperkontakt.de\\\/pt-pt\\\/?s={search_term_string}\"},\"query-input\":{\"@type\":\"PropertyValueSpecification\",\"valueRequired\":true,\"valueName\":\"search_term_string\"}}],\"inLanguage\":\"pt-PT\"}]}<\/script>\n<!-- \/ Yoast SEO plugin. -->","yoast_head_json":{"title":"Disco de contacto de borracha, ranhuras finas - Kemper-Kontakt","robots":{"index":"index","follow":"follow","max-snippet":"max-snippet:-1","max-image-preview":"max-image-preview:large","max-video-preview":"max-video-preview:-1"},"canonical":"https:\/\/kemperkontakt.de\/pt-pt\/produkt\/disco-de-contacto-de-borracha-ranhuras-finas\/","og_locale":"pt_PT","og_type":"article","og_title":"Disco de contacto de borracha, ranhuras finas - Kemper-Kontakt","og_description":"ELAX\u00ae GOL  Almofada de rolamento com ranhuras, largura da banda e das ranhuras de 6 mm, para trabalhos de lixagem mais finos com remo\u00e7\u00e3o significativa de material.  &nbsp;  Para utilizar com que m\u00e1quina:    &nbsp;  Ficha de dados do produto:   Aqui encontras informa\u00e7\u00f5es gerais informa\u00e7\u00f5es gerais sobre discos de contacto e informa\u00e7\u00f5es sobre os rolamentos dos discos de contacto.","og_url":"https:\/\/kemperkontakt.de\/pt-pt\/produkt\/disco-de-contacto-de-borracha-ranhuras-finas\/","og_site_name":"Kemper-Kontakt","article_modified_time":"2025-03-17T11:23:45+00:00","og_image":[{"width":1000,"height":1000,"url":"https:\/\/kemperkontakt.de\/wp-content\/uploads\/2024\/05\/Elax_GoL_1000x1000.jpg","type":"image\/jpeg"}],"twitter_card":"summary_large_image","twitter_misc":{"Tempo estimado de leitura":"1 minuto"},"schema":{"@context":"https:\/\/schema.org","@graph":[{"@type":"WebPage","@id":"https:\/\/kemperkontakt.de\/pt-pt\/produkt\/disco-de-contacto-de-borracha-ranhuras-finas\/","url":"https:\/\/kemperkontakt.de\/pt-pt\/produkt\/disco-de-contacto-de-borracha-ranhuras-finas\/","name":"Disco de contacto de borracha, ranhuras finas - Kemper-Kontakt","isPartOf":{"@id":"https:\/\/kemperkontakt.de\/pt-pt\/#website"},"primaryImageOfPage":{"@id":"https:\/\/kemperkontakt.de\/pt-pt\/produkt\/disco-de-contacto-de-borracha-ranhuras-finas\/#primaryimage"},"image":{"@id":"https:\/\/kemperkontakt.de\/pt-pt\/produkt\/disco-de-contacto-de-borracha-ranhuras-finas\/#primaryimage"},"thumbnailUrl":"https:\/\/kemperkontakt.de\/wp-content\/uploads\/2024\/05\/Elax_GoL_1000x1000.jpg","datePublished":"2024-05-31T12:53:30+00:00","dateModified":"2025-03-17T11:23:45+00:00","breadcrumb":{"@id":"https:\/\/kemperkontakt.de\/pt-pt\/produkt\/disco-de-contacto-de-borracha-ranhuras-finas\/#breadcrumb"},"inLanguage":"pt-PT","potentialAction":[{"@type":"ReadAction","target":["https:\/\/kemperkontakt.de\/pt-pt\/produkt\/disco-de-contacto-de-borracha-ranhuras-finas\/"]}]},{"@type":"ImageObject","inLanguage":"pt-PT","@id":"https:\/\/kemperkontakt.de\/pt-pt\/produkt\/disco-de-contacto-de-borracha-ranhuras-finas\/#primaryimage","url":"https:\/\/kemperkontakt.de\/wp-content\/uploads\/2024\/05\/Elax_GoL_1000x1000.jpg","contentUrl":"https:\/\/kemperkontakt.de\/wp-content\/uploads\/2024\/05\/Elax_GoL_1000x1000.jpg","width":1000,"height":1000},{"@type":"BreadcrumbList","@id":"https:\/\/kemperkontakt.de\/pt-pt\/produkt\/disco-de-contacto-de-borracha-ranhuras-finas\/#breadcrumb","itemListElement":[{"@type":"ListItem","position":1,"name":"Startseite","item":"https:\/\/kemperkontakt.de\/pt-pt\/"},{"@type":"ListItem","position":2,"name":"Categorias","item":"https:\/\/kemperkontakt.de\/categorias\/"},{"@type":"ListItem","position":3,"name":"Disco de contacto de borracha, ranhuras finas"}]},{"@type":"WebSite","@id":"https:\/\/kemperkontakt.de\/pt-pt\/#website","url":"https:\/\/kemperkontakt.de\/pt-pt\/","name":"Kemper-Kontakt","description":"","potentialAction":[{"@type":"SearchAction","target":{"@type":"EntryPoint","urlTemplate":"https:\/\/kemperkontakt.de\/pt-pt\/?s={search_term_string}"},"query-input":{"@type":"PropertyValueSpecification","valueRequired":true,"valueName":"search_term_string"}}],"inLanguage":"pt-PT"}]}},"_links":{"self":[{"href":"https:\/\/kemperkontakt.de\/pt-pt\/wp-json\/wp\/v2\/product\/6039","targetHints":{"allow":["GET"]}}],"collection":[{"href":"https:\/\/kemperkontakt.de\/pt-pt\/wp-json\/wp\/v2\/product"}],"about":[{"href":"https:\/\/kemperkontakt.de\/pt-pt\/wp-json\/wp\/v2\/types\/product"}],"wp:featuredmedia":[{"embeddable":true,"href":"https:\/\/kemperkontakt.de\/pt-pt\/wp-json\/wp\/v2\/media\/6032"}],"wp:attachment":[{"href":"https:\/\/kemperkontakt.de\/pt-pt\/wp-json\/wp\/v2\/media?parent=6039"}],"wp:term":[{"taxonomy":"product_brand","embeddable":true,"href":"https:\/\/kemperkontakt.de\/pt-pt\/wp-json\/wp\/v2\/product_brand?post=6039"},{"taxonomy":"product_cat","embeddable":true,"href":"https:\/\/kemperkontakt.de\/pt-pt\/wp-json\/wp\/v2\/product_cat?post=6039"},{"taxonomy":"product_tag","embeddable":true,"href":"https:\/\/kemperkontakt.de\/pt-pt\/wp-json\/wp\/v2\/product_tag?post=6039"}],"curies":[{"name":"wp","href":"https:\/\/api.w.org\/{rel}","templated":true}]}}