{"id":5904,"date":"2024-06-11T13:55:59","date_gmt":"2024-06-11T11:55:59","guid":{"rendered":"https:\/\/kemperkontakt.de\/produkt\/rolo-de-expansao-em-espuma-vu-2\/"},"modified":"2025-03-17T12:10:37","modified_gmt":"2025-03-17T11:10:37","slug":"rolo-de-expansao-em-espuma-vu-2","status":"publish","type":"product","link":"https:\/\/kemperkontakt.de\/pt-pt\/produkt\/rolo-de-expansao-em-espuma-vu-2\/","title":{"rendered":"Rolo de expans\u00e3o em espuma Vu"},"content":{"rendered":"","protected":false},"excerpt":{"rendered":"<p><strong>Radix\u00ae VSDN 15 (91 mm \u00d8) Radix\u00ae VSDN 16 (100 mm \u00d8)<\/strong><\/p>\n<p class=\"bodytext\">Rolo expansor com ranhura especial, almofada de rolamento particularmente el\u00e1stica feita de espuma VU de alto desempenho, dureza aprox. 43\u00b0 Shore A, com ranhura dupla de 19 mm, adequado para m\u00e1quinas de lixar dispon\u00edveis no mercado com suporte correspondente<\/p>\n<p class=\"bodytext\"><em><strong>ATEN\u00c7\u00c3O: Utiliza apenas com a cinta de lixa!<\/strong><\/em><\/p>\n<p>&nbsp;<\/p>\n<p><strong>Para utilizar com que m\u00e1quina:<\/strong><\/p>\n<p><strong><a href=\"\/pt-pt\/produkt-schlagwort\/maquina-de-acabamento-acetinado\/\"><img decoding=\"async\" class=\"alignnone wp-image-911\" src=\"http:\/\/kemperkontakt.com\/wp-content\/uploads\/2024\/07\/Satiniermaschine-150x150.png\" alt=\"\" width=\"100\" height=\"100\" srcset=\"https:\/\/kemperkontakt.de\/wp-content\/uploads\/2024\/07\/Satiniermaschine-66x66.png 66w, https:\/\/kemperkontakt.de\/wp-content\/uploads\/2024\/07\/Satiniermaschine-150x150.png 150w, https:\/\/kemperkontakt.de\/wp-content\/uploads\/2024\/07\/Satiniermaschine-200x200.png 200w, https:\/\/kemperkontakt.de\/wp-content\/uploads\/2024\/07\/Satiniermaschine-300x300.png 300w, https:\/\/kemperkontakt.de\/wp-content\/uploads\/2024\/07\/Satiniermaschine-400x400.png 400w, https:\/\/kemperkontakt.de\/wp-content\/uploads\/2024\/07\/Satiniermaschine-500x500.png 500w, https:\/\/kemperkontakt.de\/wp-content\/uploads\/2024\/07\/Satiniermaschine-600x600.png 600w, https:\/\/kemperkontakt.de\/wp-content\/uploads\/2024\/07\/Satiniermaschine-768x768.png 768w, https:\/\/kemperkontakt.de\/wp-content\/uploads\/2024\/07\/Satiniermaschine.png 800w\" sizes=\"(max-width: 100px) 100vw, 100px\" \/><\/a><\/strong><\/p>\n<p class=\"bodytext\"><strong>Ficha de dados do produto:<br \/>\n<\/strong>[download id=\"5331\" template=\"Expanding roller made of VU foam\"]<\/p>\n","protected":false},"featured_media":5905,"template":"","meta":[],"product_brand":[],"product_cat":[761],"product_tag":[766,552,553,555,749,768,747],"class_list":{"0":"post-5904","1":"product","2":"type-product","3":"status-publish","4":"has-post-thumbnail","6":"product_cat-suporte-abrasivo-auto-expansivel-para-mangas-de-cintas-abrasivas","7":"product_tag-ferramenta-de-expansao","8":"product_tag-maquina-de-acabamento-acetinado","9":"product_tag-maquina-de-moagem","10":"product_tag-radix-pt-pt","11":"product_tag-radix-vsdn-pt-pt","12":"product_tag-rolo-de-expansao-pt-pt","13":"product_tag-suporte-da-manga-abrasiva","15":"first","16":"instock","17":"featured","18":"shipping-taxable","19":"product-type-simple"},"yoast_head":"<!-- This site is optimized with the Yoast SEO plugin v27.4 - https:\/\/yoast.com\/product\/yoast-seo-wordpress\/ -->\n<title>Rolo de expans\u00e3o em espuma Vu - Kemper-Kontakt<\/title>\n<meta name=\"robots\" content=\"index, follow, max-snippet:-1, max-image-preview:large, max-video-preview:-1\" \/>\n<link rel=\"canonical\" href=\"https:\/\/kemperkontakt.de\/pt-pt\/produkt\/rolo-de-expansao-em-espuma-vu-2\/\" \/>\n<meta property=\"og:locale\" content=\"pt_PT\" \/>\n<meta property=\"og:type\" content=\"article\" \/>\n<meta property=\"og:title\" content=\"Rolo de expans\u00e3o em espuma Vu - Kemper-Kontakt\" \/>\n<meta property=\"og:description\" content=\"Radix\u00ae VSDN 15 (91 mm \u00d8) Radix\u00ae VSDN 16 (100 mm \u00d8) Rolo expansor com ranhura especial, almofada de rolamento particularmente el\u00e1stica feita de espuma VU de alto desempenho, dureza aprox. 43\u00b0 Shore A, com ranhura dupla de 19 mm, adequado para m\u00e1quinas de lixar dispon\u00edveis no mercado com suporte correspondente ATEN\u00c7\u00c3O: Utiliza apenas com a cinta de lixa! &nbsp;  Para utilizar com que m\u00e1quina:   Ficha de dados do produto:\" \/>\n<meta property=\"og:url\" content=\"https:\/\/kemperkontakt.de\/pt-pt\/produkt\/rolo-de-expansao-em-espuma-vu-2\/\" \/>\n<meta property=\"og:site_name\" content=\"Kemper-Kontakt\" \/>\n<meta property=\"article:modified_time\" content=\"2025-03-17T11:10:37+00:00\" \/>\n<meta property=\"og:image\" content=\"https:\/\/kemperkontakt.de\/wp-content\/uploads\/2024\/06\/RADIX-VSDN-15_16_1000x1000.jpg\" \/>\n\t<meta property=\"og:image:width\" content=\"1000\" \/>\n\t<meta property=\"og:image:height\" content=\"1000\" \/>\n\t<meta property=\"og:image:type\" content=\"image\/jpeg\" \/>\n<meta name=\"twitter:card\" content=\"summary_large_image\" \/>\n<meta name=\"twitter:label1\" content=\"Tempo estimado de leitura\" \/>\n\t<meta name=\"twitter:data1\" content=\"1 minuto\" \/>\n<script type=\"application\/ld+json\" class=\"yoast-schema-graph\">{\"@context\":\"https:\\\/\\\/schema.org\",\"@graph\":[{\"@type\":\"WebPage\",\"@id\":\"https:\\\/\\\/kemperkontakt.de\\\/pt-pt\\\/produkt\\\/rolo-de-expansao-em-espuma-vu-2\\\/\",\"url\":\"https:\\\/\\\/kemperkontakt.de\\\/pt-pt\\\/produkt\\\/rolo-de-expansao-em-espuma-vu-2\\\/\",\"name\":\"Rolo de expans\u00e3o em espuma Vu - Kemper-Kontakt\",\"isPartOf\":{\"@id\":\"https:\\\/\\\/kemperkontakt.de\\\/pt-pt\\\/#website\"},\"primaryImageOfPage\":{\"@id\":\"https:\\\/\\\/kemperkontakt.de\\\/pt-pt\\\/produkt\\\/rolo-de-expansao-em-espuma-vu-2\\\/#primaryimage\"},\"image\":{\"@id\":\"https:\\\/\\\/kemperkontakt.de\\\/pt-pt\\\/produkt\\\/rolo-de-expansao-em-espuma-vu-2\\\/#primaryimage\"},\"thumbnailUrl\":\"https:\\\/\\\/kemperkontakt.de\\\/wp-content\\\/uploads\\\/2024\\\/06\\\/RADIX-VSDN-15_16_1000x1000.jpg\",\"datePublished\":\"2024-06-11T11:55:59+00:00\",\"dateModified\":\"2025-03-17T11:10:37+00:00\",\"breadcrumb\":{\"@id\":\"https:\\\/\\\/kemperkontakt.de\\\/pt-pt\\\/produkt\\\/rolo-de-expansao-em-espuma-vu-2\\\/#breadcrumb\"},\"inLanguage\":\"pt-PT\",\"potentialAction\":[{\"@type\":\"ReadAction\",\"target\":[\"https:\\\/\\\/kemperkontakt.de\\\/pt-pt\\\/produkt\\\/rolo-de-expansao-em-espuma-vu-2\\\/\"]}]},{\"@type\":\"ImageObject\",\"inLanguage\":\"pt-PT\",\"@id\":\"https:\\\/\\\/kemperkontakt.de\\\/pt-pt\\\/produkt\\\/rolo-de-expansao-em-espuma-vu-2\\\/#primaryimage\",\"url\":\"https:\\\/\\\/kemperkontakt.de\\\/wp-content\\\/uploads\\\/2024\\\/06\\\/RADIX-VSDN-15_16_1000x1000.jpg\",\"contentUrl\":\"https:\\\/\\\/kemperkontakt.de\\\/wp-content\\\/uploads\\\/2024\\\/06\\\/RADIX-VSDN-15_16_1000x1000.jpg\",\"width\":1000,\"height\":1000},{\"@type\":\"BreadcrumbList\",\"@id\":\"https:\\\/\\\/kemperkontakt.de\\\/pt-pt\\\/produkt\\\/rolo-de-expansao-em-espuma-vu-2\\\/#breadcrumb\",\"itemListElement\":[{\"@type\":\"ListItem\",\"position\":1,\"name\":\"Startseite\",\"item\":\"https:\\\/\\\/kemperkontakt.de\\\/pt-pt\\\/\"},{\"@type\":\"ListItem\",\"position\":2,\"name\":\"Categorias\",\"item\":\"https:\\\/\\\/kemperkontakt.de\\\/categorias\\\/\"},{\"@type\":\"ListItem\",\"position\":3,\"name\":\"Rolo de expans\u00e3o em espuma Vu\"}]},{\"@type\":\"WebSite\",\"@id\":\"https:\\\/\\\/kemperkontakt.de\\\/pt-pt\\\/#website\",\"url\":\"https:\\\/\\\/kemperkontakt.de\\\/pt-pt\\\/\",\"name\":\"Kemper-Kontakt\",\"description\":\"\",\"potentialAction\":[{\"@type\":\"SearchAction\",\"target\":{\"@type\":\"EntryPoint\",\"urlTemplate\":\"https:\\\/\\\/kemperkontakt.de\\\/pt-pt\\\/?s={search_term_string}\"},\"query-input\":{\"@type\":\"PropertyValueSpecification\",\"valueRequired\":true,\"valueName\":\"search_term_string\"}}],\"inLanguage\":\"pt-PT\"}]}<\/script>\n<!-- \/ Yoast SEO plugin. -->","yoast_head_json":{"title":"Rolo de expans\u00e3o em espuma Vu - Kemper-Kontakt","robots":{"index":"index","follow":"follow","max-snippet":"max-snippet:-1","max-image-preview":"max-image-preview:large","max-video-preview":"max-video-preview:-1"},"canonical":"https:\/\/kemperkontakt.de\/pt-pt\/produkt\/rolo-de-expansao-em-espuma-vu-2\/","og_locale":"pt_PT","og_type":"article","og_title":"Rolo de expans\u00e3o em espuma Vu - Kemper-Kontakt","og_description":"Radix\u00ae VSDN 15 (91 mm \u00d8) Radix\u00ae VSDN 16 (100 mm \u00d8) Rolo expansor com ranhura especial, almofada de rolamento particularmente el\u00e1stica feita de espuma VU de alto desempenho, dureza aprox. 43\u00b0 Shore A, com ranhura dupla de 19 mm, adequado para m\u00e1quinas de lixar dispon\u00edveis no mercado com suporte correspondente ATEN\u00c7\u00c3O: Utiliza apenas com a cinta de lixa! &nbsp;  Para utilizar com que m\u00e1quina:   Ficha de dados do produto:","og_url":"https:\/\/kemperkontakt.de\/pt-pt\/produkt\/rolo-de-expansao-em-espuma-vu-2\/","og_site_name":"Kemper-Kontakt","article_modified_time":"2025-03-17T11:10:37+00:00","og_image":[{"width":1000,"height":1000,"url":"https:\/\/kemperkontakt.de\/wp-content\/uploads\/2024\/06\/RADIX-VSDN-15_16_1000x1000.jpg","type":"image\/jpeg"}],"twitter_card":"summary_large_image","twitter_misc":{"Tempo estimado de leitura":"1 minuto"},"schema":{"@context":"https:\/\/schema.org","@graph":[{"@type":"WebPage","@id":"https:\/\/kemperkontakt.de\/pt-pt\/produkt\/rolo-de-expansao-em-espuma-vu-2\/","url":"https:\/\/kemperkontakt.de\/pt-pt\/produkt\/rolo-de-expansao-em-espuma-vu-2\/","name":"Rolo de expans\u00e3o em espuma Vu - Kemper-Kontakt","isPartOf":{"@id":"https:\/\/kemperkontakt.de\/pt-pt\/#website"},"primaryImageOfPage":{"@id":"https:\/\/kemperkontakt.de\/pt-pt\/produkt\/rolo-de-expansao-em-espuma-vu-2\/#primaryimage"},"image":{"@id":"https:\/\/kemperkontakt.de\/pt-pt\/produkt\/rolo-de-expansao-em-espuma-vu-2\/#primaryimage"},"thumbnailUrl":"https:\/\/kemperkontakt.de\/wp-content\/uploads\/2024\/06\/RADIX-VSDN-15_16_1000x1000.jpg","datePublished":"2024-06-11T11:55:59+00:00","dateModified":"2025-03-17T11:10:37+00:00","breadcrumb":{"@id":"https:\/\/kemperkontakt.de\/pt-pt\/produkt\/rolo-de-expansao-em-espuma-vu-2\/#breadcrumb"},"inLanguage":"pt-PT","potentialAction":[{"@type":"ReadAction","target":["https:\/\/kemperkontakt.de\/pt-pt\/produkt\/rolo-de-expansao-em-espuma-vu-2\/"]}]},{"@type":"ImageObject","inLanguage":"pt-PT","@id":"https:\/\/kemperkontakt.de\/pt-pt\/produkt\/rolo-de-expansao-em-espuma-vu-2\/#primaryimage","url":"https:\/\/kemperkontakt.de\/wp-content\/uploads\/2024\/06\/RADIX-VSDN-15_16_1000x1000.jpg","contentUrl":"https:\/\/kemperkontakt.de\/wp-content\/uploads\/2024\/06\/RADIX-VSDN-15_16_1000x1000.jpg","width":1000,"height":1000},{"@type":"BreadcrumbList","@id":"https:\/\/kemperkontakt.de\/pt-pt\/produkt\/rolo-de-expansao-em-espuma-vu-2\/#breadcrumb","itemListElement":[{"@type":"ListItem","position":1,"name":"Startseite","item":"https:\/\/kemperkontakt.de\/pt-pt\/"},{"@type":"ListItem","position":2,"name":"Categorias","item":"https:\/\/kemperkontakt.de\/categorias\/"},{"@type":"ListItem","position":3,"name":"Rolo de expans\u00e3o em espuma Vu"}]},{"@type":"WebSite","@id":"https:\/\/kemperkontakt.de\/pt-pt\/#website","url":"https:\/\/kemperkontakt.de\/pt-pt\/","name":"Kemper-Kontakt","description":"","potentialAction":[{"@type":"SearchAction","target":{"@type":"EntryPoint","urlTemplate":"https:\/\/kemperkontakt.de\/pt-pt\/?s={search_term_string}"},"query-input":{"@type":"PropertyValueSpecification","valueRequired":true,"valueName":"search_term_string"}}],"inLanguage":"pt-PT"}]}},"_links":{"self":[{"href":"https:\/\/kemperkontakt.de\/pt-pt\/wp-json\/wp\/v2\/product\/5904","targetHints":{"allow":["GET"]}}],"collection":[{"href":"https:\/\/kemperkontakt.de\/pt-pt\/wp-json\/wp\/v2\/product"}],"about":[{"href":"https:\/\/kemperkontakt.de\/pt-pt\/wp-json\/wp\/v2\/types\/product"}],"wp:featuredmedia":[{"embeddable":true,"href":"https:\/\/kemperkontakt.de\/pt-pt\/wp-json\/wp\/v2\/media\/5905"}],"wp:attachment":[{"href":"https:\/\/kemperkontakt.de\/pt-pt\/wp-json\/wp\/v2\/media?parent=5904"}],"wp:term":[{"taxonomy":"product_brand","embeddable":true,"href":"https:\/\/kemperkontakt.de\/pt-pt\/wp-json\/wp\/v2\/product_brand?post=5904"},{"taxonomy":"product_cat","embeddable":true,"href":"https:\/\/kemperkontakt.de\/pt-pt\/wp-json\/wp\/v2\/product_cat?post=5904"},{"taxonomy":"product_tag","embeddable":true,"href":"https:\/\/kemperkontakt.de\/pt-pt\/wp-json\/wp\/v2\/product_tag?post=5904"}],"curies":[{"name":"wp","href":"https:\/\/api.w.org\/{rel}","templated":true}]}}