{"id":5898,"date":"2024-06-11T13:58:05","date_gmt":"2024-06-11T11:58:05","guid":{"rendered":"https:\/\/kemperkontakt.de\/produkt\/ferramenta-de-expansao-m14-em-espuma-vu\/"},"modified":"2025-03-17T12:10:07","modified_gmt":"2025-03-17T11:10:07","slug":"ferramenta-de-expansao-m14-em-espuma-vu","status":"publish","type":"product","link":"https:\/\/kemperkontakt.de\/pt-pt\/produkt\/ferramenta-de-expansao-m14-em-espuma-vu\/","title":{"rendered":"Ferramenta de expans\u00e3o M14 em espuma Vu"},"content":{"rendered":"","protected":false},"excerpt":{"rendered":"<p><strong>Radix\u00ae VSDN\/16 M14<\/strong><\/p>\n<p class=\"bodytext\">Rolo de expans\u00e3o com almofada de espuma especialmente ranhurada e particularmente el\u00e1stica, 43\u00b0 Shore A, com rosca M14.<\/p>\n<p class=\"bodytext\"><em><strong>ATEN\u00c7\u00c3O: Utiliza apenas com a cinta de lixa!<\/strong><\/em><\/p>\n<p><strong>Para utilizar com que m\u00e1quina:<br \/>\n<\/strong><a href=\"\/pt-pt\/produkt-schlagwort\/rebarbadora-angular-com-controlo-de-velocidade\/\"><img decoding=\"async\" class=\"alignnone wp-image-917\" src=\"http:\/\/kemperkontakt.com\/wp-content\/uploads\/2024\/07\/Winkelschleifer-150x150.png\" alt=\"\" width=\"100\" height=\"100\" srcset=\"https:\/\/kemperkontakt.de\/wp-content\/uploads\/2024\/07\/Winkelschleifer-66x66.png 66w, https:\/\/kemperkontakt.de\/wp-content\/uploads\/2024\/07\/Winkelschleifer-150x150.png 150w, https:\/\/kemperkontakt.de\/wp-content\/uploads\/2024\/07\/Winkelschleifer-200x200.png 200w, https:\/\/kemperkontakt.de\/wp-content\/uploads\/2024\/07\/Winkelschleifer-300x300.png 300w, https:\/\/kemperkontakt.de\/wp-content\/uploads\/2024\/07\/Winkelschleifer-400x400.png 400w, https:\/\/kemperkontakt.de\/wp-content\/uploads\/2024\/07\/Winkelschleifer-500x500.png 500w, https:\/\/kemperkontakt.de\/wp-content\/uploads\/2024\/07\/Winkelschleifer-600x600.png 600w, https:\/\/kemperkontakt.de\/wp-content\/uploads\/2024\/07\/Winkelschleifer-768x768.png 768w, https:\/\/kemperkontakt.de\/wp-content\/uploads\/2024\/07\/Winkelschleifer.png 800w\" sizes=\"(max-width: 100px) 100vw, 100px\" \/><\/a><a href=\"\/pt-pt\/produkt-schlagwort\/rebarbadora-angular-com-controlo-de-velocidade\/\"><img decoding=\"async\" class=\"alignnone wp-image-916\" src=\"http:\/\/kemperkontakt.com\/wp-content\/uploads\/2024\/07\/Winkelschleifer-Drehzahlgesteuert-150x150.png\" alt=\"\" width=\"100\" height=\"100\" srcset=\"https:\/\/kemperkontakt.de\/wp-content\/uploads\/2024\/07\/Winkelschleifer-Drehzahlgesteuert-66x66.png 66w, https:\/\/kemperkontakt.de\/wp-content\/uploads\/2024\/07\/Winkelschleifer-Drehzahlgesteuert-150x150.png 150w, https:\/\/kemperkontakt.de\/wp-content\/uploads\/2024\/07\/Winkelschleifer-Drehzahlgesteuert-200x200.png 200w, https:\/\/kemperkontakt.de\/wp-content\/uploads\/2024\/07\/Winkelschleifer-Drehzahlgesteuert-300x300.png 300w, https:\/\/kemperkontakt.de\/wp-content\/uploads\/2024\/07\/Winkelschleifer-Drehzahlgesteuert-400x400.png 400w, https:\/\/kemperkontakt.de\/wp-content\/uploads\/2024\/07\/Winkelschleifer-Drehzahlgesteuert-500x500.png 500w, https:\/\/kemperkontakt.de\/wp-content\/uploads\/2024\/07\/Winkelschleifer-Drehzahlgesteuert-600x600.png 600w, https:\/\/kemperkontakt.de\/wp-content\/uploads\/2024\/07\/Winkelschleifer-Drehzahlgesteuert-768x768.png 768w, https:\/\/kemperkontakt.de\/wp-content\/uploads\/2024\/07\/Winkelschleifer-Drehzahlgesteuert.png 800w\" sizes=\"(max-width: 100px) 100vw, 100px\" \/><\/a><\/p>\n<p class=\"bodytext\"><strong>Ficha de dados do produto:<br \/>\n<\/strong>[download id=\"5323\" template=\"Expanding tool M14 made of Vu foam\"]<\/p>\n","protected":false},"featured_media":5899,"template":"","meta":[],"product_brand":[],"product_cat":[761],"product_tag":[766,555,610,611,753,747],"class_list":{"0":"post-5898","1":"product","2":"type-product","3":"status-publish","4":"has-post-thumbnail","6":"product_cat-suporte-abrasivo-auto-expansivel-para-mangas-de-cintas-abrasivas","7":"product_tag-ferramenta-de-expansao","8":"product_tag-radix-pt-pt","9":"product_tag-rebarbadora-angular","10":"product_tag-rebarbadora-angular-com-controlo-de-velocidade","11":"product_tag-rolo-de-expansao","12":"product_tag-suporte-da-manga-abrasiva","14":"first","15":"instock","16":"featured","17":"shipping-taxable","18":"product-type-simple"},"yoast_head":"<!-- This site is optimized with the Yoast SEO plugin v27.6 - https:\/\/yoast.com\/product\/yoast-seo-wordpress\/ -->\n<title>Ferramenta de expans\u00e3o M14 em espuma Vu - Kemper-Kontakt<\/title>\n<meta name=\"robots\" content=\"index, follow, max-snippet:-1, max-image-preview:large, max-video-preview:-1\" \/>\n<link rel=\"canonical\" href=\"https:\/\/kemperkontakt.de\/pt-pt\/produkt\/ferramenta-de-expansao-m14-em-espuma-vu\/\" \/>\n<meta property=\"og:locale\" content=\"pt_PT\" \/>\n<meta property=\"og:type\" content=\"article\" \/>\n<meta property=\"og:title\" content=\"Ferramenta de expans\u00e3o M14 em espuma Vu - Kemper-Kontakt\" \/>\n<meta property=\"og:description\" content=\"Radix\u00ae VSDN\/16 M14 Rolo de expans\u00e3o com almofada de espuma especialmente ranhurada e particularmente el\u00e1stica, 43\u00b0 Shore A, com rosca M14. ATEN\u00c7\u00c3O: Utiliza apenas com a cinta de lixa! Para utilizar com que m\u00e1quina:  Ficha de dados do produto:\" \/>\n<meta property=\"og:url\" content=\"https:\/\/kemperkontakt.de\/pt-pt\/produkt\/ferramenta-de-expansao-m14-em-espuma-vu\/\" \/>\n<meta property=\"og:site_name\" content=\"Kemper-Kontakt\" \/>\n<meta property=\"article:modified_time\" content=\"2025-03-17T11:10:07+00:00\" \/>\n<meta property=\"og:image\" content=\"https:\/\/kemperkontakt.de\/wp-content\/uploads\/2024\/06\/RADIX-VSDN-16_M14_1000x1000.jpg\" \/>\n\t<meta property=\"og:image:width\" content=\"1000\" \/>\n\t<meta property=\"og:image:height\" content=\"1000\" \/>\n\t<meta property=\"og:image:type\" content=\"image\/jpeg\" \/>\n<meta name=\"twitter:card\" content=\"summary_large_image\" \/>\n<meta name=\"twitter:label1\" content=\"Tempo estimado de leitura\" \/>\n\t<meta name=\"twitter:data1\" content=\"1 minuto\" \/>\n<script type=\"application\/ld+json\" class=\"yoast-schema-graph\">{\"@context\":\"https:\\\/\\\/schema.org\",\"@graph\":[{\"@type\":\"WebPage\",\"@id\":\"https:\\\/\\\/kemperkontakt.de\\\/pt-pt\\\/produkt\\\/ferramenta-de-expansao-m14-em-espuma-vu\\\/\",\"url\":\"https:\\\/\\\/kemperkontakt.de\\\/pt-pt\\\/produkt\\\/ferramenta-de-expansao-m14-em-espuma-vu\\\/\",\"name\":\"Ferramenta de expans\u00e3o M14 em espuma Vu - Kemper-Kontakt\",\"isPartOf\":{\"@id\":\"https:\\\/\\\/kemperkontakt.de\\\/pt-pt\\\/#website\"},\"primaryImageOfPage\":{\"@id\":\"https:\\\/\\\/kemperkontakt.de\\\/pt-pt\\\/produkt\\\/ferramenta-de-expansao-m14-em-espuma-vu\\\/#primaryimage\"},\"image\":{\"@id\":\"https:\\\/\\\/kemperkontakt.de\\\/pt-pt\\\/produkt\\\/ferramenta-de-expansao-m14-em-espuma-vu\\\/#primaryimage\"},\"thumbnailUrl\":\"https:\\\/\\\/kemperkontakt.de\\\/wp-content\\\/uploads\\\/2024\\\/06\\\/RADIX-VSDN-16_M14_1000x1000.jpg\",\"datePublished\":\"2024-06-11T11:58:05+00:00\",\"dateModified\":\"2025-03-17T11:10:07+00:00\",\"breadcrumb\":{\"@id\":\"https:\\\/\\\/kemperkontakt.de\\\/pt-pt\\\/produkt\\\/ferramenta-de-expansao-m14-em-espuma-vu\\\/#breadcrumb\"},\"inLanguage\":\"pt-PT\",\"potentialAction\":[{\"@type\":\"ReadAction\",\"target\":[\"https:\\\/\\\/kemperkontakt.de\\\/pt-pt\\\/produkt\\\/ferramenta-de-expansao-m14-em-espuma-vu\\\/\"]}]},{\"@type\":\"ImageObject\",\"inLanguage\":\"pt-PT\",\"@id\":\"https:\\\/\\\/kemperkontakt.de\\\/pt-pt\\\/produkt\\\/ferramenta-de-expansao-m14-em-espuma-vu\\\/#primaryimage\",\"url\":\"https:\\\/\\\/kemperkontakt.de\\\/wp-content\\\/uploads\\\/2024\\\/06\\\/RADIX-VSDN-16_M14_1000x1000.jpg\",\"contentUrl\":\"https:\\\/\\\/kemperkontakt.de\\\/wp-content\\\/uploads\\\/2024\\\/06\\\/RADIX-VSDN-16_M14_1000x1000.jpg\",\"width\":1000,\"height\":1000},{\"@type\":\"BreadcrumbList\",\"@id\":\"https:\\\/\\\/kemperkontakt.de\\\/pt-pt\\\/produkt\\\/ferramenta-de-expansao-m14-em-espuma-vu\\\/#breadcrumb\",\"itemListElement\":[{\"@type\":\"ListItem\",\"position\":1,\"name\":\"Startseite\",\"item\":\"https:\\\/\\\/kemperkontakt.de\\\/pt-pt\\\/\"},{\"@type\":\"ListItem\",\"position\":2,\"name\":\"Categorias\",\"item\":\"https:\\\/\\\/kemperkontakt.de\\\/categorias\\\/\"},{\"@type\":\"ListItem\",\"position\":3,\"name\":\"Ferramenta de expans\u00e3o M14 em espuma Vu\"}]},{\"@type\":\"WebSite\",\"@id\":\"https:\\\/\\\/kemperkontakt.de\\\/pt-pt\\\/#website\",\"url\":\"https:\\\/\\\/kemperkontakt.de\\\/pt-pt\\\/\",\"name\":\"Kemper-Kontakt\",\"description\":\"\",\"potentialAction\":[{\"@type\":\"SearchAction\",\"target\":{\"@type\":\"EntryPoint\",\"urlTemplate\":\"https:\\\/\\\/kemperkontakt.de\\\/pt-pt\\\/?s={search_term_string}\"},\"query-input\":{\"@type\":\"PropertyValueSpecification\",\"valueRequired\":true,\"valueName\":\"search_term_string\"}}],\"inLanguage\":\"pt-PT\"}]}<\/script>\n<!-- \/ Yoast SEO plugin. -->","yoast_head_json":{"title":"Ferramenta de expans\u00e3o M14 em espuma Vu - Kemper-Kontakt","robots":{"index":"index","follow":"follow","max-snippet":"max-snippet:-1","max-image-preview":"max-image-preview:large","max-video-preview":"max-video-preview:-1"},"canonical":"https:\/\/kemperkontakt.de\/pt-pt\/produkt\/ferramenta-de-expansao-m14-em-espuma-vu\/","og_locale":"pt_PT","og_type":"article","og_title":"Ferramenta de expans\u00e3o M14 em espuma Vu - Kemper-Kontakt","og_description":"Radix\u00ae VSDN\/16 M14 Rolo de expans\u00e3o com almofada de espuma especialmente ranhurada e particularmente el\u00e1stica, 43\u00b0 Shore A, com rosca M14. ATEN\u00c7\u00c3O: Utiliza apenas com a cinta de lixa! Para utilizar com que m\u00e1quina:  Ficha de dados do produto:","og_url":"https:\/\/kemperkontakt.de\/pt-pt\/produkt\/ferramenta-de-expansao-m14-em-espuma-vu\/","og_site_name":"Kemper-Kontakt","article_modified_time":"2025-03-17T11:10:07+00:00","og_image":[{"width":1000,"height":1000,"url":"https:\/\/kemperkontakt.de\/wp-content\/uploads\/2024\/06\/RADIX-VSDN-16_M14_1000x1000.jpg","type":"image\/jpeg"}],"twitter_card":"summary_large_image","twitter_misc":{"Tempo estimado de leitura":"1 minuto"},"schema":{"@context":"https:\/\/schema.org","@graph":[{"@type":"WebPage","@id":"https:\/\/kemperkontakt.de\/pt-pt\/produkt\/ferramenta-de-expansao-m14-em-espuma-vu\/","url":"https:\/\/kemperkontakt.de\/pt-pt\/produkt\/ferramenta-de-expansao-m14-em-espuma-vu\/","name":"Ferramenta de expans\u00e3o M14 em espuma Vu - Kemper-Kontakt","isPartOf":{"@id":"https:\/\/kemperkontakt.de\/pt-pt\/#website"},"primaryImageOfPage":{"@id":"https:\/\/kemperkontakt.de\/pt-pt\/produkt\/ferramenta-de-expansao-m14-em-espuma-vu\/#primaryimage"},"image":{"@id":"https:\/\/kemperkontakt.de\/pt-pt\/produkt\/ferramenta-de-expansao-m14-em-espuma-vu\/#primaryimage"},"thumbnailUrl":"https:\/\/kemperkontakt.de\/wp-content\/uploads\/2024\/06\/RADIX-VSDN-16_M14_1000x1000.jpg","datePublished":"2024-06-11T11:58:05+00:00","dateModified":"2025-03-17T11:10:07+00:00","breadcrumb":{"@id":"https:\/\/kemperkontakt.de\/pt-pt\/produkt\/ferramenta-de-expansao-m14-em-espuma-vu\/#breadcrumb"},"inLanguage":"pt-PT","potentialAction":[{"@type":"ReadAction","target":["https:\/\/kemperkontakt.de\/pt-pt\/produkt\/ferramenta-de-expansao-m14-em-espuma-vu\/"]}]},{"@type":"ImageObject","inLanguage":"pt-PT","@id":"https:\/\/kemperkontakt.de\/pt-pt\/produkt\/ferramenta-de-expansao-m14-em-espuma-vu\/#primaryimage","url":"https:\/\/kemperkontakt.de\/wp-content\/uploads\/2024\/06\/RADIX-VSDN-16_M14_1000x1000.jpg","contentUrl":"https:\/\/kemperkontakt.de\/wp-content\/uploads\/2024\/06\/RADIX-VSDN-16_M14_1000x1000.jpg","width":1000,"height":1000},{"@type":"BreadcrumbList","@id":"https:\/\/kemperkontakt.de\/pt-pt\/produkt\/ferramenta-de-expansao-m14-em-espuma-vu\/#breadcrumb","itemListElement":[{"@type":"ListItem","position":1,"name":"Startseite","item":"https:\/\/kemperkontakt.de\/pt-pt\/"},{"@type":"ListItem","position":2,"name":"Categorias","item":"https:\/\/kemperkontakt.de\/categorias\/"},{"@type":"ListItem","position":3,"name":"Ferramenta de expans\u00e3o M14 em espuma Vu"}]},{"@type":"WebSite","@id":"https:\/\/kemperkontakt.de\/pt-pt\/#website","url":"https:\/\/kemperkontakt.de\/pt-pt\/","name":"Kemper-Kontakt","description":"","potentialAction":[{"@type":"SearchAction","target":{"@type":"EntryPoint","urlTemplate":"https:\/\/kemperkontakt.de\/pt-pt\/?s={search_term_string}"},"query-input":{"@type":"PropertyValueSpecification","valueRequired":true,"valueName":"search_term_string"}}],"inLanguage":"pt-PT"}]}},"_links":{"self":[{"href":"https:\/\/kemperkontakt.de\/pt-pt\/wp-json\/wp\/v2\/product\/5898","targetHints":{"allow":["GET"]}}],"collection":[{"href":"https:\/\/kemperkontakt.de\/pt-pt\/wp-json\/wp\/v2\/product"}],"about":[{"href":"https:\/\/kemperkontakt.de\/pt-pt\/wp-json\/wp\/v2\/types\/product"}],"wp:featuredmedia":[{"embeddable":true,"href":"https:\/\/kemperkontakt.de\/pt-pt\/wp-json\/wp\/v2\/media\/5899"}],"wp:attachment":[{"href":"https:\/\/kemperkontakt.de\/pt-pt\/wp-json\/wp\/v2\/media?parent=5898"}],"wp:term":[{"taxonomy":"product_brand","embeddable":true,"href":"https:\/\/kemperkontakt.de\/pt-pt\/wp-json\/wp\/v2\/product_brand?post=5898"},{"taxonomy":"product_cat","embeddable":true,"href":"https:\/\/kemperkontakt.de\/pt-pt\/wp-json\/wp\/v2\/product_cat?post=5898"},{"taxonomy":"product_tag","embeddable":true,"href":"https:\/\/kemperkontakt.de\/pt-pt\/wp-json\/wp\/v2\/product_tag?post=5898"}],"curies":[{"name":"wp","href":"https:\/\/api.w.org\/{rel}","templated":true}]}}