{"id":5839,"date":"2024-06-11T14:03:23","date_gmt":"2024-06-11T12:03:23","guid":{"rendered":"https:\/\/kemperkontakt.de\/produkt\/cinta-de-lixa-para-meios-de-expansao-radix\/"},"modified":"2025-03-17T12:05:33","modified_gmt":"2025-03-17T11:05:33","slug":"cinta-de-lixa-para-meios-de-expansao-radix","status":"publish","type":"product","link":"https:\/\/kemperkontakt.de\/pt-pt\/produkt\/cinta-de-lixa-para-meios-de-expansao-radix\/","title":{"rendered":"Cinta de lixa para meios de expans\u00e3o Radix"},"content":{"rendered":"","protected":false},"excerpt":{"rendered":"<p class=\"bodytext\">Com liga\u00e7\u00e3o de resina sint\u00e9tica, gama de gr\u00e3os P 60-P 400<\/p>\n<p><strong>Ficha de dados do produto:<br \/>\n<\/strong>[download id=\"4392\" template=\"Sanding belt for Radix\u00ae expanding tool\"]<\/p>\n","protected":false},"featured_media":7187,"template":"","meta":[],"product_brand":[],"product_cat":[746],"product_tag":[555,748,749,747],"class_list":{"0":"post-5839","1":"product","2":"type-product","3":"status-publish","4":"has-post-thumbnail","6":"product_cat-rolos-de-contacto","7":"product_tag-radix-pt-pt","8":"product_tag-radix-go-pt-pt","9":"product_tag-radix-vsdn-pt-pt","10":"product_tag-suporte-da-manga-abrasiva","12":"first","13":"instock","14":"featured","15":"shipping-taxable","16":"product-type-simple"},"yoast_head":"<!-- This site is optimized with the Yoast SEO plugin v27.3 - https:\/\/yoast.com\/product\/yoast-seo-wordpress\/ -->\n<title>Cinta de lixa para meios de expans\u00e3o Radix - Kemper-Kontakt<\/title>\n<meta name=\"robots\" content=\"index, follow, max-snippet:-1, max-image-preview:large, max-video-preview:-1\" \/>\n<link rel=\"canonical\" href=\"https:\/\/kemperkontakt.de\/pt-pt\/produkt\/cinta-de-lixa-para-meios-de-expansao-radix\/\" \/>\n<meta property=\"og:locale\" content=\"pt_PT\" \/>\n<meta property=\"og:type\" content=\"article\" \/>\n<meta property=\"og:title\" content=\"Cinta de lixa para meios de expans\u00e3o Radix - Kemper-Kontakt\" \/>\n<meta property=\"og:description\" content=\"Com liga\u00e7\u00e3o de resina sint\u00e9tica, gama de gr\u00e3os P 60-P 400 Ficha de dados do produto:\" \/>\n<meta property=\"og:url\" content=\"https:\/\/kemperkontakt.de\/pt-pt\/produkt\/cinta-de-lixa-para-meios-de-expansao-radix\/\" \/>\n<meta property=\"og:site_name\" content=\"Kemper-Kontakt\" \/>\n<meta property=\"article:modified_time\" content=\"2025-03-17T11:05:33+00:00\" \/>\n<meta property=\"og:image\" content=\"https:\/\/kemperkontakt.de\/wp-content\/uploads\/2024\/06\/Schleifband_p60-p120_1000x1000.jpg\" \/>\n\t<meta property=\"og:image:width\" content=\"1000\" \/>\n\t<meta property=\"og:image:height\" content=\"1000\" \/>\n\t<meta property=\"og:image:type\" content=\"image\/jpeg\" \/>\n<meta name=\"twitter:card\" content=\"summary_large_image\" \/>\n<script type=\"application\/ld+json\" class=\"yoast-schema-graph\">{\"@context\":\"https:\\\/\\\/schema.org\",\"@graph\":[{\"@type\":\"WebPage\",\"@id\":\"https:\\\/\\\/kemperkontakt.de\\\/pt-pt\\\/produkt\\\/cinta-de-lixa-para-meios-de-expansao-radix\\\/\",\"url\":\"https:\\\/\\\/kemperkontakt.de\\\/pt-pt\\\/produkt\\\/cinta-de-lixa-para-meios-de-expansao-radix\\\/\",\"name\":\"Cinta de lixa para meios de expans\u00e3o Radix - Kemper-Kontakt\",\"isPartOf\":{\"@id\":\"https:\\\/\\\/kemperkontakt.de\\\/pt-pt\\\/#website\"},\"primaryImageOfPage\":{\"@id\":\"https:\\\/\\\/kemperkontakt.de\\\/pt-pt\\\/produkt\\\/cinta-de-lixa-para-meios-de-expansao-radix\\\/#primaryimage\"},\"image\":{\"@id\":\"https:\\\/\\\/kemperkontakt.de\\\/pt-pt\\\/produkt\\\/cinta-de-lixa-para-meios-de-expansao-radix\\\/#primaryimage\"},\"thumbnailUrl\":\"https:\\\/\\\/kemperkontakt.de\\\/wp-content\\\/uploads\\\/2024\\\/06\\\/Schleifband_p60-p120_1000x1000.jpg\",\"datePublished\":\"2024-06-11T12:03:23+00:00\",\"dateModified\":\"2025-03-17T11:05:33+00:00\",\"breadcrumb\":{\"@id\":\"https:\\\/\\\/kemperkontakt.de\\\/pt-pt\\\/produkt\\\/cinta-de-lixa-para-meios-de-expansao-radix\\\/#breadcrumb\"},\"inLanguage\":\"pt-PT\",\"potentialAction\":[{\"@type\":\"ReadAction\",\"target\":[\"https:\\\/\\\/kemperkontakt.de\\\/pt-pt\\\/produkt\\\/cinta-de-lixa-para-meios-de-expansao-radix\\\/\"]}]},{\"@type\":\"ImageObject\",\"inLanguage\":\"pt-PT\",\"@id\":\"https:\\\/\\\/kemperkontakt.de\\\/pt-pt\\\/produkt\\\/cinta-de-lixa-para-meios-de-expansao-radix\\\/#primaryimage\",\"url\":\"https:\\\/\\\/kemperkontakt.de\\\/wp-content\\\/uploads\\\/2024\\\/06\\\/Schleifband_p60-p120_1000x1000.jpg\",\"contentUrl\":\"https:\\\/\\\/kemperkontakt.de\\\/wp-content\\\/uploads\\\/2024\\\/06\\\/Schleifband_p60-p120_1000x1000.jpg\",\"width\":1000,\"height\":1000},{\"@type\":\"BreadcrumbList\",\"@id\":\"https:\\\/\\\/kemperkontakt.de\\\/pt-pt\\\/produkt\\\/cinta-de-lixa-para-meios-de-expansao-radix\\\/#breadcrumb\",\"itemListElement\":[{\"@type\":\"ListItem\",\"position\":1,\"name\":\"Startseite\",\"item\":\"https:\\\/\\\/kemperkontakt.de\\\/pt-pt\\\/\"},{\"@type\":\"ListItem\",\"position\":2,\"name\":\"Categorias\",\"item\":\"https:\\\/\\\/kemperkontakt.de\\\/categorias\\\/\"},{\"@type\":\"ListItem\",\"position\":3,\"name\":\"Cinta de lixa para meios de expans\u00e3o Radix\"}]},{\"@type\":\"WebSite\",\"@id\":\"https:\\\/\\\/kemperkontakt.de\\\/pt-pt\\\/#website\",\"url\":\"https:\\\/\\\/kemperkontakt.de\\\/pt-pt\\\/\",\"name\":\"Kemper-Kontakt\",\"description\":\"\",\"potentialAction\":[{\"@type\":\"SearchAction\",\"target\":{\"@type\":\"EntryPoint\",\"urlTemplate\":\"https:\\\/\\\/kemperkontakt.de\\\/pt-pt\\\/?s={search_term_string}\"},\"query-input\":{\"@type\":\"PropertyValueSpecification\",\"valueRequired\":true,\"valueName\":\"search_term_string\"}}],\"inLanguage\":\"pt-PT\"}]}<\/script>\n<!-- \/ Yoast SEO plugin. -->","yoast_head_json":{"title":"Cinta de lixa para meios de expans\u00e3o Radix - Kemper-Kontakt","robots":{"index":"index","follow":"follow","max-snippet":"max-snippet:-1","max-image-preview":"max-image-preview:large","max-video-preview":"max-video-preview:-1"},"canonical":"https:\/\/kemperkontakt.de\/pt-pt\/produkt\/cinta-de-lixa-para-meios-de-expansao-radix\/","og_locale":"pt_PT","og_type":"article","og_title":"Cinta de lixa para meios de expans\u00e3o Radix - Kemper-Kontakt","og_description":"Com liga\u00e7\u00e3o de resina sint\u00e9tica, gama de gr\u00e3os P 60-P 400 Ficha de dados do produto:","og_url":"https:\/\/kemperkontakt.de\/pt-pt\/produkt\/cinta-de-lixa-para-meios-de-expansao-radix\/","og_site_name":"Kemper-Kontakt","article_modified_time":"2025-03-17T11:05:33+00:00","og_image":[{"width":1000,"height":1000,"url":"https:\/\/kemperkontakt.de\/wp-content\/uploads\/2024\/06\/Schleifband_p60-p120_1000x1000.jpg","type":"image\/jpeg"}],"twitter_card":"summary_large_image","schema":{"@context":"https:\/\/schema.org","@graph":[{"@type":"WebPage","@id":"https:\/\/kemperkontakt.de\/pt-pt\/produkt\/cinta-de-lixa-para-meios-de-expansao-radix\/","url":"https:\/\/kemperkontakt.de\/pt-pt\/produkt\/cinta-de-lixa-para-meios-de-expansao-radix\/","name":"Cinta de lixa para meios de expans\u00e3o Radix - Kemper-Kontakt","isPartOf":{"@id":"https:\/\/kemperkontakt.de\/pt-pt\/#website"},"primaryImageOfPage":{"@id":"https:\/\/kemperkontakt.de\/pt-pt\/produkt\/cinta-de-lixa-para-meios-de-expansao-radix\/#primaryimage"},"image":{"@id":"https:\/\/kemperkontakt.de\/pt-pt\/produkt\/cinta-de-lixa-para-meios-de-expansao-radix\/#primaryimage"},"thumbnailUrl":"https:\/\/kemperkontakt.de\/wp-content\/uploads\/2024\/06\/Schleifband_p60-p120_1000x1000.jpg","datePublished":"2024-06-11T12:03:23+00:00","dateModified":"2025-03-17T11:05:33+00:00","breadcrumb":{"@id":"https:\/\/kemperkontakt.de\/pt-pt\/produkt\/cinta-de-lixa-para-meios-de-expansao-radix\/#breadcrumb"},"inLanguage":"pt-PT","potentialAction":[{"@type":"ReadAction","target":["https:\/\/kemperkontakt.de\/pt-pt\/produkt\/cinta-de-lixa-para-meios-de-expansao-radix\/"]}]},{"@type":"ImageObject","inLanguage":"pt-PT","@id":"https:\/\/kemperkontakt.de\/pt-pt\/produkt\/cinta-de-lixa-para-meios-de-expansao-radix\/#primaryimage","url":"https:\/\/kemperkontakt.de\/wp-content\/uploads\/2024\/06\/Schleifband_p60-p120_1000x1000.jpg","contentUrl":"https:\/\/kemperkontakt.de\/wp-content\/uploads\/2024\/06\/Schleifband_p60-p120_1000x1000.jpg","width":1000,"height":1000},{"@type":"BreadcrumbList","@id":"https:\/\/kemperkontakt.de\/pt-pt\/produkt\/cinta-de-lixa-para-meios-de-expansao-radix\/#breadcrumb","itemListElement":[{"@type":"ListItem","position":1,"name":"Startseite","item":"https:\/\/kemperkontakt.de\/pt-pt\/"},{"@type":"ListItem","position":2,"name":"Categorias","item":"https:\/\/kemperkontakt.de\/categorias\/"},{"@type":"ListItem","position":3,"name":"Cinta de lixa para meios de expans\u00e3o Radix"}]},{"@type":"WebSite","@id":"https:\/\/kemperkontakt.de\/pt-pt\/#website","url":"https:\/\/kemperkontakt.de\/pt-pt\/","name":"Kemper-Kontakt","description":"","potentialAction":[{"@type":"SearchAction","target":{"@type":"EntryPoint","urlTemplate":"https:\/\/kemperkontakt.de\/pt-pt\/?s={search_term_string}"},"query-input":{"@type":"PropertyValueSpecification","valueRequired":true,"valueName":"search_term_string"}}],"inLanguage":"pt-PT"}]}},"_links":{"self":[{"href":"https:\/\/kemperkontakt.de\/pt-pt\/wp-json\/wp\/v2\/product\/5839","targetHints":{"allow":["GET"]}}],"collection":[{"href":"https:\/\/kemperkontakt.de\/pt-pt\/wp-json\/wp\/v2\/product"}],"about":[{"href":"https:\/\/kemperkontakt.de\/pt-pt\/wp-json\/wp\/v2\/types\/product"}],"wp:featuredmedia":[{"embeddable":true,"href":"https:\/\/kemperkontakt.de\/pt-pt\/wp-json\/wp\/v2\/media\/7187"}],"wp:attachment":[{"href":"https:\/\/kemperkontakt.de\/pt-pt\/wp-json\/wp\/v2\/media?parent=5839"}],"wp:term":[{"taxonomy":"product_brand","embeddable":true,"href":"https:\/\/kemperkontakt.de\/pt-pt\/wp-json\/wp\/v2\/product_brand?post=5839"},{"taxonomy":"product_cat","embeddable":true,"href":"https:\/\/kemperkontakt.de\/pt-pt\/wp-json\/wp\/v2\/product_cat?post=5839"},{"taxonomy":"product_tag","embeddable":true,"href":"https:\/\/kemperkontakt.de\/pt-pt\/wp-json\/wp\/v2\/product_tag?post=5839"}],"curies":[{"name":"wp","href":"https:\/\/api.w.org\/{rel}","templated":true}]}}