{"id":5834,"date":"2024-06-11T14:04:56","date_gmt":"2024-06-11T12:04:56","guid":{"rendered":"https:\/\/kemperkontakt.de\/produkt\/cinta-de-lixa-para-radix-go16-e-vsdn-16-com-oe-100-mm\/"},"modified":"2025-03-17T12:03:11","modified_gmt":"2025-03-17T11:03:11","slug":"cinta-de-lixa-para-radix-go16-e-vsdn-16-com-oe-100-mm","status":"publish","type":"product","link":"https:\/\/kemperkontakt.de\/pt-pt\/produkt\/cinta-de-lixa-para-radix-go16-e-vsdn-16-com-oe-100-mm\/","title":{"rendered":"Cinta de lixa para Radix\u00ae GO16 e VSDN 16 com \u00d8 100 mm"},"content":{"rendered":"","protected":false},"excerpt":{"rendered":"<p class=\"bodytext\">Liga\u00e7\u00e3o de resina sint\u00e9tica, gama de gr\u00e3os P 40-P 400<\/p>\n<p>&nbsp;<\/p>\n<p class=\"bodytext\"><strong>Ficha de dados do produto:<br \/>\n<\/strong>[download id=\"4800\" template=\"Sanding belt for Radix\u00ae GO16 and VSDN 16 with 100 mm \u00d8\"]<\/p>\n","protected":false},"featured_media":7185,"template":"","meta":[],"product_brand":[],"product_cat":[732],"product_tag":[733,555,672,673],"class_list":{"0":"post-5834","1":"product","2":"type-product","3":"status-publish","4":"has-post-thumbnail","6":"product_cat-cintas-de-lixa-recomendadas-para-ferramentas-de-lixa-auto-expansiveis","7":"product_tag-mangas-deslizantes","8":"product_tag-radix-pt-pt","9":"product_tag-radix-go-16-pt-pt","10":"product_tag-radix-vsdn-16-pt-pt","12":"first","13":"instock","14":"featured","15":"shipping-taxable","16":"product-type-simple"},"yoast_head":"<!-- This site is optimized with the Yoast SEO plugin v27.3 - https:\/\/yoast.com\/product\/yoast-seo-wordpress\/ -->\n<title>Cinta de lixa para Radix\u00ae GO16 e VSDN 16 com \u00d8 100 mm - Kemper-Kontakt<\/title>\n<meta name=\"robots\" content=\"index, follow, max-snippet:-1, max-image-preview:large, max-video-preview:-1\" \/>\n<link rel=\"canonical\" href=\"https:\/\/kemperkontakt.de\/pt-pt\/produkt\/cinta-de-lixa-para-radix-go16-e-vsdn-16-com-oe-100-mm\/\" \/>\n<meta property=\"og:locale\" content=\"pt_PT\" \/>\n<meta property=\"og:type\" content=\"article\" \/>\n<meta property=\"og:title\" content=\"Cinta de lixa para Radix\u00ae GO16 e VSDN 16 com \u00d8 100 mm - Kemper-Kontakt\" \/>\n<meta property=\"og:description\" content=\"Liga\u00e7\u00e3o de resina sint\u00e9tica, gama de gr\u00e3os P 40-P 400 &nbsp; Ficha de dados do produto:\" \/>\n<meta property=\"og:url\" content=\"https:\/\/kemperkontakt.de\/pt-pt\/produkt\/cinta-de-lixa-para-radix-go16-e-vsdn-16-com-oe-100-mm\/\" \/>\n<meta property=\"og:site_name\" content=\"Kemper-Kontakt\" \/>\n<meta property=\"article:modified_time\" content=\"2025-03-17T11:03:11+00:00\" \/>\n<meta property=\"og:image\" content=\"https:\/\/kemperkontakt.de\/wp-content\/uploads\/2024\/06\/Schleifband_100_1000x1000.jpg\" \/>\n\t<meta property=\"og:image:width\" content=\"1000\" \/>\n\t<meta property=\"og:image:height\" content=\"1000\" \/>\n\t<meta property=\"og:image:type\" content=\"image\/jpeg\" \/>\n<meta name=\"twitter:card\" content=\"summary_large_image\" \/>\n<script type=\"application\/ld+json\" class=\"yoast-schema-graph\">{\"@context\":\"https:\\\/\\\/schema.org\",\"@graph\":[{\"@type\":\"WebPage\",\"@id\":\"https:\\\/\\\/kemperkontakt.de\\\/pt-pt\\\/produkt\\\/cinta-de-lixa-para-radix-go16-e-vsdn-16-com-oe-100-mm\\\/\",\"url\":\"https:\\\/\\\/kemperkontakt.de\\\/pt-pt\\\/produkt\\\/cinta-de-lixa-para-radix-go16-e-vsdn-16-com-oe-100-mm\\\/\",\"name\":\"Cinta de lixa para Radix\u00ae GO16 e VSDN 16 com \u00d8 100 mm - Kemper-Kontakt\",\"isPartOf\":{\"@id\":\"https:\\\/\\\/kemperkontakt.de\\\/pt-pt\\\/#website\"},\"primaryImageOfPage\":{\"@id\":\"https:\\\/\\\/kemperkontakt.de\\\/pt-pt\\\/produkt\\\/cinta-de-lixa-para-radix-go16-e-vsdn-16-com-oe-100-mm\\\/#primaryimage\"},\"image\":{\"@id\":\"https:\\\/\\\/kemperkontakt.de\\\/pt-pt\\\/produkt\\\/cinta-de-lixa-para-radix-go16-e-vsdn-16-com-oe-100-mm\\\/#primaryimage\"},\"thumbnailUrl\":\"https:\\\/\\\/kemperkontakt.de\\\/wp-content\\\/uploads\\\/2024\\\/06\\\/Schleifband_100_1000x1000.jpg\",\"datePublished\":\"2024-06-11T12:04:56+00:00\",\"dateModified\":\"2025-03-17T11:03:11+00:00\",\"breadcrumb\":{\"@id\":\"https:\\\/\\\/kemperkontakt.de\\\/pt-pt\\\/produkt\\\/cinta-de-lixa-para-radix-go16-e-vsdn-16-com-oe-100-mm\\\/#breadcrumb\"},\"inLanguage\":\"pt-PT\",\"potentialAction\":[{\"@type\":\"ReadAction\",\"target\":[\"https:\\\/\\\/kemperkontakt.de\\\/pt-pt\\\/produkt\\\/cinta-de-lixa-para-radix-go16-e-vsdn-16-com-oe-100-mm\\\/\"]}]},{\"@type\":\"ImageObject\",\"inLanguage\":\"pt-PT\",\"@id\":\"https:\\\/\\\/kemperkontakt.de\\\/pt-pt\\\/produkt\\\/cinta-de-lixa-para-radix-go16-e-vsdn-16-com-oe-100-mm\\\/#primaryimage\",\"url\":\"https:\\\/\\\/kemperkontakt.de\\\/wp-content\\\/uploads\\\/2024\\\/06\\\/Schleifband_100_1000x1000.jpg\",\"contentUrl\":\"https:\\\/\\\/kemperkontakt.de\\\/wp-content\\\/uploads\\\/2024\\\/06\\\/Schleifband_100_1000x1000.jpg\",\"width\":1000,\"height\":1000},{\"@type\":\"BreadcrumbList\",\"@id\":\"https:\\\/\\\/kemperkontakt.de\\\/pt-pt\\\/produkt\\\/cinta-de-lixa-para-radix-go16-e-vsdn-16-com-oe-100-mm\\\/#breadcrumb\",\"itemListElement\":[{\"@type\":\"ListItem\",\"position\":1,\"name\":\"Startseite\",\"item\":\"https:\\\/\\\/kemperkontakt.de\\\/pt-pt\\\/\"},{\"@type\":\"ListItem\",\"position\":2,\"name\":\"Categorias\",\"item\":\"https:\\\/\\\/kemperkontakt.de\\\/categorias\\\/\"},{\"@type\":\"ListItem\",\"position\":3,\"name\":\"Cinta de lixa para Radix\u00ae GO16 e VSDN 16 com \u00d8 100 mm\"}]},{\"@type\":\"WebSite\",\"@id\":\"https:\\\/\\\/kemperkontakt.de\\\/pt-pt\\\/#website\",\"url\":\"https:\\\/\\\/kemperkontakt.de\\\/pt-pt\\\/\",\"name\":\"Kemper-Kontakt\",\"description\":\"\",\"potentialAction\":[{\"@type\":\"SearchAction\",\"target\":{\"@type\":\"EntryPoint\",\"urlTemplate\":\"https:\\\/\\\/kemperkontakt.de\\\/pt-pt\\\/?s={search_term_string}\"},\"query-input\":{\"@type\":\"PropertyValueSpecification\",\"valueRequired\":true,\"valueName\":\"search_term_string\"}}],\"inLanguage\":\"pt-PT\"}]}<\/script>\n<!-- \/ Yoast SEO plugin. -->","yoast_head_json":{"title":"Cinta de lixa para Radix\u00ae GO16 e VSDN 16 com \u00d8 100 mm - Kemper-Kontakt","robots":{"index":"index","follow":"follow","max-snippet":"max-snippet:-1","max-image-preview":"max-image-preview:large","max-video-preview":"max-video-preview:-1"},"canonical":"https:\/\/kemperkontakt.de\/pt-pt\/produkt\/cinta-de-lixa-para-radix-go16-e-vsdn-16-com-oe-100-mm\/","og_locale":"pt_PT","og_type":"article","og_title":"Cinta de lixa para Radix\u00ae GO16 e VSDN 16 com \u00d8 100 mm - Kemper-Kontakt","og_description":"Liga\u00e7\u00e3o de resina sint\u00e9tica, gama de gr\u00e3os P 40-P 400 &nbsp; Ficha de dados do produto:","og_url":"https:\/\/kemperkontakt.de\/pt-pt\/produkt\/cinta-de-lixa-para-radix-go16-e-vsdn-16-com-oe-100-mm\/","og_site_name":"Kemper-Kontakt","article_modified_time":"2025-03-17T11:03:11+00:00","og_image":[{"width":1000,"height":1000,"url":"https:\/\/kemperkontakt.de\/wp-content\/uploads\/2024\/06\/Schleifband_100_1000x1000.jpg","type":"image\/jpeg"}],"twitter_card":"summary_large_image","schema":{"@context":"https:\/\/schema.org","@graph":[{"@type":"WebPage","@id":"https:\/\/kemperkontakt.de\/pt-pt\/produkt\/cinta-de-lixa-para-radix-go16-e-vsdn-16-com-oe-100-mm\/","url":"https:\/\/kemperkontakt.de\/pt-pt\/produkt\/cinta-de-lixa-para-radix-go16-e-vsdn-16-com-oe-100-mm\/","name":"Cinta de lixa para Radix\u00ae GO16 e VSDN 16 com \u00d8 100 mm - Kemper-Kontakt","isPartOf":{"@id":"https:\/\/kemperkontakt.de\/pt-pt\/#website"},"primaryImageOfPage":{"@id":"https:\/\/kemperkontakt.de\/pt-pt\/produkt\/cinta-de-lixa-para-radix-go16-e-vsdn-16-com-oe-100-mm\/#primaryimage"},"image":{"@id":"https:\/\/kemperkontakt.de\/pt-pt\/produkt\/cinta-de-lixa-para-radix-go16-e-vsdn-16-com-oe-100-mm\/#primaryimage"},"thumbnailUrl":"https:\/\/kemperkontakt.de\/wp-content\/uploads\/2024\/06\/Schleifband_100_1000x1000.jpg","datePublished":"2024-06-11T12:04:56+00:00","dateModified":"2025-03-17T11:03:11+00:00","breadcrumb":{"@id":"https:\/\/kemperkontakt.de\/pt-pt\/produkt\/cinta-de-lixa-para-radix-go16-e-vsdn-16-com-oe-100-mm\/#breadcrumb"},"inLanguage":"pt-PT","potentialAction":[{"@type":"ReadAction","target":["https:\/\/kemperkontakt.de\/pt-pt\/produkt\/cinta-de-lixa-para-radix-go16-e-vsdn-16-com-oe-100-mm\/"]}]},{"@type":"ImageObject","inLanguage":"pt-PT","@id":"https:\/\/kemperkontakt.de\/pt-pt\/produkt\/cinta-de-lixa-para-radix-go16-e-vsdn-16-com-oe-100-mm\/#primaryimage","url":"https:\/\/kemperkontakt.de\/wp-content\/uploads\/2024\/06\/Schleifband_100_1000x1000.jpg","contentUrl":"https:\/\/kemperkontakt.de\/wp-content\/uploads\/2024\/06\/Schleifband_100_1000x1000.jpg","width":1000,"height":1000},{"@type":"BreadcrumbList","@id":"https:\/\/kemperkontakt.de\/pt-pt\/produkt\/cinta-de-lixa-para-radix-go16-e-vsdn-16-com-oe-100-mm\/#breadcrumb","itemListElement":[{"@type":"ListItem","position":1,"name":"Startseite","item":"https:\/\/kemperkontakt.de\/pt-pt\/"},{"@type":"ListItem","position":2,"name":"Categorias","item":"https:\/\/kemperkontakt.de\/categorias\/"},{"@type":"ListItem","position":3,"name":"Cinta de lixa para Radix\u00ae GO16 e VSDN 16 com \u00d8 100 mm"}]},{"@type":"WebSite","@id":"https:\/\/kemperkontakt.de\/pt-pt\/#website","url":"https:\/\/kemperkontakt.de\/pt-pt\/","name":"Kemper-Kontakt","description":"","potentialAction":[{"@type":"SearchAction","target":{"@type":"EntryPoint","urlTemplate":"https:\/\/kemperkontakt.de\/pt-pt\/?s={search_term_string}"},"query-input":{"@type":"PropertyValueSpecification","valueRequired":true,"valueName":"search_term_string"}}],"inLanguage":"pt-PT"}]}},"_links":{"self":[{"href":"https:\/\/kemperkontakt.de\/pt-pt\/wp-json\/wp\/v2\/product\/5834","targetHints":{"allow":["GET"]}}],"collection":[{"href":"https:\/\/kemperkontakt.de\/pt-pt\/wp-json\/wp\/v2\/product"}],"about":[{"href":"https:\/\/kemperkontakt.de\/pt-pt\/wp-json\/wp\/v2\/types\/product"}],"wp:featuredmedia":[{"embeddable":true,"href":"https:\/\/kemperkontakt.de\/pt-pt\/wp-json\/wp\/v2\/media\/7185"}],"wp:attachment":[{"href":"https:\/\/kemperkontakt.de\/pt-pt\/wp-json\/wp\/v2\/media?parent=5834"}],"wp:term":[{"taxonomy":"product_brand","embeddable":true,"href":"https:\/\/kemperkontakt.de\/pt-pt\/wp-json\/wp\/v2\/product_brand?post=5834"},{"taxonomy":"product_cat","embeddable":true,"href":"https:\/\/kemperkontakt.de\/pt-pt\/wp-json\/wp\/v2\/product_cat?post=5834"},{"taxonomy":"product_tag","embeddable":true,"href":"https:\/\/kemperkontakt.de\/pt-pt\/wp-json\/wp\/v2\/product_tag?post=5834"}],"curies":[{"name":"wp","href":"https:\/\/api.w.org\/{rel}","templated":true}]}}