{"id":5703,"date":"2024-06-21T18:12:51","date_gmt":"2024-06-21T16:12:51","guid":{"rendered":"https:\/\/kemperkontakt.de\/produkt\/original-kemper-schleifstern\/"},"modified":"2025-03-17T11:53:59","modified_gmt":"2025-03-17T10:53:59","slug":"original-kemper-schleifstern","status":"publish","type":"product","link":"https:\/\/kemperkontakt.de\/pt-pt\/produkt\/original-kemper-schleifstern\/","title":{"rendered":"ORIGINAL-KEMPER-SCHLEIFSTERN\u00ae."},"content":{"rendered":"","protected":false},"excerpt":{"rendered":"<p class=\"bodytext\">Ferramenta de lixar e rebarbar feita de pano abrasivo altamente flex\u00edvel e com ranhuras, gama de gr\u00e3os P 60-800, fixa\u00e7\u00e3o das abas com rebites tubulares robustos ou flanges de pl\u00e1stico, largura 5-12 mm dependendo do di\u00e2metro e do tamanho do gr\u00e3o.<\/p>\n<p class=\"bodytext\">Recomenda\u00e7\u00e3o de utiliza\u00e7\u00e3o: Num conjunto de, pelo menos, tr\u00eas pe\u00e7as, uma ao lado da outra.<\/p>\n<p>&nbsp;<\/p>\n<p><strong>Para utilizar com que m\u00e1quina:<\/strong><\/p>\n<p><a href=\"\/pt-pt\/produkt-schlagwort\/starmax-neo-pt-pt\/\"><img decoding=\"async\" class=\"alignnone wp-image-914\" src=\"http:\/\/kemperkontakt.com\/wp-content\/uploads\/2024\/07\/Starmax%C2%AE-neo-150x150.png\" alt=\"\" width=\"100\" height=\"100\" \/><\/a><a href=\"\/pt-pt\/produkt-schlagwort\/starmax-mini-pt-pt\/\"><img decoding=\"async\" class=\"alignnone wp-image-912\" src=\"http:\/\/kemperkontakt.com\/wp-content\/uploads\/2024\/07\/Starmax%C2%AE-mini-150x150.png\" alt=\"\" width=\"100\" height=\"100\" \/><\/a><a href=\"\/pt-pt\/produkt-schlagwort\/maquinas-fixas\/\"><img decoding=\"async\" class=\"alignnone wp-image-915\" src=\"http:\/\/kemperkontakt.com\/wp-content\/uploads\/2024\/07\/Stationaere-Maschine-150x150.png\" alt=\"\" width=\"100\" height=\"100\" srcset=\"https:\/\/kemperkontakt.de\/wp-content\/uploads\/2024\/07\/Stationaere-Maschine-66x66.png 66w, https:\/\/kemperkontakt.de\/wp-content\/uploads\/2024\/07\/Stationaere-Maschine-150x150.png 150w, https:\/\/kemperkontakt.de\/wp-content\/uploads\/2024\/07\/Stationaere-Maschine-200x200.png 200w, https:\/\/kemperkontakt.de\/wp-content\/uploads\/2024\/07\/Stationaere-Maschine-300x300.png 300w, https:\/\/kemperkontakt.de\/wp-content\/uploads\/2024\/07\/Stationaere-Maschine-400x400.png 400w, https:\/\/kemperkontakt.de\/wp-content\/uploads\/2024\/07\/Stationaere-Maschine-500x500.png 500w, https:\/\/kemperkontakt.de\/wp-content\/uploads\/2024\/07\/Stationaere-Maschine-600x600.png 600w, https:\/\/kemperkontakt.de\/wp-content\/uploads\/2024\/07\/Stationaere-Maschine-768x768.png 768w, https:\/\/kemperkontakt.de\/wp-content\/uploads\/2024\/07\/Stationaere-Maschine.png 800w\" sizes=\"(max-width: 100px) 100vw, 100px\" \/><\/a><\/p>\n<p class=\"bodytext\"><strong>Ficha de dados do produto:<br \/>\n<\/strong>[download id=\"4740\" template=\"ORIGINAL-KEMPER-SCHLEIFSTERN\u00ae\"]<\/p>\n","protected":false},"featured_media":5704,"template":"","meta":[],"product_brand":[],"product_cat":[705],"product_tag":[512,544,509,710,530,511,510],"class_list":{"0":"post-5703","1":"product","2":"type-product","3":"status-publish","4":"has-post-thumbnail","6":"product_cat-kemper-schleifstern-original-pt-pt","7":"product_tag-aluminio","8":"product_tag-maquinas-fixas","9":"product_tag-metal-geral","10":"product_tag-perfis-de-aluminio","11":"product_tag-rebarbacao","12":"product_tag-starmax-mini-pt-pt","13":"product_tag-starmax-neo-pt-pt","15":"first","16":"instock","17":"shipping-taxable","18":"product-type-simple"},"yoast_head":"<!-- This site is optimized with the Yoast SEO plugin v27.4 - https:\/\/yoast.com\/product\/yoast-seo-wordpress\/ -->\n<title>ORIGINAL-KEMPER-SCHLEIFSTERN\u00ae. - Kemper-Kontakt<\/title>\n<meta name=\"robots\" content=\"index, follow, max-snippet:-1, max-image-preview:large, max-video-preview:-1\" \/>\n<link rel=\"canonical\" href=\"https:\/\/kemperkontakt.de\/pt-pt\/produkt\/original-kemper-schleifstern\/\" \/>\n<meta property=\"og:locale\" content=\"pt_PT\" \/>\n<meta property=\"og:type\" content=\"article\" \/>\n<meta property=\"og:title\" content=\"ORIGINAL-KEMPER-SCHLEIFSTERN\u00ae. - Kemper-Kontakt\" \/>\n<meta property=\"og:description\" content=\"Ferramenta de lixar e rebarbar feita de pano abrasivo altamente flex\u00edvel e com ranhuras, gama de gr\u00e3os P 60-800, fixa\u00e7\u00e3o das abas com rebites tubulares robustos ou flanges de pl\u00e1stico, largura 5-12 mm dependendo do di\u00e2metro e do tamanho do gr\u00e3o. Recomenda\u00e7\u00e3o de utiliza\u00e7\u00e3o: Num conjunto de, pelo menos, tr\u00eas pe\u00e7as, uma ao lado da outra. &nbsp;  Para utilizar com que m\u00e1quina:   Ficha de dados do produto:\" \/>\n<meta property=\"og:url\" content=\"https:\/\/kemperkontakt.de\/pt-pt\/produkt\/original-kemper-schleifstern\/\" \/>\n<meta property=\"og:site_name\" content=\"Kemper-Kontakt\" \/>\n<meta property=\"article:modified_time\" content=\"2025-03-17T10:53:59+00:00\" \/>\n<meta property=\"og:image\" content=\"https:\/\/kemperkontakt.de\/wp-content\/uploads\/2024\/09\/Schleifsterne-1-1.jpg\" \/>\n\t<meta property=\"og:image:width\" content=\"1280\" \/>\n\t<meta property=\"og:image:height\" content=\"1280\" \/>\n\t<meta property=\"og:image:type\" content=\"image\/jpeg\" \/>\n<meta name=\"twitter:card\" content=\"summary_large_image\" \/>\n<meta name=\"twitter:label1\" content=\"Tempo estimado de leitura\" \/>\n\t<meta name=\"twitter:data1\" content=\"1 minuto\" \/>\n<script type=\"application\/ld+json\" class=\"yoast-schema-graph\">{\"@context\":\"https:\\\/\\\/schema.org\",\"@graph\":[{\"@type\":\"WebPage\",\"@id\":\"https:\\\/\\\/kemperkontakt.de\\\/pt-pt\\\/produkt\\\/original-kemper-schleifstern\\\/\",\"url\":\"https:\\\/\\\/kemperkontakt.de\\\/pt-pt\\\/produkt\\\/original-kemper-schleifstern\\\/\",\"name\":\"ORIGINAL-KEMPER-SCHLEIFSTERN\u00ae. - Kemper-Kontakt\",\"isPartOf\":{\"@id\":\"https:\\\/\\\/kemperkontakt.de\\\/pt-pt\\\/#website\"},\"primaryImageOfPage\":{\"@id\":\"https:\\\/\\\/kemperkontakt.de\\\/pt-pt\\\/produkt\\\/original-kemper-schleifstern\\\/#primaryimage\"},\"image\":{\"@id\":\"https:\\\/\\\/kemperkontakt.de\\\/pt-pt\\\/produkt\\\/original-kemper-schleifstern\\\/#primaryimage\"},\"thumbnailUrl\":\"https:\\\/\\\/kemperkontakt.de\\\/wp-content\\\/uploads\\\/2024\\\/09\\\/Schleifsterne-1-1.jpg\",\"datePublished\":\"2024-06-21T16:12:51+00:00\",\"dateModified\":\"2025-03-17T10:53:59+00:00\",\"breadcrumb\":{\"@id\":\"https:\\\/\\\/kemperkontakt.de\\\/pt-pt\\\/produkt\\\/original-kemper-schleifstern\\\/#breadcrumb\"},\"inLanguage\":\"pt-PT\",\"potentialAction\":[{\"@type\":\"ReadAction\",\"target\":[\"https:\\\/\\\/kemperkontakt.de\\\/pt-pt\\\/produkt\\\/original-kemper-schleifstern\\\/\"]}]},{\"@type\":\"ImageObject\",\"inLanguage\":\"pt-PT\",\"@id\":\"https:\\\/\\\/kemperkontakt.de\\\/pt-pt\\\/produkt\\\/original-kemper-schleifstern\\\/#primaryimage\",\"url\":\"https:\\\/\\\/kemperkontakt.de\\\/wp-content\\\/uploads\\\/2024\\\/09\\\/Schleifsterne-1-1.jpg\",\"contentUrl\":\"https:\\\/\\\/kemperkontakt.de\\\/wp-content\\\/uploads\\\/2024\\\/09\\\/Schleifsterne-1-1.jpg\",\"width\":1280,\"height\":1280},{\"@type\":\"BreadcrumbList\",\"@id\":\"https:\\\/\\\/kemperkontakt.de\\\/pt-pt\\\/produkt\\\/original-kemper-schleifstern\\\/#breadcrumb\",\"itemListElement\":[{\"@type\":\"ListItem\",\"position\":1,\"name\":\"Startseite\",\"item\":\"https:\\\/\\\/kemperkontakt.de\\\/pt-pt\\\/\"},{\"@type\":\"ListItem\",\"position\":2,\"name\":\"Categorias\",\"item\":\"https:\\\/\\\/kemperkontakt.de\\\/categorias\\\/\"},{\"@type\":\"ListItem\",\"position\":3,\"name\":\"ORIGINAL-KEMPER-SCHLEIFSTERN\u00ae.\"}]},{\"@type\":\"WebSite\",\"@id\":\"https:\\\/\\\/kemperkontakt.de\\\/pt-pt\\\/#website\",\"url\":\"https:\\\/\\\/kemperkontakt.de\\\/pt-pt\\\/\",\"name\":\"Kemper-Kontakt\",\"description\":\"\",\"potentialAction\":[{\"@type\":\"SearchAction\",\"target\":{\"@type\":\"EntryPoint\",\"urlTemplate\":\"https:\\\/\\\/kemperkontakt.de\\\/pt-pt\\\/?s={search_term_string}\"},\"query-input\":{\"@type\":\"PropertyValueSpecification\",\"valueRequired\":true,\"valueName\":\"search_term_string\"}}],\"inLanguage\":\"pt-PT\"}]}<\/script>\n<!-- \/ Yoast SEO plugin. -->","yoast_head_json":{"title":"ORIGINAL-KEMPER-SCHLEIFSTERN\u00ae. - Kemper-Kontakt","robots":{"index":"index","follow":"follow","max-snippet":"max-snippet:-1","max-image-preview":"max-image-preview:large","max-video-preview":"max-video-preview:-1"},"canonical":"https:\/\/kemperkontakt.de\/pt-pt\/produkt\/original-kemper-schleifstern\/","og_locale":"pt_PT","og_type":"article","og_title":"ORIGINAL-KEMPER-SCHLEIFSTERN\u00ae. - Kemper-Kontakt","og_description":"Ferramenta de lixar e rebarbar feita de pano abrasivo altamente flex\u00edvel e com ranhuras, gama de gr\u00e3os P 60-800, fixa\u00e7\u00e3o das abas com rebites tubulares robustos ou flanges de pl\u00e1stico, largura 5-12 mm dependendo do di\u00e2metro e do tamanho do gr\u00e3o. Recomenda\u00e7\u00e3o de utiliza\u00e7\u00e3o: Num conjunto de, pelo menos, tr\u00eas pe\u00e7as, uma ao lado da outra. &nbsp;  Para utilizar com que m\u00e1quina:   Ficha de dados do produto:","og_url":"https:\/\/kemperkontakt.de\/pt-pt\/produkt\/original-kemper-schleifstern\/","og_site_name":"Kemper-Kontakt","article_modified_time":"2025-03-17T10:53:59+00:00","og_image":[{"width":1280,"height":1280,"url":"https:\/\/kemperkontakt.de\/wp-content\/uploads\/2024\/09\/Schleifsterne-1-1.jpg","type":"image\/jpeg"}],"twitter_card":"summary_large_image","twitter_misc":{"Tempo estimado de leitura":"1 minuto"},"schema":{"@context":"https:\/\/schema.org","@graph":[{"@type":"WebPage","@id":"https:\/\/kemperkontakt.de\/pt-pt\/produkt\/original-kemper-schleifstern\/","url":"https:\/\/kemperkontakt.de\/pt-pt\/produkt\/original-kemper-schleifstern\/","name":"ORIGINAL-KEMPER-SCHLEIFSTERN\u00ae. - Kemper-Kontakt","isPartOf":{"@id":"https:\/\/kemperkontakt.de\/pt-pt\/#website"},"primaryImageOfPage":{"@id":"https:\/\/kemperkontakt.de\/pt-pt\/produkt\/original-kemper-schleifstern\/#primaryimage"},"image":{"@id":"https:\/\/kemperkontakt.de\/pt-pt\/produkt\/original-kemper-schleifstern\/#primaryimage"},"thumbnailUrl":"https:\/\/kemperkontakt.de\/wp-content\/uploads\/2024\/09\/Schleifsterne-1-1.jpg","datePublished":"2024-06-21T16:12:51+00:00","dateModified":"2025-03-17T10:53:59+00:00","breadcrumb":{"@id":"https:\/\/kemperkontakt.de\/pt-pt\/produkt\/original-kemper-schleifstern\/#breadcrumb"},"inLanguage":"pt-PT","potentialAction":[{"@type":"ReadAction","target":["https:\/\/kemperkontakt.de\/pt-pt\/produkt\/original-kemper-schleifstern\/"]}]},{"@type":"ImageObject","inLanguage":"pt-PT","@id":"https:\/\/kemperkontakt.de\/pt-pt\/produkt\/original-kemper-schleifstern\/#primaryimage","url":"https:\/\/kemperkontakt.de\/wp-content\/uploads\/2024\/09\/Schleifsterne-1-1.jpg","contentUrl":"https:\/\/kemperkontakt.de\/wp-content\/uploads\/2024\/09\/Schleifsterne-1-1.jpg","width":1280,"height":1280},{"@type":"BreadcrumbList","@id":"https:\/\/kemperkontakt.de\/pt-pt\/produkt\/original-kemper-schleifstern\/#breadcrumb","itemListElement":[{"@type":"ListItem","position":1,"name":"Startseite","item":"https:\/\/kemperkontakt.de\/pt-pt\/"},{"@type":"ListItem","position":2,"name":"Categorias","item":"https:\/\/kemperkontakt.de\/categorias\/"},{"@type":"ListItem","position":3,"name":"ORIGINAL-KEMPER-SCHLEIFSTERN\u00ae."}]},{"@type":"WebSite","@id":"https:\/\/kemperkontakt.de\/pt-pt\/#website","url":"https:\/\/kemperkontakt.de\/pt-pt\/","name":"Kemper-Kontakt","description":"","potentialAction":[{"@type":"SearchAction","target":{"@type":"EntryPoint","urlTemplate":"https:\/\/kemperkontakt.de\/pt-pt\/?s={search_term_string}"},"query-input":{"@type":"PropertyValueSpecification","valueRequired":true,"valueName":"search_term_string"}}],"inLanguage":"pt-PT"}]}},"_links":{"self":[{"href":"https:\/\/kemperkontakt.de\/pt-pt\/wp-json\/wp\/v2\/product\/5703","targetHints":{"allow":["GET"]}}],"collection":[{"href":"https:\/\/kemperkontakt.de\/pt-pt\/wp-json\/wp\/v2\/product"}],"about":[{"href":"https:\/\/kemperkontakt.de\/pt-pt\/wp-json\/wp\/v2\/types\/product"}],"wp:featuredmedia":[{"embeddable":true,"href":"https:\/\/kemperkontakt.de\/pt-pt\/wp-json\/wp\/v2\/media\/5704"}],"wp:attachment":[{"href":"https:\/\/kemperkontakt.de\/pt-pt\/wp-json\/wp\/v2\/media?parent=5703"}],"wp:term":[{"taxonomy":"product_brand","embeddable":true,"href":"https:\/\/kemperkontakt.de\/pt-pt\/wp-json\/wp\/v2\/product_brand?post=5703"},{"taxonomy":"product_cat","embeddable":true,"href":"https:\/\/kemperkontakt.de\/pt-pt\/wp-json\/wp\/v2\/product_cat?post=5703"},{"taxonomy":"product_tag","embeddable":true,"href":"https:\/\/kemperkontakt.de\/pt-pt\/wp-json\/wp\/v2\/product_tag?post=5703"}],"curies":[{"name":"wp","href":"https:\/\/api.w.org\/{rel}","templated":true}]}}