{"id":5688,"date":"2024-06-21T18:13:31","date_gmt":"2024-06-21T16:13:31","guid":{"rendered":"https:\/\/kemperkontakt.de\/produkt\/original-kemper-schleifstern-ms\/"},"modified":"2025-03-17T11:53:24","modified_gmt":"2025-03-17T10:53:24","slug":"original-kemper-schleifstern-ms","status":"publish","type":"product","link":"https:\/\/kemperkontakt.de\/pt-pt\/produkt\/original-kemper-schleifstern-ms\/","title":{"rendered":"ORIGINAL-KEMPER-SCHLEIFSTERN\u00ae MS"},"content":{"rendered":"","protected":false},"excerpt":{"rendered":"<p>Ferramenta de lixar e rebarbar feita de tecido abrasivo altamente flex\u00edvel e com ranhuras, 4 segmentos de estrela de lixar em eixo de 6 mm ou 8 mm, gama de gr\u00e3os P 60-800.<\/p>\n<p>&nbsp;<\/p>\n<p><strong>Para utilizar com que m\u00e1quina:<\/strong><\/p>\n<p><a href=\"\/pt-pt\/produkt-schlagwort\/chave-de-fendas-sem-fio\/\"><img decoding=\"async\" class=\"alignnone wp-image-904\" src=\"http:\/\/kemperkontakt.com\/wp-content\/uploads\/2024\/07\/Akkuschrauber-150x150.png\" alt=\"\" width=\"100\" height=\"100\" srcset=\"https:\/\/kemperkontakt.de\/wp-content\/uploads\/2024\/07\/Akkuschrauber-66x66.png 66w, https:\/\/kemperkontakt.de\/wp-content\/uploads\/2024\/07\/Akkuschrauber-150x150.png 150w, https:\/\/kemperkontakt.de\/wp-content\/uploads\/2024\/07\/Akkuschrauber-200x200.png 200w, https:\/\/kemperkontakt.de\/wp-content\/uploads\/2024\/07\/Akkuschrauber-300x300.png 300w, https:\/\/kemperkontakt.de\/wp-content\/uploads\/2024\/07\/Akkuschrauber-400x400.png 400w, https:\/\/kemperkontakt.de\/wp-content\/uploads\/2024\/07\/Akkuschrauber-500x500.png 500w, https:\/\/kemperkontakt.de\/wp-content\/uploads\/2024\/07\/Akkuschrauber-600x600.png 600w, https:\/\/kemperkontakt.de\/wp-content\/uploads\/2024\/07\/Akkuschrauber-768x768.png 768w, https:\/\/kemperkontakt.de\/wp-content\/uploads\/2024\/07\/Akkuschrauber.png 800w\" sizes=\"(max-width: 100px) 100vw, 100px\" \/><\/a><a href=\"\/pt-pt\/produkt-schlagwort\/eixo-flexivel\/\"><img decoding=\"async\" class=\"alignnone wp-image-906\" src=\"http:\/\/kemperkontakt.com\/wp-content\/uploads\/2024\/07\/Biegsame-Welle-150x150.png\" alt=\"\" width=\"100\" height=\"100\" srcset=\"https:\/\/kemperkontakt.de\/wp-content\/uploads\/2024\/07\/Biegsame-Welle-66x66.png 66w, https:\/\/kemperkontakt.de\/wp-content\/uploads\/2024\/07\/Biegsame-Welle-150x150.png 150w, https:\/\/kemperkontakt.de\/wp-content\/uploads\/2024\/07\/Biegsame-Welle-200x200.png 200w, https:\/\/kemperkontakt.de\/wp-content\/uploads\/2024\/07\/Biegsame-Welle-300x300.png 300w, https:\/\/kemperkontakt.de\/wp-content\/uploads\/2024\/07\/Biegsame-Welle-400x400.png 400w, https:\/\/kemperkontakt.de\/wp-content\/uploads\/2024\/07\/Biegsame-Welle-500x500.png 500w, https:\/\/kemperkontakt.de\/wp-content\/uploads\/2024\/07\/Biegsame-Welle-600x600.png 600w, https:\/\/kemperkontakt.de\/wp-content\/uploads\/2024\/07\/Biegsame-Welle-768x768.png 768w, https:\/\/kemperkontakt.de\/wp-content\/uploads\/2024\/07\/Biegsame-Welle.png 800w\" sizes=\"(max-width: 100px) 100vw, 100px\" \/><\/a><a href=\"\/pt-pt\/produkt-schlagwort\/maquina-de-perfuracao\/\"><img decoding=\"async\" class=\"alignnone wp-image-907\" src=\"http:\/\/kemperkontakt.com\/wp-content\/uploads\/2024\/07\/Bohrmaschine-150x150.png\" alt=\"\" width=\"100\" height=\"100\" srcset=\"https:\/\/kemperkontakt.de\/wp-content\/uploads\/2024\/07\/Bohrmaschine-66x66.png 66w, https:\/\/kemperkontakt.de\/wp-content\/uploads\/2024\/07\/Bohrmaschine-150x150.png 150w, https:\/\/kemperkontakt.de\/wp-content\/uploads\/2024\/07\/Bohrmaschine-200x200.png 200w, https:\/\/kemperkontakt.de\/wp-content\/uploads\/2024\/07\/Bohrmaschine-300x300.png 300w, https:\/\/kemperkontakt.de\/wp-content\/uploads\/2024\/07\/Bohrmaschine-400x400.png 400w, https:\/\/kemperkontakt.de\/wp-content\/uploads\/2024\/07\/Bohrmaschine-500x500.png 500w, https:\/\/kemperkontakt.de\/wp-content\/uploads\/2024\/07\/Bohrmaschine-600x600.png 600w, https:\/\/kemperkontakt.de\/wp-content\/uploads\/2024\/07\/Bohrmaschine-768x768.png 768w, https:\/\/kemperkontakt.de\/wp-content\/uploads\/2024\/07\/Bohrmaschine.png 800w\" sizes=\"(max-width: 100px) 100vw, 100px\" \/><\/a><a href=\"\/pt-pt\/produkt-schlagwort\/rectificadora-reta\/\"><img decoding=\"async\" class=\"alignnone wp-image-908\" src=\"http:\/\/kemperkontakt.com\/wp-content\/uploads\/2024\/07\/Geradschleifer-150x150.png\" alt=\"\" width=\"100\" height=\"100\" srcset=\"https:\/\/kemperkontakt.de\/wp-content\/uploads\/2024\/07\/Geradschleifer-66x66.png 66w, https:\/\/kemperkontakt.de\/wp-content\/uploads\/2024\/07\/Geradschleifer-150x150.png 150w, https:\/\/kemperkontakt.de\/wp-content\/uploads\/2024\/07\/Geradschleifer-200x200.png 200w, https:\/\/kemperkontakt.de\/wp-content\/uploads\/2024\/07\/Geradschleifer-300x300.png 300w, https:\/\/kemperkontakt.de\/wp-content\/uploads\/2024\/07\/Geradschleifer-400x400.png 400w, https:\/\/kemperkontakt.de\/wp-content\/uploads\/2024\/07\/Geradschleifer-500x500.png 500w, https:\/\/kemperkontakt.de\/wp-content\/uploads\/2024\/07\/Geradschleifer-600x600.png 600w, https:\/\/kemperkontakt.de\/wp-content\/uploads\/2024\/07\/Geradschleifer-768x768.png 768w, https:\/\/kemperkontakt.de\/wp-content\/uploads\/2024\/07\/Geradschleifer.png 800w\" sizes=\"(max-width: 100px) 100vw, 100px\" \/><\/a><\/p>\n<p class=\"bodytext\"><strong>Ficha de dados do produto:<br \/>\n<\/strong>[download id=\"4735\" template=\"ORIGINAL-KEMPER-SCHLEIFSTERN\u00ae MS\"]<\/p>\n","protected":false},"featured_media":5689,"template":"","meta":[],"product_brand":[],"product_cat":[705],"product_tag":[512,613,616,614,509,530,615],"class_list":{"0":"post-5688","1":"product","2":"type-product","3":"status-publish","4":"has-post-thumbnail","6":"product_cat-kemper-schleifstern-original-pt-pt","7":"product_tag-aluminio","8":"product_tag-chave-de-fendas-sem-fio","9":"product_tag-eixo-flexivel","10":"product_tag-maquina-de-perfuracao","11":"product_tag-metal-geral","12":"product_tag-rebarbacao","13":"product_tag-rectificadora-reta","15":"first","16":"instock","17":"shipping-taxable","18":"product-type-simple"},"yoast_head":"<!-- This site is optimized with the Yoast SEO plugin v27.3 - https:\/\/yoast.com\/product\/yoast-seo-wordpress\/ -->\n<title>ORIGINAL-KEMPER-SCHLEIFSTERN\u00ae MS - Kemper-Kontakt<\/title>\n<meta name=\"robots\" content=\"index, follow, max-snippet:-1, max-image-preview:large, max-video-preview:-1\" \/>\n<link rel=\"canonical\" href=\"https:\/\/kemperkontakt.de\/pt-pt\/produkt\/original-kemper-schleifstern-ms\/\" \/>\n<meta property=\"og:locale\" content=\"pt_PT\" \/>\n<meta property=\"og:type\" content=\"article\" \/>\n<meta property=\"og:title\" content=\"ORIGINAL-KEMPER-SCHLEIFSTERN\u00ae MS - Kemper-Kontakt\" \/>\n<meta property=\"og:description\" content=\"Ferramenta de lixar e rebarbar feita de tecido abrasivo altamente flex\u00edvel e com ranhuras, 4 segmentos de estrela de lixar em eixo de 6 mm ou 8 mm, gama de gr\u00e3os P 60-800.  &nbsp;  Para utilizar com que m\u00e1quina:   Ficha de dados do produto:\" \/>\n<meta property=\"og:url\" content=\"https:\/\/kemperkontakt.de\/pt-pt\/produkt\/original-kemper-schleifstern-ms\/\" \/>\n<meta property=\"og:site_name\" content=\"Kemper-Kontakt\" \/>\n<meta property=\"article:modified_time\" content=\"2025-03-17T10:53:24+00:00\" \/>\n<meta property=\"og:image\" content=\"https:\/\/kemperkontakt.de\/wp-content\/uploads\/2024\/06\/ORIGINAL-KEMPER-Schleifstern_MS_1000x1000.jpg\" \/>\n\t<meta property=\"og:image:width\" content=\"1000\" \/>\n\t<meta property=\"og:image:height\" content=\"1000\" \/>\n\t<meta property=\"og:image:type\" content=\"image\/jpeg\" \/>\n<meta name=\"twitter:card\" content=\"summary_large_image\" \/>\n<meta name=\"twitter:label1\" content=\"Tempo estimado de leitura\" \/>\n\t<meta name=\"twitter:data1\" content=\"1 minuto\" \/>\n<script type=\"application\/ld+json\" class=\"yoast-schema-graph\">{\"@context\":\"https:\\\/\\\/schema.org\",\"@graph\":[{\"@type\":\"WebPage\",\"@id\":\"https:\\\/\\\/kemperkontakt.de\\\/pt-pt\\\/produkt\\\/original-kemper-schleifstern-ms\\\/\",\"url\":\"https:\\\/\\\/kemperkontakt.de\\\/pt-pt\\\/produkt\\\/original-kemper-schleifstern-ms\\\/\",\"name\":\"ORIGINAL-KEMPER-SCHLEIFSTERN\u00ae MS - Kemper-Kontakt\",\"isPartOf\":{\"@id\":\"https:\\\/\\\/kemperkontakt.de\\\/pt-pt\\\/#website\"},\"primaryImageOfPage\":{\"@id\":\"https:\\\/\\\/kemperkontakt.de\\\/pt-pt\\\/produkt\\\/original-kemper-schleifstern-ms\\\/#primaryimage\"},\"image\":{\"@id\":\"https:\\\/\\\/kemperkontakt.de\\\/pt-pt\\\/produkt\\\/original-kemper-schleifstern-ms\\\/#primaryimage\"},\"thumbnailUrl\":\"https:\\\/\\\/kemperkontakt.de\\\/wp-content\\\/uploads\\\/2024\\\/06\\\/ORIGINAL-KEMPER-Schleifstern_MS_1000x1000.jpg\",\"datePublished\":\"2024-06-21T16:13:31+00:00\",\"dateModified\":\"2025-03-17T10:53:24+00:00\",\"breadcrumb\":{\"@id\":\"https:\\\/\\\/kemperkontakt.de\\\/pt-pt\\\/produkt\\\/original-kemper-schleifstern-ms\\\/#breadcrumb\"},\"inLanguage\":\"pt-PT\",\"potentialAction\":[{\"@type\":\"ReadAction\",\"target\":[\"https:\\\/\\\/kemperkontakt.de\\\/pt-pt\\\/produkt\\\/original-kemper-schleifstern-ms\\\/\"]}]},{\"@type\":\"ImageObject\",\"inLanguage\":\"pt-PT\",\"@id\":\"https:\\\/\\\/kemperkontakt.de\\\/pt-pt\\\/produkt\\\/original-kemper-schleifstern-ms\\\/#primaryimage\",\"url\":\"https:\\\/\\\/kemperkontakt.de\\\/wp-content\\\/uploads\\\/2024\\\/06\\\/ORIGINAL-KEMPER-Schleifstern_MS_1000x1000.jpg\",\"contentUrl\":\"https:\\\/\\\/kemperkontakt.de\\\/wp-content\\\/uploads\\\/2024\\\/06\\\/ORIGINAL-KEMPER-Schleifstern_MS_1000x1000.jpg\",\"width\":1000,\"height\":1000},{\"@type\":\"BreadcrumbList\",\"@id\":\"https:\\\/\\\/kemperkontakt.de\\\/pt-pt\\\/produkt\\\/original-kemper-schleifstern-ms\\\/#breadcrumb\",\"itemListElement\":[{\"@type\":\"ListItem\",\"position\":1,\"name\":\"Startseite\",\"item\":\"https:\\\/\\\/kemperkontakt.de\\\/pt-pt\\\/\"},{\"@type\":\"ListItem\",\"position\":2,\"name\":\"Categorias\",\"item\":\"https:\\\/\\\/kemperkontakt.de\\\/categorias\\\/\"},{\"@type\":\"ListItem\",\"position\":3,\"name\":\"ORIGINAL-KEMPER-SCHLEIFSTERN\u00ae MS\"}]},{\"@type\":\"WebSite\",\"@id\":\"https:\\\/\\\/kemperkontakt.de\\\/pt-pt\\\/#website\",\"url\":\"https:\\\/\\\/kemperkontakt.de\\\/pt-pt\\\/\",\"name\":\"Kemper-Kontakt\",\"description\":\"\",\"potentialAction\":[{\"@type\":\"SearchAction\",\"target\":{\"@type\":\"EntryPoint\",\"urlTemplate\":\"https:\\\/\\\/kemperkontakt.de\\\/pt-pt\\\/?s={search_term_string}\"},\"query-input\":{\"@type\":\"PropertyValueSpecification\",\"valueRequired\":true,\"valueName\":\"search_term_string\"}}],\"inLanguage\":\"pt-PT\"}]}<\/script>\n<!-- \/ Yoast SEO plugin. -->","yoast_head_json":{"title":"ORIGINAL-KEMPER-SCHLEIFSTERN\u00ae MS - Kemper-Kontakt","robots":{"index":"index","follow":"follow","max-snippet":"max-snippet:-1","max-image-preview":"max-image-preview:large","max-video-preview":"max-video-preview:-1"},"canonical":"https:\/\/kemperkontakt.de\/pt-pt\/produkt\/original-kemper-schleifstern-ms\/","og_locale":"pt_PT","og_type":"article","og_title":"ORIGINAL-KEMPER-SCHLEIFSTERN\u00ae MS - Kemper-Kontakt","og_description":"Ferramenta de lixar e rebarbar feita de tecido abrasivo altamente flex\u00edvel e com ranhuras, 4 segmentos de estrela de lixar em eixo de 6 mm ou 8 mm, gama de gr\u00e3os P 60-800.  &nbsp;  Para utilizar com que m\u00e1quina:   Ficha de dados do produto:","og_url":"https:\/\/kemperkontakt.de\/pt-pt\/produkt\/original-kemper-schleifstern-ms\/","og_site_name":"Kemper-Kontakt","article_modified_time":"2025-03-17T10:53:24+00:00","og_image":[{"width":1000,"height":1000,"url":"https:\/\/kemperkontakt.de\/wp-content\/uploads\/2024\/06\/ORIGINAL-KEMPER-Schleifstern_MS_1000x1000.jpg","type":"image\/jpeg"}],"twitter_card":"summary_large_image","twitter_misc":{"Tempo estimado de leitura":"1 minuto"},"schema":{"@context":"https:\/\/schema.org","@graph":[{"@type":"WebPage","@id":"https:\/\/kemperkontakt.de\/pt-pt\/produkt\/original-kemper-schleifstern-ms\/","url":"https:\/\/kemperkontakt.de\/pt-pt\/produkt\/original-kemper-schleifstern-ms\/","name":"ORIGINAL-KEMPER-SCHLEIFSTERN\u00ae MS - Kemper-Kontakt","isPartOf":{"@id":"https:\/\/kemperkontakt.de\/pt-pt\/#website"},"primaryImageOfPage":{"@id":"https:\/\/kemperkontakt.de\/pt-pt\/produkt\/original-kemper-schleifstern-ms\/#primaryimage"},"image":{"@id":"https:\/\/kemperkontakt.de\/pt-pt\/produkt\/original-kemper-schleifstern-ms\/#primaryimage"},"thumbnailUrl":"https:\/\/kemperkontakt.de\/wp-content\/uploads\/2024\/06\/ORIGINAL-KEMPER-Schleifstern_MS_1000x1000.jpg","datePublished":"2024-06-21T16:13:31+00:00","dateModified":"2025-03-17T10:53:24+00:00","breadcrumb":{"@id":"https:\/\/kemperkontakt.de\/pt-pt\/produkt\/original-kemper-schleifstern-ms\/#breadcrumb"},"inLanguage":"pt-PT","potentialAction":[{"@type":"ReadAction","target":["https:\/\/kemperkontakt.de\/pt-pt\/produkt\/original-kemper-schleifstern-ms\/"]}]},{"@type":"ImageObject","inLanguage":"pt-PT","@id":"https:\/\/kemperkontakt.de\/pt-pt\/produkt\/original-kemper-schleifstern-ms\/#primaryimage","url":"https:\/\/kemperkontakt.de\/wp-content\/uploads\/2024\/06\/ORIGINAL-KEMPER-Schleifstern_MS_1000x1000.jpg","contentUrl":"https:\/\/kemperkontakt.de\/wp-content\/uploads\/2024\/06\/ORIGINAL-KEMPER-Schleifstern_MS_1000x1000.jpg","width":1000,"height":1000},{"@type":"BreadcrumbList","@id":"https:\/\/kemperkontakt.de\/pt-pt\/produkt\/original-kemper-schleifstern-ms\/#breadcrumb","itemListElement":[{"@type":"ListItem","position":1,"name":"Startseite","item":"https:\/\/kemperkontakt.de\/pt-pt\/"},{"@type":"ListItem","position":2,"name":"Categorias","item":"https:\/\/kemperkontakt.de\/categorias\/"},{"@type":"ListItem","position":3,"name":"ORIGINAL-KEMPER-SCHLEIFSTERN\u00ae MS"}]},{"@type":"WebSite","@id":"https:\/\/kemperkontakt.de\/pt-pt\/#website","url":"https:\/\/kemperkontakt.de\/pt-pt\/","name":"Kemper-Kontakt","description":"","potentialAction":[{"@type":"SearchAction","target":{"@type":"EntryPoint","urlTemplate":"https:\/\/kemperkontakt.de\/pt-pt\/?s={search_term_string}"},"query-input":{"@type":"PropertyValueSpecification","valueRequired":true,"valueName":"search_term_string"}}],"inLanguage":"pt-PT"}]}},"_links":{"self":[{"href":"https:\/\/kemperkontakt.de\/pt-pt\/wp-json\/wp\/v2\/product\/5688","targetHints":{"allow":["GET"]}}],"collection":[{"href":"https:\/\/kemperkontakt.de\/pt-pt\/wp-json\/wp\/v2\/product"}],"about":[{"href":"https:\/\/kemperkontakt.de\/pt-pt\/wp-json\/wp\/v2\/types\/product"}],"wp:featuredmedia":[{"embeddable":true,"href":"https:\/\/kemperkontakt.de\/pt-pt\/wp-json\/wp\/v2\/media\/5689"}],"wp:attachment":[{"href":"https:\/\/kemperkontakt.de\/pt-pt\/wp-json\/wp\/v2\/media?parent=5688"}],"wp:term":[{"taxonomy":"product_brand","embeddable":true,"href":"https:\/\/kemperkontakt.de\/pt-pt\/wp-json\/wp\/v2\/product_brand?post=5688"},{"taxonomy":"product_cat","embeddable":true,"href":"https:\/\/kemperkontakt.de\/pt-pt\/wp-json\/wp\/v2\/product_cat?post=5688"},{"taxonomy":"product_tag","embeddable":true,"href":"https:\/\/kemperkontakt.de\/pt-pt\/wp-json\/wp\/v2\/product_tag?post=5688"}],"curies":[{"name":"wp","href":"https:\/\/api.w.org\/{rel}","templated":true}]}}