{"id":5253,"date":"2024-06-21T18:51:03","date_gmt":"2024-06-21T16:51:03","guid":{"rendered":"https:\/\/kemperkontakt.de\/produkt\/oleo-universal-para-retificacao\/"},"modified":"2025-03-17T11:09:48","modified_gmt":"2025-03-17T10:09:48","slug":"oleo-universal-para-retificacao","status":"publish","type":"product","link":"https:\/\/kemperkontakt.de\/pt-pt\/produkt\/oleo-universal-para-retificacao\/","title":{"rendered":"\u00d3leo universal para retifica\u00e7\u00e3o"},"content":{"rendered":"","protected":false},"excerpt":{"rendered":"<p class=\"bodytext\">Prolonga a vida \u00fatil de ferramentas abrasivas feitas de tecido abrasivo e cintas abrasivas. Arrefece o processo de lixagem e evita que o pano abrasivo fique obstru\u00eddo com p\u00f3 de lixagem.<\/p>\n<p>Recipiente \/ tambor <strong>N\u00ba art.: 60600&#8230;<\/strong> Lata de pulveriza\u00e7\u00e3o <strong>N\u00ba art.: 60550&#8230;<\/strong><\/p>\n<p><strong>Ficha de dados do produto:<br \/>\n<\/strong>[download id=\"5361\" template=\"Universal grinding oil\"]<\/p>\n<p class=\"bodytext\"><strong>Ficha de dados de seguran\u00e7a:<br \/>\n<\/strong>[download id=\"1814\" template=\"Schleif\u00f6l\"]<\/p>\n<p><strong>Ficha de dados t\u00e9cnicos:<br \/>\n<\/strong>[download id=\"1817\" template=\"Schleif\u00f6l\"]<\/p>\n","protected":false},"featured_media":5254,"template":"","meta":[],"product_brand":[],"product_cat":[508,573],"product_tag":[543,574,575],"class_list":{"0":"post-5253","1":"product","2":"type-product","3":"status-publish","4":"has-post-thumbnail","6":"product_cat-ferramentas-abrasivas-nao-tecido","7":"product_cat-ferramentas-de-lixar-abas","8":"product_tag-lacos","9":"product_tag-oleo-de-moagem","10":"product_tag-universal-pt-pt","12":"first","13":"instock","14":"shipping-taxable","15":"product-type-simple"},"yoast_head":"<!-- This site is optimized with the Yoast SEO plugin v27.3 - https:\/\/yoast.com\/product\/yoast-seo-wordpress\/ -->\n<title>\u00d3leo universal para retifica\u00e7\u00e3o - Kemper-Kontakt<\/title>\n<meta name=\"robots\" content=\"index, follow, max-snippet:-1, max-image-preview:large, max-video-preview:-1\" \/>\n<link rel=\"canonical\" href=\"https:\/\/kemperkontakt.de\/pt-pt\/produkt\/oleo-universal-para-retificacao\/\" \/>\n<meta property=\"og:locale\" content=\"pt_PT\" \/>\n<meta property=\"og:type\" content=\"article\" \/>\n<meta property=\"og:title\" content=\"\u00d3leo universal para retifica\u00e7\u00e3o - Kemper-Kontakt\" \/>\n<meta property=\"og:description\" content=\"Prolonga a vida \u00fatil de ferramentas abrasivas feitas de tecido abrasivo e cintas abrasivas. Arrefece o processo de lixagem e evita que o pano abrasivo fique obstru\u00eddo com p\u00f3 de lixagem. Recipiente \/ tambor N\u00ba art.: 60600... Lata de pulveriza\u00e7\u00e3o N\u00ba art.: 60550...  Ficha de dados do produto:  Ficha de dados de seguran\u00e7a:  Ficha de dados t\u00e9cnicos:\" \/>\n<meta property=\"og:url\" content=\"https:\/\/kemperkontakt.de\/pt-pt\/produkt\/oleo-universal-para-retificacao\/\" \/>\n<meta property=\"og:site_name\" content=\"Kemper-Kontakt\" \/>\n<meta property=\"article:modified_time\" content=\"2025-03-17T10:09:48+00:00\" \/>\n<meta property=\"og:image\" content=\"https:\/\/kemperkontakt.de\/wp-content\/uploads\/2024\/09\/Universalschleifoel-1-1.jpg\" \/>\n\t<meta property=\"og:image:width\" content=\"1280\" \/>\n\t<meta property=\"og:image:height\" content=\"1280\" \/>\n\t<meta property=\"og:image:type\" content=\"image\/jpeg\" \/>\n<meta name=\"twitter:card\" content=\"summary_large_image\" \/>\n<meta name=\"twitter:label1\" content=\"Tempo estimado de leitura\" \/>\n\t<meta name=\"twitter:data1\" content=\"1 minuto\" \/>\n<script type=\"application\/ld+json\" class=\"yoast-schema-graph\">{\"@context\":\"https:\\\/\\\/schema.org\",\"@graph\":[{\"@type\":\"WebPage\",\"@id\":\"https:\\\/\\\/kemperkontakt.de\\\/pt-pt\\\/produkt\\\/oleo-universal-para-retificacao\\\/\",\"url\":\"https:\\\/\\\/kemperkontakt.de\\\/pt-pt\\\/produkt\\\/oleo-universal-para-retificacao\\\/\",\"name\":\"\u00d3leo universal para retifica\u00e7\u00e3o - Kemper-Kontakt\",\"isPartOf\":{\"@id\":\"https:\\\/\\\/kemperkontakt.de\\\/pt-pt\\\/#website\"},\"primaryImageOfPage\":{\"@id\":\"https:\\\/\\\/kemperkontakt.de\\\/pt-pt\\\/produkt\\\/oleo-universal-para-retificacao\\\/#primaryimage\"},\"image\":{\"@id\":\"https:\\\/\\\/kemperkontakt.de\\\/pt-pt\\\/produkt\\\/oleo-universal-para-retificacao\\\/#primaryimage\"},\"thumbnailUrl\":\"https:\\\/\\\/kemperkontakt.de\\\/wp-content\\\/uploads\\\/2024\\\/09\\\/Universalschleifoel-1-1.jpg\",\"datePublished\":\"2024-06-21T16:51:03+00:00\",\"dateModified\":\"2025-03-17T10:09:48+00:00\",\"breadcrumb\":{\"@id\":\"https:\\\/\\\/kemperkontakt.de\\\/pt-pt\\\/produkt\\\/oleo-universal-para-retificacao\\\/#breadcrumb\"},\"inLanguage\":\"pt-PT\",\"potentialAction\":[{\"@type\":\"ReadAction\",\"target\":[\"https:\\\/\\\/kemperkontakt.de\\\/pt-pt\\\/produkt\\\/oleo-universal-para-retificacao\\\/\"]}]},{\"@type\":\"ImageObject\",\"inLanguage\":\"pt-PT\",\"@id\":\"https:\\\/\\\/kemperkontakt.de\\\/pt-pt\\\/produkt\\\/oleo-universal-para-retificacao\\\/#primaryimage\",\"url\":\"https:\\\/\\\/kemperkontakt.de\\\/wp-content\\\/uploads\\\/2024\\\/09\\\/Universalschleifoel-1-1.jpg\",\"contentUrl\":\"https:\\\/\\\/kemperkontakt.de\\\/wp-content\\\/uploads\\\/2024\\\/09\\\/Universalschleifoel-1-1.jpg\",\"width\":1280,\"height\":1280},{\"@type\":\"BreadcrumbList\",\"@id\":\"https:\\\/\\\/kemperkontakt.de\\\/pt-pt\\\/produkt\\\/oleo-universal-para-retificacao\\\/#breadcrumb\",\"itemListElement\":[{\"@type\":\"ListItem\",\"position\":1,\"name\":\"Startseite\",\"item\":\"https:\\\/\\\/kemperkontakt.de\\\/pt-pt\\\/\"},{\"@type\":\"ListItem\",\"position\":2,\"name\":\"Categorias\",\"item\":\"https:\\\/\\\/kemperkontakt.de\\\/categorias\\\/\"},{\"@type\":\"ListItem\",\"position\":3,\"name\":\"\u00d3leo universal para retifica\u00e7\u00e3o\"}]},{\"@type\":\"WebSite\",\"@id\":\"https:\\\/\\\/kemperkontakt.de\\\/pt-pt\\\/#website\",\"url\":\"https:\\\/\\\/kemperkontakt.de\\\/pt-pt\\\/\",\"name\":\"Kemper-Kontakt\",\"description\":\"\",\"potentialAction\":[{\"@type\":\"SearchAction\",\"target\":{\"@type\":\"EntryPoint\",\"urlTemplate\":\"https:\\\/\\\/kemperkontakt.de\\\/pt-pt\\\/?s={search_term_string}\"},\"query-input\":{\"@type\":\"PropertyValueSpecification\",\"valueRequired\":true,\"valueName\":\"search_term_string\"}}],\"inLanguage\":\"pt-PT\"}]}<\/script>\n<!-- \/ Yoast SEO plugin. -->","yoast_head_json":{"title":"\u00d3leo universal para retifica\u00e7\u00e3o - Kemper-Kontakt","robots":{"index":"index","follow":"follow","max-snippet":"max-snippet:-1","max-image-preview":"max-image-preview:large","max-video-preview":"max-video-preview:-1"},"canonical":"https:\/\/kemperkontakt.de\/pt-pt\/produkt\/oleo-universal-para-retificacao\/","og_locale":"pt_PT","og_type":"article","og_title":"\u00d3leo universal para retifica\u00e7\u00e3o - Kemper-Kontakt","og_description":"Prolonga a vida \u00fatil de ferramentas abrasivas feitas de tecido abrasivo e cintas abrasivas. Arrefece o processo de lixagem e evita que o pano abrasivo fique obstru\u00eddo com p\u00f3 de lixagem. Recipiente \/ tambor N\u00ba art.: 60600... Lata de pulveriza\u00e7\u00e3o N\u00ba art.: 60550...  Ficha de dados do produto:  Ficha de dados de seguran\u00e7a:  Ficha de dados t\u00e9cnicos:","og_url":"https:\/\/kemperkontakt.de\/pt-pt\/produkt\/oleo-universal-para-retificacao\/","og_site_name":"Kemper-Kontakt","article_modified_time":"2025-03-17T10:09:48+00:00","og_image":[{"width":1280,"height":1280,"url":"https:\/\/kemperkontakt.de\/wp-content\/uploads\/2024\/09\/Universalschleifoel-1-1.jpg","type":"image\/jpeg"}],"twitter_card":"summary_large_image","twitter_misc":{"Tempo estimado de leitura":"1 minuto"},"schema":{"@context":"https:\/\/schema.org","@graph":[{"@type":"WebPage","@id":"https:\/\/kemperkontakt.de\/pt-pt\/produkt\/oleo-universal-para-retificacao\/","url":"https:\/\/kemperkontakt.de\/pt-pt\/produkt\/oleo-universal-para-retificacao\/","name":"\u00d3leo universal para retifica\u00e7\u00e3o - Kemper-Kontakt","isPartOf":{"@id":"https:\/\/kemperkontakt.de\/pt-pt\/#website"},"primaryImageOfPage":{"@id":"https:\/\/kemperkontakt.de\/pt-pt\/produkt\/oleo-universal-para-retificacao\/#primaryimage"},"image":{"@id":"https:\/\/kemperkontakt.de\/pt-pt\/produkt\/oleo-universal-para-retificacao\/#primaryimage"},"thumbnailUrl":"https:\/\/kemperkontakt.de\/wp-content\/uploads\/2024\/09\/Universalschleifoel-1-1.jpg","datePublished":"2024-06-21T16:51:03+00:00","dateModified":"2025-03-17T10:09:48+00:00","breadcrumb":{"@id":"https:\/\/kemperkontakt.de\/pt-pt\/produkt\/oleo-universal-para-retificacao\/#breadcrumb"},"inLanguage":"pt-PT","potentialAction":[{"@type":"ReadAction","target":["https:\/\/kemperkontakt.de\/pt-pt\/produkt\/oleo-universal-para-retificacao\/"]}]},{"@type":"ImageObject","inLanguage":"pt-PT","@id":"https:\/\/kemperkontakt.de\/pt-pt\/produkt\/oleo-universal-para-retificacao\/#primaryimage","url":"https:\/\/kemperkontakt.de\/wp-content\/uploads\/2024\/09\/Universalschleifoel-1-1.jpg","contentUrl":"https:\/\/kemperkontakt.de\/wp-content\/uploads\/2024\/09\/Universalschleifoel-1-1.jpg","width":1280,"height":1280},{"@type":"BreadcrumbList","@id":"https:\/\/kemperkontakt.de\/pt-pt\/produkt\/oleo-universal-para-retificacao\/#breadcrumb","itemListElement":[{"@type":"ListItem","position":1,"name":"Startseite","item":"https:\/\/kemperkontakt.de\/pt-pt\/"},{"@type":"ListItem","position":2,"name":"Categorias","item":"https:\/\/kemperkontakt.de\/categorias\/"},{"@type":"ListItem","position":3,"name":"\u00d3leo universal para retifica\u00e7\u00e3o"}]},{"@type":"WebSite","@id":"https:\/\/kemperkontakt.de\/pt-pt\/#website","url":"https:\/\/kemperkontakt.de\/pt-pt\/","name":"Kemper-Kontakt","description":"","potentialAction":[{"@type":"SearchAction","target":{"@type":"EntryPoint","urlTemplate":"https:\/\/kemperkontakt.de\/pt-pt\/?s={search_term_string}"},"query-input":{"@type":"PropertyValueSpecification","valueRequired":true,"valueName":"search_term_string"}}],"inLanguage":"pt-PT"}]}},"_links":{"self":[{"href":"https:\/\/kemperkontakt.de\/pt-pt\/wp-json\/wp\/v2\/product\/5253","targetHints":{"allow":["GET"]}}],"collection":[{"href":"https:\/\/kemperkontakt.de\/pt-pt\/wp-json\/wp\/v2\/product"}],"about":[{"href":"https:\/\/kemperkontakt.de\/pt-pt\/wp-json\/wp\/v2\/types\/product"}],"wp:featuredmedia":[{"embeddable":true,"href":"https:\/\/kemperkontakt.de\/pt-pt\/wp-json\/wp\/v2\/media\/5254"}],"wp:attachment":[{"href":"https:\/\/kemperkontakt.de\/pt-pt\/wp-json\/wp\/v2\/media?parent=5253"}],"wp:term":[{"taxonomy":"product_brand","embeddable":true,"href":"https:\/\/kemperkontakt.de\/pt-pt\/wp-json\/wp\/v2\/product_brand?post=5253"},{"taxonomy":"product_cat","embeddable":true,"href":"https:\/\/kemperkontakt.de\/pt-pt\/wp-json\/wp\/v2\/product_cat?post=5253"},{"taxonomy":"product_tag","embeddable":true,"href":"https:\/\/kemperkontakt.de\/pt-pt\/wp-json\/wp\/v2\/product_tag?post=5253"}],"curies":[{"name":"wp","href":"https:\/\/api.w.org\/{rel}","templated":true}]}}