{"id":5245,"date":"2024-06-21T18:53:22","date_gmt":"2024-06-21T16:53:22","guid":{"rendered":"https:\/\/kemperkontakt.de\/produkt\/maquina-de-lixar-polir-starmax-neo\/"},"modified":"2024-06-21T18:53:22","modified_gmt":"2024-06-21T16:53:22","slug":"maquina-de-lixar-polir-starmax-neo","status":"publish","type":"product","link":"https:\/\/kemperkontakt.de\/pt-pt\/produkt\/maquina-de-lixar-polir-starmax-neo\/","title":{"rendered":"M\u00e1quina de lixar \/ polir STARMAX\u00ae neo"},"content":{"rendered":"","protected":false},"excerpt":{"rendered":"<ul>\n<li>para ferramentas at\u00e9 \u00d8200mm<\/li>\n<li>Controlo eletr\u00f3nico de velocidade cont\u00ednuo com visor digital<\/li>\n<li>Velocidade nominal 400 &#8211; 4000 rpm<\/li>\n<li>Pot\u00eancia 0,75 kW<\/li>\n<li>Tens\u00e3o 220 V, 50 Hz<\/li>\n<li>Peso: aprox. 44 kg<\/li>\n<\/ul>\n","protected":false},"featured_media":5246,"template":"","meta":[],"product_brand":[],"product_cat":[529,566],"product_tag":[543,545,544,567,542,530,510],"class_list":{"0":"post-5245","1":"product","2":"type-product","3":"status-publish","4":"has-post-thumbnail","6":"product_cat-maquinas","7":"product_cat-starmax-neo-pt-pt","8":"product_tag-lacos","9":"product_tag-maquina-universal","10":"product_tag-maquinas-fixas","11":"product_tag-motor-sem-escovas","12":"product_tag-polimento","13":"product_tag-rebarbacao","14":"product_tag-starmax-neo-pt-pt","16":"first","17":"instock","18":"shipping-taxable","19":"product-type-simple"},"yoast_head":"<!-- This site is optimized with the Yoast SEO plugin v27.3 - https:\/\/yoast.com\/product\/yoast-seo-wordpress\/ -->\n<title>M\u00e1quina de lixar \/ polir STARMAX\u00ae neo - Kemper-Kontakt<\/title>\n<meta name=\"robots\" content=\"index, follow, max-snippet:-1, max-image-preview:large, max-video-preview:-1\" \/>\n<link rel=\"canonical\" href=\"https:\/\/kemperkontakt.de\/pt-pt\/produkt\/maquina-de-lixar-polir-starmax-neo\/\" \/>\n<meta property=\"og:locale\" content=\"pt_PT\" \/>\n<meta property=\"og:type\" content=\"article\" \/>\n<meta property=\"og:title\" content=\"M\u00e1quina de lixar \/ polir STARMAX\u00ae neo - Kemper-Kontakt\" \/>\n<meta property=\"og:description\" content=\"para ferramentas at\u00e9 \u00d8200mm  Controlo eletr\u00f3nico de velocidade cont\u00ednuo com visor digital  Velocidade nominal 400 - 4000 rpm  Pot\u00eancia 0,75 kW  Tens\u00e3o 220 V, 50 Hz  Peso: aprox. 44 kg\" \/>\n<meta property=\"og:url\" content=\"https:\/\/kemperkontakt.de\/pt-pt\/produkt\/maquina-de-lixar-polir-starmax-neo\/\" \/>\n<meta property=\"og:site_name\" content=\"Kemper-Kontakt\" \/>\n<meta property=\"og:image\" content=\"https:\/\/kemperkontakt.de\/wp-content\/uploads\/2024\/06\/Starmax_neo-1_1000x1000.jpg\" \/>\n\t<meta property=\"og:image:width\" content=\"1000\" \/>\n\t<meta property=\"og:image:height\" content=\"1000\" \/>\n\t<meta property=\"og:image:type\" content=\"image\/jpeg\" \/>\n<meta name=\"twitter:card\" content=\"summary_large_image\" \/>\n<script type=\"application\/ld+json\" class=\"yoast-schema-graph\">{\"@context\":\"https:\\\/\\\/schema.org\",\"@graph\":[{\"@type\":\"WebPage\",\"@id\":\"https:\\\/\\\/kemperkontakt.de\\\/pt-pt\\\/produkt\\\/maquina-de-lixar-polir-starmax-neo\\\/\",\"url\":\"https:\\\/\\\/kemperkontakt.de\\\/pt-pt\\\/produkt\\\/maquina-de-lixar-polir-starmax-neo\\\/\",\"name\":\"M\u00e1quina de lixar \\\/ polir STARMAX\u00ae neo - Kemper-Kontakt\",\"isPartOf\":{\"@id\":\"https:\\\/\\\/kemperkontakt.de\\\/pt-pt\\\/#website\"},\"primaryImageOfPage\":{\"@id\":\"https:\\\/\\\/kemperkontakt.de\\\/pt-pt\\\/produkt\\\/maquina-de-lixar-polir-starmax-neo\\\/#primaryimage\"},\"image\":{\"@id\":\"https:\\\/\\\/kemperkontakt.de\\\/pt-pt\\\/produkt\\\/maquina-de-lixar-polir-starmax-neo\\\/#primaryimage\"},\"thumbnailUrl\":\"https:\\\/\\\/kemperkontakt.de\\\/wp-content\\\/uploads\\\/2024\\\/06\\\/Starmax_neo-1_1000x1000.jpg\",\"datePublished\":\"2024-06-21T16:53:22+00:00\",\"breadcrumb\":{\"@id\":\"https:\\\/\\\/kemperkontakt.de\\\/pt-pt\\\/produkt\\\/maquina-de-lixar-polir-starmax-neo\\\/#breadcrumb\"},\"inLanguage\":\"pt-PT\",\"potentialAction\":[{\"@type\":\"ReadAction\",\"target\":[\"https:\\\/\\\/kemperkontakt.de\\\/pt-pt\\\/produkt\\\/maquina-de-lixar-polir-starmax-neo\\\/\"]}]},{\"@type\":\"ImageObject\",\"inLanguage\":\"pt-PT\",\"@id\":\"https:\\\/\\\/kemperkontakt.de\\\/pt-pt\\\/produkt\\\/maquina-de-lixar-polir-starmax-neo\\\/#primaryimage\",\"url\":\"https:\\\/\\\/kemperkontakt.de\\\/wp-content\\\/uploads\\\/2024\\\/06\\\/Starmax_neo-1_1000x1000.jpg\",\"contentUrl\":\"https:\\\/\\\/kemperkontakt.de\\\/wp-content\\\/uploads\\\/2024\\\/06\\\/Starmax_neo-1_1000x1000.jpg\",\"width\":1000,\"height\":1000},{\"@type\":\"BreadcrumbList\",\"@id\":\"https:\\\/\\\/kemperkontakt.de\\\/pt-pt\\\/produkt\\\/maquina-de-lixar-polir-starmax-neo\\\/#breadcrumb\",\"itemListElement\":[{\"@type\":\"ListItem\",\"position\":1,\"name\":\"Startseite\",\"item\":\"https:\\\/\\\/kemperkontakt.de\\\/pt-pt\\\/\"},{\"@type\":\"ListItem\",\"position\":2,\"name\":\"Categorias\",\"item\":\"https:\\\/\\\/kemperkontakt.de\\\/categorias\\\/\"},{\"@type\":\"ListItem\",\"position\":3,\"name\":\"M\u00e1quina de lixar \\\/ polir STARMAX\u00ae neo\"}]},{\"@type\":\"WebSite\",\"@id\":\"https:\\\/\\\/kemperkontakt.de\\\/pt-pt\\\/#website\",\"url\":\"https:\\\/\\\/kemperkontakt.de\\\/pt-pt\\\/\",\"name\":\"Kemper-Kontakt\",\"description\":\"\",\"potentialAction\":[{\"@type\":\"SearchAction\",\"target\":{\"@type\":\"EntryPoint\",\"urlTemplate\":\"https:\\\/\\\/kemperkontakt.de\\\/pt-pt\\\/?s={search_term_string}\"},\"query-input\":{\"@type\":\"PropertyValueSpecification\",\"valueRequired\":true,\"valueName\":\"search_term_string\"}}],\"inLanguage\":\"pt-PT\"}]}<\/script>\n<!-- \/ Yoast SEO plugin. -->","yoast_head_json":{"title":"M\u00e1quina de lixar \/ polir STARMAX\u00ae neo - Kemper-Kontakt","robots":{"index":"index","follow":"follow","max-snippet":"max-snippet:-1","max-image-preview":"max-image-preview:large","max-video-preview":"max-video-preview:-1"},"canonical":"https:\/\/kemperkontakt.de\/pt-pt\/produkt\/maquina-de-lixar-polir-starmax-neo\/","og_locale":"pt_PT","og_type":"article","og_title":"M\u00e1quina de lixar \/ polir STARMAX\u00ae neo - Kemper-Kontakt","og_description":"para ferramentas at\u00e9 \u00d8200mm  Controlo eletr\u00f3nico de velocidade cont\u00ednuo com visor digital  Velocidade nominal 400 - 4000 rpm  Pot\u00eancia 0,75 kW  Tens\u00e3o 220 V, 50 Hz  Peso: aprox. 44 kg","og_url":"https:\/\/kemperkontakt.de\/pt-pt\/produkt\/maquina-de-lixar-polir-starmax-neo\/","og_site_name":"Kemper-Kontakt","og_image":[{"width":1000,"height":1000,"url":"https:\/\/kemperkontakt.de\/wp-content\/uploads\/2024\/06\/Starmax_neo-1_1000x1000.jpg","type":"image\/jpeg"}],"twitter_card":"summary_large_image","schema":{"@context":"https:\/\/schema.org","@graph":[{"@type":"WebPage","@id":"https:\/\/kemperkontakt.de\/pt-pt\/produkt\/maquina-de-lixar-polir-starmax-neo\/","url":"https:\/\/kemperkontakt.de\/pt-pt\/produkt\/maquina-de-lixar-polir-starmax-neo\/","name":"M\u00e1quina de lixar \/ polir STARMAX\u00ae neo - Kemper-Kontakt","isPartOf":{"@id":"https:\/\/kemperkontakt.de\/pt-pt\/#website"},"primaryImageOfPage":{"@id":"https:\/\/kemperkontakt.de\/pt-pt\/produkt\/maquina-de-lixar-polir-starmax-neo\/#primaryimage"},"image":{"@id":"https:\/\/kemperkontakt.de\/pt-pt\/produkt\/maquina-de-lixar-polir-starmax-neo\/#primaryimage"},"thumbnailUrl":"https:\/\/kemperkontakt.de\/wp-content\/uploads\/2024\/06\/Starmax_neo-1_1000x1000.jpg","datePublished":"2024-06-21T16:53:22+00:00","breadcrumb":{"@id":"https:\/\/kemperkontakt.de\/pt-pt\/produkt\/maquina-de-lixar-polir-starmax-neo\/#breadcrumb"},"inLanguage":"pt-PT","potentialAction":[{"@type":"ReadAction","target":["https:\/\/kemperkontakt.de\/pt-pt\/produkt\/maquina-de-lixar-polir-starmax-neo\/"]}]},{"@type":"ImageObject","inLanguage":"pt-PT","@id":"https:\/\/kemperkontakt.de\/pt-pt\/produkt\/maquina-de-lixar-polir-starmax-neo\/#primaryimage","url":"https:\/\/kemperkontakt.de\/wp-content\/uploads\/2024\/06\/Starmax_neo-1_1000x1000.jpg","contentUrl":"https:\/\/kemperkontakt.de\/wp-content\/uploads\/2024\/06\/Starmax_neo-1_1000x1000.jpg","width":1000,"height":1000},{"@type":"BreadcrumbList","@id":"https:\/\/kemperkontakt.de\/pt-pt\/produkt\/maquina-de-lixar-polir-starmax-neo\/#breadcrumb","itemListElement":[{"@type":"ListItem","position":1,"name":"Startseite","item":"https:\/\/kemperkontakt.de\/pt-pt\/"},{"@type":"ListItem","position":2,"name":"Categorias","item":"https:\/\/kemperkontakt.de\/categorias\/"},{"@type":"ListItem","position":3,"name":"M\u00e1quina de lixar \/ polir STARMAX\u00ae neo"}]},{"@type":"WebSite","@id":"https:\/\/kemperkontakt.de\/pt-pt\/#website","url":"https:\/\/kemperkontakt.de\/pt-pt\/","name":"Kemper-Kontakt","description":"","potentialAction":[{"@type":"SearchAction","target":{"@type":"EntryPoint","urlTemplate":"https:\/\/kemperkontakt.de\/pt-pt\/?s={search_term_string}"},"query-input":{"@type":"PropertyValueSpecification","valueRequired":true,"valueName":"search_term_string"}}],"inLanguage":"pt-PT"}]}},"_links":{"self":[{"href":"https:\/\/kemperkontakt.de\/pt-pt\/wp-json\/wp\/v2\/product\/5245","targetHints":{"allow":["GET"]}}],"collection":[{"href":"https:\/\/kemperkontakt.de\/pt-pt\/wp-json\/wp\/v2\/product"}],"about":[{"href":"https:\/\/kemperkontakt.de\/pt-pt\/wp-json\/wp\/v2\/types\/product"}],"wp:featuredmedia":[{"embeddable":true,"href":"https:\/\/kemperkontakt.de\/pt-pt\/wp-json\/wp\/v2\/media\/5246"}],"wp:attachment":[{"href":"https:\/\/kemperkontakt.de\/pt-pt\/wp-json\/wp\/v2\/media?parent=5245"}],"wp:term":[{"taxonomy":"product_brand","embeddable":true,"href":"https:\/\/kemperkontakt.de\/pt-pt\/wp-json\/wp\/v2\/product_brand?post=5245"},{"taxonomy":"product_cat","embeddable":true,"href":"https:\/\/kemperkontakt.de\/pt-pt\/wp-json\/wp\/v2\/product_cat?post=5245"},{"taxonomy":"product_tag","embeddable":true,"href":"https:\/\/kemperkontakt.de\/pt-pt\/wp-json\/wp\/v2\/product_tag?post=5245"}],"curies":[{"name":"wp","href":"https:\/\/api.w.org\/{rel}","templated":true}]}}