{"id":7700,"date":"2025-09-30T15:49:13","date_gmt":"2025-09-30T13:49:13","guid":{"rendered":"https:\/\/kemperkontakt.de\/categorias-azul\/novo-gravacao-a-laser-do-teu-logotipo-com-ou-sem-codigo-qr-agora-disponivel-como-opcao-adicional\/"},"modified":"2025-10-23T10:11:34","modified_gmt":"2025-10-23T08:11:34","slug":"novo-gravacao-a-laser-do-teu-logotipo-com-ou-sem-codigo-qr-agora-disponivel-como-opcao-adicional","status":"publish","type":"page","link":"https:\/\/kemperkontakt.de\/pt-pt\/novo-gravacao-a-laser-do-teu-logotipo-com-ou-sem-codigo-qr-agora-disponivel-como-opcao-adicional\/","title":{"rendered":"Novo: Grava\u00e7\u00e3o a laser do teu log\u00f3tipo com ou sem c\u00f3digo QR &#8211; agora dispon\u00edvel como op\u00e7\u00e3o adicional"},"content":{"rendered":"<div class=\"fusion-fullwidth fullwidth-box fusion-builder-row-1 fusion-flex-container nonhundred-percent-fullwidth non-hundred-percent-height-scrolling\" style=\"--awb-border-radius-top-left:0px;--awb-border-radius-top-right:0px;--awb-border-radius-bottom-right:0px;--awb-border-radius-bottom-left:0px;--awb-flex-wrap:wrap;\" ><div class=\"fusion-builder-row fusion-row fusion-flex-align-items-flex-start fusion-flex-content-wrap\" style=\"max-width:1248px;margin-left: calc(-4% \/ 2 );margin-right: calc(-4% \/ 2 );\"><div class=\"fusion-layout-column fusion_builder_column fusion-builder-column-0 fusion_builder_column_1_1 1_1 fusion-flex-column\" style=\"--awb-bg-blend:overlay;--awb-bg-size:cover;--awb-width-large:100%;--awb-margin-top-large:0px;--awb-spacing-right-large:1.92%;--awb-margin-bottom-large:0px;--awb-spacing-left-large:1.92%;--awb-width-medium:100%;--awb-spacing-right-medium:1.92%;--awb-spacing-left-medium:1.92%;--awb-width-small:100%;--awb-spacing-right-small:1.92%;--awb-spacing-left-small:1.92%;\"><div class=\"fusion-column-wrapper fusion-flex-justify-content-flex-start fusion-content-layout-column\"><div class=\"fusion-text fusion-text-1\"><p><strong>Novo: Grava\u00e7\u00e3o a laser do teu log\u00f3tipo com ou sem c\u00f3digo QR &#8211; agora dispon\u00edvel como op\u00e7\u00e3o adicional<\/strong><\/p>\n<\/div><div class=\"fusion-builder-row fusion-builder-row-inner fusion-row fusion-flex-align-items-flex-start fusion-flex-content-wrap\" style=\"width:104% !important;max-width:104% !important;margin-left: calc(-4% \/ 2 );margin-right: calc(-4% \/ 2 );\"><div class=\"fusion-layout-column fusion_builder_column_inner fusion-builder-nested-column-0 fusion_builder_column_inner_1_2 1_2 fusion-flex-column\" style=\"--awb-bg-size:cover;--awb-width-large:50%;--awb-margin-top-large:0px;--awb-spacing-right-large:3.84%;--awb-margin-bottom-large:20px;--awb-spacing-left-large:3.84%;--awb-width-medium:50%;--awb-order-medium:0;--awb-spacing-right-medium:3.84%;--awb-spacing-left-medium:3.84%;--awb-width-small:100%;--awb-order-small:0;--awb-spacing-right-small:1.92%;--awb-spacing-left-small:1.92%;\"><div class=\"fusion-column-wrapper fusion-column-has-shadow fusion-flex-justify-content-flex-start fusion-content-layout-column\"><div class=\"fusion-image-element \" style=\"--awb-caption-title-font-family:var(--h2_typography-font-family);--awb-caption-title-font-weight:var(--h2_typography-font-weight);--awb-caption-title-font-style:var(--h2_typography-font-style);--awb-caption-title-size:var(--h2_typography-font-size);--awb-caption-title-transform:var(--h2_typography-text-transform);--awb-caption-title-line-height:var(--h2_typography-line-height);--awb-caption-title-letter-spacing:var(--h2_typography-letter-spacing);\"><span class=\" fusion-imageframe imageframe-none imageframe-1 hover-type-none\"><img decoding=\"async\" width=\"400\" height=\"261\" title=\"2025_09_Fotoserie_kemperkontakt-1\" src=\"https:\/\/kemperkontakt.de\/wp-content\/uploads\/2025\/09\/2025_09_Fotoserie_kemperkontakt-1.jpg\" data-orig-src=\"https:\/\/kemperkontakt.de\/wp-content\/uploads\/2025\/09\/2025_09_Fotoserie_kemperkontakt-1-400x261.jpg\" alt class=\"lazyload img-responsive wp-image-7611\" srcset=\"data:image\/svg+xml,%3Csvg%20xmlns%3D%27http%3A%2F%2Fwww.w3.org%2F2000%2Fsvg%27%20width%3D%271280%27%20height%3D%27835%27%20viewBox%3D%270%200%201280%20835%27%3E%3Crect%20width%3D%271280%27%20height%3D%27835%27%20fill-opacity%3D%220%22%2F%3E%3C%2Fsvg%3E\" data-srcset=\"https:\/\/kemperkontakt.de\/wp-content\/uploads\/2025\/09\/2025_09_Fotoserie_kemperkontakt-1-200x130.jpg 200w, https:\/\/kemperkontakt.de\/wp-content\/uploads\/2025\/09\/2025_09_Fotoserie_kemperkontakt-1-400x261.jpg 400w, https:\/\/kemperkontakt.de\/wp-content\/uploads\/2025\/09\/2025_09_Fotoserie_kemperkontakt-1-600x391.jpg 600w, https:\/\/kemperkontakt.de\/wp-content\/uploads\/2025\/09\/2025_09_Fotoserie_kemperkontakt-1-800x522.jpg 800w, https:\/\/kemperkontakt.de\/wp-content\/uploads\/2025\/09\/2025_09_Fotoserie_kemperkontakt-1-1200x783.jpg 1200w, https:\/\/kemperkontakt.de\/wp-content\/uploads\/2025\/09\/2025_09_Fotoserie_kemperkontakt-1.jpg 1280w\" data-sizes=\"auto\" data-orig-sizes=\"(max-width: 640px) 100vw, 600px\" \/><\/span><\/div><\/div><\/div><div class=\"fusion-layout-column fusion_builder_column_inner fusion-builder-nested-column-1 fusion_builder_column_inner_1_2 1_2 fusion-flex-column\" style=\"--awb-bg-size:cover;--awb-width-large:50%;--awb-margin-top-large:0px;--awb-spacing-right-large:3.84%;--awb-margin-bottom-large:20px;--awb-spacing-left-large:3.84%;--awb-width-medium:50%;--awb-order-medium:0;--awb-spacing-right-medium:3.84%;--awb-spacing-left-medium:3.84%;--awb-width-small:100%;--awb-order-small:0;--awb-spacing-right-small:1.92%;--awb-spacing-left-small:1.92%;\"><div class=\"fusion-column-wrapper fusion-column-has-shadow fusion-flex-justify-content-flex-start fusion-content-layout-column\"><div class=\"fusion-image-element \" style=\"--awb-caption-title-font-family:var(--h2_typography-font-family);--awb-caption-title-font-weight:var(--h2_typography-font-weight);--awb-caption-title-font-style:var(--h2_typography-font-style);--awb-caption-title-size:var(--h2_typography-font-size);--awb-caption-title-transform:var(--h2_typography-text-transform);--awb-caption-title-line-height:var(--h2_typography-line-height);--awb-caption-title-letter-spacing:var(--h2_typography-letter-spacing);\"><span class=\" fusion-imageframe imageframe-none imageframe-2 hover-type-none\"><img decoding=\"async\" width=\"400\" height=\"267\" title=\"2025_09_Fotoserie_kemperkontakt-2\" src=\"https:\/\/kemperkontakt.de\/wp-content\/uploads\/2025\/09\/2025_09_Fotoserie_kemperkontakt-2.jpg\" data-orig-src=\"https:\/\/kemperkontakt.de\/wp-content\/uploads\/2025\/09\/2025_09_Fotoserie_kemperkontakt-2-400x267.jpg\" alt class=\"lazyload img-responsive wp-image-7605\" srcset=\"data:image\/svg+xml,%3Csvg%20xmlns%3D%27http%3A%2F%2Fwww.w3.org%2F2000%2Fsvg%27%20width%3D%271280%27%20height%3D%27853%27%20viewBox%3D%270%200%201280%20853%27%3E%3Crect%20width%3D%271280%27%20height%3D%27853%27%20fill-opacity%3D%220%22%2F%3E%3C%2Fsvg%3E\" data-srcset=\"https:\/\/kemperkontakt.de\/wp-content\/uploads\/2025\/09\/2025_09_Fotoserie_kemperkontakt-2-200x133.jpg 200w, https:\/\/kemperkontakt.de\/wp-content\/uploads\/2025\/09\/2025_09_Fotoserie_kemperkontakt-2-400x267.jpg 400w, https:\/\/kemperkontakt.de\/wp-content\/uploads\/2025\/09\/2025_09_Fotoserie_kemperkontakt-2-600x400.jpg 600w, https:\/\/kemperkontakt.de\/wp-content\/uploads\/2025\/09\/2025_09_Fotoserie_kemperkontakt-2-800x533.jpg 800w, https:\/\/kemperkontakt.de\/wp-content\/uploads\/2025\/09\/2025_09_Fotoserie_kemperkontakt-2-1200x800.jpg 1200w, https:\/\/kemperkontakt.de\/wp-content\/uploads\/2025\/09\/2025_09_Fotoserie_kemperkontakt-2.jpg 1280w\" data-sizes=\"auto\" data-orig-sizes=\"(max-width: 640px) 100vw, 600px\" \/><\/span><\/div><\/div><\/div><\/div><div class=\"fusion-text fusion-text-2\"><p>Oferecemos-lhe agora a possibilidade de personalizar as suas <strong>rodas de contacto<\/strong> e <strong>bobinas<\/strong> com uma <strong>grava\u00e7\u00e3o a laser<\/strong> precisa. Grava o teu <strong>log\u00f3tipo<\/strong> e, eventualmente, um <strong>c\u00f3digo QR<\/strong> nos teus produtos &#8211; com um custo adicional atrativo. <\/p>\n<p>Esta op\u00e7\u00e3o adicional oferece-te a oportunidade de marcares os teus produtos de forma ainda mais espec\u00edfica e de deixares uma impress\u00e3o duradoura nos teus clientes.<\/p>\n<p><strong>As tuas vantagens:<\/strong><\/p>\n<ul>\n<li><strong>Grava\u00e7\u00e3o precisa e duradoura<\/strong> do log\u00f3tipo e do c\u00f3digo QR<\/li>\n<li><strong>Integra\u00e7\u00e3o f\u00e1cil<\/strong> em produtos existentes<\/li>\n<li><strong>Alta qualidade e exclusividade<\/strong> gra\u00e7as \u00e0 moderna tecnologia laser<\/li>\n<\/ul>\n<p>Beneficia desta op\u00e7\u00e3o e d\u00e1 aos teus produtos um toque ainda mais pessoal.<\/p>\n<\/div><\/div><\/div><\/div><\/div>\n","protected":false},"excerpt":{"rendered":"","protected":false},"author":3,"featured_media":0,"parent":0,"menu_order":0,"comment_status":"closed","ping_status":"closed","template":"","meta":{"footnotes":""},"class_list":["post-7700","page","type-page","status-publish","hentry"],"yoast_head":"<!-- This site is optimized with the Yoast SEO plugin v27.3 - https:\/\/yoast.com\/product\/yoast-seo-wordpress\/ -->\n<title>Novo: Grava\u00e7\u00e3o a laser do teu log\u00f3tipo com ou sem c\u00f3digo QR - agora dispon\u00edvel como op\u00e7\u00e3o adicional - Kemper-Kontakt<\/title>\n<meta name=\"robots\" content=\"index, follow, max-snippet:-1, max-image-preview:large, max-video-preview:-1\" \/>\n<link rel=\"canonical\" href=\"https:\/\/kemperkontakt.de\/pt-pt\/novo-gravacao-a-laser-do-teu-logotipo-com-ou-sem-codigo-qr-agora-disponivel-como-opcao-adicional\/\" \/>\n<meta property=\"og:locale\" content=\"pt_PT\" \/>\n<meta property=\"og:type\" content=\"article\" \/>\n<meta property=\"og:title\" content=\"Novo: Grava\u00e7\u00e3o a laser do teu log\u00f3tipo com ou sem c\u00f3digo QR - agora dispon\u00edvel como op\u00e7\u00e3o adicional - Kemper-Kontakt\" \/>\n<meta property=\"og:url\" content=\"https:\/\/kemperkontakt.de\/pt-pt\/novo-gravacao-a-laser-do-teu-logotipo-com-ou-sem-codigo-qr-agora-disponivel-como-opcao-adicional\/\" \/>\n<meta property=\"og:site_name\" content=\"Kemper-Kontakt\" \/>\n<meta property=\"article:modified_time\" content=\"2025-10-23T08:11:34+00:00\" \/>\n<meta name=\"twitter:card\" content=\"summary_large_image\" \/>\n<meta name=\"twitter:label1\" content=\"Tempo estimado de leitura\" \/>\n\t<meta name=\"twitter:data1\" content=\"5 minutos\" \/>\n<script type=\"application\/ld+json\" class=\"yoast-schema-graph\">{\"@context\":\"https:\\\/\\\/schema.org\",\"@graph\":[{\"@type\":\"WebPage\",\"@id\":\"https:\\\/\\\/kemperkontakt.de\\\/pt-pt\\\/novo-gravacao-a-laser-do-teu-logotipo-com-ou-sem-codigo-qr-agora-disponivel-como-opcao-adicional\\\/\",\"url\":\"https:\\\/\\\/kemperkontakt.de\\\/pt-pt\\\/novo-gravacao-a-laser-do-teu-logotipo-com-ou-sem-codigo-qr-agora-disponivel-como-opcao-adicional\\\/\",\"name\":\"Novo: Grava\u00e7\u00e3o a laser do teu log\u00f3tipo com ou sem c\u00f3digo QR - agora dispon\u00edvel como op\u00e7\u00e3o adicional - Kemper-Kontakt\",\"isPartOf\":{\"@id\":\"https:\\\/\\\/kemperkontakt.de\\\/pt-pt\\\/#website\"},\"datePublished\":\"2025-09-30T13:49:13+00:00\",\"dateModified\":\"2025-10-23T08:11:34+00:00\",\"breadcrumb\":{\"@id\":\"https:\\\/\\\/kemperkontakt.de\\\/pt-pt\\\/novo-gravacao-a-laser-do-teu-logotipo-com-ou-sem-codigo-qr-agora-disponivel-como-opcao-adicional\\\/#breadcrumb\"},\"inLanguage\":\"pt-PT\",\"potentialAction\":[{\"@type\":\"ReadAction\",\"target\":[\"https:\\\/\\\/kemperkontakt.de\\\/pt-pt\\\/novo-gravacao-a-laser-do-teu-logotipo-com-ou-sem-codigo-qr-agora-disponivel-como-opcao-adicional\\\/\"]}]},{\"@type\":\"BreadcrumbList\",\"@id\":\"https:\\\/\\\/kemperkontakt.de\\\/pt-pt\\\/novo-gravacao-a-laser-do-teu-logotipo-com-ou-sem-codigo-qr-agora-disponivel-como-opcao-adicional\\\/#breadcrumb\",\"itemListElement\":[{\"@type\":\"ListItem\",\"position\":1,\"name\":\"Startseite\",\"item\":\"https:\\\/\\\/kemperkontakt.de\\\/pt-pt\\\/\"},{\"@type\":\"ListItem\",\"position\":2,\"name\":\"Categorias azul\",\"item\":\"https:\\\/\\\/kemperkontakt.de\\\/pt-pt\\\/categorias-azul\\\/\"},{\"@type\":\"ListItem\",\"position\":3,\"name\":\"Novo: Grava\u00e7\u00e3o a laser do teu log\u00f3tipo com ou sem c\u00f3digo QR &#8211; agora dispon\u00edvel como op\u00e7\u00e3o adicional\"}]},{\"@type\":\"WebSite\",\"@id\":\"https:\\\/\\\/kemperkontakt.de\\\/pt-pt\\\/#website\",\"url\":\"https:\\\/\\\/kemperkontakt.de\\\/pt-pt\\\/\",\"name\":\"Kemper-Kontakt\",\"description\":\"\",\"potentialAction\":[{\"@type\":\"SearchAction\",\"target\":{\"@type\":\"EntryPoint\",\"urlTemplate\":\"https:\\\/\\\/kemperkontakt.de\\\/pt-pt\\\/?s={search_term_string}\"},\"query-input\":{\"@type\":\"PropertyValueSpecification\",\"valueRequired\":true,\"valueName\":\"search_term_string\"}}],\"inLanguage\":\"pt-PT\"}]}<\/script>\n<!-- \/ Yoast SEO plugin. -->","yoast_head_json":{"title":"Novo: Grava\u00e7\u00e3o a laser do teu log\u00f3tipo com ou sem c\u00f3digo QR - agora dispon\u00edvel como op\u00e7\u00e3o adicional - Kemper-Kontakt","robots":{"index":"index","follow":"follow","max-snippet":"max-snippet:-1","max-image-preview":"max-image-preview:large","max-video-preview":"max-video-preview:-1"},"canonical":"https:\/\/kemperkontakt.de\/pt-pt\/novo-gravacao-a-laser-do-teu-logotipo-com-ou-sem-codigo-qr-agora-disponivel-como-opcao-adicional\/","og_locale":"pt_PT","og_type":"article","og_title":"Novo: Grava\u00e7\u00e3o a laser do teu log\u00f3tipo com ou sem c\u00f3digo QR - agora dispon\u00edvel como op\u00e7\u00e3o adicional - Kemper-Kontakt","og_url":"https:\/\/kemperkontakt.de\/pt-pt\/novo-gravacao-a-laser-do-teu-logotipo-com-ou-sem-codigo-qr-agora-disponivel-como-opcao-adicional\/","og_site_name":"Kemper-Kontakt","article_modified_time":"2025-10-23T08:11:34+00:00","twitter_card":"summary_large_image","twitter_misc":{"Tempo estimado de leitura":"5 minutos"},"schema":{"@context":"https:\/\/schema.org","@graph":[{"@type":"WebPage","@id":"https:\/\/kemperkontakt.de\/pt-pt\/novo-gravacao-a-laser-do-teu-logotipo-com-ou-sem-codigo-qr-agora-disponivel-como-opcao-adicional\/","url":"https:\/\/kemperkontakt.de\/pt-pt\/novo-gravacao-a-laser-do-teu-logotipo-com-ou-sem-codigo-qr-agora-disponivel-como-opcao-adicional\/","name":"Novo: Grava\u00e7\u00e3o a laser do teu log\u00f3tipo com ou sem c\u00f3digo QR - agora dispon\u00edvel como op\u00e7\u00e3o adicional - Kemper-Kontakt","isPartOf":{"@id":"https:\/\/kemperkontakt.de\/pt-pt\/#website"},"datePublished":"2025-09-30T13:49:13+00:00","dateModified":"2025-10-23T08:11:34+00:00","breadcrumb":{"@id":"https:\/\/kemperkontakt.de\/pt-pt\/novo-gravacao-a-laser-do-teu-logotipo-com-ou-sem-codigo-qr-agora-disponivel-como-opcao-adicional\/#breadcrumb"},"inLanguage":"pt-PT","potentialAction":[{"@type":"ReadAction","target":["https:\/\/kemperkontakt.de\/pt-pt\/novo-gravacao-a-laser-do-teu-logotipo-com-ou-sem-codigo-qr-agora-disponivel-como-opcao-adicional\/"]}]},{"@type":"BreadcrumbList","@id":"https:\/\/kemperkontakt.de\/pt-pt\/novo-gravacao-a-laser-do-teu-logotipo-com-ou-sem-codigo-qr-agora-disponivel-como-opcao-adicional\/#breadcrumb","itemListElement":[{"@type":"ListItem","position":1,"name":"Startseite","item":"https:\/\/kemperkontakt.de\/pt-pt\/"},{"@type":"ListItem","position":2,"name":"Categorias azul","item":"https:\/\/kemperkontakt.de\/pt-pt\/categorias-azul\/"},{"@type":"ListItem","position":3,"name":"Novo: Grava\u00e7\u00e3o a laser do teu log\u00f3tipo com ou sem c\u00f3digo QR &#8211; agora dispon\u00edvel como op\u00e7\u00e3o adicional"}]},{"@type":"WebSite","@id":"https:\/\/kemperkontakt.de\/pt-pt\/#website","url":"https:\/\/kemperkontakt.de\/pt-pt\/","name":"Kemper-Kontakt","description":"","potentialAction":[{"@type":"SearchAction","target":{"@type":"EntryPoint","urlTemplate":"https:\/\/kemperkontakt.de\/pt-pt\/?s={search_term_string}"},"query-input":{"@type":"PropertyValueSpecification","valueRequired":true,"valueName":"search_term_string"}}],"inLanguage":"pt-PT"}]}},"_links":{"self":[{"href":"https:\/\/kemperkontakt.de\/pt-pt\/wp-json\/wp\/v2\/pages\/7700","targetHints":{"allow":["GET"]}}],"collection":[{"href":"https:\/\/kemperkontakt.de\/pt-pt\/wp-json\/wp\/v2\/pages"}],"about":[{"href":"https:\/\/kemperkontakt.de\/pt-pt\/wp-json\/wp\/v2\/types\/page"}],"author":[{"embeddable":true,"href":"https:\/\/kemperkontakt.de\/pt-pt\/wp-json\/wp\/v2\/users\/3"}],"replies":[{"embeddable":true,"href":"https:\/\/kemperkontakt.de\/pt-pt\/wp-json\/wp\/v2\/comments?post=7700"}],"version-history":[{"count":8,"href":"https:\/\/kemperkontakt.de\/pt-pt\/wp-json\/wp\/v2\/pages\/7700\/revisions"}],"predecessor-version":[{"id":7717,"href":"https:\/\/kemperkontakt.de\/pt-pt\/wp-json\/wp\/v2\/pages\/7700\/revisions\/7717"}],"wp:attachment":[{"href":"https:\/\/kemperkontakt.de\/pt-pt\/wp-json\/wp\/v2\/media?parent=7700"}],"curies":[{"name":"wp","href":"https:\/\/api.w.org\/{rel}","templated":true}]}}