{"id":5060,"date":"2024-06-05T18:09:45","date_gmt":"2024-06-05T16:09:45","guid":{"rendered":"https:\/\/kemperkontakt.de\/alisar-e-rebarbar-pecas-de-plastico\/"},"modified":"2025-09-18T15:47:25","modified_gmt":"2025-09-18T13:47:25","slug":"alisar-e-rebarbar-pecas-de-plastico","status":"publish","type":"page","link":"https:\/\/kemperkontakt.de\/pt-pt\/alisar-e-rebarbar-pecas-de-plastico\/","title":{"rendered":"Alisar e rebarbar pe\u00e7as de pl\u00e1stico"},"content":{"rendered":"<p><div class=\"fusion-fullwidth fullwidth-box fusion-builder-row-1 fusion-flex-container has-pattern-background has-mask-background nonhundred-percent-fullwidth non-hundred-percent-height-scrolling\" style=\"--awb-border-radius-top-left:0px;--awb-border-radius-top-right:0px;--awb-border-radius-bottom-right:0px;--awb-border-radius-bottom-left:0px;--awb-flex-wrap:wrap;\" ><div class=\"fusion-builder-row fusion-row fusion-flex-align-items-flex-start fusion-flex-content-wrap\" style=\"max-width:1248px;margin-left: calc(-4% \/ 2 );margin-right: calc(-4% \/ 2 );\"><div class=\"fusion-layout-column fusion_builder_column fusion-builder-column-0 fusion_builder_column_1_1 1_1 fusion-flex-column\" style=\"--awb-bg-size:cover;--awb-width-large:100%;--awb-margin-top-large:0px;--awb-spacing-right-large:1.92%;--awb-margin-bottom-large:20px;--awb-spacing-left-large:1.92%;--awb-width-medium:100%;--awb-order-medium:0;--awb-spacing-right-medium:1.92%;--awb-spacing-left-medium:1.92%;--awb-width-small:100%;--awb-order-small:0;--awb-spacing-right-small:1.92%;--awb-spacing-left-small:1.92%;\"><div class=\"fusion-column-wrapper fusion-column-has-shadow fusion-flex-justify-content-flex-start fusion-content-layout-column\"><div class=\"fusion-title title fusion-title-1 fusion-sep-none fusion-title-text fusion-title-size-one\"><h1 class=\"fusion-title-heading title-heading-left fusion-responsive-typography-calculated\" style=\"margin:0;--fontSize:48;line-height:1.2;\">Alisa e rebarba pe\u00e7as de pl\u00e1stico em segundos<\/h1><\/div><\/div><\/div><\/div><\/div><div class=\"fusion-fullwidth fullwidth-box fusion-builder-row-2 fusion-flex-container has-pattern-background has-mask-background nonhundred-percent-fullwidth non-hundred-percent-height-scrolling\" style=\"--awb-border-radius-top-left:0px;--awb-border-radius-top-right:0px;--awb-border-radius-bottom-right:0px;--awb-border-radius-bottom-left:0px;--awb-flex-wrap:wrap;\" ><div class=\"fusion-builder-row fusion-row fusion-flex-align-items-flex-start fusion-flex-content-wrap\" style=\"max-width:1248px;margin-left: calc(-4% \/ 2 );margin-right: calc(-4% \/ 2 );\"><div class=\"fusion-layout-column fusion_builder_column fusion-builder-column-1 fusion_builder_column_1_1 1_1 fusion-flex-column\" style=\"--awb-bg-size:cover;--awb-width-large:100%;--awb-margin-top-large:0px;--awb-spacing-right-large:1.92%;--awb-margin-bottom-large:20px;--awb-spacing-left-large:1.92%;--awb-width-medium:100%;--awb-order-medium:0;--awb-spacing-right-medium:1.92%;--awb-spacing-left-medium:1.92%;--awb-width-small:100%;--awb-order-small:0;--awb-spacing-right-small:1.92%;--awb-spacing-left-small:1.92%;\"><div class=\"fusion-column-wrapper fusion-column-has-shadow fusion-flex-justify-content-flex-start fusion-content-layout-column\"><div class=\"fusion-text fusion-text-1\"><div class=\"popup-gallery row\">\n<div class=\"col-xs-12\">\n<p class=\"bodytext\"><img decoding=\"async\" class=\"lazyload alignnone wp-image-7485 size-fusion-400\" src=\"https:\/\/kemperkontakt.de\/wp-content\/uploads\/2025\/09\/2025_09_Fotoserie_kemperkontakt-37-400x267.jpg\" data-orig-src=\"https:\/\/kemperkontakt.de\/wp-content\/uploads\/2025\/09\/2025_09_Fotoserie_kemperkontakt-37-400x267.jpg\" alt=\"\" width=\"400\" height=\"267\" srcset=\"data:image\/svg+xml,%3Csvg%20xmlns%3D%27http%3A%2F%2Fwww.w3.org%2F2000%2Fsvg%27%20width%3D%27400%27%20height%3D%27267%27%20viewBox%3D%270%200%20400%20267%27%3E%3Crect%20width%3D%27400%27%20height%3D%27267%27%20fill-opacity%3D%220%22%2F%3E%3C%2Fsvg%3E\" data-srcset=\"https:\/\/kemperkontakt.de\/wp-content\/uploads\/2025\/09\/2025_09_Fotoserie_kemperkontakt-37-200x133.jpg 200w, https:\/\/kemperkontakt.de\/wp-content\/uploads\/2025\/09\/2025_09_Fotoserie_kemperkontakt-37-300x200.jpg 300w, https:\/\/kemperkontakt.de\/wp-content\/uploads\/2025\/09\/2025_09_Fotoserie_kemperkontakt-37-400x267.jpg 400w, https:\/\/kemperkontakt.de\/wp-content\/uploads\/2025\/09\/2025_09_Fotoserie_kemperkontakt-37-500x333.jpg 500w, https:\/\/kemperkontakt.de\/wp-content\/uploads\/2025\/09\/2025_09_Fotoserie_kemperkontakt-37-600x400.jpg 600w, https:\/\/kemperkontakt.de\/wp-content\/uploads\/2025\/09\/2025_09_Fotoserie_kemperkontakt-37-768x512.jpg 768w, https:\/\/kemperkontakt.de\/wp-content\/uploads\/2025\/09\/2025_09_Fotoserie_kemperkontakt-37-800x533.jpg 800w, https:\/\/kemperkontakt.de\/wp-content\/uploads\/2025\/09\/2025_09_Fotoserie_kemperkontakt-37-1024x682.jpg 1024w, https:\/\/kemperkontakt.de\/wp-content\/uploads\/2025\/09\/2025_09_Fotoserie_kemperkontakt-37-1200x800.jpg 1200w, https:\/\/kemperkontakt.de\/wp-content\/uploads\/2025\/09\/2025_09_Fotoserie_kemperkontakt-37.jpg 1280w\" data-sizes=\"auto\" data-orig-sizes=\"(max-width: 400px) 100vw, 400px\" \/>Os fabricantes e transformadores de pe\u00e7as moldadas de pl\u00e1stico ou de outros materiais s\u00e3o regularmente confrontados com o problema da rebarba\u00e7\u00e3o das pe\u00e7as ap\u00f3s o processo de inje\u00e7\u00e3o ou (no caso de outros materiais:) um corte de separa\u00e7\u00e3o.<\/p>\n<p class=\"bodytext\">O <span style=\"color: #009a93;\"><a class=\"internal-link\" style=\"color: #009a93;\" href=\"https:\/\/kemperkontakt.de\/pt-pt\/produkt-kategorie\/moer\/ferramentas-de-lixar-abas\/kemper-schleifstern-original-pt-pt\/\">ORIGINAL KEMPER GRINDING STUD\u00ae<\/a><\/span> da KEMPER-KONTAKT Gert Kemper GmbH, Wuppertal, Alemanha, oferece uma op\u00e7\u00e3o \u00f3ptima, r\u00e1pida e econ\u00f3mica. Uma das suas propriedades excepcionais \u00e9 o seu desbaste a frio, o que o torna adequado para o processamento de termopl\u00e1sticos ou GRP.<\/p>\n<\/div>\n<\/div>\n<p class=\"bodytext\">Se fores utilizado corretamente, n\u00e3o ocorrer\u00e3o queimaduras ou manchas.<\/p>\n<p class=\"bodytext\">Dependendo da superf\u00edcie e da forma da pe\u00e7a de trabalho, estas estrelas de lixar est\u00e3o dispon\u00edveis em diferentes di\u00e2metros e granulometrias e s\u00e3o acionadas por m\u00e1quinas de lixar manuais dispon\u00edveis no mercado e, em muitos casos, j\u00e1 existentes, por lixadeiras pneum\u00e1ticas ou pela lixadeira estacion\u00e1ria e infinitamente ajust\u00e1vel <span style=\"color: #009a93;\"><a class=\"internal-link\" style=\"color: #009a93;\" href=\"https:\/\/kemperkontakt.de\/pt-pt\/produkt\/maquina-de-lixar-polir-starmax-neo\/\">STARMAX\u00ae neo<\/a><\/span> (ver foto).<\/p>\n<p class=\"bodytext\">A sele\u00e7\u00e3o da velocidade ideal dependente do di\u00e2metro \u00e9 de import\u00e2ncia crucial, uma vez que apenas as estrelas de retifica\u00e7\u00e3o operadas a esta velocidade podem utilizar plenamente a sua verdadeira for\u00e7a, nomeadamente a sua elevada flexibilidade, em favor do processo de rebarba\u00e7\u00e3o. Mesmo as pe\u00e7as serradas com perfis pesados s\u00e3o rebarbadas em segundos, sem deixar p\u00ealos de arame vis\u00edveis (muitas vezes quando se utilizam escovas de arame) ou res\u00edduos invis\u00edveis (muitas vezes quando se utilizam escovas de nylon), que t\u00eam de ser soprados num processo separado ou que podem interferir ou mesmo impossibilitar opera\u00e7\u00f5es de processamento posteriores.<\/p>\n<p class=\"bodytext\">A precis\u00e3o dimensional das pe\u00e7as de trabalho n\u00e3o \u00e9 afetada pela rebarba\u00e7\u00e3o com o <span style=\"color: #009a93;\"><a class=\"internal-link\" style=\"color: #009a93;\" href=\"https:\/\/kemperkontakt.de\/pt-pt\/produkt-kategorie\/moer\/ferramentas-de-lixar-abas\/kemper-schleifstern-original-pt-pt\/\">ORIGINAL KEMPER GRINDING STUD\u00ae<\/a><\/span>.<\/p>\n<p class=\"bodytext\">A m\u00e1quina de lixar <span style=\"color: #009a93;\"><a class=\"internal-link\" style=\"color: #009a93;\" href=\"https:\/\/kemperkontakt.de\/pt-pt\/produkt\/maquina-de-lixar-polir-starmax-neo\/\">STARMAX\u00ae neo<\/a><\/span> pode ser integrada no fluxo de trabalho como uma m\u00e1quina aut\u00f3noma, podendo ser controlada manual ou automaticamente com a pe\u00e7a a ser rebarbada. A decis\u00e3o \u00e9 tomada em cada caso individual com base nas capacidades t\u00e9cnicas do utilizador. Pode ser equipada num ou em ambos os lados com estrelas de retifica\u00e7\u00e3o do mesmo di\u00e2metro.<\/p>\n<p class=\"bodytext\">Os custos de investimento muito reduzidos, comparados com o efeito de racionaliza\u00e7\u00e3o, s\u00e3o negligenci\u00e1veis.<\/p>\n<p class=\"bodytext\">A <span style=\"color: #009a93;\"><a class=\"internal-link\" style=\"color: #009a93;\" href=\"https:\/\/kemperkontakt.de\/pt-pt\/produkt-kategorie\/moer\/ferramentas-de-lixar-abas\/kemper-schleifstern-original-pt-pt\/\">ORIGINAL KEMPER GRINDING STUD\u00ae<\/a><\/span>, em conjunto com as m\u00e1quinas de acionamento descritas, oferece uma solu\u00e7\u00e3o flex\u00edvel e econ\u00f3mica para os problemas de rebarba\u00e7\u00e3o na \u00e1rea abaixo das grandes instala\u00e7\u00f5es industriais e, por conseguinte, permite tamb\u00e9m aos fabricantes de s\u00e9ries m\u00e9dias e pequenas explorar o potencial de racionaliza\u00e7\u00e3o procurado.<\/p>\n<\/div><\/div><\/div><\/div><\/div><div class=\"fusion-fullwidth fullwidth-box fusion-builder-row-3 fusion-flex-container has-pattern-background has-mask-background nonhundred-percent-fullwidth non-hundred-percent-height-scrolling\" style=\"--awb-border-radius-top-left:0px;--awb-border-radius-top-right:0px;--awb-border-radius-bottom-right:0px;--awb-border-radius-bottom-left:0px;--awb-flex-wrap:wrap;\" ><div class=\"fusion-builder-row fusion-row fusion-flex-align-items-flex-start fusion-flex-content-wrap\" style=\"max-width:1248px;margin-left: calc(-4% \/ 2 );margin-right: calc(-4% \/ 2 );\"><div class=\"fusion-layout-column fusion_builder_column fusion-builder-column-2 fusion_builder_column_1_1 1_1 fusion-flex-column\" style=\"--awb-bg-size:cover;--awb-width-large:100%;--awb-margin-top-large:0px;--awb-spacing-right-large:1.92%;--awb-margin-bottom-large:20px;--awb-spacing-left-large:1.92%;--awb-width-medium:100%;--awb-order-medium:0;--awb-spacing-right-medium:1.92%;--awb-spacing-left-medium:1.92%;--awb-width-small:100%;--awb-order-small:0;--awb-spacing-right-small:1.92%;--awb-spacing-left-small:1.92%;\"><div class=\"fusion-column-wrapper fusion-column-has-shadow fusion-flex-justify-content-flex-start fusion-content-layout-column\"><div class=\"fusion-title title fusion-title-2 fusion-sep-none fusion-title-text fusion-title-size-one\"><h1 class=\"fusion-title-heading title-heading-left fusion-responsive-typography-calculated\" style=\"margin:0;--fontSize:48;line-height:1.2;\"><h4>Produtos para o processamento de pe\u00e7as de pl\u00e1stico<\/h4><\/h1><\/div><\/div><\/div><div class=\"fusion-layout-column fusion_builder_column fusion-builder-column-3 fusion_builder_column_1_1 1_1 fusion-flex-column\" style=\"--awb-bg-size:cover;--awb-width-large:100%;--awb-margin-top-large:0px;--awb-spacing-right-large:1.92%;--awb-margin-bottom-large:20px;--awb-spacing-left-large:1.92%;--awb-width-medium:100%;--awb-order-medium:0;--awb-spacing-right-medium:1.92%;--awb-spacing-left-medium:1.92%;--awb-width-small:100%;--awb-order-small:0;--awb-spacing-right-small:1.92%;--awb-spacing-left-small:1.92%;\"><div class=\"fusion-column-wrapper fusion-column-has-shadow fusion-flex-justify-content-flex-start fusion-content-layout-column\"><div class=\"fusion-woo-product-slider fusion-woo-slider\"><div class=\"awb-carousel awb-swiper awb-swiper-carousel fusion-carousel-title-below-image\" style=\"--awb-column-spacing:7px;\" data-metacontent=\"yes\" data-autoplay=\"no\" data-columns=\"5\" data-itemmargin=\"7\" data-itemwidth=\"180\" data-touchscroll=\"yes\" data-imagesize=\"fixed\" data-scrollitems=\"3\"><div class=\"swiper-wrapper\"><div class=\"swiper-slide\"><div class=\"fusion-classic-product-image-wrapper\"><div class=\"fusion-carousel-item-wrapper\"><div  class=\"fusion-image-wrapper fusion-image-size-fixed\" aria-haspopup=\"true\">\n\t\t\t\t<div class=\"fusion-woo-badges-wrapper\">\n<\/div>\t\t\t<a href=\"https:\/\/kemperkontakt.de\/pt-pt\/produkt\/maquina-de-lixar-polir-starmax-neo\/\" aria-label=\"M\u00e1quina de lixar \/ polir STARMAX\u00ae neo\">\n\t\t\t\t\t\t\t<img decoding=\"async\" width=\"177\" height=\"142\" src=\"data:image\/svg+xml,%3Csvg%20xmlns%3D%27http%3A%2F%2Fwww.w3.org%2F2000%2Fsvg%27%20width%3D%27177%27%20height%3D%27142%27%20viewBox%3D%270%200%20177%20142%27%3E%3Crect%20width%3D%27177%27%20height%3D%27142%27%20fill-opacity%3D%220%22%2F%3E%3C%2Fsvg%3E\" data-orig-src=\"https:\/\/kemperkontakt.de\/wp-content\/uploads\/2024\/06\/Starmax_neo-1_1000x1000-177x142.jpg\" class=\"lazyload attachment-portfolio-five size-portfolio-five wp-post-image\" alt=\"\" \/><div class=\"cart-loading\"><i class=\"awb-icon-spinner\" aria-hidden=\"true\"><\/i><\/div>\t\t\t<\/a>\n\t\t\t\t\t\t\t<\/div>\n<h4 class=\"fusion-carousel-title product-title\"><a href=\"https:\/\/kemperkontakt.de\/pt-pt\/produkt\/maquina-de-lixar-polir-starmax-neo\/\" target=\"_self\">M\u00e1quina de lixar \/ polir STARMAX\u00ae neo<\/a><\/h4><div class=\"fusion-carousel-meta\"><div class=\"fusion-carousel-price\">\n<\/div><\/div><\/div><\/div><\/div><div class=\"swiper-slide\"><div class=\"fusion-classic-product-image-wrapper\"><div class=\"fusion-carousel-item-wrapper\"><div  class=\"fusion-image-wrapper fusion-image-size-fixed\" aria-haspopup=\"true\">\n\t\t\t\t<div class=\"fusion-woo-badges-wrapper\">\n<\/div>\t\t\t<a href=\"https:\/\/kemperkontakt.de\/pt-pt\/produkt\/original-kemper-schleifstern\/\" aria-label=\"ORIGINAL-KEMPER-SCHLEIFSTERN\u00ae.\">\n\t\t\t\t\t\t\t<img decoding=\"async\" width=\"177\" height=\"142\" src=\"data:image\/svg+xml,%3Csvg%20xmlns%3D%27http%3A%2F%2Fwww.w3.org%2F2000%2Fsvg%27%20width%3D%27177%27%20height%3D%27142%27%20viewBox%3D%270%200%20177%20142%27%3E%3Crect%20width%3D%27177%27%20height%3D%27142%27%20fill-opacity%3D%220%22%2F%3E%3C%2Fsvg%3E\" data-orig-src=\"https:\/\/kemperkontakt.de\/wp-content\/uploads\/2024\/09\/Schleifsterne-1-1-177x142.jpg\" class=\"lazyload attachment-portfolio-five size-portfolio-five wp-post-image\" alt=\"\" \/><div class=\"cart-loading\"><i class=\"awb-icon-spinner\" aria-hidden=\"true\"><\/i><\/div>\t\t\t<\/a>\n\t\t\t\t\t\t\t<\/div>\n<h4 class=\"fusion-carousel-title product-title\"><a href=\"https:\/\/kemperkontakt.de\/pt-pt\/produkt\/original-kemper-schleifstern\/\" target=\"_self\">ORIGINAL-KEMPER-SCHLEIFSTERN\u00ae.<\/a><\/h4><div class=\"fusion-carousel-meta\"><div class=\"fusion-carousel-price\">\n<\/div><\/div><\/div><\/div><\/div><div class=\"swiper-slide\"><div class=\"fusion-classic-product-image-wrapper\"><div class=\"fusion-carousel-item-wrapper\"><div  class=\"fusion-image-wrapper fusion-image-size-fixed\" aria-haspopup=\"true\">\n\t\t\t\t<div class=\"fusion-woo-badges-wrapper\">\n<\/div>\t\t\t<a href=\"https:\/\/kemperkontakt.de\/pt-pt\/produkt\/original-kemper-schleifstern-ms\/\" aria-label=\"ORIGINAL-KEMPER-SCHLEIFSTERN\u00ae MS\">\n\t\t\t\t\t\t\t<img decoding=\"async\" width=\"177\" height=\"142\" src=\"data:image\/svg+xml,%3Csvg%20xmlns%3D%27http%3A%2F%2Fwww.w3.org%2F2000%2Fsvg%27%20width%3D%27177%27%20height%3D%27142%27%20viewBox%3D%270%200%20177%20142%27%3E%3Crect%20width%3D%27177%27%20height%3D%27142%27%20fill-opacity%3D%220%22%2F%3E%3C%2Fsvg%3E\" data-orig-src=\"https:\/\/kemperkontakt.de\/wp-content\/uploads\/2024\/06\/ORIGINAL-KEMPER-Schleifstern_MS_1000x1000-177x142.jpg\" class=\"lazyload attachment-portfolio-five size-portfolio-five wp-post-image\" alt=\"\" \/><div class=\"cart-loading\"><i class=\"awb-icon-spinner\" aria-hidden=\"true\"><\/i><\/div>\t\t\t<\/a>\n\t\t\t\t\t\t\t<\/div>\n<h4 class=\"fusion-carousel-title product-title\"><a href=\"https:\/\/kemperkontakt.de\/pt-pt\/produkt\/original-kemper-schleifstern-ms\/\" target=\"_self\">ORIGINAL-KEMPER-SCHLEIFSTERN\u00ae MS<\/a><\/h4><div class=\"fusion-carousel-meta\"><div class=\"fusion-carousel-price\">\n<\/div><\/div><\/div><\/div><\/div><\/div><div class=\"awb-swiper-button awb-swiper-button-prev\"><i class=\"awb-icon-angle-left\" aria-hidden=\"true\"><\/i><\/div><div class=\"awb-swiper-button awb-swiper-button-next\"><i class=\"awb-icon-angle-right\" aria-hidden=\"true\"><\/i><\/div><\/div><\/div><\/div><\/div><\/div><\/div><\/p>\n","protected":false},"excerpt":{"rendered":"","protected":false},"author":1,"featured_media":0,"parent":0,"menu_order":0,"comment_status":"closed","ping_status":"closed","template":"100-width.php","meta":{"footnotes":""},"class_list":["post-5060","page","type-page","status-publish","hentry"],"yoast_head":"<!-- This site is optimized with the Yoast SEO plugin v27.3 - https:\/\/yoast.com\/product\/yoast-seo-wordpress\/ -->\n<title>Alisar e rebarbar pe\u00e7as de pl\u00e1stico - Kemper-Kontakt<\/title>\n<meta name=\"robots\" content=\"index, follow, max-snippet:-1, max-image-preview:large, max-video-preview:-1\" \/>\n<link rel=\"canonical\" href=\"https:\/\/kemperkontakt.de\/pt-pt\/alisar-e-rebarbar-pecas-de-plastico\/\" \/>\n<meta property=\"og:locale\" content=\"pt_PT\" \/>\n<meta property=\"og:type\" content=\"article\" \/>\n<meta property=\"og:title\" content=\"Alisar e rebarbar pe\u00e7as de pl\u00e1stico - Kemper-Kontakt\" \/>\n<meta property=\"og:url\" content=\"https:\/\/kemperkontakt.de\/pt-pt\/alisar-e-rebarbar-pecas-de-plastico\/\" \/>\n<meta property=\"og:site_name\" content=\"Kemper-Kontakt\" \/>\n<meta property=\"article:modified_time\" content=\"2025-09-18T13:47:25+00:00\" \/>\n<meta property=\"og:image\" content=\"https:\/\/kemperkontakt.de\/wp-content\/uploads\/2025\/09\/2025_09_Fotoserie_kemperkontakt-37.jpg\" \/>\n\t<meta property=\"og:image:width\" content=\"1280\" \/>\n\t<meta property=\"og:image:height\" content=\"853\" \/>\n\t<meta property=\"og:image:type\" content=\"image\/jpeg\" \/>\n<meta name=\"twitter:card\" content=\"summary_large_image\" \/>\n<meta name=\"twitter:label1\" content=\"Tempo estimado de leitura\" \/>\n\t<meta name=\"twitter:data1\" content=\"4 minutos\" \/>\n<script type=\"application\/ld+json\" class=\"yoast-schema-graph\">{\"@context\":\"https:\\\/\\\/schema.org\",\"@graph\":[{\"@type\":\"WebPage\",\"@id\":\"https:\\\/\\\/kemperkontakt.de\\\/pt-pt\\\/alisar-e-rebarbar-pecas-de-plastico\\\/\",\"url\":\"https:\\\/\\\/kemperkontakt.de\\\/pt-pt\\\/alisar-e-rebarbar-pecas-de-plastico\\\/\",\"name\":\"Alisar e rebarbar pe\u00e7as de pl\u00e1stico - Kemper-Kontakt\",\"isPartOf\":{\"@id\":\"https:\\\/\\\/kemperkontakt.de\\\/pt-pt\\\/#website\"},\"primaryImageOfPage\":{\"@id\":\"https:\\\/\\\/kemperkontakt.de\\\/pt-pt\\\/alisar-e-rebarbar-pecas-de-plastico\\\/#primaryimage\"},\"image\":{\"@id\":\"https:\\\/\\\/kemperkontakt.de\\\/pt-pt\\\/alisar-e-rebarbar-pecas-de-plastico\\\/#primaryimage\"},\"thumbnailUrl\":\"https:\\\/\\\/kemperkontakt.de\\\/wp-content\\\/uploads\\\/2025\\\/09\\\/2025_09_Fotoserie_kemperkontakt-37-400x267.jpg\",\"datePublished\":\"2024-06-05T16:09:45+00:00\",\"dateModified\":\"2025-09-18T13:47:25+00:00\",\"breadcrumb\":{\"@id\":\"https:\\\/\\\/kemperkontakt.de\\\/pt-pt\\\/alisar-e-rebarbar-pecas-de-plastico\\\/#breadcrumb\"},\"inLanguage\":\"pt-PT\",\"potentialAction\":[{\"@type\":\"ReadAction\",\"target\":[\"https:\\\/\\\/kemperkontakt.de\\\/pt-pt\\\/alisar-e-rebarbar-pecas-de-plastico\\\/\"]}]},{\"@type\":\"ImageObject\",\"inLanguage\":\"pt-PT\",\"@id\":\"https:\\\/\\\/kemperkontakt.de\\\/pt-pt\\\/alisar-e-rebarbar-pecas-de-plastico\\\/#primaryimage\",\"url\":\"https:\\\/\\\/kemperkontakt.de\\\/wp-content\\\/uploads\\\/2025\\\/09\\\/2025_09_Fotoserie_kemperkontakt-37-400x267.jpg\",\"contentUrl\":\"https:\\\/\\\/kemperkontakt.de\\\/wp-content\\\/uploads\\\/2025\\\/09\\\/2025_09_Fotoserie_kemperkontakt-37-400x267.jpg\"},{\"@type\":\"BreadcrumbList\",\"@id\":\"https:\\\/\\\/kemperkontakt.de\\\/pt-pt\\\/alisar-e-rebarbar-pecas-de-plastico\\\/#breadcrumb\",\"itemListElement\":[{\"@type\":\"ListItem\",\"position\":1,\"name\":\"Startseite\",\"item\":\"https:\\\/\\\/kemperkontakt.de\\\/pt-pt\\\/\"},{\"@type\":\"ListItem\",\"position\":2,\"name\":\"Alisar e rebarbar pe\u00e7as de pl\u00e1stico\"}]},{\"@type\":\"WebSite\",\"@id\":\"https:\\\/\\\/kemperkontakt.de\\\/pt-pt\\\/#website\",\"url\":\"https:\\\/\\\/kemperkontakt.de\\\/pt-pt\\\/\",\"name\":\"Kemper-Kontakt\",\"description\":\"\",\"potentialAction\":[{\"@type\":\"SearchAction\",\"target\":{\"@type\":\"EntryPoint\",\"urlTemplate\":\"https:\\\/\\\/kemperkontakt.de\\\/pt-pt\\\/?s={search_term_string}\"},\"query-input\":{\"@type\":\"PropertyValueSpecification\",\"valueRequired\":true,\"valueName\":\"search_term_string\"}}],\"inLanguage\":\"pt-PT\"}]}<\/script>\n<!-- \/ Yoast SEO plugin. -->","yoast_head_json":{"title":"Alisar e rebarbar pe\u00e7as de pl\u00e1stico - Kemper-Kontakt","robots":{"index":"index","follow":"follow","max-snippet":"max-snippet:-1","max-image-preview":"max-image-preview:large","max-video-preview":"max-video-preview:-1"},"canonical":"https:\/\/kemperkontakt.de\/pt-pt\/alisar-e-rebarbar-pecas-de-plastico\/","og_locale":"pt_PT","og_type":"article","og_title":"Alisar e rebarbar pe\u00e7as de pl\u00e1stico - Kemper-Kontakt","og_url":"https:\/\/kemperkontakt.de\/pt-pt\/alisar-e-rebarbar-pecas-de-plastico\/","og_site_name":"Kemper-Kontakt","article_modified_time":"2025-09-18T13:47:25+00:00","og_image":[{"width":1280,"height":853,"url":"https:\/\/kemperkontakt.de\/wp-content\/uploads\/2025\/09\/2025_09_Fotoserie_kemperkontakt-37.jpg","type":"image\/jpeg"}],"twitter_card":"summary_large_image","twitter_misc":{"Tempo estimado de leitura":"4 minutos"},"schema":{"@context":"https:\/\/schema.org","@graph":[{"@type":"WebPage","@id":"https:\/\/kemperkontakt.de\/pt-pt\/alisar-e-rebarbar-pecas-de-plastico\/","url":"https:\/\/kemperkontakt.de\/pt-pt\/alisar-e-rebarbar-pecas-de-plastico\/","name":"Alisar e rebarbar pe\u00e7as de pl\u00e1stico - Kemper-Kontakt","isPartOf":{"@id":"https:\/\/kemperkontakt.de\/pt-pt\/#website"},"primaryImageOfPage":{"@id":"https:\/\/kemperkontakt.de\/pt-pt\/alisar-e-rebarbar-pecas-de-plastico\/#primaryimage"},"image":{"@id":"https:\/\/kemperkontakt.de\/pt-pt\/alisar-e-rebarbar-pecas-de-plastico\/#primaryimage"},"thumbnailUrl":"https:\/\/kemperkontakt.de\/wp-content\/uploads\/2025\/09\/2025_09_Fotoserie_kemperkontakt-37-400x267.jpg","datePublished":"2024-06-05T16:09:45+00:00","dateModified":"2025-09-18T13:47:25+00:00","breadcrumb":{"@id":"https:\/\/kemperkontakt.de\/pt-pt\/alisar-e-rebarbar-pecas-de-plastico\/#breadcrumb"},"inLanguage":"pt-PT","potentialAction":[{"@type":"ReadAction","target":["https:\/\/kemperkontakt.de\/pt-pt\/alisar-e-rebarbar-pecas-de-plastico\/"]}]},{"@type":"ImageObject","inLanguage":"pt-PT","@id":"https:\/\/kemperkontakt.de\/pt-pt\/alisar-e-rebarbar-pecas-de-plastico\/#primaryimage","url":"https:\/\/kemperkontakt.de\/wp-content\/uploads\/2025\/09\/2025_09_Fotoserie_kemperkontakt-37-400x267.jpg","contentUrl":"https:\/\/kemperkontakt.de\/wp-content\/uploads\/2025\/09\/2025_09_Fotoserie_kemperkontakt-37-400x267.jpg"},{"@type":"BreadcrumbList","@id":"https:\/\/kemperkontakt.de\/pt-pt\/alisar-e-rebarbar-pecas-de-plastico\/#breadcrumb","itemListElement":[{"@type":"ListItem","position":1,"name":"Startseite","item":"https:\/\/kemperkontakt.de\/pt-pt\/"},{"@type":"ListItem","position":2,"name":"Alisar e rebarbar pe\u00e7as de pl\u00e1stico"}]},{"@type":"WebSite","@id":"https:\/\/kemperkontakt.de\/pt-pt\/#website","url":"https:\/\/kemperkontakt.de\/pt-pt\/","name":"Kemper-Kontakt","description":"","potentialAction":[{"@type":"SearchAction","target":{"@type":"EntryPoint","urlTemplate":"https:\/\/kemperkontakt.de\/pt-pt\/?s={search_term_string}"},"query-input":{"@type":"PropertyValueSpecification","valueRequired":true,"valueName":"search_term_string"}}],"inLanguage":"pt-PT"}]}},"_links":{"self":[{"href":"https:\/\/kemperkontakt.de\/pt-pt\/wp-json\/wp\/v2\/pages\/5060","targetHints":{"allow":["GET"]}}],"collection":[{"href":"https:\/\/kemperkontakt.de\/pt-pt\/wp-json\/wp\/v2\/pages"}],"about":[{"href":"https:\/\/kemperkontakt.de\/pt-pt\/wp-json\/wp\/v2\/types\/page"}],"author":[{"embeddable":true,"href":"https:\/\/kemperkontakt.de\/pt-pt\/wp-json\/wp\/v2\/users\/1"}],"replies":[{"embeddable":true,"href":"https:\/\/kemperkontakt.de\/pt-pt\/wp-json\/wp\/v2\/comments?post=5060"}],"version-history":[{"count":6,"href":"https:\/\/kemperkontakt.de\/pt-pt\/wp-json\/wp\/v2\/pages\/5060\/revisions"}],"predecessor-version":[{"id":7510,"href":"https:\/\/kemperkontakt.de\/pt-pt\/wp-json\/wp\/v2\/pages\/5060\/revisions\/7510"}],"wp:attachment":[{"href":"https:\/\/kemperkontakt.de\/pt-pt\/wp-json\/wp\/v2\/media?parent=5060"}],"curies":[{"name":"wp","href":"https:\/\/api.w.org\/{rel}","templated":true}]}}