{"id":4997,"date":"2024-07-29T16:12:45","date_gmt":"2024-07-29T14:12:45","guid":{"rendered":"https:\/\/kemperkontakt.de\/impressao-azul-kemper\/"},"modified":"2025-03-18T19:45:51","modified_gmt":"2025-03-18T18:45:51","slug":"impressao-azul-kemper","status":"publish","type":"page","link":"https:\/\/kemperkontakt.de\/pt-pt\/impressao-azul-kemper\/","title":{"rendered":"Impress\u00e3o azul Kemper"},"content":{"rendered":"<div class=\"fusion-fullwidth fullwidth-box fusion-builder-row-1 fusion-flex-container has-pattern-background has-mask-background nonhundred-percent-fullwidth non-hundred-percent-height-scrolling\" style=\"--awb-border-radius-top-left:0px;--awb-border-radius-top-right:0px;--awb-border-radius-bottom-right:0px;--awb-border-radius-bottom-left:0px;--awb-flex-wrap:wrap;\" ><div class=\"fusion-builder-row fusion-row fusion-flex-align-items-flex-start fusion-flex-content-wrap\" style=\"max-width:1248px;margin-left: calc(-4% \/ 2 );margin-right: calc(-4% \/ 2 );\"><div class=\"fusion-layout-column fusion_builder_column fusion-builder-column-0 fusion_builder_column_1_1 1_1 fusion-flex-column\" style=\"--awb-bg-size:cover;--awb-width-large:100%;--awb-margin-top-large:0px;--awb-spacing-right-large:1.92%;--awb-margin-bottom-large:20px;--awb-spacing-left-large:1.92%;--awb-width-medium:100%;--awb-order-medium:0;--awb-spacing-right-medium:1.92%;--awb-spacing-left-medium:1.92%;--awb-width-small:100%;--awb-order-small:0;--awb-spacing-right-small:1.92%;--awb-spacing-left-small:1.92%;\"><div class=\"fusion-column-wrapper fusion-column-has-shadow fusion-flex-justify-content-flex-start fusion-content-layout-column\"><div class=\"fusion-text fusion-text-1\"><h1 class=\"bodytext\"><strong>Impress\u00e3o<\/strong><\/h1>\n<h4><\/h4>\n<h4 class=\"bodytext\"><strong>KEMPER-KONTAKT Gert Kemper GmbH<\/strong><\/h4>\n<p>Siegersbusch 45A<br \/>\n42327 Wuppertal<br \/>\nTel.: +49-(0)202\/78607-0<br \/>\nE-Mail: <a class=\"mail\" style=\"color: var(--awb-custom_color_1);\" title=\"Envia-nos um e-mail.\" href=\"mailto:kontakt@kemperkontakt.de\">kontakt[at]kemperkontakt.de<\/a><br \/>\nLiga-te \u00e0 Internet: <a class=\"internal-link\" style=\"color: var(--awb-custom_color_1);\" href=\"\/index.php?id=1\">www.kemperkontakt.de<\/a><\/p>\n<h4>Regista o tribunal:<\/h4>\n<p>Tribunal local Wuppertal<\/p>\n<h4>N\u00famero de registo:<\/h4>\n<p>HRB 5223<\/p>\n<h4>Diretor-geral:<\/h4>\n<p>Martin Schnepper<\/p>\n<h4>N\u00famero de identifica\u00e7\u00e3o fiscal de vendas:<\/h4>\n<p>DE121108432<\/p>\n<h4>Autoridade de controlo competente para a presta\u00e7\u00e3o de servi\u00e7os de comunica\u00e7\u00e3o social audiovisual:<\/h4>\n<p>Landesanstalt f\u00fcr Medien NRW Diretor: Dr. Tobias Schmid Presidente da Comiss\u00e3o dos Meios de Comunica\u00e7\u00e3o Social: Prof. Dr. Werner Schwaderlapp Imprensa: Nele Nieuwenhuis, Zollhof 2, 40221 D\u00fcsseldorf, telefone: +49 211 770070, e-mail: info@medienanstalt-nrw.de, s\u00edtio Web: www.medienanstalt-nrw.de<\/p>\n<h4>Plataforma da Comiss\u00e3o Europeia para a resolu\u00e7\u00e3o de lit\u00edgios em linha:<\/h4>\n<p>https:\/\/ec.europa.eu\/odr N\u00e3o somos obrigados nem estamos dispostos a participar em processos de resolu\u00e7\u00e3o de lit\u00edgios perante uma comiss\u00e3o de arbitragem de consumidores.<\/p>\n<h4>O seguinte aplica-se a todas as liga\u00e7\u00f5es externas desta p\u00e1gina:<\/h4>\n<p>A KEMPER-KONTAKT Gert Kemper GmbH declara expressamente que n\u00e3o teve qualquer influ\u00eancia na conce\u00e7\u00e3o e no conte\u00fado dos sites ligados.<\/p>\n<h4>Respons\u00e1vel pelo conte\u00fado das p\u00e1ginas de Internet da KEMPER-KONTAKT Gert Kemper GmbH de acordo com o \u00a710 par\u00e1grafo 3 MDStV:<\/h4>\n<p>Martin Schnepper<\/p>\n<h4>Prote\u00e7\u00e3o de dados<\/h4>\n<p>Todos os dados pessoais recolhidos no nosso s\u00edtio Web s\u00e3o armazenados e processados exclusivamente com o objetivo de te prestar apoio e aconselhamento ou de te enviar informa\u00e7\u00f5es sobre produtos e servi\u00e7os. Os teus dados ser\u00e3o tratados confidencialmente de acordo com os regulamentos de prote\u00e7\u00e3o de dados.<\/p>\n<h4>Atualiza\u00e7\u00e3o e manuten\u00e7\u00e3o<\/h4>\n<p class=\"bodytext\">KEMPER-KONTAKT Gert Kemper GmbH<\/p>\n<h4>Fontes de imagem<\/h4>\n<p>https:\/\/pixabay.com\/de\/photos\/arbeiter-schleifer-fabrik-5736096\/<\/p>\n<\/div><\/div><\/div><\/div><\/div>\n","protected":false},"excerpt":{"rendered":"","protected":false},"author":1,"featured_media":0,"parent":0,"menu_order":0,"comment_status":"closed","ping_status":"closed","template":"100-width.php","meta":{"footnotes":""},"class_list":["post-4997","page","type-page","status-publish","hentry"],"yoast_head":"<!-- This site is optimized with the Yoast SEO plugin v27.3 - https:\/\/yoast.com\/product\/yoast-seo-wordpress\/ -->\n<title>Impress\u00e3o azul Kemper - Kemper-Kontakt<\/title>\n<meta name=\"robots\" content=\"index, follow, max-snippet:-1, max-image-preview:large, max-video-preview:-1\" \/>\n<link rel=\"canonical\" href=\"https:\/\/kemperkontakt.de\/pt-pt\/impressao-azul-kemper\/\" \/>\n<meta property=\"og:locale\" content=\"pt_PT\" \/>\n<meta property=\"og:type\" content=\"article\" \/>\n<meta property=\"og:title\" content=\"Impress\u00e3o azul Kemper - Kemper-Kontakt\" \/>\n<meta property=\"og:url\" content=\"https:\/\/kemperkontakt.de\/pt-pt\/impressao-azul-kemper\/\" \/>\n<meta property=\"og:site_name\" content=\"Kemper-Kontakt\" \/>\n<meta property=\"article:modified_time\" content=\"2025-03-18T18:45:51+00:00\" \/>\n<meta name=\"twitter:card\" content=\"summary_large_image\" \/>\n<meta name=\"twitter:label1\" content=\"Tempo estimado de leitura\" \/>\n\t<meta name=\"twitter:data1\" content=\"2 minutos\" \/>\n<script type=\"application\/ld+json\" class=\"yoast-schema-graph\">{\"@context\":\"https:\\\/\\\/schema.org\",\"@graph\":[{\"@type\":\"WebPage\",\"@id\":\"https:\\\/\\\/kemperkontakt.de\\\/pt-pt\\\/impressao-azul-kemper\\\/\",\"url\":\"https:\\\/\\\/kemperkontakt.de\\\/pt-pt\\\/impressao-azul-kemper\\\/\",\"name\":\"Impress\u00e3o azul Kemper - Kemper-Kontakt\",\"isPartOf\":{\"@id\":\"https:\\\/\\\/kemperkontakt.de\\\/pt-pt\\\/#website\"},\"datePublished\":\"2024-07-29T14:12:45+00:00\",\"dateModified\":\"2025-03-18T18:45:51+00:00\",\"breadcrumb\":{\"@id\":\"https:\\\/\\\/kemperkontakt.de\\\/pt-pt\\\/impressao-azul-kemper\\\/#breadcrumb\"},\"inLanguage\":\"pt-PT\",\"potentialAction\":[{\"@type\":\"ReadAction\",\"target\":[\"https:\\\/\\\/kemperkontakt.de\\\/pt-pt\\\/impressao-azul-kemper\\\/\"]}]},{\"@type\":\"BreadcrumbList\",\"@id\":\"https:\\\/\\\/kemperkontakt.de\\\/pt-pt\\\/impressao-azul-kemper\\\/#breadcrumb\",\"itemListElement\":[{\"@type\":\"ListItem\",\"position\":1,\"name\":\"Startseite\",\"item\":\"https:\\\/\\\/kemperkontakt.de\\\/pt-pt\\\/\"},{\"@type\":\"ListItem\",\"position\":2,\"name\":\"Impress\u00e3o azul Kemper\"}]},{\"@type\":\"WebSite\",\"@id\":\"https:\\\/\\\/kemperkontakt.de\\\/pt-pt\\\/#website\",\"url\":\"https:\\\/\\\/kemperkontakt.de\\\/pt-pt\\\/\",\"name\":\"Kemper-Kontakt\",\"description\":\"\",\"potentialAction\":[{\"@type\":\"SearchAction\",\"target\":{\"@type\":\"EntryPoint\",\"urlTemplate\":\"https:\\\/\\\/kemperkontakt.de\\\/pt-pt\\\/?s={search_term_string}\"},\"query-input\":{\"@type\":\"PropertyValueSpecification\",\"valueRequired\":true,\"valueName\":\"search_term_string\"}}],\"inLanguage\":\"pt-PT\"}]}<\/script>\n<!-- \/ Yoast SEO plugin. -->","yoast_head_json":{"title":"Impress\u00e3o azul Kemper - Kemper-Kontakt","robots":{"index":"index","follow":"follow","max-snippet":"max-snippet:-1","max-image-preview":"max-image-preview:large","max-video-preview":"max-video-preview:-1"},"canonical":"https:\/\/kemperkontakt.de\/pt-pt\/impressao-azul-kemper\/","og_locale":"pt_PT","og_type":"article","og_title":"Impress\u00e3o azul Kemper - Kemper-Kontakt","og_url":"https:\/\/kemperkontakt.de\/pt-pt\/impressao-azul-kemper\/","og_site_name":"Kemper-Kontakt","article_modified_time":"2025-03-18T18:45:51+00:00","twitter_card":"summary_large_image","twitter_misc":{"Tempo estimado de leitura":"2 minutos"},"schema":{"@context":"https:\/\/schema.org","@graph":[{"@type":"WebPage","@id":"https:\/\/kemperkontakt.de\/pt-pt\/impressao-azul-kemper\/","url":"https:\/\/kemperkontakt.de\/pt-pt\/impressao-azul-kemper\/","name":"Impress\u00e3o azul Kemper - Kemper-Kontakt","isPartOf":{"@id":"https:\/\/kemperkontakt.de\/pt-pt\/#website"},"datePublished":"2024-07-29T14:12:45+00:00","dateModified":"2025-03-18T18:45:51+00:00","breadcrumb":{"@id":"https:\/\/kemperkontakt.de\/pt-pt\/impressao-azul-kemper\/#breadcrumb"},"inLanguage":"pt-PT","potentialAction":[{"@type":"ReadAction","target":["https:\/\/kemperkontakt.de\/pt-pt\/impressao-azul-kemper\/"]}]},{"@type":"BreadcrumbList","@id":"https:\/\/kemperkontakt.de\/pt-pt\/impressao-azul-kemper\/#breadcrumb","itemListElement":[{"@type":"ListItem","position":1,"name":"Startseite","item":"https:\/\/kemperkontakt.de\/pt-pt\/"},{"@type":"ListItem","position":2,"name":"Impress\u00e3o azul Kemper"}]},{"@type":"WebSite","@id":"https:\/\/kemperkontakt.de\/pt-pt\/#website","url":"https:\/\/kemperkontakt.de\/pt-pt\/","name":"Kemper-Kontakt","description":"","potentialAction":[{"@type":"SearchAction","target":{"@type":"EntryPoint","urlTemplate":"https:\/\/kemperkontakt.de\/pt-pt\/?s={search_term_string}"},"query-input":{"@type":"PropertyValueSpecification","valueRequired":true,"valueName":"search_term_string"}}],"inLanguage":"pt-PT"}]}},"_links":{"self":[{"href":"https:\/\/kemperkontakt.de\/pt-pt\/wp-json\/wp\/v2\/pages\/4997","targetHints":{"allow":["GET"]}}],"collection":[{"href":"https:\/\/kemperkontakt.de\/pt-pt\/wp-json\/wp\/v2\/pages"}],"about":[{"href":"https:\/\/kemperkontakt.de\/pt-pt\/wp-json\/wp\/v2\/types\/page"}],"author":[{"embeddable":true,"href":"https:\/\/kemperkontakt.de\/pt-pt\/wp-json\/wp\/v2\/users\/1"}],"replies":[{"embeddable":true,"href":"https:\/\/kemperkontakt.de\/pt-pt\/wp-json\/wp\/v2\/comments?post=4997"}],"version-history":[{"count":4,"href":"https:\/\/kemperkontakt.de\/pt-pt\/wp-json\/wp\/v2\/pages\/4997\/revisions"}],"predecessor-version":[{"id":7298,"href":"https:\/\/kemperkontakt.de\/pt-pt\/wp-json\/wp\/v2\/pages\/4997\/revisions\/7298"}],"wp:attachment":[{"href":"https:\/\/kemperkontakt.de\/pt-pt\/wp-json\/wp\/v2\/media?parent=4997"}],"curies":[{"name":"wp","href":"https:\/\/api.w.org\/{rel}","templated":true}]}}