{"id":4943,"date":"2024-09-11T20:28:23","date_gmt":"2024-09-11T18:28:23","guid":{"rendered":"https:\/\/kemperkontakt.de\/servico-de-reparacao\/"},"modified":"2025-03-13T14:21:31","modified_gmt":"2025-03-13T13:21:31","slug":"servico-de-reparacao","status":"publish","type":"page","link":"https:\/\/kemperkontakt.de\/pt-pt\/servico-de-reparacao\/","title":{"rendered":"Servi\u00e7o de repara\u00e7\u00e3o"},"content":{"rendered":"<p><div class=\"fusion-fullwidth fullwidth-box fusion-builder-row-1 fusion-flex-container has-pattern-background has-mask-background nonhundred-percent-fullwidth non-hundred-percent-height-scrolling\" style=\"--awb-border-radius-top-left:0px;--awb-border-radius-top-right:0px;--awb-border-radius-bottom-right:0px;--awb-border-radius-bottom-left:0px;--awb-flex-wrap:wrap;\" ><div class=\"fusion-builder-row fusion-row fusion-flex-align-items-flex-start fusion-flex-content-wrap\" style=\"max-width:1248px;margin-left: calc(-4% \/ 2 );margin-right: calc(-4% \/ 2 );\"><div class=\"fusion-layout-column fusion_builder_column fusion-builder-column-0 fusion_builder_column_1_1 1_1 fusion-flex-column\" style=\"--awb-bg-size:cover;--awb-width-large:100%;--awb-margin-top-large:0px;--awb-spacing-right-large:1.92%;--awb-margin-bottom-large:20px;--awb-spacing-left-large:1.92%;--awb-width-medium:100%;--awb-order-medium:0;--awb-spacing-right-medium:1.92%;--awb-spacing-left-medium:1.92%;--awb-width-small:100%;--awb-order-small:0;--awb-spacing-right-small:1.92%;--awb-spacing-left-small:1.92%;\"><div class=\"fusion-column-wrapper fusion-column-has-shadow fusion-flex-justify-content-flex-start fusion-content-layout-column\"><div class=\"fusion-title title fusion-title-1 fusion-sep-none fusion-title-text fusion-title-size-one\"><h1 class=\"fusion-title-heading title-heading-left fusion-responsive-typography-calculated\" style=\"margin:0;--fontSize:48;line-height:1.2;\">Servi\u00e7o de repara\u00e7\u00e3o de contactos Kemper<\/h1><\/div><\/div><\/div><\/div><\/div><div class=\"fusion-fullwidth fullwidth-box fusion-builder-row-2 fusion-flex-container has-pattern-background has-mask-background nonhundred-percent-fullwidth non-hundred-percent-height-scrolling\" style=\"--awb-border-radius-top-left:0px;--awb-border-radius-top-right:0px;--awb-border-radius-bottom-right:0px;--awb-border-radius-bottom-left:0px;--awb-flex-wrap:wrap;\" ><div class=\"fusion-builder-row fusion-row fusion-flex-align-items-flex-start fusion-flex-content-wrap\" style=\"max-width:1248px;margin-left: calc(-4% \/ 2 );margin-right: calc(-4% \/ 2 );\"><div class=\"fusion-layout-column fusion_builder_column fusion-builder-column-1 fusion_builder_column_1_1 1_1 fusion-flex-column\" style=\"--awb-bg-size:cover;--awb-width-large:100%;--awb-margin-top-large:0px;--awb-spacing-right-large:1.92%;--awb-margin-bottom-large:20px;--awb-spacing-left-large:1.92%;--awb-width-medium:100%;--awb-order-medium:0;--awb-spacing-right-medium:1.92%;--awb-spacing-left-medium:1.92%;--awb-width-small:100%;--awb-order-small:0;--awb-spacing-right-small:1.92%;--awb-spacing-left-small:1.92%;\"><div class=\"fusion-column-wrapper fusion-column-has-shadow fusion-flex-justify-content-flex-start fusion-content-layout-column\"><div class=\"fusion-text fusion-text-1\"><p>Somos especialistas na recupera\u00e7\u00e3o de rodas e rod\u00edzios para utiliza\u00e7\u00e3o industrial e municipal. O nosso processamento r\u00e1pido garante que os teus componentes est\u00e3o prontos a ser utilizados no mais curto espa\u00e7o de tempo poss\u00edvel e que os teus fluxos de trabalho e processos de produ\u00e7\u00e3o podem continuar sem atrasos. <\/p>\n<p>Quer se trate de acionamento, impulsor ou rolos de deflex\u00e3o, em borracha ou a\u00e7o &#8211; reparamos estes elementos de acionamento com precis\u00e3o e com a qualidade comprovada da KEMPER-KONTAKT.<\/p>\n<p>A manuten\u00e7\u00e3o regular e a repara\u00e7\u00e3o pr\u00f3-ativa dos seus componentes importantes n\u00e3o s\u00f3 garantem o bom funcionamento da sua empresa, como tamb\u00e9m podem ser significativamente mais rent\u00e1veis do que a compra de novos produtos.<\/p>\n<p>Evita per\u00edodos de inatividade desnecess\u00e1rios, substituindo as pe\u00e7as cr\u00edticas numa fase inicial. O nosso servi\u00e7o r\u00e1pido minimiza o tempo de inatividade e garante que a sua empresa continua operacional. <\/p>\n<p>O que podemos fazer por ti? Contacta-nos por telefone ou envia-nos o teu pedido &#8211; incluindo um desenho &#8211; por correio eletr\u00f3nico. <\/p>\n<p>Entraremos em contacto contigo diretamente para processar o teu pedido.<\/p>\n<\/div><\/div><\/div><\/div><\/div><\/p>\n","protected":false},"excerpt":{"rendered":"","protected":false},"author":1,"featured_media":0,"parent":0,"menu_order":0,"comment_status":"closed","ping_status":"closed","template":"100-width.php","meta":{"footnotes":""},"class_list":["post-4943","page","type-page","status-publish","hentry"],"yoast_head":"<!-- This site is optimized with the Yoast SEO plugin v27.3 - https:\/\/yoast.com\/product\/yoast-seo-wordpress\/ -->\n<title>Servi\u00e7o de repara\u00e7\u00e3o - Kemper-Kontakt<\/title>\n<meta name=\"robots\" content=\"index, follow, max-snippet:-1, max-image-preview:large, max-video-preview:-1\" \/>\n<link rel=\"canonical\" href=\"https:\/\/kemperkontakt.de\/pt-pt\/servico-de-reparacao\/\" \/>\n<meta property=\"og:locale\" content=\"pt_PT\" \/>\n<meta property=\"og:type\" content=\"article\" \/>\n<meta property=\"og:title\" content=\"Servi\u00e7o de repara\u00e7\u00e3o - Kemper-Kontakt\" \/>\n<meta property=\"og:url\" content=\"https:\/\/kemperkontakt.de\/pt-pt\/servico-de-reparacao\/\" \/>\n<meta property=\"og:site_name\" content=\"Kemper-Kontakt\" \/>\n<meta property=\"article:modified_time\" content=\"2025-03-13T13:21:31+00:00\" \/>\n<meta name=\"twitter:card\" content=\"summary_large_image\" \/>\n<meta name=\"twitter:label1\" content=\"Tempo estimado de leitura\" \/>\n\t<meta name=\"twitter:data1\" content=\"8 minutos\" \/>\n<script type=\"application\/ld+json\" class=\"yoast-schema-graph\">{\"@context\":\"https:\\\/\\\/schema.org\",\"@graph\":[{\"@type\":\"WebPage\",\"@id\":\"https:\\\/\\\/kemperkontakt.de\\\/pt-pt\\\/servico-de-reparacao\\\/\",\"url\":\"https:\\\/\\\/kemperkontakt.de\\\/pt-pt\\\/servico-de-reparacao\\\/\",\"name\":\"Servi\u00e7o de repara\u00e7\u00e3o - Kemper-Kontakt\",\"isPartOf\":{\"@id\":\"https:\\\/\\\/kemperkontakt.de\\\/pt-pt\\\/#website\"},\"datePublished\":\"2024-09-11T18:28:23+00:00\",\"dateModified\":\"2025-03-13T13:21:31+00:00\",\"breadcrumb\":{\"@id\":\"https:\\\/\\\/kemperkontakt.de\\\/pt-pt\\\/servico-de-reparacao\\\/#breadcrumb\"},\"inLanguage\":\"pt-PT\",\"potentialAction\":[{\"@type\":\"ReadAction\",\"target\":[\"https:\\\/\\\/kemperkontakt.de\\\/pt-pt\\\/servico-de-reparacao\\\/\"]}]},{\"@type\":\"BreadcrumbList\",\"@id\":\"https:\\\/\\\/kemperkontakt.de\\\/pt-pt\\\/servico-de-reparacao\\\/#breadcrumb\",\"itemListElement\":[{\"@type\":\"ListItem\",\"position\":1,\"name\":\"Startseite\",\"item\":\"https:\\\/\\\/kemperkontakt.de\\\/pt-pt\\\/\"},{\"@type\":\"ListItem\",\"position\":2,\"name\":\"Servi\u00e7o de repara\u00e7\u00e3o\"}]},{\"@type\":\"WebSite\",\"@id\":\"https:\\\/\\\/kemperkontakt.de\\\/pt-pt\\\/#website\",\"url\":\"https:\\\/\\\/kemperkontakt.de\\\/pt-pt\\\/\",\"name\":\"Kemper-Kontakt\",\"description\":\"\",\"potentialAction\":[{\"@type\":\"SearchAction\",\"target\":{\"@type\":\"EntryPoint\",\"urlTemplate\":\"https:\\\/\\\/kemperkontakt.de\\\/pt-pt\\\/?s={search_term_string}\"},\"query-input\":{\"@type\":\"PropertyValueSpecification\",\"valueRequired\":true,\"valueName\":\"search_term_string\"}}],\"inLanguage\":\"pt-PT\"}]}<\/script>\n<!-- \/ Yoast SEO plugin. -->","yoast_head_json":{"title":"Servi\u00e7o de repara\u00e7\u00e3o - Kemper-Kontakt","robots":{"index":"index","follow":"follow","max-snippet":"max-snippet:-1","max-image-preview":"max-image-preview:large","max-video-preview":"max-video-preview:-1"},"canonical":"https:\/\/kemperkontakt.de\/pt-pt\/servico-de-reparacao\/","og_locale":"pt_PT","og_type":"article","og_title":"Servi\u00e7o de repara\u00e7\u00e3o - Kemper-Kontakt","og_url":"https:\/\/kemperkontakt.de\/pt-pt\/servico-de-reparacao\/","og_site_name":"Kemper-Kontakt","article_modified_time":"2025-03-13T13:21:31+00:00","twitter_card":"summary_large_image","twitter_misc":{"Tempo estimado de leitura":"8 minutos"},"schema":{"@context":"https:\/\/schema.org","@graph":[{"@type":"WebPage","@id":"https:\/\/kemperkontakt.de\/pt-pt\/servico-de-reparacao\/","url":"https:\/\/kemperkontakt.de\/pt-pt\/servico-de-reparacao\/","name":"Servi\u00e7o de repara\u00e7\u00e3o - Kemper-Kontakt","isPartOf":{"@id":"https:\/\/kemperkontakt.de\/pt-pt\/#website"},"datePublished":"2024-09-11T18:28:23+00:00","dateModified":"2025-03-13T13:21:31+00:00","breadcrumb":{"@id":"https:\/\/kemperkontakt.de\/pt-pt\/servico-de-reparacao\/#breadcrumb"},"inLanguage":"pt-PT","potentialAction":[{"@type":"ReadAction","target":["https:\/\/kemperkontakt.de\/pt-pt\/servico-de-reparacao\/"]}]},{"@type":"BreadcrumbList","@id":"https:\/\/kemperkontakt.de\/pt-pt\/servico-de-reparacao\/#breadcrumb","itemListElement":[{"@type":"ListItem","position":1,"name":"Startseite","item":"https:\/\/kemperkontakt.de\/pt-pt\/"},{"@type":"ListItem","position":2,"name":"Servi\u00e7o de repara\u00e7\u00e3o"}]},{"@type":"WebSite","@id":"https:\/\/kemperkontakt.de\/pt-pt\/#website","url":"https:\/\/kemperkontakt.de\/pt-pt\/","name":"Kemper-Kontakt","description":"","potentialAction":[{"@type":"SearchAction","target":{"@type":"EntryPoint","urlTemplate":"https:\/\/kemperkontakt.de\/pt-pt\/?s={search_term_string}"},"query-input":{"@type":"PropertyValueSpecification","valueRequired":true,"valueName":"search_term_string"}}],"inLanguage":"pt-PT"}]}},"_links":{"self":[{"href":"https:\/\/kemperkontakt.de\/pt-pt\/wp-json\/wp\/v2\/pages\/4943","targetHints":{"allow":["GET"]}}],"collection":[{"href":"https:\/\/kemperkontakt.de\/pt-pt\/wp-json\/wp\/v2\/pages"}],"about":[{"href":"https:\/\/kemperkontakt.de\/pt-pt\/wp-json\/wp\/v2\/types\/page"}],"author":[{"embeddable":true,"href":"https:\/\/kemperkontakt.de\/pt-pt\/wp-json\/wp\/v2\/users\/1"}],"replies":[{"embeddable":true,"href":"https:\/\/kemperkontakt.de\/pt-pt\/wp-json\/wp\/v2\/comments?post=4943"}],"version-history":[{"count":4,"href":"https:\/\/kemperkontakt.de\/pt-pt\/wp-json\/wp\/v2\/pages\/4943\/revisions"}],"predecessor-version":[{"id":6857,"href":"https:\/\/kemperkontakt.de\/pt-pt\/wp-json\/wp\/v2\/pages\/4943\/revisions\/6857"}],"wp:attachment":[{"href":"https:\/\/kemperkontakt.de\/pt-pt\/wp-json\/wp\/v2\/media?parent=4943"}],"curies":[{"name":"wp","href":"https:\/\/api.w.org\/{rel}","templated":true}]}}