{"id":4827,"date":"2024-04-25T17:21:37","date_gmt":"2024-04-25T15:21:37","guid":{"rendered":"https:\/\/kemperkontakt.de\/areas-de-aplicacao\/"},"modified":"2025-09-17T11:14:12","modified_gmt":"2025-09-17T09:14:12","slug":"areas-de-aplicacao","status":"publish","type":"page","link":"https:\/\/kemperkontakt.de\/pt-pt\/areas-de-aplicacao\/","title":{"rendered":"\u00c1reas de aplica\u00e7\u00e3o"},"content":{"rendered":"<p><div class=\"fusion-fullwidth fullwidth-box fusion-builder-row-1 fusion-flex-container has-pattern-background has-mask-background nonhundred-percent-fullwidth non-hundred-percent-height-scrolling\" style=\"--awb-border-radius-top-left:0px;--awb-border-radius-top-right:0px;--awb-border-radius-bottom-right:0px;--awb-border-radius-bottom-left:0px;--awb-flex-wrap:wrap;\" ><div class=\"fusion-builder-row fusion-row fusion-flex-align-items-flex-start fusion-flex-content-wrap\" style=\"max-width:1248px;margin-left: calc(-4% \/ 2 );margin-right: calc(-4% \/ 2 );\"><div class=\"fusion-layout-column fusion_builder_column fusion-builder-column-0 fusion_builder_column_1_1 1_1 fusion-flex-column\" style=\"--awb-bg-size:cover;--awb-width-large:100%;--awb-margin-top-large:0px;--awb-spacing-right-large:1.92%;--awb-margin-bottom-large:20px;--awb-spacing-left-large:1.92%;--awb-width-medium:100%;--awb-order-medium:0;--awb-spacing-right-medium:1.92%;--awb-spacing-left-medium:1.92%;--awb-width-small:100%;--awb-order-small:0;--awb-spacing-right-small:1.92%;--awb-spacing-left-small:1.92%;\"><div class=\"fusion-column-wrapper fusion-column-has-shadow fusion-flex-justify-content-flex-start fusion-content-layout-column\"><div class=\"fusion-title title fusion-title-1 fusion-sep-none fusion-title-text fusion-title-size-one\"><h1 class=\"fusion-title-heading title-heading-left fusion-responsive-typography-calculated\" style=\"margin:0;--fontSize:48;line-height:1.2;\">\u00c1reas de aplica\u00e7\u00e3o<\/h1><\/div><\/div><\/div><\/div><\/div><div class=\"fusion-fullwidth fullwidth-box fusion-builder-row-2 fusion-flex-container has-pattern-background has-mask-background nonhundred-percent-fullwidth non-hundred-percent-height-scrolling\" style=\"--awb-border-radius-top-left:0px;--awb-border-radius-top-right:0px;--awb-border-radius-bottom-right:0px;--awb-border-radius-bottom-left:0px;--awb-flex-wrap:wrap;\" ><div class=\"fusion-builder-row fusion-row fusion-flex-align-items-flex-start fusion-flex-content-wrap\" style=\"max-width:1248px;margin-left: calc(-4% \/ 2 );margin-right: calc(-4% \/ 2 );\"><div class=\"fusion-layout-column fusion_builder_column fusion-builder-column-1 fusion_builder_column_1_3 1_3 fusion-flex-column\" style=\"--awb-bg-size:cover;--awb-width-large:33.333333333333%;--awb-margin-top-large:0px;--awb-spacing-right-large:5.76%;--awb-margin-bottom-large:20px;--awb-spacing-left-large:5.76%;--awb-width-medium:33.333333333333%;--awb-order-medium:0;--awb-spacing-right-medium:5.76%;--awb-spacing-left-medium:5.76%;--awb-width-small:100%;--awb-order-small:0;--awb-spacing-right-small:1.92%;--awb-spacing-left-small:1.92%;\"><div class=\"fusion-column-wrapper fusion-column-has-shadow fusion-flex-justify-content-flex-start fusion-content-layout-column\"><div class=\"fusion-text fusion-text-1 fusion-text-no-margin\" style=\"--awb-margin-bottom:15px;\"><h5><strong>Retifica\u00e7\u00e3o de superf\u00edcies met\u00e1licas<\/strong><\/h5>\n<\/div><div class=\"fusion-image-element \" style=\"--awb-caption-title-font-family:var(--h2_typography-font-family);--awb-caption-title-font-weight:var(--h2_typography-font-weight);--awb-caption-title-font-style:var(--h2_typography-font-style);--awb-caption-title-size:var(--h2_typography-font-size);--awb-caption-title-transform:var(--h2_typography-text-transform);--awb-caption-title-line-height:var(--h2_typography-line-height);--awb-caption-title-letter-spacing:var(--h2_typography-letter-spacing);\"><span class=\" fusion-imageframe imageframe-none imageframe-1 hover-type-none\"><a class=\"fusion-no-lightbox\" href=\"\/pt-pt\/retificacao-de-superficies-metalicas\/\" target=\"_self\" aria-label=\"2025_09_Fotoserie_kemperkontakt-39\"><img decoding=\"async\" width=\"400\" height=\"267\" src=\"https:\/\/kemperkontakt.de\/wp-content\/uploads\/2025\/09\/2025_09_Fotoserie_kemperkontakt-39.jpg\" data-orig-src=\"https:\/\/kemperkontakt.de\/wp-content\/uploads\/2025\/09\/2025_09_Fotoserie_kemperkontakt-39-400x267.jpg\" alt class=\"lazyload img-responsive wp-image-7465\" srcset=\"data:image\/svg+xml,%3Csvg%20xmlns%3D%27http%3A%2F%2Fwww.w3.org%2F2000%2Fsvg%27%20width%3D%271280%27%20height%3D%27853%27%20viewBox%3D%270%200%201280%20853%27%3E%3Crect%20width%3D%271280%27%20height%3D%27853%27%20fill-opacity%3D%220%22%2F%3E%3C%2Fsvg%3E\" data-srcset=\"https:\/\/kemperkontakt.de\/wp-content\/uploads\/2025\/09\/2025_09_Fotoserie_kemperkontakt-39-200x133.jpg 200w, https:\/\/kemperkontakt.de\/wp-content\/uploads\/2025\/09\/2025_09_Fotoserie_kemperkontakt-39-400x267.jpg 400w, https:\/\/kemperkontakt.de\/wp-content\/uploads\/2025\/09\/2025_09_Fotoserie_kemperkontakt-39-600x400.jpg 600w, https:\/\/kemperkontakt.de\/wp-content\/uploads\/2025\/09\/2025_09_Fotoserie_kemperkontakt-39-800x533.jpg 800w, https:\/\/kemperkontakt.de\/wp-content\/uploads\/2025\/09\/2025_09_Fotoserie_kemperkontakt-39-1200x800.jpg 1200w, https:\/\/kemperkontakt.de\/wp-content\/uploads\/2025\/09\/2025_09_Fotoserie_kemperkontakt-39.jpg 1280w\" data-sizes=\"auto\" data-orig-sizes=\"(max-width: 640px) 100vw, 400px\" \/><\/a><\/span><\/div><div class=\"fusion-text fusion-text-2\" style=\"--awb-margin-top:10px;\"><p>A &#8220;retifica\u00e7\u00e3o por cinta&#8221; \u00e9 a retifica\u00e7\u00e3o de superf\u00edcies met\u00e1licas utilizando ferramentas de retifica\u00e7\u00e3o, tais como rodas de contacto com diferentes superf\u00edcies de rolamento e cintas abrasivas.<\/p>\n<\/div><div style=\"text-align:center;\"><a class=\"fusion-button button-flat fusion-button-default-size button-default fusion-button-default button-1 fusion-button-default-span fusion-button-default-type\" target=\"_self\" href=\"\/pt-pt\/retificacao-de-superficies-metalicas\/\"><span class=\"fusion-button-text\">Aprende mais<\/span><\/a><\/div><\/div><\/div><div class=\"fusion-layout-column fusion_builder_column fusion-builder-column-2 fusion_builder_column_1_3 1_3 fusion-flex-column\" style=\"--awb-bg-size:cover;--awb-width-large:33.333333333333%;--awb-margin-top-large:0px;--awb-spacing-right-large:5.76%;--awb-margin-bottom-large:20px;--awb-spacing-left-large:5.76%;--awb-width-medium:33.333333333333%;--awb-order-medium:0;--awb-spacing-right-medium:5.76%;--awb-spacing-left-medium:5.76%;--awb-width-small:100%;--awb-order-small:0;--awb-spacing-right-small:1.92%;--awb-spacing-left-small:1.92%;\"><div class=\"fusion-column-wrapper fusion-column-has-shadow fusion-flex-justify-content-flex-start fusion-content-layout-column\"><div class=\"fusion-text fusion-text-3 fusion-text-no-margin\" style=\"--awb-margin-bottom:15px;\"><h5><strong>Tratamento de superf\u00edcie de a\u00e7o inoxid\u00e1vel<\/strong><\/h5>\n<\/div><div class=\"fusion-image-element \" style=\"--awb-caption-title-font-family:var(--h2_typography-font-family);--awb-caption-title-font-weight:var(--h2_typography-font-weight);--awb-caption-title-font-style:var(--h2_typography-font-style);--awb-caption-title-size:var(--h2_typography-font-size);--awb-caption-title-transform:var(--h2_typography-text-transform);--awb-caption-title-line-height:var(--h2_typography-line-height);--awb-caption-title-letter-spacing:var(--h2_typography-letter-spacing);\"><span class=\" fusion-imageframe imageframe-none imageframe-2 hover-type-none\"><a class=\"fusion-no-lightbox\" href=\"\/pt-pt\/escova-de-aco-inoxidavel\/\" target=\"_self\" aria-label=\"2025_09_Fotoserie_kemperkontakt-34\"><img decoding=\"async\" width=\"400\" height=\"267\" src=\"https:\/\/kemperkontakt.de\/wp-content\/uploads\/2025\/09\/2025_09_Fotoserie_kemperkontakt-34.jpg\" data-orig-src=\"https:\/\/kemperkontakt.de\/wp-content\/uploads\/2025\/09\/2025_09_Fotoserie_kemperkontakt-34-400x267.jpg\" alt class=\"lazyload img-responsive wp-image-7472\" srcset=\"data:image\/svg+xml,%3Csvg%20xmlns%3D%27http%3A%2F%2Fwww.w3.org%2F2000%2Fsvg%27%20width%3D%271280%27%20height%3D%27853%27%20viewBox%3D%270%200%201280%20853%27%3E%3Crect%20width%3D%271280%27%20height%3D%27853%27%20fill-opacity%3D%220%22%2F%3E%3C%2Fsvg%3E\" data-srcset=\"https:\/\/kemperkontakt.de\/wp-content\/uploads\/2025\/09\/2025_09_Fotoserie_kemperkontakt-34-200x133.jpg 200w, https:\/\/kemperkontakt.de\/wp-content\/uploads\/2025\/09\/2025_09_Fotoserie_kemperkontakt-34-400x267.jpg 400w, https:\/\/kemperkontakt.de\/wp-content\/uploads\/2025\/09\/2025_09_Fotoserie_kemperkontakt-34-600x400.jpg 600w, https:\/\/kemperkontakt.de\/wp-content\/uploads\/2025\/09\/2025_09_Fotoserie_kemperkontakt-34-800x533.jpg 800w, https:\/\/kemperkontakt.de\/wp-content\/uploads\/2025\/09\/2025_09_Fotoserie_kemperkontakt-34-1200x800.jpg 1200w, https:\/\/kemperkontakt.de\/wp-content\/uploads\/2025\/09\/2025_09_Fotoserie_kemperkontakt-34.jpg 1280w\" data-sizes=\"auto\" data-orig-sizes=\"(max-width: 640px) 100vw, 400px\" \/><\/a><\/span><\/div><div class=\"fusion-text fusion-text-4\" style=\"--awb-margin-top:10px;\"><p>A escovagem do a\u00e7o inoxid\u00e1vel, tamb\u00e9m conhecida como &#8220;polimento&#8221; ou &#8220;acetina\u00e7\u00e3o&#8221;, \u00e9 um tratamento de superf\u00edcie que se tornou cada vez mais popular nos \u00faltimos anos.<\/p>\n<\/div><div style=\"text-align:center;\"><a class=\"fusion-button button-flat fusion-button-default-size button-default fusion-button-default button-2 fusion-button-default-span fusion-button-default-type\" target=\"_self\" href=\"\/pt-pt\/escova-de-aco-inoxidavel\/\"><span class=\"fusion-button-text\">Aprende mais<\/span><\/a><\/div><\/div><\/div><div class=\"fusion-layout-column fusion_builder_column fusion-builder-column-3 fusion_builder_column_1_3 1_3 fusion-flex-column\" style=\"--awb-bg-size:cover;--awb-width-large:33.333333333333%;--awb-margin-top-large:0px;--awb-spacing-right-large:5.76%;--awb-margin-bottom-large:20px;--awb-spacing-left-large:5.76%;--awb-width-medium:33.333333333333%;--awb-order-medium:0;--awb-spacing-right-medium:5.76%;--awb-spacing-left-medium:5.76%;--awb-width-small:100%;--awb-order-small:0;--awb-spacing-right-small:1.92%;--awb-spacing-left-small:1.92%;\"><div class=\"fusion-column-wrapper fusion-column-has-shadow fusion-flex-justify-content-flex-start fusion-content-layout-column\"><div class=\"fusion-text fusion-text-5 fusion-text-no-margin\" style=\"--awb-margin-bottom:15px;\"><h5><strong>Rebarba\u00e7\u00e3o r\u00e1pida de pe\u00e7as de trabalho<br \/>\n<\/strong><\/h5>\n<\/div><div class=\"fusion-image-element \" style=\"--awb-caption-title-font-family:var(--h2_typography-font-family);--awb-caption-title-font-weight:var(--h2_typography-font-weight);--awb-caption-title-font-style:var(--h2_typography-font-style);--awb-caption-title-size:var(--h2_typography-font-size);--awb-caption-title-transform:var(--h2_typography-text-transform);--awb-caption-title-line-height:var(--h2_typography-line-height);--awb-caption-title-letter-spacing:var(--h2_typography-letter-spacing);\"><span class=\" fusion-imageframe imageframe-none imageframe-3 hover-type-none\"><a class=\"fusion-no-lightbox\" href=\"\/pt-pt\/rebarbacao\/\" target=\"_self\" aria-label=\"2025_09_Fotoserie_kemperkontakt-32\"><img decoding=\"async\" width=\"400\" height=\"267\" src=\"https:\/\/kemperkontakt.de\/wp-content\/uploads\/2025\/09\/2025_09_Fotoserie_kemperkontakt-32.jpg\" data-orig-src=\"https:\/\/kemperkontakt.de\/wp-content\/uploads\/2025\/09\/2025_09_Fotoserie_kemperkontakt-32-400x267.jpg\" alt class=\"lazyload img-responsive wp-image-7479\" srcset=\"data:image\/svg+xml,%3Csvg%20xmlns%3D%27http%3A%2F%2Fwww.w3.org%2F2000%2Fsvg%27%20width%3D%271280%27%20height%3D%27853%27%20viewBox%3D%270%200%201280%20853%27%3E%3Crect%20width%3D%271280%27%20height%3D%27853%27%20fill-opacity%3D%220%22%2F%3E%3C%2Fsvg%3E\" data-srcset=\"https:\/\/kemperkontakt.de\/wp-content\/uploads\/2025\/09\/2025_09_Fotoserie_kemperkontakt-32-200x133.jpg 200w, https:\/\/kemperkontakt.de\/wp-content\/uploads\/2025\/09\/2025_09_Fotoserie_kemperkontakt-32-400x267.jpg 400w, https:\/\/kemperkontakt.de\/wp-content\/uploads\/2025\/09\/2025_09_Fotoserie_kemperkontakt-32-600x400.jpg 600w, https:\/\/kemperkontakt.de\/wp-content\/uploads\/2025\/09\/2025_09_Fotoserie_kemperkontakt-32-800x533.jpg 800w, https:\/\/kemperkontakt.de\/wp-content\/uploads\/2025\/09\/2025_09_Fotoserie_kemperkontakt-32-1200x800.jpg 1200w, https:\/\/kemperkontakt.de\/wp-content\/uploads\/2025\/09\/2025_09_Fotoserie_kemperkontakt-32.jpg 1280w\" data-sizes=\"auto\" data-orig-sizes=\"(max-width: 640px) 100vw, 400px\" \/><\/a><\/span><\/div><div class=\"fusion-text fusion-text-6\" style=\"--awb-margin-top:10px;\"><p>Desbarbamento r\u00e1pido de perfis de alum\u00ednio, pe\u00e7as moldadas ou pe\u00e7as cortadas com as ferramentas da KEMPER-KONTAKT em Wuppertal.<\/p>\n<\/div><div style=\"text-align:center;\"><a class=\"fusion-button button-flat fusion-button-default-size button-default fusion-button-default button-3 fusion-button-default-span fusion-button-default-type\" target=\"_self\" href=\"\/pt-pt\/rebarbacao\/\"><span class=\"fusion-button-text\">Aprende mais<\/span><\/a><\/div><\/div><\/div><div class=\"fusion-layout-column fusion_builder_column fusion-builder-column-4 fusion_builder_column_1_1 1_1 fusion-flex-column\" style=\"--awb-bg-size:cover;--awb-width-large:100%;--awb-margin-top-large:0px;--awb-spacing-right-large:1.92%;--awb-margin-bottom-large:20px;--awb-spacing-left-large:1.92%;--awb-width-medium:100%;--awb-order-medium:0;--awb-spacing-right-medium:1.92%;--awb-spacing-left-medium:1.92%;--awb-width-small:100%;--awb-order-small:0;--awb-spacing-right-small:1.92%;--awb-spacing-left-small:1.92%;\"><div class=\"fusion-column-wrapper fusion-column-has-shadow fusion-flex-justify-content-flex-start fusion-content-layout-column\"><div class=\"fusion-separator\" style=\"align-self: center;margin-left: auto;margin-right: auto;margin-top:20px;margin-bottom:20px;width:100%;max-width:700px;\"><div class=\"fusion-separator-border sep-shadow\" style=\"--awb-height:20px;--awb-amount:20px;--awb-sep-color:var(--awb-color5);background:radial-gradient(ellipse at 50% -50% , var(--awb-color5) 0px, rgba(255, 255, 255, 0) 80%) repeat scroll 0 0 rgba(0, 0, 0, 0);background:-webkit-radial-gradient(ellipse at 50% -50% , var(--awb-color5) 0px, rgba(255, 255, 255, 0) 80%) repeat scroll 0 0 rgba(0, 0, 0, 0);background:-moz-radial-gradient(ellipse at 50% -50% , var(--awb-color5) 0px, rgba(255, 255, 255, 0) 80%) repeat scroll 0 0 rgba(0, 0, 0, 0);background:-o-radial-gradient(ellipse at 50% -50% , var(--awb-color5) 0px, rgba(255, 255, 255, 0) 80%) repeat scroll 0 0 rgba(0, 0, 0, 0);\"><\/div><\/div><\/div><\/div><div class=\"fusion-layout-column fusion_builder_column fusion-builder-column-5 fusion_builder_column_1_3 1_3 fusion-flex-column\" style=\"--awb-bg-size:cover;--awb-width-large:33.333333333333%;--awb-margin-top-large:0px;--awb-spacing-right-large:5.76%;--awb-margin-bottom-large:20px;--awb-spacing-left-large:5.76%;--awb-width-medium:33.333333333333%;--awb-order-medium:0;--awb-spacing-right-medium:5.76%;--awb-spacing-left-medium:5.76%;--awb-width-small:100%;--awb-order-small:0;--awb-spacing-right-small:1.92%;--awb-spacing-left-small:1.92%;\"><div class=\"fusion-column-wrapper fusion-column-has-shadow fusion-flex-justify-content-flex-start fusion-content-layout-column\"><div class=\"fusion-text fusion-text-7 fusion-text-no-margin\" style=\"--awb-margin-bottom:15px;\"><h5><strong>Alisar e rebarbar pe\u00e7as de pl\u00e1stico<br \/>\n<\/strong><\/h5>\n<\/div><div class=\"fusion-image-element \" style=\"--awb-caption-title-font-family:var(--h2_typography-font-family);--awb-caption-title-font-weight:var(--h2_typography-font-weight);--awb-caption-title-font-style:var(--h2_typography-font-style);--awb-caption-title-size:var(--h2_typography-font-size);--awb-caption-title-transform:var(--h2_typography-text-transform);--awb-caption-title-line-height:var(--h2_typography-line-height);--awb-caption-title-letter-spacing:var(--h2_typography-letter-spacing);\"><span class=\" fusion-imageframe imageframe-none imageframe-4 hover-type-none\"><a class=\"fusion-no-lightbox\" href=\"\/pt-pt\/alisar-e-rebarbar-pecas-de-plastico\/\" target=\"_self\" aria-label=\"2025_09_Fotoserie_kemperkontakt-37\"><img decoding=\"async\" width=\"400\" height=\"267\" src=\"https:\/\/kemperkontakt.de\/wp-content\/uploads\/2025\/09\/2025_09_Fotoserie_kemperkontakt-37.jpg\" data-orig-src=\"https:\/\/kemperkontakt.de\/wp-content\/uploads\/2025\/09\/2025_09_Fotoserie_kemperkontakt-37-400x267.jpg\" alt class=\"lazyload img-responsive wp-image-7485\" srcset=\"data:image\/svg+xml,%3Csvg%20xmlns%3D%27http%3A%2F%2Fwww.w3.org%2F2000%2Fsvg%27%20width%3D%271280%27%20height%3D%27853%27%20viewBox%3D%270%200%201280%20853%27%3E%3Crect%20width%3D%271280%27%20height%3D%27853%27%20fill-opacity%3D%220%22%2F%3E%3C%2Fsvg%3E\" data-srcset=\"https:\/\/kemperkontakt.de\/wp-content\/uploads\/2025\/09\/2025_09_Fotoserie_kemperkontakt-37-200x133.jpg 200w, https:\/\/kemperkontakt.de\/wp-content\/uploads\/2025\/09\/2025_09_Fotoserie_kemperkontakt-37-400x267.jpg 400w, https:\/\/kemperkontakt.de\/wp-content\/uploads\/2025\/09\/2025_09_Fotoserie_kemperkontakt-37-600x400.jpg 600w, https:\/\/kemperkontakt.de\/wp-content\/uploads\/2025\/09\/2025_09_Fotoserie_kemperkontakt-37-800x533.jpg 800w, https:\/\/kemperkontakt.de\/wp-content\/uploads\/2025\/09\/2025_09_Fotoserie_kemperkontakt-37-1200x800.jpg 1200w, https:\/\/kemperkontakt.de\/wp-content\/uploads\/2025\/09\/2025_09_Fotoserie_kemperkontakt-37.jpg 1280w\" data-sizes=\"auto\" data-orig-sizes=\"(max-width: 640px) 100vw, 400px\" \/><\/a><\/span><\/div><div class=\"fusion-text fusion-text-8\" style=\"--awb-margin-top:10px;\"><p>Alisa e rebarba pe\u00e7as de pl\u00e1stico em segundos com a <sup>ORIGINAL<\/sup> KEMPER SANDING STUD\u00ae. Uma das suas propriedades excepcionais \u00e9 a sua a\u00e7\u00e3o de lixar a frio.<\/p>\n<\/div><div style=\"text-align:center;\"><a class=\"fusion-button button-flat fusion-button-default-size button-default fusion-button-default button-4 fusion-button-default-span fusion-button-default-type\" target=\"_self\" href=\"\/pt-pt\/alisar-e-rebarbar-pecas-de-plastico\/\"><span class=\"fusion-button-text\">Aprende mais<\/span><\/a><\/div><\/div><\/div><\/div><\/div><\/p>\n","protected":false},"excerpt":{"rendered":"","protected":false},"author":1,"featured_media":0,"parent":0,"menu_order":0,"comment_status":"closed","ping_status":"closed","template":"100-width.php","meta":{"footnotes":""},"class_list":["post-4827","page","type-page","status-publish","hentry"],"yoast_head":"<!-- This site is optimized with the Yoast SEO plugin v27.3 - https:\/\/yoast.com\/product\/yoast-seo-wordpress\/ -->\n<title>\u00c1reas de aplica\u00e7\u00e3o - Kemper-Kontakt<\/title>\n<meta name=\"robots\" content=\"index, follow, max-snippet:-1, max-image-preview:large, max-video-preview:-1\" \/>\n<link rel=\"canonical\" href=\"https:\/\/kemperkontakt.de\/pt-pt\/areas-de-aplicacao\/\" \/>\n<meta property=\"og:locale\" content=\"pt_PT\" \/>\n<meta property=\"og:type\" content=\"article\" \/>\n<meta property=\"og:title\" content=\"\u00c1reas de aplica\u00e7\u00e3o - Kemper-Kontakt\" \/>\n<meta property=\"og:url\" content=\"https:\/\/kemperkontakt.de\/pt-pt\/areas-de-aplicacao\/\" \/>\n<meta property=\"og:site_name\" content=\"Kemper-Kontakt\" \/>\n<meta property=\"article:modified_time\" content=\"2025-09-17T09:14:12+00:00\" \/>\n<meta name=\"twitter:card\" content=\"summary_large_image\" \/>\n<meta name=\"twitter:label1\" content=\"Tempo estimado de leitura\" \/>\n\t<meta name=\"twitter:data1\" content=\"2 minutos\" \/>\n<script type=\"application\/ld+json\" class=\"yoast-schema-graph\">{\"@context\":\"https:\\\/\\\/schema.org\",\"@graph\":[{\"@type\":\"WebPage\",\"@id\":\"https:\\\/\\\/kemperkontakt.de\\\/pt-pt\\\/areas-de-aplicacao\\\/\",\"url\":\"https:\\\/\\\/kemperkontakt.de\\\/pt-pt\\\/areas-de-aplicacao\\\/\",\"name\":\"\u00c1reas de aplica\u00e7\u00e3o - Kemper-Kontakt\",\"isPartOf\":{\"@id\":\"https:\\\/\\\/kemperkontakt.de\\\/pt-pt\\\/#website\"},\"datePublished\":\"2024-04-25T15:21:37+00:00\",\"dateModified\":\"2025-09-17T09:14:12+00:00\",\"breadcrumb\":{\"@id\":\"https:\\\/\\\/kemperkontakt.de\\\/pt-pt\\\/areas-de-aplicacao\\\/#breadcrumb\"},\"inLanguage\":\"pt-PT\",\"potentialAction\":[{\"@type\":\"ReadAction\",\"target\":[\"https:\\\/\\\/kemperkontakt.de\\\/pt-pt\\\/areas-de-aplicacao\\\/\"]}]},{\"@type\":\"BreadcrumbList\",\"@id\":\"https:\\\/\\\/kemperkontakt.de\\\/pt-pt\\\/areas-de-aplicacao\\\/#breadcrumb\",\"itemListElement\":[{\"@type\":\"ListItem\",\"position\":1,\"name\":\"Startseite\",\"item\":\"https:\\\/\\\/kemperkontakt.de\\\/pt-pt\\\/\"},{\"@type\":\"ListItem\",\"position\":2,\"name\":\"\u00c1reas de aplica\u00e7\u00e3o\"}]},{\"@type\":\"WebSite\",\"@id\":\"https:\\\/\\\/kemperkontakt.de\\\/pt-pt\\\/#website\",\"url\":\"https:\\\/\\\/kemperkontakt.de\\\/pt-pt\\\/\",\"name\":\"Kemper-Kontakt\",\"description\":\"\",\"potentialAction\":[{\"@type\":\"SearchAction\",\"target\":{\"@type\":\"EntryPoint\",\"urlTemplate\":\"https:\\\/\\\/kemperkontakt.de\\\/pt-pt\\\/?s={search_term_string}\"},\"query-input\":{\"@type\":\"PropertyValueSpecification\",\"valueRequired\":true,\"valueName\":\"search_term_string\"}}],\"inLanguage\":\"pt-PT\"}]}<\/script>\n<!-- \/ Yoast SEO plugin. -->","yoast_head_json":{"title":"\u00c1reas de aplica\u00e7\u00e3o - Kemper-Kontakt","robots":{"index":"index","follow":"follow","max-snippet":"max-snippet:-1","max-image-preview":"max-image-preview:large","max-video-preview":"max-video-preview:-1"},"canonical":"https:\/\/kemperkontakt.de\/pt-pt\/areas-de-aplicacao\/","og_locale":"pt_PT","og_type":"article","og_title":"\u00c1reas de aplica\u00e7\u00e3o - Kemper-Kontakt","og_url":"https:\/\/kemperkontakt.de\/pt-pt\/areas-de-aplicacao\/","og_site_name":"Kemper-Kontakt","article_modified_time":"2025-09-17T09:14:12+00:00","twitter_card":"summary_large_image","twitter_misc":{"Tempo estimado de leitura":"2 minutos"},"schema":{"@context":"https:\/\/schema.org","@graph":[{"@type":"WebPage","@id":"https:\/\/kemperkontakt.de\/pt-pt\/areas-de-aplicacao\/","url":"https:\/\/kemperkontakt.de\/pt-pt\/areas-de-aplicacao\/","name":"\u00c1reas de aplica\u00e7\u00e3o - Kemper-Kontakt","isPartOf":{"@id":"https:\/\/kemperkontakt.de\/pt-pt\/#website"},"datePublished":"2024-04-25T15:21:37+00:00","dateModified":"2025-09-17T09:14:12+00:00","breadcrumb":{"@id":"https:\/\/kemperkontakt.de\/pt-pt\/areas-de-aplicacao\/#breadcrumb"},"inLanguage":"pt-PT","potentialAction":[{"@type":"ReadAction","target":["https:\/\/kemperkontakt.de\/pt-pt\/areas-de-aplicacao\/"]}]},{"@type":"BreadcrumbList","@id":"https:\/\/kemperkontakt.de\/pt-pt\/areas-de-aplicacao\/#breadcrumb","itemListElement":[{"@type":"ListItem","position":1,"name":"Startseite","item":"https:\/\/kemperkontakt.de\/pt-pt\/"},{"@type":"ListItem","position":2,"name":"\u00c1reas de aplica\u00e7\u00e3o"}]},{"@type":"WebSite","@id":"https:\/\/kemperkontakt.de\/pt-pt\/#website","url":"https:\/\/kemperkontakt.de\/pt-pt\/","name":"Kemper-Kontakt","description":"","potentialAction":[{"@type":"SearchAction","target":{"@type":"EntryPoint","urlTemplate":"https:\/\/kemperkontakt.de\/pt-pt\/?s={search_term_string}"},"query-input":{"@type":"PropertyValueSpecification","valueRequired":true,"valueName":"search_term_string"}}],"inLanguage":"pt-PT"}]}},"_links":{"self":[{"href":"https:\/\/kemperkontakt.de\/pt-pt\/wp-json\/wp\/v2\/pages\/4827","targetHints":{"allow":["GET"]}}],"collection":[{"href":"https:\/\/kemperkontakt.de\/pt-pt\/wp-json\/wp\/v2\/pages"}],"about":[{"href":"https:\/\/kemperkontakt.de\/pt-pt\/wp-json\/wp\/v2\/types\/page"}],"author":[{"embeddable":true,"href":"https:\/\/kemperkontakt.de\/pt-pt\/wp-json\/wp\/v2\/users\/1"}],"replies":[{"embeddable":true,"href":"https:\/\/kemperkontakt.de\/pt-pt\/wp-json\/wp\/v2\/comments?post=4827"}],"version-history":[{"count":6,"href":"https:\/\/kemperkontakt.de\/pt-pt\/wp-json\/wp\/v2\/pages\/4827\/revisions"}],"predecessor-version":[{"id":7496,"href":"https:\/\/kemperkontakt.de\/pt-pt\/wp-json\/wp\/v2\/pages\/4827\/revisions\/7496"}],"wp:attachment":[{"href":"https:\/\/kemperkontakt.de\/pt-pt\/wp-json\/wp\/v2\/media?parent=4827"}],"curies":[{"name":"wp","href":"https:\/\/api.w.org\/{rel}","templated":true}]}}