{"id":6093,"date":"2024-05-22T11:25:20","date_gmt":"2024-05-22T09:25:20","guid":{"rendered":"https:\/\/kemperkontakt.de\/produkt\/rolki-napinajace-i-odchylajace-z-lozyskiem-kulkowym-i-osia-m8\/"},"modified":"2025-03-15T21:28:27","modified_gmt":"2025-03-15T20:28:27","slug":"rolki-napinajace-i-odchylajace-z-lozyskiem-kulkowym-i-osia-m8","status":"publish","type":"product","link":"https:\/\/kemperkontakt.de\/pl\/produkt\/rolki-napinajace-i-odchylajace-z-lozyskiem-kulkowym-i-osia-m8\/","title":{"rendered":"Rolki napinaj\u0105ce i odchylaj\u0105ce z \u0142o\u017cyskiem kulkowym i osi\u0105 M8"},"content":{"rendered":"","protected":false},"excerpt":{"rendered":"<p><strong>ELAX\u00ae GO \/ ELAX\u00ae GOR \/ ELAX\u00ae GOL<\/strong><\/p>\n<p class=\"bodytext\">Cylindryczny lub lekko sto\u017ckowy, g\u0142adki lub rowkowany, z \u0142o\u017cyskami kulkowymi i ko\u0144c\u00f3wk\u0105 wa\u0142u M8 z jednej strony<\/p>\n<p class=\"bodytext\">Pokrycie wykonane z gumy olejoodpornej.<\/p>\n<p>&nbsp;<\/p>\n<p><strong>Do u\u017cytku z jakim urz\u0105dzeniem:<\/strong><\/p>\n<p><strong><a href=\"\/pl\/reczne-szlifierki-tasmowe\/\"><img decoding=\"async\" class=\"alignnone wp-image-1656\" src=\"http:\/\/kemperkontakt.com\/wp-content\/uploads\/2024\/09\/Handbandschleifmaschine-blau-150x150.png\" alt=\"\" width=\"100\" height=\"100\" srcset=\"https:\/\/kemperkontakt.de\/wp-content\/uploads\/2024\/09\/Handbandschleifmaschine-blau-66x66.png 66w, https:\/\/kemperkontakt.de\/wp-content\/uploads\/2024\/09\/Handbandschleifmaschine-blau-150x150.png 150w, https:\/\/kemperkontakt.de\/wp-content\/uploads\/2024\/09\/Handbandschleifmaschine-blau-200x200.png 200w, https:\/\/kemperkontakt.de\/wp-content\/uploads\/2024\/09\/Handbandschleifmaschine-blau-300x300.png 300w, https:\/\/kemperkontakt.de\/wp-content\/uploads\/2024\/09\/Handbandschleifmaschine-blau-400x400.png 400w, https:\/\/kemperkontakt.de\/wp-content\/uploads\/2024\/09\/Handbandschleifmaschine-blau-500x500.png 500w, https:\/\/kemperkontakt.de\/wp-content\/uploads\/2024\/09\/Handbandschleifmaschine-blau-600x600.png 600w, https:\/\/kemperkontakt.de\/wp-content\/uploads\/2024\/09\/Handbandschleifmaschine-blau-768x768.png 768w, https:\/\/kemperkontakt.de\/wp-content\/uploads\/2024\/09\/Handbandschleifmaschine-blau-800x800.png 800w, https:\/\/kemperkontakt.de\/wp-content\/uploads\/2024\/09\/Handbandschleifmaschine-blau.png 1000w\" sizes=\"(max-width: 100px) 100vw, 100px\" \/><\/a><a href=\"\/pl\/szlifierki-tasmowe\/\"><img decoding=\"async\" class=\"alignnone wp-image-1652\" src=\"http:\/\/kemperkontakt.com\/wp-content\/uploads\/2024\/09\/Bandschleifmaschine-2-blau-150x150.png\" alt=\"\" width=\"100\" height=\"100\" srcset=\"https:\/\/kemperkontakt.de\/wp-content\/uploads\/2024\/09\/Bandschleifmaschine-2-blau-66x66.png 66w, https:\/\/kemperkontakt.de\/wp-content\/uploads\/2024\/09\/Bandschleifmaschine-2-blau-150x150.png 150w, https:\/\/kemperkontakt.de\/wp-content\/uploads\/2024\/09\/Bandschleifmaschine-2-blau-200x200.png 200w, https:\/\/kemperkontakt.de\/wp-content\/uploads\/2024\/09\/Bandschleifmaschine-2-blau-300x300.png 300w, https:\/\/kemperkontakt.de\/wp-content\/uploads\/2024\/09\/Bandschleifmaschine-2-blau-400x400.png 400w, https:\/\/kemperkontakt.de\/wp-content\/uploads\/2024\/09\/Bandschleifmaschine-2-blau-500x500.png 500w, https:\/\/kemperkontakt.de\/wp-content\/uploads\/2024\/09\/Bandschleifmaschine-2-blau-600x600.png 600w, https:\/\/kemperkontakt.de\/wp-content\/uploads\/2024\/09\/Bandschleifmaschine-2-blau-768x768.png 768w, https:\/\/kemperkontakt.de\/wp-content\/uploads\/2024\/09\/Bandschleifmaschine-2-blau-800x800.png 800w, https:\/\/kemperkontakt.de\/wp-content\/uploads\/2024\/09\/Bandschleifmaschine-2-blau.png 1000w\" sizes=\"(max-width: 100px) 100vw, 100px\" \/><\/a><\/strong><\/p>\n<p>&nbsp;<\/p>\n<p><strong>Karta charakterystyki produktu:<br \/>\n<\/strong>[download id=\"4402\" template=\"Tensioning and deflection pulleys with ball bearing and M8 axle\"]<\/p>\n<p class=\"bodytext\">\n","protected":false},"featured_media":6079,"template":"","meta":[],"product_brand":[],"product_cat":[853],"product_tag":[829,838,839,841,840],"class_list":{"0":"post-6093","1":"product","2":"type-product","3":"status-publish","4":"has-post-thumbnail","6":"product_cat-rolki-napinajace-i-odchylajace-z-lozyskiem-kulkowym-i-osia-m8","7":"product_tag-kolo-pasowe","8":"product_tag-kolo-pasowe-napinajace","9":"product_tag-mala-stacjonarna-szlifierka-tasmowa","10":"product_tag-reczne-szlifierki-tasmowe","11":"product_tag-rolka-kontaktowa","13":"first","14":"instock","15":"shipping-taxable","16":"product-type-simple"},"yoast_head":"<!-- This site is optimized with the Yoast SEO plugin v27.3 - https:\/\/yoast.com\/product\/yoast-seo-wordpress\/ -->\n<title>Rolki napinaj\u0105ce i odchylaj\u0105ce z \u0142o\u017cyskiem kulkowym i osi\u0105 M8 - Kemper-Kontakt<\/title>\n<meta name=\"robots\" content=\"index, follow, max-snippet:-1, max-image-preview:large, max-video-preview:-1\" \/>\n<link rel=\"canonical\" href=\"https:\/\/kemperkontakt.de\/pl\/produkt\/rolki-napinajace-i-odchylajace-z-lozyskiem-kulkowym-i-osia-m8\/\" \/>\n<meta property=\"og:locale\" content=\"pl_PL\" \/>\n<meta property=\"og:type\" content=\"article\" \/>\n<meta property=\"og:title\" content=\"Rolki napinaj\u0105ce i odchylaj\u0105ce z \u0142o\u017cyskiem kulkowym i osi\u0105 M8 - Kemper-Kontakt\" \/>\n<meta property=\"og:description\" content=\"ELAX\u00ae GO \/ ELAX\u00ae GOR \/ ELAX\u00ae GOL Cylindryczny lub lekko sto\u017ckowy, g\u0142adki lub rowkowany, z \u0142o\u017cyskami kulkowymi i ko\u0144c\u00f3wk\u0105 wa\u0142u M8 z jednej strony Pokrycie wykonane z gumy olejoodpornej. &nbsp;  Do u\u017cytku z jakim urz\u0105dzeniem:    &nbsp;  Karta charakterystyki produktu:\" \/>\n<meta property=\"og:url\" content=\"https:\/\/kemperkontakt.de\/pl\/produkt\/rolki-napinajace-i-odchylajace-z-lozyskiem-kulkowym-i-osia-m8\/\" \/>\n<meta property=\"og:site_name\" content=\"Kemper-Kontakt\" \/>\n<meta property=\"article:modified_time\" content=\"2025-03-15T20:28:27+00:00\" \/>\n<meta property=\"og:image\" content=\"https:\/\/kemperkontakt.de\/wp-content\/uploads\/2024\/05\/ELax_GOR_ElaxGOL_ElaxGO_ELAXA_1000x1000.jpg\" \/>\n\t<meta property=\"og:image:width\" content=\"1000\" \/>\n\t<meta property=\"og:image:height\" content=\"1000\" \/>\n\t<meta property=\"og:image:type\" content=\"image\/jpeg\" \/>\n<meta name=\"twitter:card\" content=\"summary_large_image\" \/>\n<meta name=\"twitter:label1\" content=\"Szacowany czas czytania\" \/>\n\t<meta name=\"twitter:data1\" content=\"1 minuta\" \/>\n<script type=\"application\/ld+json\" class=\"yoast-schema-graph\">{\"@context\":\"https:\\\/\\\/schema.org\",\"@graph\":[{\"@type\":\"WebPage\",\"@id\":\"https:\\\/\\\/kemperkontakt.de\\\/pl\\\/produkt\\\/rolki-napinajace-i-odchylajace-z-lozyskiem-kulkowym-i-osia-m8\\\/\",\"url\":\"https:\\\/\\\/kemperkontakt.de\\\/pl\\\/produkt\\\/rolki-napinajace-i-odchylajace-z-lozyskiem-kulkowym-i-osia-m8\\\/\",\"name\":\"Rolki napinaj\u0105ce i odchylaj\u0105ce z \u0142o\u017cyskiem kulkowym i osi\u0105 M8 - Kemper-Kontakt\",\"isPartOf\":{\"@id\":\"https:\\\/\\\/kemperkontakt.de\\\/pl\\\/#website\"},\"primaryImageOfPage\":{\"@id\":\"https:\\\/\\\/kemperkontakt.de\\\/pl\\\/produkt\\\/rolki-napinajace-i-odchylajace-z-lozyskiem-kulkowym-i-osia-m8\\\/#primaryimage\"},\"image\":{\"@id\":\"https:\\\/\\\/kemperkontakt.de\\\/pl\\\/produkt\\\/rolki-napinajace-i-odchylajace-z-lozyskiem-kulkowym-i-osia-m8\\\/#primaryimage\"},\"thumbnailUrl\":\"https:\\\/\\\/kemperkontakt.de\\\/wp-content\\\/uploads\\\/2024\\\/05\\\/ELax_GOR_ElaxGOL_ElaxGO_ELAXA_1000x1000.jpg\",\"datePublished\":\"2024-05-22T09:25:20+00:00\",\"dateModified\":\"2025-03-15T20:28:27+00:00\",\"breadcrumb\":{\"@id\":\"https:\\\/\\\/kemperkontakt.de\\\/pl\\\/produkt\\\/rolki-napinajace-i-odchylajace-z-lozyskiem-kulkowym-i-osia-m8\\\/#breadcrumb\"},\"inLanguage\":\"pl-PL\",\"potentialAction\":[{\"@type\":\"ReadAction\",\"target\":[\"https:\\\/\\\/kemperkontakt.de\\\/pl\\\/produkt\\\/rolki-napinajace-i-odchylajace-z-lozyskiem-kulkowym-i-osia-m8\\\/\"]}]},{\"@type\":\"ImageObject\",\"inLanguage\":\"pl-PL\",\"@id\":\"https:\\\/\\\/kemperkontakt.de\\\/pl\\\/produkt\\\/rolki-napinajace-i-odchylajace-z-lozyskiem-kulkowym-i-osia-m8\\\/#primaryimage\",\"url\":\"https:\\\/\\\/kemperkontakt.de\\\/wp-content\\\/uploads\\\/2024\\\/05\\\/ELax_GOR_ElaxGOL_ElaxGO_ELAXA_1000x1000.jpg\",\"contentUrl\":\"https:\\\/\\\/kemperkontakt.de\\\/wp-content\\\/uploads\\\/2024\\\/05\\\/ELax_GOR_ElaxGOL_ElaxGO_ELAXA_1000x1000.jpg\",\"width\":1000,\"height\":1000},{\"@type\":\"BreadcrumbList\",\"@id\":\"https:\\\/\\\/kemperkontakt.de\\\/pl\\\/produkt\\\/rolki-napinajace-i-odchylajace-z-lozyskiem-kulkowym-i-osia-m8\\\/#breadcrumb\",\"itemListElement\":[{\"@type\":\"ListItem\",\"position\":1,\"name\":\"Startseite\",\"item\":\"https:\\\/\\\/kemperkontakt.de\\\/pl\\\/\"},{\"@type\":\"ListItem\",\"position\":2,\"name\":\"Kategorie\",\"item\":\"https:\\\/\\\/kemperkontakt.de\\\/kategorie\\\/\"},{\"@type\":\"ListItem\",\"position\":3,\"name\":\"Rolki napinaj\u0105ce i odchylaj\u0105ce z \u0142o\u017cyskiem kulkowym i osi\u0105 M8\"}]},{\"@type\":\"WebSite\",\"@id\":\"https:\\\/\\\/kemperkontakt.de\\\/pl\\\/#website\",\"url\":\"https:\\\/\\\/kemperkontakt.de\\\/pl\\\/\",\"name\":\"Kemper-Kontakt\",\"description\":\"\",\"potentialAction\":[{\"@type\":\"SearchAction\",\"target\":{\"@type\":\"EntryPoint\",\"urlTemplate\":\"https:\\\/\\\/kemperkontakt.de\\\/pl\\\/?s={search_term_string}\"},\"query-input\":{\"@type\":\"PropertyValueSpecification\",\"valueRequired\":true,\"valueName\":\"search_term_string\"}}],\"inLanguage\":\"pl-PL\"}]}<\/script>\n<!-- \/ Yoast SEO plugin. -->","yoast_head_json":{"title":"Rolki napinaj\u0105ce i odchylaj\u0105ce z \u0142o\u017cyskiem kulkowym i osi\u0105 M8 - Kemper-Kontakt","robots":{"index":"index","follow":"follow","max-snippet":"max-snippet:-1","max-image-preview":"max-image-preview:large","max-video-preview":"max-video-preview:-1"},"canonical":"https:\/\/kemperkontakt.de\/pl\/produkt\/rolki-napinajace-i-odchylajace-z-lozyskiem-kulkowym-i-osia-m8\/","og_locale":"pl_PL","og_type":"article","og_title":"Rolki napinaj\u0105ce i odchylaj\u0105ce z \u0142o\u017cyskiem kulkowym i osi\u0105 M8 - Kemper-Kontakt","og_description":"ELAX\u00ae GO \/ ELAX\u00ae GOR \/ ELAX\u00ae GOL Cylindryczny lub lekko sto\u017ckowy, g\u0142adki lub rowkowany, z \u0142o\u017cyskami kulkowymi i ko\u0144c\u00f3wk\u0105 wa\u0142u M8 z jednej strony Pokrycie wykonane z gumy olejoodpornej. &nbsp;  Do u\u017cytku z jakim urz\u0105dzeniem:    &nbsp;  Karta charakterystyki produktu:","og_url":"https:\/\/kemperkontakt.de\/pl\/produkt\/rolki-napinajace-i-odchylajace-z-lozyskiem-kulkowym-i-osia-m8\/","og_site_name":"Kemper-Kontakt","article_modified_time":"2025-03-15T20:28:27+00:00","og_image":[{"width":1000,"height":1000,"url":"https:\/\/kemperkontakt.de\/wp-content\/uploads\/2024\/05\/ELax_GOR_ElaxGOL_ElaxGO_ELAXA_1000x1000.jpg","type":"image\/jpeg"}],"twitter_card":"summary_large_image","twitter_misc":{"Szacowany czas czytania":"1 minuta"},"schema":{"@context":"https:\/\/schema.org","@graph":[{"@type":"WebPage","@id":"https:\/\/kemperkontakt.de\/pl\/produkt\/rolki-napinajace-i-odchylajace-z-lozyskiem-kulkowym-i-osia-m8\/","url":"https:\/\/kemperkontakt.de\/pl\/produkt\/rolki-napinajace-i-odchylajace-z-lozyskiem-kulkowym-i-osia-m8\/","name":"Rolki napinaj\u0105ce i odchylaj\u0105ce z \u0142o\u017cyskiem kulkowym i osi\u0105 M8 - Kemper-Kontakt","isPartOf":{"@id":"https:\/\/kemperkontakt.de\/pl\/#website"},"primaryImageOfPage":{"@id":"https:\/\/kemperkontakt.de\/pl\/produkt\/rolki-napinajace-i-odchylajace-z-lozyskiem-kulkowym-i-osia-m8\/#primaryimage"},"image":{"@id":"https:\/\/kemperkontakt.de\/pl\/produkt\/rolki-napinajace-i-odchylajace-z-lozyskiem-kulkowym-i-osia-m8\/#primaryimage"},"thumbnailUrl":"https:\/\/kemperkontakt.de\/wp-content\/uploads\/2024\/05\/ELax_GOR_ElaxGOL_ElaxGO_ELAXA_1000x1000.jpg","datePublished":"2024-05-22T09:25:20+00:00","dateModified":"2025-03-15T20:28:27+00:00","breadcrumb":{"@id":"https:\/\/kemperkontakt.de\/pl\/produkt\/rolki-napinajace-i-odchylajace-z-lozyskiem-kulkowym-i-osia-m8\/#breadcrumb"},"inLanguage":"pl-PL","potentialAction":[{"@type":"ReadAction","target":["https:\/\/kemperkontakt.de\/pl\/produkt\/rolki-napinajace-i-odchylajace-z-lozyskiem-kulkowym-i-osia-m8\/"]}]},{"@type":"ImageObject","inLanguage":"pl-PL","@id":"https:\/\/kemperkontakt.de\/pl\/produkt\/rolki-napinajace-i-odchylajace-z-lozyskiem-kulkowym-i-osia-m8\/#primaryimage","url":"https:\/\/kemperkontakt.de\/wp-content\/uploads\/2024\/05\/ELax_GOR_ElaxGOL_ElaxGO_ELAXA_1000x1000.jpg","contentUrl":"https:\/\/kemperkontakt.de\/wp-content\/uploads\/2024\/05\/ELax_GOR_ElaxGOL_ElaxGO_ELAXA_1000x1000.jpg","width":1000,"height":1000},{"@type":"BreadcrumbList","@id":"https:\/\/kemperkontakt.de\/pl\/produkt\/rolki-napinajace-i-odchylajace-z-lozyskiem-kulkowym-i-osia-m8\/#breadcrumb","itemListElement":[{"@type":"ListItem","position":1,"name":"Startseite","item":"https:\/\/kemperkontakt.de\/pl\/"},{"@type":"ListItem","position":2,"name":"Kategorie","item":"https:\/\/kemperkontakt.de\/kategorie\/"},{"@type":"ListItem","position":3,"name":"Rolki napinaj\u0105ce i odchylaj\u0105ce z \u0142o\u017cyskiem kulkowym i osi\u0105 M8"}]},{"@type":"WebSite","@id":"https:\/\/kemperkontakt.de\/pl\/#website","url":"https:\/\/kemperkontakt.de\/pl\/","name":"Kemper-Kontakt","description":"","potentialAction":[{"@type":"SearchAction","target":{"@type":"EntryPoint","urlTemplate":"https:\/\/kemperkontakt.de\/pl\/?s={search_term_string}"},"query-input":{"@type":"PropertyValueSpecification","valueRequired":true,"valueName":"search_term_string"}}],"inLanguage":"pl-PL"}]}},"_links":{"self":[{"href":"https:\/\/kemperkontakt.de\/pl\/wp-json\/wp\/v2\/product\/6093","targetHints":{"allow":["GET"]}}],"collection":[{"href":"https:\/\/kemperkontakt.de\/pl\/wp-json\/wp\/v2\/product"}],"about":[{"href":"https:\/\/kemperkontakt.de\/pl\/wp-json\/wp\/v2\/types\/product"}],"wp:featuredmedia":[{"embeddable":true,"href":"https:\/\/kemperkontakt.de\/pl\/wp-json\/wp\/v2\/media\/6079"}],"wp:attachment":[{"href":"https:\/\/kemperkontakt.de\/pl\/wp-json\/wp\/v2\/media?parent=6093"}],"wp:term":[{"taxonomy":"product_brand","embeddable":true,"href":"https:\/\/kemperkontakt.de\/pl\/wp-json\/wp\/v2\/product_brand?post=6093"},{"taxonomy":"product_cat","embeddable":true,"href":"https:\/\/kemperkontakt.de\/pl\/wp-json\/wp\/v2\/product_cat?post=6093"},{"taxonomy":"product_tag","embeddable":true,"href":"https:\/\/kemperkontakt.de\/pl\/wp-json\/wp\/v2\/product_tag?post=6093"}],"curies":[{"name":"wp","href":"https:\/\/api.w.org\/{rel}","templated":true}]}}