{"id":6034,"date":"2024-05-31T14:48:07","date_gmt":"2024-05-31T12:48:07","guid":{"rendered":"https:\/\/kemperkontakt.de\/produkt\/gumowa-tarcza-stykowa-gladka-powierzchnia\/"},"modified":"2025-03-15T21:25:19","modified_gmt":"2025-03-15T20:25:19","slug":"gumowa-tarcza-stykowa-gladka-powierzchnia","status":"publish","type":"product","link":"https:\/\/kemperkontakt.de\/pl\/produkt\/gumowa-tarcza-stykowa-gladka-powierzchnia\/","title":{"rendered":"Gumowa tarcza stykowa, g\u0142adka powierzchnia"},"content":{"rendered":"","protected":false},"excerpt":{"rendered":"<p><strong>ELAX\u00ae GO<\/strong><\/p>\n<p class=\"bodytext\">G\u0142adko pracuj\u0105cy talerz. Tarcza nap\u0119dowa lub tarcza do drobniejszych prac szlifierskich.<\/p>\n<p>&nbsp;<\/p>\n<p><strong>Do u\u017cytku z jakim urz\u0105dzeniem:<\/strong><\/p>\n<p><strong><a href=\"\/pl\/szlifowanie-za-pomoca-robotow\/\"><img decoding=\"async\" class=\"alignnone wp-image-1658\" src=\"http:\/\/kemperkontakt.com\/wp-content\/uploads\/2024\/09\/Roboterschleifen-blau-150x150.png\" alt=\"\" width=\"100\" height=\"100\" srcset=\"https:\/\/kemperkontakt.de\/wp-content\/uploads\/2024\/09\/Roboterschleifen-blau-66x66.png 66w, https:\/\/kemperkontakt.de\/wp-content\/uploads\/2024\/09\/Roboterschleifen-blau-150x150.png 150w, https:\/\/kemperkontakt.de\/wp-content\/uploads\/2024\/09\/Roboterschleifen-blau-200x200.png 200w, https:\/\/kemperkontakt.de\/wp-content\/uploads\/2024\/09\/Roboterschleifen-blau-300x300.png 300w, https:\/\/kemperkontakt.de\/wp-content\/uploads\/2024\/09\/Roboterschleifen-blau-400x400.png 400w, https:\/\/kemperkontakt.de\/wp-content\/uploads\/2024\/09\/Roboterschleifen-blau-500x500.png 500w, https:\/\/kemperkontakt.de\/wp-content\/uploads\/2024\/09\/Roboterschleifen-blau-600x600.png 600w, https:\/\/kemperkontakt.de\/wp-content\/uploads\/2024\/09\/Roboterschleifen-blau-768x768.png 768w, https:\/\/kemperkontakt.de\/wp-content\/uploads\/2024\/09\/Roboterschleifen-blau-800x800.png 800w, https:\/\/kemperkontakt.de\/wp-content\/uploads\/2024\/09\/Roboterschleifen-blau.png 1000w\" sizes=\"(max-width: 100px) 100vw, 100px\" \/><\/a><a href=\"\/pl\/szlifierki-tasmowe\/\"><img decoding=\"async\" class=\"alignnone wp-image-1652\" src=\"http:\/\/kemperkontakt.com\/wp-content\/uploads\/2024\/09\/Bandschleifmaschine-2-blau-150x150.png\" alt=\"\" width=\"100\" height=\"100\" srcset=\"https:\/\/kemperkontakt.de\/wp-content\/uploads\/2024\/09\/Bandschleifmaschine-2-blau-66x66.png 66w, https:\/\/kemperkontakt.de\/wp-content\/uploads\/2024\/09\/Bandschleifmaschine-2-blau-150x150.png 150w, https:\/\/kemperkontakt.de\/wp-content\/uploads\/2024\/09\/Bandschleifmaschine-2-blau-200x200.png 200w, https:\/\/kemperkontakt.de\/wp-content\/uploads\/2024\/09\/Bandschleifmaschine-2-blau-300x300.png 300w, https:\/\/kemperkontakt.de\/wp-content\/uploads\/2024\/09\/Bandschleifmaschine-2-blau-400x400.png 400w, https:\/\/kemperkontakt.de\/wp-content\/uploads\/2024\/09\/Bandschleifmaschine-2-blau-500x500.png 500w, https:\/\/kemperkontakt.de\/wp-content\/uploads\/2024\/09\/Bandschleifmaschine-2-blau-600x600.png 600w, https:\/\/kemperkontakt.de\/wp-content\/uploads\/2024\/09\/Bandschleifmaschine-2-blau-768x768.png 768w, https:\/\/kemperkontakt.de\/wp-content\/uploads\/2024\/09\/Bandschleifmaschine-2-blau-800x800.png 800w, https:\/\/kemperkontakt.de\/wp-content\/uploads\/2024\/09\/Bandschleifmaschine-2-blau.png 1000w\" sizes=\"(max-width: 100px) 100vw, 100px\" \/><\/a><a href=\"\/pl\/maszyny-stacjonarne\/\"><img decoding=\"async\" class=\"alignnone wp-image-1653\" src=\"http:\/\/kemperkontakt.com\/wp-content\/uploads\/2024\/09\/Bandschleifmaschine-blau-150x150.png\" alt=\"\" width=\"100\" height=\"100\" srcset=\"https:\/\/kemperkontakt.de\/wp-content\/uploads\/2024\/09\/Bandschleifmaschine-blau-66x66.png 66w, https:\/\/kemperkontakt.de\/wp-content\/uploads\/2024\/09\/Bandschleifmaschine-blau-150x150.png 150w, https:\/\/kemperkontakt.de\/wp-content\/uploads\/2024\/09\/Bandschleifmaschine-blau-200x200.png 200w, https:\/\/kemperkontakt.de\/wp-content\/uploads\/2024\/09\/Bandschleifmaschine-blau-300x300.png 300w, https:\/\/kemperkontakt.de\/wp-content\/uploads\/2024\/09\/Bandschleifmaschine-blau-400x400.png 400w, https:\/\/kemperkontakt.de\/wp-content\/uploads\/2024\/09\/Bandschleifmaschine-blau-500x500.png 500w, https:\/\/kemperkontakt.de\/wp-content\/uploads\/2024\/09\/Bandschleifmaschine-blau-600x600.png 600w, https:\/\/kemperkontakt.de\/wp-content\/uploads\/2024\/09\/Bandschleifmaschine-blau-768x768.png 768w, https:\/\/kemperkontakt.de\/wp-content\/uploads\/2024\/09\/Bandschleifmaschine-blau-800x800.png 800w, https:\/\/kemperkontakt.de\/wp-content\/uploads\/2024\/09\/Bandschleifmaschine-blau.png 1000w\" sizes=\"(max-width: 100px) 100vw, 100px\" \/><\/a><\/strong><\/p>\n<p>&nbsp;<\/p>\n<p><strong>Karta charakterystyki produktu:<br \/>\n<\/strong>[download id=\"4322\" template=\"Rubber contact wheel, smooth surface\"]<\/p>\n<p>Tutaj mo\u017cna znale\u017a\u0107 og\u00f3lne <span style=\"color: #27348b;\"><a style=\"color: #27348b;\" href=\"\/wp-content\/uploads\/2024\/07\/Informationen-zu-Kontaktscheiben-1.pdf\" target=\"_blank\" rel=\"noopener\">informacje o tarczach stykowych<\/a><span style=\"color: #000000;\"> oraz <a style=\"color: #27348b;\" href=\"\/wp-content\/uploads\/2024\/07\/Kontaktscheiben-Lagerhinweis-DE-05.05.21.pdf\" target=\"_blank\" rel=\"noopener\">informacje o \u0142o\u017cyskach<\/a> tarcz stykowych.<\/span><\/span><\/p>\n<p>&nbsp;<\/p>\n","protected":false},"featured_media":6035,"template":"","meta":[],"product_brand":[],"product_cat":[826],"product_tag":[772,810,775,763,752],"class_list":{"0":"post-6034","1":"product","2":"type-product","3":"status-publish","4":"has-post-thumbnail","6":"product_cat-tarcze-stykowe-z-poduszka-biezna-wykonana-z-gumy-odpornej-na-olej-i-emulsje","7":"product_tag-dokladne-dostrojenie","8":"product_tag-drobnoziarniste-pasy","9":"product_tag-duze-szlifierki-tasmowe","10":"product_tag-szlifierki-tasmowe","11":"product_tag-szlifowanie-za-pomoca-robotow","13":"first","14":"instock","15":"shipping-taxable","16":"product-type-simple"},"yoast_head":"<!-- This site is optimized with the Yoast SEO plugin v27.3 - https:\/\/yoast.com\/product\/yoast-seo-wordpress\/ -->\n<title>Gumowa tarcza stykowa, g\u0142adka powierzchnia - Kemper-Kontakt<\/title>\n<meta name=\"robots\" content=\"index, follow, max-snippet:-1, max-image-preview:large, max-video-preview:-1\" \/>\n<link rel=\"canonical\" href=\"https:\/\/kemperkontakt.de\/pl\/produkt\/gumowa-tarcza-stykowa-gladka-powierzchnia\/\" \/>\n<meta property=\"og:locale\" content=\"pl_PL\" \/>\n<meta property=\"og:type\" content=\"article\" \/>\n<meta property=\"og:title\" content=\"Gumowa tarcza stykowa, g\u0142adka powierzchnia - Kemper-Kontakt\" \/>\n<meta property=\"og:description\" content=\"ELAX\u00ae GO G\u0142adko pracuj\u0105cy talerz. Tarcza nap\u0119dowa lub tarcza do drobniejszych prac szlifierskich. &nbsp;  Do u\u017cytku z jakim urz\u0105dzeniem:    &nbsp;  Karta charakterystyki produktu:   Tutaj mo\u017cna znale\u017a\u0107 og\u00f3lne informacje o tarczach stykowych oraz informacje o \u0142o\u017cyskach tarcz stykowych.  &nbsp;\" \/>\n<meta property=\"og:url\" content=\"https:\/\/kemperkontakt.de\/pl\/produkt\/gumowa-tarcza-stykowa-gladka-powierzchnia\/\" \/>\n<meta property=\"og:site_name\" content=\"Kemper-Kontakt\" \/>\n<meta property=\"article:modified_time\" content=\"2025-03-15T20:25:19+00:00\" \/>\n<meta property=\"og:image\" content=\"https:\/\/kemperkontakt.de\/wp-content\/uploads\/2024\/05\/Elax_Go_1000x1000.jpg\" \/>\n\t<meta property=\"og:image:width\" content=\"1000\" \/>\n\t<meta property=\"og:image:height\" content=\"1000\" \/>\n\t<meta property=\"og:image:type\" content=\"image\/jpeg\" \/>\n<meta name=\"twitter:card\" content=\"summary_large_image\" \/>\n<meta name=\"twitter:label1\" content=\"Szacowany czas czytania\" \/>\n\t<meta name=\"twitter:data1\" content=\"1 minuta\" \/>\n<script type=\"application\/ld+json\" class=\"yoast-schema-graph\">{\"@context\":\"https:\\\/\\\/schema.org\",\"@graph\":[{\"@type\":\"WebPage\",\"@id\":\"https:\\\/\\\/kemperkontakt.de\\\/pl\\\/produkt\\\/gumowa-tarcza-stykowa-gladka-powierzchnia\\\/\",\"url\":\"https:\\\/\\\/kemperkontakt.de\\\/pl\\\/produkt\\\/gumowa-tarcza-stykowa-gladka-powierzchnia\\\/\",\"name\":\"Gumowa tarcza stykowa, g\u0142adka powierzchnia - Kemper-Kontakt\",\"isPartOf\":{\"@id\":\"https:\\\/\\\/kemperkontakt.de\\\/pl\\\/#website\"},\"primaryImageOfPage\":{\"@id\":\"https:\\\/\\\/kemperkontakt.de\\\/pl\\\/produkt\\\/gumowa-tarcza-stykowa-gladka-powierzchnia\\\/#primaryimage\"},\"image\":{\"@id\":\"https:\\\/\\\/kemperkontakt.de\\\/pl\\\/produkt\\\/gumowa-tarcza-stykowa-gladka-powierzchnia\\\/#primaryimage\"},\"thumbnailUrl\":\"https:\\\/\\\/kemperkontakt.de\\\/wp-content\\\/uploads\\\/2024\\\/05\\\/Elax_Go_1000x1000.jpg\",\"datePublished\":\"2024-05-31T12:48:07+00:00\",\"dateModified\":\"2025-03-15T20:25:19+00:00\",\"breadcrumb\":{\"@id\":\"https:\\\/\\\/kemperkontakt.de\\\/pl\\\/produkt\\\/gumowa-tarcza-stykowa-gladka-powierzchnia\\\/#breadcrumb\"},\"inLanguage\":\"pl-PL\",\"potentialAction\":[{\"@type\":\"ReadAction\",\"target\":[\"https:\\\/\\\/kemperkontakt.de\\\/pl\\\/produkt\\\/gumowa-tarcza-stykowa-gladka-powierzchnia\\\/\"]}]},{\"@type\":\"ImageObject\",\"inLanguage\":\"pl-PL\",\"@id\":\"https:\\\/\\\/kemperkontakt.de\\\/pl\\\/produkt\\\/gumowa-tarcza-stykowa-gladka-powierzchnia\\\/#primaryimage\",\"url\":\"https:\\\/\\\/kemperkontakt.de\\\/wp-content\\\/uploads\\\/2024\\\/05\\\/Elax_Go_1000x1000.jpg\",\"contentUrl\":\"https:\\\/\\\/kemperkontakt.de\\\/wp-content\\\/uploads\\\/2024\\\/05\\\/Elax_Go_1000x1000.jpg\",\"width\":1000,\"height\":1000},{\"@type\":\"BreadcrumbList\",\"@id\":\"https:\\\/\\\/kemperkontakt.de\\\/pl\\\/produkt\\\/gumowa-tarcza-stykowa-gladka-powierzchnia\\\/#breadcrumb\",\"itemListElement\":[{\"@type\":\"ListItem\",\"position\":1,\"name\":\"Startseite\",\"item\":\"https:\\\/\\\/kemperkontakt.de\\\/pl\\\/\"},{\"@type\":\"ListItem\",\"position\":2,\"name\":\"Kategorie\",\"item\":\"https:\\\/\\\/kemperkontakt.de\\\/kategorie\\\/\"},{\"@type\":\"ListItem\",\"position\":3,\"name\":\"Gumowa tarcza stykowa, g\u0142adka powierzchnia\"}]},{\"@type\":\"WebSite\",\"@id\":\"https:\\\/\\\/kemperkontakt.de\\\/pl\\\/#website\",\"url\":\"https:\\\/\\\/kemperkontakt.de\\\/pl\\\/\",\"name\":\"Kemper-Kontakt\",\"description\":\"\",\"potentialAction\":[{\"@type\":\"SearchAction\",\"target\":{\"@type\":\"EntryPoint\",\"urlTemplate\":\"https:\\\/\\\/kemperkontakt.de\\\/pl\\\/?s={search_term_string}\"},\"query-input\":{\"@type\":\"PropertyValueSpecification\",\"valueRequired\":true,\"valueName\":\"search_term_string\"}}],\"inLanguage\":\"pl-PL\"}]}<\/script>\n<!-- \/ Yoast SEO plugin. -->","yoast_head_json":{"title":"Gumowa tarcza stykowa, g\u0142adka powierzchnia - Kemper-Kontakt","robots":{"index":"index","follow":"follow","max-snippet":"max-snippet:-1","max-image-preview":"max-image-preview:large","max-video-preview":"max-video-preview:-1"},"canonical":"https:\/\/kemperkontakt.de\/pl\/produkt\/gumowa-tarcza-stykowa-gladka-powierzchnia\/","og_locale":"pl_PL","og_type":"article","og_title":"Gumowa tarcza stykowa, g\u0142adka powierzchnia - Kemper-Kontakt","og_description":"ELAX\u00ae GO G\u0142adko pracuj\u0105cy talerz. Tarcza nap\u0119dowa lub tarcza do drobniejszych prac szlifierskich. &nbsp;  Do u\u017cytku z jakim urz\u0105dzeniem:    &nbsp;  Karta charakterystyki produktu:   Tutaj mo\u017cna znale\u017a\u0107 og\u00f3lne informacje o tarczach stykowych oraz informacje o \u0142o\u017cyskach tarcz stykowych.  &nbsp;","og_url":"https:\/\/kemperkontakt.de\/pl\/produkt\/gumowa-tarcza-stykowa-gladka-powierzchnia\/","og_site_name":"Kemper-Kontakt","article_modified_time":"2025-03-15T20:25:19+00:00","og_image":[{"width":1000,"height":1000,"url":"https:\/\/kemperkontakt.de\/wp-content\/uploads\/2024\/05\/Elax_Go_1000x1000.jpg","type":"image\/jpeg"}],"twitter_card":"summary_large_image","twitter_misc":{"Szacowany czas czytania":"1 minuta"},"schema":{"@context":"https:\/\/schema.org","@graph":[{"@type":"WebPage","@id":"https:\/\/kemperkontakt.de\/pl\/produkt\/gumowa-tarcza-stykowa-gladka-powierzchnia\/","url":"https:\/\/kemperkontakt.de\/pl\/produkt\/gumowa-tarcza-stykowa-gladka-powierzchnia\/","name":"Gumowa tarcza stykowa, g\u0142adka powierzchnia - Kemper-Kontakt","isPartOf":{"@id":"https:\/\/kemperkontakt.de\/pl\/#website"},"primaryImageOfPage":{"@id":"https:\/\/kemperkontakt.de\/pl\/produkt\/gumowa-tarcza-stykowa-gladka-powierzchnia\/#primaryimage"},"image":{"@id":"https:\/\/kemperkontakt.de\/pl\/produkt\/gumowa-tarcza-stykowa-gladka-powierzchnia\/#primaryimage"},"thumbnailUrl":"https:\/\/kemperkontakt.de\/wp-content\/uploads\/2024\/05\/Elax_Go_1000x1000.jpg","datePublished":"2024-05-31T12:48:07+00:00","dateModified":"2025-03-15T20:25:19+00:00","breadcrumb":{"@id":"https:\/\/kemperkontakt.de\/pl\/produkt\/gumowa-tarcza-stykowa-gladka-powierzchnia\/#breadcrumb"},"inLanguage":"pl-PL","potentialAction":[{"@type":"ReadAction","target":["https:\/\/kemperkontakt.de\/pl\/produkt\/gumowa-tarcza-stykowa-gladka-powierzchnia\/"]}]},{"@type":"ImageObject","inLanguage":"pl-PL","@id":"https:\/\/kemperkontakt.de\/pl\/produkt\/gumowa-tarcza-stykowa-gladka-powierzchnia\/#primaryimage","url":"https:\/\/kemperkontakt.de\/wp-content\/uploads\/2024\/05\/Elax_Go_1000x1000.jpg","contentUrl":"https:\/\/kemperkontakt.de\/wp-content\/uploads\/2024\/05\/Elax_Go_1000x1000.jpg","width":1000,"height":1000},{"@type":"BreadcrumbList","@id":"https:\/\/kemperkontakt.de\/pl\/produkt\/gumowa-tarcza-stykowa-gladka-powierzchnia\/#breadcrumb","itemListElement":[{"@type":"ListItem","position":1,"name":"Startseite","item":"https:\/\/kemperkontakt.de\/pl\/"},{"@type":"ListItem","position":2,"name":"Kategorie","item":"https:\/\/kemperkontakt.de\/kategorie\/"},{"@type":"ListItem","position":3,"name":"Gumowa tarcza stykowa, g\u0142adka powierzchnia"}]},{"@type":"WebSite","@id":"https:\/\/kemperkontakt.de\/pl\/#website","url":"https:\/\/kemperkontakt.de\/pl\/","name":"Kemper-Kontakt","description":"","potentialAction":[{"@type":"SearchAction","target":{"@type":"EntryPoint","urlTemplate":"https:\/\/kemperkontakt.de\/pl\/?s={search_term_string}"},"query-input":{"@type":"PropertyValueSpecification","valueRequired":true,"valueName":"search_term_string"}}],"inLanguage":"pl-PL"}]}},"_links":{"self":[{"href":"https:\/\/kemperkontakt.de\/pl\/wp-json\/wp\/v2\/product\/6034","targetHints":{"allow":["GET"]}}],"collection":[{"href":"https:\/\/kemperkontakt.de\/pl\/wp-json\/wp\/v2\/product"}],"about":[{"href":"https:\/\/kemperkontakt.de\/pl\/wp-json\/wp\/v2\/types\/product"}],"wp:featuredmedia":[{"embeddable":true,"href":"https:\/\/kemperkontakt.de\/pl\/wp-json\/wp\/v2\/media\/6035"}],"wp:attachment":[{"href":"https:\/\/kemperkontakt.de\/pl\/wp-json\/wp\/v2\/media?parent=6034"}],"wp:term":[{"taxonomy":"product_brand","embeddable":true,"href":"https:\/\/kemperkontakt.de\/pl\/wp-json\/wp\/v2\/product_brand?post=6034"},{"taxonomy":"product_cat","embeddable":true,"href":"https:\/\/kemperkontakt.de\/pl\/wp-json\/wp\/v2\/product_cat?post=6034"},{"taxonomy":"product_tag","embeddable":true,"href":"https:\/\/kemperkontakt.de\/pl\/wp-json\/wp\/v2\/product_tag?post=6034"}],"curies":[{"name":"wp","href":"https:\/\/api.w.org\/{rel}","templated":true}]}}