{"id":6017,"date":"2024-06-07T16:20:37","date_gmt":"2024-06-07T14:20:37","guid":{"rendered":"https:\/\/kemperkontakt.de\/produkt\/tarcza-stykowa-wykonana-z-litego-vulkollan-grube-rowki\/"},"modified":"2025-03-15T21:21:16","modified_gmt":"2025-03-15T20:21:16","slug":"tarcza-stykowa-wykonana-z-litego-vulkollan-grube-rowki","status":"publish","type":"product","link":"https:\/\/kemperkontakt.de\/pl\/produkt\/tarcza-stykowa-wykonana-z-litego-vulkollan-grube-rowki\/","title":{"rendered":"Tarcza stykowa wykonana z litego Vulkollan\u00ae, grube rowki"},"content":{"rendered":"","protected":false},"excerpt":{"rendered":"<p><strong>ELAX\u00ae VR<\/strong><\/p>\n<p class=\"bodytext\">Rowkowana podk\u0142adka bary\u0142kowa, szeroko\u015b\u0107 wst\u0119gi 11 mm, szeroko\u015b\u0107 rowka 7,5 mm, standardowa tarcza do wszechstronnego u\u017cytku, d\u0142u\u017csza \u017cywotno\u015b\u0107 ni\u017c tarcze stykowe z pow\u0142ok\u0105 gumow\u0105.<\/p>\n<p class=\"bodytext\">Dost\u0119pne r\u00f3wnie\u017c jako ELAX\u00ae V 61 od \u00d8 300 mm z rowkami pi\u0142okszta\u0142tnymi!<\/p>\n<p>&nbsp;<\/p>\n<p><strong>Do u\u017cytku z jakim urz\u0105dzeniem:<\/strong><\/p>\n<p><strong><a href=\"\/pl\/szlifowanie-za-pomoca-robotow\/\"><img decoding=\"async\" class=\"alignnone wp-image-1658\" src=\"http:\/\/kemperkontakt.com\/wp-content\/uploads\/2024\/09\/Roboterschleifen-blau-150x150.png\" alt=\"\" width=\"100\" height=\"100\" srcset=\"https:\/\/kemperkontakt.de\/wp-content\/uploads\/2024\/09\/Roboterschleifen-blau-66x66.png 66w, https:\/\/kemperkontakt.de\/wp-content\/uploads\/2024\/09\/Roboterschleifen-blau-150x150.png 150w, https:\/\/kemperkontakt.de\/wp-content\/uploads\/2024\/09\/Roboterschleifen-blau-200x200.png 200w, https:\/\/kemperkontakt.de\/wp-content\/uploads\/2024\/09\/Roboterschleifen-blau-300x300.png 300w, https:\/\/kemperkontakt.de\/wp-content\/uploads\/2024\/09\/Roboterschleifen-blau-400x400.png 400w, https:\/\/kemperkontakt.de\/wp-content\/uploads\/2024\/09\/Roboterschleifen-blau-500x500.png 500w, https:\/\/kemperkontakt.de\/wp-content\/uploads\/2024\/09\/Roboterschleifen-blau-600x600.png 600w, https:\/\/kemperkontakt.de\/wp-content\/uploads\/2024\/09\/Roboterschleifen-blau-768x768.png 768w, https:\/\/kemperkontakt.de\/wp-content\/uploads\/2024\/09\/Roboterschleifen-blau-800x800.png 800w, https:\/\/kemperkontakt.de\/wp-content\/uploads\/2024\/09\/Roboterschleifen-blau.png 1000w\" sizes=\"(max-width: 100px) 100vw, 100px\" \/><\/a><a href=\"\/pl\/szlifierki-tasmowe\/\"><img decoding=\"async\" class=\"alignnone wp-image-1652\" src=\"http:\/\/kemperkontakt.com\/wp-content\/uploads\/2024\/09\/Bandschleifmaschine-2-blau-150x150.png\" alt=\"\" width=\"100\" height=\"100\" srcset=\"https:\/\/kemperkontakt.de\/wp-content\/uploads\/2024\/09\/Bandschleifmaschine-2-blau-66x66.png 66w, https:\/\/kemperkontakt.de\/wp-content\/uploads\/2024\/09\/Bandschleifmaschine-2-blau-150x150.png 150w, https:\/\/kemperkontakt.de\/wp-content\/uploads\/2024\/09\/Bandschleifmaschine-2-blau-200x200.png 200w, https:\/\/kemperkontakt.de\/wp-content\/uploads\/2024\/09\/Bandschleifmaschine-2-blau-300x300.png 300w, https:\/\/kemperkontakt.de\/wp-content\/uploads\/2024\/09\/Bandschleifmaschine-2-blau-400x400.png 400w, https:\/\/kemperkontakt.de\/wp-content\/uploads\/2024\/09\/Bandschleifmaschine-2-blau-500x500.png 500w, https:\/\/kemperkontakt.de\/wp-content\/uploads\/2024\/09\/Bandschleifmaschine-2-blau-600x600.png 600w, https:\/\/kemperkontakt.de\/wp-content\/uploads\/2024\/09\/Bandschleifmaschine-2-blau-768x768.png 768w, https:\/\/kemperkontakt.de\/wp-content\/uploads\/2024\/09\/Bandschleifmaschine-2-blau-800x800.png 800w, https:\/\/kemperkontakt.de\/wp-content\/uploads\/2024\/09\/Bandschleifmaschine-2-blau.png 1000w\" sizes=\"(max-width: 100px) 100vw, 100px\" \/><\/a><a href=\"\/pl\/maszyny-stacjonarne\/\"><img decoding=\"async\" class=\"alignnone wp-image-1653\" src=\"http:\/\/kemperkontakt.com\/wp-content\/uploads\/2024\/09\/Bandschleifmaschine-blau-150x150.png\" alt=\"\" width=\"100\" height=\"100\" srcset=\"https:\/\/kemperkontakt.de\/wp-content\/uploads\/2024\/09\/Bandschleifmaschine-blau-66x66.png 66w, https:\/\/kemperkontakt.de\/wp-content\/uploads\/2024\/09\/Bandschleifmaschine-blau-150x150.png 150w, https:\/\/kemperkontakt.de\/wp-content\/uploads\/2024\/09\/Bandschleifmaschine-blau-200x200.png 200w, https:\/\/kemperkontakt.de\/wp-content\/uploads\/2024\/09\/Bandschleifmaschine-blau-300x300.png 300w, https:\/\/kemperkontakt.de\/wp-content\/uploads\/2024\/09\/Bandschleifmaschine-blau-400x400.png 400w, https:\/\/kemperkontakt.de\/wp-content\/uploads\/2024\/09\/Bandschleifmaschine-blau-500x500.png 500w, https:\/\/kemperkontakt.de\/wp-content\/uploads\/2024\/09\/Bandschleifmaschine-blau-600x600.png 600w, https:\/\/kemperkontakt.de\/wp-content\/uploads\/2024\/09\/Bandschleifmaschine-blau-768x768.png 768w, https:\/\/kemperkontakt.de\/wp-content\/uploads\/2024\/09\/Bandschleifmaschine-blau-800x800.png 800w, https:\/\/kemperkontakt.de\/wp-content\/uploads\/2024\/09\/Bandschleifmaschine-blau.png 1000w\" sizes=\"(max-width: 100px) 100vw, 100px\" \/><\/a><\/strong><\/p>\n<p>&nbsp;<\/p>\n<p><strong>Karta charakterystyki produktu:<br \/>\n<\/strong>[download id=\"4358\" template=\"Contact wheel made of solid Vulkollan\u00ae, coarse grooves\"]<\/p>\n","protected":false},"featured_media":6018,"template":"","meta":[],"product_brand":[],"product_cat":[807],"product_tag":[775,819,820,763,752,808],"class_list":{"0":"post-6017","1":"product","2":"type-product","3":"status-publish","4":"has-post-thumbnail","6":"product_cat-tarcze-stykowe-z-poduszka-biezna-wykonana-z-odpornego-na-olej-i-emulsje-tworzywa-sztucznego","7":"product_tag-duze-szlifierki-tasmowe","8":"product_tag-grube-zagniecenia","9":"product_tag-pasma-x-srednie-do-zgrubnych","10":"product_tag-szlifierki-tasmowe","11":"product_tag-szlifowanie-za-pomoca-robotow","12":"product_tag-wysoka-odpornosc-na-scieranie","14":"first","15":"instock","16":"shipping-taxable","17":"product-type-simple"},"yoast_head":"<!-- This site is optimized with the Yoast SEO plugin v27.4 - https:\/\/yoast.com\/product\/yoast-seo-wordpress\/ -->\n<title>Tarcza stykowa wykonana z litego Vulkollan\u00ae, grube rowki - Kemper-Kontakt<\/title>\n<meta name=\"robots\" content=\"index, follow, max-snippet:-1, max-image-preview:large, max-video-preview:-1\" \/>\n<link rel=\"canonical\" href=\"https:\/\/kemperkontakt.de\/pl\/produkt\/tarcza-stykowa-wykonana-z-litego-vulkollan-grube-rowki\/\" \/>\n<meta property=\"og:locale\" content=\"pl_PL\" \/>\n<meta property=\"og:type\" content=\"article\" \/>\n<meta property=\"og:title\" content=\"Tarcza stykowa wykonana z litego Vulkollan\u00ae, grube rowki - Kemper-Kontakt\" \/>\n<meta property=\"og:description\" content=\"ELAX\u00ae VR Rowkowana podk\u0142adka bary\u0142kowa, szeroko\u015b\u0107 wst\u0119gi 11 mm, szeroko\u015b\u0107 rowka 7,5 mm, standardowa tarcza do wszechstronnego u\u017cytku, d\u0142u\u017csza \u017cywotno\u015b\u0107 ni\u017c tarcze stykowe z pow\u0142ok\u0105 gumow\u0105. Dost\u0119pne r\u00f3wnie\u017c jako ELAX\u00ae V 61 od \u00d8 300 mm z rowkami pi\u0142okszta\u0142tnymi! &nbsp;  Do u\u017cytku z jakim urz\u0105dzeniem:    &nbsp;  Karta charakterystyki produktu:\" \/>\n<meta property=\"og:url\" content=\"https:\/\/kemperkontakt.de\/pl\/produkt\/tarcza-stykowa-wykonana-z-litego-vulkollan-grube-rowki\/\" \/>\n<meta property=\"og:site_name\" content=\"Kemper-Kontakt\" \/>\n<meta property=\"article:modified_time\" content=\"2025-03-15T20:21:16+00:00\" \/>\n<meta property=\"og:image\" content=\"https:\/\/kemperkontakt.de\/wp-content\/uploads\/2024\/06\/Elax_VR_1000x1000.jpg\" \/>\n\t<meta property=\"og:image:width\" content=\"1000\" \/>\n\t<meta property=\"og:image:height\" content=\"1000\" \/>\n\t<meta property=\"og:image:type\" content=\"image\/jpeg\" \/>\n<meta name=\"twitter:card\" content=\"summary_large_image\" \/>\n<meta name=\"twitter:label1\" content=\"Szacowany czas czytania\" \/>\n\t<meta name=\"twitter:data1\" content=\"1 minuta\" \/>\n<script type=\"application\/ld+json\" class=\"yoast-schema-graph\">{\"@context\":\"https:\\\/\\\/schema.org\",\"@graph\":[{\"@type\":\"WebPage\",\"@id\":\"https:\\\/\\\/kemperkontakt.de\\\/pl\\\/produkt\\\/tarcza-stykowa-wykonana-z-litego-vulkollan-grube-rowki\\\/\",\"url\":\"https:\\\/\\\/kemperkontakt.de\\\/pl\\\/produkt\\\/tarcza-stykowa-wykonana-z-litego-vulkollan-grube-rowki\\\/\",\"name\":\"Tarcza stykowa wykonana z litego Vulkollan\u00ae, grube rowki - Kemper-Kontakt\",\"isPartOf\":{\"@id\":\"https:\\\/\\\/kemperkontakt.de\\\/pl\\\/#website\"},\"primaryImageOfPage\":{\"@id\":\"https:\\\/\\\/kemperkontakt.de\\\/pl\\\/produkt\\\/tarcza-stykowa-wykonana-z-litego-vulkollan-grube-rowki\\\/#primaryimage\"},\"image\":{\"@id\":\"https:\\\/\\\/kemperkontakt.de\\\/pl\\\/produkt\\\/tarcza-stykowa-wykonana-z-litego-vulkollan-grube-rowki\\\/#primaryimage\"},\"thumbnailUrl\":\"https:\\\/\\\/kemperkontakt.de\\\/wp-content\\\/uploads\\\/2024\\\/06\\\/Elax_VR_1000x1000.jpg\",\"datePublished\":\"2024-06-07T14:20:37+00:00\",\"dateModified\":\"2025-03-15T20:21:16+00:00\",\"breadcrumb\":{\"@id\":\"https:\\\/\\\/kemperkontakt.de\\\/pl\\\/produkt\\\/tarcza-stykowa-wykonana-z-litego-vulkollan-grube-rowki\\\/#breadcrumb\"},\"inLanguage\":\"pl-PL\",\"potentialAction\":[{\"@type\":\"ReadAction\",\"target\":[\"https:\\\/\\\/kemperkontakt.de\\\/pl\\\/produkt\\\/tarcza-stykowa-wykonana-z-litego-vulkollan-grube-rowki\\\/\"]}]},{\"@type\":\"ImageObject\",\"inLanguage\":\"pl-PL\",\"@id\":\"https:\\\/\\\/kemperkontakt.de\\\/pl\\\/produkt\\\/tarcza-stykowa-wykonana-z-litego-vulkollan-grube-rowki\\\/#primaryimage\",\"url\":\"https:\\\/\\\/kemperkontakt.de\\\/wp-content\\\/uploads\\\/2024\\\/06\\\/Elax_VR_1000x1000.jpg\",\"contentUrl\":\"https:\\\/\\\/kemperkontakt.de\\\/wp-content\\\/uploads\\\/2024\\\/06\\\/Elax_VR_1000x1000.jpg\",\"width\":1000,\"height\":1000},{\"@type\":\"BreadcrumbList\",\"@id\":\"https:\\\/\\\/kemperkontakt.de\\\/pl\\\/produkt\\\/tarcza-stykowa-wykonana-z-litego-vulkollan-grube-rowki\\\/#breadcrumb\",\"itemListElement\":[{\"@type\":\"ListItem\",\"position\":1,\"name\":\"Startseite\",\"item\":\"https:\\\/\\\/kemperkontakt.de\\\/pl\\\/\"},{\"@type\":\"ListItem\",\"position\":2,\"name\":\"Kategorie\",\"item\":\"https:\\\/\\\/kemperkontakt.de\\\/kategorie\\\/\"},{\"@type\":\"ListItem\",\"position\":3,\"name\":\"Tarcza stykowa wykonana z litego Vulkollan\u00ae, grube rowki\"}]},{\"@type\":\"WebSite\",\"@id\":\"https:\\\/\\\/kemperkontakt.de\\\/pl\\\/#website\",\"url\":\"https:\\\/\\\/kemperkontakt.de\\\/pl\\\/\",\"name\":\"Kemper-Kontakt\",\"description\":\"\",\"potentialAction\":[{\"@type\":\"SearchAction\",\"target\":{\"@type\":\"EntryPoint\",\"urlTemplate\":\"https:\\\/\\\/kemperkontakt.de\\\/pl\\\/?s={search_term_string}\"},\"query-input\":{\"@type\":\"PropertyValueSpecification\",\"valueRequired\":true,\"valueName\":\"search_term_string\"}}],\"inLanguage\":\"pl-PL\"}]}<\/script>\n<!-- \/ Yoast SEO plugin. -->","yoast_head_json":{"title":"Tarcza stykowa wykonana z litego Vulkollan\u00ae, grube rowki - Kemper-Kontakt","robots":{"index":"index","follow":"follow","max-snippet":"max-snippet:-1","max-image-preview":"max-image-preview:large","max-video-preview":"max-video-preview:-1"},"canonical":"https:\/\/kemperkontakt.de\/pl\/produkt\/tarcza-stykowa-wykonana-z-litego-vulkollan-grube-rowki\/","og_locale":"pl_PL","og_type":"article","og_title":"Tarcza stykowa wykonana z litego Vulkollan\u00ae, grube rowki - Kemper-Kontakt","og_description":"ELAX\u00ae VR Rowkowana podk\u0142adka bary\u0142kowa, szeroko\u015b\u0107 wst\u0119gi 11 mm, szeroko\u015b\u0107 rowka 7,5 mm, standardowa tarcza do wszechstronnego u\u017cytku, d\u0142u\u017csza \u017cywotno\u015b\u0107 ni\u017c tarcze stykowe z pow\u0142ok\u0105 gumow\u0105. Dost\u0119pne r\u00f3wnie\u017c jako ELAX\u00ae V 61 od \u00d8 300 mm z rowkami pi\u0142okszta\u0142tnymi! &nbsp;  Do u\u017cytku z jakim urz\u0105dzeniem:    &nbsp;  Karta charakterystyki produktu:","og_url":"https:\/\/kemperkontakt.de\/pl\/produkt\/tarcza-stykowa-wykonana-z-litego-vulkollan-grube-rowki\/","og_site_name":"Kemper-Kontakt","article_modified_time":"2025-03-15T20:21:16+00:00","og_image":[{"width":1000,"height":1000,"url":"https:\/\/kemperkontakt.de\/wp-content\/uploads\/2024\/06\/Elax_VR_1000x1000.jpg","type":"image\/jpeg"}],"twitter_card":"summary_large_image","twitter_misc":{"Szacowany czas czytania":"1 minuta"},"schema":{"@context":"https:\/\/schema.org","@graph":[{"@type":"WebPage","@id":"https:\/\/kemperkontakt.de\/pl\/produkt\/tarcza-stykowa-wykonana-z-litego-vulkollan-grube-rowki\/","url":"https:\/\/kemperkontakt.de\/pl\/produkt\/tarcza-stykowa-wykonana-z-litego-vulkollan-grube-rowki\/","name":"Tarcza stykowa wykonana z litego Vulkollan\u00ae, grube rowki - Kemper-Kontakt","isPartOf":{"@id":"https:\/\/kemperkontakt.de\/pl\/#website"},"primaryImageOfPage":{"@id":"https:\/\/kemperkontakt.de\/pl\/produkt\/tarcza-stykowa-wykonana-z-litego-vulkollan-grube-rowki\/#primaryimage"},"image":{"@id":"https:\/\/kemperkontakt.de\/pl\/produkt\/tarcza-stykowa-wykonana-z-litego-vulkollan-grube-rowki\/#primaryimage"},"thumbnailUrl":"https:\/\/kemperkontakt.de\/wp-content\/uploads\/2024\/06\/Elax_VR_1000x1000.jpg","datePublished":"2024-06-07T14:20:37+00:00","dateModified":"2025-03-15T20:21:16+00:00","breadcrumb":{"@id":"https:\/\/kemperkontakt.de\/pl\/produkt\/tarcza-stykowa-wykonana-z-litego-vulkollan-grube-rowki\/#breadcrumb"},"inLanguage":"pl-PL","potentialAction":[{"@type":"ReadAction","target":["https:\/\/kemperkontakt.de\/pl\/produkt\/tarcza-stykowa-wykonana-z-litego-vulkollan-grube-rowki\/"]}]},{"@type":"ImageObject","inLanguage":"pl-PL","@id":"https:\/\/kemperkontakt.de\/pl\/produkt\/tarcza-stykowa-wykonana-z-litego-vulkollan-grube-rowki\/#primaryimage","url":"https:\/\/kemperkontakt.de\/wp-content\/uploads\/2024\/06\/Elax_VR_1000x1000.jpg","contentUrl":"https:\/\/kemperkontakt.de\/wp-content\/uploads\/2024\/06\/Elax_VR_1000x1000.jpg","width":1000,"height":1000},{"@type":"BreadcrumbList","@id":"https:\/\/kemperkontakt.de\/pl\/produkt\/tarcza-stykowa-wykonana-z-litego-vulkollan-grube-rowki\/#breadcrumb","itemListElement":[{"@type":"ListItem","position":1,"name":"Startseite","item":"https:\/\/kemperkontakt.de\/pl\/"},{"@type":"ListItem","position":2,"name":"Kategorie","item":"https:\/\/kemperkontakt.de\/kategorie\/"},{"@type":"ListItem","position":3,"name":"Tarcza stykowa wykonana z litego Vulkollan\u00ae, grube rowki"}]},{"@type":"WebSite","@id":"https:\/\/kemperkontakt.de\/pl\/#website","url":"https:\/\/kemperkontakt.de\/pl\/","name":"Kemper-Kontakt","description":"","potentialAction":[{"@type":"SearchAction","target":{"@type":"EntryPoint","urlTemplate":"https:\/\/kemperkontakt.de\/pl\/?s={search_term_string}"},"query-input":{"@type":"PropertyValueSpecification","valueRequired":true,"valueName":"search_term_string"}}],"inLanguage":"pl-PL"}]}},"_links":{"self":[{"href":"https:\/\/kemperkontakt.de\/pl\/wp-json\/wp\/v2\/product\/6017","targetHints":{"allow":["GET"]}}],"collection":[{"href":"https:\/\/kemperkontakt.de\/pl\/wp-json\/wp\/v2\/product"}],"about":[{"href":"https:\/\/kemperkontakt.de\/pl\/wp-json\/wp\/v2\/types\/product"}],"wp:featuredmedia":[{"embeddable":true,"href":"https:\/\/kemperkontakt.de\/pl\/wp-json\/wp\/v2\/media\/6018"}],"wp:attachment":[{"href":"https:\/\/kemperkontakt.de\/pl\/wp-json\/wp\/v2\/media?parent=6017"}],"wp:term":[{"taxonomy":"product_brand","embeddable":true,"href":"https:\/\/kemperkontakt.de\/pl\/wp-json\/wp\/v2\/product_brand?post=6017"},{"taxonomy":"product_cat","embeddable":true,"href":"https:\/\/kemperkontakt.de\/pl\/wp-json\/wp\/v2\/product_cat?post=6017"},{"taxonomy":"product_tag","embeddable":true,"href":"https:\/\/kemperkontakt.de\/pl\/wp-json\/wp\/v2\/product_tag?post=6017"}],"curies":[{"name":"wp","href":"https:\/\/api.w.org\/{rel}","templated":true}]}}