{"id":5894,"date":"2024-06-11T13:58:05","date_gmt":"2024-06-11T11:58:05","guid":{"rendered":"https:\/\/kemperkontakt.de\/produkt\/narzedzie-rozszerzajace-m14-wykonane-z-pianki-vu\/"},"modified":"2025-03-15T21:07:08","modified_gmt":"2025-03-15T20:07:08","slug":"narzedzie-rozszerzajace-m14-wykonane-z-pianki-vu","status":"publish","type":"product","link":"https:\/\/kemperkontakt.de\/pl\/produkt\/narzedzie-rozszerzajace-m14-wykonane-z-pianki-vu\/","title":{"rendered":"Narz\u0119dzie rozszerzaj\u0105ce M14 wykonane z pianki Vu"},"content":{"rendered":"","protected":false},"excerpt":{"rendered":"<p><strong>Radix\u00ae VSDN\/16 M14<\/strong><\/p>\n<p class=\"bodytext\">Wa\u0142ek rozpr\u0119\u017cny ze specjalnie rowkowan\u0105, wyj\u0105tkowo elastyczn\u0105 piankow\u0105 wk\u0142adk\u0105, 43\u00b0 Shore A, z gwintem M14.<\/p>\n<p class=\"bodytext\"><em><strong>UWAGA: U\u017cywa\u0107 tylko z ta\u015bm\u0105 szlifiersk\u0105!<\/strong><\/em><\/p>\n<p><strong>Do u\u017cytku z jakim urz\u0105dzeniem:<br \/>\n<\/strong><a href=\"\/pl\/produkt-schlagwort\/szlifierka-katowa-z-regulacja-predkosci\/\"><img decoding=\"async\" class=\"alignnone wp-image-917\" src=\"http:\/\/kemperkontakt.com\/wp-content\/uploads\/2024\/07\/Winkelschleifer-150x150.png\" alt=\"\" width=\"100\" height=\"100\" srcset=\"https:\/\/kemperkontakt.de\/wp-content\/uploads\/2024\/07\/Winkelschleifer-66x66.png 66w, https:\/\/kemperkontakt.de\/wp-content\/uploads\/2024\/07\/Winkelschleifer-150x150.png 150w, https:\/\/kemperkontakt.de\/wp-content\/uploads\/2024\/07\/Winkelschleifer-200x200.png 200w, https:\/\/kemperkontakt.de\/wp-content\/uploads\/2024\/07\/Winkelschleifer-300x300.png 300w, https:\/\/kemperkontakt.de\/wp-content\/uploads\/2024\/07\/Winkelschleifer-400x400.png 400w, https:\/\/kemperkontakt.de\/wp-content\/uploads\/2024\/07\/Winkelschleifer-500x500.png 500w, https:\/\/kemperkontakt.de\/wp-content\/uploads\/2024\/07\/Winkelschleifer-600x600.png 600w, https:\/\/kemperkontakt.de\/wp-content\/uploads\/2024\/07\/Winkelschleifer-768x768.png 768w, https:\/\/kemperkontakt.de\/wp-content\/uploads\/2024\/07\/Winkelschleifer.png 800w\" sizes=\"(max-width: 100px) 100vw, 100px\" \/><\/a><a href=\"\/pl\/produkt-schlagwort\/szlifierka-katowa-z-regulacja-predkosci\/\"><img decoding=\"async\" class=\"alignnone wp-image-916\" src=\"http:\/\/kemperkontakt.com\/wp-content\/uploads\/2024\/07\/Winkelschleifer-Drehzahlgesteuert-150x150.png\" alt=\"\" width=\"100\" height=\"100\" srcset=\"https:\/\/kemperkontakt.de\/wp-content\/uploads\/2024\/07\/Winkelschleifer-Drehzahlgesteuert-66x66.png 66w, https:\/\/kemperkontakt.de\/wp-content\/uploads\/2024\/07\/Winkelschleifer-Drehzahlgesteuert-150x150.png 150w, https:\/\/kemperkontakt.de\/wp-content\/uploads\/2024\/07\/Winkelschleifer-Drehzahlgesteuert-200x200.png 200w, https:\/\/kemperkontakt.de\/wp-content\/uploads\/2024\/07\/Winkelschleifer-Drehzahlgesteuert-300x300.png 300w, https:\/\/kemperkontakt.de\/wp-content\/uploads\/2024\/07\/Winkelschleifer-Drehzahlgesteuert-400x400.png 400w, https:\/\/kemperkontakt.de\/wp-content\/uploads\/2024\/07\/Winkelschleifer-Drehzahlgesteuert-500x500.png 500w, https:\/\/kemperkontakt.de\/wp-content\/uploads\/2024\/07\/Winkelschleifer-Drehzahlgesteuert-600x600.png 600w, https:\/\/kemperkontakt.de\/wp-content\/uploads\/2024\/07\/Winkelschleifer-Drehzahlgesteuert-768x768.png 768w, https:\/\/kemperkontakt.de\/wp-content\/uploads\/2024\/07\/Winkelschleifer-Drehzahlgesteuert.png 800w\" sizes=\"(max-width: 100px) 100vw, 100px\" \/><\/a><\/p>\n<p class=\"bodytext\"><strong>Karta charakterystyki produktu:<br \/>\n<\/strong>[download id=\"5323\" template=\"Expanding tool M14 made of Vu foam\"]<\/p>\n","protected":false},"featured_media":5895,"template":"","meta":[],"product_brand":[],"product_cat":[759],"product_tag":[769,739,559,750,600,601],"class_list":{"0":"post-5894","1":"product","2":"type-product","3":"status-publish","4":"has-post-thumbnail","6":"product_cat-samorozprezny-nosnik-materialu-sciernego-do-tulei-pasa-sciernego","7":"product_tag-narzedzie-rozszerzajace","8":"product_tag-nosnik-tulei-sciernej","9":"product_tag-radix-pl","10":"product_tag-rolka-rozszerzajaca","11":"product_tag-szlifierka-katowa","12":"product_tag-szlifierka-katowa-z-regulacja-predkosci","14":"first","15":"instock","16":"featured","17":"shipping-taxable","18":"product-type-simple"},"yoast_head":"<!-- This site is optimized with the Yoast SEO plugin v27.3 - https:\/\/yoast.com\/product\/yoast-seo-wordpress\/ -->\n<title>Narz\u0119dzie rozszerzaj\u0105ce M14 wykonane z pianki Vu - Kemper-Kontakt<\/title>\n<meta name=\"robots\" content=\"index, follow, max-snippet:-1, max-image-preview:large, max-video-preview:-1\" \/>\n<link rel=\"canonical\" href=\"https:\/\/kemperkontakt.de\/pl\/produkt\/narzedzie-rozszerzajace-m14-wykonane-z-pianki-vu\/\" \/>\n<meta property=\"og:locale\" content=\"pl_PL\" \/>\n<meta property=\"og:type\" content=\"article\" \/>\n<meta property=\"og:title\" content=\"Narz\u0119dzie rozszerzaj\u0105ce M14 wykonane z pianki Vu - Kemper-Kontakt\" \/>\n<meta property=\"og:description\" content=\"Radix\u00ae VSDN\/16 M14 Wa\u0142ek rozpr\u0119\u017cny ze specjalnie rowkowan\u0105, wyj\u0105tkowo elastyczn\u0105 piankow\u0105 wk\u0142adk\u0105, 43\u00b0 Shore A, z gwintem M14. UWAGA: U\u017cywa\u0107 tylko z ta\u015bm\u0105 szlifiersk\u0105! Do u\u017cytku z jakim urz\u0105dzeniem:  Karta charakterystyki produktu:\" \/>\n<meta property=\"og:url\" content=\"https:\/\/kemperkontakt.de\/pl\/produkt\/narzedzie-rozszerzajace-m14-wykonane-z-pianki-vu\/\" \/>\n<meta property=\"og:site_name\" content=\"Kemper-Kontakt\" \/>\n<meta property=\"article:modified_time\" content=\"2025-03-15T20:07:08+00:00\" \/>\n<meta property=\"og:image\" content=\"https:\/\/kemperkontakt.de\/wp-content\/uploads\/2024\/06\/RADIX-VSDN-16_M14_1000x1000.jpg\" \/>\n\t<meta property=\"og:image:width\" content=\"1000\" \/>\n\t<meta property=\"og:image:height\" content=\"1000\" \/>\n\t<meta property=\"og:image:type\" content=\"image\/jpeg\" \/>\n<meta name=\"twitter:card\" content=\"summary_large_image\" \/>\n<meta name=\"twitter:label1\" content=\"Szacowany czas czytania\" \/>\n\t<meta name=\"twitter:data1\" content=\"1 minuta\" \/>\n<script type=\"application\/ld+json\" class=\"yoast-schema-graph\">{\"@context\":\"https:\\\/\\\/schema.org\",\"@graph\":[{\"@type\":\"WebPage\",\"@id\":\"https:\\\/\\\/kemperkontakt.de\\\/pl\\\/produkt\\\/narzedzie-rozszerzajace-m14-wykonane-z-pianki-vu\\\/\",\"url\":\"https:\\\/\\\/kemperkontakt.de\\\/pl\\\/produkt\\\/narzedzie-rozszerzajace-m14-wykonane-z-pianki-vu\\\/\",\"name\":\"Narz\u0119dzie rozszerzaj\u0105ce M14 wykonane z pianki Vu - Kemper-Kontakt\",\"isPartOf\":{\"@id\":\"https:\\\/\\\/kemperkontakt.de\\\/pl\\\/#website\"},\"primaryImageOfPage\":{\"@id\":\"https:\\\/\\\/kemperkontakt.de\\\/pl\\\/produkt\\\/narzedzie-rozszerzajace-m14-wykonane-z-pianki-vu\\\/#primaryimage\"},\"image\":{\"@id\":\"https:\\\/\\\/kemperkontakt.de\\\/pl\\\/produkt\\\/narzedzie-rozszerzajace-m14-wykonane-z-pianki-vu\\\/#primaryimage\"},\"thumbnailUrl\":\"https:\\\/\\\/kemperkontakt.de\\\/wp-content\\\/uploads\\\/2024\\\/06\\\/RADIX-VSDN-16_M14_1000x1000.jpg\",\"datePublished\":\"2024-06-11T11:58:05+00:00\",\"dateModified\":\"2025-03-15T20:07:08+00:00\",\"breadcrumb\":{\"@id\":\"https:\\\/\\\/kemperkontakt.de\\\/pl\\\/produkt\\\/narzedzie-rozszerzajace-m14-wykonane-z-pianki-vu\\\/#breadcrumb\"},\"inLanguage\":\"pl-PL\",\"potentialAction\":[{\"@type\":\"ReadAction\",\"target\":[\"https:\\\/\\\/kemperkontakt.de\\\/pl\\\/produkt\\\/narzedzie-rozszerzajace-m14-wykonane-z-pianki-vu\\\/\"]}]},{\"@type\":\"ImageObject\",\"inLanguage\":\"pl-PL\",\"@id\":\"https:\\\/\\\/kemperkontakt.de\\\/pl\\\/produkt\\\/narzedzie-rozszerzajace-m14-wykonane-z-pianki-vu\\\/#primaryimage\",\"url\":\"https:\\\/\\\/kemperkontakt.de\\\/wp-content\\\/uploads\\\/2024\\\/06\\\/RADIX-VSDN-16_M14_1000x1000.jpg\",\"contentUrl\":\"https:\\\/\\\/kemperkontakt.de\\\/wp-content\\\/uploads\\\/2024\\\/06\\\/RADIX-VSDN-16_M14_1000x1000.jpg\",\"width\":1000,\"height\":1000},{\"@type\":\"BreadcrumbList\",\"@id\":\"https:\\\/\\\/kemperkontakt.de\\\/pl\\\/produkt\\\/narzedzie-rozszerzajace-m14-wykonane-z-pianki-vu\\\/#breadcrumb\",\"itemListElement\":[{\"@type\":\"ListItem\",\"position\":1,\"name\":\"Startseite\",\"item\":\"https:\\\/\\\/kemperkontakt.de\\\/pl\\\/\"},{\"@type\":\"ListItem\",\"position\":2,\"name\":\"Kategorie\",\"item\":\"https:\\\/\\\/kemperkontakt.de\\\/kategorie\\\/\"},{\"@type\":\"ListItem\",\"position\":3,\"name\":\"Narz\u0119dzie rozszerzaj\u0105ce M14 wykonane z pianki Vu\"}]},{\"@type\":\"WebSite\",\"@id\":\"https:\\\/\\\/kemperkontakt.de\\\/pl\\\/#website\",\"url\":\"https:\\\/\\\/kemperkontakt.de\\\/pl\\\/\",\"name\":\"Kemper-Kontakt\",\"description\":\"\",\"potentialAction\":[{\"@type\":\"SearchAction\",\"target\":{\"@type\":\"EntryPoint\",\"urlTemplate\":\"https:\\\/\\\/kemperkontakt.de\\\/pl\\\/?s={search_term_string}\"},\"query-input\":{\"@type\":\"PropertyValueSpecification\",\"valueRequired\":true,\"valueName\":\"search_term_string\"}}],\"inLanguage\":\"pl-PL\"}]}<\/script>\n<!-- \/ Yoast SEO plugin. -->","yoast_head_json":{"title":"Narz\u0119dzie rozszerzaj\u0105ce M14 wykonane z pianki Vu - Kemper-Kontakt","robots":{"index":"index","follow":"follow","max-snippet":"max-snippet:-1","max-image-preview":"max-image-preview:large","max-video-preview":"max-video-preview:-1"},"canonical":"https:\/\/kemperkontakt.de\/pl\/produkt\/narzedzie-rozszerzajace-m14-wykonane-z-pianki-vu\/","og_locale":"pl_PL","og_type":"article","og_title":"Narz\u0119dzie rozszerzaj\u0105ce M14 wykonane z pianki Vu - Kemper-Kontakt","og_description":"Radix\u00ae VSDN\/16 M14 Wa\u0142ek rozpr\u0119\u017cny ze specjalnie rowkowan\u0105, wyj\u0105tkowo elastyczn\u0105 piankow\u0105 wk\u0142adk\u0105, 43\u00b0 Shore A, z gwintem M14. UWAGA: U\u017cywa\u0107 tylko z ta\u015bm\u0105 szlifiersk\u0105! Do u\u017cytku z jakim urz\u0105dzeniem:  Karta charakterystyki produktu:","og_url":"https:\/\/kemperkontakt.de\/pl\/produkt\/narzedzie-rozszerzajace-m14-wykonane-z-pianki-vu\/","og_site_name":"Kemper-Kontakt","article_modified_time":"2025-03-15T20:07:08+00:00","og_image":[{"width":1000,"height":1000,"url":"https:\/\/kemperkontakt.de\/wp-content\/uploads\/2024\/06\/RADIX-VSDN-16_M14_1000x1000.jpg","type":"image\/jpeg"}],"twitter_card":"summary_large_image","twitter_misc":{"Szacowany czas czytania":"1 minuta"},"schema":{"@context":"https:\/\/schema.org","@graph":[{"@type":"WebPage","@id":"https:\/\/kemperkontakt.de\/pl\/produkt\/narzedzie-rozszerzajace-m14-wykonane-z-pianki-vu\/","url":"https:\/\/kemperkontakt.de\/pl\/produkt\/narzedzie-rozszerzajace-m14-wykonane-z-pianki-vu\/","name":"Narz\u0119dzie rozszerzaj\u0105ce M14 wykonane z pianki Vu - Kemper-Kontakt","isPartOf":{"@id":"https:\/\/kemperkontakt.de\/pl\/#website"},"primaryImageOfPage":{"@id":"https:\/\/kemperkontakt.de\/pl\/produkt\/narzedzie-rozszerzajace-m14-wykonane-z-pianki-vu\/#primaryimage"},"image":{"@id":"https:\/\/kemperkontakt.de\/pl\/produkt\/narzedzie-rozszerzajace-m14-wykonane-z-pianki-vu\/#primaryimage"},"thumbnailUrl":"https:\/\/kemperkontakt.de\/wp-content\/uploads\/2024\/06\/RADIX-VSDN-16_M14_1000x1000.jpg","datePublished":"2024-06-11T11:58:05+00:00","dateModified":"2025-03-15T20:07:08+00:00","breadcrumb":{"@id":"https:\/\/kemperkontakt.de\/pl\/produkt\/narzedzie-rozszerzajace-m14-wykonane-z-pianki-vu\/#breadcrumb"},"inLanguage":"pl-PL","potentialAction":[{"@type":"ReadAction","target":["https:\/\/kemperkontakt.de\/pl\/produkt\/narzedzie-rozszerzajace-m14-wykonane-z-pianki-vu\/"]}]},{"@type":"ImageObject","inLanguage":"pl-PL","@id":"https:\/\/kemperkontakt.de\/pl\/produkt\/narzedzie-rozszerzajace-m14-wykonane-z-pianki-vu\/#primaryimage","url":"https:\/\/kemperkontakt.de\/wp-content\/uploads\/2024\/06\/RADIX-VSDN-16_M14_1000x1000.jpg","contentUrl":"https:\/\/kemperkontakt.de\/wp-content\/uploads\/2024\/06\/RADIX-VSDN-16_M14_1000x1000.jpg","width":1000,"height":1000},{"@type":"BreadcrumbList","@id":"https:\/\/kemperkontakt.de\/pl\/produkt\/narzedzie-rozszerzajace-m14-wykonane-z-pianki-vu\/#breadcrumb","itemListElement":[{"@type":"ListItem","position":1,"name":"Startseite","item":"https:\/\/kemperkontakt.de\/pl\/"},{"@type":"ListItem","position":2,"name":"Kategorie","item":"https:\/\/kemperkontakt.de\/kategorie\/"},{"@type":"ListItem","position":3,"name":"Narz\u0119dzie rozszerzaj\u0105ce M14 wykonane z pianki Vu"}]},{"@type":"WebSite","@id":"https:\/\/kemperkontakt.de\/pl\/#website","url":"https:\/\/kemperkontakt.de\/pl\/","name":"Kemper-Kontakt","description":"","potentialAction":[{"@type":"SearchAction","target":{"@type":"EntryPoint","urlTemplate":"https:\/\/kemperkontakt.de\/pl\/?s={search_term_string}"},"query-input":{"@type":"PropertyValueSpecification","valueRequired":true,"valueName":"search_term_string"}}],"inLanguage":"pl-PL"}]}},"_links":{"self":[{"href":"https:\/\/kemperkontakt.de\/pl\/wp-json\/wp\/v2\/product\/5894","targetHints":{"allow":["GET"]}}],"collection":[{"href":"https:\/\/kemperkontakt.de\/pl\/wp-json\/wp\/v2\/product"}],"about":[{"href":"https:\/\/kemperkontakt.de\/pl\/wp-json\/wp\/v2\/types\/product"}],"wp:featuredmedia":[{"embeddable":true,"href":"https:\/\/kemperkontakt.de\/pl\/wp-json\/wp\/v2\/media\/5895"}],"wp:attachment":[{"href":"https:\/\/kemperkontakt.de\/pl\/wp-json\/wp\/v2\/media?parent=5894"}],"wp:term":[{"taxonomy":"product_brand","embeddable":true,"href":"https:\/\/kemperkontakt.de\/pl\/wp-json\/wp\/v2\/product_brand?post=5894"},{"taxonomy":"product_cat","embeddable":true,"href":"https:\/\/kemperkontakt.de\/pl\/wp-json\/wp\/v2\/product_cat?post=5894"},{"taxonomy":"product_tag","embeddable":true,"href":"https:\/\/kemperkontakt.de\/pl\/wp-json\/wp\/v2\/product_tag?post=5894"}],"curies":[{"name":"wp","href":"https:\/\/api.w.org\/{rel}","templated":true}]}}