{"id":5563,"date":"2024-06-21T18:25:38","date_gmt":"2024-06-21T16:25:38","guid":{"rendered":"https:\/\/kemperkontakt.de\/produkt\/schleifbold-lsb\/"},"modified":"2025-03-15T20:06:10","modified_gmt":"2025-03-15T19:06:10","slug":"schleifbold-lsb","status":"publish","type":"product","link":"https:\/\/kemperkontakt.de\/pl\/produkt\/schleifbold-lsb\/","title":{"rendered":"Schleifbold\u00ae LSB"},"content":{"rendered":"","protected":false},"excerpt":{"rendered":"<p class=\"bodytext\">Szczotka szlifierska listkowa Schleifbold\u00ae LSB umo\u017cliwia elastyczne szlifowanie drewna lub metalu. Szczelinowe p\u0142aty p\u0142\u00f3tna \u015bciernego i p\u0142aty szczotki z w\u0142\u00f3kna s\u0105 u\u0142o\u017cone naprzemiennie. W rezultacie ka\u017cdy pasek p\u0142\u00f3tna \u015bciernego (o szeroko\u015bci ok. 4 mm) jest elastycznie podtrzymywany przez klapk\u0119 szczotki z w\u0142\u00f3kna podczas procesu szlifowania, a tym samym dostosowuje si\u0119 do profili o r\u00f3\u017cnych grubo\u015bciach.<\/p>\n<p class=\"bodytext\">Szczotka \u015bcierna, jak opisano powy\u017cej, do obr\u00f3bki powierzchni drewnianych lub metalowych powierzchni lub profili, sk\u0142adaj\u0105ca si\u0119 z metalowego korpusu, uchwyt\u00f3w szczotki, szczotki i p\u0142at\u00f3w p\u0142\u00f3tna \u015bciernego (&#8222;\u0142adunki&#8221;).<\/p>\n<p class=\"bodytext\">Ceny dla Schleifbold\u00ae LSB bez obci\u0105\u017ce\u0144 klapami \u015bciernymi. Cz\u0119\u015bci zamienne i akcesoria na zam\u00f3wienie.<\/p>\n<p>&nbsp;<\/p>\n<p class=\"bodytext\"><strong>Karta charakterystyki produktu:<br \/>\n<\/strong>[download id=\"4658\" template=\"Schleifbold LSB\"]<\/p>\n","protected":false},"featured_media":6962,"template":"","meta":[],"product_brand":[],"product_cat":[644],"product_tag":[649,648],"class_list":{"0":"post-5563","1":"product","2":"type-product","3":"status-publish","4":"has-post-thumbnail","6":"product_cat-schleifbold-lsb-pl","7":"product_tag-dysk-engis","8":"product_tag-schleifbold-lsb-pl","10":"first","11":"instock","12":"shipping-taxable","13":"product-type-simple"},"yoast_head":"<!-- This site is optimized with the Yoast SEO plugin v27.3 - https:\/\/yoast.com\/product\/yoast-seo-wordpress\/ -->\n<title>Schleifbold\u00ae LSB - Kemper-Kontakt<\/title>\n<meta name=\"robots\" content=\"index, follow, max-snippet:-1, max-image-preview:large, max-video-preview:-1\" \/>\n<link rel=\"canonical\" href=\"https:\/\/kemperkontakt.de\/pl\/produkt\/schleifbold-lsb\/\" \/>\n<meta property=\"og:locale\" content=\"pl_PL\" \/>\n<meta property=\"og:type\" content=\"article\" \/>\n<meta property=\"og:title\" content=\"Schleifbold\u00ae LSB - Kemper-Kontakt\" \/>\n<meta property=\"og:description\" content=\"Szczotka szlifierska listkowa Schleifbold\u00ae LSB umo\u017cliwia elastyczne szlifowanie drewna lub metalu. Szczelinowe p\u0142aty p\u0142\u00f3tna \u015bciernego i p\u0142aty szczotki z w\u0142\u00f3kna s\u0105 u\u0142o\u017cone naprzemiennie. W rezultacie ka\u017cdy pasek p\u0142\u00f3tna \u015bciernego (o szeroko\u015bci ok. 4 mm) jest elastycznie podtrzymywany przez klapk\u0119 szczotki z w\u0142\u00f3kna podczas procesu szlifowania, a tym samym dostosowuje si\u0119 do profili o r\u00f3\u017cnych grubo\u015bciach. Szczotka \u015bcierna, jak opisano powy\u017cej, do obr\u00f3bki powierzchni drewnianych lub metalowych powierzchni lub profili, sk\u0142adaj\u0105ca si\u0119 z metalowego korpusu, uchwyt\u00f3w szczotki, szczotki i p\u0142at\u00f3w p\u0142\u00f3tna \u015bciernego (&quot;\u0142adunki&quot;). Ceny dla Schleifbold\u00ae LSB bez obci\u0105\u017ce\u0144 klapami \u015bciernymi. Cz\u0119\u015bci zamienne i akcesoria na zam\u00f3wienie. &nbsp; Karta charakterystyki produktu:\" \/>\n<meta property=\"og:url\" content=\"https:\/\/kemperkontakt.de\/pl\/produkt\/schleifbold-lsb\/\" \/>\n<meta property=\"og:site_name\" content=\"Kemper-Kontakt\" \/>\n<meta property=\"article:modified_time\" content=\"2025-03-15T19:06:10+00:00\" \/>\n<meta property=\"og:image\" content=\"https:\/\/kemperkontakt.de\/wp-content\/uploads\/2024\/09\/Schleifbold-LSB8_1000x1000.jpg\" \/>\n\t<meta property=\"og:image:width\" content=\"1000\" \/>\n\t<meta property=\"og:image:height\" content=\"1000\" \/>\n\t<meta property=\"og:image:type\" content=\"image\/jpeg\" \/>\n<meta name=\"twitter:card\" content=\"summary_large_image\" \/>\n<script type=\"application\/ld+json\" class=\"yoast-schema-graph\">{\"@context\":\"https:\\\/\\\/schema.org\",\"@graph\":[{\"@type\":\"WebPage\",\"@id\":\"https:\\\/\\\/kemperkontakt.de\\\/pl\\\/produkt\\\/schleifbold-lsb\\\/\",\"url\":\"https:\\\/\\\/kemperkontakt.de\\\/pl\\\/produkt\\\/schleifbold-lsb\\\/\",\"name\":\"Schleifbold\u00ae LSB - Kemper-Kontakt\",\"isPartOf\":{\"@id\":\"https:\\\/\\\/kemperkontakt.de\\\/pl\\\/#website\"},\"primaryImageOfPage\":{\"@id\":\"https:\\\/\\\/kemperkontakt.de\\\/pl\\\/produkt\\\/schleifbold-lsb\\\/#primaryimage\"},\"image\":{\"@id\":\"https:\\\/\\\/kemperkontakt.de\\\/pl\\\/produkt\\\/schleifbold-lsb\\\/#primaryimage\"},\"thumbnailUrl\":\"https:\\\/\\\/kemperkontakt.de\\\/wp-content\\\/uploads\\\/2024\\\/09\\\/Schleifbold-LSB8_1000x1000.jpg\",\"datePublished\":\"2024-06-21T16:25:38+00:00\",\"dateModified\":\"2025-03-15T19:06:10+00:00\",\"breadcrumb\":{\"@id\":\"https:\\\/\\\/kemperkontakt.de\\\/pl\\\/produkt\\\/schleifbold-lsb\\\/#breadcrumb\"},\"inLanguage\":\"pl-PL\",\"potentialAction\":[{\"@type\":\"ReadAction\",\"target\":[\"https:\\\/\\\/kemperkontakt.de\\\/pl\\\/produkt\\\/schleifbold-lsb\\\/\"]}]},{\"@type\":\"ImageObject\",\"inLanguage\":\"pl-PL\",\"@id\":\"https:\\\/\\\/kemperkontakt.de\\\/pl\\\/produkt\\\/schleifbold-lsb\\\/#primaryimage\",\"url\":\"https:\\\/\\\/kemperkontakt.de\\\/wp-content\\\/uploads\\\/2024\\\/09\\\/Schleifbold-LSB8_1000x1000.jpg\",\"contentUrl\":\"https:\\\/\\\/kemperkontakt.de\\\/wp-content\\\/uploads\\\/2024\\\/09\\\/Schleifbold-LSB8_1000x1000.jpg\",\"width\":1000,\"height\":1000},{\"@type\":\"BreadcrumbList\",\"@id\":\"https:\\\/\\\/kemperkontakt.de\\\/pl\\\/produkt\\\/schleifbold-lsb\\\/#breadcrumb\",\"itemListElement\":[{\"@type\":\"ListItem\",\"position\":1,\"name\":\"Startseite\",\"item\":\"https:\\\/\\\/kemperkontakt.de\\\/pl\\\/\"},{\"@type\":\"ListItem\",\"position\":2,\"name\":\"Kategorie\",\"item\":\"https:\\\/\\\/kemperkontakt.de\\\/kategorie\\\/\"},{\"@type\":\"ListItem\",\"position\":3,\"name\":\"Schleifbold\u00ae LSB\"}]},{\"@type\":\"WebSite\",\"@id\":\"https:\\\/\\\/kemperkontakt.de\\\/pl\\\/#website\",\"url\":\"https:\\\/\\\/kemperkontakt.de\\\/pl\\\/\",\"name\":\"Kemper-Kontakt\",\"description\":\"\",\"potentialAction\":[{\"@type\":\"SearchAction\",\"target\":{\"@type\":\"EntryPoint\",\"urlTemplate\":\"https:\\\/\\\/kemperkontakt.de\\\/pl\\\/?s={search_term_string}\"},\"query-input\":{\"@type\":\"PropertyValueSpecification\",\"valueRequired\":true,\"valueName\":\"search_term_string\"}}],\"inLanguage\":\"pl-PL\"}]}<\/script>\n<!-- \/ Yoast SEO plugin. -->","yoast_head_json":{"title":"Schleifbold\u00ae LSB - Kemper-Kontakt","robots":{"index":"index","follow":"follow","max-snippet":"max-snippet:-1","max-image-preview":"max-image-preview:large","max-video-preview":"max-video-preview:-1"},"canonical":"https:\/\/kemperkontakt.de\/pl\/produkt\/schleifbold-lsb\/","og_locale":"pl_PL","og_type":"article","og_title":"Schleifbold\u00ae LSB - Kemper-Kontakt","og_description":"Szczotka szlifierska listkowa Schleifbold\u00ae LSB umo\u017cliwia elastyczne szlifowanie drewna lub metalu. Szczelinowe p\u0142aty p\u0142\u00f3tna \u015bciernego i p\u0142aty szczotki z w\u0142\u00f3kna s\u0105 u\u0142o\u017cone naprzemiennie. W rezultacie ka\u017cdy pasek p\u0142\u00f3tna \u015bciernego (o szeroko\u015bci ok. 4 mm) jest elastycznie podtrzymywany przez klapk\u0119 szczotki z w\u0142\u00f3kna podczas procesu szlifowania, a tym samym dostosowuje si\u0119 do profili o r\u00f3\u017cnych grubo\u015bciach. Szczotka \u015bcierna, jak opisano powy\u017cej, do obr\u00f3bki powierzchni drewnianych lub metalowych powierzchni lub profili, sk\u0142adaj\u0105ca si\u0119 z metalowego korpusu, uchwyt\u00f3w szczotki, szczotki i p\u0142at\u00f3w p\u0142\u00f3tna \u015bciernego (\"\u0142adunki\"). Ceny dla Schleifbold\u00ae LSB bez obci\u0105\u017ce\u0144 klapami \u015bciernymi. Cz\u0119\u015bci zamienne i akcesoria na zam\u00f3wienie. &nbsp; Karta charakterystyki produktu:","og_url":"https:\/\/kemperkontakt.de\/pl\/produkt\/schleifbold-lsb\/","og_site_name":"Kemper-Kontakt","article_modified_time":"2025-03-15T19:06:10+00:00","og_image":[{"width":1000,"height":1000,"url":"https:\/\/kemperkontakt.de\/wp-content\/uploads\/2024\/09\/Schleifbold-LSB8_1000x1000.jpg","type":"image\/jpeg"}],"twitter_card":"summary_large_image","schema":{"@context":"https:\/\/schema.org","@graph":[{"@type":"WebPage","@id":"https:\/\/kemperkontakt.de\/pl\/produkt\/schleifbold-lsb\/","url":"https:\/\/kemperkontakt.de\/pl\/produkt\/schleifbold-lsb\/","name":"Schleifbold\u00ae LSB - Kemper-Kontakt","isPartOf":{"@id":"https:\/\/kemperkontakt.de\/pl\/#website"},"primaryImageOfPage":{"@id":"https:\/\/kemperkontakt.de\/pl\/produkt\/schleifbold-lsb\/#primaryimage"},"image":{"@id":"https:\/\/kemperkontakt.de\/pl\/produkt\/schleifbold-lsb\/#primaryimage"},"thumbnailUrl":"https:\/\/kemperkontakt.de\/wp-content\/uploads\/2024\/09\/Schleifbold-LSB8_1000x1000.jpg","datePublished":"2024-06-21T16:25:38+00:00","dateModified":"2025-03-15T19:06:10+00:00","breadcrumb":{"@id":"https:\/\/kemperkontakt.de\/pl\/produkt\/schleifbold-lsb\/#breadcrumb"},"inLanguage":"pl-PL","potentialAction":[{"@type":"ReadAction","target":["https:\/\/kemperkontakt.de\/pl\/produkt\/schleifbold-lsb\/"]}]},{"@type":"ImageObject","inLanguage":"pl-PL","@id":"https:\/\/kemperkontakt.de\/pl\/produkt\/schleifbold-lsb\/#primaryimage","url":"https:\/\/kemperkontakt.de\/wp-content\/uploads\/2024\/09\/Schleifbold-LSB8_1000x1000.jpg","contentUrl":"https:\/\/kemperkontakt.de\/wp-content\/uploads\/2024\/09\/Schleifbold-LSB8_1000x1000.jpg","width":1000,"height":1000},{"@type":"BreadcrumbList","@id":"https:\/\/kemperkontakt.de\/pl\/produkt\/schleifbold-lsb\/#breadcrumb","itemListElement":[{"@type":"ListItem","position":1,"name":"Startseite","item":"https:\/\/kemperkontakt.de\/pl\/"},{"@type":"ListItem","position":2,"name":"Kategorie","item":"https:\/\/kemperkontakt.de\/kategorie\/"},{"@type":"ListItem","position":3,"name":"Schleifbold\u00ae LSB"}]},{"@type":"WebSite","@id":"https:\/\/kemperkontakt.de\/pl\/#website","url":"https:\/\/kemperkontakt.de\/pl\/","name":"Kemper-Kontakt","description":"","potentialAction":[{"@type":"SearchAction","target":{"@type":"EntryPoint","urlTemplate":"https:\/\/kemperkontakt.de\/pl\/?s={search_term_string}"},"query-input":{"@type":"PropertyValueSpecification","valueRequired":true,"valueName":"search_term_string"}}],"inLanguage":"pl-PL"}]}},"_links":{"self":[{"href":"https:\/\/kemperkontakt.de\/pl\/wp-json\/wp\/v2\/product\/5563","targetHints":{"allow":["GET"]}}],"collection":[{"href":"https:\/\/kemperkontakt.de\/pl\/wp-json\/wp\/v2\/product"}],"about":[{"href":"https:\/\/kemperkontakt.de\/pl\/wp-json\/wp\/v2\/types\/product"}],"wp:featuredmedia":[{"embeddable":true,"href":"https:\/\/kemperkontakt.de\/pl\/wp-json\/wp\/v2\/media\/6962"}],"wp:attachment":[{"href":"https:\/\/kemperkontakt.de\/pl\/wp-json\/wp\/v2\/media?parent=5563"}],"wp:term":[{"taxonomy":"product_brand","embeddable":true,"href":"https:\/\/kemperkontakt.de\/pl\/wp-json\/wp\/v2\/product_brand?post=5563"},{"taxonomy":"product_cat","embeddable":true,"href":"https:\/\/kemperkontakt.de\/pl\/wp-json\/wp\/v2\/product_cat?post=5563"},{"taxonomy":"product_tag","embeddable":true,"href":"https:\/\/kemperkontakt.de\/pl\/wp-json\/wp\/v2\/product_tag?post=5563"}],"curies":[{"name":"wp","href":"https:\/\/api.w.org\/{rel}","templated":true}]}}