{"id":5457,"date":"2024-06-21T18:35:06","date_gmt":"2024-06-21T16:35:06","guid":{"rendered":"https:\/\/kemperkontakt.de\/produkt\/satifix-r-2\/"},"modified":"2025-03-15T19:53:02","modified_gmt":"2025-03-15T18:53:02","slug":"satifix-r-2","status":"publish","type":"product","link":"https:\/\/kemperkontakt.de\/pl\/produkt\/satifix-r-2\/","title":{"rendered":"Satifix\u00ae R"},"content":{"rendered":"","protected":false},"excerpt":{"rendered":"<div class=\"row\">\n<div class=\"col-xs-12\">\n<p class=\"bodytext\">Satynowa tarcza wyko\u0144czeniowa z rdzeniem rurowym HP, do prawie wszystkich materia\u0142\u00f3w, ale szczeg\u00f3lnie nadaje si\u0119 do uzyskiwania delikatnych, matowych powierzchni na stali nierdzewnej. W\u0142\u00f3knina o jako\u015bci od A 80 (gruba) do S 800, monta\u017c z ko\u0142nierzami bocznymi.<\/p>\n<p class=\"bodytext\">Wymiary jak dla <strong><a href=\"https:\/\/kemperkontakt.de\/pl\/produkt\/satifix-k\/\" target=\"_blank\" rel=\"noopener\">Satifix\u00ae K<\/a><\/strong><\/p>\n<p>&nbsp;<\/p>\n<p class=\"bodytext\">Ceny mo\u017cna znale\u017a\u0107 na stronie Satifix\u00ae K<\/p>\n<\/div>\n<\/div>\n<p class=\"bodytext\">Odpowiednie tarcze centruj\u0105ce mo\u017cna znale\u017a\u0107 w sekcji R\u00f3\u017cne.<\/p>\n<p class=\"bodytext\">Inne w\u0142a\u015bciwo\u015bci, wymiary i otwory na zam\u00f3wienie.<\/p>\n","protected":false},"featured_media":6937,"template":"","meta":[],"product_brand":[],"product_cat":[498],"product_tag":[539,500,621,630],"class_list":{"0":"post-5457","1":"product","2":"type-product","3":"status-publish","4":"has-post-thumbnail","6":"product_cat-narzedzia-do-satynowania","7":"product_tag-maszyny-stacjonarne","8":"product_tag-metal-ogolny","9":"product_tag-satynowe-wykonczenie","10":"product_tag-stal-nierdzewna","12":"first","13":"instock","14":"shipping-taxable","15":"product-type-simple"},"yoast_head":"<!-- This site is optimized with the Yoast SEO plugin v27.3 - https:\/\/yoast.com\/product\/yoast-seo-wordpress\/ -->\n<title>Satifix\u00ae R - Kemper-Kontakt<\/title>\n<meta name=\"robots\" content=\"index, follow, max-snippet:-1, max-image-preview:large, max-video-preview:-1\" \/>\n<link rel=\"canonical\" href=\"https:\/\/kemperkontakt.de\/pl\/produkt\/satifix-r-2\/\" \/>\n<meta property=\"og:locale\" content=\"pl_PL\" \/>\n<meta property=\"og:type\" content=\"article\" \/>\n<meta property=\"og:title\" content=\"Satifix\u00ae R - Kemper-Kontakt\" \/>\n<meta property=\"og:description\" content=\"Satynowa tarcza wyko\u0144czeniowa z rdzeniem rurowym HP, do prawie wszystkich materia\u0142\u00f3w, ale szczeg\u00f3lnie nadaje si\u0119 do uzyskiwania delikatnych, matowych powierzchni na stali nierdzewnej. W\u0142\u00f3knina o jako\u015bci od A 80 (gruba) do S 800, monta\u017c z ko\u0142nierzami bocznymi. Wymiary jak dla Satifix\u00ae K &nbsp; Ceny mo\u017cna znale\u017a\u0107 na stronie Satifix\u00ae K    Odpowiednie tarcze centruj\u0105ce mo\u017cna znale\u017a\u0107 w sekcji R\u00f3\u017cne. Inne w\u0142a\u015bciwo\u015bci, wymiary i otwory na zam\u00f3wienie.\" \/>\n<meta property=\"og:url\" content=\"https:\/\/kemperkontakt.de\/pl\/produkt\/satifix-r-2\/\" \/>\n<meta property=\"og:site_name\" content=\"Kemper-Kontakt\" \/>\n<meta property=\"article:modified_time\" content=\"2025-03-15T18:53:02+00:00\" \/>\n<meta property=\"og:image\" content=\"https:\/\/kemperkontakt.de\/wp-content\/uploads\/2024\/06\/Satifix-R_1000x1000.jpg\" \/>\n\t<meta property=\"og:image:width\" content=\"1000\" \/>\n\t<meta property=\"og:image:height\" content=\"1000\" \/>\n\t<meta property=\"og:image:type\" content=\"image\/jpeg\" \/>\n<meta name=\"twitter:card\" content=\"summary_large_image\" \/>\n<script type=\"application\/ld+json\" class=\"yoast-schema-graph\">{\"@context\":\"https:\\\/\\\/schema.org\",\"@graph\":[{\"@type\":\"WebPage\",\"@id\":\"https:\\\/\\\/kemperkontakt.de\\\/pl\\\/produkt\\\/satifix-r-2\\\/\",\"url\":\"https:\\\/\\\/kemperkontakt.de\\\/pl\\\/produkt\\\/satifix-r-2\\\/\",\"name\":\"Satifix\u00ae R - Kemper-Kontakt\",\"isPartOf\":{\"@id\":\"https:\\\/\\\/kemperkontakt.de\\\/pl\\\/#website\"},\"primaryImageOfPage\":{\"@id\":\"https:\\\/\\\/kemperkontakt.de\\\/pl\\\/produkt\\\/satifix-r-2\\\/#primaryimage\"},\"image\":{\"@id\":\"https:\\\/\\\/kemperkontakt.de\\\/pl\\\/produkt\\\/satifix-r-2\\\/#primaryimage\"},\"thumbnailUrl\":\"https:\\\/\\\/kemperkontakt.de\\\/wp-content\\\/uploads\\\/2024\\\/06\\\/Satifix-R_1000x1000.jpg\",\"datePublished\":\"2024-06-21T16:35:06+00:00\",\"dateModified\":\"2025-03-15T18:53:02+00:00\",\"breadcrumb\":{\"@id\":\"https:\\\/\\\/kemperkontakt.de\\\/pl\\\/produkt\\\/satifix-r-2\\\/#breadcrumb\"},\"inLanguage\":\"pl-PL\",\"potentialAction\":[{\"@type\":\"ReadAction\",\"target\":[\"https:\\\/\\\/kemperkontakt.de\\\/pl\\\/produkt\\\/satifix-r-2\\\/\"]}]},{\"@type\":\"ImageObject\",\"inLanguage\":\"pl-PL\",\"@id\":\"https:\\\/\\\/kemperkontakt.de\\\/pl\\\/produkt\\\/satifix-r-2\\\/#primaryimage\",\"url\":\"https:\\\/\\\/kemperkontakt.de\\\/wp-content\\\/uploads\\\/2024\\\/06\\\/Satifix-R_1000x1000.jpg\",\"contentUrl\":\"https:\\\/\\\/kemperkontakt.de\\\/wp-content\\\/uploads\\\/2024\\\/06\\\/Satifix-R_1000x1000.jpg\",\"width\":1000,\"height\":1000},{\"@type\":\"BreadcrumbList\",\"@id\":\"https:\\\/\\\/kemperkontakt.de\\\/pl\\\/produkt\\\/satifix-r-2\\\/#breadcrumb\",\"itemListElement\":[{\"@type\":\"ListItem\",\"position\":1,\"name\":\"Startseite\",\"item\":\"https:\\\/\\\/kemperkontakt.de\\\/pl\\\/\"},{\"@type\":\"ListItem\",\"position\":2,\"name\":\"Kategorie\",\"item\":\"https:\\\/\\\/kemperkontakt.de\\\/kategorie\\\/\"},{\"@type\":\"ListItem\",\"position\":3,\"name\":\"Satifix\u00ae R\"}]},{\"@type\":\"WebSite\",\"@id\":\"https:\\\/\\\/kemperkontakt.de\\\/pl\\\/#website\",\"url\":\"https:\\\/\\\/kemperkontakt.de\\\/pl\\\/\",\"name\":\"Kemper-Kontakt\",\"description\":\"\",\"potentialAction\":[{\"@type\":\"SearchAction\",\"target\":{\"@type\":\"EntryPoint\",\"urlTemplate\":\"https:\\\/\\\/kemperkontakt.de\\\/pl\\\/?s={search_term_string}\"},\"query-input\":{\"@type\":\"PropertyValueSpecification\",\"valueRequired\":true,\"valueName\":\"search_term_string\"}}],\"inLanguage\":\"pl-PL\"}]}<\/script>\n<!-- \/ Yoast SEO plugin. -->","yoast_head_json":{"title":"Satifix\u00ae R - Kemper-Kontakt","robots":{"index":"index","follow":"follow","max-snippet":"max-snippet:-1","max-image-preview":"max-image-preview:large","max-video-preview":"max-video-preview:-1"},"canonical":"https:\/\/kemperkontakt.de\/pl\/produkt\/satifix-r-2\/","og_locale":"pl_PL","og_type":"article","og_title":"Satifix\u00ae R - Kemper-Kontakt","og_description":"Satynowa tarcza wyko\u0144czeniowa z rdzeniem rurowym HP, do prawie wszystkich materia\u0142\u00f3w, ale szczeg\u00f3lnie nadaje si\u0119 do uzyskiwania delikatnych, matowych powierzchni na stali nierdzewnej. W\u0142\u00f3knina o jako\u015bci od A 80 (gruba) do S 800, monta\u017c z ko\u0142nierzami bocznymi. Wymiary jak dla Satifix\u00ae K &nbsp; Ceny mo\u017cna znale\u017a\u0107 na stronie Satifix\u00ae K    Odpowiednie tarcze centruj\u0105ce mo\u017cna znale\u017a\u0107 w sekcji R\u00f3\u017cne. Inne w\u0142a\u015bciwo\u015bci, wymiary i otwory na zam\u00f3wienie.","og_url":"https:\/\/kemperkontakt.de\/pl\/produkt\/satifix-r-2\/","og_site_name":"Kemper-Kontakt","article_modified_time":"2025-03-15T18:53:02+00:00","og_image":[{"width":1000,"height":1000,"url":"https:\/\/kemperkontakt.de\/wp-content\/uploads\/2024\/06\/Satifix-R_1000x1000.jpg","type":"image\/jpeg"}],"twitter_card":"summary_large_image","schema":{"@context":"https:\/\/schema.org","@graph":[{"@type":"WebPage","@id":"https:\/\/kemperkontakt.de\/pl\/produkt\/satifix-r-2\/","url":"https:\/\/kemperkontakt.de\/pl\/produkt\/satifix-r-2\/","name":"Satifix\u00ae R - Kemper-Kontakt","isPartOf":{"@id":"https:\/\/kemperkontakt.de\/pl\/#website"},"primaryImageOfPage":{"@id":"https:\/\/kemperkontakt.de\/pl\/produkt\/satifix-r-2\/#primaryimage"},"image":{"@id":"https:\/\/kemperkontakt.de\/pl\/produkt\/satifix-r-2\/#primaryimage"},"thumbnailUrl":"https:\/\/kemperkontakt.de\/wp-content\/uploads\/2024\/06\/Satifix-R_1000x1000.jpg","datePublished":"2024-06-21T16:35:06+00:00","dateModified":"2025-03-15T18:53:02+00:00","breadcrumb":{"@id":"https:\/\/kemperkontakt.de\/pl\/produkt\/satifix-r-2\/#breadcrumb"},"inLanguage":"pl-PL","potentialAction":[{"@type":"ReadAction","target":["https:\/\/kemperkontakt.de\/pl\/produkt\/satifix-r-2\/"]}]},{"@type":"ImageObject","inLanguage":"pl-PL","@id":"https:\/\/kemperkontakt.de\/pl\/produkt\/satifix-r-2\/#primaryimage","url":"https:\/\/kemperkontakt.de\/wp-content\/uploads\/2024\/06\/Satifix-R_1000x1000.jpg","contentUrl":"https:\/\/kemperkontakt.de\/wp-content\/uploads\/2024\/06\/Satifix-R_1000x1000.jpg","width":1000,"height":1000},{"@type":"BreadcrumbList","@id":"https:\/\/kemperkontakt.de\/pl\/produkt\/satifix-r-2\/#breadcrumb","itemListElement":[{"@type":"ListItem","position":1,"name":"Startseite","item":"https:\/\/kemperkontakt.de\/pl\/"},{"@type":"ListItem","position":2,"name":"Kategorie","item":"https:\/\/kemperkontakt.de\/kategorie\/"},{"@type":"ListItem","position":3,"name":"Satifix\u00ae R"}]},{"@type":"WebSite","@id":"https:\/\/kemperkontakt.de\/pl\/#website","url":"https:\/\/kemperkontakt.de\/pl\/","name":"Kemper-Kontakt","description":"","potentialAction":[{"@type":"SearchAction","target":{"@type":"EntryPoint","urlTemplate":"https:\/\/kemperkontakt.de\/pl\/?s={search_term_string}"},"query-input":{"@type":"PropertyValueSpecification","valueRequired":true,"valueName":"search_term_string"}}],"inLanguage":"pl-PL"}]}},"_links":{"self":[{"href":"https:\/\/kemperkontakt.de\/pl\/wp-json\/wp\/v2\/product\/5457","targetHints":{"allow":["GET"]}}],"collection":[{"href":"https:\/\/kemperkontakt.de\/pl\/wp-json\/wp\/v2\/product"}],"about":[{"href":"https:\/\/kemperkontakt.de\/pl\/wp-json\/wp\/v2\/types\/product"}],"wp:featuredmedia":[{"embeddable":true,"href":"https:\/\/kemperkontakt.de\/pl\/wp-json\/wp\/v2\/media\/6937"}],"wp:attachment":[{"href":"https:\/\/kemperkontakt.de\/pl\/wp-json\/wp\/v2\/media?parent=5457"}],"wp:term":[{"taxonomy":"product_brand","embeddable":true,"href":"https:\/\/kemperkontakt.de\/pl\/wp-json\/wp\/v2\/product_brand?post=5457"},{"taxonomy":"product_cat","embeddable":true,"href":"https:\/\/kemperkontakt.de\/pl\/wp-json\/wp\/v2\/product_cat?post=5457"},{"taxonomy":"product_tag","embeddable":true,"href":"https:\/\/kemperkontakt.de\/pl\/wp-json\/wp\/v2\/product_tag?post=5457"}],"curies":[{"name":"wp","href":"https:\/\/api.w.org\/{rel}","templated":true}]}}