{"id":5291,"date":"2024-06-21T18:41:55","date_gmt":"2024-06-21T16:41:55","guid":{"rendered":"https:\/\/kemperkontakt.de\/produkt\/satynowane-obrecze\/"},"modified":"2025-03-15T19:40:48","modified_gmt":"2025-03-15T18:40:48","slug":"satynowane-obrecze","status":"publish","type":"product","link":"https:\/\/kemperkontakt.de\/pl\/produkt\/satynowane-obrecze\/","title":{"rendered":"Satynowane obr\u0119cze"},"content":{"rendered":"","protected":false},"excerpt":{"rendered":"<p class=\"bodytext\">Tarcze wykonane z w\u0142\u00f3kniny \u015bciernej, do stosowania z narz\u0119dziami do marmurkowania lub innymi narz\u0119dziami, w\u0142\u00f3knina jako\u015bci korundu aluminiowego lub w\u0119glika krzemu.<\/p>\n<p class=\"bodytext\">PU 100 szt.<\/p>\n<p>&nbsp;<\/p>\n<p class=\"bodytext\"><strong>Karta charakterystyki produktu:<br \/>\n<\/strong>[download id=\"4537\" template=\"Satin finish disc\"]<\/p>\n","protected":false},"featured_media":5292,"template":"","meta":[],"product_brand":[],"product_cat":[498],"product_tag":[621],"class_list":{"0":"post-5291","1":"product","2":"type-product","3":"status-publish","4":"has-post-thumbnail","6":"product_cat-narzedzia-do-satynowania","7":"product_tag-satynowe-wykonczenie","9":"first","10":"instock","11":"shipping-taxable","12":"product-type-simple"},"yoast_head":"<!-- This site is optimized with the Yoast SEO plugin v27.4 - https:\/\/yoast.com\/product\/yoast-seo-wordpress\/ -->\n<title>Satynowane obr\u0119cze - Kemper-Kontakt<\/title>\n<meta name=\"robots\" content=\"index, follow, max-snippet:-1, max-image-preview:large, max-video-preview:-1\" \/>\n<link rel=\"canonical\" href=\"https:\/\/kemperkontakt.de\/pl\/produkt\/satynowane-obrecze\/\" \/>\n<meta property=\"og:locale\" content=\"pl_PL\" \/>\n<meta property=\"og:type\" content=\"article\" \/>\n<meta property=\"og:title\" content=\"Satynowane obr\u0119cze - Kemper-Kontakt\" \/>\n<meta property=\"og:description\" content=\"Tarcze wykonane z w\u0142\u00f3kniny \u015bciernej, do stosowania z narz\u0119dziami do marmurkowania lub innymi narz\u0119dziami, w\u0142\u00f3knina jako\u015bci korundu aluminiowego lub w\u0119glika krzemu. PU 100 szt. &nbsp; Karta charakterystyki produktu:\" \/>\n<meta property=\"og:url\" content=\"https:\/\/kemperkontakt.de\/pl\/produkt\/satynowane-obrecze\/\" \/>\n<meta property=\"og:site_name\" content=\"Kemper-Kontakt\" \/>\n<meta property=\"article:modified_time\" content=\"2025-03-15T18:40:48+00:00\" \/>\n<meta property=\"og:image\" content=\"https:\/\/kemperkontakt.de\/wp-content\/uploads\/2024\/06\/Ronden_1000x1000.jpg\" \/>\n\t<meta property=\"og:image:width\" content=\"1000\" \/>\n\t<meta property=\"og:image:height\" content=\"1000\" \/>\n\t<meta property=\"og:image:type\" content=\"image\/jpeg\" \/>\n<meta name=\"twitter:card\" content=\"summary_large_image\" \/>\n<meta name=\"twitter:label1\" content=\"Szacowany czas czytania\" \/>\n\t<meta name=\"twitter:data1\" content=\"1 minuta\" \/>\n<script type=\"application\/ld+json\" class=\"yoast-schema-graph\">{\"@context\":\"https:\\\/\\\/schema.org\",\"@graph\":[{\"@type\":\"WebPage\",\"@id\":\"https:\\\/\\\/kemperkontakt.de\\\/pl\\\/produkt\\\/satynowane-obrecze\\\/\",\"url\":\"https:\\\/\\\/kemperkontakt.de\\\/pl\\\/produkt\\\/satynowane-obrecze\\\/\",\"name\":\"Satynowane obr\u0119cze - Kemper-Kontakt\",\"isPartOf\":{\"@id\":\"https:\\\/\\\/kemperkontakt.de\\\/pl\\\/#website\"},\"primaryImageOfPage\":{\"@id\":\"https:\\\/\\\/kemperkontakt.de\\\/pl\\\/produkt\\\/satynowane-obrecze\\\/#primaryimage\"},\"image\":{\"@id\":\"https:\\\/\\\/kemperkontakt.de\\\/pl\\\/produkt\\\/satynowane-obrecze\\\/#primaryimage\"},\"thumbnailUrl\":\"https:\\\/\\\/kemperkontakt.de\\\/wp-content\\\/uploads\\\/2024\\\/06\\\/Ronden_1000x1000.jpg\",\"datePublished\":\"2024-06-21T16:41:55+00:00\",\"dateModified\":\"2025-03-15T18:40:48+00:00\",\"breadcrumb\":{\"@id\":\"https:\\\/\\\/kemperkontakt.de\\\/pl\\\/produkt\\\/satynowane-obrecze\\\/#breadcrumb\"},\"inLanguage\":\"pl-PL\",\"potentialAction\":[{\"@type\":\"ReadAction\",\"target\":[\"https:\\\/\\\/kemperkontakt.de\\\/pl\\\/produkt\\\/satynowane-obrecze\\\/\"]}]},{\"@type\":\"ImageObject\",\"inLanguage\":\"pl-PL\",\"@id\":\"https:\\\/\\\/kemperkontakt.de\\\/pl\\\/produkt\\\/satynowane-obrecze\\\/#primaryimage\",\"url\":\"https:\\\/\\\/kemperkontakt.de\\\/wp-content\\\/uploads\\\/2024\\\/06\\\/Ronden_1000x1000.jpg\",\"contentUrl\":\"https:\\\/\\\/kemperkontakt.de\\\/wp-content\\\/uploads\\\/2024\\\/06\\\/Ronden_1000x1000.jpg\",\"width\":1000,\"height\":1000},{\"@type\":\"BreadcrumbList\",\"@id\":\"https:\\\/\\\/kemperkontakt.de\\\/pl\\\/produkt\\\/satynowane-obrecze\\\/#breadcrumb\",\"itemListElement\":[{\"@type\":\"ListItem\",\"position\":1,\"name\":\"Startseite\",\"item\":\"https:\\\/\\\/kemperkontakt.de\\\/pl\\\/\"},{\"@type\":\"ListItem\",\"position\":2,\"name\":\"Kategorie\",\"item\":\"https:\\\/\\\/kemperkontakt.de\\\/kategorie\\\/\"},{\"@type\":\"ListItem\",\"position\":3,\"name\":\"Satynowane obr\u0119cze\"}]},{\"@type\":\"WebSite\",\"@id\":\"https:\\\/\\\/kemperkontakt.de\\\/pl\\\/#website\",\"url\":\"https:\\\/\\\/kemperkontakt.de\\\/pl\\\/\",\"name\":\"Kemper-Kontakt\",\"description\":\"\",\"potentialAction\":[{\"@type\":\"SearchAction\",\"target\":{\"@type\":\"EntryPoint\",\"urlTemplate\":\"https:\\\/\\\/kemperkontakt.de\\\/pl\\\/?s={search_term_string}\"},\"query-input\":{\"@type\":\"PropertyValueSpecification\",\"valueRequired\":true,\"valueName\":\"search_term_string\"}}],\"inLanguage\":\"pl-PL\"}]}<\/script>\n<!-- \/ Yoast SEO plugin. -->","yoast_head_json":{"title":"Satynowane obr\u0119cze - Kemper-Kontakt","robots":{"index":"index","follow":"follow","max-snippet":"max-snippet:-1","max-image-preview":"max-image-preview:large","max-video-preview":"max-video-preview:-1"},"canonical":"https:\/\/kemperkontakt.de\/pl\/produkt\/satynowane-obrecze\/","og_locale":"pl_PL","og_type":"article","og_title":"Satynowane obr\u0119cze - Kemper-Kontakt","og_description":"Tarcze wykonane z w\u0142\u00f3kniny \u015bciernej, do stosowania z narz\u0119dziami do marmurkowania lub innymi narz\u0119dziami, w\u0142\u00f3knina jako\u015bci korundu aluminiowego lub w\u0119glika krzemu. PU 100 szt. &nbsp; Karta charakterystyki produktu:","og_url":"https:\/\/kemperkontakt.de\/pl\/produkt\/satynowane-obrecze\/","og_site_name":"Kemper-Kontakt","article_modified_time":"2025-03-15T18:40:48+00:00","og_image":[{"width":1000,"height":1000,"url":"https:\/\/kemperkontakt.de\/wp-content\/uploads\/2024\/06\/Ronden_1000x1000.jpg","type":"image\/jpeg"}],"twitter_card":"summary_large_image","twitter_misc":{"Szacowany czas czytania":"1 minuta"},"schema":{"@context":"https:\/\/schema.org","@graph":[{"@type":"WebPage","@id":"https:\/\/kemperkontakt.de\/pl\/produkt\/satynowane-obrecze\/","url":"https:\/\/kemperkontakt.de\/pl\/produkt\/satynowane-obrecze\/","name":"Satynowane obr\u0119cze - Kemper-Kontakt","isPartOf":{"@id":"https:\/\/kemperkontakt.de\/pl\/#website"},"primaryImageOfPage":{"@id":"https:\/\/kemperkontakt.de\/pl\/produkt\/satynowane-obrecze\/#primaryimage"},"image":{"@id":"https:\/\/kemperkontakt.de\/pl\/produkt\/satynowane-obrecze\/#primaryimage"},"thumbnailUrl":"https:\/\/kemperkontakt.de\/wp-content\/uploads\/2024\/06\/Ronden_1000x1000.jpg","datePublished":"2024-06-21T16:41:55+00:00","dateModified":"2025-03-15T18:40:48+00:00","breadcrumb":{"@id":"https:\/\/kemperkontakt.de\/pl\/produkt\/satynowane-obrecze\/#breadcrumb"},"inLanguage":"pl-PL","potentialAction":[{"@type":"ReadAction","target":["https:\/\/kemperkontakt.de\/pl\/produkt\/satynowane-obrecze\/"]}]},{"@type":"ImageObject","inLanguage":"pl-PL","@id":"https:\/\/kemperkontakt.de\/pl\/produkt\/satynowane-obrecze\/#primaryimage","url":"https:\/\/kemperkontakt.de\/wp-content\/uploads\/2024\/06\/Ronden_1000x1000.jpg","contentUrl":"https:\/\/kemperkontakt.de\/wp-content\/uploads\/2024\/06\/Ronden_1000x1000.jpg","width":1000,"height":1000},{"@type":"BreadcrumbList","@id":"https:\/\/kemperkontakt.de\/pl\/produkt\/satynowane-obrecze\/#breadcrumb","itemListElement":[{"@type":"ListItem","position":1,"name":"Startseite","item":"https:\/\/kemperkontakt.de\/pl\/"},{"@type":"ListItem","position":2,"name":"Kategorie","item":"https:\/\/kemperkontakt.de\/kategorie\/"},{"@type":"ListItem","position":3,"name":"Satynowane obr\u0119cze"}]},{"@type":"WebSite","@id":"https:\/\/kemperkontakt.de\/pl\/#website","url":"https:\/\/kemperkontakt.de\/pl\/","name":"Kemper-Kontakt","description":"","potentialAction":[{"@type":"SearchAction","target":{"@type":"EntryPoint","urlTemplate":"https:\/\/kemperkontakt.de\/pl\/?s={search_term_string}"},"query-input":{"@type":"PropertyValueSpecification","valueRequired":true,"valueName":"search_term_string"}}],"inLanguage":"pl-PL"}]}},"_links":{"self":[{"href":"https:\/\/kemperkontakt.de\/pl\/wp-json\/wp\/v2\/product\/5291","targetHints":{"allow":["GET"]}}],"collection":[{"href":"https:\/\/kemperkontakt.de\/pl\/wp-json\/wp\/v2\/product"}],"about":[{"href":"https:\/\/kemperkontakt.de\/pl\/wp-json\/wp\/v2\/types\/product"}],"wp:featuredmedia":[{"embeddable":true,"href":"https:\/\/kemperkontakt.de\/pl\/wp-json\/wp\/v2\/media\/5292"}],"wp:attachment":[{"href":"https:\/\/kemperkontakt.de\/pl\/wp-json\/wp\/v2\/media?parent=5291"}],"wp:term":[{"taxonomy":"product_brand","embeddable":true,"href":"https:\/\/kemperkontakt.de\/pl\/wp-json\/wp\/v2\/product_brand?post=5291"},{"taxonomy":"product_cat","embeddable":true,"href":"https:\/\/kemperkontakt.de\/pl\/wp-json\/wp\/v2\/product_cat?post=5291"},{"taxonomy":"product_tag","embeddable":true,"href":"https:\/\/kemperkontakt.de\/pl\/wp-json\/wp\/v2\/product_tag?post=5291"}],"curies":[{"name":"wp","href":"https:\/\/api.w.org\/{rel}","templated":true}]}}