{"id":5267,"date":"2024-06-21T18:47:38","date_gmt":"2024-06-21T16:47:38","guid":{"rendered":"https:\/\/kemperkontakt.de\/produkt\/trzpien-podbierajacy-do-tarcz-saticlean\/"},"modified":"2024-06-21T18:47:38","modified_gmt":"2024-06-21T16:47:38","slug":"trzpien-podbierajacy-do-tarcz-saticlean","status":"publish","type":"product","link":"https:\/\/kemperkontakt.de\/pl\/produkt\/trzpien-podbierajacy-do-tarcz-saticlean\/","title":{"rendered":"Trzpie\u0144 podbieraj\u0105cy do tarcz Saticlean"},"content":{"rendered":"","protected":false},"excerpt":{"rendered":"<p>Trzpie\u0144 z trzpieniem<strong><br \/>\n<\/strong><\/p>\n","protected":false},"featured_media":0,"template":"","meta":[],"product_brand":[],"product_cat":[588],"product_tag":[589],"class_list":{"0":"post-5267","1":"product","2":"type-product","3":"status-publish","5":"product_cat-saticlean-pl","6":"product_tag-trzpien-odbierajacy","8":"first","9":"instock","10":"shipping-taxable","11":"product-type-simple"},"yoast_head":"<!-- This site is optimized with the Yoast SEO plugin v27.3 - https:\/\/yoast.com\/product\/yoast-seo-wordpress\/ -->\n<title>Trzpie\u0144 podbieraj\u0105cy do tarcz Saticlean - Kemper-Kontakt<\/title>\n<meta name=\"robots\" content=\"index, follow, max-snippet:-1, max-image-preview:large, max-video-preview:-1\" \/>\n<link rel=\"canonical\" href=\"https:\/\/kemperkontakt.de\/pl\/produkt\/trzpien-podbierajacy-do-tarcz-saticlean\/\" \/>\n<meta property=\"og:locale\" content=\"pl_PL\" \/>\n<meta property=\"og:type\" content=\"article\" \/>\n<meta property=\"og:title\" content=\"Trzpie\u0144 podbieraj\u0105cy do tarcz Saticlean - Kemper-Kontakt\" \/>\n<meta property=\"og:description\" content=\"Trzpie\u0144 z trzpieniem\" \/>\n<meta property=\"og:url\" content=\"https:\/\/kemperkontakt.de\/pl\/produkt\/trzpien-podbierajacy-do-tarcz-saticlean\/\" \/>\n<meta property=\"og:site_name\" content=\"Kemper-Kontakt\" \/>\n<meta name=\"twitter:card\" content=\"summary_large_image\" \/>\n<script type=\"application\/ld+json\" class=\"yoast-schema-graph\">{\"@context\":\"https:\\\/\\\/schema.org\",\"@graph\":[{\"@type\":\"WebPage\",\"@id\":\"https:\\\/\\\/kemperkontakt.de\\\/pl\\\/produkt\\\/trzpien-podbierajacy-do-tarcz-saticlean\\\/\",\"url\":\"https:\\\/\\\/kemperkontakt.de\\\/pl\\\/produkt\\\/trzpien-podbierajacy-do-tarcz-saticlean\\\/\",\"name\":\"Trzpie\u0144 podbieraj\u0105cy do tarcz Saticlean - Kemper-Kontakt\",\"isPartOf\":{\"@id\":\"https:\\\/\\\/kemperkontakt.de\\\/pl\\\/#website\"},\"datePublished\":\"2024-06-21T16:47:38+00:00\",\"breadcrumb\":{\"@id\":\"https:\\\/\\\/kemperkontakt.de\\\/pl\\\/produkt\\\/trzpien-podbierajacy-do-tarcz-saticlean\\\/#breadcrumb\"},\"inLanguage\":\"pl-PL\",\"potentialAction\":[{\"@type\":\"ReadAction\",\"target\":[\"https:\\\/\\\/kemperkontakt.de\\\/pl\\\/produkt\\\/trzpien-podbierajacy-do-tarcz-saticlean\\\/\"]}]},{\"@type\":\"BreadcrumbList\",\"@id\":\"https:\\\/\\\/kemperkontakt.de\\\/pl\\\/produkt\\\/trzpien-podbierajacy-do-tarcz-saticlean\\\/#breadcrumb\",\"itemListElement\":[{\"@type\":\"ListItem\",\"position\":1,\"name\":\"Startseite\",\"item\":\"https:\\\/\\\/kemperkontakt.de\\\/pl\\\/\"},{\"@type\":\"ListItem\",\"position\":2,\"name\":\"Kategorie\",\"item\":\"https:\\\/\\\/kemperkontakt.de\\\/kategorie\\\/\"},{\"@type\":\"ListItem\",\"position\":3,\"name\":\"Trzpie\u0144 podbieraj\u0105cy do tarcz Saticlean\"}]},{\"@type\":\"WebSite\",\"@id\":\"https:\\\/\\\/kemperkontakt.de\\\/pl\\\/#website\",\"url\":\"https:\\\/\\\/kemperkontakt.de\\\/pl\\\/\",\"name\":\"Kemper-Kontakt\",\"description\":\"\",\"potentialAction\":[{\"@type\":\"SearchAction\",\"target\":{\"@type\":\"EntryPoint\",\"urlTemplate\":\"https:\\\/\\\/kemperkontakt.de\\\/pl\\\/?s={search_term_string}\"},\"query-input\":{\"@type\":\"PropertyValueSpecification\",\"valueRequired\":true,\"valueName\":\"search_term_string\"}}],\"inLanguage\":\"pl-PL\"}]}<\/script>\n<!-- \/ Yoast SEO plugin. -->","yoast_head_json":{"title":"Trzpie\u0144 podbieraj\u0105cy do tarcz Saticlean - Kemper-Kontakt","robots":{"index":"index","follow":"follow","max-snippet":"max-snippet:-1","max-image-preview":"max-image-preview:large","max-video-preview":"max-video-preview:-1"},"canonical":"https:\/\/kemperkontakt.de\/pl\/produkt\/trzpien-podbierajacy-do-tarcz-saticlean\/","og_locale":"pl_PL","og_type":"article","og_title":"Trzpie\u0144 podbieraj\u0105cy do tarcz Saticlean - Kemper-Kontakt","og_description":"Trzpie\u0144 z trzpieniem","og_url":"https:\/\/kemperkontakt.de\/pl\/produkt\/trzpien-podbierajacy-do-tarcz-saticlean\/","og_site_name":"Kemper-Kontakt","twitter_card":"summary_large_image","schema":{"@context":"https:\/\/schema.org","@graph":[{"@type":"WebPage","@id":"https:\/\/kemperkontakt.de\/pl\/produkt\/trzpien-podbierajacy-do-tarcz-saticlean\/","url":"https:\/\/kemperkontakt.de\/pl\/produkt\/trzpien-podbierajacy-do-tarcz-saticlean\/","name":"Trzpie\u0144 podbieraj\u0105cy do tarcz Saticlean - Kemper-Kontakt","isPartOf":{"@id":"https:\/\/kemperkontakt.de\/pl\/#website"},"datePublished":"2024-06-21T16:47:38+00:00","breadcrumb":{"@id":"https:\/\/kemperkontakt.de\/pl\/produkt\/trzpien-podbierajacy-do-tarcz-saticlean\/#breadcrumb"},"inLanguage":"pl-PL","potentialAction":[{"@type":"ReadAction","target":["https:\/\/kemperkontakt.de\/pl\/produkt\/trzpien-podbierajacy-do-tarcz-saticlean\/"]}]},{"@type":"BreadcrumbList","@id":"https:\/\/kemperkontakt.de\/pl\/produkt\/trzpien-podbierajacy-do-tarcz-saticlean\/#breadcrumb","itemListElement":[{"@type":"ListItem","position":1,"name":"Startseite","item":"https:\/\/kemperkontakt.de\/pl\/"},{"@type":"ListItem","position":2,"name":"Kategorie","item":"https:\/\/kemperkontakt.de\/kategorie\/"},{"@type":"ListItem","position":3,"name":"Trzpie\u0144 podbieraj\u0105cy do tarcz Saticlean"}]},{"@type":"WebSite","@id":"https:\/\/kemperkontakt.de\/pl\/#website","url":"https:\/\/kemperkontakt.de\/pl\/","name":"Kemper-Kontakt","description":"","potentialAction":[{"@type":"SearchAction","target":{"@type":"EntryPoint","urlTemplate":"https:\/\/kemperkontakt.de\/pl\/?s={search_term_string}"},"query-input":{"@type":"PropertyValueSpecification","valueRequired":true,"valueName":"search_term_string"}}],"inLanguage":"pl-PL"}]}},"_links":{"self":[{"href":"https:\/\/kemperkontakt.de\/pl\/wp-json\/wp\/v2\/product\/5267","targetHints":{"allow":["GET"]}}],"collection":[{"href":"https:\/\/kemperkontakt.de\/pl\/wp-json\/wp\/v2\/product"}],"about":[{"href":"https:\/\/kemperkontakt.de\/pl\/wp-json\/wp\/v2\/types\/product"}],"wp:attachment":[{"href":"https:\/\/kemperkontakt.de\/pl\/wp-json\/wp\/v2\/media?parent=5267"}],"wp:term":[{"taxonomy":"product_brand","embeddable":true,"href":"https:\/\/kemperkontakt.de\/pl\/wp-json\/wp\/v2\/product_brand?post=5267"},{"taxonomy":"product_cat","embeddable":true,"href":"https:\/\/kemperkontakt.de\/pl\/wp-json\/wp\/v2\/product_cat?post=5267"},{"taxonomy":"product_tag","embeddable":true,"href":"https:\/\/kemperkontakt.de\/pl\/wp-json\/wp\/v2\/product_tag?post=5267"}],"curies":[{"name":"wp","href":"https:\/\/api.w.org\/{rel}","templated":true}]}}