{"id":5249,"date":"2024-06-21T18:51:03","date_gmt":"2024-06-21T16:51:03","guid":{"rendered":"https:\/\/kemperkontakt.de\/produkt\/uniwersalny-olej-szlifierski\/"},"modified":"2025-03-15T19:34:27","modified_gmt":"2025-03-15T18:34:27","slug":"uniwersalny-olej-szlifierski","status":"publish","type":"product","link":"https:\/\/kemperkontakt.de\/pl\/produkt\/uniwersalny-olej-szlifierski\/","title":{"rendered":"Uniwersalny olej szlifierski"},"content":{"rendered":"","protected":false},"excerpt":{"rendered":"<p class=\"bodytext\">Wyd\u0142u\u017ca \u017cywotno\u015b\u0107 narz\u0119dzi \u015bciernych wykonanych z p\u0142\u00f3tna \u015bciernego i ta\u015bm \u015bciernych. Ch\u0142odzi proces szlifowania i zapobiega zapychaniu si\u0119 p\u0142\u00f3tna \u015bciernego py\u0142em szlifierskim.<\/p>\n<p>Kanister\/beczka <strong>Nr art.: 60600&#8230;<\/strong> Pojemnik z aerozolem <strong>Nr artyku\u0142u: 60550&#8230;<\/strong><\/p>\n<p><strong>Karta charakterystyki produktu:<br \/>\n<\/strong>[download id=\"5361\" template=\"Universal grinding oil\"]<\/p>\n<p class=\"bodytext\"><strong>Karta charakterystyki:<br \/>\n<\/strong>[download id=\"1814\" template=\"Schleif\u00f6l\"]<\/p>\n<p><strong>Karta danych technicznych:<br \/>\n<\/strong>[download id=\"1817\" template=\"Schleif\u00f6l\"]<\/p>\n","protected":false},"featured_media":5250,"template":"","meta":[],"product_brand":[],"product_cat":[499,570],"product_tag":[571,538,572],"class_list":{"0":"post-5249","1":"product","2":"type-product","3":"status-publish","4":"has-post-thumbnail","6":"product_cat-narzedzia-scierne-wloknina","7":"product_cat-narzedzia-szlifierskie-klapki","8":"product_tag-olej-szlifierski","9":"product_tag-petle","10":"product_tag-uniwersalny","12":"first","13":"instock","14":"shipping-taxable","15":"product-type-simple"},"yoast_head":"<!-- This site is optimized with the Yoast SEO plugin v27.4 - https:\/\/yoast.com\/product\/yoast-seo-wordpress\/ -->\n<title>Uniwersalny olej szlifierski - Kemper-Kontakt<\/title>\n<meta name=\"robots\" content=\"index, follow, max-snippet:-1, max-image-preview:large, max-video-preview:-1\" \/>\n<link rel=\"canonical\" href=\"https:\/\/kemperkontakt.de\/pl\/produkt\/uniwersalny-olej-szlifierski\/\" \/>\n<meta property=\"og:locale\" content=\"pl_PL\" \/>\n<meta property=\"og:type\" content=\"article\" \/>\n<meta property=\"og:title\" content=\"Uniwersalny olej szlifierski - Kemper-Kontakt\" \/>\n<meta property=\"og:description\" content=\"Wyd\u0142u\u017ca \u017cywotno\u015b\u0107 narz\u0119dzi \u015bciernych wykonanych z p\u0142\u00f3tna \u015bciernego i ta\u015bm \u015bciernych. Ch\u0142odzi proces szlifowania i zapobiega zapychaniu si\u0119 p\u0142\u00f3tna \u015bciernego py\u0142em szlifierskim. Kanister\/beczka Nr art.: 60600... Pojemnik z aerozolem Nr artyku\u0142u: 60550...  Karta charakterystyki produktu:  Karta charakterystyki:  Karta danych technicznych:\" \/>\n<meta property=\"og:url\" content=\"https:\/\/kemperkontakt.de\/pl\/produkt\/uniwersalny-olej-szlifierski\/\" \/>\n<meta property=\"og:site_name\" content=\"Kemper-Kontakt\" \/>\n<meta property=\"article:modified_time\" content=\"2025-03-15T18:34:27+00:00\" \/>\n<meta property=\"og:image\" content=\"https:\/\/kemperkontakt.de\/wp-content\/uploads\/2024\/09\/Universalschleifoel-1-1.jpg\" \/>\n\t<meta property=\"og:image:width\" content=\"1280\" \/>\n\t<meta property=\"og:image:height\" content=\"1280\" \/>\n\t<meta property=\"og:image:type\" content=\"image\/jpeg\" \/>\n<meta name=\"twitter:card\" content=\"summary_large_image\" \/>\n<meta name=\"twitter:label1\" content=\"Szacowany czas czytania\" \/>\n\t<meta name=\"twitter:data1\" content=\"1 minuta\" \/>\n<script type=\"application\/ld+json\" class=\"yoast-schema-graph\">{\"@context\":\"https:\\\/\\\/schema.org\",\"@graph\":[{\"@type\":\"WebPage\",\"@id\":\"https:\\\/\\\/kemperkontakt.de\\\/pl\\\/produkt\\\/uniwersalny-olej-szlifierski\\\/\",\"url\":\"https:\\\/\\\/kemperkontakt.de\\\/pl\\\/produkt\\\/uniwersalny-olej-szlifierski\\\/\",\"name\":\"Uniwersalny olej szlifierski - Kemper-Kontakt\",\"isPartOf\":{\"@id\":\"https:\\\/\\\/kemperkontakt.de\\\/pl\\\/#website\"},\"primaryImageOfPage\":{\"@id\":\"https:\\\/\\\/kemperkontakt.de\\\/pl\\\/produkt\\\/uniwersalny-olej-szlifierski\\\/#primaryimage\"},\"image\":{\"@id\":\"https:\\\/\\\/kemperkontakt.de\\\/pl\\\/produkt\\\/uniwersalny-olej-szlifierski\\\/#primaryimage\"},\"thumbnailUrl\":\"https:\\\/\\\/kemperkontakt.de\\\/wp-content\\\/uploads\\\/2024\\\/09\\\/Universalschleifoel-1-1.jpg\",\"datePublished\":\"2024-06-21T16:51:03+00:00\",\"dateModified\":\"2025-03-15T18:34:27+00:00\",\"breadcrumb\":{\"@id\":\"https:\\\/\\\/kemperkontakt.de\\\/pl\\\/produkt\\\/uniwersalny-olej-szlifierski\\\/#breadcrumb\"},\"inLanguage\":\"pl-PL\",\"potentialAction\":[{\"@type\":\"ReadAction\",\"target\":[\"https:\\\/\\\/kemperkontakt.de\\\/pl\\\/produkt\\\/uniwersalny-olej-szlifierski\\\/\"]}]},{\"@type\":\"ImageObject\",\"inLanguage\":\"pl-PL\",\"@id\":\"https:\\\/\\\/kemperkontakt.de\\\/pl\\\/produkt\\\/uniwersalny-olej-szlifierski\\\/#primaryimage\",\"url\":\"https:\\\/\\\/kemperkontakt.de\\\/wp-content\\\/uploads\\\/2024\\\/09\\\/Universalschleifoel-1-1.jpg\",\"contentUrl\":\"https:\\\/\\\/kemperkontakt.de\\\/wp-content\\\/uploads\\\/2024\\\/09\\\/Universalschleifoel-1-1.jpg\",\"width\":1280,\"height\":1280},{\"@type\":\"BreadcrumbList\",\"@id\":\"https:\\\/\\\/kemperkontakt.de\\\/pl\\\/produkt\\\/uniwersalny-olej-szlifierski\\\/#breadcrumb\",\"itemListElement\":[{\"@type\":\"ListItem\",\"position\":1,\"name\":\"Startseite\",\"item\":\"https:\\\/\\\/kemperkontakt.de\\\/pl\\\/\"},{\"@type\":\"ListItem\",\"position\":2,\"name\":\"Kategorie\",\"item\":\"https:\\\/\\\/kemperkontakt.de\\\/kategorie\\\/\"},{\"@type\":\"ListItem\",\"position\":3,\"name\":\"Uniwersalny olej szlifierski\"}]},{\"@type\":\"WebSite\",\"@id\":\"https:\\\/\\\/kemperkontakt.de\\\/pl\\\/#website\",\"url\":\"https:\\\/\\\/kemperkontakt.de\\\/pl\\\/\",\"name\":\"Kemper-Kontakt\",\"description\":\"\",\"potentialAction\":[{\"@type\":\"SearchAction\",\"target\":{\"@type\":\"EntryPoint\",\"urlTemplate\":\"https:\\\/\\\/kemperkontakt.de\\\/pl\\\/?s={search_term_string}\"},\"query-input\":{\"@type\":\"PropertyValueSpecification\",\"valueRequired\":true,\"valueName\":\"search_term_string\"}}],\"inLanguage\":\"pl-PL\"}]}<\/script>\n<!-- \/ Yoast SEO plugin. -->","yoast_head_json":{"title":"Uniwersalny olej szlifierski - Kemper-Kontakt","robots":{"index":"index","follow":"follow","max-snippet":"max-snippet:-1","max-image-preview":"max-image-preview:large","max-video-preview":"max-video-preview:-1"},"canonical":"https:\/\/kemperkontakt.de\/pl\/produkt\/uniwersalny-olej-szlifierski\/","og_locale":"pl_PL","og_type":"article","og_title":"Uniwersalny olej szlifierski - Kemper-Kontakt","og_description":"Wyd\u0142u\u017ca \u017cywotno\u015b\u0107 narz\u0119dzi \u015bciernych wykonanych z p\u0142\u00f3tna \u015bciernego i ta\u015bm \u015bciernych. Ch\u0142odzi proces szlifowania i zapobiega zapychaniu si\u0119 p\u0142\u00f3tna \u015bciernego py\u0142em szlifierskim. Kanister\/beczka Nr art.: 60600... Pojemnik z aerozolem Nr artyku\u0142u: 60550...  Karta charakterystyki produktu:  Karta charakterystyki:  Karta danych technicznych:","og_url":"https:\/\/kemperkontakt.de\/pl\/produkt\/uniwersalny-olej-szlifierski\/","og_site_name":"Kemper-Kontakt","article_modified_time":"2025-03-15T18:34:27+00:00","og_image":[{"width":1280,"height":1280,"url":"https:\/\/kemperkontakt.de\/wp-content\/uploads\/2024\/09\/Universalschleifoel-1-1.jpg","type":"image\/jpeg"}],"twitter_card":"summary_large_image","twitter_misc":{"Szacowany czas czytania":"1 minuta"},"schema":{"@context":"https:\/\/schema.org","@graph":[{"@type":"WebPage","@id":"https:\/\/kemperkontakt.de\/pl\/produkt\/uniwersalny-olej-szlifierski\/","url":"https:\/\/kemperkontakt.de\/pl\/produkt\/uniwersalny-olej-szlifierski\/","name":"Uniwersalny olej szlifierski - Kemper-Kontakt","isPartOf":{"@id":"https:\/\/kemperkontakt.de\/pl\/#website"},"primaryImageOfPage":{"@id":"https:\/\/kemperkontakt.de\/pl\/produkt\/uniwersalny-olej-szlifierski\/#primaryimage"},"image":{"@id":"https:\/\/kemperkontakt.de\/pl\/produkt\/uniwersalny-olej-szlifierski\/#primaryimage"},"thumbnailUrl":"https:\/\/kemperkontakt.de\/wp-content\/uploads\/2024\/09\/Universalschleifoel-1-1.jpg","datePublished":"2024-06-21T16:51:03+00:00","dateModified":"2025-03-15T18:34:27+00:00","breadcrumb":{"@id":"https:\/\/kemperkontakt.de\/pl\/produkt\/uniwersalny-olej-szlifierski\/#breadcrumb"},"inLanguage":"pl-PL","potentialAction":[{"@type":"ReadAction","target":["https:\/\/kemperkontakt.de\/pl\/produkt\/uniwersalny-olej-szlifierski\/"]}]},{"@type":"ImageObject","inLanguage":"pl-PL","@id":"https:\/\/kemperkontakt.de\/pl\/produkt\/uniwersalny-olej-szlifierski\/#primaryimage","url":"https:\/\/kemperkontakt.de\/wp-content\/uploads\/2024\/09\/Universalschleifoel-1-1.jpg","contentUrl":"https:\/\/kemperkontakt.de\/wp-content\/uploads\/2024\/09\/Universalschleifoel-1-1.jpg","width":1280,"height":1280},{"@type":"BreadcrumbList","@id":"https:\/\/kemperkontakt.de\/pl\/produkt\/uniwersalny-olej-szlifierski\/#breadcrumb","itemListElement":[{"@type":"ListItem","position":1,"name":"Startseite","item":"https:\/\/kemperkontakt.de\/pl\/"},{"@type":"ListItem","position":2,"name":"Kategorie","item":"https:\/\/kemperkontakt.de\/kategorie\/"},{"@type":"ListItem","position":3,"name":"Uniwersalny olej szlifierski"}]},{"@type":"WebSite","@id":"https:\/\/kemperkontakt.de\/pl\/#website","url":"https:\/\/kemperkontakt.de\/pl\/","name":"Kemper-Kontakt","description":"","potentialAction":[{"@type":"SearchAction","target":{"@type":"EntryPoint","urlTemplate":"https:\/\/kemperkontakt.de\/pl\/?s={search_term_string}"},"query-input":{"@type":"PropertyValueSpecification","valueRequired":true,"valueName":"search_term_string"}}],"inLanguage":"pl-PL"}]}},"_links":{"self":[{"href":"https:\/\/kemperkontakt.de\/pl\/wp-json\/wp\/v2\/product\/5249","targetHints":{"allow":["GET"]}}],"collection":[{"href":"https:\/\/kemperkontakt.de\/pl\/wp-json\/wp\/v2\/product"}],"about":[{"href":"https:\/\/kemperkontakt.de\/pl\/wp-json\/wp\/v2\/types\/product"}],"wp:featuredmedia":[{"embeddable":true,"href":"https:\/\/kemperkontakt.de\/pl\/wp-json\/wp\/v2\/media\/5250"}],"wp:attachment":[{"href":"https:\/\/kemperkontakt.de\/pl\/wp-json\/wp\/v2\/media?parent=5249"}],"wp:term":[{"taxonomy":"product_brand","embeddable":true,"href":"https:\/\/kemperkontakt.de\/pl\/wp-json\/wp\/v2\/product_brand?post=5249"},{"taxonomy":"product_cat","embeddable":true,"href":"https:\/\/kemperkontakt.de\/pl\/wp-json\/wp\/v2\/product_cat?post=5249"},{"taxonomy":"product_tag","embeddable":true,"href":"https:\/\/kemperkontakt.de\/pl\/wp-json\/wp\/v2\/product_tag?post=5249"}],"curies":[{"name":"wp","href":"https:\/\/api.w.org\/{rel}","templated":true}]}}