{"id":5207,"date":"2024-09-30T15:41:11","date_gmt":"2024-09-30T13:41:11","guid":{"rendered":"https:\/\/kemperkontakt.de\/produkt\/satifix-kr\/"},"modified":"2025-03-15T19:25:12","modified_gmt":"2025-03-15T18:25:12","slug":"satifix-kr","status":"publish","type":"product","link":"https:\/\/kemperkontakt.de\/pl\/produkt\/satifix-kr\/","title":{"rendered":"Satifix\u00ae KR"},"content":{"rendered":"","protected":false},"excerpt":{"rendered":"<p>W\u0142\u00f3kninowy wa\u0142ek tarczowy. Satynowy wa\u0142ek wyko\u0144czeniowy sk\u0142ada si\u0119 z 7-warstwowego uk\u0142adu dysk\u00f3w, co daje szeroko\u015b\u0107 aplikacji ok. 50 mm, inne wersje dost\u0119pne na \u017cyczenie. Kr\u0105\u017cki s\u0105 niezwykle elastyczne i dlatego mog\u0105 by\u0107 stosowane do obr\u00f3bki element\u00f3w o wysokim profilu. W\u0142\u00f3knina o jako\u015bci od A 80 (gruba) do A 280 (bardzo drobna) lub S100 (\u015brednia) &#8211; S800 (bardzo drobna).<\/p>\n<p>&nbsp;<\/p>\n<p><strong>Do u\u017cytku z jakim urz\u0105dzeniem:<br \/>\n<\/strong><a href=\"\/pl\/produkt-schlagwort\/starmax-neo-pl\/\"><img decoding=\"async\" class=\"alignnone wp-image-914\" src=\"http:\/\/kemperkontakt.com\/wp-content\/uploads\/2024\/07\/Starmax%C2%AE-neo-150x150.png\" alt=\"\" width=\"100\" height=\"100\" \/><\/a> <a href=\"\/pl\/produkt-schlagwort\/starmax-mini-pl\/\"><img decoding=\"async\" class=\"alignnone wp-image-912\" src=\"http:\/\/kemperkontakt.com\/wp-content\/uploads\/2024\/07\/Starmax%C2%AE-mini-150x150.png\" alt=\"\" width=\"100\" height=\"100\" \/><\/a> <a href=\"\/pl\/produkt-schlagwort\/maszyny-stacjonarne\/\"><img decoding=\"async\" class=\"alignnone wp-image-915\" src=\"http:\/\/kemperkontakt.com\/wp-content\/uploads\/2024\/07\/Stationaere-Maschine-150x150.png\" alt=\"\" width=\"100\" height=\"100\" srcset=\"https:\/\/kemperkontakt.de\/wp-content\/uploads\/2024\/07\/Stationaere-Maschine-66x66.png 66w, https:\/\/kemperkontakt.de\/wp-content\/uploads\/2024\/07\/Stationaere-Maschine-150x150.png 150w, https:\/\/kemperkontakt.de\/wp-content\/uploads\/2024\/07\/Stationaere-Maschine-200x200.png 200w, https:\/\/kemperkontakt.de\/wp-content\/uploads\/2024\/07\/Stationaere-Maschine-300x300.png 300w, https:\/\/kemperkontakt.de\/wp-content\/uploads\/2024\/07\/Stationaere-Maschine-400x400.png 400w, https:\/\/kemperkontakt.de\/wp-content\/uploads\/2024\/07\/Stationaere-Maschine-500x500.png 500w, https:\/\/kemperkontakt.de\/wp-content\/uploads\/2024\/07\/Stationaere-Maschine-600x600.png 600w, https:\/\/kemperkontakt.de\/wp-content\/uploads\/2024\/07\/Stationaere-Maschine-768x768.png 768w, https:\/\/kemperkontakt.de\/wp-content\/uploads\/2024\/07\/Stationaere-Maschine.png 800w\" sizes=\"(max-width: 100px) 100vw, 100px\" \/><\/a><\/p>\n<p class=\"bodytext\"><strong>Karta charakterystyki produktu:<br \/>\n<\/strong>[download id=\"4512\" template=\"Satifix KR\"]<\/p>\n","protected":false},"featured_media":5208,"template":"","meta":[],"product_brand":[],"product_cat":[498,499],"product_tag":[503,504,500,506,505,502,501],"class_list":{"0":"post-5207","1":"product","2":"type-product","3":"status-publish","4":"has-post-thumbnail","6":"product_cat-narzedzia-do-satynowania","7":"product_cat-narzedzia-scierne-wloknina","8":"product_tag-aluminium-pl","9":"product_tag-maszyna-stacjonarna","10":"product_tag-metal-ogolny","11":"product_tag-mocno-profilowane-elementy-obrabiane","12":"product_tag-okragly-walek","13":"product_tag-starmax-mini-pl","14":"product_tag-starmax-neo-pl","16":"first","17":"instock","18":"shipping-taxable","19":"product-type-simple"},"yoast_head":"<!-- This site is optimized with the Yoast SEO plugin v27.3 - https:\/\/yoast.com\/product\/yoast-seo-wordpress\/ -->\n<title>Satifix\u00ae KR - Kemper-Kontakt<\/title>\n<meta name=\"robots\" content=\"index, follow, max-snippet:-1, max-image-preview:large, max-video-preview:-1\" \/>\n<link rel=\"canonical\" href=\"https:\/\/kemperkontakt.de\/pl\/produkt\/satifix-kr\/\" \/>\n<meta property=\"og:locale\" content=\"pl_PL\" \/>\n<meta property=\"og:type\" content=\"article\" \/>\n<meta property=\"og:title\" content=\"Satifix\u00ae KR - Kemper-Kontakt\" \/>\n<meta property=\"og:description\" content=\"W\u0142\u00f3kninowy wa\u0142ek tarczowy. Satynowy wa\u0142ek wyko\u0144czeniowy sk\u0142ada si\u0119 z 7-warstwowego uk\u0142adu dysk\u00f3w, co daje szeroko\u015b\u0107 aplikacji ok. 50 mm, inne wersje dost\u0119pne na \u017cyczenie. Kr\u0105\u017cki s\u0105 niezwykle elastyczne i dlatego mog\u0105 by\u0107 stosowane do obr\u00f3bki element\u00f3w o wysokim profilu. W\u0142\u00f3knina o jako\u015bci od A 80 (gruba) do A 280 (bardzo drobna) lub S100 (\u015brednia) - S800 (bardzo drobna).  &nbsp;  Do u\u017cytku z jakim urz\u0105dzeniem:   Karta charakterystyki produktu:\" \/>\n<meta property=\"og:url\" content=\"https:\/\/kemperkontakt.de\/pl\/produkt\/satifix-kr\/\" \/>\n<meta property=\"og:site_name\" content=\"Kemper-Kontakt\" \/>\n<meta property=\"article:modified_time\" content=\"2025-03-15T18:25:12+00:00\" \/>\n<meta property=\"og:image\" content=\"https:\/\/kemperkontakt.de\/wp-content\/uploads\/2024\/09\/Saitfix-KR-1-1.jpg\" \/>\n\t<meta property=\"og:image:width\" content=\"1280\" \/>\n\t<meta property=\"og:image:height\" content=\"1280\" \/>\n\t<meta property=\"og:image:type\" content=\"image\/jpeg\" \/>\n<meta name=\"twitter:card\" content=\"summary_large_image\" \/>\n<meta name=\"twitter:label1\" content=\"Szacowany czas czytania\" \/>\n\t<meta name=\"twitter:data1\" content=\"1 minuta\" \/>\n<script type=\"application\/ld+json\" class=\"yoast-schema-graph\">{\"@context\":\"https:\\\/\\\/schema.org\",\"@graph\":[{\"@type\":\"WebPage\",\"@id\":\"https:\\\/\\\/kemperkontakt.de\\\/pl\\\/produkt\\\/satifix-kr\\\/\",\"url\":\"https:\\\/\\\/kemperkontakt.de\\\/pl\\\/produkt\\\/satifix-kr\\\/\",\"name\":\"Satifix\u00ae KR - Kemper-Kontakt\",\"isPartOf\":{\"@id\":\"https:\\\/\\\/kemperkontakt.de\\\/pl\\\/#website\"},\"primaryImageOfPage\":{\"@id\":\"https:\\\/\\\/kemperkontakt.de\\\/pl\\\/produkt\\\/satifix-kr\\\/#primaryimage\"},\"image\":{\"@id\":\"https:\\\/\\\/kemperkontakt.de\\\/pl\\\/produkt\\\/satifix-kr\\\/#primaryimage\"},\"thumbnailUrl\":\"https:\\\/\\\/kemperkontakt.de\\\/wp-content\\\/uploads\\\/2024\\\/09\\\/Saitfix-KR-1-1.jpg\",\"datePublished\":\"2024-09-30T13:41:11+00:00\",\"dateModified\":\"2025-03-15T18:25:12+00:00\",\"breadcrumb\":{\"@id\":\"https:\\\/\\\/kemperkontakt.de\\\/pl\\\/produkt\\\/satifix-kr\\\/#breadcrumb\"},\"inLanguage\":\"pl-PL\",\"potentialAction\":[{\"@type\":\"ReadAction\",\"target\":[\"https:\\\/\\\/kemperkontakt.de\\\/pl\\\/produkt\\\/satifix-kr\\\/\"]}]},{\"@type\":\"ImageObject\",\"inLanguage\":\"pl-PL\",\"@id\":\"https:\\\/\\\/kemperkontakt.de\\\/pl\\\/produkt\\\/satifix-kr\\\/#primaryimage\",\"url\":\"https:\\\/\\\/kemperkontakt.de\\\/wp-content\\\/uploads\\\/2024\\\/09\\\/Saitfix-KR-1-1.jpg\",\"contentUrl\":\"https:\\\/\\\/kemperkontakt.de\\\/wp-content\\\/uploads\\\/2024\\\/09\\\/Saitfix-KR-1-1.jpg\",\"width\":1280,\"height\":1280},{\"@type\":\"BreadcrumbList\",\"@id\":\"https:\\\/\\\/kemperkontakt.de\\\/pl\\\/produkt\\\/satifix-kr\\\/#breadcrumb\",\"itemListElement\":[{\"@type\":\"ListItem\",\"position\":1,\"name\":\"Startseite\",\"item\":\"https:\\\/\\\/kemperkontakt.de\\\/pl\\\/\"},{\"@type\":\"ListItem\",\"position\":2,\"name\":\"Kategorie\",\"item\":\"https:\\\/\\\/kemperkontakt.de\\\/kategorie\\\/\"},{\"@type\":\"ListItem\",\"position\":3,\"name\":\"Satifix\u00ae KR\"}]},{\"@type\":\"WebSite\",\"@id\":\"https:\\\/\\\/kemperkontakt.de\\\/pl\\\/#website\",\"url\":\"https:\\\/\\\/kemperkontakt.de\\\/pl\\\/\",\"name\":\"Kemper-Kontakt\",\"description\":\"\",\"potentialAction\":[{\"@type\":\"SearchAction\",\"target\":{\"@type\":\"EntryPoint\",\"urlTemplate\":\"https:\\\/\\\/kemperkontakt.de\\\/pl\\\/?s={search_term_string}\"},\"query-input\":{\"@type\":\"PropertyValueSpecification\",\"valueRequired\":true,\"valueName\":\"search_term_string\"}}],\"inLanguage\":\"pl-PL\"}]}<\/script>\n<!-- \/ Yoast SEO plugin. -->","yoast_head_json":{"title":"Satifix\u00ae KR - Kemper-Kontakt","robots":{"index":"index","follow":"follow","max-snippet":"max-snippet:-1","max-image-preview":"max-image-preview:large","max-video-preview":"max-video-preview:-1"},"canonical":"https:\/\/kemperkontakt.de\/pl\/produkt\/satifix-kr\/","og_locale":"pl_PL","og_type":"article","og_title":"Satifix\u00ae KR - Kemper-Kontakt","og_description":"W\u0142\u00f3kninowy wa\u0142ek tarczowy. Satynowy wa\u0142ek wyko\u0144czeniowy sk\u0142ada si\u0119 z 7-warstwowego uk\u0142adu dysk\u00f3w, co daje szeroko\u015b\u0107 aplikacji ok. 50 mm, inne wersje dost\u0119pne na \u017cyczenie. Kr\u0105\u017cki s\u0105 niezwykle elastyczne i dlatego mog\u0105 by\u0107 stosowane do obr\u00f3bki element\u00f3w o wysokim profilu. W\u0142\u00f3knina o jako\u015bci od A 80 (gruba) do A 280 (bardzo drobna) lub S100 (\u015brednia) - S800 (bardzo drobna).  &nbsp;  Do u\u017cytku z jakim urz\u0105dzeniem:   Karta charakterystyki produktu:","og_url":"https:\/\/kemperkontakt.de\/pl\/produkt\/satifix-kr\/","og_site_name":"Kemper-Kontakt","article_modified_time":"2025-03-15T18:25:12+00:00","og_image":[{"width":1280,"height":1280,"url":"https:\/\/kemperkontakt.de\/wp-content\/uploads\/2024\/09\/Saitfix-KR-1-1.jpg","type":"image\/jpeg"}],"twitter_card":"summary_large_image","twitter_misc":{"Szacowany czas czytania":"1 minuta"},"schema":{"@context":"https:\/\/schema.org","@graph":[{"@type":"WebPage","@id":"https:\/\/kemperkontakt.de\/pl\/produkt\/satifix-kr\/","url":"https:\/\/kemperkontakt.de\/pl\/produkt\/satifix-kr\/","name":"Satifix\u00ae KR - Kemper-Kontakt","isPartOf":{"@id":"https:\/\/kemperkontakt.de\/pl\/#website"},"primaryImageOfPage":{"@id":"https:\/\/kemperkontakt.de\/pl\/produkt\/satifix-kr\/#primaryimage"},"image":{"@id":"https:\/\/kemperkontakt.de\/pl\/produkt\/satifix-kr\/#primaryimage"},"thumbnailUrl":"https:\/\/kemperkontakt.de\/wp-content\/uploads\/2024\/09\/Saitfix-KR-1-1.jpg","datePublished":"2024-09-30T13:41:11+00:00","dateModified":"2025-03-15T18:25:12+00:00","breadcrumb":{"@id":"https:\/\/kemperkontakt.de\/pl\/produkt\/satifix-kr\/#breadcrumb"},"inLanguage":"pl-PL","potentialAction":[{"@type":"ReadAction","target":["https:\/\/kemperkontakt.de\/pl\/produkt\/satifix-kr\/"]}]},{"@type":"ImageObject","inLanguage":"pl-PL","@id":"https:\/\/kemperkontakt.de\/pl\/produkt\/satifix-kr\/#primaryimage","url":"https:\/\/kemperkontakt.de\/wp-content\/uploads\/2024\/09\/Saitfix-KR-1-1.jpg","contentUrl":"https:\/\/kemperkontakt.de\/wp-content\/uploads\/2024\/09\/Saitfix-KR-1-1.jpg","width":1280,"height":1280},{"@type":"BreadcrumbList","@id":"https:\/\/kemperkontakt.de\/pl\/produkt\/satifix-kr\/#breadcrumb","itemListElement":[{"@type":"ListItem","position":1,"name":"Startseite","item":"https:\/\/kemperkontakt.de\/pl\/"},{"@type":"ListItem","position":2,"name":"Kategorie","item":"https:\/\/kemperkontakt.de\/kategorie\/"},{"@type":"ListItem","position":3,"name":"Satifix\u00ae KR"}]},{"@type":"WebSite","@id":"https:\/\/kemperkontakt.de\/pl\/#website","url":"https:\/\/kemperkontakt.de\/pl\/","name":"Kemper-Kontakt","description":"","potentialAction":[{"@type":"SearchAction","target":{"@type":"EntryPoint","urlTemplate":"https:\/\/kemperkontakt.de\/pl\/?s={search_term_string}"},"query-input":{"@type":"PropertyValueSpecification","valueRequired":true,"valueName":"search_term_string"}}],"inLanguage":"pl-PL"}]}},"_links":{"self":[{"href":"https:\/\/kemperkontakt.de\/pl\/wp-json\/wp\/v2\/product\/5207","targetHints":{"allow":["GET"]}}],"collection":[{"href":"https:\/\/kemperkontakt.de\/pl\/wp-json\/wp\/v2\/product"}],"about":[{"href":"https:\/\/kemperkontakt.de\/pl\/wp-json\/wp\/v2\/types\/product"}],"wp:featuredmedia":[{"embeddable":true,"href":"https:\/\/kemperkontakt.de\/pl\/wp-json\/wp\/v2\/media\/5208"}],"wp:attachment":[{"href":"https:\/\/kemperkontakt.de\/pl\/wp-json\/wp\/v2\/media?parent=5207"}],"wp:term":[{"taxonomy":"product_brand","embeddable":true,"href":"https:\/\/kemperkontakt.de\/pl\/wp-json\/wp\/v2\/product_brand?post=5207"},{"taxonomy":"product_cat","embeddable":true,"href":"https:\/\/kemperkontakt.de\/pl\/wp-json\/wp\/v2\/product_cat?post=5207"},{"taxonomy":"product_tag","embeddable":true,"href":"https:\/\/kemperkontakt.de\/pl\/wp-json\/wp\/v2\/product_tag?post=5207"}],"curies":[{"name":"wp","href":"https:\/\/api.w.org\/{rel}","templated":true}]}}