{"id":7694,"date":"2025-09-30T15:49:13","date_gmt":"2025-09-30T13:49:13","guid":{"rendered":"https:\/\/kemperkontakt.de\/kategorie-niebieskie\/nowosc-grawerowanie-laserowe-logo-z-kodem-qr-lub-bez-teraz-dostepne-jako-opcja-dodatkowa\/"},"modified":"2025-10-23T10:10:39","modified_gmt":"2025-10-23T08:10:39","slug":"nowosc-grawerowanie-laserowe-logo-z-kodem-qr-lub-bez-teraz-dostepne-jako-opcja-dodatkowa","status":"publish","type":"page","link":"https:\/\/kemperkontakt.de\/pl\/nowosc-grawerowanie-laserowe-logo-z-kodem-qr-lub-bez-teraz-dostepne-jako-opcja-dodatkowa\/","title":{"rendered":"Nowo\u015b\u0107: Grawerowanie laserowe logo z kodem QR lub bez &#8211; teraz dost\u0119pne jako opcja dodatkowa"},"content":{"rendered":"<div class=\"fusion-fullwidth fullwidth-box fusion-builder-row-1 fusion-flex-container nonhundred-percent-fullwidth non-hundred-percent-height-scrolling\" style=\"--awb-border-radius-top-left:0px;--awb-border-radius-top-right:0px;--awb-border-radius-bottom-right:0px;--awb-border-radius-bottom-left:0px;--awb-flex-wrap:wrap;\" ><div class=\"fusion-builder-row fusion-row fusion-flex-align-items-flex-start fusion-flex-content-wrap\" style=\"max-width:1248px;margin-left: calc(-4% \/ 2 );margin-right: calc(-4% \/ 2 );\"><div class=\"fusion-layout-column fusion_builder_column fusion-builder-column-0 fusion_builder_column_1_1 1_1 fusion-flex-column\" style=\"--awb-bg-blend:overlay;--awb-bg-size:cover;--awb-width-large:100%;--awb-margin-top-large:0px;--awb-spacing-right-large:1.92%;--awb-margin-bottom-large:0px;--awb-spacing-left-large:1.92%;--awb-width-medium:100%;--awb-spacing-right-medium:1.92%;--awb-spacing-left-medium:1.92%;--awb-width-small:100%;--awb-spacing-right-small:1.92%;--awb-spacing-left-small:1.92%;\"><div class=\"fusion-column-wrapper fusion-flex-justify-content-flex-start fusion-content-layout-column\"><div class=\"fusion-text fusion-text-1\"><p><strong>Nowo\u015b\u0107: Grawerowanie laserowe logo z kodem QR lub bez &#8211; teraz dost\u0119pne jako opcja dodatkowa<\/strong><\/p>\n<\/div><div class=\"fusion-builder-row fusion-builder-row-inner fusion-row fusion-flex-align-items-flex-start fusion-flex-content-wrap\" style=\"width:104% !important;max-width:104% !important;margin-left: calc(-4% \/ 2 );margin-right: calc(-4% \/ 2 );\"><div class=\"fusion-layout-column fusion_builder_column_inner fusion-builder-nested-column-0 fusion_builder_column_inner_1_2 1_2 fusion-flex-column\" style=\"--awb-bg-size:cover;--awb-width-large:50%;--awb-margin-top-large:0px;--awb-spacing-right-large:3.84%;--awb-margin-bottom-large:20px;--awb-spacing-left-large:3.84%;--awb-width-medium:50%;--awb-order-medium:0;--awb-spacing-right-medium:3.84%;--awb-spacing-left-medium:3.84%;--awb-width-small:100%;--awb-order-small:0;--awb-spacing-right-small:1.92%;--awb-spacing-left-small:1.92%;\"><div class=\"fusion-column-wrapper fusion-column-has-shadow fusion-flex-justify-content-flex-start fusion-content-layout-column\"><div class=\"fusion-image-element \" style=\"--awb-caption-title-font-family:var(--h2_typography-font-family);--awb-caption-title-font-weight:var(--h2_typography-font-weight);--awb-caption-title-font-style:var(--h2_typography-font-style);--awb-caption-title-size:var(--h2_typography-font-size);--awb-caption-title-transform:var(--h2_typography-text-transform);--awb-caption-title-line-height:var(--h2_typography-line-height);--awb-caption-title-letter-spacing:var(--h2_typography-letter-spacing);\"><span class=\" fusion-imageframe imageframe-none imageframe-1 hover-type-none\"><img decoding=\"async\" width=\"400\" height=\"261\" title=\"2025_09_Fotoserie_kemperkontakt-1\" src=\"https:\/\/kemperkontakt.de\/wp-content\/uploads\/2025\/09\/2025_09_Fotoserie_kemperkontakt-1.jpg\" data-orig-src=\"https:\/\/kemperkontakt.de\/wp-content\/uploads\/2025\/09\/2025_09_Fotoserie_kemperkontakt-1-400x261.jpg\" alt class=\"lazyload img-responsive wp-image-7610\" srcset=\"data:image\/svg+xml,%3Csvg%20xmlns%3D%27http%3A%2F%2Fwww.w3.org%2F2000%2Fsvg%27%20width%3D%271280%27%20height%3D%27835%27%20viewBox%3D%270%200%201280%20835%27%3E%3Crect%20width%3D%271280%27%20height%3D%27835%27%20fill-opacity%3D%220%22%2F%3E%3C%2Fsvg%3E\" data-srcset=\"https:\/\/kemperkontakt.de\/wp-content\/uploads\/2025\/09\/2025_09_Fotoserie_kemperkontakt-1-200x130.jpg 200w, https:\/\/kemperkontakt.de\/wp-content\/uploads\/2025\/09\/2025_09_Fotoserie_kemperkontakt-1-400x261.jpg 400w, https:\/\/kemperkontakt.de\/wp-content\/uploads\/2025\/09\/2025_09_Fotoserie_kemperkontakt-1-600x391.jpg 600w, https:\/\/kemperkontakt.de\/wp-content\/uploads\/2025\/09\/2025_09_Fotoserie_kemperkontakt-1-800x522.jpg 800w, https:\/\/kemperkontakt.de\/wp-content\/uploads\/2025\/09\/2025_09_Fotoserie_kemperkontakt-1-1200x783.jpg 1200w, https:\/\/kemperkontakt.de\/wp-content\/uploads\/2025\/09\/2025_09_Fotoserie_kemperkontakt-1.jpg 1280w\" data-sizes=\"auto\" data-orig-sizes=\"(max-width: 640px) 100vw, 600px\" \/><\/span><\/div><\/div><\/div><div class=\"fusion-layout-column fusion_builder_column_inner fusion-builder-nested-column-1 fusion_builder_column_inner_1_2 1_2 fusion-flex-column\" style=\"--awb-bg-size:cover;--awb-width-large:50%;--awb-margin-top-large:0px;--awb-spacing-right-large:3.84%;--awb-margin-bottom-large:20px;--awb-spacing-left-large:3.84%;--awb-width-medium:50%;--awb-order-medium:0;--awb-spacing-right-medium:3.84%;--awb-spacing-left-medium:3.84%;--awb-width-small:100%;--awb-order-small:0;--awb-spacing-right-small:1.92%;--awb-spacing-left-small:1.92%;\"><div class=\"fusion-column-wrapper fusion-column-has-shadow fusion-flex-justify-content-flex-start fusion-content-layout-column\"><div class=\"fusion-image-element \" style=\"--awb-caption-title-font-family:var(--h2_typography-font-family);--awb-caption-title-font-weight:var(--h2_typography-font-weight);--awb-caption-title-font-style:var(--h2_typography-font-style);--awb-caption-title-size:var(--h2_typography-font-size);--awb-caption-title-transform:var(--h2_typography-text-transform);--awb-caption-title-line-height:var(--h2_typography-line-height);--awb-caption-title-letter-spacing:var(--h2_typography-letter-spacing);\"><span class=\" fusion-imageframe imageframe-none imageframe-2 hover-type-none\"><img decoding=\"async\" width=\"400\" height=\"267\" title=\"2025_09_Fotoserie_kemperkontakt-2\" src=\"https:\/\/kemperkontakt.de\/wp-content\/uploads\/2025\/09\/2025_09_Fotoserie_kemperkontakt-2.jpg\" data-orig-src=\"https:\/\/kemperkontakt.de\/wp-content\/uploads\/2025\/09\/2025_09_Fotoserie_kemperkontakt-2-400x267.jpg\" alt class=\"lazyload img-responsive wp-image-7604\" srcset=\"data:image\/svg+xml,%3Csvg%20xmlns%3D%27http%3A%2F%2Fwww.w3.org%2F2000%2Fsvg%27%20width%3D%271280%27%20height%3D%27853%27%20viewBox%3D%270%200%201280%20853%27%3E%3Crect%20width%3D%271280%27%20height%3D%27853%27%20fill-opacity%3D%220%22%2F%3E%3C%2Fsvg%3E\" data-srcset=\"https:\/\/kemperkontakt.de\/wp-content\/uploads\/2025\/09\/2025_09_Fotoserie_kemperkontakt-2-200x133.jpg 200w, https:\/\/kemperkontakt.de\/wp-content\/uploads\/2025\/09\/2025_09_Fotoserie_kemperkontakt-2-400x267.jpg 400w, https:\/\/kemperkontakt.de\/wp-content\/uploads\/2025\/09\/2025_09_Fotoserie_kemperkontakt-2-600x400.jpg 600w, https:\/\/kemperkontakt.de\/wp-content\/uploads\/2025\/09\/2025_09_Fotoserie_kemperkontakt-2-800x533.jpg 800w, https:\/\/kemperkontakt.de\/wp-content\/uploads\/2025\/09\/2025_09_Fotoserie_kemperkontakt-2-1200x800.jpg 1200w, https:\/\/kemperkontakt.de\/wp-content\/uploads\/2025\/09\/2025_09_Fotoserie_kemperkontakt-2.jpg 1280w\" data-sizes=\"auto\" data-orig-sizes=\"(max-width: 640px) 100vw, 600px\" \/><\/span><\/div><\/div><\/div><\/div><div class=\"fusion-text fusion-text-2\"><p>Oferujemy teraz mo\u017cliwo\u015b\u0107 personalizacji <strong>k\u00f3\u0142ek<\/strong> i <strong>rolek<\/strong> <strong>kontaktowych<\/strong> za pomoc\u0105 precyzyjnego <strong>grawerowania laserowego<\/strong>. Wygraweruj swoje <strong>logo<\/strong> i ewentualnie <strong>kod QR<\/strong> na swoich produktach &#8211; za atrakcyjn\u0105 dop\u0142at\u0105. <\/p>\n<p>Ta dodatkowa opcja oferuje mo\u017cliwo\u015b\u0107 jeszcze dok\u0142adniejszego oznaczenia marki produkt\u00f3w i pozostawienia trwa\u0142ego wra\u017cenia na klientach.<\/p>\n<p><strong>Twoje zalety:<\/strong><\/p>\n<ul>\n<li><strong>Precyzyjne i trwa\u0142e grawerowanie<\/strong> logo i kodu QR<\/li>\n<li><strong>Prosta integracja<\/strong> z istniej\u0105cymi produktami<\/li>\n<li><strong>Wysoka jako\u015b\u0107 i ekskluzywno\u015b\u0107<\/strong> dzi\u0119ki nowoczesnej technologii laserowej<\/li>\n<\/ul>\n<p>Skorzystaj z tej opcji i nadaj swoim produktom jeszcze bardziej osobisty charakter.<\/p>\n<\/div><\/div><\/div><\/div><\/div>\n","protected":false},"excerpt":{"rendered":"","protected":false},"author":3,"featured_media":0,"parent":0,"menu_order":0,"comment_status":"closed","ping_status":"closed","template":"","meta":{"footnotes":""},"class_list":["post-7694","page","type-page","status-publish","hentry"],"yoast_head":"<!-- This site is optimized with the Yoast SEO plugin v27.4 - https:\/\/yoast.com\/product\/yoast-seo-wordpress\/ -->\n<title>Nowo\u015b\u0107: Grawerowanie laserowe logo z kodem QR lub bez - teraz dost\u0119pne jako opcja dodatkowa - Kemper-Kontakt<\/title>\n<meta name=\"robots\" content=\"index, follow, max-snippet:-1, max-image-preview:large, max-video-preview:-1\" \/>\n<link rel=\"canonical\" href=\"https:\/\/kemperkontakt.de\/pl\/nowosc-grawerowanie-laserowe-logo-z-kodem-qr-lub-bez-teraz-dostepne-jako-opcja-dodatkowa\/\" \/>\n<meta property=\"og:locale\" content=\"pl_PL\" \/>\n<meta property=\"og:type\" content=\"article\" \/>\n<meta property=\"og:title\" content=\"Nowo\u015b\u0107: Grawerowanie laserowe logo z kodem QR lub bez - teraz dost\u0119pne jako opcja dodatkowa - Kemper-Kontakt\" \/>\n<meta property=\"og:url\" content=\"https:\/\/kemperkontakt.de\/pl\/nowosc-grawerowanie-laserowe-logo-z-kodem-qr-lub-bez-teraz-dostepne-jako-opcja-dodatkowa\/\" \/>\n<meta property=\"og:site_name\" content=\"Kemper-Kontakt\" \/>\n<meta property=\"article:modified_time\" content=\"2025-10-23T08:10:39+00:00\" \/>\n<meta name=\"twitter:card\" content=\"summary_large_image\" \/>\n<meta name=\"twitter:label1\" content=\"Szacowany czas czytania\" \/>\n\t<meta name=\"twitter:data1\" content=\"5 minut\" \/>\n<script type=\"application\/ld+json\" class=\"yoast-schema-graph\">{\"@context\":\"https:\\\/\\\/schema.org\",\"@graph\":[{\"@type\":\"WebPage\",\"@id\":\"https:\\\/\\\/kemperkontakt.de\\\/pl\\\/nowosc-grawerowanie-laserowe-logo-z-kodem-qr-lub-bez-teraz-dostepne-jako-opcja-dodatkowa\\\/\",\"url\":\"https:\\\/\\\/kemperkontakt.de\\\/pl\\\/nowosc-grawerowanie-laserowe-logo-z-kodem-qr-lub-bez-teraz-dostepne-jako-opcja-dodatkowa\\\/\",\"name\":\"Nowo\u015b\u0107: Grawerowanie laserowe logo z kodem QR lub bez - teraz dost\u0119pne jako opcja dodatkowa - Kemper-Kontakt\",\"isPartOf\":{\"@id\":\"https:\\\/\\\/kemperkontakt.de\\\/pl\\\/#website\"},\"datePublished\":\"2025-09-30T13:49:13+00:00\",\"dateModified\":\"2025-10-23T08:10:39+00:00\",\"breadcrumb\":{\"@id\":\"https:\\\/\\\/kemperkontakt.de\\\/pl\\\/nowosc-grawerowanie-laserowe-logo-z-kodem-qr-lub-bez-teraz-dostepne-jako-opcja-dodatkowa\\\/#breadcrumb\"},\"inLanguage\":\"pl-PL\",\"potentialAction\":[{\"@type\":\"ReadAction\",\"target\":[\"https:\\\/\\\/kemperkontakt.de\\\/pl\\\/nowosc-grawerowanie-laserowe-logo-z-kodem-qr-lub-bez-teraz-dostepne-jako-opcja-dodatkowa\\\/\"]}]},{\"@type\":\"BreadcrumbList\",\"@id\":\"https:\\\/\\\/kemperkontakt.de\\\/pl\\\/nowosc-grawerowanie-laserowe-logo-z-kodem-qr-lub-bez-teraz-dostepne-jako-opcja-dodatkowa\\\/#breadcrumb\",\"itemListElement\":[{\"@type\":\"ListItem\",\"position\":1,\"name\":\"Startseite\",\"item\":\"https:\\\/\\\/kemperkontakt.de\\\/pl\\\/\"},{\"@type\":\"ListItem\",\"position\":2,\"name\":\"Kategorie niebieskie\",\"item\":\"https:\\\/\\\/kemperkontakt.de\\\/pl\\\/kategorie-niebieskie\\\/\"},{\"@type\":\"ListItem\",\"position\":3,\"name\":\"Nowo\u015b\u0107: Grawerowanie laserowe logo z kodem QR lub bez &#8211; teraz dost\u0119pne jako opcja dodatkowa\"}]},{\"@type\":\"WebSite\",\"@id\":\"https:\\\/\\\/kemperkontakt.de\\\/pl\\\/#website\",\"url\":\"https:\\\/\\\/kemperkontakt.de\\\/pl\\\/\",\"name\":\"Kemper-Kontakt\",\"description\":\"\",\"potentialAction\":[{\"@type\":\"SearchAction\",\"target\":{\"@type\":\"EntryPoint\",\"urlTemplate\":\"https:\\\/\\\/kemperkontakt.de\\\/pl\\\/?s={search_term_string}\"},\"query-input\":{\"@type\":\"PropertyValueSpecification\",\"valueRequired\":true,\"valueName\":\"search_term_string\"}}],\"inLanguage\":\"pl-PL\"}]}<\/script>\n<!-- \/ Yoast SEO plugin. -->","yoast_head_json":{"title":"Nowo\u015b\u0107: Grawerowanie laserowe logo z kodem QR lub bez - teraz dost\u0119pne jako opcja dodatkowa - Kemper-Kontakt","robots":{"index":"index","follow":"follow","max-snippet":"max-snippet:-1","max-image-preview":"max-image-preview:large","max-video-preview":"max-video-preview:-1"},"canonical":"https:\/\/kemperkontakt.de\/pl\/nowosc-grawerowanie-laserowe-logo-z-kodem-qr-lub-bez-teraz-dostepne-jako-opcja-dodatkowa\/","og_locale":"pl_PL","og_type":"article","og_title":"Nowo\u015b\u0107: Grawerowanie laserowe logo z kodem QR lub bez - teraz dost\u0119pne jako opcja dodatkowa - Kemper-Kontakt","og_url":"https:\/\/kemperkontakt.de\/pl\/nowosc-grawerowanie-laserowe-logo-z-kodem-qr-lub-bez-teraz-dostepne-jako-opcja-dodatkowa\/","og_site_name":"Kemper-Kontakt","article_modified_time":"2025-10-23T08:10:39+00:00","twitter_card":"summary_large_image","twitter_misc":{"Szacowany czas czytania":"5 minut"},"schema":{"@context":"https:\/\/schema.org","@graph":[{"@type":"WebPage","@id":"https:\/\/kemperkontakt.de\/pl\/nowosc-grawerowanie-laserowe-logo-z-kodem-qr-lub-bez-teraz-dostepne-jako-opcja-dodatkowa\/","url":"https:\/\/kemperkontakt.de\/pl\/nowosc-grawerowanie-laserowe-logo-z-kodem-qr-lub-bez-teraz-dostepne-jako-opcja-dodatkowa\/","name":"Nowo\u015b\u0107: Grawerowanie laserowe logo z kodem QR lub bez - teraz dost\u0119pne jako opcja dodatkowa - Kemper-Kontakt","isPartOf":{"@id":"https:\/\/kemperkontakt.de\/pl\/#website"},"datePublished":"2025-09-30T13:49:13+00:00","dateModified":"2025-10-23T08:10:39+00:00","breadcrumb":{"@id":"https:\/\/kemperkontakt.de\/pl\/nowosc-grawerowanie-laserowe-logo-z-kodem-qr-lub-bez-teraz-dostepne-jako-opcja-dodatkowa\/#breadcrumb"},"inLanguage":"pl-PL","potentialAction":[{"@type":"ReadAction","target":["https:\/\/kemperkontakt.de\/pl\/nowosc-grawerowanie-laserowe-logo-z-kodem-qr-lub-bez-teraz-dostepne-jako-opcja-dodatkowa\/"]}]},{"@type":"BreadcrumbList","@id":"https:\/\/kemperkontakt.de\/pl\/nowosc-grawerowanie-laserowe-logo-z-kodem-qr-lub-bez-teraz-dostepne-jako-opcja-dodatkowa\/#breadcrumb","itemListElement":[{"@type":"ListItem","position":1,"name":"Startseite","item":"https:\/\/kemperkontakt.de\/pl\/"},{"@type":"ListItem","position":2,"name":"Kategorie niebieskie","item":"https:\/\/kemperkontakt.de\/pl\/kategorie-niebieskie\/"},{"@type":"ListItem","position":3,"name":"Nowo\u015b\u0107: Grawerowanie laserowe logo z kodem QR lub bez &#8211; teraz dost\u0119pne jako opcja dodatkowa"}]},{"@type":"WebSite","@id":"https:\/\/kemperkontakt.de\/pl\/#website","url":"https:\/\/kemperkontakt.de\/pl\/","name":"Kemper-Kontakt","description":"","potentialAction":[{"@type":"SearchAction","target":{"@type":"EntryPoint","urlTemplate":"https:\/\/kemperkontakt.de\/pl\/?s={search_term_string}"},"query-input":{"@type":"PropertyValueSpecification","valueRequired":true,"valueName":"search_term_string"}}],"inLanguage":"pl-PL"}]}},"_links":{"self":[{"href":"https:\/\/kemperkontakt.de\/pl\/wp-json\/wp\/v2\/pages\/7694","targetHints":{"allow":["GET"]}}],"collection":[{"href":"https:\/\/kemperkontakt.de\/pl\/wp-json\/wp\/v2\/pages"}],"about":[{"href":"https:\/\/kemperkontakt.de\/pl\/wp-json\/wp\/v2\/types\/page"}],"author":[{"embeddable":true,"href":"https:\/\/kemperkontakt.de\/pl\/wp-json\/wp\/v2\/users\/3"}],"replies":[{"embeddable":true,"href":"https:\/\/kemperkontakt.de\/pl\/wp-json\/wp\/v2\/comments?post=7694"}],"version-history":[{"count":5,"href":"https:\/\/kemperkontakt.de\/pl\/wp-json\/wp\/v2\/pages\/7694\/revisions"}],"predecessor-version":[{"id":7699,"href":"https:\/\/kemperkontakt.de\/pl\/wp-json\/wp\/v2\/pages\/7694\/revisions\/7699"}],"wp:attachment":[{"href":"https:\/\/kemperkontakt.de\/pl\/wp-json\/wp\/v2\/media?parent=7694"}],"curies":[{"name":"wp","href":"https:\/\/api.w.org\/{rel}","templated":true}]}}