{"id":5173,"date":"2024-07-04T16:32:02","date_gmt":"2024-07-04T14:32:02","guid":{"rendered":"https:\/\/kemperkontakt.de\/o-firmie-kemper\/"},"modified":"2025-01-14T14:25:06","modified_gmt":"2025-01-14T13:25:06","slug":"o-firmie-kemper","status":"publish","type":"page","link":"https:\/\/kemperkontakt.de\/pl\/o-firmie-kemper\/","title":{"rendered":"O firmie Kemper"},"content":{"rendered":"<div class=\"fusion-fullwidth fullwidth-box fusion-builder-row-1 fusion-flex-container has-pattern-background has-mask-background nonhundred-percent-fullwidth non-hundred-percent-height-scrolling\" style=\"--awb-border-radius-top-left:0px;--awb-border-radius-top-right:0px;--awb-border-radius-bottom-right:0px;--awb-border-radius-bottom-left:0px;--awb-flex-wrap:wrap;\" ><div class=\"fusion-builder-row fusion-row fusion-flex-align-items-flex-start fusion-flex-content-wrap\" style=\"max-width:1248px;margin-left: calc(-4% \/ 2 );margin-right: calc(-4% \/ 2 );\"><div class=\"fusion-layout-column fusion_builder_column fusion-builder-column-0 fusion_builder_column_1_1 1_1 fusion-flex-column\" style=\"--awb-bg-size:cover;--awb-width-large:100%;--awb-margin-top-large:0px;--awb-spacing-right-large:1.92%;--awb-margin-bottom-large:20px;--awb-spacing-left-large:1.92%;--awb-width-medium:100%;--awb-order-medium:0;--awb-spacing-right-medium:1.92%;--awb-spacing-left-medium:1.92%;--awb-width-small:100%;--awb-order-small:0;--awb-spacing-right-small:1.92%;--awb-spacing-left-small:1.92%;\"><div class=\"fusion-column-wrapper fusion-column-has-shadow fusion-flex-justify-content-flex-start fusion-content-layout-column\"><div class=\"fusion-title title fusion-title-1 fusion-sep-none fusion-title-text fusion-title-size-one\"><h1 class=\"fusion-title-heading title-heading-left fusion-responsive-typography-calculated\" style=\"margin:0;--fontSize:48;line-height:1.2;\"><h2>Kemper contact &#8211; firma z tradycjami<\/h2><\/h1><\/div><\/div><\/div><div class=\"fusion-layout-column fusion_builder_column fusion-builder-column-1 fusion_builder_column_1_1 1_1 fusion-flex-column\" style=\"--awb-bg-size:cover;--awb-width-large:100%;--awb-margin-top-large:0px;--awb-spacing-right-large:1.92%;--awb-margin-bottom-large:20px;--awb-spacing-left-large:1.92%;--awb-width-medium:100%;--awb-order-medium:0;--awb-spacing-right-medium:1.92%;--awb-spacing-left-medium:1.92%;--awb-width-small:100%;--awb-order-small:0;--awb-spacing-right-small:1.92%;--awb-spacing-left-small:1.92%;\"><div class=\"fusion-column-wrapper fusion-column-has-shadow fusion-flex-justify-content-flex-start fusion-content-layout-column\"><div class=\"fusion-text fusion-text-1\"><p><img decoding=\"async\" class=\"lazyload alignleft wp-image-621\" src=\"http:\/\/kemperkontakt.com\/wp-content\/uploads\/2024\/06\/scan_9066_800x500.png\" data-orig-src=\"http:\/\/kemperkontakt.com\/wp-content\/uploads\/2024\/06\/scan_9066_800x500.png\" alt=\"\" width=\"300\" height=\"188\" srcset=\"data:image\/svg+xml,%3Csvg%20xmlns%3D%27http%3A%2F%2Fwww.w3.org%2F2000%2Fsvg%27%20width%3D%27300%27%20height%3D%27188%27%20viewBox%3D%270%200%20300%20188%27%3E%3Crect%20width%3D%27300%27%20height%3D%27188%27%20fill-opacity%3D%220%22%2F%3E%3C%2Fsvg%3E\" data-srcset=\"https:\/\/kemperkontakt.de\/wp-content\/uploads\/2024\/06\/scan_9066_800x500-200x125.png 200w, https:\/\/kemperkontakt.de\/wp-content\/uploads\/2024\/06\/scan_9066_800x500-300x188.png 300w, https:\/\/kemperkontakt.de\/wp-content\/uploads\/2024\/06\/scan_9066_800x500-320x202.png 320w, https:\/\/kemperkontakt.de\/wp-content\/uploads\/2024\/06\/scan_9066_800x500-400x250.png 400w, https:\/\/kemperkontakt.de\/wp-content\/uploads\/2024\/06\/scan_9066_800x500-500x313.png 500w, https:\/\/kemperkontakt.de\/wp-content\/uploads\/2024\/06\/scan_9066_800x500-600x375.png 600w, https:\/\/kemperkontakt.de\/wp-content\/uploads\/2024\/06\/scan_9066_800x500-700x441.png 700w, https:\/\/kemperkontakt.de\/wp-content\/uploads\/2024\/06\/scan_9066_800x500-768x480.png 768w, https:\/\/kemperkontakt.de\/wp-content\/uploads\/2024\/06\/scan_9066_800x500.png 800w\" data-sizes=\"auto\" data-orig-sizes=\"(max-width: 300px) 100vw, 300px\" \/><\/p>\n<p class=\"p1\">KEMPER-KONTAKT oznacza precyzj\u0119, jako\u015b\u0107 i innowacyjno\u015b\u0107 w szlifowaniu p\u0142aszczyzn oraz w produkcji \u015bciernic kontaktowych, specjalnych rolek i specjalnych komponent\u00f3w do zastosowa\u0144 przemys\u0142owych i komunalnych.<br \/>\nDzi\u0119ki naszym dw\u00f3m dzia\u0142om biznesowym oferujemy szerok\u0105 gam\u0119 produkt\u00f3w i rozwi\u0105za\u0144, kt\u00f3re s\u0105 dostarczane do oko\u0142o 45 kraj\u00f3w na ca\u0142ym \u015bwiecie. <\/p>\n<p class=\"p1\">Od ponad 70 lat jeste\u015bmy jednym z wiod\u0105cych dostawc\u00f3w w dziedzinie szlifowania powierzchni.<br \/>\nTe dziesi\u0119ciolecia do\u015bwiadczenia umo\u017cliwiaj\u0105 nam ci\u0105g\u0142y rozw\u00f3j i doskonalenie innowacyjnych technologii szlifowania i ci\u0119cia.<br \/>\nNasze d\u0105\u017cenie do doskonalenia znajduje odzwierciedlenie w naszym zarz\u0105dzaniu jako\u015bci\u0105, kt\u00f3re jest wspierane przez udokumentowane procesy i wewn\u0119trzne zaplecze testowe.<br \/>\nNasze centrum testowe KEMPER-KONTAKT odgrywa decyduj\u0105c\u0105 rol\u0119 w rozwoju nowych materia\u0142\u00f3w i proces\u00f3w.<br \/>\nAnalizujemy i optymalizujemy proces szlifowania dzi\u0119ki naszej dog\u0142\u0119bnej wiedzy specjalistycznej, aby zaoferowa\u0107 optymalne i op\u0142acalne rozwi\u0105zanie.    <\/p>\n<p><img decoding=\"async\" class=\"lazyload alignright wp-image-623\" src=\"http:\/\/kemperkontakt.com\/wp-content\/uploads\/2024\/06\/scan_9069_800x500.png\" data-orig-src=\"http:\/\/kemperkontakt.com\/wp-content\/uploads\/2024\/06\/scan_9069_800x500.png\" alt=\"\" width=\"300\" height=\"188\" srcset=\"data:image\/svg+xml,%3Csvg%20xmlns%3D%27http%3A%2F%2Fwww.w3.org%2F2000%2Fsvg%27%20width%3D%27300%27%20height%3D%27188%27%20viewBox%3D%270%200%20300%20188%27%3E%3Crect%20width%3D%27300%27%20height%3D%27188%27%20fill-opacity%3D%220%22%2F%3E%3C%2Fsvg%3E\" data-srcset=\"https:\/\/kemperkontakt.de\/wp-content\/uploads\/2024\/06\/scan_9069_800x500-200x125.png 200w, https:\/\/kemperkontakt.de\/wp-content\/uploads\/2024\/06\/scan_9069_800x500-300x188.png 300w, https:\/\/kemperkontakt.de\/wp-content\/uploads\/2024\/06\/scan_9069_800x500-320x202.png 320w, https:\/\/kemperkontakt.de\/wp-content\/uploads\/2024\/06\/scan_9069_800x500-400x250.png 400w, https:\/\/kemperkontakt.de\/wp-content\/uploads\/2024\/06\/scan_9069_800x500-500x313.png 500w, https:\/\/kemperkontakt.de\/wp-content\/uploads\/2024\/06\/scan_9069_800x500-600x375.png 600w, https:\/\/kemperkontakt.de\/wp-content\/uploads\/2024\/06\/scan_9069_800x500-700x441.png 700w, https:\/\/kemperkontakt.de\/wp-content\/uploads\/2024\/06\/scan_9069_800x500-768x480.png 768w, https:\/\/kemperkontakt.de\/wp-content\/uploads\/2024\/06\/scan_9069_800x500.png 800w\" data-sizes=\"auto\" data-orig-sizes=\"(max-width: 300px) 100vw, 300px\" \/><\/p>\n<p class=\"p1\">W naszym drugim dziale biznesowym produkujemy precyzyjne i wysokiej jako\u015bci tarcze stykowe, specjalne rolki i specjalne komponenty, kt\u00f3re s\u0105 niezb\u0119dne do p\u0142ynnego dzia\u0142ania i proces\u00f3w produkcyjnych w Twojej firmie.<br \/>\nNasza wiedza specjalistyczna obejmuje na przyk\u0142ad specjalne komponenty do technologii nap\u0119d\u00f3w, hydrauliki, konserwacji i technologii przeno\u015bnik\u00f3w.<br \/>\nTe specjalne rozwi\u0105zania oferuj\u0105 maksymaln\u0105 funkcjonalno\u015b\u0107, maksymaln\u0105 ochron\u0119 u\u017cytkownika i najwi\u0119ksze mo\u017cliwe korzy\u015bci w eksploatacji.  <\/p>\n<p><img decoding=\"async\" class=\"lazyload alignleft wp-image-624\" src=\"http:\/\/kemperkontakt.com\/wp-content\/uploads\/2024\/06\/scan_9073_800x800.png\" data-orig-src=\"http:\/\/kemperkontakt.com\/wp-content\/uploads\/2024\/06\/scan_9073_800x800.png\" alt=\"\" width=\"300\" height=\"300\" srcset=\"data:image\/svg+xml,%3Csvg%20xmlns%3D%27http%3A%2F%2Fwww.w3.org%2F2000%2Fsvg%27%20width%3D%27300%27%20height%3D%27300%27%20viewBox%3D%270%200%20300%20300%27%3E%3Crect%20width%3D%27300%27%20height%3D%27300%27%20fill-opacity%3D%220%22%2F%3E%3C%2Fsvg%3E\" data-srcset=\"https:\/\/kemperkontakt.de\/wp-content\/uploads\/2024\/06\/scan_9073_800x800-66x66.png 66w, https:\/\/kemperkontakt.de\/wp-content\/uploads\/2024\/06\/scan_9073_800x800-150x150.png 150w, https:\/\/kemperkontakt.de\/wp-content\/uploads\/2024\/06\/scan_9073_800x800-200x200.png 200w, https:\/\/kemperkontakt.de\/wp-content\/uploads\/2024\/06\/scan_9073_800x800-300x300.png 300w, https:\/\/kemperkontakt.de\/wp-content\/uploads\/2024\/06\/scan_9073_800x800-400x400.png 400w, https:\/\/kemperkontakt.de\/wp-content\/uploads\/2024\/06\/scan_9073_800x800-500x500.png 500w, https:\/\/kemperkontakt.de\/wp-content\/uploads\/2024\/06\/scan_9073_800x800-600x600.png 600w, https:\/\/kemperkontakt.de\/wp-content\/uploads\/2024\/06\/scan_9073_800x800-768x768.png 768w, https:\/\/kemperkontakt.de\/wp-content\/uploads\/2024\/06\/scan_9073_800x800.png 800w\" data-sizes=\"auto\" data-orig-sizes=\"(max-width: 300px) 100vw, 300px\" \/><\/p>\n<p class=\"p1\">Dzi\u0119ki naszemu wieloletniemu do\u015bwiadczeniu jeste\u015bmy uznanym i niezawodnym partnerem dla firm przemys\u0142owych i komunalnych w tej dziedzinie. Nasze szybkie terminy dostaw i wysoka jako\u015b\u0107 naszych niestandardowych produkt\u00f3w gwarantuj\u0105, \u017ce Twoja firma b\u0119dzie dzia\u0142a\u0107 przez ca\u0142y czas. <\/p>\n<p class=\"p1\">Dzi\u0119ki naszemu kompleksowemu asortymentowi premium i uznanej w bran\u017cy jako\u015bci produkcji naszych produkt\u00f3w, staramy si\u0119 by\u0107 liderem jako\u015bci w naszej bran\u017cy.<\/p>\n<p class=\"p1\">KEMPER-KONTAKT jest niezawodnym partnerem w zakresie wysokiej jako\u015bci rozwi\u0105za\u0144 szlifierskich i niestandardowych produkt\u00f3w specjalnych w sektorze przemys\u0142owym i komunalnym.<\/p>\n<\/div><\/div><\/div><\/div><\/div>\n","protected":false},"excerpt":{"rendered":"","protected":false},"author":1,"featured_media":0,"parent":0,"menu_order":0,"comment_status":"closed","ping_status":"closed","template":"100-width.php","meta":{"footnotes":""},"class_list":["post-5173","page","type-page","status-publish","hentry"],"yoast_head":"<!-- This site is optimized with the Yoast SEO plugin v27.3 - https:\/\/yoast.com\/product\/yoast-seo-wordpress\/ -->\n<title>O firmie Kemper - Kemper-Kontakt<\/title>\n<meta name=\"robots\" content=\"index, follow, max-snippet:-1, max-image-preview:large, max-video-preview:-1\" \/>\n<link rel=\"canonical\" href=\"https:\/\/kemperkontakt.de\/pl\/o-firmie-kemper\/\" \/>\n<meta property=\"og:locale\" content=\"pl_PL\" \/>\n<meta property=\"og:type\" content=\"article\" \/>\n<meta property=\"og:title\" content=\"O firmie Kemper - Kemper-Kontakt\" \/>\n<meta property=\"og:url\" content=\"https:\/\/kemperkontakt.de\/pl\/o-firmie-kemper\/\" \/>\n<meta property=\"og:site_name\" content=\"Kemper-Kontakt\" \/>\n<meta property=\"article:modified_time\" content=\"2025-01-14T13:25:06+00:00\" \/>\n<meta property=\"og:image\" content=\"https:\/\/kemperkontakt.de\/wp-content\/uploads\/2024\/06\/scan_9066_800x500.png\" \/>\n\t<meta property=\"og:image:width\" content=\"800\" \/>\n\t<meta property=\"og:image:height\" content=\"500\" \/>\n\t<meta property=\"og:image:type\" content=\"image\/png\" \/>\n<meta name=\"twitter:card\" content=\"summary_large_image\" \/>\n<meta name=\"twitter:label1\" content=\"Szacowany czas czytania\" \/>\n\t<meta name=\"twitter:data1\" content=\"6 minut\" \/>\n<script type=\"application\/ld+json\" class=\"yoast-schema-graph\">{\"@context\":\"https:\\\/\\\/schema.org\",\"@graph\":[{\"@type\":\"WebPage\",\"@id\":\"https:\\\/\\\/kemperkontakt.de\\\/pl\\\/o-firmie-kemper\\\/\",\"url\":\"https:\\\/\\\/kemperkontakt.de\\\/pl\\\/o-firmie-kemper\\\/\",\"name\":\"O firmie Kemper - Kemper-Kontakt\",\"isPartOf\":{\"@id\":\"https:\\\/\\\/kemperkontakt.de\\\/pl\\\/#website\"},\"primaryImageOfPage\":{\"@id\":\"https:\\\/\\\/kemperkontakt.de\\\/pl\\\/o-firmie-kemper\\\/#primaryimage\"},\"image\":{\"@id\":\"https:\\\/\\\/kemperkontakt.de\\\/pl\\\/o-firmie-kemper\\\/#primaryimage\"},\"thumbnailUrl\":\"http:\\\/\\\/kemperkontakt.com\\\/wp-content\\\/uploads\\\/2024\\\/06\\\/scan_9066_800x500.png\",\"datePublished\":\"2024-07-04T14:32:02+00:00\",\"dateModified\":\"2025-01-14T13:25:06+00:00\",\"breadcrumb\":{\"@id\":\"https:\\\/\\\/kemperkontakt.de\\\/pl\\\/o-firmie-kemper\\\/#breadcrumb\"},\"inLanguage\":\"pl-PL\",\"potentialAction\":[{\"@type\":\"ReadAction\",\"target\":[\"https:\\\/\\\/kemperkontakt.de\\\/pl\\\/o-firmie-kemper\\\/\"]}]},{\"@type\":\"ImageObject\",\"inLanguage\":\"pl-PL\",\"@id\":\"https:\\\/\\\/kemperkontakt.de\\\/pl\\\/o-firmie-kemper\\\/#primaryimage\",\"url\":\"http:\\\/\\\/kemperkontakt.com\\\/wp-content\\\/uploads\\\/2024\\\/06\\\/scan_9066_800x500.png\",\"contentUrl\":\"http:\\\/\\\/kemperkontakt.com\\\/wp-content\\\/uploads\\\/2024\\\/06\\\/scan_9066_800x500.png\"},{\"@type\":\"BreadcrumbList\",\"@id\":\"https:\\\/\\\/kemperkontakt.de\\\/pl\\\/o-firmie-kemper\\\/#breadcrumb\",\"itemListElement\":[{\"@type\":\"ListItem\",\"position\":1,\"name\":\"Startseite\",\"item\":\"https:\\\/\\\/kemperkontakt.de\\\/pl\\\/\"},{\"@type\":\"ListItem\",\"position\":2,\"name\":\"O firmie Kemper\"}]},{\"@type\":\"WebSite\",\"@id\":\"https:\\\/\\\/kemperkontakt.de\\\/pl\\\/#website\",\"url\":\"https:\\\/\\\/kemperkontakt.de\\\/pl\\\/\",\"name\":\"Kemper-Kontakt\",\"description\":\"\",\"potentialAction\":[{\"@type\":\"SearchAction\",\"target\":{\"@type\":\"EntryPoint\",\"urlTemplate\":\"https:\\\/\\\/kemperkontakt.de\\\/pl\\\/?s={search_term_string}\"},\"query-input\":{\"@type\":\"PropertyValueSpecification\",\"valueRequired\":true,\"valueName\":\"search_term_string\"}}],\"inLanguage\":\"pl-PL\"}]}<\/script>\n<!-- \/ Yoast SEO plugin. -->","yoast_head_json":{"title":"O firmie Kemper - Kemper-Kontakt","robots":{"index":"index","follow":"follow","max-snippet":"max-snippet:-1","max-image-preview":"max-image-preview:large","max-video-preview":"max-video-preview:-1"},"canonical":"https:\/\/kemperkontakt.de\/pl\/o-firmie-kemper\/","og_locale":"pl_PL","og_type":"article","og_title":"O firmie Kemper - Kemper-Kontakt","og_url":"https:\/\/kemperkontakt.de\/pl\/o-firmie-kemper\/","og_site_name":"Kemper-Kontakt","article_modified_time":"2025-01-14T13:25:06+00:00","og_image":[{"width":800,"height":500,"url":"https:\/\/kemperkontakt.de\/wp-content\/uploads\/2024\/06\/scan_9066_800x500.png","type":"image\/png"}],"twitter_card":"summary_large_image","twitter_misc":{"Szacowany czas czytania":"6 minut"},"schema":{"@context":"https:\/\/schema.org","@graph":[{"@type":"WebPage","@id":"https:\/\/kemperkontakt.de\/pl\/o-firmie-kemper\/","url":"https:\/\/kemperkontakt.de\/pl\/o-firmie-kemper\/","name":"O firmie Kemper - Kemper-Kontakt","isPartOf":{"@id":"https:\/\/kemperkontakt.de\/pl\/#website"},"primaryImageOfPage":{"@id":"https:\/\/kemperkontakt.de\/pl\/o-firmie-kemper\/#primaryimage"},"image":{"@id":"https:\/\/kemperkontakt.de\/pl\/o-firmie-kemper\/#primaryimage"},"thumbnailUrl":"http:\/\/kemperkontakt.com\/wp-content\/uploads\/2024\/06\/scan_9066_800x500.png","datePublished":"2024-07-04T14:32:02+00:00","dateModified":"2025-01-14T13:25:06+00:00","breadcrumb":{"@id":"https:\/\/kemperkontakt.de\/pl\/o-firmie-kemper\/#breadcrumb"},"inLanguage":"pl-PL","potentialAction":[{"@type":"ReadAction","target":["https:\/\/kemperkontakt.de\/pl\/o-firmie-kemper\/"]}]},{"@type":"ImageObject","inLanguage":"pl-PL","@id":"https:\/\/kemperkontakt.de\/pl\/o-firmie-kemper\/#primaryimage","url":"http:\/\/kemperkontakt.com\/wp-content\/uploads\/2024\/06\/scan_9066_800x500.png","contentUrl":"http:\/\/kemperkontakt.com\/wp-content\/uploads\/2024\/06\/scan_9066_800x500.png"},{"@type":"BreadcrumbList","@id":"https:\/\/kemperkontakt.de\/pl\/o-firmie-kemper\/#breadcrumb","itemListElement":[{"@type":"ListItem","position":1,"name":"Startseite","item":"https:\/\/kemperkontakt.de\/pl\/"},{"@type":"ListItem","position":2,"name":"O firmie Kemper"}]},{"@type":"WebSite","@id":"https:\/\/kemperkontakt.de\/pl\/#website","url":"https:\/\/kemperkontakt.de\/pl\/","name":"Kemper-Kontakt","description":"","potentialAction":[{"@type":"SearchAction","target":{"@type":"EntryPoint","urlTemplate":"https:\/\/kemperkontakt.de\/pl\/?s={search_term_string}"},"query-input":{"@type":"PropertyValueSpecification","valueRequired":true,"valueName":"search_term_string"}}],"inLanguage":"pl-PL"}]}},"_links":{"self":[{"href":"https:\/\/kemperkontakt.de\/pl\/wp-json\/wp\/v2\/pages\/5173","targetHints":{"allow":["GET"]}}],"collection":[{"href":"https:\/\/kemperkontakt.de\/pl\/wp-json\/wp\/v2\/pages"}],"about":[{"href":"https:\/\/kemperkontakt.de\/pl\/wp-json\/wp\/v2\/types\/page"}],"author":[{"embeddable":true,"href":"https:\/\/kemperkontakt.de\/pl\/wp-json\/wp\/v2\/users\/1"}],"replies":[{"embeddable":true,"href":"https:\/\/kemperkontakt.de\/pl\/wp-json\/wp\/v2\/comments?post=5173"}],"version-history":[{"count":2,"href":"https:\/\/kemperkontakt.de\/pl\/wp-json\/wp\/v2\/pages\/5173\/revisions"}],"predecessor-version":[{"id":5175,"href":"https:\/\/kemperkontakt.de\/pl\/wp-json\/wp\/v2\/pages\/5173\/revisions\/5175"}],"wp:attachment":[{"href":"https:\/\/kemperkontakt.de\/pl\/wp-json\/wp\/v2\/media?parent=5173"}],"curies":[{"name":"wp","href":"https:\/\/api.w.org\/{rel}","templated":true}]}}