{"id":5054,"date":"2024-06-05T18:09:45","date_gmt":"2024-06-05T16:09:45","guid":{"rendered":"https:\/\/kemperkontakt.de\/wygladzanie-i-gratowanie-czesci-plastikowych\/"},"modified":"2025-09-18T15:46:51","modified_gmt":"2025-09-18T13:46:51","slug":"wygladzanie-i-gratowanie-czesci-plastikowych","status":"publish","type":"page","link":"https:\/\/kemperkontakt.de\/pl\/wygladzanie-i-gratowanie-czesci-plastikowych\/","title":{"rendered":"Wyg\u0142adzanie i gratowanie cz\u0119\u015bci plastikowych"},"content":{"rendered":"<p><div class=\"fusion-fullwidth fullwidth-box fusion-builder-row-1 fusion-flex-container has-pattern-background has-mask-background nonhundred-percent-fullwidth non-hundred-percent-height-scrolling\" style=\"--awb-border-radius-top-left:0px;--awb-border-radius-top-right:0px;--awb-border-radius-bottom-right:0px;--awb-border-radius-bottom-left:0px;--awb-flex-wrap:wrap;\" ><div class=\"fusion-builder-row fusion-row fusion-flex-align-items-flex-start fusion-flex-content-wrap\" style=\"max-width:1248px;margin-left: calc(-4% \/ 2 );margin-right: calc(-4% \/ 2 );\"><div class=\"fusion-layout-column fusion_builder_column fusion-builder-column-0 fusion_builder_column_1_1 1_1 fusion-flex-column\" style=\"--awb-bg-size:cover;--awb-width-large:100%;--awb-margin-top-large:0px;--awb-spacing-right-large:1.92%;--awb-margin-bottom-large:20px;--awb-spacing-left-large:1.92%;--awb-width-medium:100%;--awb-order-medium:0;--awb-spacing-right-medium:1.92%;--awb-spacing-left-medium:1.92%;--awb-width-small:100%;--awb-order-small:0;--awb-spacing-right-small:1.92%;--awb-spacing-left-small:1.92%;\"><div class=\"fusion-column-wrapper fusion-column-has-shadow fusion-flex-justify-content-flex-start fusion-content-layout-column\"><div class=\"fusion-title title fusion-title-1 fusion-sep-none fusion-title-text fusion-title-size-one\"><h1 class=\"fusion-title-heading title-heading-left fusion-responsive-typography-calculated\" style=\"margin:0;--fontSize:48;line-height:1.2;\">Wyg\u0142adzanie i usuwanie zadzior\u00f3w z plastikowych cz\u0119\u015bci w kilka sekund<\/h1><\/div><\/div><\/div><\/div><\/div><div class=\"fusion-fullwidth fullwidth-box fusion-builder-row-2 fusion-flex-container has-pattern-background has-mask-background nonhundred-percent-fullwidth non-hundred-percent-height-scrolling\" style=\"--awb-border-radius-top-left:0px;--awb-border-radius-top-right:0px;--awb-border-radius-bottom-right:0px;--awb-border-radius-bottom-left:0px;--awb-flex-wrap:wrap;\" ><div class=\"fusion-builder-row fusion-row fusion-flex-align-items-flex-start fusion-flex-content-wrap\" style=\"max-width:1248px;margin-left: calc(-4% \/ 2 );margin-right: calc(-4% \/ 2 );\"><div class=\"fusion-layout-column fusion_builder_column fusion-builder-column-1 fusion_builder_column_1_1 1_1 fusion-flex-column\" style=\"--awb-bg-size:cover;--awb-width-large:100%;--awb-margin-top-large:0px;--awb-spacing-right-large:1.92%;--awb-margin-bottom-large:20px;--awb-spacing-left-large:1.92%;--awb-width-medium:100%;--awb-order-medium:0;--awb-spacing-right-medium:1.92%;--awb-spacing-left-medium:1.92%;--awb-width-small:100%;--awb-order-small:0;--awb-spacing-right-small:1.92%;--awb-spacing-left-small:1.92%;\"><div class=\"fusion-column-wrapper fusion-column-has-shadow fusion-flex-justify-content-flex-start fusion-content-layout-column\"><div class=\"fusion-text fusion-text-1\"><div class=\"popup-gallery row\">\n<div class=\"col-xs-12\">\n<p class=\"bodytext\"><img decoding=\"async\" class=\"lazyload alignnone wp-image-7484 size-fusion-400\" src=\"https:\/\/kemperkontakt.de\/wp-content\/uploads\/2025\/09\/2025_09_Fotoserie_kemperkontakt-37-400x267.jpg\" data-orig-src=\"https:\/\/kemperkontakt.de\/wp-content\/uploads\/2025\/09\/2025_09_Fotoserie_kemperkontakt-37-400x267.jpg\" alt=\"\" width=\"400\" height=\"267\" srcset=\"data:image\/svg+xml,%3Csvg%20xmlns%3D%27http%3A%2F%2Fwww.w3.org%2F2000%2Fsvg%27%20width%3D%27400%27%20height%3D%27267%27%20viewBox%3D%270%200%20400%20267%27%3E%3Crect%20width%3D%27400%27%20height%3D%27267%27%20fill-opacity%3D%220%22%2F%3E%3C%2Fsvg%3E\" data-srcset=\"https:\/\/kemperkontakt.de\/wp-content\/uploads\/2025\/09\/2025_09_Fotoserie_kemperkontakt-37-200x133.jpg 200w, https:\/\/kemperkontakt.de\/wp-content\/uploads\/2025\/09\/2025_09_Fotoserie_kemperkontakt-37-300x200.jpg 300w, https:\/\/kemperkontakt.de\/wp-content\/uploads\/2025\/09\/2025_09_Fotoserie_kemperkontakt-37-400x267.jpg 400w, https:\/\/kemperkontakt.de\/wp-content\/uploads\/2025\/09\/2025_09_Fotoserie_kemperkontakt-37-500x333.jpg 500w, https:\/\/kemperkontakt.de\/wp-content\/uploads\/2025\/09\/2025_09_Fotoserie_kemperkontakt-37-600x400.jpg 600w, https:\/\/kemperkontakt.de\/wp-content\/uploads\/2025\/09\/2025_09_Fotoserie_kemperkontakt-37-768x512.jpg 768w, https:\/\/kemperkontakt.de\/wp-content\/uploads\/2025\/09\/2025_09_Fotoserie_kemperkontakt-37-800x533.jpg 800w, https:\/\/kemperkontakt.de\/wp-content\/uploads\/2025\/09\/2025_09_Fotoserie_kemperkontakt-37-1024x682.jpg 1024w, https:\/\/kemperkontakt.de\/wp-content\/uploads\/2025\/09\/2025_09_Fotoserie_kemperkontakt-37-1200x800.jpg 1200w, https:\/\/kemperkontakt.de\/wp-content\/uploads\/2025\/09\/2025_09_Fotoserie_kemperkontakt-37.jpg 1280w\" data-sizes=\"auto\" data-orig-sizes=\"(max-width: 400px) 100vw, 400px\" \/>Producenci i przetw\u00f3rcy cz\u0119\u015bci formowanych z tworzyw sztucznych lub innych materia\u0142\u00f3w regularnie staj\u0105 przed problemem gratowania detali po procesie wtrysku lub (w przypadku innych materia\u0142\u00f3w) ci\u0119cia rozdzielaj\u0105cego.<\/p>\n<p class=\"bodytext\"><a class=\"internal-link\" href=\"https:\/\/kemperkontakt.de\/pl\/produkt-kategorie\/mielic\/narzedzia-szlifierskie-klapki\/oryginalny-kemper-schleifstern\/\"><span style=\"color: #009a93;\">ORYGINALNY KEMPER GRINDING STUD\u00ae<\/span><\/a> firmy KEMPER-KONTAKT Gert Kemper GmbH, Wuppertal, Niemcy, oferuje optymaln\u0105, szybk\u0105 i ekonomiczn\u0105 opcj\u0119. Jedn\u0105 z jego wyj\u0105tkowych w\u0142a\u015bciwo\u015bci jest ch\u0142odny szlif, dzi\u0119ki czemu nadaje si\u0119 do obr\u00f3bki tworzyw termoplastycznych lub GRP.<\/p>\n<\/div>\n<\/div>\n<p class=\"bodytext\">Prawid\u0142owe u\u017cytkowanie nie powoduje wypalania ani rozmazywania.<\/p>\n<p class=\"bodytext\">W zale\u017cno\u015bci od powierzchni i kszta\u0142tu obrabianego przedmiotu, te gwiazdy szlifierskie s\u0105 dost\u0119pne w r\u00f3\u017cnych \u015brednicach i wielko\u015bciach ziarna i s\u0105 nap\u0119dzane przez dost\u0119pne na rynku i w wielu przypadkach istniej\u0105ce szlifierki r\u0119czne, szlifierki pneumatyczne lub przez stacjonarn\u0105, bezstopniowo regulowan\u0105 szlifierk\u0119 <a class=\"internal-link\" href=\"https:\/\/kemperkontakt.de\/pl\/produkt\/maszyna-do-szlifowania-polerowania-starmax-neo\/\"><span style=\"color: #009a93;\">STARMAX\u00ae<\/span> neo<\/a> (patrz zdj\u0119cie).<\/p>\n<p class=\"bodytext\">Wyb\u00f3r optymalnej pr\u0119dko\u015bci zale\u017cnej od \u015brednicy ma kluczowe znaczenie, poniewa\u017c tylko gwiazdy szlifierskie pracuj\u0105ce z tak\u0105 pr\u0119dko\u015bci\u0105 mog\u0105 w pe\u0142ni wykorzysta\u0107 swoj\u0105 prawdziw\u0105 si\u0142\u0119, a mianowicie wysok\u0105 elastyczno\u015b\u0107, na rzecz procesu gratowania. Nawet mocno profilowane, pi\u0142owane cz\u0119\u015bci s\u0105 gratowane w ci\u0105gu kilku sekund bez pozostawiania widocznych w\u0142osk\u00f3w z drutu (cz\u0119sto przy u\u017cyciu szczotek drucianych) lub niewidocznych pozosta\u0142o\u015bci (cz\u0119sto przy u\u017cyciu szczotek nylonowych), kt\u00f3re albo musz\u0105 zosta\u0107 zdmuchni\u0119te w oddzielnym procesie, albo mog\u0105 zak\u0142\u00f3ca\u0107 lub nawet uniemo\u017cliwia\u0107 dalsze operacje przetwarzania.<\/p>\n<p class=\"bodytext\">Gratowanie za pomoc\u0105 <span style=\"color: #009a93;\"><a class=\"internal-link\" style=\"color: #009a93;\" href=\"https:\/\/kemperkontakt.de\/pl\/produkt-kategorie\/mielic\/narzedzia-szlifierskie-klapki\/oryginalny-kemper-schleifstern\/\">ORIGINAL KEMPER GRINDING STUD\u00ae<\/a><\/span> nie ma wp\u0142ywu na dok\u0142adno\u015b\u0107 wymiarow\u0105 obrabianych element\u00f3w.<\/p>\n<p class=\"bodytext\">Szlifierka <span style=\"color: #009a93;\"><a class=\"internal-link\" style=\"color: #009a93;\" href=\"https:\/\/kemperkontakt.de\/pl\/produkt\/maszyna-do-szlifowania-polerowania-starmax-neo\/\">STARMAX\u00ae neo<\/a><\/span> mo\u017ce by\u0107 zintegrowana z procesem roboczym jako samodzielna maszyna, dzi\u0119ki czemu mo\u017ce by\u0107 sterowana r\u0119cznie lub automatycznie z obrabianym przedmiotem. Decyzja jest podejmowana w ka\u017cdym indywidualnym przypadku w oparciu o mo\u017cliwo\u015bci techniczne u\u017cytkownika. Maszyna mo\u017ce by\u0107 wyposa\u017cona po jednej lub obu stronach w gwiazdy szlifierskie o tej samej \u015brednicy.<\/p>\n<p class=\"bodytext\">Bardzo niskie koszty inwestycji w por\u00f3wnaniu z efektem racjonalizacji s\u0105 nieistotne.<\/p>\n<p class=\"bodytext\"><a class=\"internal-link\" href=\"https:\/\/kemperkontakt.de\/pl\/produkt-kategorie\/mielic\/narzedzia-szlifierskie-klapki\/oryginalny-kemper-schleifstern\/\"><span style=\"color: #009a93;\">ORIGINAL KEMPER GRINDING STUD\u00ae<\/span><\/a>, w po\u0142\u0105czeniu z opisanymi maszynami nap\u0119dowymi, oferuje elastyczne i ekonomiczne rozwi\u0105zanie problem\u00f3w zwi\u0105zanych z gratowaniem w obszarze poni\u017cej du\u017cych system\u00f3w przemys\u0142owych, a tym samym umo\u017cliwia producentom \u015brednich i ma\u0142ych serii wykorzystanie poszukiwanego potencja\u0142u racjonalizacji.<\/p>\n<\/div><\/div><\/div><\/div><\/div><div class=\"fusion-fullwidth fullwidth-box fusion-builder-row-3 fusion-flex-container has-pattern-background has-mask-background nonhundred-percent-fullwidth non-hundred-percent-height-scrolling\" style=\"--awb-border-radius-top-left:0px;--awb-border-radius-top-right:0px;--awb-border-radius-bottom-right:0px;--awb-border-radius-bottom-left:0px;--awb-flex-wrap:wrap;\" ><div class=\"fusion-builder-row fusion-row fusion-flex-align-items-flex-start fusion-flex-content-wrap\" style=\"max-width:1248px;margin-left: calc(-4% \/ 2 );margin-right: calc(-4% \/ 2 );\"><div class=\"fusion-layout-column fusion_builder_column fusion-builder-column-2 fusion_builder_column_1_1 1_1 fusion-flex-column\" style=\"--awb-bg-size:cover;--awb-width-large:100%;--awb-margin-top-large:0px;--awb-spacing-right-large:1.92%;--awb-margin-bottom-large:20px;--awb-spacing-left-large:1.92%;--awb-width-medium:100%;--awb-order-medium:0;--awb-spacing-right-medium:1.92%;--awb-spacing-left-medium:1.92%;--awb-width-small:100%;--awb-order-small:0;--awb-spacing-right-small:1.92%;--awb-spacing-left-small:1.92%;\"><div class=\"fusion-column-wrapper fusion-column-has-shadow fusion-flex-justify-content-flex-start fusion-content-layout-column\"><div class=\"fusion-title title fusion-title-2 fusion-sep-none fusion-title-text fusion-title-size-one\"><h1 class=\"fusion-title-heading title-heading-left fusion-responsive-typography-calculated\" style=\"margin:0;--fontSize:48;line-height:1.2;\"><h4>Produkty do obr\u00f3bki cz\u0119\u015bci z tworzyw sztucznych<\/h4><\/h1><\/div><\/div><\/div><div class=\"fusion-layout-column fusion_builder_column fusion-builder-column-3 fusion_builder_column_1_1 1_1 fusion-flex-column\" style=\"--awb-bg-size:cover;--awb-width-large:100%;--awb-margin-top-large:0px;--awb-spacing-right-large:1.92%;--awb-margin-bottom-large:20px;--awb-spacing-left-large:1.92%;--awb-width-medium:100%;--awb-order-medium:0;--awb-spacing-right-medium:1.92%;--awb-spacing-left-medium:1.92%;--awb-width-small:100%;--awb-order-small:0;--awb-spacing-right-small:1.92%;--awb-spacing-left-small:1.92%;\"><div class=\"fusion-column-wrapper fusion-column-has-shadow fusion-flex-justify-content-flex-start fusion-content-layout-column\"><div class=\"fusion-woo-product-slider fusion-woo-slider\"><div class=\"awb-carousel awb-swiper awb-swiper-carousel fusion-carousel-title-below-image\" style=\"--awb-column-spacing:7px;\" data-metacontent=\"yes\" data-autoplay=\"no\" data-columns=\"5\" data-itemmargin=\"7\" data-itemwidth=\"180\" data-touchscroll=\"yes\" data-imagesize=\"fixed\" data-scrollitems=\"3\"><div class=\"swiper-wrapper\"><div class=\"swiper-slide\"><div class=\"fusion-classic-product-image-wrapper\"><div class=\"fusion-carousel-item-wrapper\"><div  class=\"fusion-image-wrapper fusion-image-size-fixed\" aria-haspopup=\"true\">\n\t\t\t\t<div class=\"fusion-woo-badges-wrapper\">\n<\/div>\t\t\t<a href=\"https:\/\/kemperkontakt.de\/pl\/produkt\/original-kemper-schleifstern\/\" aria-label=\"ORIGINAL-KEMPER-SCHLEIFSTERN\u00ae\">\n\t\t\t\t\t\t\t<img decoding=\"async\" width=\"177\" height=\"142\" src=\"data:image\/svg+xml,%3Csvg%20xmlns%3D%27http%3A%2F%2Fwww.w3.org%2F2000%2Fsvg%27%20width%3D%27177%27%20height%3D%27142%27%20viewBox%3D%270%200%20177%20142%27%3E%3Crect%20width%3D%27177%27%20height%3D%27142%27%20fill-opacity%3D%220%22%2F%3E%3C%2Fsvg%3E\" data-orig-src=\"https:\/\/kemperkontakt.de\/wp-content\/uploads\/2024\/09\/Schleifsterne-1-1-177x142.jpg\" class=\"lazyload attachment-portfolio-five size-portfolio-five wp-post-image\" alt=\"\" \/><div class=\"cart-loading\"><i class=\"awb-icon-spinner\" aria-hidden=\"true\"><\/i><\/div>\t\t\t<\/a>\n\t\t\t\t\t\t\t<\/div>\n<h4 class=\"fusion-carousel-title product-title\"><a href=\"https:\/\/kemperkontakt.de\/pl\/produkt\/original-kemper-schleifstern\/\" target=\"_self\">ORIGINAL-KEMPER-SCHLEIFSTERN\u00ae<\/a><\/h4><div class=\"fusion-carousel-meta\"><div class=\"fusion-carousel-price\">\n<\/div><\/div><\/div><\/div><\/div><div class=\"swiper-slide\"><div class=\"fusion-classic-product-image-wrapper\"><div class=\"fusion-carousel-item-wrapper\"><div  class=\"fusion-image-wrapper fusion-image-size-fixed\" aria-haspopup=\"true\">\n\t\t\t\t<div class=\"fusion-woo-badges-wrapper\">\n<\/div>\t\t\t<a href=\"https:\/\/kemperkontakt.de\/pl\/produkt\/maszyna-do-szlifowania-polerowania-starmax-neo\/\" aria-label=\"Maszyna do szlifowania \/ polerowania STARMAX\u00ae neo\">\n\t\t\t\t\t\t\t<img decoding=\"async\" width=\"177\" height=\"142\" src=\"data:image\/svg+xml,%3Csvg%20xmlns%3D%27http%3A%2F%2Fwww.w3.org%2F2000%2Fsvg%27%20width%3D%27177%27%20height%3D%27142%27%20viewBox%3D%270%200%20177%20142%27%3E%3Crect%20width%3D%27177%27%20height%3D%27142%27%20fill-opacity%3D%220%22%2F%3E%3C%2Fsvg%3E\" data-orig-src=\"https:\/\/kemperkontakt.de\/wp-content\/uploads\/2024\/06\/Starmax_neo-1_1000x1000-177x142.jpg\" class=\"lazyload attachment-portfolio-five size-portfolio-five wp-post-image\" alt=\"\" \/><div class=\"cart-loading\"><i class=\"awb-icon-spinner\" aria-hidden=\"true\"><\/i><\/div>\t\t\t<\/a>\n\t\t\t\t\t\t\t<\/div>\n<h4 class=\"fusion-carousel-title product-title\"><a href=\"https:\/\/kemperkontakt.de\/pl\/produkt\/maszyna-do-szlifowania-polerowania-starmax-neo\/\" target=\"_self\">Maszyna do szlifowania \/ polerowania STARMAX\u00ae neo<\/a><\/h4><div class=\"fusion-carousel-meta\"><div class=\"fusion-carousel-price\">\n<\/div><\/div><\/div><\/div><\/div><div class=\"swiper-slide\"><div class=\"fusion-classic-product-image-wrapper\"><div class=\"fusion-carousel-item-wrapper\"><div  class=\"fusion-image-wrapper fusion-image-size-fixed\" aria-haspopup=\"true\">\n\t\t\t\t<div class=\"fusion-woo-badges-wrapper\">\n<\/div>\t\t\t<a href=\"https:\/\/kemperkontakt.de\/pl\/produkt\/original-kemper-schleifstern-ms\/\" aria-label=\"ORIGINAL-KEMPER-SCHLEIFSTERN\u00ae MS\">\n\t\t\t\t\t\t\t<img decoding=\"async\" width=\"177\" height=\"142\" src=\"data:image\/svg+xml,%3Csvg%20xmlns%3D%27http%3A%2F%2Fwww.w3.org%2F2000%2Fsvg%27%20width%3D%27177%27%20height%3D%27142%27%20viewBox%3D%270%200%20177%20142%27%3E%3Crect%20width%3D%27177%27%20height%3D%27142%27%20fill-opacity%3D%220%22%2F%3E%3C%2Fsvg%3E\" data-orig-src=\"https:\/\/kemperkontakt.de\/wp-content\/uploads\/2024\/06\/ORIGINAL-KEMPER-Schleifstern_MS_1000x1000-177x142.jpg\" class=\"lazyload attachment-portfolio-five size-portfolio-five wp-post-image\" alt=\"\" \/><div class=\"cart-loading\"><i class=\"awb-icon-spinner\" aria-hidden=\"true\"><\/i><\/div>\t\t\t<\/a>\n\t\t\t\t\t\t\t<\/div>\n<h4 class=\"fusion-carousel-title product-title\"><a href=\"https:\/\/kemperkontakt.de\/pl\/produkt\/original-kemper-schleifstern-ms\/\" target=\"_self\">ORIGINAL-KEMPER-SCHLEIFSTERN\u00ae MS<\/a><\/h4><div class=\"fusion-carousel-meta\"><div class=\"fusion-carousel-price\">\n<\/div><\/div><\/div><\/div><\/div><\/div><div class=\"awb-swiper-button awb-swiper-button-prev\"><i class=\"awb-icon-angle-left\" aria-hidden=\"true\"><\/i><\/div><div class=\"awb-swiper-button awb-swiper-button-next\"><i class=\"awb-icon-angle-right\" aria-hidden=\"true\"><\/i><\/div><\/div><\/div><\/div><\/div><\/div><\/div><\/p>\n","protected":false},"excerpt":{"rendered":"","protected":false},"author":1,"featured_media":0,"parent":0,"menu_order":0,"comment_status":"closed","ping_status":"closed","template":"100-width.php","meta":{"footnotes":""},"class_list":["post-5054","page","type-page","status-publish","hentry"],"yoast_head":"<!-- This site is optimized with the Yoast SEO plugin v27.3 - https:\/\/yoast.com\/product\/yoast-seo-wordpress\/ -->\n<title>Wyg\u0142adzanie i gratowanie cz\u0119\u015bci plastikowych - Kemper-Kontakt<\/title>\n<meta name=\"robots\" content=\"index, follow, max-snippet:-1, max-image-preview:large, max-video-preview:-1\" \/>\n<link rel=\"canonical\" href=\"https:\/\/kemperkontakt.de\/pl\/wygladzanie-i-gratowanie-czesci-plastikowych\/\" \/>\n<meta property=\"og:locale\" content=\"pl_PL\" \/>\n<meta property=\"og:type\" content=\"article\" \/>\n<meta property=\"og:title\" content=\"Wyg\u0142adzanie i gratowanie cz\u0119\u015bci plastikowych - Kemper-Kontakt\" \/>\n<meta property=\"og:url\" content=\"https:\/\/kemperkontakt.de\/pl\/wygladzanie-i-gratowanie-czesci-plastikowych\/\" \/>\n<meta property=\"og:site_name\" content=\"Kemper-Kontakt\" \/>\n<meta property=\"article:modified_time\" content=\"2025-09-18T13:46:51+00:00\" \/>\n<meta property=\"og:image\" content=\"https:\/\/kemperkontakt.de\/wp-content\/uploads\/2025\/09\/2025_09_Fotoserie_kemperkontakt-37.jpg\" \/>\n\t<meta property=\"og:image:width\" content=\"1280\" \/>\n\t<meta property=\"og:image:height\" content=\"853\" \/>\n\t<meta property=\"og:image:type\" content=\"image\/jpeg\" \/>\n<meta name=\"twitter:card\" content=\"summary_large_image\" \/>\n<meta name=\"twitter:label1\" content=\"Szacowany czas czytania\" \/>\n\t<meta name=\"twitter:data1\" content=\"3 minuty\" \/>\n<script type=\"application\/ld+json\" class=\"yoast-schema-graph\">{\"@context\":\"https:\\\/\\\/schema.org\",\"@graph\":[{\"@type\":\"WebPage\",\"@id\":\"https:\\\/\\\/kemperkontakt.de\\\/pl\\\/wygladzanie-i-gratowanie-czesci-plastikowych\\\/\",\"url\":\"https:\\\/\\\/kemperkontakt.de\\\/pl\\\/wygladzanie-i-gratowanie-czesci-plastikowych\\\/\",\"name\":\"Wyg\u0142adzanie i gratowanie cz\u0119\u015bci plastikowych - Kemper-Kontakt\",\"isPartOf\":{\"@id\":\"https:\\\/\\\/kemperkontakt.de\\\/pl\\\/#website\"},\"primaryImageOfPage\":{\"@id\":\"https:\\\/\\\/kemperkontakt.de\\\/pl\\\/wygladzanie-i-gratowanie-czesci-plastikowych\\\/#primaryimage\"},\"image\":{\"@id\":\"https:\\\/\\\/kemperkontakt.de\\\/pl\\\/wygladzanie-i-gratowanie-czesci-plastikowych\\\/#primaryimage\"},\"thumbnailUrl\":\"https:\\\/\\\/kemperkontakt.de\\\/wp-content\\\/uploads\\\/2025\\\/09\\\/2025_09_Fotoserie_kemperkontakt-37-400x267.jpg\",\"datePublished\":\"2024-06-05T16:09:45+00:00\",\"dateModified\":\"2025-09-18T13:46:51+00:00\",\"breadcrumb\":{\"@id\":\"https:\\\/\\\/kemperkontakt.de\\\/pl\\\/wygladzanie-i-gratowanie-czesci-plastikowych\\\/#breadcrumb\"},\"inLanguage\":\"pl-PL\",\"potentialAction\":[{\"@type\":\"ReadAction\",\"target\":[\"https:\\\/\\\/kemperkontakt.de\\\/pl\\\/wygladzanie-i-gratowanie-czesci-plastikowych\\\/\"]}]},{\"@type\":\"ImageObject\",\"inLanguage\":\"pl-PL\",\"@id\":\"https:\\\/\\\/kemperkontakt.de\\\/pl\\\/wygladzanie-i-gratowanie-czesci-plastikowych\\\/#primaryimage\",\"url\":\"https:\\\/\\\/kemperkontakt.de\\\/wp-content\\\/uploads\\\/2025\\\/09\\\/2025_09_Fotoserie_kemperkontakt-37-400x267.jpg\",\"contentUrl\":\"https:\\\/\\\/kemperkontakt.de\\\/wp-content\\\/uploads\\\/2025\\\/09\\\/2025_09_Fotoserie_kemperkontakt-37-400x267.jpg\"},{\"@type\":\"BreadcrumbList\",\"@id\":\"https:\\\/\\\/kemperkontakt.de\\\/pl\\\/wygladzanie-i-gratowanie-czesci-plastikowych\\\/#breadcrumb\",\"itemListElement\":[{\"@type\":\"ListItem\",\"position\":1,\"name\":\"Startseite\",\"item\":\"https:\\\/\\\/kemperkontakt.de\\\/pl\\\/\"},{\"@type\":\"ListItem\",\"position\":2,\"name\":\"Wyg\u0142adzanie i gratowanie cz\u0119\u015bci plastikowych\"}]},{\"@type\":\"WebSite\",\"@id\":\"https:\\\/\\\/kemperkontakt.de\\\/pl\\\/#website\",\"url\":\"https:\\\/\\\/kemperkontakt.de\\\/pl\\\/\",\"name\":\"Kemper-Kontakt\",\"description\":\"\",\"potentialAction\":[{\"@type\":\"SearchAction\",\"target\":{\"@type\":\"EntryPoint\",\"urlTemplate\":\"https:\\\/\\\/kemperkontakt.de\\\/pl\\\/?s={search_term_string}\"},\"query-input\":{\"@type\":\"PropertyValueSpecification\",\"valueRequired\":true,\"valueName\":\"search_term_string\"}}],\"inLanguage\":\"pl-PL\"}]}<\/script>\n<!-- \/ Yoast SEO plugin. -->","yoast_head_json":{"title":"Wyg\u0142adzanie i gratowanie cz\u0119\u015bci plastikowych - Kemper-Kontakt","robots":{"index":"index","follow":"follow","max-snippet":"max-snippet:-1","max-image-preview":"max-image-preview:large","max-video-preview":"max-video-preview:-1"},"canonical":"https:\/\/kemperkontakt.de\/pl\/wygladzanie-i-gratowanie-czesci-plastikowych\/","og_locale":"pl_PL","og_type":"article","og_title":"Wyg\u0142adzanie i gratowanie cz\u0119\u015bci plastikowych - Kemper-Kontakt","og_url":"https:\/\/kemperkontakt.de\/pl\/wygladzanie-i-gratowanie-czesci-plastikowych\/","og_site_name":"Kemper-Kontakt","article_modified_time":"2025-09-18T13:46:51+00:00","og_image":[{"width":1280,"height":853,"url":"https:\/\/kemperkontakt.de\/wp-content\/uploads\/2025\/09\/2025_09_Fotoserie_kemperkontakt-37.jpg","type":"image\/jpeg"}],"twitter_card":"summary_large_image","twitter_misc":{"Szacowany czas czytania":"3 minuty"},"schema":{"@context":"https:\/\/schema.org","@graph":[{"@type":"WebPage","@id":"https:\/\/kemperkontakt.de\/pl\/wygladzanie-i-gratowanie-czesci-plastikowych\/","url":"https:\/\/kemperkontakt.de\/pl\/wygladzanie-i-gratowanie-czesci-plastikowych\/","name":"Wyg\u0142adzanie i gratowanie cz\u0119\u015bci plastikowych - Kemper-Kontakt","isPartOf":{"@id":"https:\/\/kemperkontakt.de\/pl\/#website"},"primaryImageOfPage":{"@id":"https:\/\/kemperkontakt.de\/pl\/wygladzanie-i-gratowanie-czesci-plastikowych\/#primaryimage"},"image":{"@id":"https:\/\/kemperkontakt.de\/pl\/wygladzanie-i-gratowanie-czesci-plastikowych\/#primaryimage"},"thumbnailUrl":"https:\/\/kemperkontakt.de\/wp-content\/uploads\/2025\/09\/2025_09_Fotoserie_kemperkontakt-37-400x267.jpg","datePublished":"2024-06-05T16:09:45+00:00","dateModified":"2025-09-18T13:46:51+00:00","breadcrumb":{"@id":"https:\/\/kemperkontakt.de\/pl\/wygladzanie-i-gratowanie-czesci-plastikowych\/#breadcrumb"},"inLanguage":"pl-PL","potentialAction":[{"@type":"ReadAction","target":["https:\/\/kemperkontakt.de\/pl\/wygladzanie-i-gratowanie-czesci-plastikowych\/"]}]},{"@type":"ImageObject","inLanguage":"pl-PL","@id":"https:\/\/kemperkontakt.de\/pl\/wygladzanie-i-gratowanie-czesci-plastikowych\/#primaryimage","url":"https:\/\/kemperkontakt.de\/wp-content\/uploads\/2025\/09\/2025_09_Fotoserie_kemperkontakt-37-400x267.jpg","contentUrl":"https:\/\/kemperkontakt.de\/wp-content\/uploads\/2025\/09\/2025_09_Fotoserie_kemperkontakt-37-400x267.jpg"},{"@type":"BreadcrumbList","@id":"https:\/\/kemperkontakt.de\/pl\/wygladzanie-i-gratowanie-czesci-plastikowych\/#breadcrumb","itemListElement":[{"@type":"ListItem","position":1,"name":"Startseite","item":"https:\/\/kemperkontakt.de\/pl\/"},{"@type":"ListItem","position":2,"name":"Wyg\u0142adzanie i gratowanie cz\u0119\u015bci plastikowych"}]},{"@type":"WebSite","@id":"https:\/\/kemperkontakt.de\/pl\/#website","url":"https:\/\/kemperkontakt.de\/pl\/","name":"Kemper-Kontakt","description":"","potentialAction":[{"@type":"SearchAction","target":{"@type":"EntryPoint","urlTemplate":"https:\/\/kemperkontakt.de\/pl\/?s={search_term_string}"},"query-input":{"@type":"PropertyValueSpecification","valueRequired":true,"valueName":"search_term_string"}}],"inLanguage":"pl-PL"}]}},"_links":{"self":[{"href":"https:\/\/kemperkontakt.de\/pl\/wp-json\/wp\/v2\/pages\/5054","targetHints":{"allow":["GET"]}}],"collection":[{"href":"https:\/\/kemperkontakt.de\/pl\/wp-json\/wp\/v2\/pages"}],"about":[{"href":"https:\/\/kemperkontakt.de\/pl\/wp-json\/wp\/v2\/types\/page"}],"author":[{"embeddable":true,"href":"https:\/\/kemperkontakt.de\/pl\/wp-json\/wp\/v2\/users\/1"}],"replies":[{"embeddable":true,"href":"https:\/\/kemperkontakt.de\/pl\/wp-json\/wp\/v2\/comments?post=5054"}],"version-history":[{"count":5,"href":"https:\/\/kemperkontakt.de\/pl\/wp-json\/wp\/v2\/pages\/5054\/revisions"}],"predecessor-version":[{"id":7509,"href":"https:\/\/kemperkontakt.de\/pl\/wp-json\/wp\/v2\/pages\/5054\/revisions\/7509"}],"wp:attachment":[{"href":"https:\/\/kemperkontakt.de\/pl\/wp-json\/wp\/v2\/media?parent=5054"}],"curies":[{"name":"wp","href":"https:\/\/api.w.org\/{rel}","templated":true}]}}