{"id":4994,"date":"2024-07-29T16:12:45","date_gmt":"2024-07-29T14:12:45","guid":{"rendered":"https:\/\/kemperkontakt.de\/niebieski-nadruk-kemper\/"},"modified":"2025-03-18T19:44:34","modified_gmt":"2025-03-18T18:44:34","slug":"niebieski-nadruk-kemper","status":"publish","type":"page","link":"https:\/\/kemperkontakt.de\/pl\/niebieski-nadruk-kemper\/","title":{"rendered":"Niebieski nadruk Kemper"},"content":{"rendered":"<div class=\"fusion-fullwidth fullwidth-box fusion-builder-row-1 fusion-flex-container has-pattern-background has-mask-background nonhundred-percent-fullwidth non-hundred-percent-height-scrolling\" style=\"--awb-border-radius-top-left:0px;--awb-border-radius-top-right:0px;--awb-border-radius-bottom-right:0px;--awb-border-radius-bottom-left:0px;--awb-flex-wrap:wrap;\" ><div class=\"fusion-builder-row fusion-row fusion-flex-align-items-flex-start fusion-flex-content-wrap\" style=\"max-width:1248px;margin-left: calc(-4% \/ 2 );margin-right: calc(-4% \/ 2 );\"><div class=\"fusion-layout-column fusion_builder_column fusion-builder-column-0 fusion_builder_column_1_1 1_1 fusion-flex-column\" style=\"--awb-bg-size:cover;--awb-width-large:100%;--awb-margin-top-large:0px;--awb-spacing-right-large:1.92%;--awb-margin-bottom-large:20px;--awb-spacing-left-large:1.92%;--awb-width-medium:100%;--awb-order-medium:0;--awb-spacing-right-medium:1.92%;--awb-spacing-left-medium:1.92%;--awb-width-small:100%;--awb-order-small:0;--awb-spacing-right-small:1.92%;--awb-spacing-left-small:1.92%;\"><div class=\"fusion-column-wrapper fusion-column-has-shadow fusion-flex-justify-content-flex-start fusion-content-layout-column\"><div class=\"fusion-text fusion-text-1\"><h1 class=\"bodytext\"><strong>Nadruk<\/strong><\/h1>\n<h4><\/h4>\n<h4 class=\"bodytext\"><strong>KEMPER-KONTAKT Gert Kemper GmbH<\/strong><\/h4>\n<p>Siegersbusch 45A<br \/>\n42327 Wuppertal<br \/>\nTel.: +49-(0)202\/78607-0<br \/>\nE-Mail: <a class=\"mail\" style=\"color: var(--awb-custom_color_1);\" title=\"Prosimy o wys\u0142anie wiadomo\u015bci e-mail.\" href=\"mailto:kontakt@kemperkontakt.de\">kontakt[at]kemperkontakt.de<\/a><br \/>\nWeb: <a class=\"internal-link\" style=\"color: var(--awb-custom_color_1);\" href=\"\/index.php?id=1\">www.kemperkontakt.de<\/a><\/p>\n<h4>S\u0105d rejestrowy:<\/h4>\n<p>S\u0105d rejonowy w Wuppertalu<\/p>\n<h4>Numer rejestracyjny:<\/h4>\n<p>HRB 5223<\/p>\n<h4>Dyrektor zarz\u0105dzaj\u0105cy:<\/h4>\n<p>Martin Schnepper<\/p>\n<h4>Numer identyfikacyjny podatku od sprzeda\u017cy:<\/h4>\n<p>DE121108432<\/p>\n<h4>W\u0142a\u015bciwy organ nadzorczy w zakresie \u015bwiadczenia audiowizualnych us\u0142ug medialnych:<\/h4>\n<p>Landesanstalt f\u00fcr Medien NRW Dyrektor: dr Tobias Schmid Przewodnicz\u0105cy Komisji ds. Medi\u00f3w: prof. dr Werner Schwaderlapp Prasa: Nele Nieuwenhuis, Zollhof 2, 40221 D\u00fcsseldorf, tel.: +49 211 770070, e-mail: info@medienanstalt-nrw.de, strona internetowa: www.medienanstalt-nrw.de<\/p>\n<h4>Platforma Komisji Europejskiej do internetowego rozstrzygania spor\u00f3w:<\/h4>\n<p>https:\/\/ec.europa.eu\/odr Nie jeste\u015bmy zobowi\u0105zani ani ch\u0119tni do udzia\u0142u w post\u0119powaniu rozstrzygaj\u0105cym spory przed arbitra\u017cem konsumenckim.<\/p>\n<h4>Poni\u017csze dotyczy wszystkich link\u00f3w zewn\u0119trznych na tej stronie:<\/h4>\n<p>KEMPER-KONTAKT Gert Kemper GmbH wyra\u017anie o\u015bwiadcza, \u017ce nie mia\u0142 \u017cadnego wp\u0142ywu na wygl\u0105d i tre\u015b\u0107 stron, do kt\u00f3rych prowadz\u0105 linki.<\/p>\n<h4>Odpowiedzialny za tre\u015b\u0107 stron internetowych KEMPER-KONTAKT Gert Kemper GmbH zgodnie z \u00a710 ust. 3 MDStV:<\/h4>\n<p>Martin Schnepper<\/p>\n<h4>Ochrona danych<\/h4>\n<p>Wszystkie dane osobowe gromadzone na naszej stronie internetowej s\u0105 przechowywane i przetwarzane wy\u0142\u0105cznie w celu uzyskania wsparcia i porady lub przes\u0142ania informacji o produktach i us\u0142ugach. Twoje dane b\u0119d\u0105 traktowane jako poufne zgodnie z przepisami o ochronie danych.<\/p>\n<h4>Aktualizacja i konserwacja<\/h4>\n<p class=\"bodytext\">KEMPER-KONTAKT Gert Kemper GmbH<\/p>\n<h4>\u0179r\u00f3d\u0142a obrazu<\/h4>\n<p>https:\/\/pixabay.com\/de\/photos\/arbeiter-schleifer-fabrik-5736096\/<\/p>\n<\/div><\/div><\/div><\/div><\/div>\n","protected":false},"excerpt":{"rendered":"","protected":false},"author":1,"featured_media":0,"parent":0,"menu_order":0,"comment_status":"closed","ping_status":"closed","template":"100-width.php","meta":{"footnotes":""},"class_list":["post-4994","page","type-page","status-publish","hentry"],"yoast_head":"<!-- This site is optimized with the Yoast SEO plugin v27.4 - https:\/\/yoast.com\/product\/yoast-seo-wordpress\/ -->\n<title>Niebieski nadruk Kemper - Kemper-Kontakt<\/title>\n<meta name=\"robots\" content=\"index, follow, max-snippet:-1, max-image-preview:large, max-video-preview:-1\" \/>\n<link rel=\"canonical\" href=\"https:\/\/kemperkontakt.de\/pl\/niebieski-nadruk-kemper\/\" \/>\n<meta property=\"og:locale\" content=\"pl_PL\" \/>\n<meta property=\"og:type\" content=\"article\" \/>\n<meta property=\"og:title\" content=\"Niebieski nadruk Kemper - Kemper-Kontakt\" \/>\n<meta property=\"og:url\" content=\"https:\/\/kemperkontakt.de\/pl\/niebieski-nadruk-kemper\/\" \/>\n<meta property=\"og:site_name\" content=\"Kemper-Kontakt\" \/>\n<meta property=\"article:modified_time\" content=\"2025-03-18T18:44:34+00:00\" \/>\n<meta name=\"twitter:card\" content=\"summary_large_image\" \/>\n<meta name=\"twitter:label1\" content=\"Szacowany czas czytania\" \/>\n\t<meta name=\"twitter:data1\" content=\"2 minuty\" \/>\n<script type=\"application\/ld+json\" class=\"yoast-schema-graph\">{\"@context\":\"https:\\\/\\\/schema.org\",\"@graph\":[{\"@type\":\"WebPage\",\"@id\":\"https:\\\/\\\/kemperkontakt.de\\\/pl\\\/niebieski-nadruk-kemper\\\/\",\"url\":\"https:\\\/\\\/kemperkontakt.de\\\/pl\\\/niebieski-nadruk-kemper\\\/\",\"name\":\"Niebieski nadruk Kemper - Kemper-Kontakt\",\"isPartOf\":{\"@id\":\"https:\\\/\\\/kemperkontakt.de\\\/pl\\\/#website\"},\"datePublished\":\"2024-07-29T14:12:45+00:00\",\"dateModified\":\"2025-03-18T18:44:34+00:00\",\"breadcrumb\":{\"@id\":\"https:\\\/\\\/kemperkontakt.de\\\/pl\\\/niebieski-nadruk-kemper\\\/#breadcrumb\"},\"inLanguage\":\"pl-PL\",\"potentialAction\":[{\"@type\":\"ReadAction\",\"target\":[\"https:\\\/\\\/kemperkontakt.de\\\/pl\\\/niebieski-nadruk-kemper\\\/\"]}]},{\"@type\":\"BreadcrumbList\",\"@id\":\"https:\\\/\\\/kemperkontakt.de\\\/pl\\\/niebieski-nadruk-kemper\\\/#breadcrumb\",\"itemListElement\":[{\"@type\":\"ListItem\",\"position\":1,\"name\":\"Startseite\",\"item\":\"https:\\\/\\\/kemperkontakt.de\\\/pl\\\/\"},{\"@type\":\"ListItem\",\"position\":2,\"name\":\"Niebieski nadruk Kemper\"}]},{\"@type\":\"WebSite\",\"@id\":\"https:\\\/\\\/kemperkontakt.de\\\/pl\\\/#website\",\"url\":\"https:\\\/\\\/kemperkontakt.de\\\/pl\\\/\",\"name\":\"Kemper-Kontakt\",\"description\":\"\",\"potentialAction\":[{\"@type\":\"SearchAction\",\"target\":{\"@type\":\"EntryPoint\",\"urlTemplate\":\"https:\\\/\\\/kemperkontakt.de\\\/pl\\\/?s={search_term_string}\"},\"query-input\":{\"@type\":\"PropertyValueSpecification\",\"valueRequired\":true,\"valueName\":\"search_term_string\"}}],\"inLanguage\":\"pl-PL\"}]}<\/script>\n<!-- \/ Yoast SEO plugin. -->","yoast_head_json":{"title":"Niebieski nadruk Kemper - Kemper-Kontakt","robots":{"index":"index","follow":"follow","max-snippet":"max-snippet:-1","max-image-preview":"max-image-preview:large","max-video-preview":"max-video-preview:-1"},"canonical":"https:\/\/kemperkontakt.de\/pl\/niebieski-nadruk-kemper\/","og_locale":"pl_PL","og_type":"article","og_title":"Niebieski nadruk Kemper - Kemper-Kontakt","og_url":"https:\/\/kemperkontakt.de\/pl\/niebieski-nadruk-kemper\/","og_site_name":"Kemper-Kontakt","article_modified_time":"2025-03-18T18:44:34+00:00","twitter_card":"summary_large_image","twitter_misc":{"Szacowany czas czytania":"2 minuty"},"schema":{"@context":"https:\/\/schema.org","@graph":[{"@type":"WebPage","@id":"https:\/\/kemperkontakt.de\/pl\/niebieski-nadruk-kemper\/","url":"https:\/\/kemperkontakt.de\/pl\/niebieski-nadruk-kemper\/","name":"Niebieski nadruk Kemper - Kemper-Kontakt","isPartOf":{"@id":"https:\/\/kemperkontakt.de\/pl\/#website"},"datePublished":"2024-07-29T14:12:45+00:00","dateModified":"2025-03-18T18:44:34+00:00","breadcrumb":{"@id":"https:\/\/kemperkontakt.de\/pl\/niebieski-nadruk-kemper\/#breadcrumb"},"inLanguage":"pl-PL","potentialAction":[{"@type":"ReadAction","target":["https:\/\/kemperkontakt.de\/pl\/niebieski-nadruk-kemper\/"]}]},{"@type":"BreadcrumbList","@id":"https:\/\/kemperkontakt.de\/pl\/niebieski-nadruk-kemper\/#breadcrumb","itemListElement":[{"@type":"ListItem","position":1,"name":"Startseite","item":"https:\/\/kemperkontakt.de\/pl\/"},{"@type":"ListItem","position":2,"name":"Niebieski nadruk Kemper"}]},{"@type":"WebSite","@id":"https:\/\/kemperkontakt.de\/pl\/#website","url":"https:\/\/kemperkontakt.de\/pl\/","name":"Kemper-Kontakt","description":"","potentialAction":[{"@type":"SearchAction","target":{"@type":"EntryPoint","urlTemplate":"https:\/\/kemperkontakt.de\/pl\/?s={search_term_string}"},"query-input":{"@type":"PropertyValueSpecification","valueRequired":true,"valueName":"search_term_string"}}],"inLanguage":"pl-PL"}]}},"_links":{"self":[{"href":"https:\/\/kemperkontakt.de\/pl\/wp-json\/wp\/v2\/pages\/4994","targetHints":{"allow":["GET"]}}],"collection":[{"href":"https:\/\/kemperkontakt.de\/pl\/wp-json\/wp\/v2\/pages"}],"about":[{"href":"https:\/\/kemperkontakt.de\/pl\/wp-json\/wp\/v2\/types\/page"}],"author":[{"embeddable":true,"href":"https:\/\/kemperkontakt.de\/pl\/wp-json\/wp\/v2\/users\/1"}],"replies":[{"embeddable":true,"href":"https:\/\/kemperkontakt.de\/pl\/wp-json\/wp\/v2\/comments?post=4994"}],"version-history":[{"count":3,"href":"https:\/\/kemperkontakt.de\/pl\/wp-json\/wp\/v2\/pages\/4994\/revisions"}],"predecessor-version":[{"id":7296,"href":"https:\/\/kemperkontakt.de\/pl\/wp-json\/wp\/v2\/pages\/4994\/revisions\/7296"}],"wp:attachment":[{"href":"https:\/\/kemperkontakt.de\/pl\/wp-json\/wp\/v2\/media?parent=4994"}],"curies":[{"name":"wp","href":"https:\/\/api.w.org\/{rel}","templated":true}]}}