{"id":4868,"date":"2024-04-25T17:19:48","date_gmt":"2024-04-25T15:19:48","guid":{"rendered":"https:\/\/kemperkontakt.de\/pliki-do-pobrania\/"},"modified":"2025-03-13T14:13:18","modified_gmt":"2025-03-13T13:13:18","slug":"pliki-do-pobrania","status":"publish","type":"page","link":"https:\/\/kemperkontakt.de\/pl\/pliki-do-pobrania\/","title":{"rendered":"Pliki do pobrania"},"content":{"rendered":"<div class=\"fusion-fullwidth fullwidth-box fusion-builder-row-1 fusion-flex-container has-pattern-background has-mask-background nonhundred-percent-fullwidth non-hundred-percent-height-scrolling\" style=\"--awb-border-radius-top-left:0px;--awb-border-radius-top-right:0px;--awb-border-radius-bottom-right:0px;--awb-border-radius-bottom-left:0px;--awb-flex-wrap:wrap;\" ><div class=\"fusion-builder-row fusion-row fusion-flex-align-items-flex-start fusion-flex-content-wrap\" style=\"max-width:1248px;margin-left: calc(-4% \/ 2 );margin-right: calc(-4% \/ 2 );\"><div class=\"fusion-layout-column fusion_builder_column fusion-builder-column-0 fusion_builder_column_1_3 1_3 fusion-flex-column\" style=\"--awb-bg-size:cover;--awb-width-large:33.333333333333%;--awb-margin-top-large:0px;--awb-spacing-right-large:5.76%;--awb-margin-bottom-large:20px;--awb-spacing-left-large:5.76%;--awb-width-medium:33.333333333333%;--awb-order-medium:0;--awb-spacing-right-medium:5.76%;--awb-spacing-left-medium:5.76%;--awb-width-small:100%;--awb-order-small:0;--awb-spacing-right-small:1.92%;--awb-spacing-left-small:1.92%;\"><div class=\"fusion-column-wrapper fusion-column-has-shadow fusion-flex-justify-content-flex-start fusion-content-layout-column\"><div class=\"fusion-image-element \" style=\"text-align:center;--awb-margin-bottom:20px;--awb-max-width:200px;--awb-caption-title-font-family:var(--h2_typography-font-family);--awb-caption-title-font-weight:var(--h2_typography-font-weight);--awb-caption-title-font-style:var(--h2_typography-font-style);--awb-caption-title-size:var(--h2_typography-font-size);--awb-caption-title-transform:var(--h2_typography-text-transform);--awb-caption-title-line-height:var(--h2_typography-line-height);--awb-caption-title-letter-spacing:var(--h2_typography-letter-spacing);\"><span class=\" fusion-imageframe imageframe-none imageframe-1 hover-type-none\" style=\"border:2px solid var(--awb-color4);\"><a class=\"fusion-no-lightbox\" href=\"\/wp-content\/uploads\/2024\/09\/MSDB-KCXS-Schleifoel-27.02.24.pdf\" target=\"_blank\" aria-label=\"MSDB KCXS Schleif\u00f6l 27.02.24\" rel=\"noopener noreferrer\"><img decoding=\"async\" width=\"212\" height=\"300\" src=\"data:image\/svg+xml,%3Csvg%20xmlns%3D%27http%3A%2F%2Fwww.w3.org%2F2000%2Fsvg%27%20width%3D%271058%27%20height%3D%271497%27%20viewBox%3D%270%200%201058%201497%27%3E%3Crect%20width%3D%271058%27%20height%3D%271497%27%20fill-opacity%3D%220%22%2F%3E%3C%2Fsvg%3E\" data-orig-src=\"http:\/\/kemperkontakt.com\/wp-content\/uploads\/2024\/09\/MSDB-KCXS-Schleifoel-27.02.24-pdf-212x300.jpg\" alt class=\"lazyload img-responsive wp-image-5251\"\/><\/a><\/span><\/div><div class=\"fusion-text fusion-text-1\"><h4 style=\"text-align: center;\">Karta charakterystyki<\/h4>\n<h4 style=\"text-align: center;\">Olej szlifierski KCXS<\/h4>\n<\/div><div style=\"text-align:center;\"><a class=\"fusion-button button-flat fusion-button-default-size button-default fusion-button-default button-1 fusion-button-default-span fusion-button-default-type\" style=\"--button_margin-top:15px;\" target=\"_blank\" rel=\"noopener noreferrer\" href=\"\/wp-content\/uploads\/2024\/09\/MSDB-KCXS-Schleifoel-27.02.24.pdf\"><i class=\"fa-file-export fas button-icon-left\" aria-hidden=\"true\"><\/i><span class=\"fusion-button-text\">do pobrania<\/span><\/a><\/div><\/div><\/div><div class=\"fusion-layout-column fusion_builder_column fusion-builder-column-1 fusion_builder_column_1_3 1_3 fusion-flex-column\" style=\"--awb-bg-size:cover;--awb-width-large:33.333333333333%;--awb-margin-top-large:0px;--awb-spacing-right-large:5.76%;--awb-margin-bottom-large:20px;--awb-spacing-left-large:5.76%;--awb-width-medium:33.333333333333%;--awb-order-medium:0;--awb-spacing-right-medium:5.76%;--awb-spacing-left-medium:5.76%;--awb-width-small:100%;--awb-order-small:0;--awb-spacing-right-small:1.92%;--awb-spacing-left-small:1.92%;\"><div class=\"fusion-column-wrapper fusion-column-has-shadow fusion-flex-justify-content-flex-start fusion-content-layout-column\"><div class=\"fusion-image-element \" style=\"text-align:center;--awb-margin-bottom:20px;--awb-max-width:200px;--awb-caption-title-font-family:var(--h2_typography-font-family);--awb-caption-title-font-weight:var(--h2_typography-font-weight);--awb-caption-title-font-style:var(--h2_typography-font-style);--awb-caption-title-size:var(--h2_typography-font-size);--awb-caption-title-transform:var(--h2_typography-text-transform);--awb-caption-title-line-height:var(--h2_typography-line-height);--awb-caption-title-letter-spacing:var(--h2_typography-letter-spacing);\"><span class=\" fusion-imageframe imageframe-none imageframe-2 hover-type-none\" style=\"border:2px solid var(--awb-color4);\"><a class=\"fusion-no-lightbox\" href=\"\/wp-content\/uploads\/2024\/09\/TDS-KCXS-Schleifoel-27.02.24.pdf\" target=\"_blank\" aria-label=\"TDS KCXS Schleif\u00f6l 27.02.24\" rel=\"noopener noreferrer\"><img decoding=\"async\" width=\"212\" height=\"300\" src=\"data:image\/svg+xml,%3Csvg%20xmlns%3D%27http%3A%2F%2Fwww.w3.org%2F2000%2Fsvg%27%20width%3D%271058%27%20height%3D%271497%27%20viewBox%3D%270%200%201058%201497%27%3E%3Crect%20width%3D%271058%27%20height%3D%271497%27%20fill-opacity%3D%220%22%2F%3E%3C%2Fsvg%3E\" data-orig-src=\"http:\/\/kemperkontakt.com\/wp-content\/uploads\/2024\/09\/TDS-KCXS-Schleifoel-27.02.24-pdf-212x300.jpg\" alt class=\"lazyload img-responsive wp-image-5252\"\/><\/a><\/span><\/div><div class=\"fusion-text fusion-text-2\"><h4 style=\"text-align: center;\">Karta danych technicznych oleju szlifierskiego KCXS<\/h4>\n<\/div><div style=\"text-align:center;\"><a class=\"fusion-button button-flat fusion-button-default-size button-default fusion-button-default button-2 fusion-button-default-span fusion-button-default-type\" style=\"--button_margin-top:15px;\" target=\"_blank\" rel=\"noopener noreferrer\" href=\"\/wp-content\/uploads\/2024\/09\/TDS-KCXS-Schleifoel-27.02.24.pdf\"><i class=\"fa-file-export fas button-icon-left\" aria-hidden=\"true\"><\/i><span class=\"fusion-button-text\">do pobrania<\/span><\/a><\/div><\/div><\/div><div class=\"fusion-layout-column fusion_builder_column fusion-builder-column-2 fusion_builder_column_1_3 1_3 fusion-flex-column\" style=\"--awb-bg-size:cover;--awb-width-large:33.333333333333%;--awb-margin-top-large:0px;--awb-spacing-right-large:5.76%;--awb-margin-bottom-large:20px;--awb-spacing-left-large:5.76%;--awb-width-medium:33.333333333333%;--awb-order-medium:0;--awb-spacing-right-medium:5.76%;--awb-spacing-left-medium:5.76%;--awb-width-small:100%;--awb-order-small:0;--awb-spacing-right-small:1.92%;--awb-spacing-left-small:1.92%;\"><div class=\"fusion-column-wrapper fusion-column-has-shadow fusion-flex-justify-content-flex-start fusion-content-layout-column\"><div class=\"fusion-image-element \" style=\"text-align:center;--awb-margin-bottom:20px;--awb-max-width:200px;--awb-caption-title-font-family:var(--h2_typography-font-family);--awb-caption-title-font-weight:var(--h2_typography-font-weight);--awb-caption-title-font-style:var(--h2_typography-font-style);--awb-caption-title-size:var(--h2_typography-font-size);--awb-caption-title-transform:var(--h2_typography-text-transform);--awb-caption-title-line-height:var(--h2_typography-line-height);--awb-caption-title-letter-spacing:var(--h2_typography-letter-spacing);\"><span class=\" fusion-imageframe imageframe-none imageframe-3 hover-type-none\" style=\"border:2px solid var(--awb-color4);\"><a class=\"fusion-no-lightbox\" href=\"\/wp-content\/uploads\/2024\/07\/Kehlnahtschleifer-Gebrauchshinweise-DE-05.05.21.pdf\" target=\"_blank\" aria-label=\"Kehlnahtschleifer Gebrauchshinweise DE 05.05.21\" rel=\"noopener noreferrer\"><img decoding=\"async\" width=\"529\" height=\"746\" src=\"data:image\/svg+xml,%3Csvg%20xmlns%3D%27http%3A%2F%2Fwww.w3.org%2F2000%2Fsvg%27%20width%3D%27529%27%20height%3D%27746%27%20viewBox%3D%270%200%20529%20746%27%3E%3Crect%20width%3D%27529%27%20height%3D%27746%27%20fill-opacity%3D%220%22%2F%3E%3C%2Fsvg%3E\" data-orig-src=\"http:\/\/kemperkontakt.com\/wp-content\/uploads\/2024\/07\/Kehlnahtschleifer-Gebrauchshinweise-DE-05.05.21-pdf.jpg\" alt class=\"lazyload img-responsive wp-image-738\"\/><\/a><\/span><\/div><div class=\"fusion-text fusion-text-3\"><h4 style=\"text-align: center;\">Instrukcje dotycz\u0105ce korzystania ze szlifierek do spoin pachwinowych<\/h4>\n<\/div><div style=\"text-align:center;\"><a class=\"fusion-button button-flat fusion-button-default-size button-default fusion-button-default button-3 fusion-button-default-span fusion-button-default-type\" style=\"--button_margin-top:15px;\" target=\"_blank\" rel=\"noopener noreferrer\" href=\"\/wp-content\/uploads\/2024\/07\/Kehlnahtschleifer-Gebrauchshinweise-DE-05.05.21.pdf\"><i class=\"fa-file-export fas button-icon-left\" aria-hidden=\"true\"><\/i><span class=\"fusion-button-text\">do pobrania<\/span><\/a><\/div><\/div><\/div><div class=\"fusion-layout-column fusion_builder_column fusion-builder-column-3 fusion_builder_column_1_3 1_3 fusion-flex-column\" style=\"--awb-padding-top:60px;--awb-bg-size:cover;--awb-width-large:33.333333333333%;--awb-margin-top-large:0px;--awb-spacing-right-large:5.76%;--awb-margin-bottom-large:20px;--awb-spacing-left-large:5.76%;--awb-width-medium:33.333333333333%;--awb-order-medium:0;--awb-spacing-right-medium:5.76%;--awb-spacing-left-medium:5.76%;--awb-width-small:100%;--awb-order-small:0;--awb-spacing-right-small:1.92%;--awb-spacing-left-small:1.92%;\"><div class=\"fusion-column-wrapper fusion-column-has-shadow fusion-flex-justify-content-flex-start fusion-content-layout-column\"><div class=\"fusion-image-element \" style=\"text-align:center;--awb-margin-bottom:20px;--awb-max-width:200px;--awb-caption-title-font-family:var(--h2_typography-font-family);--awb-caption-title-font-weight:var(--h2_typography-font-weight);--awb-caption-title-font-style:var(--h2_typography-font-style);--awb-caption-title-size:var(--h2_typography-font-size);--awb-caption-title-transform:var(--h2_typography-text-transform);--awb-caption-title-line-height:var(--h2_typography-line-height);--awb-caption-title-letter-spacing:var(--h2_typography-letter-spacing);\"><span class=\" fusion-imageframe imageframe-none imageframe-4 hover-type-none\" style=\"border:2px solid var(--awb-color4);\"><a class=\"fusion-no-lightbox\" href=\"\/wp-content\/uploads\/2024\/07\/Schleifstern-Hinweis-DE-05.05.21.pdf\" target=\"_blank\" aria-label=\"Schleifstern Hinweis DE 05.05.21\" rel=\"noopener noreferrer\"><img decoding=\"async\" width=\"529\" height=\"746\" src=\"data:image\/svg+xml,%3Csvg%20xmlns%3D%27http%3A%2F%2Fwww.w3.org%2F2000%2Fsvg%27%20width%3D%27529%27%20height%3D%27746%27%20viewBox%3D%270%200%20529%20746%27%3E%3Crect%20width%3D%27529%27%20height%3D%27746%27%20fill-opacity%3D%220%22%2F%3E%3C%2Fsvg%3E\" data-orig-src=\"http:\/\/kemperkontakt.com\/wp-content\/uploads\/2024\/07\/Schleifstern-Hinweis-DE-05.05.21-pdf.jpg\" alt class=\"lazyload img-responsive wp-image-759\"\/><\/a><\/span><\/div><div class=\"fusion-text fusion-text-4\"><h4 style=\"text-align: center;\">Informacje techniczne dotycz\u0105ce ORIGINAL-KEMPER SCHLEIFSTERN\u00ae<\/h4>\n<\/div><div style=\"text-align:center;\"><a class=\"fusion-button button-flat fusion-button-default-size button-default fusion-button-default button-4 fusion-button-default-span fusion-button-default-type\" style=\"--button_margin-top:15px;\" target=\"_blank\" rel=\"noopener noreferrer\" href=\"\/wp-content\/uploads\/2024\/07\/Schleifstern-Hinweis-DE-05.05.21.pdf\"><i class=\"fa-file-export fas button-icon-left\" aria-hidden=\"true\"><\/i><span class=\"fusion-button-text\">do pobrania<\/span><\/a><\/div><\/div><\/div><div class=\"fusion-layout-column fusion_builder_column fusion-builder-column-4 fusion_builder_column_1_3 1_3 fusion-flex-column\" style=\"--awb-padding-top:60px;--awb-bg-size:cover;--awb-width-large:33.333333333333%;--awb-margin-top-large:0px;--awb-spacing-right-large:5.76%;--awb-margin-bottom-large:20px;--awb-spacing-left-large:5.76%;--awb-width-medium:33.333333333333%;--awb-order-medium:0;--awb-spacing-right-medium:5.76%;--awb-spacing-left-medium:5.76%;--awb-width-small:100%;--awb-order-small:0;--awb-spacing-right-small:1.92%;--awb-spacing-left-small:1.92%;\"><div class=\"fusion-column-wrapper fusion-column-has-shadow fusion-flex-justify-content-flex-start fusion-content-layout-column\"><div class=\"fusion-image-element \" style=\"text-align:center;--awb-margin-bottom:20px;--awb-max-width:200px;--awb-caption-title-font-family:var(--h2_typography-font-family);--awb-caption-title-font-weight:var(--h2_typography-font-weight);--awb-caption-title-font-style:var(--h2_typography-font-style);--awb-caption-title-size:var(--h2_typography-font-size);--awb-caption-title-transform:var(--h2_typography-text-transform);--awb-caption-title-line-height:var(--h2_typography-line-height);--awb-caption-title-letter-spacing:var(--h2_typography-letter-spacing);\"><span class=\" fusion-imageframe imageframe-none imageframe-5 hover-type-none\" style=\"border:2px solid var(--awb-color4);\"><a class=\"fusion-no-lightbox\" href=\"\/wp-content\/uploads\/2024\/07\/Sicherheitshinweis-fuer-den-richtigen-Gebrauch-vo-Schleifwerkzeugen_4Seiten.pdf\" target=\"_blank\" aria-label=\"Sicherheitshinweis fu\u0308r den richtigen Gebrauch vo Schleifwerkzeugen_4Seiten\" rel=\"noopener noreferrer\"><img decoding=\"async\" width=\"1058\" height=\"1497\" src=\"data:image\/svg+xml,%3Csvg%20xmlns%3D%27http%3A%2F%2Fwww.w3.org%2F2000%2Fsvg%27%20width%3D%271058%27%20height%3D%271497%27%20viewBox%3D%270%200%201058%201497%27%3E%3Crect%20width%3D%271058%27%20height%3D%271497%27%20fill-opacity%3D%220%22%2F%3E%3C%2Fsvg%3E\" data-orig-src=\"http:\/\/kemperkontakt.com\/wp-content\/uploads\/2024\/07\/Sicherheitshinweis-fuer-den-richtigen-Gebrauch-vo-Schleifwerkzeugen_4Seiten-pdf.jpg\" alt class=\"lazyload img-responsive wp-image-761\"\/><\/a><\/span><\/div><div class=\"fusion-text fusion-text-5\"><h4 style=\"text-align: center;\">Zalecenia bezpiecze\u0144stwa dotycz\u0105ce prawid\u0142owego korzystania z narz\u0119dzi szlifierskich<\/h4>\n<\/div><div style=\"text-align:center;\"><a class=\"fusion-button button-flat fusion-button-default-size button-default fusion-button-default button-5 fusion-button-default-span fusion-button-default-type\" style=\"--button_margin-top:15px;\" target=\"_blank\" rel=\"noopener noreferrer\" href=\"\/wp-content\/uploads\/2024\/07\/Sicherheitshinweis-fuer-den-richtigen-Gebrauch-vo-Schleifwerkzeugen_4Seiten.pdf\"><i class=\"fa-file-export fas button-icon-left\" aria-hidden=\"true\"><\/i><span class=\"fusion-button-text\">do pobrania<\/span><\/a><\/div><\/div><\/div><div class=\"fusion-layout-column fusion_builder_column fusion-builder-column-5 fusion_builder_column_1_3 1_3 fusion-flex-column\" style=\"--awb-padding-top:60px;--awb-bg-size:cover;--awb-width-large:33.333333333333%;--awb-margin-top-large:0px;--awb-spacing-right-large:5.76%;--awb-margin-bottom-large:20px;--awb-spacing-left-large:5.76%;--awb-width-medium:33.333333333333%;--awb-order-medium:0;--awb-spacing-right-medium:5.76%;--awb-spacing-left-medium:5.76%;--awb-width-small:100%;--awb-order-small:0;--awb-spacing-right-small:1.92%;--awb-spacing-left-small:1.92%;\"><div class=\"fusion-column-wrapper fusion-column-has-shadow fusion-flex-justify-content-flex-start fusion-content-layout-column\"><div class=\"fusion-image-element \" style=\"text-align:center;--awb-margin-bottom:20px;--awb-max-width:200px;--awb-caption-title-font-family:var(--h2_typography-font-family);--awb-caption-title-font-weight:var(--h2_typography-font-weight);--awb-caption-title-font-style:var(--h2_typography-font-style);--awb-caption-title-size:var(--h2_typography-font-size);--awb-caption-title-transform:var(--h2_typography-text-transform);--awb-caption-title-line-height:var(--h2_typography-line-height);--awb-caption-title-letter-spacing:var(--h2_typography-letter-spacing);\"><span class=\" fusion-imageframe imageframe-none imageframe-6 hover-type-none\" style=\"border:2px solid var(--awb-color4);\"><a class=\"fusion-no-lightbox\" href=\"\/wp-content\/uploads\/2024\/07\/KEMPER_AGB_06-2021_deutsch.pdf\" target=\"_blank\" aria-label=\"KEMPER_AGB_06-2021_deutsch\" rel=\"noopener noreferrer\"><img decoding=\"async\" width=\"1058\" height=\"1497\" src=\"data:image\/svg+xml,%3Csvg%20xmlns%3D%27http%3A%2F%2Fwww.w3.org%2F2000%2Fsvg%27%20width%3D%271058%27%20height%3D%271497%27%20viewBox%3D%270%200%201058%201497%27%3E%3Crect%20width%3D%271058%27%20height%3D%271497%27%20fill-opacity%3D%220%22%2F%3E%3C%2Fsvg%3E\" data-orig-src=\"http:\/\/kemperkontakt.com\/wp-content\/uploads\/2024\/07\/KEMPER_AGB_06-2021_deutsch-pdf.jpg\" alt class=\"lazyload img-responsive wp-image-762\"\/><\/a><\/span><\/div><div class=\"fusion-text fusion-text-6\"><h4 style=\"text-align: center;\">\nKEMPER-KONTAKT AGB<\/h4>\n<\/div><div style=\"text-align:center;\"><a class=\"fusion-button button-flat fusion-button-default-size button-default fusion-button-default button-6 fusion-button-default-span fusion-button-default-type\" style=\"--button_margin-top:15px;\" target=\"_blank\" rel=\"noopener noreferrer\" href=\"\/wp-content\/uploads\/2024\/07\/KEMPER_AGB_06-2021_deutsch.pdf\"><i class=\"fa-file-export fas button-icon-left\" aria-hidden=\"true\"><\/i><span class=\"fusion-button-text\">do pobrania<\/span><\/a><\/div><\/div><\/div><\/div><\/div>\n","protected":false},"excerpt":{"rendered":"","protected":false},"author":1,"featured_media":0,"parent":0,"menu_order":0,"comment_status":"closed","ping_status":"closed","template":"100-width.php","meta":{"footnotes":""},"class_list":["post-4868","page","type-page","status-publish","hentry"],"yoast_head":"<!-- This site is optimized with the Yoast SEO plugin v27.3 - https:\/\/yoast.com\/product\/yoast-seo-wordpress\/ -->\n<title>Pliki do pobrania - Kemper-Kontakt<\/title>\n<meta name=\"robots\" content=\"index, follow, max-snippet:-1, max-image-preview:large, max-video-preview:-1\" \/>\n<link rel=\"canonical\" href=\"https:\/\/kemperkontakt.de\/pl\/pliki-do-pobrania\/\" \/>\n<meta property=\"og:locale\" content=\"pl_PL\" \/>\n<meta property=\"og:type\" content=\"article\" \/>\n<meta property=\"og:title\" content=\"Pliki do pobrania - Kemper-Kontakt\" \/>\n<meta property=\"og:url\" content=\"https:\/\/kemperkontakt.de\/pl\/pliki-do-pobrania\/\" \/>\n<meta property=\"og:site_name\" content=\"Kemper-Kontakt\" \/>\n<meta property=\"article:modified_time\" content=\"2025-03-13T13:13:18+00:00\" \/>\n<meta name=\"twitter:card\" content=\"summary_large_image\" \/>\n<meta name=\"twitter:label1\" content=\"Szacowany czas czytania\" \/>\n\t<meta name=\"twitter:data1\" content=\"24 minuty\" \/>\n<script type=\"application\/ld+json\" class=\"yoast-schema-graph\">{\"@context\":\"https:\\\/\\\/schema.org\",\"@graph\":[{\"@type\":\"WebPage\",\"@id\":\"https:\\\/\\\/kemperkontakt.de\\\/pl\\\/pliki-do-pobrania\\\/\",\"url\":\"https:\\\/\\\/kemperkontakt.de\\\/pl\\\/pliki-do-pobrania\\\/\",\"name\":\"Pliki do pobrania - Kemper-Kontakt\",\"isPartOf\":{\"@id\":\"https:\\\/\\\/kemperkontakt.de\\\/pl\\\/#website\"},\"datePublished\":\"2024-04-25T15:19:48+00:00\",\"dateModified\":\"2025-03-13T13:13:18+00:00\",\"breadcrumb\":{\"@id\":\"https:\\\/\\\/kemperkontakt.de\\\/pl\\\/pliki-do-pobrania\\\/#breadcrumb\"},\"inLanguage\":\"pl-PL\",\"potentialAction\":[{\"@type\":\"ReadAction\",\"target\":[\"https:\\\/\\\/kemperkontakt.de\\\/pl\\\/pliki-do-pobrania\\\/\"]}]},{\"@type\":\"BreadcrumbList\",\"@id\":\"https:\\\/\\\/kemperkontakt.de\\\/pl\\\/pliki-do-pobrania\\\/#breadcrumb\",\"itemListElement\":[{\"@type\":\"ListItem\",\"position\":1,\"name\":\"Startseite\",\"item\":\"https:\\\/\\\/kemperkontakt.de\\\/pl\\\/\"},{\"@type\":\"ListItem\",\"position\":2,\"name\":\"Pliki do pobrania\"}]},{\"@type\":\"WebSite\",\"@id\":\"https:\\\/\\\/kemperkontakt.de\\\/pl\\\/#website\",\"url\":\"https:\\\/\\\/kemperkontakt.de\\\/pl\\\/\",\"name\":\"Kemper-Kontakt\",\"description\":\"\",\"potentialAction\":[{\"@type\":\"SearchAction\",\"target\":{\"@type\":\"EntryPoint\",\"urlTemplate\":\"https:\\\/\\\/kemperkontakt.de\\\/pl\\\/?s={search_term_string}\"},\"query-input\":{\"@type\":\"PropertyValueSpecification\",\"valueRequired\":true,\"valueName\":\"search_term_string\"}}],\"inLanguage\":\"pl-PL\"}]}<\/script>\n<!-- \/ Yoast SEO plugin. -->","yoast_head_json":{"title":"Pliki do pobrania - Kemper-Kontakt","robots":{"index":"index","follow":"follow","max-snippet":"max-snippet:-1","max-image-preview":"max-image-preview:large","max-video-preview":"max-video-preview:-1"},"canonical":"https:\/\/kemperkontakt.de\/pl\/pliki-do-pobrania\/","og_locale":"pl_PL","og_type":"article","og_title":"Pliki do pobrania - Kemper-Kontakt","og_url":"https:\/\/kemperkontakt.de\/pl\/pliki-do-pobrania\/","og_site_name":"Kemper-Kontakt","article_modified_time":"2025-03-13T13:13:18+00:00","twitter_card":"summary_large_image","twitter_misc":{"Szacowany czas czytania":"24 minuty"},"schema":{"@context":"https:\/\/schema.org","@graph":[{"@type":"WebPage","@id":"https:\/\/kemperkontakt.de\/pl\/pliki-do-pobrania\/","url":"https:\/\/kemperkontakt.de\/pl\/pliki-do-pobrania\/","name":"Pliki do pobrania - Kemper-Kontakt","isPartOf":{"@id":"https:\/\/kemperkontakt.de\/pl\/#website"},"datePublished":"2024-04-25T15:19:48+00:00","dateModified":"2025-03-13T13:13:18+00:00","breadcrumb":{"@id":"https:\/\/kemperkontakt.de\/pl\/pliki-do-pobrania\/#breadcrumb"},"inLanguage":"pl-PL","potentialAction":[{"@type":"ReadAction","target":["https:\/\/kemperkontakt.de\/pl\/pliki-do-pobrania\/"]}]},{"@type":"BreadcrumbList","@id":"https:\/\/kemperkontakt.de\/pl\/pliki-do-pobrania\/#breadcrumb","itemListElement":[{"@type":"ListItem","position":1,"name":"Startseite","item":"https:\/\/kemperkontakt.de\/pl\/"},{"@type":"ListItem","position":2,"name":"Pliki do pobrania"}]},{"@type":"WebSite","@id":"https:\/\/kemperkontakt.de\/pl\/#website","url":"https:\/\/kemperkontakt.de\/pl\/","name":"Kemper-Kontakt","description":"","potentialAction":[{"@type":"SearchAction","target":{"@type":"EntryPoint","urlTemplate":"https:\/\/kemperkontakt.de\/pl\/?s={search_term_string}"},"query-input":{"@type":"PropertyValueSpecification","valueRequired":true,"valueName":"search_term_string"}}],"inLanguage":"pl-PL"}]}},"_links":{"self":[{"href":"https:\/\/kemperkontakt.de\/pl\/wp-json\/wp\/v2\/pages\/4868","targetHints":{"allow":["GET"]}}],"collection":[{"href":"https:\/\/kemperkontakt.de\/pl\/wp-json\/wp\/v2\/pages"}],"about":[{"href":"https:\/\/kemperkontakt.de\/pl\/wp-json\/wp\/v2\/types\/page"}],"author":[{"embeddable":true,"href":"https:\/\/kemperkontakt.de\/pl\/wp-json\/wp\/v2\/users\/1"}],"replies":[{"embeddable":true,"href":"https:\/\/kemperkontakt.de\/pl\/wp-json\/wp\/v2\/comments?post=4868"}],"version-history":[{"count":6,"href":"https:\/\/kemperkontakt.de\/pl\/wp-json\/wp\/v2\/pages\/4868\/revisions"}],"predecessor-version":[{"id":6829,"href":"https:\/\/kemperkontakt.de\/pl\/wp-json\/wp\/v2\/pages\/4868\/revisions\/6829"}],"wp:attachment":[{"href":"https:\/\/kemperkontakt.de\/pl\/wp-json\/wp\/v2\/media?parent=4868"}],"curies":[{"name":"wp","href":"https:\/\/api.w.org\/{rel}","templated":true}]}}