{"id":4835,"date":"2024-09-11T20:21:09","date_gmt":"2024-09-11T18:21:09","guid":{"rendered":"https:\/\/kemperkontakt.de\/obszary-zastosowan-niebieski\/"},"modified":"2025-03-17T17:28:55","modified_gmt":"2025-03-17T16:28:55","slug":"obszary-zastosowan-niebieski","status":"publish","type":"page","link":"https:\/\/kemperkontakt.de\/pl\/obszary-zastosowan-niebieski\/","title":{"rendered":"Obszary zastosowa\u0144 niebieski"},"content":{"rendered":"<p><div class=\"fusion-fullwidth fullwidth-box fusion-builder-row-1 fusion-flex-container has-pattern-background has-mask-background nonhundred-percent-fullwidth non-hundred-percent-height-scrolling\" style=\"--awb-border-radius-top-left:0px;--awb-border-radius-top-right:0px;--awb-border-radius-bottom-right:0px;--awb-border-radius-bottom-left:0px;--awb-flex-wrap:wrap;\" ><div class=\"fusion-builder-row fusion-row fusion-flex-align-items-flex-start fusion-flex-content-wrap\" style=\"max-width:1248px;margin-left: calc(-4% \/ 2 );margin-right: calc(-4% \/ 2 );\"><div class=\"fusion-layout-column fusion_builder_column fusion-builder-column-0 fusion_builder_column_1_1 1_1 fusion-flex-column\" style=\"--awb-bg-size:cover;--awb-width-large:100%;--awb-margin-top-large:0px;--awb-spacing-right-large:1.92%;--awb-margin-bottom-large:20px;--awb-spacing-left-large:1.92%;--awb-width-medium:100%;--awb-order-medium:0;--awb-spacing-right-medium:1.92%;--awb-spacing-left-medium:1.92%;--awb-width-small:100%;--awb-order-small:0;--awb-spacing-right-small:1.92%;--awb-spacing-left-small:1.92%;\"><div class=\"fusion-column-wrapper fusion-column-has-shadow fusion-flex-justify-content-flex-start fusion-content-layout-column\"><div class=\"fusion-title title fusion-title-1 fusion-sep-none fusion-title-text fusion-title-size-one\"><h1 class=\"fusion-title-heading title-heading-left fusion-responsive-typography-calculated\" style=\"margin:0;--fontSize:48;line-height:1.2;\">Obszary zastosowania<\/h1><\/div><\/div><\/div><\/div><\/div><div class=\"fusion-fullwidth fullwidth-box fusion-builder-row-2 fusion-flex-container has-pattern-background has-mask-background nonhundred-percent-fullwidth non-hundred-percent-height-scrolling\" style=\"--awb-border-radius-top-left:0px;--awb-border-radius-top-right:0px;--awb-border-radius-bottom-right:0px;--awb-border-radius-bottom-left:0px;--awb-flex-wrap:wrap;\" ><div class=\"fusion-builder-row fusion-row fusion-flex-align-items-flex-start fusion-flex-content-wrap\" style=\"max-width:1248px;margin-left: calc(-4% \/ 2 );margin-right: calc(-4% \/ 2 );\"><div class=\"fusion-layout-column fusion_builder_column fusion-builder-column-1 fusion_builder_column_1_3 1_3 fusion-flex-column\" style=\"--awb-bg-size:cover;--awb-width-large:33.333333333333%;--awb-margin-top-large:0px;--awb-spacing-right-large:5.76%;--awb-margin-bottom-large:20px;--awb-spacing-left-large:5.76%;--awb-width-medium:33.333333333333%;--awb-order-medium:0;--awb-spacing-right-medium:5.76%;--awb-spacing-left-medium:5.76%;--awb-width-small:100%;--awb-order-small:0;--awb-spacing-right-small:1.92%;--awb-spacing-left-small:1.92%;\"><div class=\"fusion-column-wrapper fusion-column-has-shadow fusion-flex-justify-content-flex-start fusion-content-layout-column\"><div class=\"fusion-text fusion-text-1 fusion-text-no-margin\" style=\"--awb-margin-bottom:15px;\"><h5><strong>Tarcze Vulkollan do szlifowania ta\u015bmowego<br \/>\n<\/strong><\/h5>\n<\/div><div class=\"fusion-image-element \" style=\"--awb-caption-title-font-family:var(--h2_typography-font-family);--awb-caption-title-font-weight:var(--h2_typography-font-weight);--awb-caption-title-font-style:var(--h2_typography-font-style);--awb-caption-title-size:var(--h2_typography-font-size);--awb-caption-title-transform:var(--h2_typography-text-transform);--awb-caption-title-line-height:var(--h2_typography-line-height);--awb-caption-title-letter-spacing:var(--h2_typography-letter-spacing);\"><span class=\" fusion-imageframe imageframe-none imageframe-1 hover-type-none\"><a class=\"fusion-no-lightbox\" href=\"\/pl\/tarcze-vulkollan-do-szlifowania-tasmowego-mocno-uksztaltowanych-detali\/\" target=\"_self\" aria-label=\"Vulkollanscheiben\"><img decoding=\"async\" width=\"800\" height=\"400\" src=\"https:\/\/kemperkontakt.de\/wp-content\/uploads\/2024\/06\/Vulkollanscheiben.jpg\" data-orig-src=\"http:\/\/kemperkontakt.com\/wp-content\/uploads\/2024\/06\/Vulkollanscheiben.jpg\" alt class=\"lazyload img-responsive wp-image-258\" srcset=\"data:image\/svg+xml,%3Csvg%20xmlns%3D%27http%3A%2F%2Fwww.w3.org%2F2000%2Fsvg%27%20width%3D%27800%27%20height%3D%27400%27%20viewBox%3D%270%200%20800%20400%27%3E%3Crect%20width%3D%27800%27%20height%3D%27400%27%20fill-opacity%3D%220%22%2F%3E%3C%2Fsvg%3E\" data-srcset=\"https:\/\/kemperkontakt.de\/wp-content\/uploads\/2024\/06\/Vulkollanscheiben-200x100.jpg 200w, https:\/\/kemperkontakt.de\/wp-content\/uploads\/2024\/06\/Vulkollanscheiben-400x200.jpg 400w, https:\/\/kemperkontakt.de\/wp-content\/uploads\/2024\/06\/Vulkollanscheiben-600x300.jpg 600w, https:\/\/kemperkontakt.de\/wp-content\/uploads\/2024\/06\/Vulkollanscheiben.jpg 800w\" data-sizes=\"auto\" data-orig-sizes=\"(max-width: 640px) 100vw, 400px\" \/><\/a><\/span><\/div><div class=\"fusion-text fusion-text-2\" style=\"--awb-margin-top:10px;\"><p>Tarcze Vulkollan ze szczeg\u00f3lnie elastycznymi, elastycznymi podk\u0142adkami. Specjalnie zaprojektowane do szlifowania mocno ukszta\u0142towanych lub wyprofilowanych element\u00f3w.<\/p>\n<\/div><div style=\"text-align:center;\"><a class=\"fusion-button button-flat fusion-button-default-size button-custom fusion-button-default button-1 fusion-button-default-span fusion-button-default-type\" style=\"--button_accent_color:var(--awb-color1);--button_accent_hover_color:var(--awb-color1);--button_border_hover_color:var(--awb-color2);--button_gradient_top_color:var(--awb-custom_color_1);--button_gradient_bottom_color:var(--awb-custom_color_1);--button_gradient_top_color_hover:hsla(var(--awb-color3-h),calc(var(--awb-color3-s) - 5%),calc(var(--awb-color3-l) - 10%),var(--awb-color3-a));--button_gradient_bottom_color_hover:hsla(var(--awb-color3-h),calc(var(--awb-color3-s) - 5%),calc(var(--awb-color3-l) - 10%),var(--awb-color3-a));\" target=\"_self\" href=\"\/pl\/tarcze-vulkollan-do-szlifowania-tasmowego-mocno-uksztaltowanych-detali\/\"><span class=\"fusion-button-text\">Dowiedz si\u0119 wi\u0119cej<\/span><\/a><\/div><\/div><\/div><\/div><\/div><\/p>\n","protected":false},"excerpt":{"rendered":"","protected":false},"author":1,"featured_media":0,"parent":0,"menu_order":0,"comment_status":"closed","ping_status":"closed","template":"100-width.php","meta":{"footnotes":""},"class_list":["post-4835","page","type-page","status-publish","hentry"],"yoast_head":"<!-- This site is optimized with the Yoast SEO plugin v27.3 - https:\/\/yoast.com\/product\/yoast-seo-wordpress\/ -->\n<title>Obszary zastosowa\u0144 niebieski - Kemper-Kontakt<\/title>\n<meta name=\"robots\" content=\"index, follow, max-snippet:-1, max-image-preview:large, max-video-preview:-1\" \/>\n<link rel=\"canonical\" href=\"https:\/\/kemperkontakt.de\/pl\/obszary-zastosowan-niebieski\/\" \/>\n<meta property=\"og:locale\" content=\"pl_PL\" \/>\n<meta property=\"og:type\" content=\"article\" \/>\n<meta property=\"og:title\" content=\"Obszary zastosowa\u0144 niebieski - Kemper-Kontakt\" \/>\n<meta property=\"og:url\" content=\"https:\/\/kemperkontakt.de\/pl\/obszary-zastosowan-niebieski\/\" \/>\n<meta property=\"og:site_name\" content=\"Kemper-Kontakt\" \/>\n<meta property=\"article:modified_time\" content=\"2025-03-17T16:28:55+00:00\" \/>\n<meta name=\"twitter:card\" content=\"summary_large_image\" \/>\n<meta name=\"twitter:label1\" content=\"Szacowany czas czytania\" \/>\n\t<meta name=\"twitter:data1\" content=\"1 minuta\" \/>\n<script type=\"application\/ld+json\" class=\"yoast-schema-graph\">{\"@context\":\"https:\\\/\\\/schema.org\",\"@graph\":[{\"@type\":\"WebPage\",\"@id\":\"https:\\\/\\\/kemperkontakt.de\\\/pl\\\/obszary-zastosowan-niebieski\\\/\",\"url\":\"https:\\\/\\\/kemperkontakt.de\\\/pl\\\/obszary-zastosowan-niebieski\\\/\",\"name\":\"Obszary zastosowa\u0144 niebieski - Kemper-Kontakt\",\"isPartOf\":{\"@id\":\"https:\\\/\\\/kemperkontakt.de\\\/pl\\\/#website\"},\"datePublished\":\"2024-09-11T18:21:09+00:00\",\"dateModified\":\"2025-03-17T16:28:55+00:00\",\"breadcrumb\":{\"@id\":\"https:\\\/\\\/kemperkontakt.de\\\/pl\\\/obszary-zastosowan-niebieski\\\/#breadcrumb\"},\"inLanguage\":\"pl-PL\",\"potentialAction\":[{\"@type\":\"ReadAction\",\"target\":[\"https:\\\/\\\/kemperkontakt.de\\\/pl\\\/obszary-zastosowan-niebieski\\\/\"]}]},{\"@type\":\"BreadcrumbList\",\"@id\":\"https:\\\/\\\/kemperkontakt.de\\\/pl\\\/obszary-zastosowan-niebieski\\\/#breadcrumb\",\"itemListElement\":[{\"@type\":\"ListItem\",\"position\":1,\"name\":\"Startseite\",\"item\":\"https:\\\/\\\/kemperkontakt.de\\\/pl\\\/\"},{\"@type\":\"ListItem\",\"position\":2,\"name\":\"Obszary zastosowa\u0144 niebieski\"}]},{\"@type\":\"WebSite\",\"@id\":\"https:\\\/\\\/kemperkontakt.de\\\/pl\\\/#website\",\"url\":\"https:\\\/\\\/kemperkontakt.de\\\/pl\\\/\",\"name\":\"Kemper-Kontakt\",\"description\":\"\",\"potentialAction\":[{\"@type\":\"SearchAction\",\"target\":{\"@type\":\"EntryPoint\",\"urlTemplate\":\"https:\\\/\\\/kemperkontakt.de\\\/pl\\\/?s={search_term_string}\"},\"query-input\":{\"@type\":\"PropertyValueSpecification\",\"valueRequired\":true,\"valueName\":\"search_term_string\"}}],\"inLanguage\":\"pl-PL\"}]}<\/script>\n<!-- \/ Yoast SEO plugin. -->","yoast_head_json":{"title":"Obszary zastosowa\u0144 niebieski - Kemper-Kontakt","robots":{"index":"index","follow":"follow","max-snippet":"max-snippet:-1","max-image-preview":"max-image-preview:large","max-video-preview":"max-video-preview:-1"},"canonical":"https:\/\/kemperkontakt.de\/pl\/obszary-zastosowan-niebieski\/","og_locale":"pl_PL","og_type":"article","og_title":"Obszary zastosowa\u0144 niebieski - Kemper-Kontakt","og_url":"https:\/\/kemperkontakt.de\/pl\/obszary-zastosowan-niebieski\/","og_site_name":"Kemper-Kontakt","article_modified_time":"2025-03-17T16:28:55+00:00","twitter_card":"summary_large_image","twitter_misc":{"Szacowany czas czytania":"1 minuta"},"schema":{"@context":"https:\/\/schema.org","@graph":[{"@type":"WebPage","@id":"https:\/\/kemperkontakt.de\/pl\/obszary-zastosowan-niebieski\/","url":"https:\/\/kemperkontakt.de\/pl\/obszary-zastosowan-niebieski\/","name":"Obszary zastosowa\u0144 niebieski - Kemper-Kontakt","isPartOf":{"@id":"https:\/\/kemperkontakt.de\/pl\/#website"},"datePublished":"2024-09-11T18:21:09+00:00","dateModified":"2025-03-17T16:28:55+00:00","breadcrumb":{"@id":"https:\/\/kemperkontakt.de\/pl\/obszary-zastosowan-niebieski\/#breadcrumb"},"inLanguage":"pl-PL","potentialAction":[{"@type":"ReadAction","target":["https:\/\/kemperkontakt.de\/pl\/obszary-zastosowan-niebieski\/"]}]},{"@type":"BreadcrumbList","@id":"https:\/\/kemperkontakt.de\/pl\/obszary-zastosowan-niebieski\/#breadcrumb","itemListElement":[{"@type":"ListItem","position":1,"name":"Startseite","item":"https:\/\/kemperkontakt.de\/pl\/"},{"@type":"ListItem","position":2,"name":"Obszary zastosowa\u0144 niebieski"}]},{"@type":"WebSite","@id":"https:\/\/kemperkontakt.de\/pl\/#website","url":"https:\/\/kemperkontakt.de\/pl\/","name":"Kemper-Kontakt","description":"","potentialAction":[{"@type":"SearchAction","target":{"@type":"EntryPoint","urlTemplate":"https:\/\/kemperkontakt.de\/pl\/?s={search_term_string}"},"query-input":{"@type":"PropertyValueSpecification","valueRequired":true,"valueName":"search_term_string"}}],"inLanguage":"pl-PL"}]}},"_links":{"self":[{"href":"https:\/\/kemperkontakt.de\/pl\/wp-json\/wp\/v2\/pages\/4835","targetHints":{"allow":["GET"]}}],"collection":[{"href":"https:\/\/kemperkontakt.de\/pl\/wp-json\/wp\/v2\/pages"}],"about":[{"href":"https:\/\/kemperkontakt.de\/pl\/wp-json\/wp\/v2\/types\/page"}],"author":[{"embeddable":true,"href":"https:\/\/kemperkontakt.de\/pl\/wp-json\/wp\/v2\/users\/1"}],"replies":[{"embeddable":true,"href":"https:\/\/kemperkontakt.de\/pl\/wp-json\/wp\/v2\/comments?post=4835"}],"version-history":[{"count":4,"href":"https:\/\/kemperkontakt.de\/pl\/wp-json\/wp\/v2\/pages\/4835\/revisions"}],"predecessor-version":[{"id":7253,"href":"https:\/\/kemperkontakt.de\/pl\/wp-json\/wp\/v2\/pages\/4835\/revisions\/7253"}],"wp:attachment":[{"href":"https:\/\/kemperkontakt.de\/pl\/wp-json\/wp\/v2\/media?parent=4835"}],"curies":[{"name":"wp","href":"https:\/\/api.w.org\/{rel}","templated":true}]}}