{"id":3289,"date":"2024-05-29T17:21:28","date_gmt":"2024-05-29T15:21:28","guid":{"rendered":"https:\/\/kemperkontakt.com\/produkt\/poulie-de-renvoi-avec-roulement-a-billes-et-axe-en-acier\/"},"modified":"2025-02-24T11:41:53","modified_gmt":"2025-02-24T10:41:53","slug":"poulie-de-renvoi-avec-roulement-a-billes-et-axe-en-acier","status":"publish","type":"product","link":"https:\/\/kemperkontakt.de\/fr\/produkt\/poulie-de-renvoi-avec-roulement-a-billes-et-axe-en-acier\/","title":{"rendered":"Poulie de renvoi avec roulement \u00e0 billes et axe en acier"},"content":{"rendered":"","protected":false},"excerpt":{"rendered":"<p>ELAX\u00ae GO \/ ELAX\u00ae V<\/p>\n<p>Poulie de renvoi ELAX\u00ae GO\/ELAX\u00ae V l\u00e9g\u00e8rement bomb\u00e9e, avec 2 roulements \u00e0 billes et axe en acier. Surface de roulement lisse en caoutchouc r\u00e9sistant \u00e0 l\u2019huile. 90\u00b0 Shore ELAX\u00ae GO ou en Vulkollan\u00ae 90 Shore A ELAX\u00ae V. R\u00e9sistant \u00e0 l\u2019huile et tr\u00e8s r\u00e9sistant \u00e0 l\u2019abrasion.<\/p>\n<p>&nbsp;<\/p>\n<p><strong>A utiliser avec quelle machine :<br \/>\n<a href=\"http:\/\/kemperkontakt.com\/schleifen-mit-robotern\/\"><img decoding=\"async\" class=\"alignnone wp-image-1658\" src=\"https:\/\/kemperkontakt.de\/wp-content\/uploads\/2024\/09\/Roboterschleifen-blau-150x150.png\" alt=\"\" width=\"100\" height=\"100\" srcset=\"https:\/\/kemperkontakt.de\/wp-content\/uploads\/2024\/09\/Roboterschleifen-blau-66x66.png 66w, https:\/\/kemperkontakt.de\/wp-content\/uploads\/2024\/09\/Roboterschleifen-blau-150x150.png 150w, https:\/\/kemperkontakt.de\/wp-content\/uploads\/2024\/09\/Roboterschleifen-blau-200x200.png 200w, https:\/\/kemperkontakt.de\/wp-content\/uploads\/2024\/09\/Roboterschleifen-blau-300x300.png 300w, https:\/\/kemperkontakt.de\/wp-content\/uploads\/2024\/09\/Roboterschleifen-blau-400x400.png 400w, https:\/\/kemperkontakt.de\/wp-content\/uploads\/2024\/09\/Roboterschleifen-blau-500x500.png 500w, https:\/\/kemperkontakt.de\/wp-content\/uploads\/2024\/09\/Roboterschleifen-blau-600x600.png 600w, https:\/\/kemperkontakt.de\/wp-content\/uploads\/2024\/09\/Roboterschleifen-blau-768x768.png 768w, https:\/\/kemperkontakt.de\/wp-content\/uploads\/2024\/09\/Roboterschleifen-blau-800x800.png 800w, https:\/\/kemperkontakt.de\/wp-content\/uploads\/2024\/09\/Roboterschleifen-blau.png 1000w\" sizes=\"(max-width: 100px) 100vw, 100px\" \/><\/a>  <a href=\"http:\/\/kemperkontakt.com\/bandschleifmaschinen\"><img decoding=\"async\" class=\"alignnone wp-image-1652\" src=\"https:\/\/kemperkontakt.de\/wp-content\/uploads\/2024\/09\/Bandschleifmaschine-2-blau-150x150.png\" alt=\"\" width=\"100\" height=\"100\" srcset=\"https:\/\/kemperkontakt.de\/wp-content\/uploads\/2024\/09\/Bandschleifmaschine-2-blau-66x66.png 66w, https:\/\/kemperkontakt.de\/wp-content\/uploads\/2024\/09\/Bandschleifmaschine-2-blau-150x150.png 150w, https:\/\/kemperkontakt.de\/wp-content\/uploads\/2024\/09\/Bandschleifmaschine-2-blau-200x200.png 200w, https:\/\/kemperkontakt.de\/wp-content\/uploads\/2024\/09\/Bandschleifmaschine-2-blau-300x300.png 300w, https:\/\/kemperkontakt.de\/wp-content\/uploads\/2024\/09\/Bandschleifmaschine-2-blau-400x400.png 400w, https:\/\/kemperkontakt.de\/wp-content\/uploads\/2024\/09\/Bandschleifmaschine-2-blau-500x500.png 500w, https:\/\/kemperkontakt.de\/wp-content\/uploads\/2024\/09\/Bandschleifmaschine-2-blau-600x600.png 600w, https:\/\/kemperkontakt.de\/wp-content\/uploads\/2024\/09\/Bandschleifmaschine-2-blau-768x768.png 768w, https:\/\/kemperkontakt.de\/wp-content\/uploads\/2024\/09\/Bandschleifmaschine-2-blau-800x800.png 800w, https:\/\/kemperkontakt.de\/wp-content\/uploads\/2024\/09\/Bandschleifmaschine-2-blau.png 1000w\" sizes=\"(max-width: 100px) 100vw, 100px\" \/><\/a>   <a href=\"http:\/\/kemperkontakt.com\/stationaere-maschinen\/\"><img decoding=\"async\" class=\"alignnone wp-image-1653\" src=\"https:\/\/kemperkontakt.de\/wp-content\/uploads\/2024\/09\/Bandschleifmaschine-blau-150x150.png\" alt=\"\" width=\"100\" height=\"100\" srcset=\"https:\/\/kemperkontakt.de\/wp-content\/uploads\/2024\/09\/Bandschleifmaschine-blau-66x66.png 66w, https:\/\/kemperkontakt.de\/wp-content\/uploads\/2024\/09\/Bandschleifmaschine-blau-150x150.png 150w, https:\/\/kemperkontakt.de\/wp-content\/uploads\/2024\/09\/Bandschleifmaschine-blau-200x200.png 200w, https:\/\/kemperkontakt.de\/wp-content\/uploads\/2024\/09\/Bandschleifmaschine-blau-300x300.png 300w, https:\/\/kemperkontakt.de\/wp-content\/uploads\/2024\/09\/Bandschleifmaschine-blau-400x400.png 400w, https:\/\/kemperkontakt.de\/wp-content\/uploads\/2024\/09\/Bandschleifmaschine-blau-500x500.png 500w, https:\/\/kemperkontakt.de\/wp-content\/uploads\/2024\/09\/Bandschleifmaschine-blau-600x600.png 600w, https:\/\/kemperkontakt.de\/wp-content\/uploads\/2024\/09\/Bandschleifmaschine-blau-768x768.png 768w, https:\/\/kemperkontakt.de\/wp-content\/uploads\/2024\/09\/Bandschleifmaschine-blau-800x800.png 800w, https:\/\/kemperkontakt.de\/wp-content\/uploads\/2024\/09\/Bandschleifmaschine-blau.png 1000w\" sizes=\"(max-width: 100px) 100vw, 100px\" \/><\/a> <\/strong><\/p>\n<p>&nbsp;<\/p>\n<p><strong>Fiche technique du produit :<br \/>\n<\/strong>[download id=\"1774\" template=\"Umlenkrolle mit Kugellager und Stahlachse\"]<\/p>\n","protected":false},"featured_media":7558,"template":"","meta":[],"product_brand":[],"product_cat":[432],"product_tag":[406,410,433,434],"class_list":{"0":"post-3289","1":"product","2":"type-product","3":"status-publish","4":"has-post-thumbnail","6":"product_cat-poulies-de-renvoi","7":"product_tag-poncage-avec-des-robots","8":"product_tag-ponceuses-a-bande","9":"product_tag-poulie-de-renvoi","10":"product_tag-resistant-a-lhuile","12":"first","13":"instock","14":"shipping-taxable","15":"product-type-simple"},"yoast_head":"<!-- This site is optimized with the Yoast SEO plugin v27.4 - https:\/\/yoast.com\/product\/yoast-seo-wordpress\/ -->\n<title>Poulie de renvoi avec roulement \u00e0 billes et axe en acier - Kemper-Kontakt<\/title>\n<meta name=\"robots\" content=\"index, follow, max-snippet:-1, max-image-preview:large, max-video-preview:-1\" \/>\n<link rel=\"canonical\" href=\"https:\/\/kemperkontakt.de\/fr\/produkt\/poulie-de-renvoi-avec-roulement-a-billes-et-axe-en-acier\/\" \/>\n<meta property=\"og:locale\" content=\"fr_FR\" \/>\n<meta property=\"og:type\" content=\"article\" \/>\n<meta property=\"og:title\" content=\"Poulie de renvoi avec roulement \u00e0 billes et axe en acier - Kemper-Kontakt\" \/>\n<meta property=\"og:description\" content=\"ELAX\u00ae GO \/ ELAX\u00ae V Poulie de renvoi ELAX\u00ae GO\/ELAX\u00ae V l\u00e9g\u00e8rement bomb\u00e9e, avec 2 roulements \u00e0 billes et axe en acier. Surface de roulement lisse en caoutchouc r\u00e9sistant \u00e0 l\u2019huile. 90\u00b0 Shore ELAX\u00ae GO ou en Vulkollan\u00ae 90 Shore A ELAX\u00ae V. R\u00e9sistant \u00e0 l\u2019huile et tr\u00e8s r\u00e9sistant \u00e0 l\u2019abrasion. &nbsp; A utiliser avec quelle machine :     &nbsp; Fiche technique du produit :\" \/>\n<meta property=\"og:url\" content=\"https:\/\/kemperkontakt.de\/fr\/produkt\/poulie-de-renvoi-avec-roulement-a-billes-et-axe-en-acier\/\" \/>\n<meta property=\"og:site_name\" content=\"Kemper-Kontakt\" \/>\n<meta property=\"article:modified_time\" content=\"2025-02-24T10:41:53+00:00\" \/>\n<meta property=\"og:image\" content=\"https:\/\/kemperkontakt.de\/wp-content\/uploads\/2024\/05\/ELAX_GO_ELAX_V_1000x1000.jpg\" \/>\n\t<meta property=\"og:image:width\" content=\"1000\" \/>\n\t<meta property=\"og:image:height\" content=\"1000\" \/>\n\t<meta property=\"og:image:type\" content=\"image\/jpeg\" \/>\n<meta name=\"twitter:card\" content=\"summary_large_image\" \/>\n<meta name=\"twitter:label1\" content=\"Dur\u00e9e de lecture estim\u00e9e\" \/>\n\t<meta name=\"twitter:data1\" content=\"1 minute\" \/>\n<script type=\"application\/ld+json\" class=\"yoast-schema-graph\">{\"@context\":\"https:\\\/\\\/schema.org\",\"@graph\":[{\"@type\":\"WebPage\",\"@id\":\"https:\\\/\\\/kemperkontakt.de\\\/fr\\\/produkt\\\/poulie-de-renvoi-avec-roulement-a-billes-et-axe-en-acier\\\/\",\"url\":\"https:\\\/\\\/kemperkontakt.de\\\/fr\\\/produkt\\\/poulie-de-renvoi-avec-roulement-a-billes-et-axe-en-acier\\\/\",\"name\":\"Poulie de renvoi avec roulement \u00e0 billes et axe en acier - Kemper-Kontakt\",\"isPartOf\":{\"@id\":\"https:\\\/\\\/kemperkontakt.de\\\/fr\\\/#website\"},\"primaryImageOfPage\":{\"@id\":\"https:\\\/\\\/kemperkontakt.de\\\/fr\\\/produkt\\\/poulie-de-renvoi-avec-roulement-a-billes-et-axe-en-acier\\\/#primaryimage\"},\"image\":{\"@id\":\"https:\\\/\\\/kemperkontakt.de\\\/fr\\\/produkt\\\/poulie-de-renvoi-avec-roulement-a-billes-et-axe-en-acier\\\/#primaryimage\"},\"thumbnailUrl\":\"https:\\\/\\\/kemperkontakt.de\\\/wp-content\\\/uploads\\\/2024\\\/05\\\/2024_11_Fotoserie_kemperkontakt_bearbeitet-17.jpg\",\"datePublished\":\"2024-05-29T15:21:28+00:00\",\"dateModified\":\"2025-02-24T10:41:53+00:00\",\"breadcrumb\":{\"@id\":\"https:\\\/\\\/kemperkontakt.de\\\/fr\\\/produkt\\\/poulie-de-renvoi-avec-roulement-a-billes-et-axe-en-acier\\\/#breadcrumb\"},\"inLanguage\":\"fr-FR\",\"potentialAction\":[{\"@type\":\"ReadAction\",\"target\":[\"https:\\\/\\\/kemperkontakt.de\\\/fr\\\/produkt\\\/poulie-de-renvoi-avec-roulement-a-billes-et-axe-en-acier\\\/\"]}]},{\"@type\":\"ImageObject\",\"inLanguage\":\"fr-FR\",\"@id\":\"https:\\\/\\\/kemperkontakt.de\\\/fr\\\/produkt\\\/poulie-de-renvoi-avec-roulement-a-billes-et-axe-en-acier\\\/#primaryimage\",\"url\":\"https:\\\/\\\/kemperkontakt.de\\\/wp-content\\\/uploads\\\/2024\\\/05\\\/2024_11_Fotoserie_kemperkontakt_bearbeitet-17.jpg\",\"contentUrl\":\"https:\\\/\\\/kemperkontakt.de\\\/wp-content\\\/uploads\\\/2024\\\/05\\\/2024_11_Fotoserie_kemperkontakt_bearbeitet-17.jpg\",\"width\":1280,\"height\":851},{\"@type\":\"BreadcrumbList\",\"@id\":\"https:\\\/\\\/kemperkontakt.de\\\/fr\\\/produkt\\\/poulie-de-renvoi-avec-roulement-a-billes-et-axe-en-acier\\\/#breadcrumb\",\"itemListElement\":[{\"@type\":\"ListItem\",\"position\":1,\"name\":\"Startseite\",\"item\":\"https:\\\/\\\/kemperkontakt.de\\\/fr\\\/\"},{\"@type\":\"ListItem\",\"position\":2,\"name\":\"Boutique\",\"item\":\"https:\\\/\\\/kemperkontakt.de\\\/fr\\\/boutique\\\/\"},{\"@type\":\"ListItem\",\"position\":3,\"name\":\"Poulie de renvoi avec roulement \u00e0 billes et axe en acier\"}]},{\"@type\":\"WebSite\",\"@id\":\"https:\\\/\\\/kemperkontakt.de\\\/fr\\\/#website\",\"url\":\"https:\\\/\\\/kemperkontakt.de\\\/fr\\\/\",\"name\":\"Kemper-Kontakt\",\"description\":\"\",\"potentialAction\":[{\"@type\":\"SearchAction\",\"target\":{\"@type\":\"EntryPoint\",\"urlTemplate\":\"https:\\\/\\\/kemperkontakt.de\\\/fr\\\/?s={search_term_string}\"},\"query-input\":{\"@type\":\"PropertyValueSpecification\",\"valueRequired\":true,\"valueName\":\"search_term_string\"}}],\"inLanguage\":\"fr-FR\"}]}<\/script>\n<!-- \/ Yoast SEO plugin. -->","yoast_head_json":{"title":"Poulie de renvoi avec roulement \u00e0 billes et axe en acier - Kemper-Kontakt","robots":{"index":"index","follow":"follow","max-snippet":"max-snippet:-1","max-image-preview":"max-image-preview:large","max-video-preview":"max-video-preview:-1"},"canonical":"https:\/\/kemperkontakt.de\/fr\/produkt\/poulie-de-renvoi-avec-roulement-a-billes-et-axe-en-acier\/","og_locale":"fr_FR","og_type":"article","og_title":"Poulie de renvoi avec roulement \u00e0 billes et axe en acier - Kemper-Kontakt","og_description":"ELAX\u00ae GO \/ ELAX\u00ae V Poulie de renvoi ELAX\u00ae GO\/ELAX\u00ae V l\u00e9g\u00e8rement bomb\u00e9e, avec 2 roulements \u00e0 billes et axe en acier. Surface de roulement lisse en caoutchouc r\u00e9sistant \u00e0 l\u2019huile. 90\u00b0 Shore ELAX\u00ae GO ou en Vulkollan\u00ae 90 Shore A ELAX\u00ae V. R\u00e9sistant \u00e0 l\u2019huile et tr\u00e8s r\u00e9sistant \u00e0 l\u2019abrasion. &nbsp; A utiliser avec quelle machine :     &nbsp; Fiche technique du produit :","og_url":"https:\/\/kemperkontakt.de\/fr\/produkt\/poulie-de-renvoi-avec-roulement-a-billes-et-axe-en-acier\/","og_site_name":"Kemper-Kontakt","article_modified_time":"2025-02-24T10:41:53+00:00","og_image":[{"width":1000,"height":1000,"url":"https:\/\/kemperkontakt.de\/wp-content\/uploads\/2024\/05\/ELAX_GO_ELAX_V_1000x1000.jpg","type":"image\/jpeg"}],"twitter_card":"summary_large_image","twitter_misc":{"Dur\u00e9e de lecture estim\u00e9e":"1 minute"},"schema":{"@context":"https:\/\/schema.org","@graph":[{"@type":"WebPage","@id":"https:\/\/kemperkontakt.de\/fr\/produkt\/poulie-de-renvoi-avec-roulement-a-billes-et-axe-en-acier\/","url":"https:\/\/kemperkontakt.de\/fr\/produkt\/poulie-de-renvoi-avec-roulement-a-billes-et-axe-en-acier\/","name":"Poulie de renvoi avec roulement \u00e0 billes et axe en acier - Kemper-Kontakt","isPartOf":{"@id":"https:\/\/kemperkontakt.de\/fr\/#website"},"primaryImageOfPage":{"@id":"https:\/\/kemperkontakt.de\/fr\/produkt\/poulie-de-renvoi-avec-roulement-a-billes-et-axe-en-acier\/#primaryimage"},"image":{"@id":"https:\/\/kemperkontakt.de\/fr\/produkt\/poulie-de-renvoi-avec-roulement-a-billes-et-axe-en-acier\/#primaryimage"},"thumbnailUrl":"https:\/\/kemperkontakt.de\/wp-content\/uploads\/2024\/05\/2024_11_Fotoserie_kemperkontakt_bearbeitet-17.jpg","datePublished":"2024-05-29T15:21:28+00:00","dateModified":"2025-02-24T10:41:53+00:00","breadcrumb":{"@id":"https:\/\/kemperkontakt.de\/fr\/produkt\/poulie-de-renvoi-avec-roulement-a-billes-et-axe-en-acier\/#breadcrumb"},"inLanguage":"fr-FR","potentialAction":[{"@type":"ReadAction","target":["https:\/\/kemperkontakt.de\/fr\/produkt\/poulie-de-renvoi-avec-roulement-a-billes-et-axe-en-acier\/"]}]},{"@type":"ImageObject","inLanguage":"fr-FR","@id":"https:\/\/kemperkontakt.de\/fr\/produkt\/poulie-de-renvoi-avec-roulement-a-billes-et-axe-en-acier\/#primaryimage","url":"https:\/\/kemperkontakt.de\/wp-content\/uploads\/2024\/05\/2024_11_Fotoserie_kemperkontakt_bearbeitet-17.jpg","contentUrl":"https:\/\/kemperkontakt.de\/wp-content\/uploads\/2024\/05\/2024_11_Fotoserie_kemperkontakt_bearbeitet-17.jpg","width":1280,"height":851},{"@type":"BreadcrumbList","@id":"https:\/\/kemperkontakt.de\/fr\/produkt\/poulie-de-renvoi-avec-roulement-a-billes-et-axe-en-acier\/#breadcrumb","itemListElement":[{"@type":"ListItem","position":1,"name":"Startseite","item":"https:\/\/kemperkontakt.de\/fr\/"},{"@type":"ListItem","position":2,"name":"Boutique","item":"https:\/\/kemperkontakt.de\/fr\/boutique\/"},{"@type":"ListItem","position":3,"name":"Poulie de renvoi avec roulement \u00e0 billes et axe en acier"}]},{"@type":"WebSite","@id":"https:\/\/kemperkontakt.de\/fr\/#website","url":"https:\/\/kemperkontakt.de\/fr\/","name":"Kemper-Kontakt","description":"","potentialAction":[{"@type":"SearchAction","target":{"@type":"EntryPoint","urlTemplate":"https:\/\/kemperkontakt.de\/fr\/?s={search_term_string}"},"query-input":{"@type":"PropertyValueSpecification","valueRequired":true,"valueName":"search_term_string"}}],"inLanguage":"fr-FR"}]}},"_links":{"self":[{"href":"https:\/\/kemperkontakt.de\/fr\/wp-json\/wp\/v2\/product\/3289","targetHints":{"allow":["GET"]}}],"collection":[{"href":"https:\/\/kemperkontakt.de\/fr\/wp-json\/wp\/v2\/product"}],"about":[{"href":"https:\/\/kemperkontakt.de\/fr\/wp-json\/wp\/v2\/types\/product"}],"wp:featuredmedia":[{"embeddable":true,"href":"https:\/\/kemperkontakt.de\/fr\/wp-json\/wp\/v2\/media\/7558"}],"wp:attachment":[{"href":"https:\/\/kemperkontakt.de\/fr\/wp-json\/wp\/v2\/media?parent=3289"}],"wp:term":[{"taxonomy":"product_brand","embeddable":true,"href":"https:\/\/kemperkontakt.de\/fr\/wp-json\/wp\/v2\/product_brand?post=3289"},{"taxonomy":"product_cat","embeddable":true,"href":"https:\/\/kemperkontakt.de\/fr\/wp-json\/wp\/v2\/product_cat?post=3289"},{"taxonomy":"product_tag","embeddable":true,"href":"https:\/\/kemperkontakt.de\/fr\/wp-json\/wp\/v2\/product_tag?post=3289"}],"curies":[{"name":"wp","href":"https:\/\/api.w.org\/{rel}","templated":true}]}}