{"id":3285,"date":"2024-06-07T16:04:15","date_gmt":"2024-06-07T14:04:15","guid":{"rendered":"https:\/\/kemperkontakt.com\/produkt\/rondelle-de-contact-en-vulkollan-massif-surface-lisse\/"},"modified":"2025-02-24T10:30:17","modified_gmt":"2025-02-24T09:30:17","slug":"rondelle-de-contact-en-vulkollan-massif-surface-lisse","status":"publish","type":"product","link":"https:\/\/kemperkontakt.de\/fr\/produkt\/rondelle-de-contact-en-vulkollan-massif-surface-lisse\/","title":{"rendered":"Rondelle de contact en Vulkollan\u00ae massif, surface lisse"},"content":{"rendered":"","protected":false},"excerpt":{"rendered":"<p><strong>ELAX\u00ae V<\/strong><\/p>\n<p>Coussinet de roulement lisse. Utilisation possible comme disque d\u2019entra\u00eenement ou disque pour les travaux de meulage plus fins. R\u00e9sistance \u00e0 l\u2019usure sup\u00e9rieure \u00e0 celle des disques de contact avec un rev\u00eatement en caoutchouc.<\/p>\n<p>Rainurage : aucun<\/p>\n<p>&nbsp;<\/p>\n<p><strong>Compatible avec :<\/strong><\/p>\n<p><strong><a href=\"\/schleifen-mit-robotern\/\"><img decoding=\"async\" class=\"alignnone wp-image-1658\" src=\"http:\/\/kemperkontakt.com\/wp-content\/uploads\/2024\/09\/Roboterschleifen-blau-150x150.png\" alt=\"\" width=\"100\" height=\"100\" srcset=\"https:\/\/kemperkontakt.de\/wp-content\/uploads\/2024\/09\/Roboterschleifen-blau-66x66.png 66w, https:\/\/kemperkontakt.de\/wp-content\/uploads\/2024\/09\/Roboterschleifen-blau-150x150.png 150w, https:\/\/kemperkontakt.de\/wp-content\/uploads\/2024\/09\/Roboterschleifen-blau-200x200.png 200w, https:\/\/kemperkontakt.de\/wp-content\/uploads\/2024\/09\/Roboterschleifen-blau-300x300.png 300w, https:\/\/kemperkontakt.de\/wp-content\/uploads\/2024\/09\/Roboterschleifen-blau-400x400.png 400w, https:\/\/kemperkontakt.de\/wp-content\/uploads\/2024\/09\/Roboterschleifen-blau-500x500.png 500w, https:\/\/kemperkontakt.de\/wp-content\/uploads\/2024\/09\/Roboterschleifen-blau-600x600.png 600w, https:\/\/kemperkontakt.de\/wp-content\/uploads\/2024\/09\/Roboterschleifen-blau-768x768.png 768w, https:\/\/kemperkontakt.de\/wp-content\/uploads\/2024\/09\/Roboterschleifen-blau-800x800.png 800w, https:\/\/kemperkontakt.de\/wp-content\/uploads\/2024\/09\/Roboterschleifen-blau.png 1000w\" sizes=\"(max-width: 100px) 100vw, 100px\" \/><\/a><a href=\"http:\/\/kemperkontakt.com\/grosse-bandschleifmaschinen\/\">  <\/a><a href=\"\/bandschleifmaschinen\/\"><img decoding=\"async\" class=\"alignnone wp-image-1652\" src=\"http:\/\/kemperkontakt.com\/wp-content\/uploads\/2024\/09\/Bandschleifmaschine-2-blau-150x150.png\" alt=\"\" width=\"100\" height=\"100\" srcset=\"https:\/\/kemperkontakt.de\/wp-content\/uploads\/2024\/09\/Bandschleifmaschine-2-blau-66x66.png 66w, https:\/\/kemperkontakt.de\/wp-content\/uploads\/2024\/09\/Bandschleifmaschine-2-blau-150x150.png 150w, https:\/\/kemperkontakt.de\/wp-content\/uploads\/2024\/09\/Bandschleifmaschine-2-blau-200x200.png 200w, https:\/\/kemperkontakt.de\/wp-content\/uploads\/2024\/09\/Bandschleifmaschine-2-blau-300x300.png 300w, https:\/\/kemperkontakt.de\/wp-content\/uploads\/2024\/09\/Bandschleifmaschine-2-blau-400x400.png 400w, https:\/\/kemperkontakt.de\/wp-content\/uploads\/2024\/09\/Bandschleifmaschine-2-blau-500x500.png 500w, https:\/\/kemperkontakt.de\/wp-content\/uploads\/2024\/09\/Bandschleifmaschine-2-blau-600x600.png 600w, https:\/\/kemperkontakt.de\/wp-content\/uploads\/2024\/09\/Bandschleifmaschine-2-blau-768x768.png 768w, https:\/\/kemperkontakt.de\/wp-content\/uploads\/2024\/09\/Bandschleifmaschine-2-blau-800x800.png 800w, https:\/\/kemperkontakt.de\/wp-content\/uploads\/2024\/09\/Bandschleifmaschine-2-blau.png 1000w\" sizes=\"(max-width: 100px) 100vw, 100px\" \/><\/a><a href=\"http:\/\/kemperkontakt.com\/grosse-bandschleifmaschinen\/\">  <\/a><a href=\"\/grosse-bandschleifmaschinen\/\"><img decoding=\"async\" class=\"alignnone wp-image-1653\" src=\"http:\/\/kemperkontakt.com\/wp-content\/uploads\/2024\/09\/Bandschleifmaschine-blau-150x150.png\" alt=\"\" width=\"100\" height=\"100\" srcset=\"https:\/\/kemperkontakt.de\/wp-content\/uploads\/2024\/09\/Bandschleifmaschine-blau-66x66.png 66w, https:\/\/kemperkontakt.de\/wp-content\/uploads\/2024\/09\/Bandschleifmaschine-blau-150x150.png 150w, https:\/\/kemperkontakt.de\/wp-content\/uploads\/2024\/09\/Bandschleifmaschine-blau-200x200.png 200w, https:\/\/kemperkontakt.de\/wp-content\/uploads\/2024\/09\/Bandschleifmaschine-blau-300x300.png 300w, https:\/\/kemperkontakt.de\/wp-content\/uploads\/2024\/09\/Bandschleifmaschine-blau-400x400.png 400w, https:\/\/kemperkontakt.de\/wp-content\/uploads\/2024\/09\/Bandschleifmaschine-blau-500x500.png 500w, https:\/\/kemperkontakt.de\/wp-content\/uploads\/2024\/09\/Bandschleifmaschine-blau-600x600.png 600w, https:\/\/kemperkontakt.de\/wp-content\/uploads\/2024\/09\/Bandschleifmaschine-blau-768x768.png 768w, https:\/\/kemperkontakt.de\/wp-content\/uploads\/2024\/09\/Bandschleifmaschine-blau-800x800.png 800w, https:\/\/kemperkontakt.de\/wp-content\/uploads\/2024\/09\/Bandschleifmaschine-blau.png 1000w\" sizes=\"(max-width: 100px) 100vw, 100px\" \/><\/a><\/strong><\/p>\n<p>&nbsp;<\/p>\n<p><strong>Fiche technique du produit :<br \/>\n<\/strong>[download id=\"1827\" template=\"Kontaktscheibe aus massivem Vulkollan\u00ae, glatte Oberl\u00e4che\"]<\/p>\n<p>Pour en savoir plus, cliquez ici pour lire les <span style=\"color: #27348b;\"><a style=\"color: #27348b;\" href=\"https:\/\/kemperkontakt.de\/wp-content\/uploads\/2025\/02\/Information-about-contact-wheels-3.pdf\" target=\"_blank\" rel=\"noopener\">Informations g\u00e9n\u00e9rales sur les rondelles de contact <\/a><\/span>ou les <span style=\"color: #000000;\"><a style=\"color: #27348b;\" href=\"https:\/\/kemperkontakt.de\/wp-content\/uploads\/2025\/02\/Kontaktscheiben-Lagerhinweis-FR-05.05.21.pdf\" target=\"_blank\" rel=\"noopener\">Informations g\u00e9n\u00e9rales sur les roulements pour les rondelles de contact<\/a><\/span>.<\/p>\n","protected":false},"featured_media":2126,"template":"","meta":[],"product_brand":[],"product_cat":[425],"product_tag":[428,426,414,406,410,417],"class_list":{"0":"post-3285","1":"product","2":"type-product","3":"status-publish","4":"has-post-thumbnail","6":"product_cat-rondelles-de-contact-avec-coussinet-de-roulement-en-plastique-resistant-a-lhuile-et-aux-emulsions","7":"product_tag-bandes-a-grain-fin","8":"product_tag-hautement-resistant-a-labrasion","9":"product_tag-peaufinage","10":"product_tag-poncage-avec-des-robots","11":"product_tag-ponceuses-a-bande","12":"product_tag-ponceuses-a-bande-de-grande-taille","14":"first","15":"instock","16":"shipping-taxable","17":"product-type-simple"},"yoast_head":"<!-- This site is optimized with the Yoast SEO plugin v27.3 - https:\/\/yoast.com\/product\/yoast-seo-wordpress\/ -->\n<title>Rondelle de contact en Vulkollan\u00ae massif, surface lisse - Kemper-Kontakt<\/title>\n<meta name=\"robots\" content=\"index, follow, max-snippet:-1, max-image-preview:large, max-video-preview:-1\" \/>\n<link rel=\"canonical\" href=\"https:\/\/kemperkontakt.de\/fr\/produkt\/rondelle-de-contact-en-vulkollan-massif-surface-lisse\/\" \/>\n<meta property=\"og:locale\" content=\"fr_FR\" \/>\n<meta property=\"og:type\" content=\"article\" \/>\n<meta property=\"og:title\" content=\"Rondelle de contact en Vulkollan\u00ae massif, surface lisse - Kemper-Kontakt\" \/>\n<meta property=\"og:description\" content=\"ELAX\u00ae V Coussinet de roulement lisse. Utilisation possible comme disque d\u2019entra\u00eenement ou disque pour les travaux de meulage plus fins. R\u00e9sistance \u00e0 l\u2019usure sup\u00e9rieure \u00e0 celle des disques de contact avec un rev\u00eatement en caoutchouc. Rainurage : aucun &nbsp; Compatible avec :    &nbsp; Fiche technique du produit :  Pour en savoir plus, cliquez ici pour lire les Informations g\u00e9n\u00e9rales sur les rondelles de contact ou les Informations g\u00e9n\u00e9rales sur les roulements pour les rondelles de contact.\" \/>\n<meta property=\"og:url\" content=\"https:\/\/kemperkontakt.de\/fr\/produkt\/rondelle-de-contact-en-vulkollan-massif-surface-lisse\/\" \/>\n<meta property=\"og:site_name\" content=\"Kemper-Kontakt\" \/>\n<meta property=\"article:modified_time\" content=\"2025-02-24T09:30:17+00:00\" \/>\n<meta property=\"og:image\" content=\"https:\/\/kemperkontakt.de\/wp-content\/uploads\/2024\/06\/Elax_V_1000x1000.jpg\" \/>\n\t<meta property=\"og:image:width\" content=\"1000\" \/>\n\t<meta property=\"og:image:height\" content=\"1000\" \/>\n\t<meta property=\"og:image:type\" content=\"image\/jpeg\" \/>\n<meta name=\"twitter:card\" content=\"summary_large_image\" \/>\n<meta name=\"twitter:label1\" content=\"Dur\u00e9e de lecture estim\u00e9e\" \/>\n\t<meta name=\"twitter:data1\" content=\"1 minute\" \/>\n<script type=\"application\/ld+json\" class=\"yoast-schema-graph\">{\"@context\":\"https:\\\/\\\/schema.org\",\"@graph\":[{\"@type\":\"WebPage\",\"@id\":\"https:\\\/\\\/kemperkontakt.de\\\/fr\\\/produkt\\\/rondelle-de-contact-en-vulkollan-massif-surface-lisse\\\/\",\"url\":\"https:\\\/\\\/kemperkontakt.de\\\/fr\\\/produkt\\\/rondelle-de-contact-en-vulkollan-massif-surface-lisse\\\/\",\"name\":\"Rondelle de contact en Vulkollan\u00ae massif, surface lisse - Kemper-Kontakt\",\"isPartOf\":{\"@id\":\"https:\\\/\\\/kemperkontakt.de\\\/fr\\\/#website\"},\"primaryImageOfPage\":{\"@id\":\"https:\\\/\\\/kemperkontakt.de\\\/fr\\\/produkt\\\/rondelle-de-contact-en-vulkollan-massif-surface-lisse\\\/#primaryimage\"},\"image\":{\"@id\":\"https:\\\/\\\/kemperkontakt.de\\\/fr\\\/produkt\\\/rondelle-de-contact-en-vulkollan-massif-surface-lisse\\\/#primaryimage\"},\"thumbnailUrl\":\"https:\\\/\\\/kemperkontakt.de\\\/wp-content\\\/uploads\\\/2024\\\/06\\\/Elax_V_1000x1000.jpg\",\"datePublished\":\"2024-06-07T14:04:15+00:00\",\"dateModified\":\"2025-02-24T09:30:17+00:00\",\"breadcrumb\":{\"@id\":\"https:\\\/\\\/kemperkontakt.de\\\/fr\\\/produkt\\\/rondelle-de-contact-en-vulkollan-massif-surface-lisse\\\/#breadcrumb\"},\"inLanguage\":\"fr-FR\",\"potentialAction\":[{\"@type\":\"ReadAction\",\"target\":[\"https:\\\/\\\/kemperkontakt.de\\\/fr\\\/produkt\\\/rondelle-de-contact-en-vulkollan-massif-surface-lisse\\\/\"]}]},{\"@type\":\"ImageObject\",\"inLanguage\":\"fr-FR\",\"@id\":\"https:\\\/\\\/kemperkontakt.de\\\/fr\\\/produkt\\\/rondelle-de-contact-en-vulkollan-massif-surface-lisse\\\/#primaryimage\",\"url\":\"https:\\\/\\\/kemperkontakt.de\\\/wp-content\\\/uploads\\\/2024\\\/06\\\/Elax_V_1000x1000.jpg\",\"contentUrl\":\"https:\\\/\\\/kemperkontakt.de\\\/wp-content\\\/uploads\\\/2024\\\/06\\\/Elax_V_1000x1000.jpg\",\"width\":1000,\"height\":1000},{\"@type\":\"BreadcrumbList\",\"@id\":\"https:\\\/\\\/kemperkontakt.de\\\/fr\\\/produkt\\\/rondelle-de-contact-en-vulkollan-massif-surface-lisse\\\/#breadcrumb\",\"itemListElement\":[{\"@type\":\"ListItem\",\"position\":1,\"name\":\"Startseite\",\"item\":\"https:\\\/\\\/kemperkontakt.de\\\/fr\\\/\"},{\"@type\":\"ListItem\",\"position\":2,\"name\":\"Boutique\",\"item\":\"https:\\\/\\\/kemperkontakt.de\\\/fr\\\/boutique\\\/\"},{\"@type\":\"ListItem\",\"position\":3,\"name\":\"Rondelle de contact en Vulkollan\u00ae massif, surface lisse\"}]},{\"@type\":\"WebSite\",\"@id\":\"https:\\\/\\\/kemperkontakt.de\\\/fr\\\/#website\",\"url\":\"https:\\\/\\\/kemperkontakt.de\\\/fr\\\/\",\"name\":\"Kemper-Kontakt\",\"description\":\"\",\"potentialAction\":[{\"@type\":\"SearchAction\",\"target\":{\"@type\":\"EntryPoint\",\"urlTemplate\":\"https:\\\/\\\/kemperkontakt.de\\\/fr\\\/?s={search_term_string}\"},\"query-input\":{\"@type\":\"PropertyValueSpecification\",\"valueRequired\":true,\"valueName\":\"search_term_string\"}}],\"inLanguage\":\"fr-FR\"}]}<\/script>\n<!-- \/ Yoast SEO plugin. -->","yoast_head_json":{"title":"Rondelle de contact en Vulkollan\u00ae massif, surface lisse - Kemper-Kontakt","robots":{"index":"index","follow":"follow","max-snippet":"max-snippet:-1","max-image-preview":"max-image-preview:large","max-video-preview":"max-video-preview:-1"},"canonical":"https:\/\/kemperkontakt.de\/fr\/produkt\/rondelle-de-contact-en-vulkollan-massif-surface-lisse\/","og_locale":"fr_FR","og_type":"article","og_title":"Rondelle de contact en Vulkollan\u00ae massif, surface lisse - Kemper-Kontakt","og_description":"ELAX\u00ae V Coussinet de roulement lisse. Utilisation possible comme disque d\u2019entra\u00eenement ou disque pour les travaux de meulage plus fins. R\u00e9sistance \u00e0 l\u2019usure sup\u00e9rieure \u00e0 celle des disques de contact avec un rev\u00eatement en caoutchouc. Rainurage : aucun &nbsp; Compatible avec :    &nbsp; Fiche technique du produit :  Pour en savoir plus, cliquez ici pour lire les Informations g\u00e9n\u00e9rales sur les rondelles de contact ou les Informations g\u00e9n\u00e9rales sur les roulements pour les rondelles de contact.","og_url":"https:\/\/kemperkontakt.de\/fr\/produkt\/rondelle-de-contact-en-vulkollan-massif-surface-lisse\/","og_site_name":"Kemper-Kontakt","article_modified_time":"2025-02-24T09:30:17+00:00","og_image":[{"width":1000,"height":1000,"url":"https:\/\/kemperkontakt.de\/wp-content\/uploads\/2024\/06\/Elax_V_1000x1000.jpg","type":"image\/jpeg"}],"twitter_card":"summary_large_image","twitter_misc":{"Dur\u00e9e de lecture estim\u00e9e":"1 minute"},"schema":{"@context":"https:\/\/schema.org","@graph":[{"@type":"WebPage","@id":"https:\/\/kemperkontakt.de\/fr\/produkt\/rondelle-de-contact-en-vulkollan-massif-surface-lisse\/","url":"https:\/\/kemperkontakt.de\/fr\/produkt\/rondelle-de-contact-en-vulkollan-massif-surface-lisse\/","name":"Rondelle de contact en Vulkollan\u00ae massif, surface lisse - Kemper-Kontakt","isPartOf":{"@id":"https:\/\/kemperkontakt.de\/fr\/#website"},"primaryImageOfPage":{"@id":"https:\/\/kemperkontakt.de\/fr\/produkt\/rondelle-de-contact-en-vulkollan-massif-surface-lisse\/#primaryimage"},"image":{"@id":"https:\/\/kemperkontakt.de\/fr\/produkt\/rondelle-de-contact-en-vulkollan-massif-surface-lisse\/#primaryimage"},"thumbnailUrl":"https:\/\/kemperkontakt.de\/wp-content\/uploads\/2024\/06\/Elax_V_1000x1000.jpg","datePublished":"2024-06-07T14:04:15+00:00","dateModified":"2025-02-24T09:30:17+00:00","breadcrumb":{"@id":"https:\/\/kemperkontakt.de\/fr\/produkt\/rondelle-de-contact-en-vulkollan-massif-surface-lisse\/#breadcrumb"},"inLanguage":"fr-FR","potentialAction":[{"@type":"ReadAction","target":["https:\/\/kemperkontakt.de\/fr\/produkt\/rondelle-de-contact-en-vulkollan-massif-surface-lisse\/"]}]},{"@type":"ImageObject","inLanguage":"fr-FR","@id":"https:\/\/kemperkontakt.de\/fr\/produkt\/rondelle-de-contact-en-vulkollan-massif-surface-lisse\/#primaryimage","url":"https:\/\/kemperkontakt.de\/wp-content\/uploads\/2024\/06\/Elax_V_1000x1000.jpg","contentUrl":"https:\/\/kemperkontakt.de\/wp-content\/uploads\/2024\/06\/Elax_V_1000x1000.jpg","width":1000,"height":1000},{"@type":"BreadcrumbList","@id":"https:\/\/kemperkontakt.de\/fr\/produkt\/rondelle-de-contact-en-vulkollan-massif-surface-lisse\/#breadcrumb","itemListElement":[{"@type":"ListItem","position":1,"name":"Startseite","item":"https:\/\/kemperkontakt.de\/fr\/"},{"@type":"ListItem","position":2,"name":"Boutique","item":"https:\/\/kemperkontakt.de\/fr\/boutique\/"},{"@type":"ListItem","position":3,"name":"Rondelle de contact en Vulkollan\u00ae massif, surface lisse"}]},{"@type":"WebSite","@id":"https:\/\/kemperkontakt.de\/fr\/#website","url":"https:\/\/kemperkontakt.de\/fr\/","name":"Kemper-Kontakt","description":"","potentialAction":[{"@type":"SearchAction","target":{"@type":"EntryPoint","urlTemplate":"https:\/\/kemperkontakt.de\/fr\/?s={search_term_string}"},"query-input":{"@type":"PropertyValueSpecification","valueRequired":true,"valueName":"search_term_string"}}],"inLanguage":"fr-FR"}]}},"_links":{"self":[{"href":"https:\/\/kemperkontakt.de\/fr\/wp-json\/wp\/v2\/product\/3285","targetHints":{"allow":["GET"]}}],"collection":[{"href":"https:\/\/kemperkontakt.de\/fr\/wp-json\/wp\/v2\/product"}],"about":[{"href":"https:\/\/kemperkontakt.de\/fr\/wp-json\/wp\/v2\/types\/product"}],"wp:featuredmedia":[{"embeddable":true,"href":"https:\/\/kemperkontakt.de\/fr\/wp-json\/wp\/v2\/media\/2126"}],"wp:attachment":[{"href":"https:\/\/kemperkontakt.de\/fr\/wp-json\/wp\/v2\/media?parent=3285"}],"wp:term":[{"taxonomy":"product_brand","embeddable":true,"href":"https:\/\/kemperkontakt.de\/fr\/wp-json\/wp\/v2\/product_brand?post=3285"},{"taxonomy":"product_cat","embeddable":true,"href":"https:\/\/kemperkontakt.de\/fr\/wp-json\/wp\/v2\/product_cat?post=3285"},{"taxonomy":"product_tag","embeddable":true,"href":"https:\/\/kemperkontakt.de\/fr\/wp-json\/wp\/v2\/product_tag?post=3285"}],"curies":[{"name":"wp","href":"https:\/\/api.w.org\/{rel}","templated":true}]}}