{"id":3271,"date":"2024-06-11T13:55:59","date_gmt":"2024-06-11T11:55:59","guid":{"rendered":"https:\/\/kemperkontakt.com\/produkt\/rouleau-expanseur-en-mousse-vu\/"},"modified":"2025-02-18T11:43:55","modified_gmt":"2025-02-18T10:43:55","slug":"rouleau-expanseur-en-mousse-vu","status":"publish","type":"product","link":"https:\/\/kemperkontakt.de\/fr\/produkt\/rouleau-expanseur-en-mousse-vu\/","title":{"rendered":"Rouleau expanseur en mousse Vu"},"content":{"rendered":"","protected":false},"excerpt":{"rendered":"<p><strong>Radix\u00ae VSDN 15 (91 mm \u00d8) Radix\u00ae VSDN 16 (100 mm \u00d8)<\/strong><\/p>\n<p class=\"bodytext\">Rouleau d\u2019expansion avec un coussinet de roulement en mousse sp\u00e9cialement rainur\u00e9 et particuli\u00e8rement \u00e9lastique. Shore A : 43\u00b0. Double rainure de clavette de 19 mm. Adapt\u00e9 aux ponceuses usuelles avec logement correspondant.<\/p>\n<p class=\"bodytext\"><em><strong>ATTENTION : \u00e0 utiliser uniquement avec une bande abrasive !<\/strong><\/em><\/p>\n<p>&nbsp;<\/p>\n<p><strong>A utiliser avec quelle machine :<\/strong><\/p>\n<p><strong><a href=\"http:\/\/kemperkontakt.com\/produkt-schlagwort\/satiniermaschine\/\">  <\/a><a href=\"\/produkt-schlagwort\/satiniermaschine\/\"><img decoding=\"async\" class=\"alignnone wp-image-911\" src=\"http:\/\/kemperkontakt.com\/wp-content\/uploads\/2024\/07\/Satiniermaschine-150x150.png\" alt=\"\" width=\"100\" height=\"100\" srcset=\"https:\/\/kemperkontakt.de\/wp-content\/uploads\/2024\/07\/Satiniermaschine-66x66.png 66w, https:\/\/kemperkontakt.de\/wp-content\/uploads\/2024\/07\/Satiniermaschine-150x150.png 150w, https:\/\/kemperkontakt.de\/wp-content\/uploads\/2024\/07\/Satiniermaschine-200x200.png 200w, https:\/\/kemperkontakt.de\/wp-content\/uploads\/2024\/07\/Satiniermaschine-300x300.png 300w, https:\/\/kemperkontakt.de\/wp-content\/uploads\/2024\/07\/Satiniermaschine-400x400.png 400w, https:\/\/kemperkontakt.de\/wp-content\/uploads\/2024\/07\/Satiniermaschine-500x500.png 500w, https:\/\/kemperkontakt.de\/wp-content\/uploads\/2024\/07\/Satiniermaschine-600x600.png 600w, https:\/\/kemperkontakt.de\/wp-content\/uploads\/2024\/07\/Satiniermaschine-768x768.png 768w, https:\/\/kemperkontakt.de\/wp-content\/uploads\/2024\/07\/Satiniermaschine.png 800w\" sizes=\"(max-width: 100px) 100vw, 100px\" \/><\/a><br \/>\n<\/strong><\/p>\n<p class=\"bodytext\"><strong>Fiche technique du produit :<br \/>\n<\/strong>[download id=\"1322\" template=\"Expandierwalze aus Vu-Schaum Radix VSDN\"]<\/p>\n<p class=\"bodytext\"><strong> <\/strong><\/p>\n","protected":false},"featured_media":2150,"template":"","meta":[],"product_brand":[],"product_cat":[409],"product_tag":[334,411,335,337,408,412,403],"class_list":{"0":"post-3271","1":"product","2":"type-product","3":"status-publish","4":"has-post-thumbnail","6":"product_cat-support-auto-expansible-pour-manchons-de-bande-abrasive","7":"product_tag-machine-a-satiner","8":"product_tag-outil-dexpansion","9":"product_tag-ponceuse","10":"product_tag-radix-fr","11":"product_tag-radix-vsdn-fr","12":"product_tag-rouleau-dexpansion-fr","13":"product_tag-supports-de-manchons-abrasifs","15":"first","16":"instock","17":"featured","18":"shipping-taxable","19":"product-type-simple"},"yoast_head":"<!-- This site is optimized with the Yoast SEO plugin v27.3 - https:\/\/yoast.com\/product\/yoast-seo-wordpress\/ -->\n<title>Rouleau expanseur en mousse Vu - Kemper-Kontakt<\/title>\n<meta name=\"robots\" content=\"index, follow, max-snippet:-1, max-image-preview:large, max-video-preview:-1\" \/>\n<link rel=\"canonical\" href=\"https:\/\/kemperkontakt.de\/fr\/produkt\/rouleau-expanseur-en-mousse-vu\/\" \/>\n<meta property=\"og:locale\" content=\"fr_FR\" \/>\n<meta property=\"og:type\" content=\"article\" \/>\n<meta property=\"og:title\" content=\"Rouleau expanseur en mousse Vu - Kemper-Kontakt\" \/>\n<meta property=\"og:description\" content=\"Radix\u00ae VSDN 15 (91 mm \u00d8) Radix\u00ae VSDN 16 (100 mm \u00d8) Rouleau d\u2019expansion avec un coussinet de roulement en mousse sp\u00e9cialement rainur\u00e9 et particuli\u00e8rement \u00e9lastique. Shore A : 43\u00b0. Double rainure de clavette de 19 mm. Adapt\u00e9 aux ponceuses usuelles avec logement correspondant. ATTENTION : \u00e0 utiliser uniquement avec une bande abrasive ! &nbsp; A utiliser avec quelle machine :   Fiche technique du produit :\" \/>\n<meta property=\"og:url\" content=\"https:\/\/kemperkontakt.de\/fr\/produkt\/rouleau-expanseur-en-mousse-vu\/\" \/>\n<meta property=\"og:site_name\" content=\"Kemper-Kontakt\" \/>\n<meta property=\"article:modified_time\" content=\"2025-02-18T10:43:55+00:00\" \/>\n<meta property=\"og:image\" content=\"https:\/\/kemperkontakt.de\/wp-content\/uploads\/2024\/06\/RADIX-VSDN-15_16_1000x1000.jpg\" \/>\n\t<meta property=\"og:image:width\" content=\"1000\" \/>\n\t<meta property=\"og:image:height\" content=\"1000\" \/>\n\t<meta property=\"og:image:type\" content=\"image\/jpeg\" \/>\n<meta name=\"twitter:card\" content=\"summary_large_image\" \/>\n<script type=\"application\/ld+json\" class=\"yoast-schema-graph\">{\"@context\":\"https:\\\/\\\/schema.org\",\"@graph\":[{\"@type\":\"WebPage\",\"@id\":\"https:\\\/\\\/kemperkontakt.de\\\/fr\\\/produkt\\\/rouleau-expanseur-en-mousse-vu\\\/\",\"url\":\"https:\\\/\\\/kemperkontakt.de\\\/fr\\\/produkt\\\/rouleau-expanseur-en-mousse-vu\\\/\",\"name\":\"Rouleau expanseur en mousse Vu - Kemper-Kontakt\",\"isPartOf\":{\"@id\":\"https:\\\/\\\/kemperkontakt.de\\\/fr\\\/#website\"},\"primaryImageOfPage\":{\"@id\":\"https:\\\/\\\/kemperkontakt.de\\\/fr\\\/produkt\\\/rouleau-expanseur-en-mousse-vu\\\/#primaryimage\"},\"image\":{\"@id\":\"https:\\\/\\\/kemperkontakt.de\\\/fr\\\/produkt\\\/rouleau-expanseur-en-mousse-vu\\\/#primaryimage\"},\"thumbnailUrl\":\"https:\\\/\\\/kemperkontakt.de\\\/wp-content\\\/uploads\\\/2024\\\/06\\\/RADIX-VSDN-15_16_1000x1000.jpg\",\"datePublished\":\"2024-06-11T11:55:59+00:00\",\"dateModified\":\"2025-02-18T10:43:55+00:00\",\"breadcrumb\":{\"@id\":\"https:\\\/\\\/kemperkontakt.de\\\/fr\\\/produkt\\\/rouleau-expanseur-en-mousse-vu\\\/#breadcrumb\"},\"inLanguage\":\"fr-FR\",\"potentialAction\":[{\"@type\":\"ReadAction\",\"target\":[\"https:\\\/\\\/kemperkontakt.de\\\/fr\\\/produkt\\\/rouleau-expanseur-en-mousse-vu\\\/\"]}]},{\"@type\":\"ImageObject\",\"inLanguage\":\"fr-FR\",\"@id\":\"https:\\\/\\\/kemperkontakt.de\\\/fr\\\/produkt\\\/rouleau-expanseur-en-mousse-vu\\\/#primaryimage\",\"url\":\"https:\\\/\\\/kemperkontakt.de\\\/wp-content\\\/uploads\\\/2024\\\/06\\\/RADIX-VSDN-15_16_1000x1000.jpg\",\"contentUrl\":\"https:\\\/\\\/kemperkontakt.de\\\/wp-content\\\/uploads\\\/2024\\\/06\\\/RADIX-VSDN-15_16_1000x1000.jpg\",\"width\":1000,\"height\":1000},{\"@type\":\"BreadcrumbList\",\"@id\":\"https:\\\/\\\/kemperkontakt.de\\\/fr\\\/produkt\\\/rouleau-expanseur-en-mousse-vu\\\/#breadcrumb\",\"itemListElement\":[{\"@type\":\"ListItem\",\"position\":1,\"name\":\"Startseite\",\"item\":\"https:\\\/\\\/kemperkontakt.de\\\/fr\\\/\"},{\"@type\":\"ListItem\",\"position\":2,\"name\":\"Boutique\",\"item\":\"https:\\\/\\\/kemperkontakt.de\\\/fr\\\/boutique\\\/\"},{\"@type\":\"ListItem\",\"position\":3,\"name\":\"Rouleau expanseur en mousse Vu\"}]},{\"@type\":\"WebSite\",\"@id\":\"https:\\\/\\\/kemperkontakt.de\\\/fr\\\/#website\",\"url\":\"https:\\\/\\\/kemperkontakt.de\\\/fr\\\/\",\"name\":\"Kemper-Kontakt\",\"description\":\"\",\"potentialAction\":[{\"@type\":\"SearchAction\",\"target\":{\"@type\":\"EntryPoint\",\"urlTemplate\":\"https:\\\/\\\/kemperkontakt.de\\\/fr\\\/?s={search_term_string}\"},\"query-input\":{\"@type\":\"PropertyValueSpecification\",\"valueRequired\":true,\"valueName\":\"search_term_string\"}}],\"inLanguage\":\"fr-FR\"}]}<\/script>\n<!-- \/ Yoast SEO plugin. -->","yoast_head_json":{"title":"Rouleau expanseur en mousse Vu - Kemper-Kontakt","robots":{"index":"index","follow":"follow","max-snippet":"max-snippet:-1","max-image-preview":"max-image-preview:large","max-video-preview":"max-video-preview:-1"},"canonical":"https:\/\/kemperkontakt.de\/fr\/produkt\/rouleau-expanseur-en-mousse-vu\/","og_locale":"fr_FR","og_type":"article","og_title":"Rouleau expanseur en mousse Vu - Kemper-Kontakt","og_description":"Radix\u00ae VSDN 15 (91 mm \u00d8) Radix\u00ae VSDN 16 (100 mm \u00d8) Rouleau d\u2019expansion avec un coussinet de roulement en mousse sp\u00e9cialement rainur\u00e9 et particuli\u00e8rement \u00e9lastique. Shore A : 43\u00b0. Double rainure de clavette de 19 mm. Adapt\u00e9 aux ponceuses usuelles avec logement correspondant. ATTENTION : \u00e0 utiliser uniquement avec une bande abrasive ! &nbsp; A utiliser avec quelle machine :   Fiche technique du produit :","og_url":"https:\/\/kemperkontakt.de\/fr\/produkt\/rouleau-expanseur-en-mousse-vu\/","og_site_name":"Kemper-Kontakt","article_modified_time":"2025-02-18T10:43:55+00:00","og_image":[{"width":1000,"height":1000,"url":"https:\/\/kemperkontakt.de\/wp-content\/uploads\/2024\/06\/RADIX-VSDN-15_16_1000x1000.jpg","type":"image\/jpeg"}],"twitter_card":"summary_large_image","schema":{"@context":"https:\/\/schema.org","@graph":[{"@type":"WebPage","@id":"https:\/\/kemperkontakt.de\/fr\/produkt\/rouleau-expanseur-en-mousse-vu\/","url":"https:\/\/kemperkontakt.de\/fr\/produkt\/rouleau-expanseur-en-mousse-vu\/","name":"Rouleau expanseur en mousse Vu - Kemper-Kontakt","isPartOf":{"@id":"https:\/\/kemperkontakt.de\/fr\/#website"},"primaryImageOfPage":{"@id":"https:\/\/kemperkontakt.de\/fr\/produkt\/rouleau-expanseur-en-mousse-vu\/#primaryimage"},"image":{"@id":"https:\/\/kemperkontakt.de\/fr\/produkt\/rouleau-expanseur-en-mousse-vu\/#primaryimage"},"thumbnailUrl":"https:\/\/kemperkontakt.de\/wp-content\/uploads\/2024\/06\/RADIX-VSDN-15_16_1000x1000.jpg","datePublished":"2024-06-11T11:55:59+00:00","dateModified":"2025-02-18T10:43:55+00:00","breadcrumb":{"@id":"https:\/\/kemperkontakt.de\/fr\/produkt\/rouleau-expanseur-en-mousse-vu\/#breadcrumb"},"inLanguage":"fr-FR","potentialAction":[{"@type":"ReadAction","target":["https:\/\/kemperkontakt.de\/fr\/produkt\/rouleau-expanseur-en-mousse-vu\/"]}]},{"@type":"ImageObject","inLanguage":"fr-FR","@id":"https:\/\/kemperkontakt.de\/fr\/produkt\/rouleau-expanseur-en-mousse-vu\/#primaryimage","url":"https:\/\/kemperkontakt.de\/wp-content\/uploads\/2024\/06\/RADIX-VSDN-15_16_1000x1000.jpg","contentUrl":"https:\/\/kemperkontakt.de\/wp-content\/uploads\/2024\/06\/RADIX-VSDN-15_16_1000x1000.jpg","width":1000,"height":1000},{"@type":"BreadcrumbList","@id":"https:\/\/kemperkontakt.de\/fr\/produkt\/rouleau-expanseur-en-mousse-vu\/#breadcrumb","itemListElement":[{"@type":"ListItem","position":1,"name":"Startseite","item":"https:\/\/kemperkontakt.de\/fr\/"},{"@type":"ListItem","position":2,"name":"Boutique","item":"https:\/\/kemperkontakt.de\/fr\/boutique\/"},{"@type":"ListItem","position":3,"name":"Rouleau expanseur en mousse Vu"}]},{"@type":"WebSite","@id":"https:\/\/kemperkontakt.de\/fr\/#website","url":"https:\/\/kemperkontakt.de\/fr\/","name":"Kemper-Kontakt","description":"","potentialAction":[{"@type":"SearchAction","target":{"@type":"EntryPoint","urlTemplate":"https:\/\/kemperkontakt.de\/fr\/?s={search_term_string}"},"query-input":{"@type":"PropertyValueSpecification","valueRequired":true,"valueName":"search_term_string"}}],"inLanguage":"fr-FR"}]}},"_links":{"self":[{"href":"https:\/\/kemperkontakt.de\/fr\/wp-json\/wp\/v2\/product\/3271","targetHints":{"allow":["GET"]}}],"collection":[{"href":"https:\/\/kemperkontakt.de\/fr\/wp-json\/wp\/v2\/product"}],"about":[{"href":"https:\/\/kemperkontakt.de\/fr\/wp-json\/wp\/v2\/types\/product"}],"wp:featuredmedia":[{"embeddable":true,"href":"https:\/\/kemperkontakt.de\/fr\/wp-json\/wp\/v2\/media\/2150"}],"wp:attachment":[{"href":"https:\/\/kemperkontakt.de\/fr\/wp-json\/wp\/v2\/media?parent=3271"}],"wp:term":[{"taxonomy":"product_brand","embeddable":true,"href":"https:\/\/kemperkontakt.de\/fr\/wp-json\/wp\/v2\/product_brand?post=3271"},{"taxonomy":"product_cat","embeddable":true,"href":"https:\/\/kemperkontakt.de\/fr\/wp-json\/wp\/v2\/product_cat?post=3271"},{"taxonomy":"product_tag","embeddable":true,"href":"https:\/\/kemperkontakt.de\/fr\/wp-json\/wp\/v2\/product_tag?post=3271"}],"curies":[{"name":"wp","href":"https:\/\/api.w.org\/{rel}","templated":true}]}}