{"id":3269,"date":"2024-06-11T13:59:53","date_gmt":"2024-06-11T11:59:53","guid":{"rendered":"https:\/\/kemperkontakt.com\/produkt\/rouleau-dexpansion-en-mousse-vu\/"},"modified":"2025-02-24T11:40:00","modified_gmt":"2025-02-24T10:40:00","slug":"rouleau-dexpansion-en-mousse-vu","status":"publish","type":"product","link":"https:\/\/kemperkontakt.de\/fr\/produkt\/rouleau-dexpansion-en-mousse-vu\/","title":{"rendered":"Rouleau d&rsquo;expansion en mousse Vu"},"content":{"rendered":"","protected":false},"excerpt":{"rendered":"<p><strong>Radix\u00ae VSDN<\/strong><\/p>\n<p class=\"bodytext\"><strong>Support auto-expansible pour les manchons de bandes abrasives.<br \/>\n<\/strong>Coussinet de roulement sp\u00e9cial en mousse, rainur\u00e9 et r\u00e9sistant \u00e0 l\u2019\u00e9mulsion, env. 28\u00b0 Shore A. Adapt\u00e9 aux travaux de pon\u00e7age plus fins.<\/p>\n<p>&nbsp;<\/p>\n<p><strong>A utiliser avec quelle machine :<\/strong><\/p>\n<p><strong><a href=\"\/stationaere-maschinen\/\"><img decoding=\"async\" class=\"alignleft wp-image-1848\" src=\"http:\/\/kemperkontakt.com\/wp-content\/uploads\/2024\/09\/Stationaere-Maschine-blau-1.png\" alt=\"\" width=\"100\" height=\"100\" srcset=\"https:\/\/kemperkontakt.de\/wp-content\/uploads\/2024\/09\/Stationaere-Maschine-blau-1-66x66.png 66w, https:\/\/kemperkontakt.de\/wp-content\/uploads\/2024\/09\/Stationaere-Maschine-blau-1-150x150.png 150w, https:\/\/kemperkontakt.de\/wp-content\/uploads\/2024\/09\/Stationaere-Maschine-blau-1-200x200.png 200w, https:\/\/kemperkontakt.de\/wp-content\/uploads\/2024\/09\/Stationaere-Maschine-blau-1-300x300.png 300w, https:\/\/kemperkontakt.de\/wp-content\/uploads\/2024\/09\/Stationaere-Maschine-blau-1-400x400.png 400w, https:\/\/kemperkontakt.de\/wp-content\/uploads\/2024\/09\/Stationaere-Maschine-blau-1-500x500.png 500w, https:\/\/kemperkontakt.de\/wp-content\/uploads\/2024\/09\/Stationaere-Maschine-blau-1-600x600.png 600w, https:\/\/kemperkontakt.de\/wp-content\/uploads\/2024\/09\/Stationaere-Maschine-blau-1-768x768.png 768w, https:\/\/kemperkontakt.de\/wp-content\/uploads\/2024\/09\/Stationaere-Maschine-blau-1-800x800.png 800w, https:\/\/kemperkontakt.de\/wp-content\/uploads\/2024\/09\/Stationaere-Maschine-blau-1.png 1000w\" sizes=\"(max-width: 100px) 100vw, 100px\" \/><\/a><\/strong><strong><a href=\"http:\/\/kemperkontakt.com\/schleifen-mit-robotern\/\"><img decoding=\"async\" class=\"alignnone wp-image-1658\" src=\"http:\/\/kemperkontakt.com\/wp-content\/uploads\/2024\/09\/Roboterschleifen-blau-150x150.png\" alt=\"\" width=\"100\" height=\"100\" srcset=\"https:\/\/kemperkontakt.de\/wp-content\/uploads\/2024\/09\/Roboterschleifen-blau-66x66.png 66w, https:\/\/kemperkontakt.de\/wp-content\/uploads\/2024\/09\/Roboterschleifen-blau-150x150.png 150w, https:\/\/kemperkontakt.de\/wp-content\/uploads\/2024\/09\/Roboterschleifen-blau-200x200.png 200w, https:\/\/kemperkontakt.de\/wp-content\/uploads\/2024\/09\/Roboterschleifen-blau-300x300.png 300w, https:\/\/kemperkontakt.de\/wp-content\/uploads\/2024\/09\/Roboterschleifen-blau-400x400.png 400w, https:\/\/kemperkontakt.de\/wp-content\/uploads\/2024\/09\/Roboterschleifen-blau-500x500.png 500w, https:\/\/kemperkontakt.de\/wp-content\/uploads\/2024\/09\/Roboterschleifen-blau-600x600.png 600w, https:\/\/kemperkontakt.de\/wp-content\/uploads\/2024\/09\/Roboterschleifen-blau-768x768.png 768w, https:\/\/kemperkontakt.de\/wp-content\/uploads\/2024\/09\/Roboterschleifen-blau-800x800.png 800w, https:\/\/kemperkontakt.de\/wp-content\/uploads\/2024\/09\/Roboterschleifen-blau.png 1000w\" sizes=\"(max-width: 100px) 100vw, 100px\" \/><\/a><\/strong><\/p>\n<p>&nbsp;<\/p>\n<p><strong>Fiche technique du produit :<br \/>\n<\/strong>[download id=\"1831\" template=\"Expandierrolle aus Vu-Schaum\"]<\/p>\n","protected":false},"featured_media":2148,"template":"","meta":[],"product_brand":[],"product_cat":[402],"product_tag":[317,410,404,403],"class_list":{"0":"post-3269","1":"product","2":"type-product","3":"status-publish","4":"has-post-thumbnail","6":"product_cat-rouleaux-de-contact","7":"product_tag-machine-stationnaire","8":"product_tag-ponceuses-a-bande","9":"product_tag-rouleau-dexpansion","10":"product_tag-supports-de-manchons-abrasifs","12":"first","13":"instock","14":"featured","15":"shipping-taxable","16":"product-type-simple"},"yoast_head":"<!-- This site is optimized with the Yoast SEO plugin v27.3 - https:\/\/yoast.com\/product\/yoast-seo-wordpress\/ -->\n<title>Rouleau d&#039;expansion en mousse Vu - Kemper-Kontakt<\/title>\n<meta name=\"robots\" content=\"index, follow, max-snippet:-1, max-image-preview:large, max-video-preview:-1\" \/>\n<link rel=\"canonical\" href=\"https:\/\/kemperkontakt.de\/fr\/produkt\/rouleau-dexpansion-en-mousse-vu\/\" \/>\n<meta property=\"og:locale\" content=\"fr_FR\" \/>\n<meta property=\"og:type\" content=\"article\" \/>\n<meta property=\"og:title\" content=\"Rouleau d&#039;expansion en mousse Vu - Kemper-Kontakt\" \/>\n<meta property=\"og:description\" content=\"Radix\u00ae VSDN Support auto-expansible pour les manchons de bandes abrasives. Coussinet de roulement sp\u00e9cial en mousse, rainur\u00e9 et r\u00e9sistant \u00e0 l\u2019\u00e9mulsion, env. 28\u00b0 Shore A. Adapt\u00e9 aux travaux de pon\u00e7age plus fins. &nbsp; A utiliser avec quelle machine :  &nbsp; Fiche technique du produit :\" \/>\n<meta property=\"og:url\" content=\"https:\/\/kemperkontakt.de\/fr\/produkt\/rouleau-dexpansion-en-mousse-vu\/\" \/>\n<meta property=\"og:site_name\" content=\"Kemper-Kontakt\" \/>\n<meta property=\"article:modified_time\" content=\"2025-02-24T10:40:00+00:00\" \/>\n<meta property=\"og:image\" content=\"https:\/\/kemperkontakt.de\/wp-content\/uploads\/2024\/06\/Radix_VSDN_1000x1000.jpg\" \/>\n\t<meta property=\"og:image:width\" content=\"1000\" \/>\n\t<meta property=\"og:image:height\" content=\"1000\" \/>\n\t<meta property=\"og:image:type\" content=\"image\/jpeg\" \/>\n<meta name=\"twitter:card\" content=\"summary_large_image\" \/>\n<script type=\"application\/ld+json\" class=\"yoast-schema-graph\">{\"@context\":\"https:\\\/\\\/schema.org\",\"@graph\":[{\"@type\":\"WebPage\",\"@id\":\"https:\\\/\\\/kemperkontakt.de\\\/fr\\\/produkt\\\/rouleau-dexpansion-en-mousse-vu\\\/\",\"url\":\"https:\\\/\\\/kemperkontakt.de\\\/fr\\\/produkt\\\/rouleau-dexpansion-en-mousse-vu\\\/\",\"name\":\"Rouleau d'expansion en mousse Vu - Kemper-Kontakt\",\"isPartOf\":{\"@id\":\"https:\\\/\\\/kemperkontakt.de\\\/fr\\\/#website\"},\"primaryImageOfPage\":{\"@id\":\"https:\\\/\\\/kemperkontakt.de\\\/fr\\\/produkt\\\/rouleau-dexpansion-en-mousse-vu\\\/#primaryimage\"},\"image\":{\"@id\":\"https:\\\/\\\/kemperkontakt.de\\\/fr\\\/produkt\\\/rouleau-dexpansion-en-mousse-vu\\\/#primaryimage\"},\"thumbnailUrl\":\"https:\\\/\\\/kemperkontakt.de\\\/wp-content\\\/uploads\\\/2024\\\/06\\\/Radix_VSDN_1000x1000.jpg\",\"datePublished\":\"2024-06-11T11:59:53+00:00\",\"dateModified\":\"2025-02-24T10:40:00+00:00\",\"breadcrumb\":{\"@id\":\"https:\\\/\\\/kemperkontakt.de\\\/fr\\\/produkt\\\/rouleau-dexpansion-en-mousse-vu\\\/#breadcrumb\"},\"inLanguage\":\"fr-FR\",\"potentialAction\":[{\"@type\":\"ReadAction\",\"target\":[\"https:\\\/\\\/kemperkontakt.de\\\/fr\\\/produkt\\\/rouleau-dexpansion-en-mousse-vu\\\/\"]}]},{\"@type\":\"ImageObject\",\"inLanguage\":\"fr-FR\",\"@id\":\"https:\\\/\\\/kemperkontakt.de\\\/fr\\\/produkt\\\/rouleau-dexpansion-en-mousse-vu\\\/#primaryimage\",\"url\":\"https:\\\/\\\/kemperkontakt.de\\\/wp-content\\\/uploads\\\/2024\\\/06\\\/Radix_VSDN_1000x1000.jpg\",\"contentUrl\":\"https:\\\/\\\/kemperkontakt.de\\\/wp-content\\\/uploads\\\/2024\\\/06\\\/Radix_VSDN_1000x1000.jpg\",\"width\":1000,\"height\":1000},{\"@type\":\"BreadcrumbList\",\"@id\":\"https:\\\/\\\/kemperkontakt.de\\\/fr\\\/produkt\\\/rouleau-dexpansion-en-mousse-vu\\\/#breadcrumb\",\"itemListElement\":[{\"@type\":\"ListItem\",\"position\":1,\"name\":\"Startseite\",\"item\":\"https:\\\/\\\/kemperkontakt.de\\\/fr\\\/\"},{\"@type\":\"ListItem\",\"position\":2,\"name\":\"Boutique\",\"item\":\"https:\\\/\\\/kemperkontakt.de\\\/fr\\\/boutique\\\/\"},{\"@type\":\"ListItem\",\"position\":3,\"name\":\"Rouleau d&rsquo;expansion en mousse Vu\"}]},{\"@type\":\"WebSite\",\"@id\":\"https:\\\/\\\/kemperkontakt.de\\\/fr\\\/#website\",\"url\":\"https:\\\/\\\/kemperkontakt.de\\\/fr\\\/\",\"name\":\"Kemper-Kontakt\",\"description\":\"\",\"potentialAction\":[{\"@type\":\"SearchAction\",\"target\":{\"@type\":\"EntryPoint\",\"urlTemplate\":\"https:\\\/\\\/kemperkontakt.de\\\/fr\\\/?s={search_term_string}\"},\"query-input\":{\"@type\":\"PropertyValueSpecification\",\"valueRequired\":true,\"valueName\":\"search_term_string\"}}],\"inLanguage\":\"fr-FR\"}]}<\/script>\n<!-- \/ Yoast SEO plugin. -->","yoast_head_json":{"title":"Rouleau d'expansion en mousse Vu - Kemper-Kontakt","robots":{"index":"index","follow":"follow","max-snippet":"max-snippet:-1","max-image-preview":"max-image-preview:large","max-video-preview":"max-video-preview:-1"},"canonical":"https:\/\/kemperkontakt.de\/fr\/produkt\/rouleau-dexpansion-en-mousse-vu\/","og_locale":"fr_FR","og_type":"article","og_title":"Rouleau d'expansion en mousse Vu - Kemper-Kontakt","og_description":"Radix\u00ae VSDN Support auto-expansible pour les manchons de bandes abrasives. Coussinet de roulement sp\u00e9cial en mousse, rainur\u00e9 et r\u00e9sistant \u00e0 l\u2019\u00e9mulsion, env. 28\u00b0 Shore A. Adapt\u00e9 aux travaux de pon\u00e7age plus fins. &nbsp; A utiliser avec quelle machine :  &nbsp; Fiche technique du produit :","og_url":"https:\/\/kemperkontakt.de\/fr\/produkt\/rouleau-dexpansion-en-mousse-vu\/","og_site_name":"Kemper-Kontakt","article_modified_time":"2025-02-24T10:40:00+00:00","og_image":[{"width":1000,"height":1000,"url":"https:\/\/kemperkontakt.de\/wp-content\/uploads\/2024\/06\/Radix_VSDN_1000x1000.jpg","type":"image\/jpeg"}],"twitter_card":"summary_large_image","schema":{"@context":"https:\/\/schema.org","@graph":[{"@type":"WebPage","@id":"https:\/\/kemperkontakt.de\/fr\/produkt\/rouleau-dexpansion-en-mousse-vu\/","url":"https:\/\/kemperkontakt.de\/fr\/produkt\/rouleau-dexpansion-en-mousse-vu\/","name":"Rouleau d'expansion en mousse Vu - Kemper-Kontakt","isPartOf":{"@id":"https:\/\/kemperkontakt.de\/fr\/#website"},"primaryImageOfPage":{"@id":"https:\/\/kemperkontakt.de\/fr\/produkt\/rouleau-dexpansion-en-mousse-vu\/#primaryimage"},"image":{"@id":"https:\/\/kemperkontakt.de\/fr\/produkt\/rouleau-dexpansion-en-mousse-vu\/#primaryimage"},"thumbnailUrl":"https:\/\/kemperkontakt.de\/wp-content\/uploads\/2024\/06\/Radix_VSDN_1000x1000.jpg","datePublished":"2024-06-11T11:59:53+00:00","dateModified":"2025-02-24T10:40:00+00:00","breadcrumb":{"@id":"https:\/\/kemperkontakt.de\/fr\/produkt\/rouleau-dexpansion-en-mousse-vu\/#breadcrumb"},"inLanguage":"fr-FR","potentialAction":[{"@type":"ReadAction","target":["https:\/\/kemperkontakt.de\/fr\/produkt\/rouleau-dexpansion-en-mousse-vu\/"]}]},{"@type":"ImageObject","inLanguage":"fr-FR","@id":"https:\/\/kemperkontakt.de\/fr\/produkt\/rouleau-dexpansion-en-mousse-vu\/#primaryimage","url":"https:\/\/kemperkontakt.de\/wp-content\/uploads\/2024\/06\/Radix_VSDN_1000x1000.jpg","contentUrl":"https:\/\/kemperkontakt.de\/wp-content\/uploads\/2024\/06\/Radix_VSDN_1000x1000.jpg","width":1000,"height":1000},{"@type":"BreadcrumbList","@id":"https:\/\/kemperkontakt.de\/fr\/produkt\/rouleau-dexpansion-en-mousse-vu\/#breadcrumb","itemListElement":[{"@type":"ListItem","position":1,"name":"Startseite","item":"https:\/\/kemperkontakt.de\/fr\/"},{"@type":"ListItem","position":2,"name":"Boutique","item":"https:\/\/kemperkontakt.de\/fr\/boutique\/"},{"@type":"ListItem","position":3,"name":"Rouleau d&rsquo;expansion en mousse Vu"}]},{"@type":"WebSite","@id":"https:\/\/kemperkontakt.de\/fr\/#website","url":"https:\/\/kemperkontakt.de\/fr\/","name":"Kemper-Kontakt","description":"","potentialAction":[{"@type":"SearchAction","target":{"@type":"EntryPoint","urlTemplate":"https:\/\/kemperkontakt.de\/fr\/?s={search_term_string}"},"query-input":{"@type":"PropertyValueSpecification","valueRequired":true,"valueName":"search_term_string"}}],"inLanguage":"fr-FR"}]}},"_links":{"self":[{"href":"https:\/\/kemperkontakt.de\/fr\/wp-json\/wp\/v2\/product\/3269","targetHints":{"allow":["GET"]}}],"collection":[{"href":"https:\/\/kemperkontakt.de\/fr\/wp-json\/wp\/v2\/product"}],"about":[{"href":"https:\/\/kemperkontakt.de\/fr\/wp-json\/wp\/v2\/types\/product"}],"wp:featuredmedia":[{"embeddable":true,"href":"https:\/\/kemperkontakt.de\/fr\/wp-json\/wp\/v2\/media\/2148"}],"wp:attachment":[{"href":"https:\/\/kemperkontakt.de\/fr\/wp-json\/wp\/v2\/media?parent=3269"}],"wp:term":[{"taxonomy":"product_brand","embeddable":true,"href":"https:\/\/kemperkontakt.de\/fr\/wp-json\/wp\/v2\/product_brand?post=3269"},{"taxonomy":"product_cat","embeddable":true,"href":"https:\/\/kemperkontakt.de\/fr\/wp-json\/wp\/v2\/product_cat?post=3269"},{"taxonomy":"product_tag","embeddable":true,"href":"https:\/\/kemperkontakt.de\/fr\/wp-json\/wp\/v2\/product_tag?post=3269"}],"curies":[{"name":"wp","href":"https:\/\/api.w.org\/{rel}","templated":true}]}}