{"id":3268,"date":"2024-06-11T14:00:49","date_gmt":"2024-06-11T12:00:49","guid":{"rendered":"https:\/\/kemperkontakt.com\/produkt\/outils-dexpansion-avec-tige\/"},"modified":"2025-02-18T11:37:00","modified_gmt":"2025-02-18T10:37:00","slug":"outils-dexpansion-avec-tige","status":"publish","type":"product","link":"https:\/\/kemperkontakt.de\/fr\/produkt\/outils-dexpansion-avec-tige\/","title":{"rendered":"Outils d&rsquo;expansion avec tige"},"content":{"rendered":"","protected":false},"excerpt":{"rendered":"<p><strong>Radix\u00ae VS\/MS<\/strong><\/p>\n<p class=\"bodytext\">Corps en mousse particuli\u00e8rement \u00e9lastique avec rainurage sp\u00e9cial. Shore A env. 48\u00b0. Tige 6 mm ou 8 mm. Tige interchangeable.<\/p>\n<p>&nbsp;<\/p>\n<p><strong>A utiliser avec quelle machine :<\/strong><\/p>\n<p><a href=\"http:\/\/kemperkontakt.com\/produkt-schlagwort\/akkuschrauber\/\">  <\/a><a href=\"\/produkt-schlagwort\/akkuschrauber\/\"><img decoding=\"async\" class=\"alignnone wp-image-904\" src=\"http:\/\/kemperkontakt.com\/wp-content\/uploads\/2024\/07\/Akkuschrauber-150x150.png\" alt=\"\" width=\"100\" height=\"100\" srcset=\"https:\/\/kemperkontakt.de\/wp-content\/uploads\/2024\/07\/Akkuschrauber-66x66.png 66w, https:\/\/kemperkontakt.de\/wp-content\/uploads\/2024\/07\/Akkuschrauber-150x150.png 150w, https:\/\/kemperkontakt.de\/wp-content\/uploads\/2024\/07\/Akkuschrauber-200x200.png 200w, https:\/\/kemperkontakt.de\/wp-content\/uploads\/2024\/07\/Akkuschrauber-300x300.png 300w, https:\/\/kemperkontakt.de\/wp-content\/uploads\/2024\/07\/Akkuschrauber-400x400.png 400w, https:\/\/kemperkontakt.de\/wp-content\/uploads\/2024\/07\/Akkuschrauber-500x500.png 500w, https:\/\/kemperkontakt.de\/wp-content\/uploads\/2024\/07\/Akkuschrauber-600x600.png 600w, https:\/\/kemperkontakt.de\/wp-content\/uploads\/2024\/07\/Akkuschrauber-768x768.png 768w, https:\/\/kemperkontakt.de\/wp-content\/uploads\/2024\/07\/Akkuschrauber.png 800w\" sizes=\"(max-width: 100px) 100vw, 100px\" \/><\/a><a href=\"http:\/\/kemperkontakt.com\/produkt-schlagwort\/biegsame-welle\/\">  <\/a><a href=\"\/produkt-schlagwort\/biegsame-welle\/\"><img decoding=\"async\" class=\"alignnone wp-image-906\" src=\"http:\/\/kemperkontakt.com\/wp-content\/uploads\/2024\/07\/Biegsame-Welle-150x150.png\" alt=\"\" width=\"100\" height=\"100\" srcset=\"https:\/\/kemperkontakt.de\/wp-content\/uploads\/2024\/07\/Biegsame-Welle-66x66.png 66w, https:\/\/kemperkontakt.de\/wp-content\/uploads\/2024\/07\/Biegsame-Welle-150x150.png 150w, https:\/\/kemperkontakt.de\/wp-content\/uploads\/2024\/07\/Biegsame-Welle-200x200.png 200w, https:\/\/kemperkontakt.de\/wp-content\/uploads\/2024\/07\/Biegsame-Welle-300x300.png 300w, https:\/\/kemperkontakt.de\/wp-content\/uploads\/2024\/07\/Biegsame-Welle-400x400.png 400w, https:\/\/kemperkontakt.de\/wp-content\/uploads\/2024\/07\/Biegsame-Welle-500x500.png 500w, https:\/\/kemperkontakt.de\/wp-content\/uploads\/2024\/07\/Biegsame-Welle-600x600.png 600w, https:\/\/kemperkontakt.de\/wp-content\/uploads\/2024\/07\/Biegsame-Welle-768x768.png 768w, https:\/\/kemperkontakt.de\/wp-content\/uploads\/2024\/07\/Biegsame-Welle.png 800w\" sizes=\"(max-width: 100px) 100vw, 100px\" \/><\/a><a href=\"http:\/\/kemperkontakt.com\/produkt-schlagwort\/bohrmaschine\/\">  <\/a><a href=\"\/produkt-schlagwort\/bohrmaschine\/\"><img decoding=\"async\" class=\"alignnone wp-image-907\" src=\"http:\/\/kemperkontakt.com\/wp-content\/uploads\/2024\/07\/Bohrmaschine-150x150.png\" alt=\"\" width=\"100\" height=\"100\" srcset=\"https:\/\/kemperkontakt.de\/wp-content\/uploads\/2024\/07\/Bohrmaschine-66x66.png 66w, https:\/\/kemperkontakt.de\/wp-content\/uploads\/2024\/07\/Bohrmaschine-150x150.png 150w, https:\/\/kemperkontakt.de\/wp-content\/uploads\/2024\/07\/Bohrmaschine-200x200.png 200w, https:\/\/kemperkontakt.de\/wp-content\/uploads\/2024\/07\/Bohrmaschine-300x300.png 300w, https:\/\/kemperkontakt.de\/wp-content\/uploads\/2024\/07\/Bohrmaschine-400x400.png 400w, https:\/\/kemperkontakt.de\/wp-content\/uploads\/2024\/07\/Bohrmaschine-500x500.png 500w, https:\/\/kemperkontakt.de\/wp-content\/uploads\/2024\/07\/Bohrmaschine-600x600.png 600w, https:\/\/kemperkontakt.de\/wp-content\/uploads\/2024\/07\/Bohrmaschine-768x768.png 768w, https:\/\/kemperkontakt.de\/wp-content\/uploads\/2024\/07\/Bohrmaschine.png 800w\" sizes=\"(max-width: 100px) 100vw, 100px\" \/><\/a><a href=\"\/produkt-schlagwort\/geradschleifer\/\"><img decoding=\"async\" class=\"alignnone wp-image-908\" src=\"http:\/\/kemperkontakt.com\/wp-content\/uploads\/2024\/07\/Geradschleifer-150x150.png\" alt=\"\" width=\"100\" height=\"100\" srcset=\"https:\/\/kemperkontakt.de\/wp-content\/uploads\/2024\/07\/Geradschleifer-66x66.png 66w, https:\/\/kemperkontakt.de\/wp-content\/uploads\/2024\/07\/Geradschleifer-150x150.png 150w, https:\/\/kemperkontakt.de\/wp-content\/uploads\/2024\/07\/Geradschleifer-200x200.png 200w, https:\/\/kemperkontakt.de\/wp-content\/uploads\/2024\/07\/Geradschleifer-300x300.png 300w, https:\/\/kemperkontakt.de\/wp-content\/uploads\/2024\/07\/Geradschleifer-400x400.png 400w, https:\/\/kemperkontakt.de\/wp-content\/uploads\/2024\/07\/Geradschleifer-500x500.png 500w, https:\/\/kemperkontakt.de\/wp-content\/uploads\/2024\/07\/Geradschleifer-600x600.png 600w, https:\/\/kemperkontakt.de\/wp-content\/uploads\/2024\/07\/Geradschleifer-768x768.png 768w, https:\/\/kemperkontakt.de\/wp-content\/uploads\/2024\/07\/Geradschleifer.png 800w\" sizes=\"(max-width: 100px) 100vw, 100px\" \/><\/a><\/p>\n<p class=\"bodytext\"><strong>Fiche technique du produit :<br \/>\n<\/strong>[download id=\"1332\" template=\"Expandierwerkzeuge mit Schaft VSMS\"]<\/p>\n","protected":false},"featured_media":2146,"template":"","meta":[],"product_brand":[],"product_cat":[409],"product_tag":[348,347,346,337,403,345],"class_list":{"0":"post-3268","1":"product","2":"type-product","3":"status-publish","4":"has-post-thumbnail","6":"product_cat-support-auto-expansible-pour-manchons-de-bande-abrasive","7":"product_tag-arbre-flexible","8":"product_tag-meuleuses-droites","9":"product_tag-perceuse","10":"product_tag-radix-fr","11":"product_tag-supports-de-manchons-abrasifs","12":"product_tag-visseuse-sans-fil","14":"first","15":"instock","16":"shipping-taxable","17":"product-type-simple"},"yoast_head":"<!-- This site is optimized with the Yoast SEO plugin v27.3 - https:\/\/yoast.com\/product\/yoast-seo-wordpress\/ -->\n<title>Outils d&#039;expansion avec tige - Kemper-Kontakt<\/title>\n<meta name=\"robots\" content=\"index, follow, max-snippet:-1, max-image-preview:large, max-video-preview:-1\" \/>\n<link rel=\"canonical\" href=\"https:\/\/kemperkontakt.de\/fr\/produkt\/outils-dexpansion-avec-tige\/\" \/>\n<meta property=\"og:locale\" content=\"fr_FR\" \/>\n<meta property=\"og:type\" content=\"article\" \/>\n<meta property=\"og:title\" content=\"Outils d&#039;expansion avec tige - Kemper-Kontakt\" \/>\n<meta property=\"og:description\" content=\"Radix\u00ae VS\/MS Corps en mousse particuli\u00e8rement \u00e9lastique avec rainurage sp\u00e9cial. Shore A env. 48\u00b0. Tige 6 mm ou 8 mm. Tige interchangeable. &nbsp; A utiliser avec quelle machine :     Fiche technique du produit :\" \/>\n<meta property=\"og:url\" content=\"https:\/\/kemperkontakt.de\/fr\/produkt\/outils-dexpansion-avec-tige\/\" \/>\n<meta property=\"og:site_name\" content=\"Kemper-Kontakt\" \/>\n<meta property=\"article:modified_time\" content=\"2025-02-18T10:37:00+00:00\" \/>\n<meta property=\"og:image\" content=\"https:\/\/kemperkontakt.de\/wp-content\/uploads\/2024\/06\/radix_vs_ms_neu_1000x1000.jpg\" \/>\n\t<meta property=\"og:image:width\" content=\"1000\" \/>\n\t<meta property=\"og:image:height\" content=\"1000\" \/>\n\t<meta property=\"og:image:type\" content=\"image\/jpeg\" \/>\n<meta name=\"twitter:card\" content=\"summary_large_image\" \/>\n<script type=\"application\/ld+json\" class=\"yoast-schema-graph\">{\"@context\":\"https:\\\/\\\/schema.org\",\"@graph\":[{\"@type\":\"WebPage\",\"@id\":\"https:\\\/\\\/kemperkontakt.de\\\/fr\\\/produkt\\\/outils-dexpansion-avec-tige\\\/\",\"url\":\"https:\\\/\\\/kemperkontakt.de\\\/fr\\\/produkt\\\/outils-dexpansion-avec-tige\\\/\",\"name\":\"Outils d'expansion avec tige - Kemper-Kontakt\",\"isPartOf\":{\"@id\":\"https:\\\/\\\/kemperkontakt.de\\\/fr\\\/#website\"},\"primaryImageOfPage\":{\"@id\":\"https:\\\/\\\/kemperkontakt.de\\\/fr\\\/produkt\\\/outils-dexpansion-avec-tige\\\/#primaryimage\"},\"image\":{\"@id\":\"https:\\\/\\\/kemperkontakt.de\\\/fr\\\/produkt\\\/outils-dexpansion-avec-tige\\\/#primaryimage\"},\"thumbnailUrl\":\"https:\\\/\\\/kemperkontakt.de\\\/wp-content\\\/uploads\\\/2024\\\/06\\\/radix_vs_ms_neu_1000x1000.jpg\",\"datePublished\":\"2024-06-11T12:00:49+00:00\",\"dateModified\":\"2025-02-18T10:37:00+00:00\",\"breadcrumb\":{\"@id\":\"https:\\\/\\\/kemperkontakt.de\\\/fr\\\/produkt\\\/outils-dexpansion-avec-tige\\\/#breadcrumb\"},\"inLanguage\":\"fr-FR\",\"potentialAction\":[{\"@type\":\"ReadAction\",\"target\":[\"https:\\\/\\\/kemperkontakt.de\\\/fr\\\/produkt\\\/outils-dexpansion-avec-tige\\\/\"]}]},{\"@type\":\"ImageObject\",\"inLanguage\":\"fr-FR\",\"@id\":\"https:\\\/\\\/kemperkontakt.de\\\/fr\\\/produkt\\\/outils-dexpansion-avec-tige\\\/#primaryimage\",\"url\":\"https:\\\/\\\/kemperkontakt.de\\\/wp-content\\\/uploads\\\/2024\\\/06\\\/radix_vs_ms_neu_1000x1000.jpg\",\"contentUrl\":\"https:\\\/\\\/kemperkontakt.de\\\/wp-content\\\/uploads\\\/2024\\\/06\\\/radix_vs_ms_neu_1000x1000.jpg\",\"width\":1000,\"height\":1000},{\"@type\":\"BreadcrumbList\",\"@id\":\"https:\\\/\\\/kemperkontakt.de\\\/fr\\\/produkt\\\/outils-dexpansion-avec-tige\\\/#breadcrumb\",\"itemListElement\":[{\"@type\":\"ListItem\",\"position\":1,\"name\":\"Startseite\",\"item\":\"https:\\\/\\\/kemperkontakt.de\\\/fr\\\/\"},{\"@type\":\"ListItem\",\"position\":2,\"name\":\"Boutique\",\"item\":\"https:\\\/\\\/kemperkontakt.de\\\/fr\\\/boutique\\\/\"},{\"@type\":\"ListItem\",\"position\":3,\"name\":\"Outils d&rsquo;expansion avec tige\"}]},{\"@type\":\"WebSite\",\"@id\":\"https:\\\/\\\/kemperkontakt.de\\\/fr\\\/#website\",\"url\":\"https:\\\/\\\/kemperkontakt.de\\\/fr\\\/\",\"name\":\"Kemper-Kontakt\",\"description\":\"\",\"potentialAction\":[{\"@type\":\"SearchAction\",\"target\":{\"@type\":\"EntryPoint\",\"urlTemplate\":\"https:\\\/\\\/kemperkontakt.de\\\/fr\\\/?s={search_term_string}\"},\"query-input\":{\"@type\":\"PropertyValueSpecification\",\"valueRequired\":true,\"valueName\":\"search_term_string\"}}],\"inLanguage\":\"fr-FR\"}]}<\/script>\n<!-- \/ Yoast SEO plugin. -->","yoast_head_json":{"title":"Outils d'expansion avec tige - Kemper-Kontakt","robots":{"index":"index","follow":"follow","max-snippet":"max-snippet:-1","max-image-preview":"max-image-preview:large","max-video-preview":"max-video-preview:-1"},"canonical":"https:\/\/kemperkontakt.de\/fr\/produkt\/outils-dexpansion-avec-tige\/","og_locale":"fr_FR","og_type":"article","og_title":"Outils d'expansion avec tige - Kemper-Kontakt","og_description":"Radix\u00ae VS\/MS Corps en mousse particuli\u00e8rement \u00e9lastique avec rainurage sp\u00e9cial. Shore A env. 48\u00b0. Tige 6 mm ou 8 mm. Tige interchangeable. &nbsp; A utiliser avec quelle machine :     Fiche technique du produit :","og_url":"https:\/\/kemperkontakt.de\/fr\/produkt\/outils-dexpansion-avec-tige\/","og_site_name":"Kemper-Kontakt","article_modified_time":"2025-02-18T10:37:00+00:00","og_image":[{"width":1000,"height":1000,"url":"https:\/\/kemperkontakt.de\/wp-content\/uploads\/2024\/06\/radix_vs_ms_neu_1000x1000.jpg","type":"image\/jpeg"}],"twitter_card":"summary_large_image","schema":{"@context":"https:\/\/schema.org","@graph":[{"@type":"WebPage","@id":"https:\/\/kemperkontakt.de\/fr\/produkt\/outils-dexpansion-avec-tige\/","url":"https:\/\/kemperkontakt.de\/fr\/produkt\/outils-dexpansion-avec-tige\/","name":"Outils d'expansion avec tige - Kemper-Kontakt","isPartOf":{"@id":"https:\/\/kemperkontakt.de\/fr\/#website"},"primaryImageOfPage":{"@id":"https:\/\/kemperkontakt.de\/fr\/produkt\/outils-dexpansion-avec-tige\/#primaryimage"},"image":{"@id":"https:\/\/kemperkontakt.de\/fr\/produkt\/outils-dexpansion-avec-tige\/#primaryimage"},"thumbnailUrl":"https:\/\/kemperkontakt.de\/wp-content\/uploads\/2024\/06\/radix_vs_ms_neu_1000x1000.jpg","datePublished":"2024-06-11T12:00:49+00:00","dateModified":"2025-02-18T10:37:00+00:00","breadcrumb":{"@id":"https:\/\/kemperkontakt.de\/fr\/produkt\/outils-dexpansion-avec-tige\/#breadcrumb"},"inLanguage":"fr-FR","potentialAction":[{"@type":"ReadAction","target":["https:\/\/kemperkontakt.de\/fr\/produkt\/outils-dexpansion-avec-tige\/"]}]},{"@type":"ImageObject","inLanguage":"fr-FR","@id":"https:\/\/kemperkontakt.de\/fr\/produkt\/outils-dexpansion-avec-tige\/#primaryimage","url":"https:\/\/kemperkontakt.de\/wp-content\/uploads\/2024\/06\/radix_vs_ms_neu_1000x1000.jpg","contentUrl":"https:\/\/kemperkontakt.de\/wp-content\/uploads\/2024\/06\/radix_vs_ms_neu_1000x1000.jpg","width":1000,"height":1000},{"@type":"BreadcrumbList","@id":"https:\/\/kemperkontakt.de\/fr\/produkt\/outils-dexpansion-avec-tige\/#breadcrumb","itemListElement":[{"@type":"ListItem","position":1,"name":"Startseite","item":"https:\/\/kemperkontakt.de\/fr\/"},{"@type":"ListItem","position":2,"name":"Boutique","item":"https:\/\/kemperkontakt.de\/fr\/boutique\/"},{"@type":"ListItem","position":3,"name":"Outils d&rsquo;expansion avec tige"}]},{"@type":"WebSite","@id":"https:\/\/kemperkontakt.de\/fr\/#website","url":"https:\/\/kemperkontakt.de\/fr\/","name":"Kemper-Kontakt","description":"","potentialAction":[{"@type":"SearchAction","target":{"@type":"EntryPoint","urlTemplate":"https:\/\/kemperkontakt.de\/fr\/?s={search_term_string}"},"query-input":{"@type":"PropertyValueSpecification","valueRequired":true,"valueName":"search_term_string"}}],"inLanguage":"fr-FR"}]}},"_links":{"self":[{"href":"https:\/\/kemperkontakt.de\/fr\/wp-json\/wp\/v2\/product\/3268","targetHints":{"allow":["GET"]}}],"collection":[{"href":"https:\/\/kemperkontakt.de\/fr\/wp-json\/wp\/v2\/product"}],"about":[{"href":"https:\/\/kemperkontakt.de\/fr\/wp-json\/wp\/v2\/types\/product"}],"wp:featuredmedia":[{"embeddable":true,"href":"https:\/\/kemperkontakt.de\/fr\/wp-json\/wp\/v2\/media\/2146"}],"wp:attachment":[{"href":"https:\/\/kemperkontakt.de\/fr\/wp-json\/wp\/v2\/media?parent=3268"}],"wp:term":[{"taxonomy":"product_brand","embeddable":true,"href":"https:\/\/kemperkontakt.de\/fr\/wp-json\/wp\/v2\/product_brand?post=3268"},{"taxonomy":"product_cat","embeddable":true,"href":"https:\/\/kemperkontakt.de\/fr\/wp-json\/wp\/v2\/product_cat?post=3268"},{"taxonomy":"product_tag","embeddable":true,"href":"https:\/\/kemperkontakt.de\/fr\/wp-json\/wp\/v2\/product_tag?post=3268"}],"curies":[{"name":"wp","href":"https:\/\/api.w.org\/{rel}","templated":true}]}}