{"id":3242,"date":"2024-06-18T11:14:09","date_gmt":"2024-06-18T09:14:09","guid":{"rendered":"https:\/\/kemperkontakt.com\/produkt\/schleifbold-fms\/"},"modified":"2025-02-18T11:22:09","modified_gmt":"2025-02-18T10:22:09","slug":"schleifbold-fms","status":"publish","type":"product","link":"https:\/\/kemperkontakt.de\/fr\/produkt\/schleifbold-fms\/","title":{"rendered":"Schleifbold\u00ae FMS"},"content":{"rendered":"","protected":false},"excerpt":{"rendered":"<p class=\"bodytext\">Disque de meuleuse pour soudures d\u2019angle avec tige de 6 mm. Adapt\u00e9 \u00e0 une utilisation sur machines manuelles et arbres de cintrage. Outil sp\u00e9cifique. La surface de travail correspond \u00e0 l\u2019ar\u00eate de coupe de la toile abrasive, ce qui permet des transitions sans amorce vers la surface. Plage de granulom\u00e9trie : 60-320.  <\/p>\n<p>&nbsp;<\/p>\n<p><strong>A utiliser avec quelle machine :<br \/>\n<\/strong><a href=\"http:\/\/kemperkontakt.com\/produkt-schlagwort\/akkuschrauber\/\"><img decoding=\"async\" class=\"alignnone wp-image-904\" src=\"http:\/\/kemperkontakt.com\/wp-content\/uploads\/2024\/07\/Akkuschrauber-150x150.png\" alt=\"\" width=\"100\" height=\"100\" srcset=\"https:\/\/kemperkontakt.de\/wp-content\/uploads\/2024\/07\/Akkuschrauber-66x66.png 66w, https:\/\/kemperkontakt.de\/wp-content\/uploads\/2024\/07\/Akkuschrauber-150x150.png 150w, https:\/\/kemperkontakt.de\/wp-content\/uploads\/2024\/07\/Akkuschrauber-200x200.png 200w, https:\/\/kemperkontakt.de\/wp-content\/uploads\/2024\/07\/Akkuschrauber-300x300.png 300w, https:\/\/kemperkontakt.de\/wp-content\/uploads\/2024\/07\/Akkuschrauber-400x400.png 400w, https:\/\/kemperkontakt.de\/wp-content\/uploads\/2024\/07\/Akkuschrauber-500x500.png 500w, https:\/\/kemperkontakt.de\/wp-content\/uploads\/2024\/07\/Akkuschrauber-600x600.png 600w, https:\/\/kemperkontakt.de\/wp-content\/uploads\/2024\/07\/Akkuschrauber-768x768.png 768w, https:\/\/kemperkontakt.de\/wp-content\/uploads\/2024\/07\/Akkuschrauber.png 800w\" sizes=\"(max-width: 100px) 100vw, 100px\" \/>  <\/a><a href=\"http:\/\/kemperkontakt.com\/produkt-schlagwort\/biegsame-welle\/\"><img decoding=\"async\" class=\"alignnone wp-image-906\" src=\"http:\/\/kemperkontakt.com\/wp-content\/uploads\/2024\/07\/Biegsame-Welle-150x150.png\" alt=\"\" width=\"100\" height=\"100\" srcset=\"https:\/\/kemperkontakt.de\/wp-content\/uploads\/2024\/07\/Biegsame-Welle-66x66.png 66w, https:\/\/kemperkontakt.de\/wp-content\/uploads\/2024\/07\/Biegsame-Welle-150x150.png 150w, https:\/\/kemperkontakt.de\/wp-content\/uploads\/2024\/07\/Biegsame-Welle-200x200.png 200w, https:\/\/kemperkontakt.de\/wp-content\/uploads\/2024\/07\/Biegsame-Welle-300x300.png 300w, https:\/\/kemperkontakt.de\/wp-content\/uploads\/2024\/07\/Biegsame-Welle-400x400.png 400w, https:\/\/kemperkontakt.de\/wp-content\/uploads\/2024\/07\/Biegsame-Welle-500x500.png 500w, https:\/\/kemperkontakt.de\/wp-content\/uploads\/2024\/07\/Biegsame-Welle-600x600.png 600w, https:\/\/kemperkontakt.de\/wp-content\/uploads\/2024\/07\/Biegsame-Welle-768x768.png 768w, https:\/\/kemperkontakt.de\/wp-content\/uploads\/2024\/07\/Biegsame-Welle.png 800w\" sizes=\"(max-width: 100px) 100vw, 100px\" \/>  <\/a><a href=\"http:\/\/kemperkontakt.com\/produkt-schlagwort\/bohrmaschine\/\"><img decoding=\"async\" class=\"alignnone wp-image-907\" src=\"http:\/\/kemperkontakt.com\/wp-content\/uploads\/2024\/07\/Bohrmaschine-150x150.png\" alt=\"\" width=\"100\" height=\"100\" srcset=\"https:\/\/kemperkontakt.de\/wp-content\/uploads\/2024\/07\/Bohrmaschine-66x66.png 66w, https:\/\/kemperkontakt.de\/wp-content\/uploads\/2024\/07\/Bohrmaschine-150x150.png 150w, https:\/\/kemperkontakt.de\/wp-content\/uploads\/2024\/07\/Bohrmaschine-200x200.png 200w, https:\/\/kemperkontakt.de\/wp-content\/uploads\/2024\/07\/Bohrmaschine-300x300.png 300w, https:\/\/kemperkontakt.de\/wp-content\/uploads\/2024\/07\/Bohrmaschine-400x400.png 400w, https:\/\/kemperkontakt.de\/wp-content\/uploads\/2024\/07\/Bohrmaschine-500x500.png 500w, https:\/\/kemperkontakt.de\/wp-content\/uploads\/2024\/07\/Bohrmaschine-600x600.png 600w, https:\/\/kemperkontakt.de\/wp-content\/uploads\/2024\/07\/Bohrmaschine-768x768.png 768w, https:\/\/kemperkontakt.de\/wp-content\/uploads\/2024\/07\/Bohrmaschine.png 800w\" sizes=\"(max-width: 100px) 100vw, 100px\" \/>  <\/a><a href=\"http:\/\/kemperkontakt.com\/produkt-schlagwort\/geradschleifer\/\"><img decoding=\"async\" class=\"alignnone wp-image-908\" src=\"http:\/\/kemperkontakt.com\/wp-content\/uploads\/2024\/07\/Geradschleifer-150x150.png\" alt=\"\" width=\"100\" height=\"100\" srcset=\"https:\/\/kemperkontakt.de\/wp-content\/uploads\/2024\/07\/Geradschleifer-66x66.png 66w, https:\/\/kemperkontakt.de\/wp-content\/uploads\/2024\/07\/Geradschleifer-150x150.png 150w, https:\/\/kemperkontakt.de\/wp-content\/uploads\/2024\/07\/Geradschleifer-200x200.png 200w, https:\/\/kemperkontakt.de\/wp-content\/uploads\/2024\/07\/Geradschleifer-300x300.png 300w, https:\/\/kemperkontakt.de\/wp-content\/uploads\/2024\/07\/Geradschleifer-400x400.png 400w, https:\/\/kemperkontakt.de\/wp-content\/uploads\/2024\/07\/Geradschleifer-500x500.png 500w, https:\/\/kemperkontakt.de\/wp-content\/uploads\/2024\/07\/Geradschleifer-600x600.png 600w, https:\/\/kemperkontakt.de\/wp-content\/uploads\/2024\/07\/Geradschleifer-768x768.png 768w, https:\/\/kemperkontakt.de\/wp-content\/uploads\/2024\/07\/Geradschleifer.png 800w\" sizes=\"(max-width: 100px) 100vw, 100px\" \/><\/a><\/p>\n<p class=\"bodytext\"><strong>Fiche technique du produit :<br \/>\n<\/strong>[download id=\"1408\" template=\"Schleifbold FMS\"]<\/p>\n","protected":false},"featured_media":2308,"template":"","meta":[],"product_brand":[],"product_cat":[381],"product_tag":[356,348,321,313,351,347,346,345],"class_list":{"0":"post-3242","1":"product","2":"type-product","3":"status-publish","4":"has-post-thumbnail","6":"product_cat-meuleuse-pour-soudures-dangle","7":"product_tag-acier-inoxydable","8":"product_tag-arbre-flexible","9":"product_tag-ebavurage","10":"product_tag-metal-en-general","11":"product_tag-meuleuse-pour-soudures-dangle","12":"product_tag-meuleuses-droites","13":"product_tag-perceuse","14":"product_tag-visseuse-sans-fil","16":"first","17":"instock","18":"shipping-taxable","19":"product-type-simple"},"yoast_head":"<!-- This site is optimized with the Yoast SEO plugin v27.5 - https:\/\/yoast.com\/product\/yoast-seo-wordpress\/ -->\n<title>Schleifbold\u00ae FMS - Kemper-Kontakt<\/title>\n<meta name=\"robots\" content=\"index, follow, max-snippet:-1, max-image-preview:large, max-video-preview:-1\" \/>\n<link rel=\"canonical\" href=\"https:\/\/kemperkontakt.de\/fr\/produkt\/schleifbold-fms\/\" \/>\n<meta property=\"og:locale\" content=\"fr_FR\" \/>\n<meta property=\"og:type\" content=\"article\" \/>\n<meta property=\"og:title\" content=\"Schleifbold\u00ae FMS - Kemper-Kontakt\" \/>\n<meta property=\"og:description\" content=\"Disque de meuleuse pour soudures d\u2019angle avec tige de 6 mm. Adapt\u00e9 \u00e0 une utilisation sur machines manuelles et arbres de cintrage. Outil sp\u00e9cifique. La surface de travail correspond \u00e0 l\u2019ar\u00eate de coupe de la toile abrasive, ce qui permet des transitions sans amorce vers la surface. Plage de granulom\u00e9trie : 60-320.  &nbsp; A utiliser avec quelle machine :    Fiche technique du produit :\" \/>\n<meta property=\"og:url\" content=\"https:\/\/kemperkontakt.de\/fr\/produkt\/schleifbold-fms\/\" \/>\n<meta property=\"og:site_name\" content=\"Kemper-Kontakt\" \/>\n<meta property=\"article:modified_time\" content=\"2025-02-18T10:22:09+00:00\" \/>\n<meta property=\"og:image\" content=\"https:\/\/kemperkontakt.de\/wp-content\/uploads\/2024\/06\/Schleifbold_FMS_1000x1000.jpg\" \/>\n\t<meta property=\"og:image:width\" content=\"1000\" \/>\n\t<meta property=\"og:image:height\" content=\"1000\" \/>\n\t<meta property=\"og:image:type\" content=\"image\/jpeg\" \/>\n<meta name=\"twitter:card\" content=\"summary_large_image\" \/>\n<meta name=\"twitter:label1\" content=\"Dur\u00e9e de lecture estim\u00e9e\" \/>\n\t<meta name=\"twitter:data1\" content=\"1 minute\" \/>\n<script type=\"application\/ld+json\" class=\"yoast-schema-graph\">{\"@context\":\"https:\\\/\\\/schema.org\",\"@graph\":[{\"@type\":\"WebPage\",\"@id\":\"https:\\\/\\\/kemperkontakt.de\\\/fr\\\/produkt\\\/schleifbold-fms\\\/\",\"url\":\"https:\\\/\\\/kemperkontakt.de\\\/fr\\\/produkt\\\/schleifbold-fms\\\/\",\"name\":\"Schleifbold\u00ae FMS - Kemper-Kontakt\",\"isPartOf\":{\"@id\":\"https:\\\/\\\/kemperkontakt.de\\\/fr\\\/#website\"},\"primaryImageOfPage\":{\"@id\":\"https:\\\/\\\/kemperkontakt.de\\\/fr\\\/produkt\\\/schleifbold-fms\\\/#primaryimage\"},\"image\":{\"@id\":\"https:\\\/\\\/kemperkontakt.de\\\/fr\\\/produkt\\\/schleifbold-fms\\\/#primaryimage\"},\"thumbnailUrl\":\"https:\\\/\\\/kemperkontakt.de\\\/wp-content\\\/uploads\\\/2024\\\/06\\\/Schleifbold_FMS_1000x1000.jpg\",\"datePublished\":\"2024-06-18T09:14:09+00:00\",\"dateModified\":\"2025-02-18T10:22:09+00:00\",\"breadcrumb\":{\"@id\":\"https:\\\/\\\/kemperkontakt.de\\\/fr\\\/produkt\\\/schleifbold-fms\\\/#breadcrumb\"},\"inLanguage\":\"fr-FR\",\"potentialAction\":[{\"@type\":\"ReadAction\",\"target\":[\"https:\\\/\\\/kemperkontakt.de\\\/fr\\\/produkt\\\/schleifbold-fms\\\/\"]}]},{\"@type\":\"ImageObject\",\"inLanguage\":\"fr-FR\",\"@id\":\"https:\\\/\\\/kemperkontakt.de\\\/fr\\\/produkt\\\/schleifbold-fms\\\/#primaryimage\",\"url\":\"https:\\\/\\\/kemperkontakt.de\\\/wp-content\\\/uploads\\\/2024\\\/06\\\/Schleifbold_FMS_1000x1000.jpg\",\"contentUrl\":\"https:\\\/\\\/kemperkontakt.de\\\/wp-content\\\/uploads\\\/2024\\\/06\\\/Schleifbold_FMS_1000x1000.jpg\",\"width\":1000,\"height\":1000},{\"@type\":\"BreadcrumbList\",\"@id\":\"https:\\\/\\\/kemperkontakt.de\\\/fr\\\/produkt\\\/schleifbold-fms\\\/#breadcrumb\",\"itemListElement\":[{\"@type\":\"ListItem\",\"position\":1,\"name\":\"Startseite\",\"item\":\"https:\\\/\\\/kemperkontakt.de\\\/fr\\\/\"},{\"@type\":\"ListItem\",\"position\":2,\"name\":\"Boutique\",\"item\":\"https:\\\/\\\/kemperkontakt.de\\\/fr\\\/boutique\\\/\"},{\"@type\":\"ListItem\",\"position\":3,\"name\":\"Schleifbold\u00ae FMS\"}]},{\"@type\":\"WebSite\",\"@id\":\"https:\\\/\\\/kemperkontakt.de\\\/fr\\\/#website\",\"url\":\"https:\\\/\\\/kemperkontakt.de\\\/fr\\\/\",\"name\":\"Kemper-Kontakt\",\"description\":\"\",\"potentialAction\":[{\"@type\":\"SearchAction\",\"target\":{\"@type\":\"EntryPoint\",\"urlTemplate\":\"https:\\\/\\\/kemperkontakt.de\\\/fr\\\/?s={search_term_string}\"},\"query-input\":{\"@type\":\"PropertyValueSpecification\",\"valueRequired\":true,\"valueName\":\"search_term_string\"}}],\"inLanguage\":\"fr-FR\"}]}<\/script>\n<!-- \/ Yoast SEO plugin. -->","yoast_head_json":{"title":"Schleifbold\u00ae FMS - Kemper-Kontakt","robots":{"index":"index","follow":"follow","max-snippet":"max-snippet:-1","max-image-preview":"max-image-preview:large","max-video-preview":"max-video-preview:-1"},"canonical":"https:\/\/kemperkontakt.de\/fr\/produkt\/schleifbold-fms\/","og_locale":"fr_FR","og_type":"article","og_title":"Schleifbold\u00ae FMS - Kemper-Kontakt","og_description":"Disque de meuleuse pour soudures d\u2019angle avec tige de 6 mm. Adapt\u00e9 \u00e0 une utilisation sur machines manuelles et arbres de cintrage. Outil sp\u00e9cifique. La surface de travail correspond \u00e0 l\u2019ar\u00eate de coupe de la toile abrasive, ce qui permet des transitions sans amorce vers la surface. Plage de granulom\u00e9trie : 60-320.  &nbsp; A utiliser avec quelle machine :    Fiche technique du produit :","og_url":"https:\/\/kemperkontakt.de\/fr\/produkt\/schleifbold-fms\/","og_site_name":"Kemper-Kontakt","article_modified_time":"2025-02-18T10:22:09+00:00","og_image":[{"width":1000,"height":1000,"url":"https:\/\/kemperkontakt.de\/wp-content\/uploads\/2024\/06\/Schleifbold_FMS_1000x1000.jpg","type":"image\/jpeg"}],"twitter_card":"summary_large_image","twitter_misc":{"Dur\u00e9e de lecture estim\u00e9e":"1 minute"},"schema":{"@context":"https:\/\/schema.org","@graph":[{"@type":"WebPage","@id":"https:\/\/kemperkontakt.de\/fr\/produkt\/schleifbold-fms\/","url":"https:\/\/kemperkontakt.de\/fr\/produkt\/schleifbold-fms\/","name":"Schleifbold\u00ae FMS - Kemper-Kontakt","isPartOf":{"@id":"https:\/\/kemperkontakt.de\/fr\/#website"},"primaryImageOfPage":{"@id":"https:\/\/kemperkontakt.de\/fr\/produkt\/schleifbold-fms\/#primaryimage"},"image":{"@id":"https:\/\/kemperkontakt.de\/fr\/produkt\/schleifbold-fms\/#primaryimage"},"thumbnailUrl":"https:\/\/kemperkontakt.de\/wp-content\/uploads\/2024\/06\/Schleifbold_FMS_1000x1000.jpg","datePublished":"2024-06-18T09:14:09+00:00","dateModified":"2025-02-18T10:22:09+00:00","breadcrumb":{"@id":"https:\/\/kemperkontakt.de\/fr\/produkt\/schleifbold-fms\/#breadcrumb"},"inLanguage":"fr-FR","potentialAction":[{"@type":"ReadAction","target":["https:\/\/kemperkontakt.de\/fr\/produkt\/schleifbold-fms\/"]}]},{"@type":"ImageObject","inLanguage":"fr-FR","@id":"https:\/\/kemperkontakt.de\/fr\/produkt\/schleifbold-fms\/#primaryimage","url":"https:\/\/kemperkontakt.de\/wp-content\/uploads\/2024\/06\/Schleifbold_FMS_1000x1000.jpg","contentUrl":"https:\/\/kemperkontakt.de\/wp-content\/uploads\/2024\/06\/Schleifbold_FMS_1000x1000.jpg","width":1000,"height":1000},{"@type":"BreadcrumbList","@id":"https:\/\/kemperkontakt.de\/fr\/produkt\/schleifbold-fms\/#breadcrumb","itemListElement":[{"@type":"ListItem","position":1,"name":"Startseite","item":"https:\/\/kemperkontakt.de\/fr\/"},{"@type":"ListItem","position":2,"name":"Boutique","item":"https:\/\/kemperkontakt.de\/fr\/boutique\/"},{"@type":"ListItem","position":3,"name":"Schleifbold\u00ae FMS"}]},{"@type":"WebSite","@id":"https:\/\/kemperkontakt.de\/fr\/#website","url":"https:\/\/kemperkontakt.de\/fr\/","name":"Kemper-Kontakt","description":"","potentialAction":[{"@type":"SearchAction","target":{"@type":"EntryPoint","urlTemplate":"https:\/\/kemperkontakt.de\/fr\/?s={search_term_string}"},"query-input":{"@type":"PropertyValueSpecification","valueRequired":true,"valueName":"search_term_string"}}],"inLanguage":"fr-FR"}]}},"_links":{"self":[{"href":"https:\/\/kemperkontakt.de\/fr\/wp-json\/wp\/v2\/product\/3242","targetHints":{"allow":["GET"]}}],"collection":[{"href":"https:\/\/kemperkontakt.de\/fr\/wp-json\/wp\/v2\/product"}],"about":[{"href":"https:\/\/kemperkontakt.de\/fr\/wp-json\/wp\/v2\/types\/product"}],"wp:featuredmedia":[{"embeddable":true,"href":"https:\/\/kemperkontakt.de\/fr\/wp-json\/wp\/v2\/media\/2308"}],"wp:attachment":[{"href":"https:\/\/kemperkontakt.de\/fr\/wp-json\/wp\/v2\/media?parent=3242"}],"wp:term":[{"taxonomy":"product_brand","embeddable":true,"href":"https:\/\/kemperkontakt.de\/fr\/wp-json\/wp\/v2\/product_brand?post=3242"},{"taxonomy":"product_cat","embeddable":true,"href":"https:\/\/kemperkontakt.de\/fr\/wp-json\/wp\/v2\/product_cat?post=3242"},{"taxonomy":"product_tag","embeddable":true,"href":"https:\/\/kemperkontakt.de\/fr\/wp-json\/wp\/v2\/product_tag?post=3242"}],"curies":[{"name":"wp","href":"https:\/\/api.w.org\/{rel}","templated":true}]}}