{"id":3222,"date":"2024-06-21T18:25:38","date_gmt":"2024-06-21T16:25:38","guid":{"rendered":"https:\/\/kemperkontakt.com\/produkt\/schleifbold-lsb\/"},"modified":"2025-02-18T10:14:04","modified_gmt":"2025-02-18T09:14:04","slug":"schleifbold-lsb","status":"publish","type":"product","link":"https:\/\/kemperkontakt.de\/fr\/produkt\/schleifbold-lsb\/","title":{"rendered":"Schleifbold\u00ae LSB"},"content":{"rendered":"","protected":false},"excerpt":{"rendered":"<p class=\"bodytext\">Le disque abrasif \u00e0 lamelles Schleifbold\u00ae LSB permet un pon\u00e7age souple sur bois ou m\u00e9tal. Les lamelles abrasives fendues en toile et les lamelles \u00e0 brosser en fibres sont dispos\u00e9es en alternance. Chaque lamelle abrasive en toile (d\u2019une largeur d\u2019environ 4 mm) est maintenue de mani\u00e8re souple par la lamelle \u00e0 brosser en fibres pendant le pon\u00e7age et s\u2019adapte ainsi aux profilages d\u2019\u00e9paisseurs diff\u00e9rentes.  <\/p>\n<p class=\"bodytext\">Disque abrasif adapt\u00e9 au traitement de surface ou de profil\u00e9s en bois ou en m\u00e9tal. Se compose d\u2019un corps m\u00e9tallique, de porte-brosses, de lamelles \u00e0 poncer et de lamelle \u00e0 brosser (\u00ab rechange \u00bb).<\/p>\n<p class=\"bodytext\">Prix pour Schleifbold\u00ae LSB sans rechange de lamelles abrasives.<br \/>\nPi\u00e8ces de rechange et accessoires sur demande.<\/p>\n<p>&nbsp;<\/p>\n<p class=\"bodytext\"><strong>Fiche technique du produit :<br \/>\n<\/strong>[download id=\"1432\" template=\"Schleifbold LSB\"]<strong><br \/>\n<\/strong><\/p>\n","protected":false},"featured_media":2774,"template":"","meta":[],"product_brand":[],"product_cat":[358],"product_tag":[363,362],"class_list":{"0":"post-3222","1":"product","2":"type-product","3":"status-publish","4":"has-post-thumbnail","6":"product_cat-schleifbold-lsb-fr","7":"product_tag-disque-engis","8":"product_tag-schleifbold-lsb-fr","10":"first","11":"instock","12":"shipping-taxable","13":"product-type-simple"},"yoast_head":"<!-- This site is optimized with the Yoast SEO plugin v27.4 - https:\/\/yoast.com\/product\/yoast-seo-wordpress\/ -->\n<title>Schleifbold\u00ae LSB - Kemper-Kontakt<\/title>\n<meta name=\"robots\" content=\"index, follow, max-snippet:-1, max-image-preview:large, max-video-preview:-1\" \/>\n<link rel=\"canonical\" href=\"https:\/\/kemperkontakt.de\/fr\/produkt\/schleifbold-lsb\/\" \/>\n<meta property=\"og:locale\" content=\"fr_FR\" \/>\n<meta property=\"og:type\" content=\"article\" \/>\n<meta property=\"og:title\" content=\"Schleifbold\u00ae LSB - Kemper-Kontakt\" \/>\n<meta property=\"og:description\" content=\"Le disque abrasif \u00e0 lamelles Schleifbold\u00ae LSB permet un pon\u00e7age souple sur bois ou m\u00e9tal. Les lamelles abrasives fendues en toile et les lamelles \u00e0 brosser en fibres sont dispos\u00e9es en alternance. Chaque lamelle abrasive en toile (d\u2019une largeur d\u2019environ 4 mm) est maintenue de mani\u00e8re souple par la lamelle \u00e0 brosser en fibres pendant le pon\u00e7age et s\u2019adapte ainsi aux profilages d\u2019\u00e9paisseurs diff\u00e9rentes.  Disque abrasif adapt\u00e9 au traitement de surface ou de profil\u00e9s en bois ou en m\u00e9tal. Se compose d\u2019un corps m\u00e9tallique, de porte-brosses, de lamelles \u00e0 poncer et de lamelle \u00e0 brosser (\u00ab rechange \u00bb). Prix pour Schleifbold\u00ae LSB sans rechange de lamelles abrasives. Pi\u00e8ces de rechange et accessoires sur demande. &nbsp; Fiche technique du produit :\" \/>\n<meta property=\"og:url\" content=\"https:\/\/kemperkontakt.de\/fr\/produkt\/schleifbold-lsb\/\" \/>\n<meta property=\"og:site_name\" content=\"Kemper-Kontakt\" \/>\n<meta property=\"article:modified_time\" content=\"2025-02-18T09:14:04+00:00\" \/>\n<meta property=\"og:image\" content=\"https:\/\/kemperkontakt.de\/wp-content\/uploads\/2024\/09\/Schleifbold-LSB8_1000x1000.jpg\" \/>\n\t<meta property=\"og:image:width\" content=\"1000\" \/>\n\t<meta property=\"og:image:height\" content=\"1000\" \/>\n\t<meta property=\"og:image:type\" content=\"image\/jpeg\" \/>\n<meta name=\"twitter:card\" content=\"summary_large_image\" \/>\n<script type=\"application\/ld+json\" class=\"yoast-schema-graph\">{\"@context\":\"https:\\\/\\\/schema.org\",\"@graph\":[{\"@type\":\"WebPage\",\"@id\":\"https:\\\/\\\/kemperkontakt.de\\\/fr\\\/produkt\\\/schleifbold-lsb\\\/\",\"url\":\"https:\\\/\\\/kemperkontakt.de\\\/fr\\\/produkt\\\/schleifbold-lsb\\\/\",\"name\":\"Schleifbold\u00ae LSB - Kemper-Kontakt\",\"isPartOf\":{\"@id\":\"https:\\\/\\\/kemperkontakt.de\\\/fr\\\/#website\"},\"primaryImageOfPage\":{\"@id\":\"https:\\\/\\\/kemperkontakt.de\\\/fr\\\/produkt\\\/schleifbold-lsb\\\/#primaryimage\"},\"image\":{\"@id\":\"https:\\\/\\\/kemperkontakt.de\\\/fr\\\/produkt\\\/schleifbold-lsb\\\/#primaryimage\"},\"thumbnailUrl\":\"https:\\\/\\\/kemperkontakt.de\\\/wp-content\\\/uploads\\\/2024\\\/09\\\/Schleifbold-LSB8_1000x1000.jpg\",\"datePublished\":\"2024-06-21T16:25:38+00:00\",\"dateModified\":\"2025-02-18T09:14:04+00:00\",\"breadcrumb\":{\"@id\":\"https:\\\/\\\/kemperkontakt.de\\\/fr\\\/produkt\\\/schleifbold-lsb\\\/#breadcrumb\"},\"inLanguage\":\"fr-FR\",\"potentialAction\":[{\"@type\":\"ReadAction\",\"target\":[\"https:\\\/\\\/kemperkontakt.de\\\/fr\\\/produkt\\\/schleifbold-lsb\\\/\"]}]},{\"@type\":\"ImageObject\",\"inLanguage\":\"fr-FR\",\"@id\":\"https:\\\/\\\/kemperkontakt.de\\\/fr\\\/produkt\\\/schleifbold-lsb\\\/#primaryimage\",\"url\":\"https:\\\/\\\/kemperkontakt.de\\\/wp-content\\\/uploads\\\/2024\\\/09\\\/Schleifbold-LSB8_1000x1000.jpg\",\"contentUrl\":\"https:\\\/\\\/kemperkontakt.de\\\/wp-content\\\/uploads\\\/2024\\\/09\\\/Schleifbold-LSB8_1000x1000.jpg\",\"width\":1000,\"height\":1000},{\"@type\":\"BreadcrumbList\",\"@id\":\"https:\\\/\\\/kemperkontakt.de\\\/fr\\\/produkt\\\/schleifbold-lsb\\\/#breadcrumb\",\"itemListElement\":[{\"@type\":\"ListItem\",\"position\":1,\"name\":\"Startseite\",\"item\":\"https:\\\/\\\/kemperkontakt.de\\\/fr\\\/\"},{\"@type\":\"ListItem\",\"position\":2,\"name\":\"Boutique\",\"item\":\"https:\\\/\\\/kemperkontakt.de\\\/fr\\\/boutique\\\/\"},{\"@type\":\"ListItem\",\"position\":3,\"name\":\"Schleifbold\u00ae LSB\"}]},{\"@type\":\"WebSite\",\"@id\":\"https:\\\/\\\/kemperkontakt.de\\\/fr\\\/#website\",\"url\":\"https:\\\/\\\/kemperkontakt.de\\\/fr\\\/\",\"name\":\"Kemper-Kontakt\",\"description\":\"\",\"potentialAction\":[{\"@type\":\"SearchAction\",\"target\":{\"@type\":\"EntryPoint\",\"urlTemplate\":\"https:\\\/\\\/kemperkontakt.de\\\/fr\\\/?s={search_term_string}\"},\"query-input\":{\"@type\":\"PropertyValueSpecification\",\"valueRequired\":true,\"valueName\":\"search_term_string\"}}],\"inLanguage\":\"fr-FR\"}]}<\/script>\n<!-- \/ Yoast SEO plugin. -->","yoast_head_json":{"title":"Schleifbold\u00ae LSB - Kemper-Kontakt","robots":{"index":"index","follow":"follow","max-snippet":"max-snippet:-1","max-image-preview":"max-image-preview:large","max-video-preview":"max-video-preview:-1"},"canonical":"https:\/\/kemperkontakt.de\/fr\/produkt\/schleifbold-lsb\/","og_locale":"fr_FR","og_type":"article","og_title":"Schleifbold\u00ae LSB - Kemper-Kontakt","og_description":"Le disque abrasif \u00e0 lamelles Schleifbold\u00ae LSB permet un pon\u00e7age souple sur bois ou m\u00e9tal. Les lamelles abrasives fendues en toile et les lamelles \u00e0 brosser en fibres sont dispos\u00e9es en alternance. Chaque lamelle abrasive en toile (d\u2019une largeur d\u2019environ 4 mm) est maintenue de mani\u00e8re souple par la lamelle \u00e0 brosser en fibres pendant le pon\u00e7age et s\u2019adapte ainsi aux profilages d\u2019\u00e9paisseurs diff\u00e9rentes.  Disque abrasif adapt\u00e9 au traitement de surface ou de profil\u00e9s en bois ou en m\u00e9tal. Se compose d\u2019un corps m\u00e9tallique, de porte-brosses, de lamelles \u00e0 poncer et de lamelle \u00e0 brosser (\u00ab rechange \u00bb). Prix pour Schleifbold\u00ae LSB sans rechange de lamelles abrasives. Pi\u00e8ces de rechange et accessoires sur demande. &nbsp; Fiche technique du produit :","og_url":"https:\/\/kemperkontakt.de\/fr\/produkt\/schleifbold-lsb\/","og_site_name":"Kemper-Kontakt","article_modified_time":"2025-02-18T09:14:04+00:00","og_image":[{"width":1000,"height":1000,"url":"https:\/\/kemperkontakt.de\/wp-content\/uploads\/2024\/09\/Schleifbold-LSB8_1000x1000.jpg","type":"image\/jpeg"}],"twitter_card":"summary_large_image","schema":{"@context":"https:\/\/schema.org","@graph":[{"@type":"WebPage","@id":"https:\/\/kemperkontakt.de\/fr\/produkt\/schleifbold-lsb\/","url":"https:\/\/kemperkontakt.de\/fr\/produkt\/schleifbold-lsb\/","name":"Schleifbold\u00ae LSB - Kemper-Kontakt","isPartOf":{"@id":"https:\/\/kemperkontakt.de\/fr\/#website"},"primaryImageOfPage":{"@id":"https:\/\/kemperkontakt.de\/fr\/produkt\/schleifbold-lsb\/#primaryimage"},"image":{"@id":"https:\/\/kemperkontakt.de\/fr\/produkt\/schleifbold-lsb\/#primaryimage"},"thumbnailUrl":"https:\/\/kemperkontakt.de\/wp-content\/uploads\/2024\/09\/Schleifbold-LSB8_1000x1000.jpg","datePublished":"2024-06-21T16:25:38+00:00","dateModified":"2025-02-18T09:14:04+00:00","breadcrumb":{"@id":"https:\/\/kemperkontakt.de\/fr\/produkt\/schleifbold-lsb\/#breadcrumb"},"inLanguage":"fr-FR","potentialAction":[{"@type":"ReadAction","target":["https:\/\/kemperkontakt.de\/fr\/produkt\/schleifbold-lsb\/"]}]},{"@type":"ImageObject","inLanguage":"fr-FR","@id":"https:\/\/kemperkontakt.de\/fr\/produkt\/schleifbold-lsb\/#primaryimage","url":"https:\/\/kemperkontakt.de\/wp-content\/uploads\/2024\/09\/Schleifbold-LSB8_1000x1000.jpg","contentUrl":"https:\/\/kemperkontakt.de\/wp-content\/uploads\/2024\/09\/Schleifbold-LSB8_1000x1000.jpg","width":1000,"height":1000},{"@type":"BreadcrumbList","@id":"https:\/\/kemperkontakt.de\/fr\/produkt\/schleifbold-lsb\/#breadcrumb","itemListElement":[{"@type":"ListItem","position":1,"name":"Startseite","item":"https:\/\/kemperkontakt.de\/fr\/"},{"@type":"ListItem","position":2,"name":"Boutique","item":"https:\/\/kemperkontakt.de\/fr\/boutique\/"},{"@type":"ListItem","position":3,"name":"Schleifbold\u00ae LSB"}]},{"@type":"WebSite","@id":"https:\/\/kemperkontakt.de\/fr\/#website","url":"https:\/\/kemperkontakt.de\/fr\/","name":"Kemper-Kontakt","description":"","potentialAction":[{"@type":"SearchAction","target":{"@type":"EntryPoint","urlTemplate":"https:\/\/kemperkontakt.de\/fr\/?s={search_term_string}"},"query-input":{"@type":"PropertyValueSpecification","valueRequired":true,"valueName":"search_term_string"}}],"inLanguage":"fr-FR"}]}},"_links":{"self":[{"href":"https:\/\/kemperkontakt.de\/fr\/wp-json\/wp\/v2\/product\/3222","targetHints":{"allow":["GET"]}}],"collection":[{"href":"https:\/\/kemperkontakt.de\/fr\/wp-json\/wp\/v2\/product"}],"about":[{"href":"https:\/\/kemperkontakt.de\/fr\/wp-json\/wp\/v2\/types\/product"}],"wp:featuredmedia":[{"embeddable":true,"href":"https:\/\/kemperkontakt.de\/fr\/wp-json\/wp\/v2\/media\/2774"}],"wp:attachment":[{"href":"https:\/\/kemperkontakt.de\/fr\/wp-json\/wp\/v2\/media?parent=3222"}],"wp:term":[{"taxonomy":"product_brand","embeddable":true,"href":"https:\/\/kemperkontakt.de\/fr\/wp-json\/wp\/v2\/product_brand?post=3222"},{"taxonomy":"product_cat","embeddable":true,"href":"https:\/\/kemperkontakt.de\/fr\/wp-json\/wp\/v2\/product_cat?post=3222"},{"taxonomy":"product_tag","embeddable":true,"href":"https:\/\/kemperkontakt.de\/fr\/wp-json\/wp\/v2\/product_tag?post=3222"}],"curies":[{"name":"wp","href":"https:\/\/api.w.org\/{rel}","templated":true}]}}