{"id":3216,"date":"2024-06-21T18:31:24","date_gmt":"2024-06-21T16:31:24","guid":{"rendered":"https:\/\/kemperkontakt.com\/produkt\/satifix-msz\/"},"modified":"2025-02-18T10:07:45","modified_gmt":"2025-02-18T09:07:45","slug":"satifix-msz","status":"publish","type":"product","link":"https:\/\/kemperkontakt.de\/fr\/produkt\/satifix-msz\/","title":{"rendered":"Satifix\u00ae MSZ"},"content":{"rendered":"","protected":false},"excerpt":{"rendered":"<p class=\"bodytext\">Outil de satinage avec tige de 6 mm. Version combin\u00e9e avec lamelles de non tiss\u00e9 et de toile abrasive utilis\u00e9es en alternance, d\u2019o\u00f9 un aspect de pon\u00e7age plus grossier et un enl\u00e8vement de copeaux plus important. Id\u00e9al pour le traitement de l\u2019acier inoxydable. Qualit\u00e9 du non tiss\u00e9 : A 80 (brut) \u00e0 A 280 (fin). Intercalaires P 40-P 320.<\/p>\n<p>&nbsp;<\/p>\n<p><strong>A utiliser avec quelle machine :<br \/>\n<\/strong><a href=\"http:\/\/kemperkontakt.com\/produkt-schlagwort\/akkuschrauber\/\"><img decoding=\"async\" class=\"alignnone wp-image-904\" src=\"http:\/\/kemperkontakt.com\/wp-content\/uploads\/2024\/07\/Akkuschrauber-150x150.png\" alt=\"\" width=\"100\" height=\"100\" srcset=\"https:\/\/kemperkontakt.de\/wp-content\/uploads\/2024\/07\/Akkuschrauber-66x66.png 66w, https:\/\/kemperkontakt.de\/wp-content\/uploads\/2024\/07\/Akkuschrauber-150x150.png 150w, https:\/\/kemperkontakt.de\/wp-content\/uploads\/2024\/07\/Akkuschrauber-200x200.png 200w, https:\/\/kemperkontakt.de\/wp-content\/uploads\/2024\/07\/Akkuschrauber-300x300.png 300w, https:\/\/kemperkontakt.de\/wp-content\/uploads\/2024\/07\/Akkuschrauber-400x400.png 400w, https:\/\/kemperkontakt.de\/wp-content\/uploads\/2024\/07\/Akkuschrauber-500x500.png 500w, https:\/\/kemperkontakt.de\/wp-content\/uploads\/2024\/07\/Akkuschrauber-600x600.png 600w, https:\/\/kemperkontakt.de\/wp-content\/uploads\/2024\/07\/Akkuschrauber-768x768.png 768w, https:\/\/kemperkontakt.de\/wp-content\/uploads\/2024\/07\/Akkuschrauber.png 800w\" sizes=\"(max-width: 100px) 100vw, 100px\" \/>  <\/a><a href=\"http:\/\/kemperkontakt.com\/produkt-schlagwort\/biegsame-welle\/\"><img decoding=\"async\" class=\"alignnone wp-image-906\" src=\"http:\/\/kemperkontakt.com\/wp-content\/uploads\/2024\/07\/Biegsame-Welle-150x150.png\" alt=\"\" width=\"100\" height=\"100\" srcset=\"https:\/\/kemperkontakt.de\/wp-content\/uploads\/2024\/07\/Biegsame-Welle-66x66.png 66w, https:\/\/kemperkontakt.de\/wp-content\/uploads\/2024\/07\/Biegsame-Welle-150x150.png 150w, https:\/\/kemperkontakt.de\/wp-content\/uploads\/2024\/07\/Biegsame-Welle-200x200.png 200w, https:\/\/kemperkontakt.de\/wp-content\/uploads\/2024\/07\/Biegsame-Welle-300x300.png 300w, https:\/\/kemperkontakt.de\/wp-content\/uploads\/2024\/07\/Biegsame-Welle-400x400.png 400w, https:\/\/kemperkontakt.de\/wp-content\/uploads\/2024\/07\/Biegsame-Welle-500x500.png 500w, https:\/\/kemperkontakt.de\/wp-content\/uploads\/2024\/07\/Biegsame-Welle-600x600.png 600w, https:\/\/kemperkontakt.de\/wp-content\/uploads\/2024\/07\/Biegsame-Welle-768x768.png 768w, https:\/\/kemperkontakt.de\/wp-content\/uploads\/2024\/07\/Biegsame-Welle.png 800w\" sizes=\"(max-width: 100px) 100vw, 100px\" \/>  <\/a><a href=\"http:\/\/kemperkontakt.com\/produkt-schlagwort\/bohrmaschine\/\"><img decoding=\"async\" class=\"alignnone wp-image-907\" src=\"http:\/\/kemperkontakt.com\/wp-content\/uploads\/2024\/07\/Bohrmaschine-150x150.png\" alt=\"\" width=\"100\" height=\"100\" srcset=\"https:\/\/kemperkontakt.de\/wp-content\/uploads\/2024\/07\/Bohrmaschine-66x66.png 66w, https:\/\/kemperkontakt.de\/wp-content\/uploads\/2024\/07\/Bohrmaschine-150x150.png 150w, https:\/\/kemperkontakt.de\/wp-content\/uploads\/2024\/07\/Bohrmaschine-200x200.png 200w, https:\/\/kemperkontakt.de\/wp-content\/uploads\/2024\/07\/Bohrmaschine-300x300.png 300w, https:\/\/kemperkontakt.de\/wp-content\/uploads\/2024\/07\/Bohrmaschine-400x400.png 400w, https:\/\/kemperkontakt.de\/wp-content\/uploads\/2024\/07\/Bohrmaschine-500x500.png 500w, https:\/\/kemperkontakt.de\/wp-content\/uploads\/2024\/07\/Bohrmaschine-600x600.png 600w, https:\/\/kemperkontakt.de\/wp-content\/uploads\/2024\/07\/Bohrmaschine-768x768.png 768w, https:\/\/kemperkontakt.de\/wp-content\/uploads\/2024\/07\/Bohrmaschine.png 800w\" sizes=\"(max-width: 100px) 100vw, 100px\" \/>  <\/a><a href=\"http:\/\/kemperkontakt.com\/produkt-schlagwort\/geradschleifer\/\"><img decoding=\"async\" class=\"alignnone wp-image-908\" src=\"http:\/\/kemperkontakt.com\/wp-content\/uploads\/2024\/07\/Geradschleifer-150x150.png\" alt=\"\" width=\"100\" height=\"100\" srcset=\"https:\/\/kemperkontakt.de\/wp-content\/uploads\/2024\/07\/Geradschleifer-66x66.png 66w, https:\/\/kemperkontakt.de\/wp-content\/uploads\/2024\/07\/Geradschleifer-150x150.png 150w, https:\/\/kemperkontakt.de\/wp-content\/uploads\/2024\/07\/Geradschleifer-200x200.png 200w, https:\/\/kemperkontakt.de\/wp-content\/uploads\/2024\/07\/Geradschleifer-300x300.png 300w, https:\/\/kemperkontakt.de\/wp-content\/uploads\/2024\/07\/Geradschleifer-400x400.png 400w, https:\/\/kemperkontakt.de\/wp-content\/uploads\/2024\/07\/Geradschleifer-500x500.png 500w, https:\/\/kemperkontakt.de\/wp-content\/uploads\/2024\/07\/Geradschleifer-600x600.png 600w, https:\/\/kemperkontakt.de\/wp-content\/uploads\/2024\/07\/Geradschleifer-768x768.png 768w, https:\/\/kemperkontakt.de\/wp-content\/uploads\/2024\/07\/Geradschleifer.png 800w\" sizes=\"(max-width: 100px) 100vw, 100px\" \/><\/a><\/p>\n<p class=\"bodytext\"><strong>Fiche technique du produit :<br \/>\n<\/strong>[download id=\"4036\" template=\"Satifix MSZ\"]<\/p>\n","protected":false},"featured_media":2256,"template":"","meta":[],"product_brand":[],"product_cat":[311],"product_tag":[356,348,359,313,347,346,352,345],"class_list":{"0":"post-3216","1":"product","2":"type-product","3":"status-publish","4":"has-post-thumbnail","6":"product_cat-outils-de-satinage","7":"product_tag-acier-inoxydable","8":"product_tag-arbre-flexible","9":"product_tag-finition-de-surface","10":"product_tag-metal-en-general","11":"product_tag-meuleuses-droites","12":"product_tag-perceuse","13":"product_tag-satinage","14":"product_tag-visseuse-sans-fil","16":"first","17":"instock","18":"shipping-taxable","19":"product-type-simple"},"yoast_head":"<!-- This site is optimized with the Yoast SEO plugin v27.3 - https:\/\/yoast.com\/product\/yoast-seo-wordpress\/ -->\n<title>Satifix\u00ae MSZ - Kemper-Kontakt<\/title>\n<meta name=\"robots\" content=\"index, follow, max-snippet:-1, max-image-preview:large, max-video-preview:-1\" \/>\n<link rel=\"canonical\" href=\"https:\/\/kemperkontakt.de\/fr\/produkt\/satifix-msz\/\" \/>\n<meta property=\"og:locale\" content=\"fr_FR\" \/>\n<meta property=\"og:type\" content=\"article\" \/>\n<meta property=\"og:title\" content=\"Satifix\u00ae MSZ - Kemper-Kontakt\" \/>\n<meta property=\"og:description\" content=\"Outil de satinage avec tige de 6 mm. Version combin\u00e9e avec lamelles de non tiss\u00e9 et de toile abrasive utilis\u00e9es en alternance, d\u2019o\u00f9 un aspect de pon\u00e7age plus grossier et un enl\u00e8vement de copeaux plus important. Id\u00e9al pour le traitement de l\u2019acier inoxydable. Qualit\u00e9 du non tiss\u00e9 : A 80 (brut) \u00e0 A 280 (fin). Intercalaires P 40-P 320. &nbsp; A utiliser avec quelle machine :    Fiche technique du produit :\" \/>\n<meta property=\"og:url\" content=\"https:\/\/kemperkontakt.de\/fr\/produkt\/satifix-msz\/\" \/>\n<meta property=\"og:site_name\" content=\"Kemper-Kontakt\" \/>\n<meta property=\"article:modified_time\" content=\"2025-02-18T09:07:45+00:00\" \/>\n<meta property=\"og:image\" content=\"https:\/\/kemperkontakt.de\/wp-content\/uploads\/2024\/06\/Satifix-MSZ_1000x1000.jpg\" \/>\n\t<meta property=\"og:image:width\" content=\"1000\" \/>\n\t<meta property=\"og:image:height\" content=\"1000\" \/>\n\t<meta property=\"og:image:type\" content=\"image\/jpeg\" \/>\n<meta name=\"twitter:card\" content=\"summary_large_image\" \/>\n<meta name=\"twitter:label1\" content=\"Dur\u00e9e de lecture estim\u00e9e\" \/>\n\t<meta name=\"twitter:data1\" content=\"1 minute\" \/>\n<script type=\"application\/ld+json\" class=\"yoast-schema-graph\">{\"@context\":\"https:\\\/\\\/schema.org\",\"@graph\":[{\"@type\":\"WebPage\",\"@id\":\"https:\\\/\\\/kemperkontakt.de\\\/fr\\\/produkt\\\/satifix-msz\\\/\",\"url\":\"https:\\\/\\\/kemperkontakt.de\\\/fr\\\/produkt\\\/satifix-msz\\\/\",\"name\":\"Satifix\u00ae MSZ - Kemper-Kontakt\",\"isPartOf\":{\"@id\":\"https:\\\/\\\/kemperkontakt.de\\\/fr\\\/#website\"},\"primaryImageOfPage\":{\"@id\":\"https:\\\/\\\/kemperkontakt.de\\\/fr\\\/produkt\\\/satifix-msz\\\/#primaryimage\"},\"image\":{\"@id\":\"https:\\\/\\\/kemperkontakt.de\\\/fr\\\/produkt\\\/satifix-msz\\\/#primaryimage\"},\"thumbnailUrl\":\"https:\\\/\\\/kemperkontakt.de\\\/wp-content\\\/uploads\\\/2024\\\/06\\\/Satifix-MSZ_1000x1000.jpg\",\"datePublished\":\"2024-06-21T16:31:24+00:00\",\"dateModified\":\"2025-02-18T09:07:45+00:00\",\"breadcrumb\":{\"@id\":\"https:\\\/\\\/kemperkontakt.de\\\/fr\\\/produkt\\\/satifix-msz\\\/#breadcrumb\"},\"inLanguage\":\"fr-FR\",\"potentialAction\":[{\"@type\":\"ReadAction\",\"target\":[\"https:\\\/\\\/kemperkontakt.de\\\/fr\\\/produkt\\\/satifix-msz\\\/\"]}]},{\"@type\":\"ImageObject\",\"inLanguage\":\"fr-FR\",\"@id\":\"https:\\\/\\\/kemperkontakt.de\\\/fr\\\/produkt\\\/satifix-msz\\\/#primaryimage\",\"url\":\"https:\\\/\\\/kemperkontakt.de\\\/wp-content\\\/uploads\\\/2024\\\/06\\\/Satifix-MSZ_1000x1000.jpg\",\"contentUrl\":\"https:\\\/\\\/kemperkontakt.de\\\/wp-content\\\/uploads\\\/2024\\\/06\\\/Satifix-MSZ_1000x1000.jpg\",\"width\":1000,\"height\":1000},{\"@type\":\"BreadcrumbList\",\"@id\":\"https:\\\/\\\/kemperkontakt.de\\\/fr\\\/produkt\\\/satifix-msz\\\/#breadcrumb\",\"itemListElement\":[{\"@type\":\"ListItem\",\"position\":1,\"name\":\"Startseite\",\"item\":\"https:\\\/\\\/kemperkontakt.de\\\/fr\\\/\"},{\"@type\":\"ListItem\",\"position\":2,\"name\":\"Boutique\",\"item\":\"https:\\\/\\\/kemperkontakt.de\\\/fr\\\/boutique\\\/\"},{\"@type\":\"ListItem\",\"position\":3,\"name\":\"Satifix\u00ae MSZ\"}]},{\"@type\":\"WebSite\",\"@id\":\"https:\\\/\\\/kemperkontakt.de\\\/fr\\\/#website\",\"url\":\"https:\\\/\\\/kemperkontakt.de\\\/fr\\\/\",\"name\":\"Kemper-Kontakt\",\"description\":\"\",\"potentialAction\":[{\"@type\":\"SearchAction\",\"target\":{\"@type\":\"EntryPoint\",\"urlTemplate\":\"https:\\\/\\\/kemperkontakt.de\\\/fr\\\/?s={search_term_string}\"},\"query-input\":{\"@type\":\"PropertyValueSpecification\",\"valueRequired\":true,\"valueName\":\"search_term_string\"}}],\"inLanguage\":\"fr-FR\"}]}<\/script>\n<!-- \/ Yoast SEO plugin. -->","yoast_head_json":{"title":"Satifix\u00ae MSZ - Kemper-Kontakt","robots":{"index":"index","follow":"follow","max-snippet":"max-snippet:-1","max-image-preview":"max-image-preview:large","max-video-preview":"max-video-preview:-1"},"canonical":"https:\/\/kemperkontakt.de\/fr\/produkt\/satifix-msz\/","og_locale":"fr_FR","og_type":"article","og_title":"Satifix\u00ae MSZ - Kemper-Kontakt","og_description":"Outil de satinage avec tige de 6 mm. Version combin\u00e9e avec lamelles de non tiss\u00e9 et de toile abrasive utilis\u00e9es en alternance, d\u2019o\u00f9 un aspect de pon\u00e7age plus grossier et un enl\u00e8vement de copeaux plus important. Id\u00e9al pour le traitement de l\u2019acier inoxydable. Qualit\u00e9 du non tiss\u00e9 : A 80 (brut) \u00e0 A 280 (fin). Intercalaires P 40-P 320. &nbsp; A utiliser avec quelle machine :    Fiche technique du produit :","og_url":"https:\/\/kemperkontakt.de\/fr\/produkt\/satifix-msz\/","og_site_name":"Kemper-Kontakt","article_modified_time":"2025-02-18T09:07:45+00:00","og_image":[{"width":1000,"height":1000,"url":"https:\/\/kemperkontakt.de\/wp-content\/uploads\/2024\/06\/Satifix-MSZ_1000x1000.jpg","type":"image\/jpeg"}],"twitter_card":"summary_large_image","twitter_misc":{"Dur\u00e9e de lecture estim\u00e9e":"1 minute"},"schema":{"@context":"https:\/\/schema.org","@graph":[{"@type":"WebPage","@id":"https:\/\/kemperkontakt.de\/fr\/produkt\/satifix-msz\/","url":"https:\/\/kemperkontakt.de\/fr\/produkt\/satifix-msz\/","name":"Satifix\u00ae MSZ - Kemper-Kontakt","isPartOf":{"@id":"https:\/\/kemperkontakt.de\/fr\/#website"},"primaryImageOfPage":{"@id":"https:\/\/kemperkontakt.de\/fr\/produkt\/satifix-msz\/#primaryimage"},"image":{"@id":"https:\/\/kemperkontakt.de\/fr\/produkt\/satifix-msz\/#primaryimage"},"thumbnailUrl":"https:\/\/kemperkontakt.de\/wp-content\/uploads\/2024\/06\/Satifix-MSZ_1000x1000.jpg","datePublished":"2024-06-21T16:31:24+00:00","dateModified":"2025-02-18T09:07:45+00:00","breadcrumb":{"@id":"https:\/\/kemperkontakt.de\/fr\/produkt\/satifix-msz\/#breadcrumb"},"inLanguage":"fr-FR","potentialAction":[{"@type":"ReadAction","target":["https:\/\/kemperkontakt.de\/fr\/produkt\/satifix-msz\/"]}]},{"@type":"ImageObject","inLanguage":"fr-FR","@id":"https:\/\/kemperkontakt.de\/fr\/produkt\/satifix-msz\/#primaryimage","url":"https:\/\/kemperkontakt.de\/wp-content\/uploads\/2024\/06\/Satifix-MSZ_1000x1000.jpg","contentUrl":"https:\/\/kemperkontakt.de\/wp-content\/uploads\/2024\/06\/Satifix-MSZ_1000x1000.jpg","width":1000,"height":1000},{"@type":"BreadcrumbList","@id":"https:\/\/kemperkontakt.de\/fr\/produkt\/satifix-msz\/#breadcrumb","itemListElement":[{"@type":"ListItem","position":1,"name":"Startseite","item":"https:\/\/kemperkontakt.de\/fr\/"},{"@type":"ListItem","position":2,"name":"Boutique","item":"https:\/\/kemperkontakt.de\/fr\/boutique\/"},{"@type":"ListItem","position":3,"name":"Satifix\u00ae MSZ"}]},{"@type":"WebSite","@id":"https:\/\/kemperkontakt.de\/fr\/#website","url":"https:\/\/kemperkontakt.de\/fr\/","name":"Kemper-Kontakt","description":"","potentialAction":[{"@type":"SearchAction","target":{"@type":"EntryPoint","urlTemplate":"https:\/\/kemperkontakt.de\/fr\/?s={search_term_string}"},"query-input":{"@type":"PropertyValueSpecification","valueRequired":true,"valueName":"search_term_string"}}],"inLanguage":"fr-FR"}]}},"_links":{"self":[{"href":"https:\/\/kemperkontakt.de\/fr\/wp-json\/wp\/v2\/product\/3216","targetHints":{"allow":["GET"]}}],"collection":[{"href":"https:\/\/kemperkontakt.de\/fr\/wp-json\/wp\/v2\/product"}],"about":[{"href":"https:\/\/kemperkontakt.de\/fr\/wp-json\/wp\/v2\/types\/product"}],"wp:featuredmedia":[{"embeddable":true,"href":"https:\/\/kemperkontakt.de\/fr\/wp-json\/wp\/v2\/media\/2256"}],"wp:attachment":[{"href":"https:\/\/kemperkontakt.de\/fr\/wp-json\/wp\/v2\/media?parent=3216"}],"wp:term":[{"taxonomy":"product_brand","embeddable":true,"href":"https:\/\/kemperkontakt.de\/fr\/wp-json\/wp\/v2\/product_brand?post=3216"},{"taxonomy":"product_cat","embeddable":true,"href":"https:\/\/kemperkontakt.de\/fr\/wp-json\/wp\/v2\/product_cat?post=3216"},{"taxonomy":"product_tag","embeddable":true,"href":"https:\/\/kemperkontakt.de\/fr\/wp-json\/wp\/v2\/product_tag?post=3216"}],"curies":[{"name":"wp","href":"https:\/\/api.w.org\/{rel}","templated":true}]}}