{"id":3212,"date":"2024-06-21T18:33:18","date_gmt":"2024-06-21T16:33:18","guid":{"rendered":"https:\/\/kemperkontakt.com\/produkt\/satifix-kz\/"},"modified":"2025-02-18T10:06:18","modified_gmt":"2025-02-18T09:06:18","slug":"satifix-kz","status":"publish","type":"product","link":"https:\/\/kemperkontakt.de\/fr\/produkt\/satifix-kz\/","title":{"rendered":"Satifix\u00ae KZ"},"content":{"rendered":"","protected":false},"excerpt":{"rendered":"<div class=\"row\">\n<div class=\"col-xs-12\">\n<p class=\"bodytext\">Disque de satinage avec al\u00e9sage standard de 25 mm. Montage direct sur l\u2019arbre. Adapt\u00e9 \u00e0 presque tous les mat\u00e9riaux, mais particuli\u00e8rement adapt\u00e9 \u00e0 l\u2019acier inoxydable pour obtenir des surfaces fines et mates. Ex\u00e9cution combin\u00e9e avec lamelles de non tiss\u00e9 et toile abrasive en alternance ; le pon\u00e7age est plus grossier et et l\u2019enl\u00e8vement de copeaux plus important. Qualit\u00e9 de non tiss\u00e9 : A 80 (brut) \u00e0 A 280 (tr\u00e8s fin). Couches interm\u00e9diaires P 40-P 320. <\/p>\n<\/div>\n<\/div>\n<p class=\"bodytext\">Autres qualit\u00e9s, dimensions et al\u00e9sages sur demande.<\/p>\n<p>&nbsp;<\/p>\n<p><strong>A utiliser avec quelle machine :<\/strong><\/p>\n<p><a href=\"http:\/\/kemperkontakt.com\/produkt-schlagwort\/starmax-neo\/\"><img decoding=\"async\" class=\"alignnone wp-image-914\" src=\"http:\/\/kemperkontakt.com\/wp-content\/uploads\/2024\/07\/Starmax%C2%AE-neo-150x150.png\" alt=\"\" width=\"100\" height=\"100\"><\/a>  <a href=\"http:\/\/kemperkontakt.com\/produkt-schlagwort\/biegsame-welle\/\">  <\/a><a href=\"http:\/\/kemperkontakt.com\/produkt-schlagwort\/starmax-mini\/\"><img decoding=\"async\" class=\"alignnone wp-image-912\" src=\"http:\/\/kemperkontakt.com\/wp-content\/uploads\/2024\/07\/Starmax%C2%AE-mini-150x150.png\" alt=\"\" width=\"100\" height=\"100\"><\/a><a href=\"http:\/\/kemperkontakt.com\/produkt-schlagwort\/bohrmaschine\/\">  <\/a><a href=\"http:\/\/kemperkontakt.com\/produkt-schlagwort\/stationaere-maschinen\/\"><img decoding=\"async\" class=\"alignnone wp-image-915\" src=\"http:\/\/kemperkontakt.com\/wp-content\/uploads\/2024\/07\/Stationaere-Maschine-150x150.png\" alt=\"\" width=\"100\" height=\"100\" srcset=\"https:\/\/kemperkontakt.de\/wp-content\/uploads\/2024\/07\/Stationaere-Maschine-66x66.png 66w, https:\/\/kemperkontakt.de\/wp-content\/uploads\/2024\/07\/Stationaere-Maschine-150x150.png 150w, https:\/\/kemperkontakt.de\/wp-content\/uploads\/2024\/07\/Stationaere-Maschine-200x200.png 200w, https:\/\/kemperkontakt.de\/wp-content\/uploads\/2024\/07\/Stationaere-Maschine-300x300.png 300w, https:\/\/kemperkontakt.de\/wp-content\/uploads\/2024\/07\/Stationaere-Maschine-400x400.png 400w, https:\/\/kemperkontakt.de\/wp-content\/uploads\/2024\/07\/Stationaere-Maschine-500x500.png 500w, https:\/\/kemperkontakt.de\/wp-content\/uploads\/2024\/07\/Stationaere-Maschine-600x600.png 600w, https:\/\/kemperkontakt.de\/wp-content\/uploads\/2024\/07\/Stationaere-Maschine-768x768.png 768w, https:\/\/kemperkontakt.de\/wp-content\/uploads\/2024\/07\/Stationaere-Maschine.png 800w\" sizes=\"(max-width: 100px) 100vw, 100px\" \/><\/a><\/p>\n<p class=\"bodytext\"><strong>Fiche technique du produit :<br \/>\n<\/strong>[download id=\"1378\" template=\"Satifix KZ\"]<\/p>\n","protected":false},"featured_media":2250,"template":"","meta":[],"product_brand":[],"product_cat":[311],"product_tag":[356,326,313,352,315,314],"class_list":{"0":"post-3212","1":"product","2":"type-product","3":"status-publish","4":"has-post-thumbnail","6":"product_cat-outils-de-satinage","7":"product_tag-acier-inoxydable","8":"product_tag-machines-fixes","9":"product_tag-metal-en-general","10":"product_tag-satinage","11":"product_tag-starmax-mini-fr","12":"product_tag-starmax-neo-fr","14":"first","15":"instock","16":"shipping-taxable","17":"product-type-simple"},"yoast_head":"<!-- This site is optimized with the Yoast SEO plugin v27.4 - https:\/\/yoast.com\/product\/yoast-seo-wordpress\/ -->\n<title>Satifix\u00ae KZ - Kemper-Kontakt<\/title>\n<meta name=\"robots\" content=\"index, follow, max-snippet:-1, max-image-preview:large, max-video-preview:-1\" \/>\n<link rel=\"canonical\" href=\"https:\/\/kemperkontakt.de\/fr\/produkt\/satifix-kz\/\" \/>\n<meta property=\"og:locale\" content=\"fr_FR\" \/>\n<meta property=\"og:type\" content=\"article\" \/>\n<meta property=\"og:title\" content=\"Satifix\u00ae KZ - Kemper-Kontakt\" \/>\n<meta property=\"og:description\" content=\"Disque de satinage avec al\u00e9sage standard de 25 mm. Montage direct sur l\u2019arbre. Adapt\u00e9 \u00e0 presque tous les mat\u00e9riaux, mais particuli\u00e8rement adapt\u00e9 \u00e0 l\u2019acier inoxydable pour obtenir des surfaces fines et mates. Ex\u00e9cution combin\u00e9e avec lamelles de non tiss\u00e9 et toile abrasive en alternance ; le pon\u00e7age est plus grossier et et l\u2019enl\u00e8vement de copeaux plus important. Qualit\u00e9 de non tiss\u00e9 : A 80 (brut) \u00e0 A 280 (tr\u00e8s fin). Couches interm\u00e9diaires P 40-P 320.   Autres qualit\u00e9s, dimensions et al\u00e9sages sur demande. &nbsp; A utiliser avec quelle machine :     Fiche technique du produit :\" \/>\n<meta property=\"og:url\" content=\"https:\/\/kemperkontakt.de\/fr\/produkt\/satifix-kz\/\" \/>\n<meta property=\"og:site_name\" content=\"Kemper-Kontakt\" \/>\n<meta property=\"article:modified_time\" content=\"2025-02-18T09:06:18+00:00\" \/>\n<meta property=\"og:image\" content=\"https:\/\/kemperkontakt.de\/wp-content\/uploads\/2024\/06\/Satifix-KZ_1000x1000.jpg\" \/>\n\t<meta property=\"og:image:width\" content=\"1000\" \/>\n\t<meta property=\"og:image:height\" content=\"1000\" \/>\n\t<meta property=\"og:image:type\" content=\"image\/jpeg\" \/>\n<meta name=\"twitter:card\" content=\"summary_large_image\" \/>\n<meta name=\"twitter:label1\" content=\"Dur\u00e9e de lecture estim\u00e9e\" \/>\n\t<meta name=\"twitter:data1\" content=\"1 minute\" \/>\n<script type=\"application\/ld+json\" class=\"yoast-schema-graph\">{\"@context\":\"https:\\\/\\\/schema.org\",\"@graph\":[{\"@type\":\"WebPage\",\"@id\":\"https:\\\/\\\/kemperkontakt.de\\\/fr\\\/produkt\\\/satifix-kz\\\/\",\"url\":\"https:\\\/\\\/kemperkontakt.de\\\/fr\\\/produkt\\\/satifix-kz\\\/\",\"name\":\"Satifix\u00ae KZ - Kemper-Kontakt\",\"isPartOf\":{\"@id\":\"https:\\\/\\\/kemperkontakt.de\\\/fr\\\/#website\"},\"primaryImageOfPage\":{\"@id\":\"https:\\\/\\\/kemperkontakt.de\\\/fr\\\/produkt\\\/satifix-kz\\\/#primaryimage\"},\"image\":{\"@id\":\"https:\\\/\\\/kemperkontakt.de\\\/fr\\\/produkt\\\/satifix-kz\\\/#primaryimage\"},\"thumbnailUrl\":\"https:\\\/\\\/kemperkontakt.de\\\/wp-content\\\/uploads\\\/2024\\\/06\\\/Satifix-KZ_1000x1000.jpg\",\"datePublished\":\"2024-06-21T16:33:18+00:00\",\"dateModified\":\"2025-02-18T09:06:18+00:00\",\"breadcrumb\":{\"@id\":\"https:\\\/\\\/kemperkontakt.de\\\/fr\\\/produkt\\\/satifix-kz\\\/#breadcrumb\"},\"inLanguage\":\"fr-FR\",\"potentialAction\":[{\"@type\":\"ReadAction\",\"target\":[\"https:\\\/\\\/kemperkontakt.de\\\/fr\\\/produkt\\\/satifix-kz\\\/\"]}]},{\"@type\":\"ImageObject\",\"inLanguage\":\"fr-FR\",\"@id\":\"https:\\\/\\\/kemperkontakt.de\\\/fr\\\/produkt\\\/satifix-kz\\\/#primaryimage\",\"url\":\"https:\\\/\\\/kemperkontakt.de\\\/wp-content\\\/uploads\\\/2024\\\/06\\\/Satifix-KZ_1000x1000.jpg\",\"contentUrl\":\"https:\\\/\\\/kemperkontakt.de\\\/wp-content\\\/uploads\\\/2024\\\/06\\\/Satifix-KZ_1000x1000.jpg\",\"width\":1000,\"height\":1000},{\"@type\":\"BreadcrumbList\",\"@id\":\"https:\\\/\\\/kemperkontakt.de\\\/fr\\\/produkt\\\/satifix-kz\\\/#breadcrumb\",\"itemListElement\":[{\"@type\":\"ListItem\",\"position\":1,\"name\":\"Startseite\",\"item\":\"https:\\\/\\\/kemperkontakt.de\\\/fr\\\/\"},{\"@type\":\"ListItem\",\"position\":2,\"name\":\"Boutique\",\"item\":\"https:\\\/\\\/kemperkontakt.de\\\/fr\\\/boutique\\\/\"},{\"@type\":\"ListItem\",\"position\":3,\"name\":\"Satifix\u00ae KZ\"}]},{\"@type\":\"WebSite\",\"@id\":\"https:\\\/\\\/kemperkontakt.de\\\/fr\\\/#website\",\"url\":\"https:\\\/\\\/kemperkontakt.de\\\/fr\\\/\",\"name\":\"Kemper-Kontakt\",\"description\":\"\",\"potentialAction\":[{\"@type\":\"SearchAction\",\"target\":{\"@type\":\"EntryPoint\",\"urlTemplate\":\"https:\\\/\\\/kemperkontakt.de\\\/fr\\\/?s={search_term_string}\"},\"query-input\":{\"@type\":\"PropertyValueSpecification\",\"valueRequired\":true,\"valueName\":\"search_term_string\"}}],\"inLanguage\":\"fr-FR\"}]}<\/script>\n<!-- \/ Yoast SEO plugin. -->","yoast_head_json":{"title":"Satifix\u00ae KZ - Kemper-Kontakt","robots":{"index":"index","follow":"follow","max-snippet":"max-snippet:-1","max-image-preview":"max-image-preview:large","max-video-preview":"max-video-preview:-1"},"canonical":"https:\/\/kemperkontakt.de\/fr\/produkt\/satifix-kz\/","og_locale":"fr_FR","og_type":"article","og_title":"Satifix\u00ae KZ - Kemper-Kontakt","og_description":"Disque de satinage avec al\u00e9sage standard de 25 mm. Montage direct sur l\u2019arbre. Adapt\u00e9 \u00e0 presque tous les mat\u00e9riaux, mais particuli\u00e8rement adapt\u00e9 \u00e0 l\u2019acier inoxydable pour obtenir des surfaces fines et mates. Ex\u00e9cution combin\u00e9e avec lamelles de non tiss\u00e9 et toile abrasive en alternance ; le pon\u00e7age est plus grossier et et l\u2019enl\u00e8vement de copeaux plus important. Qualit\u00e9 de non tiss\u00e9 : A 80 (brut) \u00e0 A 280 (tr\u00e8s fin). Couches interm\u00e9diaires P 40-P 320.   Autres qualit\u00e9s, dimensions et al\u00e9sages sur demande. &nbsp; A utiliser avec quelle machine :     Fiche technique du produit :","og_url":"https:\/\/kemperkontakt.de\/fr\/produkt\/satifix-kz\/","og_site_name":"Kemper-Kontakt","article_modified_time":"2025-02-18T09:06:18+00:00","og_image":[{"width":1000,"height":1000,"url":"https:\/\/kemperkontakt.de\/wp-content\/uploads\/2024\/06\/Satifix-KZ_1000x1000.jpg","type":"image\/jpeg"}],"twitter_card":"summary_large_image","twitter_misc":{"Dur\u00e9e de lecture estim\u00e9e":"1 minute"},"schema":{"@context":"https:\/\/schema.org","@graph":[{"@type":"WebPage","@id":"https:\/\/kemperkontakt.de\/fr\/produkt\/satifix-kz\/","url":"https:\/\/kemperkontakt.de\/fr\/produkt\/satifix-kz\/","name":"Satifix\u00ae KZ - Kemper-Kontakt","isPartOf":{"@id":"https:\/\/kemperkontakt.de\/fr\/#website"},"primaryImageOfPage":{"@id":"https:\/\/kemperkontakt.de\/fr\/produkt\/satifix-kz\/#primaryimage"},"image":{"@id":"https:\/\/kemperkontakt.de\/fr\/produkt\/satifix-kz\/#primaryimage"},"thumbnailUrl":"https:\/\/kemperkontakt.de\/wp-content\/uploads\/2024\/06\/Satifix-KZ_1000x1000.jpg","datePublished":"2024-06-21T16:33:18+00:00","dateModified":"2025-02-18T09:06:18+00:00","breadcrumb":{"@id":"https:\/\/kemperkontakt.de\/fr\/produkt\/satifix-kz\/#breadcrumb"},"inLanguage":"fr-FR","potentialAction":[{"@type":"ReadAction","target":["https:\/\/kemperkontakt.de\/fr\/produkt\/satifix-kz\/"]}]},{"@type":"ImageObject","inLanguage":"fr-FR","@id":"https:\/\/kemperkontakt.de\/fr\/produkt\/satifix-kz\/#primaryimage","url":"https:\/\/kemperkontakt.de\/wp-content\/uploads\/2024\/06\/Satifix-KZ_1000x1000.jpg","contentUrl":"https:\/\/kemperkontakt.de\/wp-content\/uploads\/2024\/06\/Satifix-KZ_1000x1000.jpg","width":1000,"height":1000},{"@type":"BreadcrumbList","@id":"https:\/\/kemperkontakt.de\/fr\/produkt\/satifix-kz\/#breadcrumb","itemListElement":[{"@type":"ListItem","position":1,"name":"Startseite","item":"https:\/\/kemperkontakt.de\/fr\/"},{"@type":"ListItem","position":2,"name":"Boutique","item":"https:\/\/kemperkontakt.de\/fr\/boutique\/"},{"@type":"ListItem","position":3,"name":"Satifix\u00ae KZ"}]},{"@type":"WebSite","@id":"https:\/\/kemperkontakt.de\/fr\/#website","url":"https:\/\/kemperkontakt.de\/fr\/","name":"Kemper-Kontakt","description":"","potentialAction":[{"@type":"SearchAction","target":{"@type":"EntryPoint","urlTemplate":"https:\/\/kemperkontakt.de\/fr\/?s={search_term_string}"},"query-input":{"@type":"PropertyValueSpecification","valueRequired":true,"valueName":"search_term_string"}}],"inLanguage":"fr-FR"}]}},"_links":{"self":[{"href":"https:\/\/kemperkontakt.de\/fr\/wp-json\/wp\/v2\/product\/3212","targetHints":{"allow":["GET"]}}],"collection":[{"href":"https:\/\/kemperkontakt.de\/fr\/wp-json\/wp\/v2\/product"}],"about":[{"href":"https:\/\/kemperkontakt.de\/fr\/wp-json\/wp\/v2\/types\/product"}],"wp:featuredmedia":[{"embeddable":true,"href":"https:\/\/kemperkontakt.de\/fr\/wp-json\/wp\/v2\/media\/2250"}],"wp:attachment":[{"href":"https:\/\/kemperkontakt.de\/fr\/wp-json\/wp\/v2\/media?parent=3212"}],"wp:term":[{"taxonomy":"product_brand","embeddable":true,"href":"https:\/\/kemperkontakt.de\/fr\/wp-json\/wp\/v2\/product_brand?post=3212"},{"taxonomy":"product_cat","embeddable":true,"href":"https:\/\/kemperkontakt.de\/fr\/wp-json\/wp\/v2\/product_cat?post=3212"},{"taxonomy":"product_tag","embeddable":true,"href":"https:\/\/kemperkontakt.de\/fr\/wp-json\/wp\/v2\/product_tag?post=3212"}],"curies":[{"name":"wp","href":"https:\/\/api.w.org\/{rel}","templated":true}]}}