{"id":3209,"date":"2024-06-21T18:36:19","date_gmt":"2024-06-21T16:36:19","guid":{"rendered":"https:\/\/kemperkontakt.com\/produkt\/satifix-f\/"},"modified":"2025-01-13T11:51:56","modified_gmt":"2025-01-13T10:51:56","slug":"satifix-f","status":"publish","type":"product","link":"https:\/\/kemperkontakt.de\/fr\/produkt\/satifix-f\/","title":{"rendered":"Satifix\u00ae F"},"content":{"rendered":"","protected":false},"excerpt":{"rendered":"<p>Anneau de satinage pli\u00e9. L&rsquo;anneau de pliage est normalement utilis\u00e9 en plusieurs pi\u00e8ces c\u00f4te \u00e0 c\u00f4te comme rouleau (montage au moyen de brides lat\u00e9rales). Gr\u00e2ce \u00e0 cela et au pliage, on obtient un pon\u00e7age particulier, sans raccord, sur les grandes largeurs. Qualit\u00e9s de non-tiss\u00e9 A 80 (coarse) \u00e0 A 280 (very fine) ou S100 (medium) &#8211; S800 (ultra fine).<\/p>\n<p>&nbsp;<\/p>\n<p><strong>A utiliser avec quelle machine :<\/strong><\/p>\n<p><a href=\"\/fr\/produkt-schlagwort\/starmax-neo-fr\/\"><img decoding=\"async\" class=\"alignnone wp-image-914\" src=\"http:\/\/kemperkontakt.com\/wp-content\/uploads\/2024\/07\/Starmax%C2%AE-neo-150x150.png\" alt=\"\" width=\"100\" height=\"100\" \/><\/a><a href=\"\/fr\/produkt-schlagwort\/starmax-mini-fr\/\"><img decoding=\"async\" class=\"alignnone wp-image-912\" src=\"http:\/\/kemperkontakt.com\/wp-content\/uploads\/2024\/07\/Starmax%C2%AE-mini-150x150.png\" alt=\"\" width=\"100\" height=\"100\" \/><\/a><a href=\"\/fr\/produkt-schlagwort\/machines-fixes\/\"><img decoding=\"async\" class=\"alignnone wp-image-915\" src=\"http:\/\/kemperkontakt.com\/wp-content\/uploads\/2024\/07\/Stationaere-Maschine-150x150.png\" alt=\"\" width=\"100\" height=\"100\" srcset=\"https:\/\/kemperkontakt.de\/wp-content\/uploads\/2024\/07\/Stationaere-Maschine-66x66.png 66w, https:\/\/kemperkontakt.de\/wp-content\/uploads\/2024\/07\/Stationaere-Maschine-150x150.png 150w, https:\/\/kemperkontakt.de\/wp-content\/uploads\/2024\/07\/Stationaere-Maschine-200x200.png 200w, https:\/\/kemperkontakt.de\/wp-content\/uploads\/2024\/07\/Stationaere-Maschine-300x300.png 300w, https:\/\/kemperkontakt.de\/wp-content\/uploads\/2024\/07\/Stationaere-Maschine-400x400.png 400w, https:\/\/kemperkontakt.de\/wp-content\/uploads\/2024\/07\/Stationaere-Maschine-500x500.png 500w, https:\/\/kemperkontakt.de\/wp-content\/uploads\/2024\/07\/Stationaere-Maschine-600x600.png 600w, https:\/\/kemperkontakt.de\/wp-content\/uploads\/2024\/07\/Stationaere-Maschine-768x768.png 768w, https:\/\/kemperkontakt.de\/wp-content\/uploads\/2024\/07\/Stationaere-Maschine.png 800w\" sizes=\"(max-width: 100px) 100vw, 100px\" \/><\/a><\/p>\n<p class=\"bodytext\"><strong>Fiche technique du produit :<br \/>\n<\/strong>[download id=\"4602\" template=\"Satifix F\"]<\/p>\n","protected":false},"featured_media":2244,"template":"","meta":[],"product_brand":[],"product_cat":[311],"product_tag":[356,326,313,352,315,314],"class_list":{"0":"post-3209","1":"product","2":"type-product","3":"status-publish","4":"has-post-thumbnail","6":"product_cat-outils-de-satinage","7":"product_tag-acier-inoxydable","8":"product_tag-machines-fixes","9":"product_tag-metal-en-general","10":"product_tag-satinage","11":"product_tag-starmax-mini-fr","12":"product_tag-starmax-neo-fr","14":"first","15":"instock","16":"shipping-taxable","17":"product-type-simple"},"yoast_head":"<!-- This site is optimized with the Yoast SEO plugin v27.4 - https:\/\/yoast.com\/product\/yoast-seo-wordpress\/ -->\n<title>Satifix\u00ae F - Kemper-Kontakt<\/title>\n<meta name=\"robots\" content=\"index, follow, max-snippet:-1, max-image-preview:large, max-video-preview:-1\" \/>\n<link rel=\"canonical\" href=\"https:\/\/kemperkontakt.de\/fr\/produkt\/satifix-f\/\" \/>\n<meta property=\"og:locale\" content=\"fr_FR\" \/>\n<meta property=\"og:type\" content=\"article\" \/>\n<meta property=\"og:title\" content=\"Satifix\u00ae F - Kemper-Kontakt\" \/>\n<meta property=\"og:description\" content=\"Anneau de satinage pli\u00e9. L&#039;anneau de pliage est normalement utilis\u00e9 en plusieurs pi\u00e8ces c\u00f4te \u00e0 c\u00f4te comme rouleau (montage au moyen de brides lat\u00e9rales). Gr\u00e2ce \u00e0 cela et au pliage, on obtient un pon\u00e7age particulier, sans raccord, sur les grandes largeurs. Qualit\u00e9s de non-tiss\u00e9 A 80 (coarse) \u00e0 A 280 (very fine) ou S100 (medium) - S800 (ultra fine).  &nbsp;  A utiliser avec quelle machine :   Fiche technique du produit :\" \/>\n<meta property=\"og:url\" content=\"https:\/\/kemperkontakt.de\/fr\/produkt\/satifix-f\/\" \/>\n<meta property=\"og:site_name\" content=\"Kemper-Kontakt\" \/>\n<meta property=\"article:modified_time\" content=\"2025-01-13T10:51:56+00:00\" \/>\n<meta property=\"og:image\" content=\"https:\/\/kemperkontakt.de\/wp-content\/uploads\/2024\/06\/Satifix-F_1000x1000.jpg\" \/>\n\t<meta property=\"og:image:width\" content=\"1000\" \/>\n\t<meta property=\"og:image:height\" content=\"1000\" \/>\n\t<meta property=\"og:image:type\" content=\"image\/jpeg\" \/>\n<meta name=\"twitter:card\" content=\"summary_large_image\" \/>\n<script type=\"application\/ld+json\" class=\"yoast-schema-graph\">{\"@context\":\"https:\\\/\\\/schema.org\",\"@graph\":[{\"@type\":\"WebPage\",\"@id\":\"https:\\\/\\\/kemperkontakt.de\\\/fr\\\/produkt\\\/satifix-f\\\/\",\"url\":\"https:\\\/\\\/kemperkontakt.de\\\/fr\\\/produkt\\\/satifix-f\\\/\",\"name\":\"Satifix\u00ae F - Kemper-Kontakt\",\"isPartOf\":{\"@id\":\"https:\\\/\\\/kemperkontakt.de\\\/fr\\\/#website\"},\"primaryImageOfPage\":{\"@id\":\"https:\\\/\\\/kemperkontakt.de\\\/fr\\\/produkt\\\/satifix-f\\\/#primaryimage\"},\"image\":{\"@id\":\"https:\\\/\\\/kemperkontakt.de\\\/fr\\\/produkt\\\/satifix-f\\\/#primaryimage\"},\"thumbnailUrl\":\"https:\\\/\\\/kemperkontakt.de\\\/wp-content\\\/uploads\\\/2024\\\/06\\\/Satifix-F_1000x1000.jpg\",\"datePublished\":\"2024-06-21T16:36:19+00:00\",\"dateModified\":\"2025-01-13T10:51:56+00:00\",\"breadcrumb\":{\"@id\":\"https:\\\/\\\/kemperkontakt.de\\\/fr\\\/produkt\\\/satifix-f\\\/#breadcrumb\"},\"inLanguage\":\"fr-FR\",\"potentialAction\":[{\"@type\":\"ReadAction\",\"target\":[\"https:\\\/\\\/kemperkontakt.de\\\/fr\\\/produkt\\\/satifix-f\\\/\"]}]},{\"@type\":\"ImageObject\",\"inLanguage\":\"fr-FR\",\"@id\":\"https:\\\/\\\/kemperkontakt.de\\\/fr\\\/produkt\\\/satifix-f\\\/#primaryimage\",\"url\":\"https:\\\/\\\/kemperkontakt.de\\\/wp-content\\\/uploads\\\/2024\\\/06\\\/Satifix-F_1000x1000.jpg\",\"contentUrl\":\"https:\\\/\\\/kemperkontakt.de\\\/wp-content\\\/uploads\\\/2024\\\/06\\\/Satifix-F_1000x1000.jpg\",\"width\":1000,\"height\":1000},{\"@type\":\"BreadcrumbList\",\"@id\":\"https:\\\/\\\/kemperkontakt.de\\\/fr\\\/produkt\\\/satifix-f\\\/#breadcrumb\",\"itemListElement\":[{\"@type\":\"ListItem\",\"position\":1,\"name\":\"Startseite\",\"item\":\"https:\\\/\\\/kemperkontakt.de\\\/fr\\\/\"},{\"@type\":\"ListItem\",\"position\":2,\"name\":\"Boutique\",\"item\":\"https:\\\/\\\/kemperkontakt.de\\\/fr\\\/boutique\\\/\"},{\"@type\":\"ListItem\",\"position\":3,\"name\":\"Satifix\u00ae F\"}]},{\"@type\":\"WebSite\",\"@id\":\"https:\\\/\\\/kemperkontakt.de\\\/fr\\\/#website\",\"url\":\"https:\\\/\\\/kemperkontakt.de\\\/fr\\\/\",\"name\":\"Kemper-Kontakt\",\"description\":\"\",\"potentialAction\":[{\"@type\":\"SearchAction\",\"target\":{\"@type\":\"EntryPoint\",\"urlTemplate\":\"https:\\\/\\\/kemperkontakt.de\\\/fr\\\/?s={search_term_string}\"},\"query-input\":{\"@type\":\"PropertyValueSpecification\",\"valueRequired\":true,\"valueName\":\"search_term_string\"}}],\"inLanguage\":\"fr-FR\"}]}<\/script>\n<!-- \/ Yoast SEO plugin. -->","yoast_head_json":{"title":"Satifix\u00ae F - Kemper-Kontakt","robots":{"index":"index","follow":"follow","max-snippet":"max-snippet:-1","max-image-preview":"max-image-preview:large","max-video-preview":"max-video-preview:-1"},"canonical":"https:\/\/kemperkontakt.de\/fr\/produkt\/satifix-f\/","og_locale":"fr_FR","og_type":"article","og_title":"Satifix\u00ae F - Kemper-Kontakt","og_description":"Anneau de satinage pli\u00e9. L'anneau de pliage est normalement utilis\u00e9 en plusieurs pi\u00e8ces c\u00f4te \u00e0 c\u00f4te comme rouleau (montage au moyen de brides lat\u00e9rales). Gr\u00e2ce \u00e0 cela et au pliage, on obtient un pon\u00e7age particulier, sans raccord, sur les grandes largeurs. Qualit\u00e9s de non-tiss\u00e9 A 80 (coarse) \u00e0 A 280 (very fine) ou S100 (medium) - S800 (ultra fine).  &nbsp;  A utiliser avec quelle machine :   Fiche technique du produit :","og_url":"https:\/\/kemperkontakt.de\/fr\/produkt\/satifix-f\/","og_site_name":"Kemper-Kontakt","article_modified_time":"2025-01-13T10:51:56+00:00","og_image":[{"width":1000,"height":1000,"url":"https:\/\/kemperkontakt.de\/wp-content\/uploads\/2024\/06\/Satifix-F_1000x1000.jpg","type":"image\/jpeg"}],"twitter_card":"summary_large_image","schema":{"@context":"https:\/\/schema.org","@graph":[{"@type":"WebPage","@id":"https:\/\/kemperkontakt.de\/fr\/produkt\/satifix-f\/","url":"https:\/\/kemperkontakt.de\/fr\/produkt\/satifix-f\/","name":"Satifix\u00ae F - Kemper-Kontakt","isPartOf":{"@id":"https:\/\/kemperkontakt.de\/fr\/#website"},"primaryImageOfPage":{"@id":"https:\/\/kemperkontakt.de\/fr\/produkt\/satifix-f\/#primaryimage"},"image":{"@id":"https:\/\/kemperkontakt.de\/fr\/produkt\/satifix-f\/#primaryimage"},"thumbnailUrl":"https:\/\/kemperkontakt.de\/wp-content\/uploads\/2024\/06\/Satifix-F_1000x1000.jpg","datePublished":"2024-06-21T16:36:19+00:00","dateModified":"2025-01-13T10:51:56+00:00","breadcrumb":{"@id":"https:\/\/kemperkontakt.de\/fr\/produkt\/satifix-f\/#breadcrumb"},"inLanguage":"fr-FR","potentialAction":[{"@type":"ReadAction","target":["https:\/\/kemperkontakt.de\/fr\/produkt\/satifix-f\/"]}]},{"@type":"ImageObject","inLanguage":"fr-FR","@id":"https:\/\/kemperkontakt.de\/fr\/produkt\/satifix-f\/#primaryimage","url":"https:\/\/kemperkontakt.de\/wp-content\/uploads\/2024\/06\/Satifix-F_1000x1000.jpg","contentUrl":"https:\/\/kemperkontakt.de\/wp-content\/uploads\/2024\/06\/Satifix-F_1000x1000.jpg","width":1000,"height":1000},{"@type":"BreadcrumbList","@id":"https:\/\/kemperkontakt.de\/fr\/produkt\/satifix-f\/#breadcrumb","itemListElement":[{"@type":"ListItem","position":1,"name":"Startseite","item":"https:\/\/kemperkontakt.de\/fr\/"},{"@type":"ListItem","position":2,"name":"Boutique","item":"https:\/\/kemperkontakt.de\/fr\/boutique\/"},{"@type":"ListItem","position":3,"name":"Satifix\u00ae F"}]},{"@type":"WebSite","@id":"https:\/\/kemperkontakt.de\/fr\/#website","url":"https:\/\/kemperkontakt.de\/fr\/","name":"Kemper-Kontakt","description":"","potentialAction":[{"@type":"SearchAction","target":{"@type":"EntryPoint","urlTemplate":"https:\/\/kemperkontakt.de\/fr\/?s={search_term_string}"},"query-input":{"@type":"PropertyValueSpecification","valueRequired":true,"valueName":"search_term_string"}}],"inLanguage":"fr-FR"}]}},"_links":{"self":[{"href":"https:\/\/kemperkontakt.de\/fr\/wp-json\/wp\/v2\/product\/3209","targetHints":{"allow":["GET"]}}],"collection":[{"href":"https:\/\/kemperkontakt.de\/fr\/wp-json\/wp\/v2\/product"}],"about":[{"href":"https:\/\/kemperkontakt.de\/fr\/wp-json\/wp\/v2\/types\/product"}],"wp:featuredmedia":[{"embeddable":true,"href":"https:\/\/kemperkontakt.de\/fr\/wp-json\/wp\/v2\/media\/2244"}],"wp:attachment":[{"href":"https:\/\/kemperkontakt.de\/fr\/wp-json\/wp\/v2\/media?parent=3209"}],"wp:term":[{"taxonomy":"product_brand","embeddable":true,"href":"https:\/\/kemperkontakt.de\/fr\/wp-json\/wp\/v2\/product_brand?post=3209"},{"taxonomy":"product_cat","embeddable":true,"href":"https:\/\/kemperkontakt.de\/fr\/wp-json\/wp\/v2\/product_cat?post=3209"},{"taxonomy":"product_tag","embeddable":true,"href":"https:\/\/kemperkontakt.de\/fr\/wp-json\/wp\/v2\/product_tag?post=3209"}],"curies":[{"name":"wp","href":"https:\/\/api.w.org\/{rel}","templated":true}]}}