{"id":3206,"date":"2024-06-21T18:38:08","date_gmt":"2024-06-21T16:38:08","guid":{"rendered":"https:\/\/kemperkontakt.com\/produkt\/satifix-rz\/"},"modified":"2025-02-18T09:58:58","modified_gmt":"2025-02-18T08:58:58","slug":"satifix-rz","status":"publish","type":"product","link":"https:\/\/kemperkontakt.de\/fr\/produkt\/satifix-rz\/","title":{"rendered":"Satifix\u00ae RZ"},"content":{"rendered":"","protected":false},"excerpt":{"rendered":"<p class=\"bodytext\">Rouleau de satinage avec al\u00e9sage de 19 mm et deux rainures de clavette 6&#215;2 mm, pour presque tous les mat\u00e9riaux, mais particuli\u00e8rement adapt\u00e9 \u00e0 l&rsquo;acier inoxydable, version combin\u00e9e avec des lamelles en non-tiss\u00e9 et en toile abrasive, d&rsquo;o\u00f9 un pon\u00e7age plus grossier et un enl\u00e8vement de copeaux plus important. Qualit\u00e9s de non-tiss\u00e9 A 80 (coarse) \u00e0 A 280 (very fine), intercalaires P 40 \u00e0 P 320. <\/p>\n<p>&nbsp;<\/p>\n<p><strong>A utiliser avec quelle machine :<br \/>\n<a href=\"http:\/\/kemperkontakt.com\/produkt-schlagwort\/satiniermaschine\/\"><img decoding=\"async\" class=\"alignnone wp-image-911\" src=\"http:\/\/kemperkontakt.com\/wp-content\/uploads\/2024\/07\/Satiniermaschine-150x150.png\" alt=\"\" width=\"100\" height=\"100\" srcset=\"https:\/\/kemperkontakt.de\/wp-content\/uploads\/2024\/07\/Satiniermaschine-66x66.png 66w, https:\/\/kemperkontakt.de\/wp-content\/uploads\/2024\/07\/Satiniermaschine-150x150.png 150w, https:\/\/kemperkontakt.de\/wp-content\/uploads\/2024\/07\/Satiniermaschine-200x200.png 200w, https:\/\/kemperkontakt.de\/wp-content\/uploads\/2024\/07\/Satiniermaschine-300x300.png 300w, https:\/\/kemperkontakt.de\/wp-content\/uploads\/2024\/07\/Satiniermaschine-400x400.png 400w, https:\/\/kemperkontakt.de\/wp-content\/uploads\/2024\/07\/Satiniermaschine-500x500.png 500w, https:\/\/kemperkontakt.de\/wp-content\/uploads\/2024\/07\/Satiniermaschine-600x600.png 600w, https:\/\/kemperkontakt.de\/wp-content\/uploads\/2024\/07\/Satiniermaschine-768x768.png 768w, https:\/\/kemperkontakt.de\/wp-content\/uploads\/2024\/07\/Satiniermaschine.png 800w\" sizes=\"(max-width: 100px) 100vw, 100px\" \/>  <\/a><br \/>\n<\/strong><\/p>\n<p class=\"bodytext\"><strong>Fiche technique du produit :<br \/>\n<\/strong>[download id=\"1399\" template=\"Satifix RZ\"]<\/p>\n<p class=\"bodytext\"><strong> <\/strong><\/p>\n","protected":false},"featured_media":2238,"template":"","meta":[],"product_brand":[],"product_cat":[311],"product_tag":[356,334,313,357,352],"class_list":{"0":"post-3206","1":"product","2":"type-product","3":"status-publish","4":"has-post-thumbnail","6":"product_cat-outils-de-satinage","7":"product_tag-acier-inoxydable","8":"product_tag-machine-a-satiner","9":"product_tag-metal-en-general","10":"product_tag-outil-non-tisse-avec-toile-abrasive","11":"product_tag-satinage","13":"first","14":"instock","15":"shipping-taxable","16":"product-type-simple"},"yoast_head":"<!-- This site is optimized with the Yoast SEO plugin v27.4 - https:\/\/yoast.com\/product\/yoast-seo-wordpress\/ -->\n<title>Satifix\u00ae RZ - Kemper-Kontakt<\/title>\n<meta name=\"robots\" content=\"index, follow, max-snippet:-1, max-image-preview:large, max-video-preview:-1\" \/>\n<link rel=\"canonical\" href=\"https:\/\/kemperkontakt.de\/fr\/produkt\/satifix-rz\/\" \/>\n<meta property=\"og:locale\" content=\"fr_FR\" \/>\n<meta property=\"og:type\" content=\"article\" \/>\n<meta property=\"og:title\" content=\"Satifix\u00ae RZ - Kemper-Kontakt\" \/>\n<meta property=\"og:description\" content=\"Rouleau de satinage avec al\u00e9sage de 19 mm et deux rainures de clavette 6x2 mm, pour presque tous les mat\u00e9riaux, mais particuli\u00e8rement adapt\u00e9 \u00e0 l&#039;acier inoxydable, version combin\u00e9e avec des lamelles en non-tiss\u00e9 et en toile abrasive, d&#039;o\u00f9 un pon\u00e7age plus grossier et un enl\u00e8vement de copeaux plus important. Qualit\u00e9s de non-tiss\u00e9 A 80 (coarse) \u00e0 A 280 (very fine), intercalaires P 40 \u00e0 P 320. &nbsp; A utiliser avec quelle machine :   Fiche technique du produit :\" \/>\n<meta property=\"og:url\" content=\"https:\/\/kemperkontakt.de\/fr\/produkt\/satifix-rz\/\" \/>\n<meta property=\"og:site_name\" content=\"Kemper-Kontakt\" \/>\n<meta property=\"article:modified_time\" content=\"2025-02-18T08:58:58+00:00\" \/>\n<meta property=\"og:image\" content=\"https:\/\/kemperkontakt.de\/wp-content\/uploads\/2024\/06\/Satifix_RZ-Walze_1000x1000.jpg\" \/>\n\t<meta property=\"og:image:width\" content=\"1000\" \/>\n\t<meta property=\"og:image:height\" content=\"1000\" \/>\n\t<meta property=\"og:image:type\" content=\"image\/jpeg\" \/>\n<meta name=\"twitter:card\" content=\"summary_large_image\" \/>\n<script type=\"application\/ld+json\" class=\"yoast-schema-graph\">{\"@context\":\"https:\\\/\\\/schema.org\",\"@graph\":[{\"@type\":\"WebPage\",\"@id\":\"https:\\\/\\\/kemperkontakt.de\\\/fr\\\/produkt\\\/satifix-rz\\\/\",\"url\":\"https:\\\/\\\/kemperkontakt.de\\\/fr\\\/produkt\\\/satifix-rz\\\/\",\"name\":\"Satifix\u00ae RZ - Kemper-Kontakt\",\"isPartOf\":{\"@id\":\"https:\\\/\\\/kemperkontakt.de\\\/fr\\\/#website\"},\"primaryImageOfPage\":{\"@id\":\"https:\\\/\\\/kemperkontakt.de\\\/fr\\\/produkt\\\/satifix-rz\\\/#primaryimage\"},\"image\":{\"@id\":\"https:\\\/\\\/kemperkontakt.de\\\/fr\\\/produkt\\\/satifix-rz\\\/#primaryimage\"},\"thumbnailUrl\":\"https:\\\/\\\/kemperkontakt.de\\\/wp-content\\\/uploads\\\/2024\\\/06\\\/Satifix_RZ-Walze_1000x1000.jpg\",\"datePublished\":\"2024-06-21T16:38:08+00:00\",\"dateModified\":\"2025-02-18T08:58:58+00:00\",\"breadcrumb\":{\"@id\":\"https:\\\/\\\/kemperkontakt.de\\\/fr\\\/produkt\\\/satifix-rz\\\/#breadcrumb\"},\"inLanguage\":\"fr-FR\",\"potentialAction\":[{\"@type\":\"ReadAction\",\"target\":[\"https:\\\/\\\/kemperkontakt.de\\\/fr\\\/produkt\\\/satifix-rz\\\/\"]}]},{\"@type\":\"ImageObject\",\"inLanguage\":\"fr-FR\",\"@id\":\"https:\\\/\\\/kemperkontakt.de\\\/fr\\\/produkt\\\/satifix-rz\\\/#primaryimage\",\"url\":\"https:\\\/\\\/kemperkontakt.de\\\/wp-content\\\/uploads\\\/2024\\\/06\\\/Satifix_RZ-Walze_1000x1000.jpg\",\"contentUrl\":\"https:\\\/\\\/kemperkontakt.de\\\/wp-content\\\/uploads\\\/2024\\\/06\\\/Satifix_RZ-Walze_1000x1000.jpg\",\"width\":1000,\"height\":1000},{\"@type\":\"BreadcrumbList\",\"@id\":\"https:\\\/\\\/kemperkontakt.de\\\/fr\\\/produkt\\\/satifix-rz\\\/#breadcrumb\",\"itemListElement\":[{\"@type\":\"ListItem\",\"position\":1,\"name\":\"Startseite\",\"item\":\"https:\\\/\\\/kemperkontakt.de\\\/fr\\\/\"},{\"@type\":\"ListItem\",\"position\":2,\"name\":\"Boutique\",\"item\":\"https:\\\/\\\/kemperkontakt.de\\\/fr\\\/boutique\\\/\"},{\"@type\":\"ListItem\",\"position\":3,\"name\":\"Satifix\u00ae RZ\"}]},{\"@type\":\"WebSite\",\"@id\":\"https:\\\/\\\/kemperkontakt.de\\\/fr\\\/#website\",\"url\":\"https:\\\/\\\/kemperkontakt.de\\\/fr\\\/\",\"name\":\"Kemper-Kontakt\",\"description\":\"\",\"potentialAction\":[{\"@type\":\"SearchAction\",\"target\":{\"@type\":\"EntryPoint\",\"urlTemplate\":\"https:\\\/\\\/kemperkontakt.de\\\/fr\\\/?s={search_term_string}\"},\"query-input\":{\"@type\":\"PropertyValueSpecification\",\"valueRequired\":true,\"valueName\":\"search_term_string\"}}],\"inLanguage\":\"fr-FR\"}]}<\/script>\n<!-- \/ Yoast SEO plugin. -->","yoast_head_json":{"title":"Satifix\u00ae RZ - Kemper-Kontakt","robots":{"index":"index","follow":"follow","max-snippet":"max-snippet:-1","max-image-preview":"max-image-preview:large","max-video-preview":"max-video-preview:-1"},"canonical":"https:\/\/kemperkontakt.de\/fr\/produkt\/satifix-rz\/","og_locale":"fr_FR","og_type":"article","og_title":"Satifix\u00ae RZ - Kemper-Kontakt","og_description":"Rouleau de satinage avec al\u00e9sage de 19 mm et deux rainures de clavette 6x2 mm, pour presque tous les mat\u00e9riaux, mais particuli\u00e8rement adapt\u00e9 \u00e0 l'acier inoxydable, version combin\u00e9e avec des lamelles en non-tiss\u00e9 et en toile abrasive, d'o\u00f9 un pon\u00e7age plus grossier et un enl\u00e8vement de copeaux plus important. Qualit\u00e9s de non-tiss\u00e9 A 80 (coarse) \u00e0 A 280 (very fine), intercalaires P 40 \u00e0 P 320. &nbsp; A utiliser avec quelle machine :   Fiche technique du produit :","og_url":"https:\/\/kemperkontakt.de\/fr\/produkt\/satifix-rz\/","og_site_name":"Kemper-Kontakt","article_modified_time":"2025-02-18T08:58:58+00:00","og_image":[{"width":1000,"height":1000,"url":"https:\/\/kemperkontakt.de\/wp-content\/uploads\/2024\/06\/Satifix_RZ-Walze_1000x1000.jpg","type":"image\/jpeg"}],"twitter_card":"summary_large_image","schema":{"@context":"https:\/\/schema.org","@graph":[{"@type":"WebPage","@id":"https:\/\/kemperkontakt.de\/fr\/produkt\/satifix-rz\/","url":"https:\/\/kemperkontakt.de\/fr\/produkt\/satifix-rz\/","name":"Satifix\u00ae RZ - Kemper-Kontakt","isPartOf":{"@id":"https:\/\/kemperkontakt.de\/fr\/#website"},"primaryImageOfPage":{"@id":"https:\/\/kemperkontakt.de\/fr\/produkt\/satifix-rz\/#primaryimage"},"image":{"@id":"https:\/\/kemperkontakt.de\/fr\/produkt\/satifix-rz\/#primaryimage"},"thumbnailUrl":"https:\/\/kemperkontakt.de\/wp-content\/uploads\/2024\/06\/Satifix_RZ-Walze_1000x1000.jpg","datePublished":"2024-06-21T16:38:08+00:00","dateModified":"2025-02-18T08:58:58+00:00","breadcrumb":{"@id":"https:\/\/kemperkontakt.de\/fr\/produkt\/satifix-rz\/#breadcrumb"},"inLanguage":"fr-FR","potentialAction":[{"@type":"ReadAction","target":["https:\/\/kemperkontakt.de\/fr\/produkt\/satifix-rz\/"]}]},{"@type":"ImageObject","inLanguage":"fr-FR","@id":"https:\/\/kemperkontakt.de\/fr\/produkt\/satifix-rz\/#primaryimage","url":"https:\/\/kemperkontakt.de\/wp-content\/uploads\/2024\/06\/Satifix_RZ-Walze_1000x1000.jpg","contentUrl":"https:\/\/kemperkontakt.de\/wp-content\/uploads\/2024\/06\/Satifix_RZ-Walze_1000x1000.jpg","width":1000,"height":1000},{"@type":"BreadcrumbList","@id":"https:\/\/kemperkontakt.de\/fr\/produkt\/satifix-rz\/#breadcrumb","itemListElement":[{"@type":"ListItem","position":1,"name":"Startseite","item":"https:\/\/kemperkontakt.de\/fr\/"},{"@type":"ListItem","position":2,"name":"Boutique","item":"https:\/\/kemperkontakt.de\/fr\/boutique\/"},{"@type":"ListItem","position":3,"name":"Satifix\u00ae RZ"}]},{"@type":"WebSite","@id":"https:\/\/kemperkontakt.de\/fr\/#website","url":"https:\/\/kemperkontakt.de\/fr\/","name":"Kemper-Kontakt","description":"","potentialAction":[{"@type":"SearchAction","target":{"@type":"EntryPoint","urlTemplate":"https:\/\/kemperkontakt.de\/fr\/?s={search_term_string}"},"query-input":{"@type":"PropertyValueSpecification","valueRequired":true,"valueName":"search_term_string"}}],"inLanguage":"fr-FR"}]}},"_links":{"self":[{"href":"https:\/\/kemperkontakt.de\/fr\/wp-json\/wp\/v2\/product\/3206","targetHints":{"allow":["GET"]}}],"collection":[{"href":"https:\/\/kemperkontakt.de\/fr\/wp-json\/wp\/v2\/product"}],"about":[{"href":"https:\/\/kemperkontakt.de\/fr\/wp-json\/wp\/v2\/types\/product"}],"wp:featuredmedia":[{"embeddable":true,"href":"https:\/\/kemperkontakt.de\/fr\/wp-json\/wp\/v2\/media\/2238"}],"wp:attachment":[{"href":"https:\/\/kemperkontakt.de\/fr\/wp-json\/wp\/v2\/media?parent=3206"}],"wp:term":[{"taxonomy":"product_brand","embeddable":true,"href":"https:\/\/kemperkontakt.de\/fr\/wp-json\/wp\/v2\/product_brand?post=3206"},{"taxonomy":"product_cat","embeddable":true,"href":"https:\/\/kemperkontakt.de\/fr\/wp-json\/wp\/v2\/product_cat?post=3206"},{"taxonomy":"product_tag","embeddable":true,"href":"https:\/\/kemperkontakt.de\/fr\/wp-json\/wp\/v2\/product_tag?post=3206"}],"curies":[{"name":"wp","href":"https:\/\/api.w.org\/{rel}","templated":true}]}}