{"id":3201,"date":"2024-06-21T18:40:55","date_gmt":"2024-06-21T16:40:55","guid":{"rendered":"https:\/\/kemperkontakt.com\/produkt\/non-tisse-abrasif-en-rouleau\/"},"modified":"2025-02-18T09:53:53","modified_gmt":"2025-02-18T08:53:53","slug":"non-tisse-abrasif-en-rouleau","status":"publish","type":"product","link":"https:\/\/kemperkontakt.de\/fr\/produkt\/non-tisse-abrasif-en-rouleau\/","title":{"rendered":"Non tiss\u00e9 abrasif en rouleau"},"content":{"rendered":"","protected":false},"excerpt":{"rendered":"<p class=\"bodytext\">Non tiss\u00e9 abrasif en rouleaux. Longueur 10 m, largeur 75-450 mm. Qualit\u00e9 de non tiss\u00e9 : de A 80 (brut) \u00e0 S 800.<\/p>\n<p>Qualit\u00e9 industrielle ou qualit\u00e9 manuelle.<\/p>\n<p>MM 2 pi\u00e8ces<\/p>\n<p>&nbsp;<\/p>\n<p class=\"bodytext\"><strong>Fiche technique du produit :<br \/>\n<\/strong>[download id=\"1454\" template=\"Schleifvlies auf Rolle\"]<strong><br \/>\n<\/strong><\/p>\n","protected":false},"featured_media":2726,"template":"","meta":[],"product_brand":[],"product_cat":[311],"product_tag":[355,354],"class_list":{"0":"post-3201","1":"product","2":"type-product","3":"status-publish","4":"has-post-thumbnail","6":"product_cat-outils-de-satinage","7":"product_tag-qualite-des-mains","8":"product_tag-qualite-industrielle","10":"first","11":"instock","12":"shipping-taxable","13":"product-type-simple"},"yoast_head":"<!-- This site is optimized with the Yoast SEO plugin v27.3 - https:\/\/yoast.com\/product\/yoast-seo-wordpress\/ -->\n<title>Non tiss\u00e9 abrasif en rouleau - Kemper-Kontakt<\/title>\n<meta name=\"robots\" content=\"index, follow, max-snippet:-1, max-image-preview:large, max-video-preview:-1\" \/>\n<link rel=\"canonical\" href=\"https:\/\/kemperkontakt.de\/fr\/produkt\/non-tisse-abrasif-en-rouleau\/\" \/>\n<meta property=\"og:locale\" content=\"fr_FR\" \/>\n<meta property=\"og:type\" content=\"article\" \/>\n<meta property=\"og:title\" content=\"Non tiss\u00e9 abrasif en rouleau - Kemper-Kontakt\" \/>\n<meta property=\"og:description\" content=\"Non tiss\u00e9 abrasif en rouleaux. Longueur 10 m, largeur 75-450 mm. Qualit\u00e9 de non tiss\u00e9 : de A 80 (brut) \u00e0 S 800. Qualit\u00e9 industrielle ou qualit\u00e9 manuelle. MM 2 pi\u00e8ces &nbsp; Fiche technique du produit :\" \/>\n<meta property=\"og:url\" content=\"https:\/\/kemperkontakt.de\/fr\/produkt\/non-tisse-abrasif-en-rouleau\/\" \/>\n<meta property=\"og:site_name\" content=\"Kemper-Kontakt\" \/>\n<meta property=\"article:modified_time\" content=\"2025-02-18T08:53:53+00:00\" \/>\n<meta property=\"og:image\" content=\"https:\/\/kemperkontakt.de\/wp-content\/uploads\/2024\/09\/Satiniermaterial-JA280-10mx100mm_4_1000x1000.jpg\" \/>\n\t<meta property=\"og:image:width\" content=\"1000\" \/>\n\t<meta property=\"og:image:height\" content=\"1000\" \/>\n\t<meta property=\"og:image:type\" content=\"image\/jpeg\" \/>\n<meta name=\"twitter:card\" content=\"summary_large_image\" \/>\n<meta name=\"twitter:label1\" content=\"Dur\u00e9e de lecture estim\u00e9e\" \/>\n\t<meta name=\"twitter:data1\" content=\"1 minute\" \/>\n<script type=\"application\/ld+json\" class=\"yoast-schema-graph\">{\"@context\":\"https:\\\/\\\/schema.org\",\"@graph\":[{\"@type\":\"WebPage\",\"@id\":\"https:\\\/\\\/kemperkontakt.de\\\/fr\\\/produkt\\\/non-tisse-abrasif-en-rouleau\\\/\",\"url\":\"https:\\\/\\\/kemperkontakt.de\\\/fr\\\/produkt\\\/non-tisse-abrasif-en-rouleau\\\/\",\"name\":\"Non tiss\u00e9 abrasif en rouleau - Kemper-Kontakt\",\"isPartOf\":{\"@id\":\"https:\\\/\\\/kemperkontakt.de\\\/fr\\\/#website\"},\"primaryImageOfPage\":{\"@id\":\"https:\\\/\\\/kemperkontakt.de\\\/fr\\\/produkt\\\/non-tisse-abrasif-en-rouleau\\\/#primaryimage\"},\"image\":{\"@id\":\"https:\\\/\\\/kemperkontakt.de\\\/fr\\\/produkt\\\/non-tisse-abrasif-en-rouleau\\\/#primaryimage\"},\"thumbnailUrl\":\"https:\\\/\\\/kemperkontakt.de\\\/wp-content\\\/uploads\\\/2024\\\/09\\\/Satiniermaterial-JA280-10mx100mm_4_1000x1000.jpg\",\"datePublished\":\"2024-06-21T16:40:55+00:00\",\"dateModified\":\"2025-02-18T08:53:53+00:00\",\"breadcrumb\":{\"@id\":\"https:\\\/\\\/kemperkontakt.de\\\/fr\\\/produkt\\\/non-tisse-abrasif-en-rouleau\\\/#breadcrumb\"},\"inLanguage\":\"fr-FR\",\"potentialAction\":[{\"@type\":\"ReadAction\",\"target\":[\"https:\\\/\\\/kemperkontakt.de\\\/fr\\\/produkt\\\/non-tisse-abrasif-en-rouleau\\\/\"]}]},{\"@type\":\"ImageObject\",\"inLanguage\":\"fr-FR\",\"@id\":\"https:\\\/\\\/kemperkontakt.de\\\/fr\\\/produkt\\\/non-tisse-abrasif-en-rouleau\\\/#primaryimage\",\"url\":\"https:\\\/\\\/kemperkontakt.de\\\/wp-content\\\/uploads\\\/2024\\\/09\\\/Satiniermaterial-JA280-10mx100mm_4_1000x1000.jpg\",\"contentUrl\":\"https:\\\/\\\/kemperkontakt.de\\\/wp-content\\\/uploads\\\/2024\\\/09\\\/Satiniermaterial-JA280-10mx100mm_4_1000x1000.jpg\",\"width\":1000,\"height\":1000},{\"@type\":\"BreadcrumbList\",\"@id\":\"https:\\\/\\\/kemperkontakt.de\\\/fr\\\/produkt\\\/non-tisse-abrasif-en-rouleau\\\/#breadcrumb\",\"itemListElement\":[{\"@type\":\"ListItem\",\"position\":1,\"name\":\"Startseite\",\"item\":\"https:\\\/\\\/kemperkontakt.de\\\/fr\\\/\"},{\"@type\":\"ListItem\",\"position\":2,\"name\":\"Boutique\",\"item\":\"https:\\\/\\\/kemperkontakt.de\\\/fr\\\/boutique\\\/\"},{\"@type\":\"ListItem\",\"position\":3,\"name\":\"Non tiss\u00e9 abrasif en rouleau\"}]},{\"@type\":\"WebSite\",\"@id\":\"https:\\\/\\\/kemperkontakt.de\\\/fr\\\/#website\",\"url\":\"https:\\\/\\\/kemperkontakt.de\\\/fr\\\/\",\"name\":\"Kemper-Kontakt\",\"description\":\"\",\"potentialAction\":[{\"@type\":\"SearchAction\",\"target\":{\"@type\":\"EntryPoint\",\"urlTemplate\":\"https:\\\/\\\/kemperkontakt.de\\\/fr\\\/?s={search_term_string}\"},\"query-input\":{\"@type\":\"PropertyValueSpecification\",\"valueRequired\":true,\"valueName\":\"search_term_string\"}}],\"inLanguage\":\"fr-FR\"}]}<\/script>\n<!-- \/ Yoast SEO plugin. -->","yoast_head_json":{"title":"Non tiss\u00e9 abrasif en rouleau - Kemper-Kontakt","robots":{"index":"index","follow":"follow","max-snippet":"max-snippet:-1","max-image-preview":"max-image-preview:large","max-video-preview":"max-video-preview:-1"},"canonical":"https:\/\/kemperkontakt.de\/fr\/produkt\/non-tisse-abrasif-en-rouleau\/","og_locale":"fr_FR","og_type":"article","og_title":"Non tiss\u00e9 abrasif en rouleau - Kemper-Kontakt","og_description":"Non tiss\u00e9 abrasif en rouleaux. Longueur 10 m, largeur 75-450 mm. Qualit\u00e9 de non tiss\u00e9 : de A 80 (brut) \u00e0 S 800. Qualit\u00e9 industrielle ou qualit\u00e9 manuelle. MM 2 pi\u00e8ces &nbsp; Fiche technique du produit :","og_url":"https:\/\/kemperkontakt.de\/fr\/produkt\/non-tisse-abrasif-en-rouleau\/","og_site_name":"Kemper-Kontakt","article_modified_time":"2025-02-18T08:53:53+00:00","og_image":[{"width":1000,"height":1000,"url":"https:\/\/kemperkontakt.de\/wp-content\/uploads\/2024\/09\/Satiniermaterial-JA280-10mx100mm_4_1000x1000.jpg","type":"image\/jpeg"}],"twitter_card":"summary_large_image","twitter_misc":{"Dur\u00e9e de lecture estim\u00e9e":"1 minute"},"schema":{"@context":"https:\/\/schema.org","@graph":[{"@type":"WebPage","@id":"https:\/\/kemperkontakt.de\/fr\/produkt\/non-tisse-abrasif-en-rouleau\/","url":"https:\/\/kemperkontakt.de\/fr\/produkt\/non-tisse-abrasif-en-rouleau\/","name":"Non tiss\u00e9 abrasif en rouleau - Kemper-Kontakt","isPartOf":{"@id":"https:\/\/kemperkontakt.de\/fr\/#website"},"primaryImageOfPage":{"@id":"https:\/\/kemperkontakt.de\/fr\/produkt\/non-tisse-abrasif-en-rouleau\/#primaryimage"},"image":{"@id":"https:\/\/kemperkontakt.de\/fr\/produkt\/non-tisse-abrasif-en-rouleau\/#primaryimage"},"thumbnailUrl":"https:\/\/kemperkontakt.de\/wp-content\/uploads\/2024\/09\/Satiniermaterial-JA280-10mx100mm_4_1000x1000.jpg","datePublished":"2024-06-21T16:40:55+00:00","dateModified":"2025-02-18T08:53:53+00:00","breadcrumb":{"@id":"https:\/\/kemperkontakt.de\/fr\/produkt\/non-tisse-abrasif-en-rouleau\/#breadcrumb"},"inLanguage":"fr-FR","potentialAction":[{"@type":"ReadAction","target":["https:\/\/kemperkontakt.de\/fr\/produkt\/non-tisse-abrasif-en-rouleau\/"]}]},{"@type":"ImageObject","inLanguage":"fr-FR","@id":"https:\/\/kemperkontakt.de\/fr\/produkt\/non-tisse-abrasif-en-rouleau\/#primaryimage","url":"https:\/\/kemperkontakt.de\/wp-content\/uploads\/2024\/09\/Satiniermaterial-JA280-10mx100mm_4_1000x1000.jpg","contentUrl":"https:\/\/kemperkontakt.de\/wp-content\/uploads\/2024\/09\/Satiniermaterial-JA280-10mx100mm_4_1000x1000.jpg","width":1000,"height":1000},{"@type":"BreadcrumbList","@id":"https:\/\/kemperkontakt.de\/fr\/produkt\/non-tisse-abrasif-en-rouleau\/#breadcrumb","itemListElement":[{"@type":"ListItem","position":1,"name":"Startseite","item":"https:\/\/kemperkontakt.de\/fr\/"},{"@type":"ListItem","position":2,"name":"Boutique","item":"https:\/\/kemperkontakt.de\/fr\/boutique\/"},{"@type":"ListItem","position":3,"name":"Non tiss\u00e9 abrasif en rouleau"}]},{"@type":"WebSite","@id":"https:\/\/kemperkontakt.de\/fr\/#website","url":"https:\/\/kemperkontakt.de\/fr\/","name":"Kemper-Kontakt","description":"","potentialAction":[{"@type":"SearchAction","target":{"@type":"EntryPoint","urlTemplate":"https:\/\/kemperkontakt.de\/fr\/?s={search_term_string}"},"query-input":{"@type":"PropertyValueSpecification","valueRequired":true,"valueName":"search_term_string"}}],"inLanguage":"fr-FR"}]}},"_links":{"self":[{"href":"https:\/\/kemperkontakt.de\/fr\/wp-json\/wp\/v2\/product\/3201","targetHints":{"allow":["GET"]}}],"collection":[{"href":"https:\/\/kemperkontakt.de\/fr\/wp-json\/wp\/v2\/product"}],"about":[{"href":"https:\/\/kemperkontakt.de\/fr\/wp-json\/wp\/v2\/types\/product"}],"wp:featuredmedia":[{"embeddable":true,"href":"https:\/\/kemperkontakt.de\/fr\/wp-json\/wp\/v2\/media\/2726"}],"wp:attachment":[{"href":"https:\/\/kemperkontakt.de\/fr\/wp-json\/wp\/v2\/media?parent=3201"}],"wp:term":[{"taxonomy":"product_brand","embeddable":true,"href":"https:\/\/kemperkontakt.de\/fr\/wp-json\/wp\/v2\/product_brand?post=3201"},{"taxonomy":"product_cat","embeddable":true,"href":"https:\/\/kemperkontakt.de\/fr\/wp-json\/wp\/v2\/product_cat?post=3201"},{"taxonomy":"product_tag","embeddable":true,"href":"https:\/\/kemperkontakt.de\/fr\/wp-json\/wp\/v2\/product_tag?post=3201"}],"curies":[{"name":"wp","href":"https:\/\/api.w.org\/{rel}","templated":true}]}}