{"id":3192,"date":"2024-06-21T18:52:24","date_gmt":"2024-06-21T16:52:24","guid":{"rendered":"https:\/\/kemperkontakt.com\/produkt\/ponceuse-type-sm-1000\/"},"modified":"2025-02-18T09:45:21","modified_gmt":"2025-02-18T08:45:21","slug":"ponceuse-type-sm-1000","status":"publish","type":"product","link":"https:\/\/kemperkontakt.de\/fr\/produkt\/ponceuse-type-sm-1000\/","title":{"rendered":"Ponceuse TYPE SM 1000"},"content":{"rendered":"","protected":false},"excerpt":{"rendered":"<p class=\"bodytext\">Ponceuse et polisseuse professionnelle. Fabrication par une marque allemande. Puissance absorb\u00e9e 1200 W avec r\u00e9serve de puissance suppl\u00e9mentaire, 230 V, 50 Hz. Vitesse de rotation \u00e0 vide 900-2700 tr\/min. Porte-outil M 14, diam\u00e8tre max. de l\u2019outil 250 mm, avec mandrin de fixation 100\u00d719 mm et capot de protection. Utilisation flexible gr\u00e2ce \u00e0 la poign\u00e9e de maintien pivotante. Machine d\u2019atelier polyvalente pour le traitement des surfaces.<\/p>\n<p class=\"bodytext\"><strong>KEMPER-KONTAKT<\/strong> ne fabrique pas de machines et proposons pour cette raison la machine FEIN (SM 1000) d\u00e9j\u00e0 mont\u00e9e \u00e0 utiliser avec nos produits. <\/p>\n","protected":false},"featured_media":2210,"template":"","meta":[],"product_brand":[],"product_cat":[320],"product_tag":[334,335,337,336],"class_list":{"0":"post-3192","1":"product","2":"type-product","3":"status-publish","4":"has-post-thumbnail","6":"product_cat-machines-fr","7":"product_tag-machine-a-satiner","8":"product_tag-ponceuse","9":"product_tag-radix-fr","10":"product_tag-satifix-fr","12":"first","13":"instock","14":"shipping-taxable","15":"product-type-simple"},"yoast_head":"<!-- This site is optimized with the Yoast SEO plugin v27.4 - https:\/\/yoast.com\/product\/yoast-seo-wordpress\/ -->\n<title>Ponceuse TYPE SM 1000 - Kemper-Kontakt<\/title>\n<meta name=\"robots\" content=\"index, follow, max-snippet:-1, max-image-preview:large, max-video-preview:-1\" \/>\n<link rel=\"canonical\" href=\"https:\/\/kemperkontakt.de\/fr\/produkt\/ponceuse-type-sm-1000\/\" \/>\n<meta property=\"og:locale\" content=\"fr_FR\" \/>\n<meta property=\"og:type\" content=\"article\" \/>\n<meta property=\"og:title\" content=\"Ponceuse TYPE SM 1000 - Kemper-Kontakt\" \/>\n<meta property=\"og:description\" content=\"Ponceuse et polisseuse professionnelle. Fabrication par une marque allemande. Puissance absorb\u00e9e 1200 W avec r\u00e9serve de puissance suppl\u00e9mentaire, 230 V, 50 Hz. Vitesse de rotation \u00e0 vide 900-2700 tr\/min. Porte-outil M 14, diam\u00e8tre max. de l\u2019outil 250 mm, avec mandrin de fixation 100\u00d719 mm et capot de protection. Utilisation flexible gr\u00e2ce \u00e0 la poign\u00e9e de maintien pivotante. Machine d\u2019atelier polyvalente pour le traitement des surfaces. KEMPER-KONTAKT ne fabrique pas de machines et proposons pour cette raison la machine FEIN (SM 1000) d\u00e9j\u00e0 mont\u00e9e \u00e0 utiliser avec nos produits.\" \/>\n<meta property=\"og:url\" content=\"https:\/\/kemperkontakt.de\/fr\/produkt\/ponceuse-type-sm-1000\/\" \/>\n<meta property=\"og:site_name\" content=\"Kemper-Kontakt\" \/>\n<meta property=\"article:modified_time\" content=\"2025-02-18T08:45:21+00:00\" \/>\n<meta property=\"og:image\" content=\"https:\/\/kemperkontakt.de\/wp-content\/uploads\/2024\/06\/SM_100_Fein_1000x1000.jpg\" \/>\n\t<meta property=\"og:image:width\" content=\"1000\" \/>\n\t<meta property=\"og:image:height\" content=\"1000\" \/>\n\t<meta property=\"og:image:type\" content=\"image\/jpeg\" \/>\n<meta name=\"twitter:card\" content=\"summary_large_image\" \/>\n<script type=\"application\/ld+json\" class=\"yoast-schema-graph\">{\"@context\":\"https:\\\/\\\/schema.org\",\"@graph\":[{\"@type\":\"WebPage\",\"@id\":\"https:\\\/\\\/kemperkontakt.de\\\/fr\\\/produkt\\\/ponceuse-type-sm-1000\\\/\",\"url\":\"https:\\\/\\\/kemperkontakt.de\\\/fr\\\/produkt\\\/ponceuse-type-sm-1000\\\/\",\"name\":\"Ponceuse TYPE SM 1000 - Kemper-Kontakt\",\"isPartOf\":{\"@id\":\"https:\\\/\\\/kemperkontakt.de\\\/fr\\\/#website\"},\"primaryImageOfPage\":{\"@id\":\"https:\\\/\\\/kemperkontakt.de\\\/fr\\\/produkt\\\/ponceuse-type-sm-1000\\\/#primaryimage\"},\"image\":{\"@id\":\"https:\\\/\\\/kemperkontakt.de\\\/fr\\\/produkt\\\/ponceuse-type-sm-1000\\\/#primaryimage\"},\"thumbnailUrl\":\"https:\\\/\\\/kemperkontakt.de\\\/wp-content\\\/uploads\\\/2024\\\/06\\\/SM_100_Fein_1000x1000.jpg\",\"datePublished\":\"2024-06-21T16:52:24+00:00\",\"dateModified\":\"2025-02-18T08:45:21+00:00\",\"breadcrumb\":{\"@id\":\"https:\\\/\\\/kemperkontakt.de\\\/fr\\\/produkt\\\/ponceuse-type-sm-1000\\\/#breadcrumb\"},\"inLanguage\":\"fr-FR\",\"potentialAction\":[{\"@type\":\"ReadAction\",\"target\":[\"https:\\\/\\\/kemperkontakt.de\\\/fr\\\/produkt\\\/ponceuse-type-sm-1000\\\/\"]}]},{\"@type\":\"ImageObject\",\"inLanguage\":\"fr-FR\",\"@id\":\"https:\\\/\\\/kemperkontakt.de\\\/fr\\\/produkt\\\/ponceuse-type-sm-1000\\\/#primaryimage\",\"url\":\"https:\\\/\\\/kemperkontakt.de\\\/wp-content\\\/uploads\\\/2024\\\/06\\\/SM_100_Fein_1000x1000.jpg\",\"contentUrl\":\"https:\\\/\\\/kemperkontakt.de\\\/wp-content\\\/uploads\\\/2024\\\/06\\\/SM_100_Fein_1000x1000.jpg\",\"width\":1000,\"height\":1000},{\"@type\":\"BreadcrumbList\",\"@id\":\"https:\\\/\\\/kemperkontakt.de\\\/fr\\\/produkt\\\/ponceuse-type-sm-1000\\\/#breadcrumb\",\"itemListElement\":[{\"@type\":\"ListItem\",\"position\":1,\"name\":\"Startseite\",\"item\":\"https:\\\/\\\/kemperkontakt.de\\\/fr\\\/\"},{\"@type\":\"ListItem\",\"position\":2,\"name\":\"Boutique\",\"item\":\"https:\\\/\\\/kemperkontakt.de\\\/fr\\\/boutique\\\/\"},{\"@type\":\"ListItem\",\"position\":3,\"name\":\"Ponceuse TYPE SM 1000\"}]},{\"@type\":\"WebSite\",\"@id\":\"https:\\\/\\\/kemperkontakt.de\\\/fr\\\/#website\",\"url\":\"https:\\\/\\\/kemperkontakt.de\\\/fr\\\/\",\"name\":\"Kemper-Kontakt\",\"description\":\"\",\"potentialAction\":[{\"@type\":\"SearchAction\",\"target\":{\"@type\":\"EntryPoint\",\"urlTemplate\":\"https:\\\/\\\/kemperkontakt.de\\\/fr\\\/?s={search_term_string}\"},\"query-input\":{\"@type\":\"PropertyValueSpecification\",\"valueRequired\":true,\"valueName\":\"search_term_string\"}}],\"inLanguage\":\"fr-FR\"}]}<\/script>\n<!-- \/ Yoast SEO plugin. -->","yoast_head_json":{"title":"Ponceuse TYPE SM 1000 - Kemper-Kontakt","robots":{"index":"index","follow":"follow","max-snippet":"max-snippet:-1","max-image-preview":"max-image-preview:large","max-video-preview":"max-video-preview:-1"},"canonical":"https:\/\/kemperkontakt.de\/fr\/produkt\/ponceuse-type-sm-1000\/","og_locale":"fr_FR","og_type":"article","og_title":"Ponceuse TYPE SM 1000 - Kemper-Kontakt","og_description":"Ponceuse et polisseuse professionnelle. Fabrication par une marque allemande. Puissance absorb\u00e9e 1200 W avec r\u00e9serve de puissance suppl\u00e9mentaire, 230 V, 50 Hz. Vitesse de rotation \u00e0 vide 900-2700 tr\/min. Porte-outil M 14, diam\u00e8tre max. de l\u2019outil 250 mm, avec mandrin de fixation 100\u00d719 mm et capot de protection. Utilisation flexible gr\u00e2ce \u00e0 la poign\u00e9e de maintien pivotante. Machine d\u2019atelier polyvalente pour le traitement des surfaces. KEMPER-KONTAKT ne fabrique pas de machines et proposons pour cette raison la machine FEIN (SM 1000) d\u00e9j\u00e0 mont\u00e9e \u00e0 utiliser avec nos produits.","og_url":"https:\/\/kemperkontakt.de\/fr\/produkt\/ponceuse-type-sm-1000\/","og_site_name":"Kemper-Kontakt","article_modified_time":"2025-02-18T08:45:21+00:00","og_image":[{"width":1000,"height":1000,"url":"https:\/\/kemperkontakt.de\/wp-content\/uploads\/2024\/06\/SM_100_Fein_1000x1000.jpg","type":"image\/jpeg"}],"twitter_card":"summary_large_image","schema":{"@context":"https:\/\/schema.org","@graph":[{"@type":"WebPage","@id":"https:\/\/kemperkontakt.de\/fr\/produkt\/ponceuse-type-sm-1000\/","url":"https:\/\/kemperkontakt.de\/fr\/produkt\/ponceuse-type-sm-1000\/","name":"Ponceuse TYPE SM 1000 - Kemper-Kontakt","isPartOf":{"@id":"https:\/\/kemperkontakt.de\/fr\/#website"},"primaryImageOfPage":{"@id":"https:\/\/kemperkontakt.de\/fr\/produkt\/ponceuse-type-sm-1000\/#primaryimage"},"image":{"@id":"https:\/\/kemperkontakt.de\/fr\/produkt\/ponceuse-type-sm-1000\/#primaryimage"},"thumbnailUrl":"https:\/\/kemperkontakt.de\/wp-content\/uploads\/2024\/06\/SM_100_Fein_1000x1000.jpg","datePublished":"2024-06-21T16:52:24+00:00","dateModified":"2025-02-18T08:45:21+00:00","breadcrumb":{"@id":"https:\/\/kemperkontakt.de\/fr\/produkt\/ponceuse-type-sm-1000\/#breadcrumb"},"inLanguage":"fr-FR","potentialAction":[{"@type":"ReadAction","target":["https:\/\/kemperkontakt.de\/fr\/produkt\/ponceuse-type-sm-1000\/"]}]},{"@type":"ImageObject","inLanguage":"fr-FR","@id":"https:\/\/kemperkontakt.de\/fr\/produkt\/ponceuse-type-sm-1000\/#primaryimage","url":"https:\/\/kemperkontakt.de\/wp-content\/uploads\/2024\/06\/SM_100_Fein_1000x1000.jpg","contentUrl":"https:\/\/kemperkontakt.de\/wp-content\/uploads\/2024\/06\/SM_100_Fein_1000x1000.jpg","width":1000,"height":1000},{"@type":"BreadcrumbList","@id":"https:\/\/kemperkontakt.de\/fr\/produkt\/ponceuse-type-sm-1000\/#breadcrumb","itemListElement":[{"@type":"ListItem","position":1,"name":"Startseite","item":"https:\/\/kemperkontakt.de\/fr\/"},{"@type":"ListItem","position":2,"name":"Boutique","item":"https:\/\/kemperkontakt.de\/fr\/boutique\/"},{"@type":"ListItem","position":3,"name":"Ponceuse TYPE SM 1000"}]},{"@type":"WebSite","@id":"https:\/\/kemperkontakt.de\/fr\/#website","url":"https:\/\/kemperkontakt.de\/fr\/","name":"Kemper-Kontakt","description":"","potentialAction":[{"@type":"SearchAction","target":{"@type":"EntryPoint","urlTemplate":"https:\/\/kemperkontakt.de\/fr\/?s={search_term_string}"},"query-input":{"@type":"PropertyValueSpecification","valueRequired":true,"valueName":"search_term_string"}}],"inLanguage":"fr-FR"}]}},"_links":{"self":[{"href":"https:\/\/kemperkontakt.de\/fr\/wp-json\/wp\/v2\/product\/3192","targetHints":{"allow":["GET"]}}],"collection":[{"href":"https:\/\/kemperkontakt.de\/fr\/wp-json\/wp\/v2\/product"}],"about":[{"href":"https:\/\/kemperkontakt.de\/fr\/wp-json\/wp\/v2\/types\/product"}],"wp:featuredmedia":[{"embeddable":true,"href":"https:\/\/kemperkontakt.de\/fr\/wp-json\/wp\/v2\/media\/2210"}],"wp:attachment":[{"href":"https:\/\/kemperkontakt.de\/fr\/wp-json\/wp\/v2\/media?parent=3192"}],"wp:term":[{"taxonomy":"product_brand","embeddable":true,"href":"https:\/\/kemperkontakt.de\/fr\/wp-json\/wp\/v2\/product_brand?post=3192"},{"taxonomy":"product_cat","embeddable":true,"href":"https:\/\/kemperkontakt.de\/fr\/wp-json\/wp\/v2\/product_cat?post=3192"},{"taxonomy":"product_tag","embeddable":true,"href":"https:\/\/kemperkontakt.de\/fr\/wp-json\/wp\/v2\/product_tag?post=3192"}],"curies":[{"name":"wp","href":"https:\/\/api.w.org\/{rel}","templated":true}]}}