{"id":3191,"date":"2024-06-21T18:51:03","date_gmt":"2024-06-21T16:51:03","guid":{"rendered":"https:\/\/kemperkontakt.com\/produkt\/huile-abrasive-universelle\/"},"modified":"2025-02-18T09:47:43","modified_gmt":"2025-02-18T08:47:43","slug":"huile-abrasive-universelle","status":"publish","type":"product","link":"https:\/\/kemperkontakt.de\/fr\/produkt\/huile-abrasive-universelle\/","title":{"rendered":"Huile de rectification universelle"},"content":{"rendered":"","protected":false},"excerpt":{"rendered":"<p class=\"bodytext\">Pour prolonger la dur\u00e9e de vie des outils abrasifs en toile et bandes abrasives. Refroidit le processus de pon\u00e7age et emp\u00eache l\u2019encrassement de la toile abrasive par la poussi\u00e8re de pon\u00e7age. <\/p>\n<p>Bidon \/ f\u00fbt <strong>R\u00e9f. : 60600..<\/strong>.<\/p>\n<p>Bombe a\u00e9rosol <strong>R\u00e9f. : 60550&#8230;<\/strong><\/p>\n<p><strong>Fiche technique du produit :<br \/>\n<\/strong>[download id=\"1445\" template=\"Schleif\u00f6l\"]<\/p>\n<p class=\"bodytext\"><strong>Fiche de donn\u00e9es de s\u00e9curit\u00e9 :<br \/>\n<\/strong>[download id=\"1814\" template=\"Schleif\u00f6l\"]<\/p>\n<p><strong>Fiche technique :<br \/>\n<\/strong>[download id=\"1817\" template=\"Schleif\u00f6l\"]<\/p>\n","protected":false},"featured_media":3024,"template":"","meta":[],"product_brand":[],"product_cat":[312,331],"product_tag":[332,325,333],"class_list":{"0":"post-3191","1":"product","2":"type-product","3":"status-publish","4":"has-post-thumbnail","6":"product_cat-outils-abrasifs-non-tisse","7":"product_cat-outils-de-poncage-lamelles","8":"product_tag-huile-de-poncage","9":"product_tag-poncage","10":"product_tag-universel","12":"first","13":"instock","14":"shipping-taxable","15":"product-type-simple"},"yoast_head":"<!-- This site is optimized with the Yoast SEO plugin v27.4 - https:\/\/yoast.com\/product\/yoast-seo-wordpress\/ -->\n<title>Huile de rectification universelle - Kemper-Kontakt<\/title>\n<meta name=\"robots\" content=\"index, follow, max-snippet:-1, max-image-preview:large, max-video-preview:-1\" \/>\n<link rel=\"canonical\" href=\"https:\/\/kemperkontakt.de\/fr\/produkt\/huile-abrasive-universelle\/\" \/>\n<meta property=\"og:locale\" content=\"fr_FR\" \/>\n<meta property=\"og:type\" content=\"article\" \/>\n<meta property=\"og:title\" content=\"Huile de rectification universelle - Kemper-Kontakt\" \/>\n<meta property=\"og:description\" content=\"Pour prolonger la dur\u00e9e de vie des outils abrasifs en toile et bandes abrasives. Refroidit le processus de pon\u00e7age et emp\u00eache l\u2019encrassement de la toile abrasive par la poussi\u00e8re de pon\u00e7age. Bidon \/ f\u00fbt R\u00e9f. : 60600... Bombe a\u00e9rosol R\u00e9f. : 60550... Fiche technique du produit : Fiche de donn\u00e9es de s\u00e9curit\u00e9 : Fiche technique :\" \/>\n<meta property=\"og:url\" content=\"https:\/\/kemperkontakt.de\/fr\/produkt\/huile-abrasive-universelle\/\" \/>\n<meta property=\"og:site_name\" content=\"Kemper-Kontakt\" \/>\n<meta property=\"article:modified_time\" content=\"2025-02-18T08:47:43+00:00\" \/>\n<meta property=\"og:image\" content=\"https:\/\/kemperkontakt.de\/wp-content\/uploads\/2024\/09\/Universalschleifoel-1-1.jpg\" \/>\n\t<meta property=\"og:image:width\" content=\"1280\" \/>\n\t<meta property=\"og:image:height\" content=\"1280\" \/>\n\t<meta property=\"og:image:type\" content=\"image\/jpeg\" \/>\n<meta name=\"twitter:card\" content=\"summary_large_image\" \/>\n<meta name=\"twitter:label1\" content=\"Dur\u00e9e de lecture estim\u00e9e\" \/>\n\t<meta name=\"twitter:data1\" content=\"1 minute\" \/>\n<script type=\"application\/ld+json\" class=\"yoast-schema-graph\">{\"@context\":\"https:\\\/\\\/schema.org\",\"@graph\":[{\"@type\":\"WebPage\",\"@id\":\"https:\\\/\\\/kemperkontakt.de\\\/fr\\\/produkt\\\/huile-abrasive-universelle\\\/\",\"url\":\"https:\\\/\\\/kemperkontakt.de\\\/fr\\\/produkt\\\/huile-abrasive-universelle\\\/\",\"name\":\"Huile de rectification universelle - Kemper-Kontakt\",\"isPartOf\":{\"@id\":\"https:\\\/\\\/kemperkontakt.de\\\/fr\\\/#website\"},\"primaryImageOfPage\":{\"@id\":\"https:\\\/\\\/kemperkontakt.de\\\/fr\\\/produkt\\\/huile-abrasive-universelle\\\/#primaryimage\"},\"image\":{\"@id\":\"https:\\\/\\\/kemperkontakt.de\\\/fr\\\/produkt\\\/huile-abrasive-universelle\\\/#primaryimage\"},\"thumbnailUrl\":\"https:\\\/\\\/kemperkontakt.de\\\/wp-content\\\/uploads\\\/2024\\\/09\\\/Universalschleifoel-1-1.jpg\",\"datePublished\":\"2024-06-21T16:51:03+00:00\",\"dateModified\":\"2025-02-18T08:47:43+00:00\",\"breadcrumb\":{\"@id\":\"https:\\\/\\\/kemperkontakt.de\\\/fr\\\/produkt\\\/huile-abrasive-universelle\\\/#breadcrumb\"},\"inLanguage\":\"fr-FR\",\"potentialAction\":[{\"@type\":\"ReadAction\",\"target\":[\"https:\\\/\\\/kemperkontakt.de\\\/fr\\\/produkt\\\/huile-abrasive-universelle\\\/\"]}]},{\"@type\":\"ImageObject\",\"inLanguage\":\"fr-FR\",\"@id\":\"https:\\\/\\\/kemperkontakt.de\\\/fr\\\/produkt\\\/huile-abrasive-universelle\\\/#primaryimage\",\"url\":\"https:\\\/\\\/kemperkontakt.de\\\/wp-content\\\/uploads\\\/2024\\\/09\\\/Universalschleifoel-1-1.jpg\",\"contentUrl\":\"https:\\\/\\\/kemperkontakt.de\\\/wp-content\\\/uploads\\\/2024\\\/09\\\/Universalschleifoel-1-1.jpg\",\"width\":1280,\"height\":1280},{\"@type\":\"BreadcrumbList\",\"@id\":\"https:\\\/\\\/kemperkontakt.de\\\/fr\\\/produkt\\\/huile-abrasive-universelle\\\/#breadcrumb\",\"itemListElement\":[{\"@type\":\"ListItem\",\"position\":1,\"name\":\"Startseite\",\"item\":\"https:\\\/\\\/kemperkontakt.de\\\/fr\\\/\"},{\"@type\":\"ListItem\",\"position\":2,\"name\":\"Boutique\",\"item\":\"https:\\\/\\\/kemperkontakt.de\\\/fr\\\/boutique\\\/\"},{\"@type\":\"ListItem\",\"position\":3,\"name\":\"Huile de rectification universelle\"}]},{\"@type\":\"WebSite\",\"@id\":\"https:\\\/\\\/kemperkontakt.de\\\/fr\\\/#website\",\"url\":\"https:\\\/\\\/kemperkontakt.de\\\/fr\\\/\",\"name\":\"Kemper-Kontakt\",\"description\":\"\",\"potentialAction\":[{\"@type\":\"SearchAction\",\"target\":{\"@type\":\"EntryPoint\",\"urlTemplate\":\"https:\\\/\\\/kemperkontakt.de\\\/fr\\\/?s={search_term_string}\"},\"query-input\":{\"@type\":\"PropertyValueSpecification\",\"valueRequired\":true,\"valueName\":\"search_term_string\"}}],\"inLanguage\":\"fr-FR\"}]}<\/script>\n<!-- \/ Yoast SEO plugin. -->","yoast_head_json":{"title":"Huile de rectification universelle - Kemper-Kontakt","robots":{"index":"index","follow":"follow","max-snippet":"max-snippet:-1","max-image-preview":"max-image-preview:large","max-video-preview":"max-video-preview:-1"},"canonical":"https:\/\/kemperkontakt.de\/fr\/produkt\/huile-abrasive-universelle\/","og_locale":"fr_FR","og_type":"article","og_title":"Huile de rectification universelle - Kemper-Kontakt","og_description":"Pour prolonger la dur\u00e9e de vie des outils abrasifs en toile et bandes abrasives. Refroidit le processus de pon\u00e7age et emp\u00eache l\u2019encrassement de la toile abrasive par la poussi\u00e8re de pon\u00e7age. Bidon \/ f\u00fbt R\u00e9f. : 60600... Bombe a\u00e9rosol R\u00e9f. : 60550... Fiche technique du produit : Fiche de donn\u00e9es de s\u00e9curit\u00e9 : Fiche technique :","og_url":"https:\/\/kemperkontakt.de\/fr\/produkt\/huile-abrasive-universelle\/","og_site_name":"Kemper-Kontakt","article_modified_time":"2025-02-18T08:47:43+00:00","og_image":[{"width":1280,"height":1280,"url":"https:\/\/kemperkontakt.de\/wp-content\/uploads\/2024\/09\/Universalschleifoel-1-1.jpg","type":"image\/jpeg"}],"twitter_card":"summary_large_image","twitter_misc":{"Dur\u00e9e de lecture estim\u00e9e":"1 minute"},"schema":{"@context":"https:\/\/schema.org","@graph":[{"@type":"WebPage","@id":"https:\/\/kemperkontakt.de\/fr\/produkt\/huile-abrasive-universelle\/","url":"https:\/\/kemperkontakt.de\/fr\/produkt\/huile-abrasive-universelle\/","name":"Huile de rectification universelle - Kemper-Kontakt","isPartOf":{"@id":"https:\/\/kemperkontakt.de\/fr\/#website"},"primaryImageOfPage":{"@id":"https:\/\/kemperkontakt.de\/fr\/produkt\/huile-abrasive-universelle\/#primaryimage"},"image":{"@id":"https:\/\/kemperkontakt.de\/fr\/produkt\/huile-abrasive-universelle\/#primaryimage"},"thumbnailUrl":"https:\/\/kemperkontakt.de\/wp-content\/uploads\/2024\/09\/Universalschleifoel-1-1.jpg","datePublished":"2024-06-21T16:51:03+00:00","dateModified":"2025-02-18T08:47:43+00:00","breadcrumb":{"@id":"https:\/\/kemperkontakt.de\/fr\/produkt\/huile-abrasive-universelle\/#breadcrumb"},"inLanguage":"fr-FR","potentialAction":[{"@type":"ReadAction","target":["https:\/\/kemperkontakt.de\/fr\/produkt\/huile-abrasive-universelle\/"]}]},{"@type":"ImageObject","inLanguage":"fr-FR","@id":"https:\/\/kemperkontakt.de\/fr\/produkt\/huile-abrasive-universelle\/#primaryimage","url":"https:\/\/kemperkontakt.de\/wp-content\/uploads\/2024\/09\/Universalschleifoel-1-1.jpg","contentUrl":"https:\/\/kemperkontakt.de\/wp-content\/uploads\/2024\/09\/Universalschleifoel-1-1.jpg","width":1280,"height":1280},{"@type":"BreadcrumbList","@id":"https:\/\/kemperkontakt.de\/fr\/produkt\/huile-abrasive-universelle\/#breadcrumb","itemListElement":[{"@type":"ListItem","position":1,"name":"Startseite","item":"https:\/\/kemperkontakt.de\/fr\/"},{"@type":"ListItem","position":2,"name":"Boutique","item":"https:\/\/kemperkontakt.de\/fr\/boutique\/"},{"@type":"ListItem","position":3,"name":"Huile de rectification universelle"}]},{"@type":"WebSite","@id":"https:\/\/kemperkontakt.de\/fr\/#website","url":"https:\/\/kemperkontakt.de\/fr\/","name":"Kemper-Kontakt","description":"","potentialAction":[{"@type":"SearchAction","target":{"@type":"EntryPoint","urlTemplate":"https:\/\/kemperkontakt.de\/fr\/?s={search_term_string}"},"query-input":{"@type":"PropertyValueSpecification","valueRequired":true,"valueName":"search_term_string"}}],"inLanguage":"fr-FR"}]}},"_links":{"self":[{"href":"https:\/\/kemperkontakt.de\/fr\/wp-json\/wp\/v2\/product\/3191","targetHints":{"allow":["GET"]}}],"collection":[{"href":"https:\/\/kemperkontakt.de\/fr\/wp-json\/wp\/v2\/product"}],"about":[{"href":"https:\/\/kemperkontakt.de\/fr\/wp-json\/wp\/v2\/types\/product"}],"wp:featuredmedia":[{"embeddable":true,"href":"https:\/\/kemperkontakt.de\/fr\/wp-json\/wp\/v2\/media\/3024"}],"wp:attachment":[{"href":"https:\/\/kemperkontakt.de\/fr\/wp-json\/wp\/v2\/media?parent=3191"}],"wp:term":[{"taxonomy":"product_brand","embeddable":true,"href":"https:\/\/kemperkontakt.de\/fr\/wp-json\/wp\/v2\/product_brand?post=3191"},{"taxonomy":"product_cat","embeddable":true,"href":"https:\/\/kemperkontakt.de\/fr\/wp-json\/wp\/v2\/product_cat?post=3191"},{"taxonomy":"product_tag","embeddable":true,"href":"https:\/\/kemperkontakt.de\/fr\/wp-json\/wp\/v2\/product_tag?post=3191"}],"curies":[{"name":"wp","href":"https:\/\/api.w.org\/{rel}","templated":true}]}}