{"id":3189,"date":"2024-06-21T18:54:38","date_gmt":"2024-06-21T16:54:38","guid":{"rendered":"https:\/\/kemperkontakt.com\/produkt\/ponceuse-polisseuse-starmax-mini\/"},"modified":"2025-02-18T09:42:06","modified_gmt":"2025-02-18T08:42:06","slug":"ponceuse-polisseuse-starmax-mini","status":"publish","type":"product","link":"https:\/\/kemperkontakt.de\/fr\/produkt\/ponceuse-polisseuse-starmax-mini\/","title":{"rendered":"Ponceuse \/ polisseuse STARMAX\u00ae mini"},"content":{"rendered":"","protected":false},"excerpt":{"rendered":"<p class=\"bodytext\">Notre nouvelle Starmax\u00ae mini est une alternative \u00e9conomique \u00e0 notre machine de pon\u00e7age et de polissage fixe Starmax\u00ae neo. La Starmax\u00ae mini a \u00e9t\u00e9 con\u00e7ue pour r\u00e9pondre aux besoins de l\u2019atelier et peut \u00eatre mont\u00e9e sur n\u2019importe quel \u00e9tabli gr\u00e2ce au support fourni. Compatible avec nos outils, la machine est particuli\u00e8rement adapt\u00e9e au travail du bois et du m\u00e9tal, par exemple pour les travaux d\u2019\u00e9bavurage, de finition de surface, etc.  <\/p>\n<p class=\"bodytext\">En raison de sa faible vitesse minimale de rotation, la Starmax\u00ae mini est optimale pour l\u2019utilisation de nos DISQUES ABRASIFS <strong><a href=\"https:\/\/kemperkontakt.de\/fr\/produkt\/etoiles-abrasives-originales-kemper\/\" target=\"_blank\" rel=\"noopener\">SCHLEIFSTERN\u00ae par KEMPER<\/a><\/strong>. La STARMAX\u00ae mini est con\u00e7ue pour une utilisation en ext\u00e9rieur.<\/p>\n<ul>\n<li>Adapt\u00e9e aux outils jusqu\u2019\u00e0 \u00d8200 mm<\/li>\n<li>Vitesse nominale: 700 &#8211; 2200 tr\/min<\/li>\n<li>Puissance: 0,78 kW<\/li>\n<li>Tension: 120\/230\/240 V, 50\/60 Hz<\/li>\n<li>Poids : environ 8 kg<\/li>\n<\/ul>\n","protected":false},"featured_media":2598,"template":"","meta":[],"product_brand":[],"product_cat":[320],"product_tag":[328,321,327,326,313,324,325,315],"class_list":{"0":"post-3189","1":"product","2":"type-product","3":"status-publish","4":"has-post-thumbnail","6":"product_cat-machines-fr","7":"product_tag-bois","8":"product_tag-ebavurage","9":"product_tag-machine-universelle","10":"product_tag-machines-fixes","11":"product_tag-metal-en-general","12":"product_tag-polissage","13":"product_tag-poncage","14":"product_tag-starmax-mini-fr","16":"first","17":"instock","18":"shipping-taxable","19":"product-type-simple"},"yoast_head":"<!-- This site is optimized with the Yoast SEO plugin v27.5 - https:\/\/yoast.com\/product\/yoast-seo-wordpress\/ -->\n<title>Ponceuse \/ polisseuse STARMAX\u00ae mini - Kemper-Kontakt<\/title>\n<meta name=\"robots\" content=\"index, follow, max-snippet:-1, max-image-preview:large, max-video-preview:-1\" \/>\n<link rel=\"canonical\" href=\"https:\/\/kemperkontakt.de\/fr\/produkt\/ponceuse-polisseuse-starmax-mini\/\" \/>\n<meta property=\"og:locale\" content=\"fr_FR\" \/>\n<meta property=\"og:type\" content=\"article\" \/>\n<meta property=\"og:title\" content=\"Ponceuse \/ polisseuse STARMAX\u00ae mini - Kemper-Kontakt\" \/>\n<meta property=\"og:description\" content=\"Notre nouvelle Starmax\u00ae mini est une alternative \u00e9conomique \u00e0 notre machine de pon\u00e7age et de polissage fixe Starmax\u00ae neo. La Starmax\u00ae mini a \u00e9t\u00e9 con\u00e7ue pour r\u00e9pondre aux besoins de l\u2019atelier et peut \u00eatre mont\u00e9e sur n\u2019importe quel \u00e9tabli gr\u00e2ce au support fourni. Compatible avec nos outils, la machine est particuli\u00e8rement adapt\u00e9e au travail du bois et du m\u00e9tal, par exemple pour les travaux d\u2019\u00e9bavurage, de finition de surface, etc.  En raison de sa faible vitesse minimale de rotation, la Starmax\u00ae mini est optimale pour l\u2019utilisation de nos DISQUES ABRASIFS SCHLEIFSTERN\u00ae par KEMPER. La STARMAX\u00ae mini est con\u00e7ue pour une utilisation en ext\u00e9rieur.   Adapt\u00e9e aux outils jusqu\u2019\u00e0 \u00d8200 mm  Vitesse nominale: 700 - 2200 tr\/min  Puissance: 0,78 kW  Tension: 120\/230\/240 V, 50\/60 Hz  Poids : environ 8 kg\" \/>\n<meta property=\"og:url\" content=\"https:\/\/kemperkontakt.de\/fr\/produkt\/ponceuse-polisseuse-starmax-mini\/\" \/>\n<meta property=\"og:site_name\" content=\"Kemper-Kontakt\" \/>\n<meta property=\"article:modified_time\" content=\"2025-02-18T08:42:06+00:00\" \/>\n<meta property=\"og:image\" content=\"https:\/\/kemperkontakt.de\/wp-content\/uploads\/2024\/09\/DSC_0714-scaled_1000x1000.jpg\" \/>\n\t<meta property=\"og:image:width\" content=\"1000\" \/>\n\t<meta property=\"og:image:height\" content=\"1000\" \/>\n\t<meta property=\"og:image:type\" content=\"image\/jpeg\" \/>\n<meta name=\"twitter:card\" content=\"summary_large_image\" \/>\n<meta name=\"twitter:label1\" content=\"Dur\u00e9e de lecture estim\u00e9e\" \/>\n\t<meta name=\"twitter:data1\" content=\"1 minute\" \/>\n<script type=\"application\/ld+json\" class=\"yoast-schema-graph\">{\"@context\":\"https:\\\/\\\/schema.org\",\"@graph\":[{\"@type\":\"WebPage\",\"@id\":\"https:\\\/\\\/kemperkontakt.de\\\/fr\\\/produkt\\\/ponceuse-polisseuse-starmax-mini\\\/\",\"url\":\"https:\\\/\\\/kemperkontakt.de\\\/fr\\\/produkt\\\/ponceuse-polisseuse-starmax-mini\\\/\",\"name\":\"Ponceuse \\\/ polisseuse STARMAX\u00ae mini - Kemper-Kontakt\",\"isPartOf\":{\"@id\":\"https:\\\/\\\/kemperkontakt.de\\\/fr\\\/#website\"},\"primaryImageOfPage\":{\"@id\":\"https:\\\/\\\/kemperkontakt.de\\\/fr\\\/produkt\\\/ponceuse-polisseuse-starmax-mini\\\/#primaryimage\"},\"image\":{\"@id\":\"https:\\\/\\\/kemperkontakt.de\\\/fr\\\/produkt\\\/ponceuse-polisseuse-starmax-mini\\\/#primaryimage\"},\"thumbnailUrl\":\"https:\\\/\\\/kemperkontakt.de\\\/wp-content\\\/uploads\\\/2024\\\/09\\\/DSC_0714-scaled_1000x1000.jpg\",\"datePublished\":\"2024-06-21T16:54:38+00:00\",\"dateModified\":\"2025-02-18T08:42:06+00:00\",\"breadcrumb\":{\"@id\":\"https:\\\/\\\/kemperkontakt.de\\\/fr\\\/produkt\\\/ponceuse-polisseuse-starmax-mini\\\/#breadcrumb\"},\"inLanguage\":\"fr-FR\",\"potentialAction\":[{\"@type\":\"ReadAction\",\"target\":[\"https:\\\/\\\/kemperkontakt.de\\\/fr\\\/produkt\\\/ponceuse-polisseuse-starmax-mini\\\/\"]}]},{\"@type\":\"ImageObject\",\"inLanguage\":\"fr-FR\",\"@id\":\"https:\\\/\\\/kemperkontakt.de\\\/fr\\\/produkt\\\/ponceuse-polisseuse-starmax-mini\\\/#primaryimage\",\"url\":\"https:\\\/\\\/kemperkontakt.de\\\/wp-content\\\/uploads\\\/2024\\\/09\\\/DSC_0714-scaled_1000x1000.jpg\",\"contentUrl\":\"https:\\\/\\\/kemperkontakt.de\\\/wp-content\\\/uploads\\\/2024\\\/09\\\/DSC_0714-scaled_1000x1000.jpg\",\"width\":1000,\"height\":1000},{\"@type\":\"BreadcrumbList\",\"@id\":\"https:\\\/\\\/kemperkontakt.de\\\/fr\\\/produkt\\\/ponceuse-polisseuse-starmax-mini\\\/#breadcrumb\",\"itemListElement\":[{\"@type\":\"ListItem\",\"position\":1,\"name\":\"Startseite\",\"item\":\"https:\\\/\\\/kemperkontakt.de\\\/fr\\\/\"},{\"@type\":\"ListItem\",\"position\":2,\"name\":\"Boutique\",\"item\":\"https:\\\/\\\/kemperkontakt.de\\\/fr\\\/boutique\\\/\"},{\"@type\":\"ListItem\",\"position\":3,\"name\":\"Ponceuse \\\/ polisseuse STARMAX\u00ae mini\"}]},{\"@type\":\"WebSite\",\"@id\":\"https:\\\/\\\/kemperkontakt.de\\\/fr\\\/#website\",\"url\":\"https:\\\/\\\/kemperkontakt.de\\\/fr\\\/\",\"name\":\"Kemper-Kontakt\",\"description\":\"\",\"potentialAction\":[{\"@type\":\"SearchAction\",\"target\":{\"@type\":\"EntryPoint\",\"urlTemplate\":\"https:\\\/\\\/kemperkontakt.de\\\/fr\\\/?s={search_term_string}\"},\"query-input\":{\"@type\":\"PropertyValueSpecification\",\"valueRequired\":true,\"valueName\":\"search_term_string\"}}],\"inLanguage\":\"fr-FR\"}]}<\/script>\n<!-- \/ Yoast SEO plugin. -->","yoast_head_json":{"title":"Ponceuse \/ polisseuse STARMAX\u00ae mini - Kemper-Kontakt","robots":{"index":"index","follow":"follow","max-snippet":"max-snippet:-1","max-image-preview":"max-image-preview:large","max-video-preview":"max-video-preview:-1"},"canonical":"https:\/\/kemperkontakt.de\/fr\/produkt\/ponceuse-polisseuse-starmax-mini\/","og_locale":"fr_FR","og_type":"article","og_title":"Ponceuse \/ polisseuse STARMAX\u00ae mini - Kemper-Kontakt","og_description":"Notre nouvelle Starmax\u00ae mini est une alternative \u00e9conomique \u00e0 notre machine de pon\u00e7age et de polissage fixe Starmax\u00ae neo. La Starmax\u00ae mini a \u00e9t\u00e9 con\u00e7ue pour r\u00e9pondre aux besoins de l\u2019atelier et peut \u00eatre mont\u00e9e sur n\u2019importe quel \u00e9tabli gr\u00e2ce au support fourni. Compatible avec nos outils, la machine est particuli\u00e8rement adapt\u00e9e au travail du bois et du m\u00e9tal, par exemple pour les travaux d\u2019\u00e9bavurage, de finition de surface, etc.  En raison de sa faible vitesse minimale de rotation, la Starmax\u00ae mini est optimale pour l\u2019utilisation de nos DISQUES ABRASIFS SCHLEIFSTERN\u00ae par KEMPER. La STARMAX\u00ae mini est con\u00e7ue pour une utilisation en ext\u00e9rieur.   Adapt\u00e9e aux outils jusqu\u2019\u00e0 \u00d8200 mm  Vitesse nominale: 700 - 2200 tr\/min  Puissance: 0,78 kW  Tension: 120\/230\/240 V, 50\/60 Hz  Poids : environ 8 kg","og_url":"https:\/\/kemperkontakt.de\/fr\/produkt\/ponceuse-polisseuse-starmax-mini\/","og_site_name":"Kemper-Kontakt","article_modified_time":"2025-02-18T08:42:06+00:00","og_image":[{"width":1000,"height":1000,"url":"https:\/\/kemperkontakt.de\/wp-content\/uploads\/2024\/09\/DSC_0714-scaled_1000x1000.jpg","type":"image\/jpeg"}],"twitter_card":"summary_large_image","twitter_misc":{"Dur\u00e9e de lecture estim\u00e9e":"1 minute"},"schema":{"@context":"https:\/\/schema.org","@graph":[{"@type":"WebPage","@id":"https:\/\/kemperkontakt.de\/fr\/produkt\/ponceuse-polisseuse-starmax-mini\/","url":"https:\/\/kemperkontakt.de\/fr\/produkt\/ponceuse-polisseuse-starmax-mini\/","name":"Ponceuse \/ polisseuse STARMAX\u00ae mini - Kemper-Kontakt","isPartOf":{"@id":"https:\/\/kemperkontakt.de\/fr\/#website"},"primaryImageOfPage":{"@id":"https:\/\/kemperkontakt.de\/fr\/produkt\/ponceuse-polisseuse-starmax-mini\/#primaryimage"},"image":{"@id":"https:\/\/kemperkontakt.de\/fr\/produkt\/ponceuse-polisseuse-starmax-mini\/#primaryimage"},"thumbnailUrl":"https:\/\/kemperkontakt.de\/wp-content\/uploads\/2024\/09\/DSC_0714-scaled_1000x1000.jpg","datePublished":"2024-06-21T16:54:38+00:00","dateModified":"2025-02-18T08:42:06+00:00","breadcrumb":{"@id":"https:\/\/kemperkontakt.de\/fr\/produkt\/ponceuse-polisseuse-starmax-mini\/#breadcrumb"},"inLanguage":"fr-FR","potentialAction":[{"@type":"ReadAction","target":["https:\/\/kemperkontakt.de\/fr\/produkt\/ponceuse-polisseuse-starmax-mini\/"]}]},{"@type":"ImageObject","inLanguage":"fr-FR","@id":"https:\/\/kemperkontakt.de\/fr\/produkt\/ponceuse-polisseuse-starmax-mini\/#primaryimage","url":"https:\/\/kemperkontakt.de\/wp-content\/uploads\/2024\/09\/DSC_0714-scaled_1000x1000.jpg","contentUrl":"https:\/\/kemperkontakt.de\/wp-content\/uploads\/2024\/09\/DSC_0714-scaled_1000x1000.jpg","width":1000,"height":1000},{"@type":"BreadcrumbList","@id":"https:\/\/kemperkontakt.de\/fr\/produkt\/ponceuse-polisseuse-starmax-mini\/#breadcrumb","itemListElement":[{"@type":"ListItem","position":1,"name":"Startseite","item":"https:\/\/kemperkontakt.de\/fr\/"},{"@type":"ListItem","position":2,"name":"Boutique","item":"https:\/\/kemperkontakt.de\/fr\/boutique\/"},{"@type":"ListItem","position":3,"name":"Ponceuse \/ polisseuse STARMAX\u00ae mini"}]},{"@type":"WebSite","@id":"https:\/\/kemperkontakt.de\/fr\/#website","url":"https:\/\/kemperkontakt.de\/fr\/","name":"Kemper-Kontakt","description":"","potentialAction":[{"@type":"SearchAction","target":{"@type":"EntryPoint","urlTemplate":"https:\/\/kemperkontakt.de\/fr\/?s={search_term_string}"},"query-input":{"@type":"PropertyValueSpecification","valueRequired":true,"valueName":"search_term_string"}}],"inLanguage":"fr-FR"}]}},"_links":{"self":[{"href":"https:\/\/kemperkontakt.de\/fr\/wp-json\/wp\/v2\/product\/3189","targetHints":{"allow":["GET"]}}],"collection":[{"href":"https:\/\/kemperkontakt.de\/fr\/wp-json\/wp\/v2\/product"}],"about":[{"href":"https:\/\/kemperkontakt.de\/fr\/wp-json\/wp\/v2\/types\/product"}],"wp:featuredmedia":[{"embeddable":true,"href":"https:\/\/kemperkontakt.de\/fr\/wp-json\/wp\/v2\/media\/2598"}],"wp:attachment":[{"href":"https:\/\/kemperkontakt.de\/fr\/wp-json\/wp\/v2\/media?parent=3189"}],"wp:term":[{"taxonomy":"product_brand","embeddable":true,"href":"https:\/\/kemperkontakt.de\/fr\/wp-json\/wp\/v2\/product_brand?post=3189"},{"taxonomy":"product_cat","embeddable":true,"href":"https:\/\/kemperkontakt.de\/fr\/wp-json\/wp\/v2\/product_cat?post=3189"},{"taxonomy":"product_tag","embeddable":true,"href":"https:\/\/kemperkontakt.de\/fr\/wp-json\/wp\/v2\/product_tag?post=3189"}],"curies":[{"name":"wp","href":"https:\/\/api.w.org\/{rel}","templated":true}]}}