{"id":3188,"date":"2024-07-31T14:32:12","date_gmt":"2024-07-31T12:32:12","guid":{"rendered":"https:\/\/kemperkontakt.com\/produkt\/meuleuse-pneumatique-type-dlsg-2000\/"},"modified":"2025-02-18T09:30:35","modified_gmt":"2025-02-18T08:30:35","slug":"meuleuse-pneumatique-type-dlsg-2000","status":"publish","type":"product","link":"https:\/\/kemperkontakt.de\/fr\/produkt\/meuleuse-pneumatique-type-dlsg-2000\/","title":{"rendered":"Meuleuse pneumatique DLSG 2000"},"content":{"rendered":"","protected":false},"excerpt":{"rendered":"<p>Meuleuse droite \u00e0 vitesse lente. Faible vitesse de rotation et couple \u00e9lev\u00e9 gr\u00e2ce \u00e0 un engrenage plan\u00e9taire sp\u00e9cial. Silencieux int\u00e9gr\u00e9. Poign\u00e9e lat\u00e9rale et bo\u00eetier en plastique isolant du froid. Sortie d\u2019air \u00e0 l\u2019arri\u00e8re. Vitesse de rotation 950 tr\/min. Puissance 0,3 kW. Porte-outil 15 et 25 mm. <\/p>\n<p>Compatible avec : disque abrasif SCHLEIFSTERN\u00ae par KEMPER (100-200 mm) et accessoires suppl\u00e9mentaires du disque abrasif SCHLEIFSTERN\u00ae MS par KEMPER.<\/p>\n","protected":false},"featured_media":2596,"template":"","meta":[],"product_brand":[],"product_cat":[320],"product_tag":[321,322,323],"class_list":{"0":"post-3188","1":"product","2":"type-product","3":"status-publish","4":"has-post-thumbnail","6":"product_cat-machines-fr","7":"product_tag-ebavurage","8":"product_tag-etoile-abrasive","9":"product_tag-meuleuses-pneumatiques","11":"first","12":"instock","13":"shipping-taxable","14":"product-type-simple"},"yoast_head":"<!-- This site is optimized with the Yoast SEO plugin v27.5 - https:\/\/yoast.com\/product\/yoast-seo-wordpress\/ -->\n<title>Meuleuse pneumatique DLSG 2000 - Kemper-Kontakt<\/title>\n<meta name=\"robots\" content=\"index, follow, max-snippet:-1, max-image-preview:large, max-video-preview:-1\" \/>\n<link rel=\"canonical\" href=\"https:\/\/kemperkontakt.de\/fr\/produkt\/meuleuse-pneumatique-type-dlsg-2000\/\" \/>\n<meta property=\"og:locale\" content=\"fr_FR\" \/>\n<meta property=\"og:type\" content=\"article\" \/>\n<meta property=\"og:title\" content=\"Meuleuse pneumatique DLSG 2000 - Kemper-Kontakt\" \/>\n<meta property=\"og:description\" content=\"Meuleuse droite \u00e0 vitesse lente. Faible vitesse de rotation et couple \u00e9lev\u00e9 gr\u00e2ce \u00e0 un engrenage plan\u00e9taire sp\u00e9cial. Silencieux int\u00e9gr\u00e9. Poign\u00e9e lat\u00e9rale et bo\u00eetier en plastique isolant du froid. Sortie d\u2019air \u00e0 l\u2019arri\u00e8re. Vitesse de rotation 950 tr\/min. Puissance 0,3 kW. Porte-outil 15 et 25 mm. Compatible avec : disque abrasif SCHLEIFSTERN\u00ae par KEMPER (100-200 mm) et accessoires suppl\u00e9mentaires du disque abrasif SCHLEIFSTERN\u00ae MS par KEMPER.\" \/>\n<meta property=\"og:url\" content=\"https:\/\/kemperkontakt.de\/fr\/produkt\/meuleuse-pneumatique-type-dlsg-2000\/\" \/>\n<meta property=\"og:site_name\" content=\"Kemper-Kontakt\" \/>\n<meta property=\"article:modified_time\" content=\"2025-02-18T08:30:35+00:00\" \/>\n<meta property=\"og:image\" content=\"https:\/\/kemperkontakt.de\/wp-content\/uploads\/2024\/09\/Druckluftschleifer-Typ-DLSG-2000-scaled_1000x1000.jpg\" \/>\n\t<meta property=\"og:image:width\" content=\"1000\" \/>\n\t<meta property=\"og:image:height\" content=\"1000\" \/>\n\t<meta property=\"og:image:type\" content=\"image\/jpeg\" \/>\n<meta name=\"twitter:card\" content=\"summary_large_image\" \/>\n<script type=\"application\/ld+json\" class=\"yoast-schema-graph\">{\"@context\":\"https:\\\/\\\/schema.org\",\"@graph\":[{\"@type\":\"WebPage\",\"@id\":\"https:\\\/\\\/kemperkontakt.de\\\/fr\\\/produkt\\\/meuleuse-pneumatique-type-dlsg-2000\\\/\",\"url\":\"https:\\\/\\\/kemperkontakt.de\\\/fr\\\/produkt\\\/meuleuse-pneumatique-type-dlsg-2000\\\/\",\"name\":\"Meuleuse pneumatique DLSG 2000 - Kemper-Kontakt\",\"isPartOf\":{\"@id\":\"https:\\\/\\\/kemperkontakt.de\\\/fr\\\/#website\"},\"primaryImageOfPage\":{\"@id\":\"https:\\\/\\\/kemperkontakt.de\\\/fr\\\/produkt\\\/meuleuse-pneumatique-type-dlsg-2000\\\/#primaryimage\"},\"image\":{\"@id\":\"https:\\\/\\\/kemperkontakt.de\\\/fr\\\/produkt\\\/meuleuse-pneumatique-type-dlsg-2000\\\/#primaryimage\"},\"thumbnailUrl\":\"https:\\\/\\\/kemperkontakt.de\\\/wp-content\\\/uploads\\\/2024\\\/09\\\/Druckluftschleifer-Typ-DLSG-2000-scaled_1000x1000.jpg\",\"datePublished\":\"2024-07-31T12:32:12+00:00\",\"dateModified\":\"2025-02-18T08:30:35+00:00\",\"breadcrumb\":{\"@id\":\"https:\\\/\\\/kemperkontakt.de\\\/fr\\\/produkt\\\/meuleuse-pneumatique-type-dlsg-2000\\\/#breadcrumb\"},\"inLanguage\":\"fr-FR\",\"potentialAction\":[{\"@type\":\"ReadAction\",\"target\":[\"https:\\\/\\\/kemperkontakt.de\\\/fr\\\/produkt\\\/meuleuse-pneumatique-type-dlsg-2000\\\/\"]}]},{\"@type\":\"ImageObject\",\"inLanguage\":\"fr-FR\",\"@id\":\"https:\\\/\\\/kemperkontakt.de\\\/fr\\\/produkt\\\/meuleuse-pneumatique-type-dlsg-2000\\\/#primaryimage\",\"url\":\"https:\\\/\\\/kemperkontakt.de\\\/wp-content\\\/uploads\\\/2024\\\/09\\\/Druckluftschleifer-Typ-DLSG-2000-scaled_1000x1000.jpg\",\"contentUrl\":\"https:\\\/\\\/kemperkontakt.de\\\/wp-content\\\/uploads\\\/2024\\\/09\\\/Druckluftschleifer-Typ-DLSG-2000-scaled_1000x1000.jpg\",\"width\":1000,\"height\":1000},{\"@type\":\"BreadcrumbList\",\"@id\":\"https:\\\/\\\/kemperkontakt.de\\\/fr\\\/produkt\\\/meuleuse-pneumatique-type-dlsg-2000\\\/#breadcrumb\",\"itemListElement\":[{\"@type\":\"ListItem\",\"position\":1,\"name\":\"Startseite\",\"item\":\"https:\\\/\\\/kemperkontakt.de\\\/fr\\\/\"},{\"@type\":\"ListItem\",\"position\":2,\"name\":\"Boutique\",\"item\":\"https:\\\/\\\/kemperkontakt.de\\\/fr\\\/boutique\\\/\"},{\"@type\":\"ListItem\",\"position\":3,\"name\":\"Meuleuse pneumatique DLSG 2000\"}]},{\"@type\":\"WebSite\",\"@id\":\"https:\\\/\\\/kemperkontakt.de\\\/fr\\\/#website\",\"url\":\"https:\\\/\\\/kemperkontakt.de\\\/fr\\\/\",\"name\":\"Kemper-Kontakt\",\"description\":\"\",\"potentialAction\":[{\"@type\":\"SearchAction\",\"target\":{\"@type\":\"EntryPoint\",\"urlTemplate\":\"https:\\\/\\\/kemperkontakt.de\\\/fr\\\/?s={search_term_string}\"},\"query-input\":{\"@type\":\"PropertyValueSpecification\",\"valueRequired\":true,\"valueName\":\"search_term_string\"}}],\"inLanguage\":\"fr-FR\"}]}<\/script>\n<!-- \/ Yoast SEO plugin. -->","yoast_head_json":{"title":"Meuleuse pneumatique DLSG 2000 - Kemper-Kontakt","robots":{"index":"index","follow":"follow","max-snippet":"max-snippet:-1","max-image-preview":"max-image-preview:large","max-video-preview":"max-video-preview:-1"},"canonical":"https:\/\/kemperkontakt.de\/fr\/produkt\/meuleuse-pneumatique-type-dlsg-2000\/","og_locale":"fr_FR","og_type":"article","og_title":"Meuleuse pneumatique DLSG 2000 - Kemper-Kontakt","og_description":"Meuleuse droite \u00e0 vitesse lente. Faible vitesse de rotation et couple \u00e9lev\u00e9 gr\u00e2ce \u00e0 un engrenage plan\u00e9taire sp\u00e9cial. Silencieux int\u00e9gr\u00e9. Poign\u00e9e lat\u00e9rale et bo\u00eetier en plastique isolant du froid. Sortie d\u2019air \u00e0 l\u2019arri\u00e8re. Vitesse de rotation 950 tr\/min. Puissance 0,3 kW. Porte-outil 15 et 25 mm. Compatible avec : disque abrasif SCHLEIFSTERN\u00ae par KEMPER (100-200 mm) et accessoires suppl\u00e9mentaires du disque abrasif SCHLEIFSTERN\u00ae MS par KEMPER.","og_url":"https:\/\/kemperkontakt.de\/fr\/produkt\/meuleuse-pneumatique-type-dlsg-2000\/","og_site_name":"Kemper-Kontakt","article_modified_time":"2025-02-18T08:30:35+00:00","og_image":[{"width":1000,"height":1000,"url":"https:\/\/kemperkontakt.de\/wp-content\/uploads\/2024\/09\/Druckluftschleifer-Typ-DLSG-2000-scaled_1000x1000.jpg","type":"image\/jpeg"}],"twitter_card":"summary_large_image","schema":{"@context":"https:\/\/schema.org","@graph":[{"@type":"WebPage","@id":"https:\/\/kemperkontakt.de\/fr\/produkt\/meuleuse-pneumatique-type-dlsg-2000\/","url":"https:\/\/kemperkontakt.de\/fr\/produkt\/meuleuse-pneumatique-type-dlsg-2000\/","name":"Meuleuse pneumatique DLSG 2000 - Kemper-Kontakt","isPartOf":{"@id":"https:\/\/kemperkontakt.de\/fr\/#website"},"primaryImageOfPage":{"@id":"https:\/\/kemperkontakt.de\/fr\/produkt\/meuleuse-pneumatique-type-dlsg-2000\/#primaryimage"},"image":{"@id":"https:\/\/kemperkontakt.de\/fr\/produkt\/meuleuse-pneumatique-type-dlsg-2000\/#primaryimage"},"thumbnailUrl":"https:\/\/kemperkontakt.de\/wp-content\/uploads\/2024\/09\/Druckluftschleifer-Typ-DLSG-2000-scaled_1000x1000.jpg","datePublished":"2024-07-31T12:32:12+00:00","dateModified":"2025-02-18T08:30:35+00:00","breadcrumb":{"@id":"https:\/\/kemperkontakt.de\/fr\/produkt\/meuleuse-pneumatique-type-dlsg-2000\/#breadcrumb"},"inLanguage":"fr-FR","potentialAction":[{"@type":"ReadAction","target":["https:\/\/kemperkontakt.de\/fr\/produkt\/meuleuse-pneumatique-type-dlsg-2000\/"]}]},{"@type":"ImageObject","inLanguage":"fr-FR","@id":"https:\/\/kemperkontakt.de\/fr\/produkt\/meuleuse-pneumatique-type-dlsg-2000\/#primaryimage","url":"https:\/\/kemperkontakt.de\/wp-content\/uploads\/2024\/09\/Druckluftschleifer-Typ-DLSG-2000-scaled_1000x1000.jpg","contentUrl":"https:\/\/kemperkontakt.de\/wp-content\/uploads\/2024\/09\/Druckluftschleifer-Typ-DLSG-2000-scaled_1000x1000.jpg","width":1000,"height":1000},{"@type":"BreadcrumbList","@id":"https:\/\/kemperkontakt.de\/fr\/produkt\/meuleuse-pneumatique-type-dlsg-2000\/#breadcrumb","itemListElement":[{"@type":"ListItem","position":1,"name":"Startseite","item":"https:\/\/kemperkontakt.de\/fr\/"},{"@type":"ListItem","position":2,"name":"Boutique","item":"https:\/\/kemperkontakt.de\/fr\/boutique\/"},{"@type":"ListItem","position":3,"name":"Meuleuse pneumatique DLSG 2000"}]},{"@type":"WebSite","@id":"https:\/\/kemperkontakt.de\/fr\/#website","url":"https:\/\/kemperkontakt.de\/fr\/","name":"Kemper-Kontakt","description":"","potentialAction":[{"@type":"SearchAction","target":{"@type":"EntryPoint","urlTemplate":"https:\/\/kemperkontakt.de\/fr\/?s={search_term_string}"},"query-input":{"@type":"PropertyValueSpecification","valueRequired":true,"valueName":"search_term_string"}}],"inLanguage":"fr-FR"}]}},"_links":{"self":[{"href":"https:\/\/kemperkontakt.de\/fr\/wp-json\/wp\/v2\/product\/3188","targetHints":{"allow":["GET"]}}],"collection":[{"href":"https:\/\/kemperkontakt.de\/fr\/wp-json\/wp\/v2\/product"}],"about":[{"href":"https:\/\/kemperkontakt.de\/fr\/wp-json\/wp\/v2\/types\/product"}],"wp:featuredmedia":[{"embeddable":true,"href":"https:\/\/kemperkontakt.de\/fr\/wp-json\/wp\/v2\/media\/2596"}],"wp:attachment":[{"href":"https:\/\/kemperkontakt.de\/fr\/wp-json\/wp\/v2\/media?parent=3188"}],"wp:term":[{"taxonomy":"product_brand","embeddable":true,"href":"https:\/\/kemperkontakt.de\/fr\/wp-json\/wp\/v2\/product_brand?post=3188"},{"taxonomy":"product_cat","embeddable":true,"href":"https:\/\/kemperkontakt.de\/fr\/wp-json\/wp\/v2\/product_cat?post=3188"},{"taxonomy":"product_tag","embeddable":true,"href":"https:\/\/kemperkontakt.de\/fr\/wp-json\/wp\/v2\/product_tag?post=3188"}],"curies":[{"name":"wp","href":"https:\/\/api.w.org\/{rel}","templated":true}]}}