{"id":7688,"date":"2025-09-30T15:49:13","date_gmt":"2025-09-30T13:49:13","guid":{"rendered":"https:\/\/kemperkontakt.de\/categories-bleu\/nouveau-gravure-laser-de-votre-logo-avec-ou-sans-code-qr-desormais-disponible-en-option-supplementaire\/"},"modified":"2025-10-23T10:09:04","modified_gmt":"2025-10-23T08:09:04","slug":"nouveau-gravure-laser-de-votre-logo-avec-ou-sans-code-qr-desormais-disponible-en-option-supplementaire","status":"publish","type":"page","link":"https:\/\/kemperkontakt.de\/fr\/nouveau-gravure-laser-de-votre-logo-avec-ou-sans-code-qr-desormais-disponible-en-option-supplementaire\/","title":{"rendered":"Nouveau : gravure laser de votre logo avec ou sans code QR &#8211; D\u00e9sormais disponible en option suppl\u00e9mentaire"},"content":{"rendered":"<div class=\"fusion-fullwidth fullwidth-box fusion-builder-row-1 fusion-flex-container nonhundred-percent-fullwidth non-hundred-percent-height-scrolling\" style=\"--awb-border-radius-top-left:0px;--awb-border-radius-top-right:0px;--awb-border-radius-bottom-right:0px;--awb-border-radius-bottom-left:0px;--awb-flex-wrap:wrap;\" ><div class=\"fusion-builder-row fusion-row fusion-flex-align-items-flex-start fusion-flex-content-wrap\" style=\"max-width:1248px;margin-left: calc(-4% \/ 2 );margin-right: calc(-4% \/ 2 );\"><div class=\"fusion-layout-column fusion_builder_column fusion-builder-column-0 fusion_builder_column_1_1 1_1 fusion-flex-column\" style=\"--awb-bg-blend:overlay;--awb-bg-size:cover;--awb-width-large:100%;--awb-margin-top-large:0px;--awb-spacing-right-large:1.92%;--awb-margin-bottom-large:0px;--awb-spacing-left-large:1.92%;--awb-width-medium:100%;--awb-spacing-right-medium:1.92%;--awb-spacing-left-medium:1.92%;--awb-width-small:100%;--awb-spacing-right-small:1.92%;--awb-spacing-left-small:1.92%;\"><div class=\"fusion-column-wrapper fusion-flex-justify-content-flex-start fusion-content-layout-column\"><div class=\"fusion-text fusion-text-1\"><p><strong>Nouveau : gravure laser de votre logo avec ou sans code QR &#8211; D\u00e9sormais disponible en option suppl\u00e9mentaire<\/strong><\/p>\n<\/div><div class=\"fusion-builder-row fusion-builder-row-inner fusion-row fusion-flex-align-items-flex-start fusion-flex-content-wrap\" style=\"width:104% !important;max-width:104% !important;margin-left: calc(-4% \/ 2 );margin-right: calc(-4% \/ 2 );\"><div class=\"fusion-layout-column fusion_builder_column_inner fusion-builder-nested-column-0 fusion_builder_column_inner_1_2 1_2 fusion-flex-column\" style=\"--awb-bg-size:cover;--awb-width-large:50%;--awb-margin-top-large:0px;--awb-spacing-right-large:3.84%;--awb-margin-bottom-large:20px;--awb-spacing-left-large:3.84%;--awb-width-medium:50%;--awb-order-medium:0;--awb-spacing-right-medium:3.84%;--awb-spacing-left-medium:3.84%;--awb-width-small:100%;--awb-order-small:0;--awb-spacing-right-small:1.92%;--awb-spacing-left-small:1.92%;\"><div class=\"fusion-column-wrapper fusion-column-has-shadow fusion-flex-justify-content-flex-start fusion-content-layout-column\"><div class=\"fusion-image-element \" style=\"--awb-caption-title-font-family:var(--h2_typography-font-family);--awb-caption-title-font-weight:var(--h2_typography-font-weight);--awb-caption-title-font-style:var(--h2_typography-font-style);--awb-caption-title-size:var(--h2_typography-font-size);--awb-caption-title-transform:var(--h2_typography-text-transform);--awb-caption-title-line-height:var(--h2_typography-line-height);--awb-caption-title-letter-spacing:var(--h2_typography-letter-spacing);\"><span class=\" fusion-imageframe imageframe-none imageframe-1 hover-type-none\"><img decoding=\"async\" width=\"400\" height=\"261\" title=\"2025_09_Fotoserie_kemperkontakt-1\" src=\"https:\/\/kemperkontakt.de\/wp-content\/uploads\/2025\/09\/2025_09_Fotoserie_kemperkontakt-1.jpg\" data-orig-src=\"https:\/\/kemperkontakt.de\/wp-content\/uploads\/2025\/09\/2025_09_Fotoserie_kemperkontakt-1-400x261.jpg\" alt class=\"lazyload img-responsive wp-image-7609\" srcset=\"data:image\/svg+xml,%3Csvg%20xmlns%3D%27http%3A%2F%2Fwww.w3.org%2F2000%2Fsvg%27%20width%3D%271280%27%20height%3D%27835%27%20viewBox%3D%270%200%201280%20835%27%3E%3Crect%20width%3D%271280%27%20height%3D%27835%27%20fill-opacity%3D%220%22%2F%3E%3C%2Fsvg%3E\" data-srcset=\"https:\/\/kemperkontakt.de\/wp-content\/uploads\/2025\/09\/2025_09_Fotoserie_kemperkontakt-1-200x130.jpg 200w, https:\/\/kemperkontakt.de\/wp-content\/uploads\/2025\/09\/2025_09_Fotoserie_kemperkontakt-1-400x261.jpg 400w, https:\/\/kemperkontakt.de\/wp-content\/uploads\/2025\/09\/2025_09_Fotoserie_kemperkontakt-1-600x391.jpg 600w, https:\/\/kemperkontakt.de\/wp-content\/uploads\/2025\/09\/2025_09_Fotoserie_kemperkontakt-1-800x522.jpg 800w, https:\/\/kemperkontakt.de\/wp-content\/uploads\/2025\/09\/2025_09_Fotoserie_kemperkontakt-1-1200x783.jpg 1200w, https:\/\/kemperkontakt.de\/wp-content\/uploads\/2025\/09\/2025_09_Fotoserie_kemperkontakt-1.jpg 1280w\" data-sizes=\"auto\" data-orig-sizes=\"(max-width: 640px) 100vw, 600px\" \/><\/span><\/div><\/div><\/div><div class=\"fusion-layout-column fusion_builder_column_inner fusion-builder-nested-column-1 fusion_builder_column_inner_1_2 1_2 fusion-flex-column\" style=\"--awb-bg-size:cover;--awb-width-large:50%;--awb-margin-top-large:0px;--awb-spacing-right-large:3.84%;--awb-margin-bottom-large:20px;--awb-spacing-left-large:3.84%;--awb-width-medium:50%;--awb-order-medium:0;--awb-spacing-right-medium:3.84%;--awb-spacing-left-medium:3.84%;--awb-width-small:100%;--awb-order-small:0;--awb-spacing-right-small:1.92%;--awb-spacing-left-small:1.92%;\"><div class=\"fusion-column-wrapper fusion-column-has-shadow fusion-flex-justify-content-flex-start fusion-content-layout-column\"><div class=\"fusion-image-element \" style=\"--awb-caption-title-font-family:var(--h2_typography-font-family);--awb-caption-title-font-weight:var(--h2_typography-font-weight);--awb-caption-title-font-style:var(--h2_typography-font-style);--awb-caption-title-size:var(--h2_typography-font-size);--awb-caption-title-transform:var(--h2_typography-text-transform);--awb-caption-title-line-height:var(--h2_typography-line-height);--awb-caption-title-letter-spacing:var(--h2_typography-letter-spacing);\"><span class=\" fusion-imageframe imageframe-none imageframe-2 hover-type-none\"><img decoding=\"async\" width=\"400\" height=\"267\" title=\"2025_09_Fotoserie_kemperkontakt-2\" src=\"https:\/\/kemperkontakt.de\/wp-content\/uploads\/2025\/09\/2025_09_Fotoserie_kemperkontakt-2.jpg\" data-orig-src=\"https:\/\/kemperkontakt.de\/wp-content\/uploads\/2025\/09\/2025_09_Fotoserie_kemperkontakt-2-400x267.jpg\" alt class=\"lazyload img-responsive wp-image-7603\" srcset=\"data:image\/svg+xml,%3Csvg%20xmlns%3D%27http%3A%2F%2Fwww.w3.org%2F2000%2Fsvg%27%20width%3D%271280%27%20height%3D%27853%27%20viewBox%3D%270%200%201280%20853%27%3E%3Crect%20width%3D%271280%27%20height%3D%27853%27%20fill-opacity%3D%220%22%2F%3E%3C%2Fsvg%3E\" data-srcset=\"https:\/\/kemperkontakt.de\/wp-content\/uploads\/2025\/09\/2025_09_Fotoserie_kemperkontakt-2-200x133.jpg 200w, https:\/\/kemperkontakt.de\/wp-content\/uploads\/2025\/09\/2025_09_Fotoserie_kemperkontakt-2-400x267.jpg 400w, https:\/\/kemperkontakt.de\/wp-content\/uploads\/2025\/09\/2025_09_Fotoserie_kemperkontakt-2-600x400.jpg 600w, https:\/\/kemperkontakt.de\/wp-content\/uploads\/2025\/09\/2025_09_Fotoserie_kemperkontakt-2-800x533.jpg 800w, https:\/\/kemperkontakt.de\/wp-content\/uploads\/2025\/09\/2025_09_Fotoserie_kemperkontakt-2-1200x800.jpg 1200w, https:\/\/kemperkontakt.de\/wp-content\/uploads\/2025\/09\/2025_09_Fotoserie_kemperkontakt-2.jpg 1280w\" data-sizes=\"auto\" data-orig-sizes=\"(max-width: 640px) 100vw, 600px\" \/><\/span><\/div><\/div><\/div><\/div><div class=\"fusion-text fusion-text-2\"><p>D\u00e8s maintenant, nous vous offrons la possibilit\u00e9 de personnaliser vos <strong>disques de contact<\/strong> et <strong>vos rouleaux<\/strong> avec une <strong>gravure laser<\/strong> pr\u00e9cise. Faites graver votre <strong>logo<\/strong> et, le cas \u00e9ch\u00e9ant, un <strong>code QR<\/strong> sur vos produits &#8211; et ce, pour un suppl\u00e9ment de prix attractif. <\/p>\n<p>Cette option suppl\u00e9mentaire vous offre la possibilit\u00e9 de marquer vos produits de mani\u00e8re encore plus cibl\u00e9e et de laisser une impression durable chez vos clients.<\/p>\n<p><strong>Vos avantages :<\/strong><\/p>\n<ul>\n<li><strong>Gravure pr\u00e9cise et durable<\/strong> du logo et du code QR<\/li>\n<li><strong>Int\u00e9gration facile<\/strong> dans les produits existants<\/li>\n<li><strong>Haute qualit\u00e9 et exclusivit\u00e9<\/strong> gr\u00e2ce \u00e0 la technologie laser moderne<\/li>\n<\/ul>\n<p>Profitez de cette option et ajoutez une touche encore plus personnelle \u00e0 vos produits.<\/p>\n<\/div><\/div><\/div><\/div><\/div>\n","protected":false},"excerpt":{"rendered":"","protected":false},"author":3,"featured_media":0,"parent":0,"menu_order":0,"comment_status":"closed","ping_status":"closed","template":"","meta":{"footnotes":""},"class_list":["post-7688","page","type-page","status-publish","hentry"],"yoast_head":"<!-- This site is optimized with the Yoast SEO plugin v27.3 - https:\/\/yoast.com\/product\/yoast-seo-wordpress\/ -->\n<title>Nouveau : gravure laser de votre logo avec ou sans code QR - D\u00e9sormais disponible en option suppl\u00e9mentaire - Kemper-Kontakt<\/title>\n<meta name=\"robots\" content=\"index, follow, max-snippet:-1, max-image-preview:large, max-video-preview:-1\" \/>\n<link rel=\"canonical\" href=\"https:\/\/kemperkontakt.de\/fr\/nouveau-gravure-laser-de-votre-logo-avec-ou-sans-code-qr-desormais-disponible-en-option-supplementaire\/\" \/>\n<meta property=\"og:locale\" content=\"fr_FR\" \/>\n<meta property=\"og:type\" content=\"article\" \/>\n<meta property=\"og:title\" content=\"Nouveau : gravure laser de votre logo avec ou sans code QR - D\u00e9sormais disponible en option suppl\u00e9mentaire - Kemper-Kontakt\" \/>\n<meta property=\"og:url\" content=\"https:\/\/kemperkontakt.de\/fr\/nouveau-gravure-laser-de-votre-logo-avec-ou-sans-code-qr-desormais-disponible-en-option-supplementaire\/\" \/>\n<meta property=\"og:site_name\" content=\"Kemper-Kontakt\" \/>\n<meta property=\"article:modified_time\" content=\"2025-10-23T08:09:04+00:00\" \/>\n<meta name=\"twitter:card\" content=\"summary_large_image\" \/>\n<meta name=\"twitter:label1\" content=\"Dur\u00e9e de lecture estim\u00e9e\" \/>\n\t<meta name=\"twitter:data1\" content=\"5 minutes\" \/>\n<script type=\"application\/ld+json\" class=\"yoast-schema-graph\">{\"@context\":\"https:\\\/\\\/schema.org\",\"@graph\":[{\"@type\":\"WebPage\",\"@id\":\"https:\\\/\\\/kemperkontakt.de\\\/fr\\\/nouveau-gravure-laser-de-votre-logo-avec-ou-sans-code-qr-desormais-disponible-en-option-supplementaire\\\/\",\"url\":\"https:\\\/\\\/kemperkontakt.de\\\/fr\\\/nouveau-gravure-laser-de-votre-logo-avec-ou-sans-code-qr-desormais-disponible-en-option-supplementaire\\\/\",\"name\":\"Nouveau : gravure laser de votre logo avec ou sans code QR - D\u00e9sormais disponible en option suppl\u00e9mentaire - Kemper-Kontakt\",\"isPartOf\":{\"@id\":\"https:\\\/\\\/kemperkontakt.de\\\/fr\\\/#website\"},\"datePublished\":\"2025-09-30T13:49:13+00:00\",\"dateModified\":\"2025-10-23T08:09:04+00:00\",\"breadcrumb\":{\"@id\":\"https:\\\/\\\/kemperkontakt.de\\\/fr\\\/nouveau-gravure-laser-de-votre-logo-avec-ou-sans-code-qr-desormais-disponible-en-option-supplementaire\\\/#breadcrumb\"},\"inLanguage\":\"fr-FR\",\"potentialAction\":[{\"@type\":\"ReadAction\",\"target\":[\"https:\\\/\\\/kemperkontakt.de\\\/fr\\\/nouveau-gravure-laser-de-votre-logo-avec-ou-sans-code-qr-desormais-disponible-en-option-supplementaire\\\/\"]}]},{\"@type\":\"BreadcrumbList\",\"@id\":\"https:\\\/\\\/kemperkontakt.de\\\/fr\\\/nouveau-gravure-laser-de-votre-logo-avec-ou-sans-code-qr-desormais-disponible-en-option-supplementaire\\\/#breadcrumb\",\"itemListElement\":[{\"@type\":\"ListItem\",\"position\":1,\"name\":\"Startseite\",\"item\":\"https:\\\/\\\/kemperkontakt.de\\\/fr\\\/\"},{\"@type\":\"ListItem\",\"position\":2,\"name\":\"Cat\u00e9gories bleu\",\"item\":\"https:\\\/\\\/kemperkontakt.de\\\/fr\\\/categories-bleu\\\/\"},{\"@type\":\"ListItem\",\"position\":3,\"name\":\"Nouveau : gravure laser de votre logo avec ou sans code QR &#8211; D\u00e9sormais disponible en option suppl\u00e9mentaire\"}]},{\"@type\":\"WebSite\",\"@id\":\"https:\\\/\\\/kemperkontakt.de\\\/fr\\\/#website\",\"url\":\"https:\\\/\\\/kemperkontakt.de\\\/fr\\\/\",\"name\":\"Kemper-Kontakt\",\"description\":\"\",\"potentialAction\":[{\"@type\":\"SearchAction\",\"target\":{\"@type\":\"EntryPoint\",\"urlTemplate\":\"https:\\\/\\\/kemperkontakt.de\\\/fr\\\/?s={search_term_string}\"},\"query-input\":{\"@type\":\"PropertyValueSpecification\",\"valueRequired\":true,\"valueName\":\"search_term_string\"}}],\"inLanguage\":\"fr-FR\"}]}<\/script>\n<!-- \/ Yoast SEO plugin. -->","yoast_head_json":{"title":"Nouveau : gravure laser de votre logo avec ou sans code QR - D\u00e9sormais disponible en option suppl\u00e9mentaire - Kemper-Kontakt","robots":{"index":"index","follow":"follow","max-snippet":"max-snippet:-1","max-image-preview":"max-image-preview:large","max-video-preview":"max-video-preview:-1"},"canonical":"https:\/\/kemperkontakt.de\/fr\/nouveau-gravure-laser-de-votre-logo-avec-ou-sans-code-qr-desormais-disponible-en-option-supplementaire\/","og_locale":"fr_FR","og_type":"article","og_title":"Nouveau : gravure laser de votre logo avec ou sans code QR - D\u00e9sormais disponible en option suppl\u00e9mentaire - Kemper-Kontakt","og_url":"https:\/\/kemperkontakt.de\/fr\/nouveau-gravure-laser-de-votre-logo-avec-ou-sans-code-qr-desormais-disponible-en-option-supplementaire\/","og_site_name":"Kemper-Kontakt","article_modified_time":"2025-10-23T08:09:04+00:00","twitter_card":"summary_large_image","twitter_misc":{"Dur\u00e9e de lecture estim\u00e9e":"5 minutes"},"schema":{"@context":"https:\/\/schema.org","@graph":[{"@type":"WebPage","@id":"https:\/\/kemperkontakt.de\/fr\/nouveau-gravure-laser-de-votre-logo-avec-ou-sans-code-qr-desormais-disponible-en-option-supplementaire\/","url":"https:\/\/kemperkontakt.de\/fr\/nouveau-gravure-laser-de-votre-logo-avec-ou-sans-code-qr-desormais-disponible-en-option-supplementaire\/","name":"Nouveau : gravure laser de votre logo avec ou sans code QR - D\u00e9sormais disponible en option suppl\u00e9mentaire - Kemper-Kontakt","isPartOf":{"@id":"https:\/\/kemperkontakt.de\/fr\/#website"},"datePublished":"2025-09-30T13:49:13+00:00","dateModified":"2025-10-23T08:09:04+00:00","breadcrumb":{"@id":"https:\/\/kemperkontakt.de\/fr\/nouveau-gravure-laser-de-votre-logo-avec-ou-sans-code-qr-desormais-disponible-en-option-supplementaire\/#breadcrumb"},"inLanguage":"fr-FR","potentialAction":[{"@type":"ReadAction","target":["https:\/\/kemperkontakt.de\/fr\/nouveau-gravure-laser-de-votre-logo-avec-ou-sans-code-qr-desormais-disponible-en-option-supplementaire\/"]}]},{"@type":"BreadcrumbList","@id":"https:\/\/kemperkontakt.de\/fr\/nouveau-gravure-laser-de-votre-logo-avec-ou-sans-code-qr-desormais-disponible-en-option-supplementaire\/#breadcrumb","itemListElement":[{"@type":"ListItem","position":1,"name":"Startseite","item":"https:\/\/kemperkontakt.de\/fr\/"},{"@type":"ListItem","position":2,"name":"Cat\u00e9gories bleu","item":"https:\/\/kemperkontakt.de\/fr\/categories-bleu\/"},{"@type":"ListItem","position":3,"name":"Nouveau : gravure laser de votre logo avec ou sans code QR &#8211; D\u00e9sormais disponible en option suppl\u00e9mentaire"}]},{"@type":"WebSite","@id":"https:\/\/kemperkontakt.de\/fr\/#website","url":"https:\/\/kemperkontakt.de\/fr\/","name":"Kemper-Kontakt","description":"","potentialAction":[{"@type":"SearchAction","target":{"@type":"EntryPoint","urlTemplate":"https:\/\/kemperkontakt.de\/fr\/?s={search_term_string}"},"query-input":{"@type":"PropertyValueSpecification","valueRequired":true,"valueName":"search_term_string"}}],"inLanguage":"fr-FR"}]}},"_links":{"self":[{"href":"https:\/\/kemperkontakt.de\/fr\/wp-json\/wp\/v2\/pages\/7688","targetHints":{"allow":["GET"]}}],"collection":[{"href":"https:\/\/kemperkontakt.de\/fr\/wp-json\/wp\/v2\/pages"}],"about":[{"href":"https:\/\/kemperkontakt.de\/fr\/wp-json\/wp\/v2\/types\/page"}],"author":[{"embeddable":true,"href":"https:\/\/kemperkontakt.de\/fr\/wp-json\/wp\/v2\/users\/3"}],"replies":[{"embeddable":true,"href":"https:\/\/kemperkontakt.de\/fr\/wp-json\/wp\/v2\/comments?post=7688"}],"version-history":[{"count":5,"href":"https:\/\/kemperkontakt.de\/fr\/wp-json\/wp\/v2\/pages\/7688\/revisions"}],"predecessor-version":[{"id":7693,"href":"https:\/\/kemperkontakt.de\/fr\/wp-json\/wp\/v2\/pages\/7688\/revisions\/7693"}],"wp:attachment":[{"href":"https:\/\/kemperkontakt.de\/fr\/wp-json\/wp\/v2\/media?parent=7688"}],"curies":[{"name":"wp","href":"https:\/\/api.w.org\/{rel}","templated":true}]}}