{"id":3749,"date":"2024-05-15T17:40:12","date_gmt":"2024-05-15T15:40:12","guid":{"rendered":"https:\/\/kemperkontakt.com\/mentions-legales\/"},"modified":"2025-03-13T14:19:11","modified_gmt":"2025-03-13T13:19:11","slug":"mentions-legales","status":"publish","type":"page","link":"https:\/\/kemperkontakt.de\/fr\/mentions-legales\/","title":{"rendered":"Mentions l\u00e9gales"},"content":{"rendered":"<div class=\"fusion-fullwidth fullwidth-box fusion-builder-row-1 fusion-flex-container has-pattern-background has-mask-background nonhundred-percent-fullwidth non-hundred-percent-height-scrolling\" style=\"--awb-border-radius-top-left:0px;--awb-border-radius-top-right:0px;--awb-border-radius-bottom-right:0px;--awb-border-radius-bottom-left:0px;--awb-flex-wrap:wrap;\" ><div class=\"fusion-builder-row fusion-row fusion-flex-align-items-flex-start fusion-flex-content-wrap\" style=\"max-width:1248px;margin-left: calc(-4% \/ 2 );margin-right: calc(-4% \/ 2 );\"><div class=\"fusion-layout-column fusion_builder_column fusion-builder-column-0 fusion_builder_column_1_1 1_1 fusion-flex-column\" style=\"--awb-bg-size:cover;--awb-width-large:100%;--awb-margin-top-large:0px;--awb-spacing-right-large:1.92%;--awb-margin-bottom-large:20px;--awb-spacing-left-large:1.92%;--awb-width-medium:100%;--awb-order-medium:0;--awb-spacing-right-medium:1.92%;--awb-spacing-left-medium:1.92%;--awb-width-small:100%;--awb-order-small:0;--awb-spacing-right-small:1.92%;--awb-spacing-left-small:1.92%;\"><div class=\"fusion-column-wrapper fusion-column-has-shadow fusion-flex-justify-content-flex-start fusion-content-layout-column\"><div class=\"fusion-text fusion-text-1\"><h1 class=\"bodytext\"><strong>Mentions l\u00e9gales<\/strong><\/h1>\n<h4><\/h4>\n<h4 class=\"bodytext\"><strong>KEMPER-KONTAKT Gert Kemper GmbH<\/strong><\/h4>\n<p>Siegersbusch 45A<br \/>\n42327 Wuppertal<br \/>\nT\u00e9l. : +49-(0)202\/78607-0<br \/>\ne-mail :  <a class=\"mail\" title=\"Envoyez-nous un e-mail.\" href=\"mailto:kontakt@kemperkontakt.de\">contact[at]kemperkontakt.de<\/a><br \/>\nWeb :  <a class=\"internal-link\" href=\"\/index.php?id=1\">www.kemperkontakt.de<\/a><\/p>\n<h4>Tribunal d&rsquo;enregistrement :<\/h4>\n<p>Tribunal d&rsquo;instance de Wuppertal<\/p>\n<h4>Num\u00e9ro d&rsquo;enregistrement :<\/h4>\n<p>HRB 5223<\/p>\n<h4>Directeur g\u00e9n\u00e9ral :<\/h4>\n<p>Martin Schnepper<\/p>\n<h4>Num\u00e9ro de TVA :<\/h4>\n<p>FR121108432<\/p>\n<h4>Autorit\u00e9 de surveillance comp\u00e9tente pour l&rsquo;offre de services de m\u00e9dias audiovisuels :<\/h4>\n<p>Institut r\u00e9gional des m\u00e9dias NRW<br \/>\nDirecteur : Dr. Tobias Schmid<br \/>\nPr\u00e9sident de la Commission des m\u00e9dias : Prof. Dr Werner Schwaderlapp<\/p>\n<p>Presse : Nele Nieuwenhuis, Zollhof 2, 40221 D\u00fcsseldorf, t\u00e9l\u00e9phone : +49 211 770070, e-mail : info@medienanstalt-nrw.de, site web : www.medienanstalt-nrw.de<\/p>\n<h4>Plate-forme de la Commission europ\u00e9enne pour le r\u00e8glement en ligne des litiges :<\/h4>\n<p>https:\/\/ec.europa.eu\/odr<br \/>\nNous ne sommes ni oblig\u00e9s ni dispos\u00e9s \u00e0 participer \u00e0 une proc\u00e9dure de r\u00e8glement des litiges devant un organisme de conciliation des consommateurs.<\/p>\n<h4>Pour tous les liens externes de ce site<\/h4>\n<p>KEMPER-KONTAKT Gert Kemper GmbH d\u00e9clare express\u00e9ment n&rsquo;avoir eu aucune influence sur la conception et le contenu des sites li\u00e9s.<\/p>\n<h4>Responsable du contenu des pages Internet de KEMPER-KONTAKT Gert Kemper GmbH conform\u00e9ment au \u00a710 alin\u00e9a 3 MDStV :<\/h4>\n<p>Martin Schnepper<\/p>\n<h4>Protection des donn\u00e9es<\/h4>\n<p>Toutes les donn\u00e9es personnelles collect\u00e9es sur nos pages Internet sont enregistr\u00e9es et trait\u00e9es exclusivement pour vous assister et vous conseiller ou pour vous envoyer des informations sur les produits et les services. Vos donn\u00e9es seront trait\u00e9es de mani\u00e8re confidentielle, conform\u00e9ment aux dispositions l\u00e9gales relatives \u00e0 la protection des donn\u00e9es. <\/p>\n<h4>Mise \u00e0 jour et entretien<\/h4>\n<p class=\"bodytext\">KEMPER-KONTAKT Gert Kemper GmbH<\/p>\n<h4>Sources des images<\/h4>\n<p>https:\/\/pixabay.com\/de\/photos\/arbeiter-schleifer-fabrik-5736096\/<\/p>\n<\/div><\/div><\/div><\/div><\/div>\n","protected":false},"excerpt":{"rendered":"","protected":false},"author":1,"featured_media":0,"parent":0,"menu_order":0,"comment_status":"closed","ping_status":"closed","template":"100-width.php","meta":{"footnotes":""},"class_list":["post-3749","page","type-page","status-publish","hentry"],"yoast_head":"<!-- This site is optimized with the Yoast SEO plugin v27.3 - https:\/\/yoast.com\/product\/yoast-seo-wordpress\/ -->\n<title>Mentions l\u00e9gales - Kemper-Kontakt<\/title>\n<meta name=\"robots\" content=\"index, follow, max-snippet:-1, max-image-preview:large, max-video-preview:-1\" \/>\n<link rel=\"canonical\" href=\"https:\/\/kemperkontakt.de\/fr\/mentions-legales\/\" \/>\n<meta property=\"og:locale\" content=\"fr_FR\" \/>\n<meta property=\"og:type\" content=\"article\" \/>\n<meta property=\"og:title\" content=\"Mentions l\u00e9gales - Kemper-Kontakt\" \/>\n<meta property=\"og:url\" content=\"https:\/\/kemperkontakt.de\/fr\/mentions-legales\/\" \/>\n<meta property=\"og:site_name\" content=\"Kemper-Kontakt\" \/>\n<meta property=\"article:modified_time\" content=\"2025-03-13T13:19:11+00:00\" \/>\n<meta name=\"twitter:card\" content=\"summary_large_image\" \/>\n<meta name=\"twitter:label1\" content=\"Dur\u00e9e de lecture estim\u00e9e\" \/>\n\t<meta name=\"twitter:data1\" content=\"2 minutes\" \/>\n<script type=\"application\/ld+json\" class=\"yoast-schema-graph\">{\"@context\":\"https:\\\/\\\/schema.org\",\"@graph\":[{\"@type\":\"WebPage\",\"@id\":\"https:\\\/\\\/kemperkontakt.de\\\/fr\\\/mentions-legales\\\/\",\"url\":\"https:\\\/\\\/kemperkontakt.de\\\/fr\\\/mentions-legales\\\/\",\"name\":\"Mentions l\u00e9gales - Kemper-Kontakt\",\"isPartOf\":{\"@id\":\"https:\\\/\\\/kemperkontakt.de\\\/fr\\\/#website\"},\"datePublished\":\"2024-05-15T15:40:12+00:00\",\"dateModified\":\"2025-03-13T13:19:11+00:00\",\"breadcrumb\":{\"@id\":\"https:\\\/\\\/kemperkontakt.de\\\/fr\\\/mentions-legales\\\/#breadcrumb\"},\"inLanguage\":\"fr-FR\",\"potentialAction\":[{\"@type\":\"ReadAction\",\"target\":[\"https:\\\/\\\/kemperkontakt.de\\\/fr\\\/mentions-legales\\\/\"]}]},{\"@type\":\"BreadcrumbList\",\"@id\":\"https:\\\/\\\/kemperkontakt.de\\\/fr\\\/mentions-legales\\\/#breadcrumb\",\"itemListElement\":[{\"@type\":\"ListItem\",\"position\":1,\"name\":\"Startseite\",\"item\":\"https:\\\/\\\/kemperkontakt.de\\\/fr\\\/\"},{\"@type\":\"ListItem\",\"position\":2,\"name\":\"Mentions l\u00e9gales\"}]},{\"@type\":\"WebSite\",\"@id\":\"https:\\\/\\\/kemperkontakt.de\\\/fr\\\/#website\",\"url\":\"https:\\\/\\\/kemperkontakt.de\\\/fr\\\/\",\"name\":\"Kemper-Kontakt\",\"description\":\"\",\"potentialAction\":[{\"@type\":\"SearchAction\",\"target\":{\"@type\":\"EntryPoint\",\"urlTemplate\":\"https:\\\/\\\/kemperkontakt.de\\\/fr\\\/?s={search_term_string}\"},\"query-input\":{\"@type\":\"PropertyValueSpecification\",\"valueRequired\":true,\"valueName\":\"search_term_string\"}}],\"inLanguage\":\"fr-FR\"}]}<\/script>\n<!-- \/ Yoast SEO plugin. -->","yoast_head_json":{"title":"Mentions l\u00e9gales - Kemper-Kontakt","robots":{"index":"index","follow":"follow","max-snippet":"max-snippet:-1","max-image-preview":"max-image-preview:large","max-video-preview":"max-video-preview:-1"},"canonical":"https:\/\/kemperkontakt.de\/fr\/mentions-legales\/","og_locale":"fr_FR","og_type":"article","og_title":"Mentions l\u00e9gales - Kemper-Kontakt","og_url":"https:\/\/kemperkontakt.de\/fr\/mentions-legales\/","og_site_name":"Kemper-Kontakt","article_modified_time":"2025-03-13T13:19:11+00:00","twitter_card":"summary_large_image","twitter_misc":{"Dur\u00e9e de lecture estim\u00e9e":"2 minutes"},"schema":{"@context":"https:\/\/schema.org","@graph":[{"@type":"WebPage","@id":"https:\/\/kemperkontakt.de\/fr\/mentions-legales\/","url":"https:\/\/kemperkontakt.de\/fr\/mentions-legales\/","name":"Mentions l\u00e9gales - Kemper-Kontakt","isPartOf":{"@id":"https:\/\/kemperkontakt.de\/fr\/#website"},"datePublished":"2024-05-15T15:40:12+00:00","dateModified":"2025-03-13T13:19:11+00:00","breadcrumb":{"@id":"https:\/\/kemperkontakt.de\/fr\/mentions-legales\/#breadcrumb"},"inLanguage":"fr-FR","potentialAction":[{"@type":"ReadAction","target":["https:\/\/kemperkontakt.de\/fr\/mentions-legales\/"]}]},{"@type":"BreadcrumbList","@id":"https:\/\/kemperkontakt.de\/fr\/mentions-legales\/#breadcrumb","itemListElement":[{"@type":"ListItem","position":1,"name":"Startseite","item":"https:\/\/kemperkontakt.de\/fr\/"},{"@type":"ListItem","position":2,"name":"Mentions l\u00e9gales"}]},{"@type":"WebSite","@id":"https:\/\/kemperkontakt.de\/fr\/#website","url":"https:\/\/kemperkontakt.de\/fr\/","name":"Kemper-Kontakt","description":"","potentialAction":[{"@type":"SearchAction","target":{"@type":"EntryPoint","urlTemplate":"https:\/\/kemperkontakt.de\/fr\/?s={search_term_string}"},"query-input":{"@type":"PropertyValueSpecification","valueRequired":true,"valueName":"search_term_string"}}],"inLanguage":"fr-FR"}]}},"_links":{"self":[{"href":"https:\/\/kemperkontakt.de\/fr\/wp-json\/wp\/v2\/pages\/3749","targetHints":{"allow":["GET"]}}],"collection":[{"href":"https:\/\/kemperkontakt.de\/fr\/wp-json\/wp\/v2\/pages"}],"about":[{"href":"https:\/\/kemperkontakt.de\/fr\/wp-json\/wp\/v2\/types\/page"}],"author":[{"embeddable":true,"href":"https:\/\/kemperkontakt.de\/fr\/wp-json\/wp\/v2\/users\/1"}],"replies":[{"embeddable":true,"href":"https:\/\/kemperkontakt.de\/fr\/wp-json\/wp\/v2\/comments?post=3749"}],"version-history":[{"count":10,"href":"https:\/\/kemperkontakt.de\/fr\/wp-json\/wp\/v2\/pages\/3749\/revisions"}],"predecessor-version":[{"id":6849,"href":"https:\/\/kemperkontakt.de\/fr\/wp-json\/wp\/v2\/pages\/3749\/revisions\/6849"}],"wp:attachment":[{"href":"https:\/\/kemperkontakt.de\/fr\/wp-json\/wp\/v2\/media?parent=3749"}],"curies":[{"name":"wp","href":"https:\/\/api.w.org\/{rel}","templated":true}]}}