{"id":3377,"date":"2024-04-25T17:21:04","date_gmt":"2024-04-25T15:21:04","guid":{"rendered":"https:\/\/kemperkontakt.com\/a-propos-de-nous\/"},"modified":"2025-02-17T11:49:26","modified_gmt":"2025-02-17T10:49:26","slug":"a-propos-de-nous","status":"publish","type":"page","link":"https:\/\/kemperkontakt.de\/fr\/a-propos-de-nous\/","title":{"rendered":"\u00c0 propos de nous"},"content":{"rendered":"<div class=\"fusion-fullwidth fullwidth-box fusion-builder-row-1 fusion-flex-container has-pattern-background has-mask-background nonhundred-percent-fullwidth non-hundred-percent-height-scrolling\" style=\"--awb-border-radius-top-left:0px;--awb-border-radius-top-right:0px;--awb-border-radius-bottom-right:0px;--awb-border-radius-bottom-left:0px;--awb-flex-wrap:wrap;\" ><div class=\"fusion-builder-row fusion-row fusion-flex-align-items-flex-start fusion-flex-content-wrap\" style=\"max-width:1248px;margin-left: calc(-4% \/ 2 );margin-right: calc(-4% \/ 2 );\"><div class=\"fusion-layout-column fusion_builder_column fusion-builder-column-0 fusion_builder_column_1_1 1_1 fusion-flex-column\" style=\"--awb-bg-size:cover;--awb-width-large:100%;--awb-margin-top-large:0px;--awb-spacing-right-large:1.92%;--awb-margin-bottom-large:20px;--awb-spacing-left-large:1.92%;--awb-width-medium:100%;--awb-order-medium:0;--awb-spacing-right-medium:1.92%;--awb-spacing-left-medium:1.92%;--awb-width-small:100%;--awb-order-small:0;--awb-spacing-right-small:1.92%;--awb-spacing-left-small:1.92%;\"><div class=\"fusion-column-wrapper fusion-column-has-shadow fusion-flex-justify-content-flex-start fusion-content-layout-column\"><div class=\"fusion-title title fusion-title-1 fusion-sep-none fusion-title-text fusion-title-size-one\"><h1 class=\"fusion-title-heading title-heading-left fusion-responsive-typography-calculated\" style=\"margin:0;--fontSize:48;line-height:1.2;\"><h2>Kemper-Contact &#8211;<br \/>\nUne entreprise de tradition<\/h2><\/h1><\/div><\/div><\/div><div class=\"fusion-layout-column fusion_builder_column fusion-builder-column-1 fusion_builder_column_1_1 1_1 fusion-flex-column\" style=\"--awb-bg-size:cover;--awb-width-large:100%;--awb-margin-top-large:0px;--awb-spacing-right-large:1.92%;--awb-margin-bottom-large:20px;--awb-spacing-left-large:1.92%;--awb-width-medium:100%;--awb-order-medium:0;--awb-spacing-right-medium:1.92%;--awb-spacing-left-medium:1.92%;--awb-width-small:100%;--awb-order-small:0;--awb-spacing-right-small:1.92%;--awb-spacing-left-small:1.92%;\"><div class=\"fusion-column-wrapper fusion-column-has-shadow fusion-flex-justify-content-flex-start fusion-content-layout-column\"><div class=\"fusion-text fusion-text-1\"><p><img decoding=\"async\" class=\"lazyload alignleft wp-image-621\" src=\"http:\/\/kemperkontakt.com\/wp-content\/uploads\/2024\/06\/scan_9066_800x500.png\" data-orig-src=\"http:\/\/kemperkontakt.com\/wp-content\/uploads\/2024\/06\/scan_9066_800x500.png\" alt=\"\" width=\"300\" height=\"188\" srcset=\"data:image\/svg+xml,%3Csvg%20xmlns%3D%27http%3A%2F%2Fwww.w3.org%2F2000%2Fsvg%27%20width%3D%27300%27%20height%3D%27188%27%20viewBox%3D%270%200%20300%20188%27%3E%3Crect%20width%3D%27300%27%20height%3D%27188%27%20fill-opacity%3D%220%22%2F%3E%3C%2Fsvg%3E\" data-srcset=\"https:\/\/kemperkontakt.de\/wp-content\/uploads\/2024\/06\/scan_9066_800x500-200x125.png 200w, https:\/\/kemperkontakt.de\/wp-content\/uploads\/2024\/06\/scan_9066_800x500-300x188.png 300w, https:\/\/kemperkontakt.de\/wp-content\/uploads\/2024\/06\/scan_9066_800x500-320x202.png 320w, https:\/\/kemperkontakt.de\/wp-content\/uploads\/2024\/06\/scan_9066_800x500-400x250.png 400w, https:\/\/kemperkontakt.de\/wp-content\/uploads\/2024\/06\/scan_9066_800x500-500x313.png 500w, https:\/\/kemperkontakt.de\/wp-content\/uploads\/2024\/06\/scan_9066_800x500-600x375.png 600w, https:\/\/kemperkontakt.de\/wp-content\/uploads\/2024\/06\/scan_9066_800x500-700x441.png 700w, https:\/\/kemperkontakt.de\/wp-content\/uploads\/2024\/06\/scan_9066_800x500-768x480.png 768w, https:\/\/kemperkontakt.de\/wp-content\/uploads\/2024\/06\/scan_9066_800x500.png 800w\" data-sizes=\"auto\" data-orig-sizes=\"(max-width: 300px) 100vw, 300px\" \/><\/p>\n<p>KEMPER-KONTAKT est synonyme de pr\u00e9cision, de qualit\u00e9 et d\u2019innovation dans la rectification de surface et la fabrication de rondelles de contact, de rouleaux et de composants sp\u00e9ciaux pour les besoins industriels et municipaux.<br \/>\nNos deux d\u00e9partements nous permettent de vous proposer une large gamme de produits et de solutions, livrables dans pr\u00e8s de 45\u00a0pays \u00e0 travers le monde.<\/p>\n<p>Nous comptons parmi les leaders du march\u00e9 du pon\u00e7age des surfaces depuis plus de 70\u00a0ans.<br \/>\nNous puisons dans cette longue exp\u00e9rience les comp\u00e9tences pour d\u00e9velopper des technologies innovantes dans le meulage et le tron\u00e7onnage et les am\u00e9liorer sans cesse<\/p>\n<p>Notre volont\u00e9 de perfectionnement se refl\u00e8te dans notre syst\u00e8me certifi\u00e9 de gestion qualit\u00e9, soutenu par des processus document\u00e9s et de contr\u00f4les internes.<\/p>\n<p>Notre centre d\u2019essai KEMPER-KONTAKT joue un r\u00f4le crucial dans le d\u00e9veloppement de nouveaux mat\u00e9riaux et proc\u00e9d\u00e9s.<br \/>\nNous analysons et optimisons votre proc\u00e9d\u00e9 de rectification gr\u00e2ce \u00e0 notre savoir-faire approfondi afin de vous proposer une solution optimale et \u00e9conomique.<\/p>\n<p><img decoding=\"async\" class=\"lazyload alignright wp-image-623\" src=\"http:\/\/kemperkontakt.com\/wp-content\/uploads\/2024\/06\/scan_9069_800x500.png\" data-orig-src=\"http:\/\/kemperkontakt.com\/wp-content\/uploads\/2024\/06\/scan_9069_800x500.png\" alt=\"\" width=\"300\" height=\"188\" srcset=\"data:image\/svg+xml,%3Csvg%20xmlns%3D%27http%3A%2F%2Fwww.w3.org%2F2000%2Fsvg%27%20width%3D%27300%27%20height%3D%27188%27%20viewBox%3D%270%200%20300%20188%27%3E%3Crect%20width%3D%27300%27%20height%3D%27188%27%20fill-opacity%3D%220%22%2F%3E%3C%2Fsvg%3E\" data-srcset=\"https:\/\/kemperkontakt.de\/wp-content\/uploads\/2024\/06\/scan_9069_800x500-200x125.png 200w, https:\/\/kemperkontakt.de\/wp-content\/uploads\/2024\/06\/scan_9069_800x500-300x188.png 300w, https:\/\/kemperkontakt.de\/wp-content\/uploads\/2024\/06\/scan_9069_800x500-320x202.png 320w, https:\/\/kemperkontakt.de\/wp-content\/uploads\/2024\/06\/scan_9069_800x500-400x250.png 400w, https:\/\/kemperkontakt.de\/wp-content\/uploads\/2024\/06\/scan_9069_800x500-500x313.png 500w, https:\/\/kemperkontakt.de\/wp-content\/uploads\/2024\/06\/scan_9069_800x500-600x375.png 600w, https:\/\/kemperkontakt.de\/wp-content\/uploads\/2024\/06\/scan_9069_800x500-700x441.png 700w, https:\/\/kemperkontakt.de\/wp-content\/uploads\/2024\/06\/scan_9069_800x500-768x480.png 768w, https:\/\/kemperkontakt.de\/wp-content\/uploads\/2024\/06\/scan_9069_800x500.png 800w\" data-sizes=\"auto\" data-orig-sizes=\"(max-width: 300px) 100vw, 300px\" \/><\/p>\n<p>Notre deuxi\u00e8me secteur d\u2019activit\u00e9 est ax\u00e9 sur la fabrication de rondelles de contact pr\u00e9cises et de haute qualit\u00e9, des rouleaux et des composants sp\u00e9ciaux indispensables au bon fonctionnement des processus de production de votre entreprise.<br \/>\nNotre expertise s\u2019\u00e9tend \u00e0 des domaines sp\u00e9cifiques pour, par exemple, la technique d\u2019entra\u00eenement, l\u2019hydraulique, la maintenance et la manutention.<br \/>\nCes solutions sp\u00e9ciales maximisent la fonctionnalit\u00e9, la protection de l\u2019utilisateur et l\u2019utilisation op\u00e9rationnelle.<\/p>\n<p><img decoding=\"async\" class=\"lazyload alignleft wp-image-624\" src=\"http:\/\/kemperkontakt.com\/wp-content\/uploads\/2024\/06\/scan_9073_800x800.png\" data-orig-src=\"http:\/\/kemperkontakt.com\/wp-content\/uploads\/2024\/06\/scan_9073_800x800.png\" alt=\"\" width=\"300\" height=\"300\" srcset=\"data:image\/svg+xml,%3Csvg%20xmlns%3D%27http%3A%2F%2Fwww.w3.org%2F2000%2Fsvg%27%20width%3D%27300%27%20height%3D%27300%27%20viewBox%3D%270%200%20300%20300%27%3E%3Crect%20width%3D%27300%27%20height%3D%27300%27%20fill-opacity%3D%220%22%2F%3E%3C%2Fsvg%3E\" data-srcset=\"https:\/\/kemperkontakt.de\/wp-content\/uploads\/2024\/06\/scan_9073_800x800-66x66.png 66w, https:\/\/kemperkontakt.de\/wp-content\/uploads\/2024\/06\/scan_9073_800x800-150x150.png 150w, https:\/\/kemperkontakt.de\/wp-content\/uploads\/2024\/06\/scan_9073_800x800-200x200.png 200w, https:\/\/kemperkontakt.de\/wp-content\/uploads\/2024\/06\/scan_9073_800x800-300x300.png 300w, https:\/\/kemperkontakt.de\/wp-content\/uploads\/2024\/06\/scan_9073_800x800-400x400.png 400w, https:\/\/kemperkontakt.de\/wp-content\/uploads\/2024\/06\/scan_9073_800x800-500x500.png 500w, https:\/\/kemperkontakt.de\/wp-content\/uploads\/2024\/06\/scan_9073_800x800-600x600.png 600w, https:\/\/kemperkontakt.de\/wp-content\/uploads\/2024\/06\/scan_9073_800x800-768x768.png 768w, https:\/\/kemperkontakt.de\/wp-content\/uploads\/2024\/06\/scan_9073_800x800.png 800w\" data-sizes=\"auto\" data-orig-sizes=\"(max-width: 300px) 100vw, 300px\" \/><\/p>\n<p>Forts de notre longue exp\u00e9rience, nous sommes un partenaire reconnu et fiable pour les industriels et les entreprises municipales. Assurez-vous que votre entreprise reste toujours op\u00e9rationnelle gr\u00e2ce \u00e0 nos d\u00e9lais de livraison rapides et la qualit\u00e9 \u00e9lev\u00e9e de nos produits sp\u00e9cialis\u00e9s.<\/p>\n<p>Notre gamme compl\u00e8te de produits haut de gamme, r\u00e9put\u00e9e dans l\u2019industrie fait de nous le leader en mati\u00e8re de qualit\u00e9 dans notre secteur.<\/p>\n<p>KEMPER-KONTAKT est votre partenaire fiable pour des solutions de pon\u00e7age de haute qualit\u00e9 et des produits sp\u00e9cialis\u00e9s individuels dans le domaine industriel et communal.<\/p>\n<\/div><\/div><\/div><\/div><\/div>\n","protected":false},"excerpt":{"rendered":"","protected":false},"author":1,"featured_media":0,"parent":0,"menu_order":0,"comment_status":"closed","ping_status":"closed","template":"100-width.php","meta":{"footnotes":""},"class_list":["post-3377","page","type-page","status-publish","hentry"],"yoast_head":"<!-- This site is optimized with the Yoast SEO plugin v27.5 - https:\/\/yoast.com\/product\/yoast-seo-wordpress\/ -->\n<title>\u00c0 propos de nous - Kemper-Kontakt<\/title>\n<meta name=\"robots\" content=\"index, follow, max-snippet:-1, max-image-preview:large, max-video-preview:-1\" \/>\n<link rel=\"canonical\" href=\"https:\/\/kemperkontakt.de\/fr\/a-propos-de-nous\/\" \/>\n<meta property=\"og:locale\" content=\"fr_FR\" \/>\n<meta property=\"og:type\" content=\"article\" \/>\n<meta property=\"og:title\" content=\"\u00c0 propos de nous - Kemper-Kontakt\" \/>\n<meta property=\"og:url\" content=\"https:\/\/kemperkontakt.de\/fr\/a-propos-de-nous\/\" \/>\n<meta property=\"og:site_name\" content=\"Kemper-Kontakt\" \/>\n<meta property=\"article:modified_time\" content=\"2025-02-17T10:49:26+00:00\" \/>\n<meta property=\"og:image\" content=\"https:\/\/kemperkontakt.de\/wp-content\/uploads\/2024\/06\/scan_9066_800x500.png\" \/>\n\t<meta property=\"og:image:width\" content=\"800\" \/>\n\t<meta property=\"og:image:height\" content=\"500\" \/>\n\t<meta property=\"og:image:type\" content=\"image\/png\" \/>\n<meta name=\"twitter:card\" content=\"summary_large_image\" \/>\n<meta name=\"twitter:label1\" content=\"Dur\u00e9e de lecture estim\u00e9e\" \/>\n\t<meta name=\"twitter:data1\" content=\"3 minutes\" \/>\n<script type=\"application\/ld+json\" class=\"yoast-schema-graph\">{\"@context\":\"https:\\\/\\\/schema.org\",\"@graph\":[{\"@type\":\"WebPage\",\"@id\":\"https:\\\/\\\/kemperkontakt.de\\\/fr\\\/a-propos-de-nous\\\/\",\"url\":\"https:\\\/\\\/kemperkontakt.de\\\/fr\\\/a-propos-de-nous\\\/\",\"name\":\"\u00c0 propos de nous - Kemper-Kontakt\",\"isPartOf\":{\"@id\":\"https:\\\/\\\/kemperkontakt.de\\\/fr\\\/#website\"},\"primaryImageOfPage\":{\"@id\":\"https:\\\/\\\/kemperkontakt.de\\\/fr\\\/a-propos-de-nous\\\/#primaryimage\"},\"image\":{\"@id\":\"https:\\\/\\\/kemperkontakt.de\\\/fr\\\/a-propos-de-nous\\\/#primaryimage\"},\"thumbnailUrl\":\"http:\\\/\\\/kemperkontakt.com\\\/wp-content\\\/uploads\\\/2024\\\/06\\\/scan_9066_800x500.png\",\"datePublished\":\"2024-04-25T15:21:04+00:00\",\"dateModified\":\"2025-02-17T10:49:26+00:00\",\"breadcrumb\":{\"@id\":\"https:\\\/\\\/kemperkontakt.de\\\/fr\\\/a-propos-de-nous\\\/#breadcrumb\"},\"inLanguage\":\"fr-FR\",\"potentialAction\":[{\"@type\":\"ReadAction\",\"target\":[\"https:\\\/\\\/kemperkontakt.de\\\/fr\\\/a-propos-de-nous\\\/\"]}]},{\"@type\":\"ImageObject\",\"inLanguage\":\"fr-FR\",\"@id\":\"https:\\\/\\\/kemperkontakt.de\\\/fr\\\/a-propos-de-nous\\\/#primaryimage\",\"url\":\"http:\\\/\\\/kemperkontakt.com\\\/wp-content\\\/uploads\\\/2024\\\/06\\\/scan_9066_800x500.png\",\"contentUrl\":\"http:\\\/\\\/kemperkontakt.com\\\/wp-content\\\/uploads\\\/2024\\\/06\\\/scan_9066_800x500.png\"},{\"@type\":\"BreadcrumbList\",\"@id\":\"https:\\\/\\\/kemperkontakt.de\\\/fr\\\/a-propos-de-nous\\\/#breadcrumb\",\"itemListElement\":[{\"@type\":\"ListItem\",\"position\":1,\"name\":\"Startseite\",\"item\":\"https:\\\/\\\/kemperkontakt.de\\\/fr\\\/\"},{\"@type\":\"ListItem\",\"position\":2,\"name\":\"\u00c0 propos de nous\"}]},{\"@type\":\"WebSite\",\"@id\":\"https:\\\/\\\/kemperkontakt.de\\\/fr\\\/#website\",\"url\":\"https:\\\/\\\/kemperkontakt.de\\\/fr\\\/\",\"name\":\"Kemper-Kontakt\",\"description\":\"\",\"potentialAction\":[{\"@type\":\"SearchAction\",\"target\":{\"@type\":\"EntryPoint\",\"urlTemplate\":\"https:\\\/\\\/kemperkontakt.de\\\/fr\\\/?s={search_term_string}\"},\"query-input\":{\"@type\":\"PropertyValueSpecification\",\"valueRequired\":true,\"valueName\":\"search_term_string\"}}],\"inLanguage\":\"fr-FR\"}]}<\/script>\n<!-- \/ Yoast SEO plugin. -->","yoast_head_json":{"title":"\u00c0 propos de nous - Kemper-Kontakt","robots":{"index":"index","follow":"follow","max-snippet":"max-snippet:-1","max-image-preview":"max-image-preview:large","max-video-preview":"max-video-preview:-1"},"canonical":"https:\/\/kemperkontakt.de\/fr\/a-propos-de-nous\/","og_locale":"fr_FR","og_type":"article","og_title":"\u00c0 propos de nous - Kemper-Kontakt","og_url":"https:\/\/kemperkontakt.de\/fr\/a-propos-de-nous\/","og_site_name":"Kemper-Kontakt","article_modified_time":"2025-02-17T10:49:26+00:00","og_image":[{"width":800,"height":500,"url":"https:\/\/kemperkontakt.de\/wp-content\/uploads\/2024\/06\/scan_9066_800x500.png","type":"image\/png"}],"twitter_card":"summary_large_image","twitter_misc":{"Dur\u00e9e de lecture estim\u00e9e":"3 minutes"},"schema":{"@context":"https:\/\/schema.org","@graph":[{"@type":"WebPage","@id":"https:\/\/kemperkontakt.de\/fr\/a-propos-de-nous\/","url":"https:\/\/kemperkontakt.de\/fr\/a-propos-de-nous\/","name":"\u00c0 propos de nous - Kemper-Kontakt","isPartOf":{"@id":"https:\/\/kemperkontakt.de\/fr\/#website"},"primaryImageOfPage":{"@id":"https:\/\/kemperkontakt.de\/fr\/a-propos-de-nous\/#primaryimage"},"image":{"@id":"https:\/\/kemperkontakt.de\/fr\/a-propos-de-nous\/#primaryimage"},"thumbnailUrl":"http:\/\/kemperkontakt.com\/wp-content\/uploads\/2024\/06\/scan_9066_800x500.png","datePublished":"2024-04-25T15:21:04+00:00","dateModified":"2025-02-17T10:49:26+00:00","breadcrumb":{"@id":"https:\/\/kemperkontakt.de\/fr\/a-propos-de-nous\/#breadcrumb"},"inLanguage":"fr-FR","potentialAction":[{"@type":"ReadAction","target":["https:\/\/kemperkontakt.de\/fr\/a-propos-de-nous\/"]}]},{"@type":"ImageObject","inLanguage":"fr-FR","@id":"https:\/\/kemperkontakt.de\/fr\/a-propos-de-nous\/#primaryimage","url":"http:\/\/kemperkontakt.com\/wp-content\/uploads\/2024\/06\/scan_9066_800x500.png","contentUrl":"http:\/\/kemperkontakt.com\/wp-content\/uploads\/2024\/06\/scan_9066_800x500.png"},{"@type":"BreadcrumbList","@id":"https:\/\/kemperkontakt.de\/fr\/a-propos-de-nous\/#breadcrumb","itemListElement":[{"@type":"ListItem","position":1,"name":"Startseite","item":"https:\/\/kemperkontakt.de\/fr\/"},{"@type":"ListItem","position":2,"name":"\u00c0 propos de nous"}]},{"@type":"WebSite","@id":"https:\/\/kemperkontakt.de\/fr\/#website","url":"https:\/\/kemperkontakt.de\/fr\/","name":"Kemper-Kontakt","description":"","potentialAction":[{"@type":"SearchAction","target":{"@type":"EntryPoint","urlTemplate":"https:\/\/kemperkontakt.de\/fr\/?s={search_term_string}"},"query-input":{"@type":"PropertyValueSpecification","valueRequired":true,"valueName":"search_term_string"}}],"inLanguage":"fr-FR"}]}},"_links":{"self":[{"href":"https:\/\/kemperkontakt.de\/fr\/wp-json\/wp\/v2\/pages\/3377","targetHints":{"allow":["GET"]}}],"collection":[{"href":"https:\/\/kemperkontakt.de\/fr\/wp-json\/wp\/v2\/pages"}],"about":[{"href":"https:\/\/kemperkontakt.de\/fr\/wp-json\/wp\/v2\/types\/page"}],"author":[{"embeddable":true,"href":"https:\/\/kemperkontakt.de\/fr\/wp-json\/wp\/v2\/users\/1"}],"replies":[{"embeddable":true,"href":"https:\/\/kemperkontakt.de\/fr\/wp-json\/wp\/v2\/comments?post=3377"}],"version-history":[{"count":3,"href":"https:\/\/kemperkontakt.de\/fr\/wp-json\/wp\/v2\/pages\/3377\/revisions"}],"predecessor-version":[{"id":6271,"href":"https:\/\/kemperkontakt.de\/fr\/wp-json\/wp\/v2\/pages\/3377\/revisions\/6271"}],"wp:attachment":[{"href":"https:\/\/kemperkontakt.de\/fr\/wp-json\/wp\/v2\/media?parent=3377"}],"curies":[{"name":"wp","href":"https:\/\/api.w.org\/{rel}","templated":true}]}}